{"id":2021,"date":"2024-12-27T01:29:14","date_gmt":"2024-12-27T01:29:14","guid":{"rendered":"https:\/\/fmp-components.com\/?page_id=8"},"modified":"2024-12-27T01:42:20","modified_gmt":"2024-12-27T01:42:20","slug":"agricultural-lawn-mower-gearbox-fmp-rc51","status":"publish","type":"product","link":"https:\/\/fmp-components.com\/es\/product\/agricultural-lawn-mower-gearbox-fmp-rc51\/","title":{"rendered":"Caja de engranajes para cortac\u00e9sped agr\u00edcola FMP-RC51"},"content":{"rendered":"<h2>Especificaci\u00f3n<\/h2>\n<table style=\"width: 96.2203%; height: 596px;\" border=\"1\" width=\"100%\" cellspacing=\"0\" cellpadding=\"0\">\n<tbody>\n<tr>\n<td width=\"110\"><img loading=\"lazy\" decoding=\"async\" class=\"alignnone size-full wp-image-2025\" src=\"https:\/\/fmp-components.com\/wp-content\/uploads\/2024\/12\/fmp_agricultural-gearbox-HC-RC51-2.webp\" alt=\"fmp_caja de cambios agr\u00edcola-HC-RC51-2\" width=\"404\" height=\"547\" title=\"\" srcset=\"https:\/\/fmp-components.com\/wp-content\/uploads\/2024\/12\/fmp_agricultural-gearbox-HC-RC51-2.webp 404w, https:\/\/fmp-components.com\/wp-content\/uploads\/2024\/12\/fmp_agricultural-gearbox-HC-RC51-2-222x300.webp 222w, https:\/\/fmp-components.com\/wp-content\/uploads\/2024\/12\/fmp_agricultural-gearbox-HC-RC51-2-9x12.webp 9w\" sizes=\"(max-width: 404px) 100vw, 404px\" \/><\/td>\n<td width=\"98\"><img loading=\"lazy\" decoding=\"async\" class=\"alignnone size-full wp-image-2026\" src=\"https:\/\/fmp-components.com\/wp-content\/uploads\/2024\/12\/fmp_agricultural-gearbox-HC-RC51.webp\" alt=\"fmp_caja de cambios agr\u00edcola-HC-RC51-2\" width=\"400\" height=\"400\" title=\"\" srcset=\"https:\/\/fmp-components.com\/wp-content\/uploads\/2024\/12\/fmp_agricultural-gearbox-HC-RC51.webp 400w, https:\/\/fmp-components.com\/wp-content\/uploads\/2024\/12\/fmp_agricultural-gearbox-HC-RC51-300x300.webp 300w, https:\/\/fmp-components.com\/wp-content\/uploads\/2024\/12\/fmp_agricultural-gearbox-HC-RC51-150x150.webp 150w, https:\/\/fmp-components.com\/wp-content\/uploads\/2024\/12\/fmp_agricultural-gearbox-HC-RC51-12x12.webp 12w, https:\/\/fmp-components.com\/wp-content\/uploads\/2024\/12\/fmp_agricultural-gearbox-HC-RC51-100x100.webp 100w\" sizes=\"(max-width: 400px) 100vw, 400px\" \/><\/td>\n<\/tr>\n<\/tbody>\n<\/table>\n<p>&nbsp;<\/p>\n<table style=\"width: 100.19%; height: 241px;\" border=\"1\">\n<tbody>\n<tr>\n<td style=\"width: 36.3538%;\"><strong>ART\u00cdCULO<\/strong><\/td>\n<td style=\"width: 62.9989%;\">FMP-rc51<\/td>\n<\/tr>\n<tr>\n<td style=\"width: 36.3538%;\"><strong>Relaci\u00f3n<\/strong><\/td>\n<td style=\"width: 62.9989%;\">1:1.47\/1:1.93<\/td>\n<\/tr>\n<tr>\n<td style=\"width: 36.3538%;\"><strong>Dientes<\/strong><\/td>\n<td style=\"width: 62.9989%;\">22\/15 29\/15<\/td>\n<\/tr>\n<tr>\n<td style=\"width: 36.3538%;\"><strong>M\u00f3dulo<\/strong><\/td>\n<td style=\"width: 62.9989%;\">\u00a05.08 \/4.0<\/td>\n<\/tr>\n<tr>\n<td style=\"width: 36.3538%;\"><strong>Potencia (HP)<\/strong><\/td>\n<td style=\"width: 62.9989%;\">30<\/td>\n<\/tr>\n<tr>\n<td style=\"width: 36.3538%;\"><strong>Entrada nominal<\/strong><\/td>\n<td style=\"width: 62.9989%;\">540 rpm<\/td>\n<\/tr>\n<tr>\n<td style=\"width: 36.3538%;\"><strong>Descripci\u00f3n de entrada\/salida<\/strong><\/td>\n<td style=\"width: 62.9989%;\">\u00a0Estr\u00eda\/Estr\u00eda c\u00f3nica<\/td>\n<\/tr>\n<tr>\n<td style=\"width: 36.3538%;\"><strong>Peso (NW)<\/strong><\/td>\n<td style=\"width: 62.9989%;\">29 kg<\/td>\n<\/tr>\n<\/tbody>\n<\/table>\n<h2>Caracter\u00edsticas de la caja de cambios para cortac\u00e9sped agr\u00edcola FMP-RC51<\/h2>\n<p>La caja de engranajes para cortac\u00e9sped agr\u00edcola FMP-RC51 est\u00e1 dise\u00f1ada para ofrecer alto rendimiento, fiabilidad y durabilidad, lo que la convierte en la soluci\u00f3n ideal para aplicaciones de corte de c\u00e9sped. Las caracter\u00edsticas principales de la FMP-RC51 incluyen:<\/p>\n<ol>\n<li><strong>Dise\u00f1o robusto<\/strong><br \/>\nConstruida con materiales de alta calidad, la caja de cambios FMP-RC51 ofrece una resistencia y resiliencia excepcionales, lo que garantiza que pueda soportar las rigurosas demandas de los entornos agr\u00edcolas.<\/li>\n<li><strong>Ingenier\u00eda de precisi\u00f3n<\/strong><br \/>\nEl FMP-RC51 cuenta con un mecanizado de precisi\u00f3n que garantiza un funcionamiento suave y una transmisi\u00f3n de potencia \u00f3ptima. Este dise\u00f1o minimiza el desgaste, mejorando la longevidad y la eficiencia de la caja de cambios.<\/li>\n<li><strong>Alta capacidad de par<\/strong><br \/>\nDise\u00f1ado para soportar cargas de alto torque, el FMP-RC51 ofrece un rendimiento superior en condiciones de corte exigentes, lo que garantiza un funcionamiento confiable incluso en terrenos dif\u00edciles.<\/li>\n<li><strong>Transmisi\u00f3n de potencia eficiente<\/strong><br \/>\nGracias a su dise\u00f1o de engranajes de alta eficiencia, el FMP-RC51 garantiza una m\u00ednima p\u00e9rdida de energ\u00eda y la m\u00e1xima potencia. Esto permite un funcionamiento suave, reduce la carga del motor y aumenta la eficiencia del combustible.<\/li>\n<li><strong>Compacto y ligero<\/strong><br \/>\nLa caja de cambios est\u00e1 dise\u00f1ada con una estructura compacta y liviana, lo que hace que sea f\u00e1cil de instalar e integrar en varios sistemas de cortadora de c\u00e9sped sin agregar peso innecesario.<\/li>\n<li><strong>Bajo mantenimiento<\/strong><br \/>\nLa caja de engranajes FMP-RC51 est\u00e1 dise\u00f1ada para requerir poco mantenimiento, cuenta con componentes autolubricantes que reducen la necesidad de servicio frecuente, mejorando la productividad y minimizando el tiempo de inactividad.<\/li>\n<li><strong>Compatibilidad vers\u00e1til<\/strong><br \/>\nEl FMP-RC51 es compatible con una amplia gama de cortac\u00e9spedes, lo que lo convierte en una opci\u00f3n vers\u00e1til para diferentes aplicaciones en el sector agr\u00edcola. Se adapta f\u00e1cilmente a las necesidades espec\u00edficas de la maquinaria.<\/li>\n<\/ol>\n<p>Estas caracter\u00edsticas hacen que la caja de engranajes para cortadora de c\u00e9sped agr\u00edcola FMP-RC51 sea una opci\u00f3n confiable, eficiente y duradera para maquinaria agr\u00edcola, brindando un rendimiento y una longevidad excepcionales para las tareas de corte de c\u00e9sped.<\/p>\n<div class=\"flex-shrink-0 flex flex-col relative items-end\">\n<div>\n<div class=\"pt-0\">\n<div class=\"gizmo-bot-avatar flex h-8 w-8 items-center justify-center overflow-hidden rounded-full\">\n<div class=\"relative p-1 rounded-sm flex items-center justify-center bg-token-main-surface-primary text-token-text-primary h-8 w-8\"><img loading=\"lazy\" decoding=\"async\" class=\"alignnone size-full wp-image-1994\" src=\"https:\/\/fmp-components.com\/wp-content\/uploads\/2024\/12\/Lawn-Mower-Gearbox-7.webp\" alt=\"Caja de cambios de la cortadora de c\u00e9sped\" width=\"1502\" height=\"805\" title=\"\" srcset=\"https:\/\/fmp-components.com\/wp-content\/uploads\/2024\/12\/Lawn-Mower-Gearbox-7.webp 1502w, https:\/\/fmp-components.com\/wp-content\/uploads\/2024\/12\/Lawn-Mower-Gearbox-7-1280x686.webp 1280w, https:\/\/fmp-components.com\/wp-content\/uploads\/2024\/12\/Lawn-Mower-Gearbox-7-980x525.webp 980w, https:\/\/fmp-components.com\/wp-content\/uploads\/2024\/12\/Lawn-Mower-Gearbox-7-480x257.webp 480w\" sizes=\"(min-width: 0px) and (max-width: 480px) 480px, (min-width: 481px) and (max-width: 980px) 980px, (min-width: 981px) and (max-width: 1280px) 1280px, (min-width: 1281px) 1502px, 100vw\" \/><\/div>\n<\/div>\n<\/div>\n<\/div>\n<\/div>\n<div class=\"group\/conversation-turn relative flex w-full min-w-0 flex-col agent-turn\">\n<div class=\"flex-col gap-1 md:gap-3\">\n<div class=\"flex max-w-full flex-col flex-grow\">\n<div class=\"min-h-8 text-message flex w-full flex-col items-end gap-2 whitespace-normal break-words text-start [.text-message+&amp;]:mt-5\" dir=\"auto\" data-message-author-role=\"assistant\" data-message-id=\"f83c79da-cb0c-4da0-823f-20067c852903\" data-message-model-slug=\"gpt-4o\">\n<div class=\"flex w-full flex-col gap-1 empty:hidden first:pt-[3px]\">\n<div class=\"markdown prose w-full break-words dark:prose-invert light\">\n<h3>Acerca de FMP<\/h3>\n<p>FMP, con sede en Italia, es un destacado fabricante reconocido por sus cajas de engranajes de alto rendimiento dise\u00f1adas para maquinaria agr\u00edcola. Con una s\u00f3lida reputaci\u00f3n en ingenier\u00eda de precisi\u00f3n, innovaci\u00f3n y fiabilidad, ofrecemos una gama completa de cajas de engranajes, incluyendo cajas de engranajes especializadas para cortac\u00e9spedes y componentes esenciales como cardanes. Nuestro objetivo es ofrecer soluciones personalizadas que se adapten perfectamente a las necesidades espec\u00edficas de los sectores agr\u00edcola e industrial, ya sea como productos independientes o como sistemas integrados.<\/p>\n<p>Entendemos que las necesidades de cada cliente son diferentes, por lo que nos especializamos en adaptar nuestros productos a sus necesidades espec\u00edficas. Ya sea que busque una caja de cambios a medida o un sistema completo, colaboramos estrechamente con usted para desarrollar soluciones eficientes y eficaces. Nuestras respuestas r\u00e1pidas y profesionales, as\u00ed como nuestra asesor\u00eda experta, garantizan que cada consulta se gestione con el m\u00e1ximo cuidado y precisi\u00f3n.<\/p>\n<p>En FMP, priorizamos la transparencia en la comunicaci\u00f3n y la colaboraci\u00f3n, especialmente en el dise\u00f1o y desarrollo de nuevos productos. Trabajamos en estrecha colaboraci\u00f3n con nuestros clientes para comprender a fondo sus desaf\u00edos y ofrecerles perspectivas que conduzcan a soluciones \u00f3ptimas e innovadoras. Nuestro compromiso de entregar productos de alta calidad, con ingenier\u00eda de precisi\u00f3n, a tiempo y de acuerdo con las expectativas del cliente, es fundamental en todo lo que hacemos.<\/p>\n<p>La calidad es la piedra angular de las operaciones de FMP. Nuestros procesos de fabricaci\u00f3n se rigen por los m\u00e1s altos est\u00e1ndares, garantizando una ejecuci\u00f3n impecable y cero defectos. Un riguroso control de calidad garantiza que cada producto cumpla o supere los est\u00e1ndares de la industria. Esta inquebrantable dedicaci\u00f3n a la calidad, junto con nuestros valores fundamentales de integridad, trabajo en equipo y perseverancia, nos ha ayudado a cultivar relaciones duraderas con clientes en m\u00e1s de 30 pa\u00edses.<\/p>\n<p>FMP siempre est\u00e1 abierto a establecer alianzas globales, ofreciendo asesoramiento experto y soluciones personalizadas. Nuestro enfoque no se limita a suministrar productos, sino a forjar alianzas a largo plazo que conduzcan al \u00e9xito compartido. Ya sea que busque soluciones innovadoras o soporte continuo para sus sistemas existentes, en FMP nos comprometemos a resolver sus desaf\u00edos t\u00e9cnicos y a garantizar su \u00e9xito continuo.<\/p>\n<\/div>\n<\/div>\n<\/div>\n<\/div>\n<\/div>\n<\/div>\n<p><img loading=\"lazy\" decoding=\"async\" class=\"alignnone size-full wp-image-1861\" src=\"https:\/\/fmp-components.com\/wp-content\/uploads\/2024\/12\/Other-Agricultural-Gearboxes.webp\" sizes=\"(min-width: 0px) and (max-width: 480px) 480px, (min-width: 481px) and (max-width: 980px) 980px, (min-width: 981px) 1200px, 100vw\" srcset=\"https:\/\/fmp-components.com\/wp-content\/uploads\/2024\/12\/Other-Agricultural-Gearboxes.webp 1200w, https:\/\/fmp-components.com\/wp-content\/uploads\/2024\/12\/Other-Agricultural-Gearboxes-980x1143.webp 980w, https:\/\/fmp-components.com\/wp-content\/uploads\/2024\/12\/Other-Agricultural-Gearboxes-480x560.webp 480w\" alt=\"Otros cambios agr\u00edcolas\" width=\"1200\" height=\"1400\" title=\"\"><\/p>\n<p>Autor: CX<\/p>","protected":false},"excerpt":{"rendered":"<p>Specification &nbsp; ITEM FMP-rc51 Ratio 1:1.47\/1:1.93 Teeth 22\/15 29\/15 Module \u00a05.08 \/4.0 Power(HP) 30 Rated Input 540rpm Input\/Output Description \u00a0Spline \/Taper spline Weight(N.W) 29KG Features of Agricultural Lawn Mower Gearbox FMP-RC51 The FMP-RC51 Agricultural Lawn Mower Gearbox is designed for high performance, reliability, and durability, making it the ideal solution for lawn mowing applications. Key [&hellip;]<\/p>","protected":false},"featured_media":2026,"comment_status":"open","ping_status":"closed","template":"","meta":{"_et_pb_use_builder":"","_et_pb_old_content":"","_et_gb_content_width":""},"product_brand":[],"product_cat":[52],"product_tag":[],"class_list":{"0":"post-2021","1":"product","2":"type-product","3":"status-publish","4":"has-post-thumbnail","6":"product_cat-lawn-mower-gearbox","8":"first","9":"instock","10":"shipping-taxable","11":"product-type-simple"},"_links":{"self":[{"href":"https:\/\/fmp-components.com\/es\/wp-json\/wp\/v2\/product\/2021","targetHints":{"allow":["GET"]}}],"collection":[{"href":"https:\/\/fmp-components.com\/es\/wp-json\/wp\/v2\/product"}],"about":[{"href":"https:\/\/fmp-components.com\/es\/wp-json\/wp\/v2\/types\/product"}],"replies":[{"embeddable":true,"href":"https:\/\/fmp-components.com\/es\/wp-json\/wp\/v2\/comments?post=2021"}],"wp:featuredmedia":[{"embeddable":true,"href":"https:\/\/fmp-components.com\/es\/wp-json\/wp\/v2\/media\/2026"}],"wp:attachment":[{"href":"https:\/\/fmp-components.com\/es\/wp-json\/wp\/v2\/media?parent=2021"}],"wp:term":[{"taxonomy":"product_brand","embeddable":true,"href":"https:\/\/fmp-components.com\/es\/wp-json\/wp\/v2\/product_brand?post=2021"},{"taxonomy":"product_cat","embeddable":true,"href":"https:\/\/fmp-components.com\/es\/wp-json\/wp\/v2\/product_cat?post=2021"},{"taxonomy":"product_tag","embeddable":true,"href":"https:\/\/fmp-components.com\/es\/wp-json\/wp\/v2\/product_tag?post=2021"}],"curies":[{"name":"gracias","href":"https:\/\/api.w.org\/{rel}","templated":true}]}}