{"id":2020,"date":"2024-12-27T01:24:26","date_gmt":"2024-12-27T01:24:26","guid":{"rendered":"https:\/\/fmp-components.com\/?page_id=8"},"modified":"2024-12-27T01:37:57","modified_gmt":"2024-12-27T01:37:57","slug":"agricultural-lawn-mower-gearbox-fmp-rc31-193-fmp-rc31-147","status":"publish","type":"product","link":"https:\/\/fmp-components.com\/es\/product\/agricultural-lawn-mower-gearbox-fmp-rc31-193-fmp-rc31-147\/","title":{"rendered":"Caja de engranajes para cortac\u00e9sped agr\u00edcola FMP-RC31-193 FMP-RC31-147"},"content":{"rendered":"<h2>Especificaci\u00f3n<\/h2>\n<table style=\"width: 96.2203%; height: 596px;\" border=\"1\" width=\"100%\" cellspacing=\"0\" cellpadding=\"0\">\n<tbody>\n<tr>\n<td width=\"110\">\u00a0<img loading=\"lazy\" decoding=\"async\" class=\"alignnone size-full wp-image-2024\" src=\"https:\/\/fmp-components.com\/wp-content\/uploads\/2024\/12\/fmp_agricultural-gearbox-HC-RC31-2.webp\" alt=\"fmp_caja de cambios agr\u00edcola-HC-RC31\" width=\"460\" height=\"559\" title=\"\" srcset=\"https:\/\/fmp-components.com\/wp-content\/uploads\/2024\/12\/fmp_agricultural-gearbox-HC-RC31-2.webp 460w, https:\/\/fmp-components.com\/wp-content\/uploads\/2024\/12\/fmp_agricultural-gearbox-HC-RC31-2-247x300.webp 247w, https:\/\/fmp-components.com\/wp-content\/uploads\/2024\/12\/fmp_agricultural-gearbox-HC-RC31-2-10x12.webp 10w\" sizes=\"(max-width: 460px) 100vw, 460px\" \/><\/td>\n<td width=\"98\"><img loading=\"lazy\" decoding=\"async\" class=\"alignnone size-full wp-image-2023\" src=\"https:\/\/fmp-components.com\/wp-content\/uploads\/2024\/12\/fmp_agricultural-gearbox-HC-RC31.webp\" alt=\"fmp_caja de cambios agr\u00edcola-HC-RC31\" width=\"400\" height=\"400\" title=\"\" srcset=\"https:\/\/fmp-components.com\/wp-content\/uploads\/2024\/12\/fmp_agricultural-gearbox-HC-RC31.webp 400w, https:\/\/fmp-components.com\/wp-content\/uploads\/2024\/12\/fmp_agricultural-gearbox-HC-RC31-300x300.webp 300w, https:\/\/fmp-components.com\/wp-content\/uploads\/2024\/12\/fmp_agricultural-gearbox-HC-RC31-150x150.webp 150w, https:\/\/fmp-components.com\/wp-content\/uploads\/2024\/12\/fmp_agricultural-gearbox-HC-RC31-12x12.webp 12w, https:\/\/fmp-components.com\/wp-content\/uploads\/2024\/12\/fmp_agricultural-gearbox-HC-RC31-100x100.webp 100w\" sizes=\"(max-width: 400px) 100vw, 400px\" \/><\/td>\n<\/tr>\n<\/tbody>\n<\/table>\n<p>&nbsp;<\/p>\n<table style=\"width: 99.0815%; height: 208px;\" border=\"1\" cellspacing=\"0\" cellpadding=\"0\">\n<tbody>\n<tr>\n<td><strong>ART\u00cdCULO<\/strong><\/td>\n<td>Caja de cambios para cortac\u00e9sped FMP-RC30-193<\/td>\n<\/tr>\n<tr>\n<td><strong>Relaci\u00f3n<\/strong><\/td>\n<td>1:1.93<\/td>\n<\/tr>\n<tr>\n<td><strong>Dientes<\/strong><\/td>\n<td>15\/29<\/td>\n<\/tr>\n<tr>\n<td><strong>M\u00f3dulo<\/strong><\/td>\n<td>4.0<\/td>\n<\/tr>\n<tr>\n<td><strong>Potencia (HP)<\/strong><\/td>\n<td>30<\/td>\n<\/tr>\n<tr>\n<td><strong>Entrada nominal<\/strong><\/td>\n<td>540 rpm<\/td>\n<\/tr>\n<tr>\n<td><strong>Descripci\u00f3n de entrada\/salida<\/strong><\/td>\n<td>1-3\/8 Z6\u03c631.75 Eje \u00f3ptico<\/td>\n<\/tr>\n<tr>\n<td><strong>Peso (NW)<\/strong><\/td>\n<td>24,5 kg<\/td>\n<\/tr>\n<\/tbody>\n<\/table>\n<h2>Caja de engranajes para cortac\u00e9sped agr\u00edcola FMP-RC31-193 y FMP-RC31-147<\/h2>\n<p>FMP ofrece una gama de cajas de engranajes de alto rendimiento para cortac\u00e9spedes agr\u00edcolas, dise\u00f1adas para satisfacer las necesidades de diversas aplicaciones de mantenimiento de c\u00e9sped. Entre nuestros modelos m\u00e1s destacados se encuentran los FMP-RC31-193 y FMP-RC31-147, que ofrecen una fiabilidad, durabilidad y eficiencia excepcionales. Ambos modelos est\u00e1n dise\u00f1ados para ofrecer un rendimiento \u00f3ptimo en una variedad de maquinaria agr\u00edcola e industrial, garantizando un funcionamiento suave y una alta productividad.<\/p>\n<h3>Caracter\u00edsticas principales de FMP-RC31-193 y FMP-RC31-147:<\/h3>\n<ol>\n<li><strong>Transmisi\u00f3n de par y alta eficiencia<\/strong>:\n<ul>\n<li>Ambas cajas de cambios est\u00e1n dise\u00f1adas para brindar un torque potente y alta eficiencia, garantizando que su cortadora de c\u00e9sped o maquinaria agr\u00edcola funcione al m\u00e1ximo rendimiento.<\/li>\n<\/ul>\n<\/li>\n<li><strong>Durabilidad<\/strong>:\n<ul>\n<li>Construidos con materiales de alta calidad e ingenier\u00eda avanzada, los modelos FMP-RC31-193 y FMP-RC31-147 est\u00e1n dise\u00f1ados para soportar duras condiciones de trabajo y un uso prolongado, proporcionando una larga vida \u00fatil.<\/li>\n<\/ul>\n<\/li>\n<li><strong>Ingenier\u00eda de precisi\u00f3n<\/strong>:\n<ul>\n<li>Estos modelos se fabrican con precisi\u00f3n para garantizar un juego y un ruido m\u00ednimos, proporcionando un funcionamiento suave para su cortadora de c\u00e9sped u otro equipo agr\u00edcola.<\/li>\n<\/ul>\n<\/li>\n<li><strong>Versatilidad<\/strong>:\n<ul>\n<li>Las cajas de engranajes FMP-RC31-193 y FMP-RC31-147 se integran f\u00e1cilmente con una variedad de maquinaria agr\u00edcola, ofreciendo flexibilidad de instalaci\u00f3n y uso. Ambos modelos se adaptan a diferentes requisitos de potencia de entrada y salida.<\/li>\n<\/ul>\n<\/li>\n<li><strong>Bajo mantenimiento<\/strong>:\n<ul>\n<li>Dise\u00f1adas para un desgaste m\u00ednimo, ambas cajas de engranajes requieren un mantenimiento menos frecuente, lo que reduce el tiempo de inactividad y mejora la eficiencia operativa.<\/li>\n<\/ul>\n<\/li>\n<li><strong>Operaci\u00f3n silenciosa<\/strong>:\n<ul>\n<li>Gracias a la fabricaci\u00f3n avanzada y a los materiales de alta calidad, las cajas de engranajes FMP-RC31-193 y FMP-RC31-147 est\u00e1n dise\u00f1adas para un funcionamiento silencioso y suave, reduciendo el ruido durante el uso.<\/li>\n<\/ul>\n<\/li>\n<\/ol>\n<p><img loading=\"lazy\" decoding=\"async\" class=\"alignnone size-full wp-image-2009\" src=\"https:\/\/fmp-components.com\/wp-content\/uploads\/2024\/12\/Lawn-Mower-Gearbox-Suppliers-6.webp\" alt=\"Caja de cambios de la cortadora de c\u00e9sped\" width=\"1000\" height=\"445\" title=\"\" srcset=\"https:\/\/fmp-components.com\/wp-content\/uploads\/2024\/12\/Lawn-Mower-Gearbox-Suppliers-6.webp 1000w, https:\/\/fmp-components.com\/wp-content\/uploads\/2024\/12\/Lawn-Mower-Gearbox-Suppliers-6-980x436.webp 980w, https:\/\/fmp-components.com\/wp-content\/uploads\/2024\/12\/Lawn-Mower-Gearbox-Suppliers-6-480x214.webp 480w\" sizes=\"(min-width: 0px) and (max-width: 480px) 480px, (min-width: 481px) and (max-width: 980px) 980px, (min-width: 981px) 1000px, 100vw\" \/><\/p>\n<h3>Aplicaciones:<\/h3>\n<p>Los modelos FMP-RC31-193 y FMP-RC31-147 son ideales para su uso en:<\/p>\n<ul>\n<li><strong>Segadoras rotativas<\/strong><\/li>\n<li><strong>Equipos de mantenimiento de c\u00e9sped<\/strong><\/li>\n<li><strong>Maquinaria agr\u00edcola<\/strong><\/li>\n<li><strong>Cortadoras y cortadoras rotativas<\/strong><\/li>\n<li><strong>Sistemas de corte de campo<\/strong><\/li>\n<\/ul>\n<h3>\u00bfPor qu\u00e9 elegir FMP-RC31-193 y FMP-RC31-147?<\/h3>\n<p>Las cajas de engranajes de FMP est\u00e1n dise\u00f1adas para satisfacer las necesidades espec\u00edficas de la maquinaria agr\u00edcola, combinando resistencia, precisi\u00f3n y fiabilidad. Tanto si necesita un reemplazo como si est\u00e1 dise\u00f1ando un sistema nuevo, estos modelos ofrecen una soluci\u00f3n eficiente y duradera para sus necesidades agr\u00edcolas.<\/p>\n<p>En FMP entendemos que cada aplicaci\u00f3n es \u00fanica. Por lo tanto, ofrecemos opciones de personalizaci\u00f3n para satisfacer requisitos operativos espec\u00edficos. Ya sea que necesite una relaci\u00f3n de entrada\/salida de potencia a medida o configuraciones de montaje espec\u00edficas, podemos ayudarle a dise\u00f1ar la soluci\u00f3n perfecta para sus necesidades.<\/p>\n<p>Para m\u00e1s informaci\u00f3n o solicitar un presupuesto, no dude en contactar con nuestro equipo de FMP. Nos comprometemos a ofrecer cajas de engranajes de la m\u00e1s alta calidad y un servicio excepcional para satisfacer todas sus necesidades de maquinaria agr\u00edcola.<\/p>\n<p><img loading=\"lazy\" decoding=\"async\" class=\"alignnone size-full wp-image-1994\" src=\"https:\/\/fmp-components.com\/wp-content\/uploads\/2024\/12\/Lawn-Mower-Gearbox-7.webp\" alt=\"Caja de cambios de la cortadora de c\u00e9sped\" width=\"1502\" height=\"805\" title=\"\" srcset=\"https:\/\/fmp-components.com\/wp-content\/uploads\/2024\/12\/Lawn-Mower-Gearbox-7.webp 1502w, https:\/\/fmp-components.com\/wp-content\/uploads\/2024\/12\/Lawn-Mower-Gearbox-7-1280x686.webp 1280w, https:\/\/fmp-components.com\/wp-content\/uploads\/2024\/12\/Lawn-Mower-Gearbox-7-980x525.webp 980w, https:\/\/fmp-components.com\/wp-content\/uploads\/2024\/12\/Lawn-Mower-Gearbox-7-480x257.webp 480w\" sizes=\"(min-width: 0px) and (max-width: 480px) 480px, (min-width: 481px) and (max-width: 980px) 980px, (min-width: 981px) and (max-width: 1280px) 1280px, (min-width: 1281px) 1502px, 100vw\" \/><\/p>\n<h3>Acerca de FMP<\/h3>\n<p>Con sede en Italia, FMP es un fabricante l\u00edder reconocido por su experiencia en el dise\u00f1o, desarrollo y producci\u00f3n de cajas de engranajes de alto rendimiento para maquinaria agr\u00edcola. Nos comprometemos con la ingenier\u00eda de precisi\u00f3n, la innovaci\u00f3n y la fiabilidad. Nuestra gama de productos incluye cajas de engranajes para cortac\u00e9spedes y componentes clave como cardanes, con el objetivo de ofrecer soluciones personalizadas para los sectores agr\u00edcola e industrial. Ya se trate de componentes individuales o sistemas totalmente integrados, nos centramos en satisfacer las necesidades espec\u00edficas de nuestros clientes.<\/p>\n<p>En FMP, comprendemos que cada cliente tiene requisitos espec\u00edficos, por lo que nos especializamos en brindar soluciones a medida. Desde cajas de engranajes especializadas hasta sistemas completos, colaboramos estrechamente con nuestros clientes para garantizar las soluciones m\u00e1s efectivas y eficientes. Nuestras respuestas r\u00e1pidas y profesionales, junto con el asesoramiento experto, garantizan que cada consulta se gestione con cuidado y precisi\u00f3n.<\/p>\n<p>Priorizamos la comunicaci\u00f3n abierta y continua con nuestros clientes, especialmente en el desarrollo de nuevos productos. Nuestro equipo trabaja directamente con ellos para comprender plenamente sus desaf\u00edos y ofrecerles perspectivas que conduzcan a soluciones \u00f3ptimas. Ya sea que dise\u00f1emos nuevos productos o atendamos pedidos existentes, nos comprometemos a entregar productos de alta calidad y precisi\u00f3n a tiempo.<\/p>\n<p>La calidad es la base de todo lo que hacemos en FMP. Nuestros procesos de fabricaci\u00f3n se rigen por los m\u00e1s altos est\u00e1ndares de precisi\u00f3n y cero defectos. Implementamos rigurosos procedimientos de control de calidad para garantizar que cada producto cumpla o supere los est\u00e1ndares de la industria. Esta dedicaci\u00f3n a la calidad, junto con nuestros valores fundamentales de integridad, trabajo en equipo y perseverancia, nos ha permitido forjar relaciones s\u00f3lidas y duraderas con clientes en casi 30 pa\u00edses.<\/p>\n<p>FMP siempre est\u00e1 abierto a colaboraciones globales y se compromete a ofrecer asesoramiento experto y soluciones personalizadas. Nuestro enfoque va m\u00e1s all\u00e1 de la simple entrega de productos: nos centramos en cultivar relaciones a largo plazo con nuestros clientes, garantizando su \u00e9xito en cada proyecto. Ya sea que necesite soluciones innovadoras para un nuevo proyecto o soporte para un sistema existente, FMP se dedica a abordar sus desaf\u00edos t\u00e9cnicos y garantizar su \u00e9xito continuo.<\/p>\n<p><img loading=\"lazy\" decoding=\"async\" class=\"alignnone size-full wp-image-1861\" src=\"https:\/\/fmp-components.com\/wp-content\/uploads\/2024\/12\/Other-Agricultural-Gearboxes.webp\" sizes=\"(min-width: 0px) and (max-width: 480px) 480px, (min-width: 481px) and (max-width: 980px) 980px, (min-width: 981px) 1200px, 100vw\" srcset=\"https:\/\/fmp-components.com\/wp-content\/uploads\/2024\/12\/Other-Agricultural-Gearboxes.webp 1200w, https:\/\/fmp-components.com\/wp-content\/uploads\/2024\/12\/Other-Agricultural-Gearboxes-980x1143.webp 980w, https:\/\/fmp-components.com\/wp-content\/uploads\/2024\/12\/Other-Agricultural-Gearboxes-480x560.webp 480w\" alt=\"Otros cambios agr\u00edcolas\" width=\"1200\" height=\"1400\" title=\"\"><\/p>\n<p>Autor: CX<\/p>","protected":false},"excerpt":{"rendered":"<p>Specification \u00a0 &nbsp; ITEM Lawnmower Gearbox FMP-RC30-193 Ratio 1:1.93 Teeth 15\/29 Module 4.0 Power(HP) 30 Rated Input 540rpm Input\/Output Description 1-3\/8 Z6\u03c631.75 Optic axis Weight(N.W) 24.5KG Agricultural Lawn Mower Gearbox FMP-RC31-193 &amp; FMP-RC31-147 FMP offers a range of high-performance agricultural lawn mower gearboxes designed to meet the demands of various lawn maintenance applications. Among our [&hellip;]<\/p>","protected":false},"featured_media":2023,"comment_status":"open","ping_status":"closed","template":"","meta":{"_et_pb_use_builder":"","_et_pb_old_content":"","_et_gb_content_width":""},"product_brand":[],"product_cat":[52],"product_tag":[],"class_list":{"0":"post-2020","1":"product","2":"type-product","3":"status-publish","4":"has-post-thumbnail","6":"product_cat-lawn-mower-gearbox","8":"first","9":"instock","10":"shipping-taxable","11":"product-type-simple"},"_links":{"self":[{"href":"https:\/\/fmp-components.com\/es\/wp-json\/wp\/v2\/product\/2020","targetHints":{"allow":["GET"]}}],"collection":[{"href":"https:\/\/fmp-components.com\/es\/wp-json\/wp\/v2\/product"}],"about":[{"href":"https:\/\/fmp-components.com\/es\/wp-json\/wp\/v2\/types\/product"}],"replies":[{"embeddable":true,"href":"https:\/\/fmp-components.com\/es\/wp-json\/wp\/v2\/comments?post=2020"}],"wp:featuredmedia":[{"embeddable":true,"href":"https:\/\/fmp-components.com\/es\/wp-json\/wp\/v2\/media\/2023"}],"wp:attachment":[{"href":"https:\/\/fmp-components.com\/es\/wp-json\/wp\/v2\/media?parent=2020"}],"wp:term":[{"taxonomy":"product_brand","embeddable":true,"href":"https:\/\/fmp-components.com\/es\/wp-json\/wp\/v2\/product_brand?post=2020"},{"taxonomy":"product_cat","embeddable":true,"href":"https:\/\/fmp-components.com\/es\/wp-json\/wp\/v2\/product_cat?post=2020"},{"taxonomy":"product_tag","embeddable":true,"href":"https:\/\/fmp-components.com\/es\/wp-json\/wp\/v2\/product_tag?post=2020"}],"curies":[{"name":"gracias","href":"https:\/\/api.w.org\/{rel}","templated":true}]}}