{"id":2015,"date":"2024-12-27T01:18:55","date_gmt":"2024-12-27T01:18:55","guid":{"rendered":"https:\/\/fmp-components.com\/?page_id=8"},"modified":"2026-03-18T03:40:47","modified_gmt":"2026-03-18T03:40:47","slug":"agricultural-lawn-mower-gearbox-fmp-rc30-193","status":"publish","type":"product","link":"https:\/\/fmp-components.com\/es\/product\/agricultural-lawn-mower-gearbox-fmp-rc30-193\/","title":{"rendered":"Caja de engranajes para cortac\u00e9sped agr\u00edcola FMP-RC30-193"},"content":{"rendered":"<h2>Especificaciones de la caja de cambios para cortac\u00e9sped agr\u00edcola FMP-RC30-193<\/h2>\n<table style=\"width: 96.2203%; height: 596px;\" border=\"1\" width=\"100%\" cellspacing=\"0\" cellpadding=\"0\">\n<tbody>\n<tr>\n<td width=\"110\">\u00a0<img loading=\"lazy\" decoding=\"async\" class=\"alignnone size-full wp-image-2017\" src=\"https:\/\/fmp-components.com\/wp-content\/uploads\/2024\/12\/fmp_agricultural-gearbox-HC-RC30-193-2.webp\" alt=\"fmp_caja de cambios agr\u00edcola-HC-RC30-193-2\" width=\"400\" height=\"537\" title=\"\" srcset=\"https:\/\/fmp-components.com\/wp-content\/uploads\/2024\/12\/fmp_agricultural-gearbox-HC-RC30-193-2.webp 400w, https:\/\/fmp-components.com\/wp-content\/uploads\/2024\/12\/fmp_agricultural-gearbox-HC-RC30-193-2-223x300.webp 223w, https:\/\/fmp-components.com\/wp-content\/uploads\/2024\/12\/fmp_agricultural-gearbox-HC-RC30-193-2-9x12.webp 9w\" sizes=\"(max-width: 400px) 100vw, 400px\" \/><\/td>\n<td width=\"98\"><img loading=\"lazy\" decoding=\"async\" class=\"alignnone size-full wp-image-2016\" src=\"https:\/\/fmp-components.com\/wp-content\/uploads\/2024\/12\/fmp_agricultural-gearbox-HC-RC30-193.webp\" alt=\"fmp_caja de cambios agr\u00edcola-HC-RC30-193\" width=\"400\" height=\"400\" title=\"\" srcset=\"https:\/\/fmp-components.com\/wp-content\/uploads\/2024\/12\/fmp_agricultural-gearbox-HC-RC30-193.webp 400w, https:\/\/fmp-components.com\/wp-content\/uploads\/2024\/12\/fmp_agricultural-gearbox-HC-RC30-193-300x300.webp 300w, https:\/\/fmp-components.com\/wp-content\/uploads\/2024\/12\/fmp_agricultural-gearbox-HC-RC30-193-150x150.webp 150w, https:\/\/fmp-components.com\/wp-content\/uploads\/2024\/12\/fmp_agricultural-gearbox-HC-RC30-193-12x12.webp 12w, https:\/\/fmp-components.com\/wp-content\/uploads\/2024\/12\/fmp_agricultural-gearbox-HC-RC30-193-100x100.webp 100w\" sizes=\"(max-width: 400px) 100vw, 400px\" \/><\/td>\n<\/tr>\n<\/tbody>\n<\/table>\n<table style=\"width: 98.1069%; height: 204px;\" border=\"1\" cellspacing=\"0\" cellpadding=\"0\">\n<tbody>\n<tr>\n<td><strong>ART\u00cdCULO<\/strong><\/td>\n<td>Caja de cambios para cortac\u00e9sped FMP-RC30-193<\/td>\n<\/tr>\n<tr>\n<td><strong>Relaci\u00f3n<\/strong><\/td>\n<td>1:1.93<\/td>\n<\/tr>\n<tr>\n<td><strong>Dientes<\/strong><\/td>\n<td>15\/29<\/td>\n<\/tr>\n<tr>\n<td><strong>M\u00f3dulo<\/strong><\/td>\n<td>4.0<\/td>\n<\/tr>\n<tr>\n<td><strong>Potencia (HP)<\/strong><\/td>\n<td>30<\/td>\n<\/tr>\n<tr>\n<td><strong>Entrada nominal<\/strong><\/td>\n<td>540 rpm<\/td>\n<\/tr>\n<tr>\n<td><strong>Descripci\u00f3n de entrada\/salida<\/strong><\/td>\n<td>1-3\/8 Z6\u03c631.75 Eje \u00f3ptico<\/td>\n<\/tr>\n<tr>\n<td><strong>Peso (NW)<\/strong><\/td>\n<td>24,5 kg<\/td>\n<\/tr>\n<\/tbody>\n<\/table>\n<h2>Ejes de toma de fuerza y \u200b\u200bcajas de engranajes agr\u00edcolas<\/h2>\n<p>Los ejes de toma de fuerza y \u200b\u200blas cajas de cambios agr\u00edcolas son componentes esenciales que trabajan conjuntamente para transferir la potencia mec\u00e1nica entre los tractores agr\u00edcolas y sus implementos acoplados. Estos sistemas desempe\u00f1an un papel crucial para garantizar el buen funcionamiento de la maquinaria agr\u00edcola, permitiendo que los tractores realicen de forma eficiente tareas como labrar, segar y transportar cargas pesadas.<\/p>\n<p>La toma de fuerza (TDF) es un enlace vital entre el tractor y la maquinaria agr\u00edcola. Convierte la energ\u00eda rotacional del motor en energ\u00eda mec\u00e1nica que impulsa diversas herramientas y maquinaria agr\u00edcola. Al transferir la potencia del motor a otros implementos, como segadoras, empacadoras y arados, la TDF permite que el tractor realice m\u00faltiples tareas con facilidad. Cuando funciona correctamente, la TDF mejora la versatilidad y la eficiencia operativa del tractor. Adem\u00e1s, ayuda a reducir el desgaste del motor y otros sistemas del tractor, garantizando un rendimiento a largo plazo.<\/p>\n<p>Una ventaja clave del eje de la toma de fuerza (TDF) es su capacidad para soportar cargas pesadas sin da\u00f1ar el motor del tractor. Si se utiliza correctamente, minimiza el riesgo de da\u00f1os tanto al tractor como al operador. Sin embargo, como cualquier componente mec\u00e1nico, el eje de la TDF puede desgastarse con el tiempo, especialmente si no se le da el mantenimiento adecuado. La inspecci\u00f3n peri\u00f3dica, la lubricaci\u00f3n y la sustituci\u00f3n oportuna de las piezas desgastadas son esenciales para que el sistema de la TDF funcione de forma eficiente y segura.<\/p>\n<p>La caja de cambios agr\u00edcola funciona en conjunto con la toma de fuerza (TDF), transfiriendo y modulando la potencia mec\u00e1nica para adaptarla a las necesidades espec\u00edficas del equipo. Garantiza la aplicaci\u00f3n de la velocidad y el par adecuados, seg\u00fan la tarea. Existen cajas de cambios agr\u00edcolas en diversas configuraciones, como las de engranajes c\u00f3nicos, de tornillo sin fin y planetarias, cada una dise\u00f1ada para satisfacer necesidades operativas espec\u00edficas. Por ejemplo, las cajas de cambios para cortac\u00e9spedes deben proporcionar un par constante y eficiente a bajas velocidades para garantizar un corte preciso.<\/p>\n<p>Al seleccionar una caja de cambios agr\u00edcola, es importante considerar factores como la durabilidad, el mecanismo y la calidad de los materiales. Una caja de cambios duradera, fabricada con materiales de alta resistencia, tendr\u00e1 una larga vida \u00fatil, lo que reducir\u00e1 la frecuencia de reemplazos y los costos de mantenimiento. Las cajas de cambios de alta calidad est\u00e1n dise\u00f1adas para soportar condiciones de operaci\u00f3n adversas, incluyendo la exposici\u00f3n al polvo, la humedad y cargas pesadas, convirti\u00e9ndolas en una inversi\u00f3n esencial para las operaciones agr\u00edcolas a largo plazo.<\/p>\n<p>La durabilidad de la caja de cambios influye directamente en el rendimiento general y la rentabilidad de la maquinaria agr\u00edcola. Invertir en una caja de cambios de buena calidad garantiza un funcionamiento \u00f3ptimo durante toda su vida \u00fatil, evitando reparaciones o sustituciones costosas. Esto es especialmente importante para los agricultores que dependen de su maquinaria para las labores diarias, ya que las paradas imprevistas pueden ocasionar importantes p\u00e9rdidas de productividad.<\/p>\n<p>En conclusi\u00f3n, tanto los ejes de toma de fuerza como las cajas de cambios agr\u00edcolas son componentes esenciales para el funcionamiento eficiente de la maquinaria agr\u00edcola. Al adquirir estos productos, es fundamental elegir opciones duraderas y de alta calidad que se adapten a sus necesidades espec\u00edficas. Considere factores como la resistencia del material, los requisitos de mantenimiento y el tipo de tareas que realizar\u00e1 su maquinaria. Al seleccionar los componentes adecuados, puede garantizar que su tractor y equipo funcionen de manera fluida, segura y eficiente durante muchos a\u00f1os.<\/p>\n<table style=\"width: 100.747%; height: 471px;\" border=\"1\" cellspacing=\"0\" cellpadding=\"0\">\n<tbody>\n<tr style=\"height: 468px;\">\n<td style=\"width: 49.0831%; height: 468px;\" width=\"110\"><img loading=\"lazy\" decoding=\"async\" class=\"alignnone size-full wp-image-2018\" src=\"https:\/\/fmp-components.com\/wp-content\/uploads\/2024\/12\/PTO-Shafts-and-Agricultural-Gearboxes-1.webp\" alt=\"Tomas de fuerza y \u200b\u200bcajas de cambios agr\u00edcolas\" width=\"600\" height=\"600\" title=\"\" srcset=\"https:\/\/fmp-components.com\/wp-content\/uploads\/2024\/12\/PTO-Shafts-and-Agricultural-Gearboxes-1.webp 600w, https:\/\/fmp-components.com\/wp-content\/uploads\/2024\/12\/PTO-Shafts-and-Agricultural-Gearboxes-1-480x480.webp 480w\" sizes=\"(min-width: 0px) and (max-width: 480px) 480px, (min-width: 481px) 600px, 100vw\" \/><\/td>\n<td style=\"width: 50.7012%; height: 468px;\" width=\"98\"><img loading=\"lazy\" decoding=\"async\" class=\"alignnone wp-image-2019\" src=\"https:\/\/fmp-components.com\/wp-content\/uploads\/2024\/12\/PTO-Shafts-and-Agricultural-Gearboxes.webp\" alt=\"Tomas de fuerza y \u200b\u200bcajas de cambios agr\u00edcolas\" width=\"474\" height=\"474\" title=\"\"><\/td>\n<\/tr>\n<\/tbody>\n<\/table>\n<h3>Acerca de FMP<\/h3>\n<p>Con sede en Italia, FMP es un fabricante l\u00edder reconocido por su experiencia en el dise\u00f1o y la producci\u00f3n de cajas de cambios de alto rendimiento para maquinaria agr\u00edcola. Distinguidos por nuestra ingenier\u00eda de precisi\u00f3n, innovaci\u00f3n y fiabilidad, ofrecemos una amplia gama de productos, incluyendo cajas de cambios para cortac\u00e9spedes y componentes esenciales como ejes de toma de fuerza (TDF). Nuestra misi\u00f3n es proporcionar soluciones personalizadas que satisfagan las necesidades espec\u00edficas de los sectores agr\u00edcola e industrial, ofreciendo tanto productos individuales como sistemas totalmente integrados.<\/p>\n<p>En FMP, entendemos que cada cliente tiene necesidades espec\u00edficas, por lo que nos especializamos en adaptar nuestros productos a cada necesidad. Tanto si necesita una caja de cambios especializada como un sistema completo, trabajamos codo a codo con usted para ofrecerle la soluci\u00f3n m\u00e1s eficaz y eficiente. Nuestro compromiso con la satisfacci\u00f3n del cliente se refleja en nuestras respuestas r\u00e1pidas y profesionales, as\u00ed como en nuestro asesoramiento experto, garantizando que cada consulta se gestione con atenci\u00f3n y precisi\u00f3n.<\/p>\n<p>Damos gran importancia a la comunicaci\u00f3n abierta y la colaboraci\u00f3n continua con nuestros clientes, especialmente durante el desarrollo de nuevos productos. Nuestro equipo trabaja codo a codo con ellos para comprender a fondo sus retos y ofrecerles ideas que les permitan encontrar las mejores soluciones. Tanto si desarrollamos nuevos productos como si cumplimos con los pedidos existentes, nos comprometemos a entregar productos de alta calidad y precisi\u00f3n, a tiempo.<\/p>\n<p>La calidad es la base de todo lo que hacemos en FMP. Nuestros procesos de fabricaci\u00f3n se rigen por los m\u00e1s altos est\u00e1ndares de exactitud y precisi\u00f3n, lo que garantiza que cada producto est\u00e9 libre de defectos. Implementamos rigurosas medidas de control de calidad para asegurar que todos nuestros productos cumplan o superen los est\u00e1ndares de la industria. Este firme compromiso con la calidad, junto con nuestros valores fundamentales de integridad, trabajo en equipo y perseverancia, nos ha ayudado a establecer relaciones duraderas con clientes en casi 30 pa\u00edses de todo el mundo.<\/p>\n<p>FMP siempre est\u00e1 abierta a establecer alianzas globales, ofreciendo asesoramiento experto y soluciones personalizadas. Nuestro enfoque va m\u00e1s all\u00e1 de la simple venta de productos: buscamos cultivar relaciones a largo plazo que fomenten el \u00e9xito mutuo. Ya sea que necesite nuevas soluciones o soporte para sistemas existentes, FMP se dedica a abordar sus desaf\u00edos t\u00e9cnicos y garantizar su \u00e9xito continuo.<\/p>\n<p><img loading=\"lazy\" decoding=\"async\" class=\"alignnone size-full wp-image-1861\" src=\"https:\/\/fmp-components.com\/wp-content\/uploads\/2024\/12\/Other-Agricultural-Gearboxes.webp\" sizes=\"(min-width: 0px) and (max-width: 480px) 480px, (min-width: 481px) and (max-width: 980px) 980px, (min-width: 981px) 1200px, 100vw\" srcset=\"https:\/\/fmp-components.com\/wp-content\/uploads\/2024\/12\/Other-Agricultural-Gearboxes.webp 1200w, https:\/\/fmp-components.com\/wp-content\/uploads\/2024\/12\/Other-Agricultural-Gearboxes-980x1143.webp 980w, https:\/\/fmp-components.com\/wp-content\/uploads\/2024\/12\/Other-Agricultural-Gearboxes-480x560.webp 480w\" alt=\"Otros cambios agr\u00edcolas\" width=\"1200\" height=\"1400\" title=\"\"><\/p>\n<p>Autor: CX<\/p>","protected":false},"excerpt":{"rendered":"<p>Agricultural Lawn Mower Gearbox FMP-RC30-193 Specification \u00a0 ITEM Lawnmower Gearbox FMP-RC30-193 Ratio 1:1.93 Teeth 15\/29 Module 4.0 Power(HP) 30 Rated Input 540rpm Input\/Output Description 1-3\/8 Z6\u03c631.75 Optic axis Weight(N.W) 24.5KG PTO Shafts and Agricultural Gearboxes PTO shafts and agricultural gearboxes are essential components that work in tandem to transfer mechanical power between farm tractors and [&hellip;]<\/p>","protected":false},"featured_media":2016,"comment_status":"open","ping_status":"closed","template":"","meta":{"_et_pb_use_builder":"","_et_pb_old_content":"","_et_gb_content_width":""},"product_brand":[],"product_cat":[52],"product_tag":[],"class_list":{"0":"post-2015","1":"product","2":"type-product","3":"status-publish","4":"has-post-thumbnail","6":"product_cat-lawn-mower-gearbox","8":"first","9":"instock","10":"shipping-taxable","11":"product-type-simple"},"_links":{"self":[{"href":"https:\/\/fmp-components.com\/es\/wp-json\/wp\/v2\/product\/2015","targetHints":{"allow":["GET"]}}],"collection":[{"href":"https:\/\/fmp-components.com\/es\/wp-json\/wp\/v2\/product"}],"about":[{"href":"https:\/\/fmp-components.com\/es\/wp-json\/wp\/v2\/types\/product"}],"replies":[{"embeddable":true,"href":"https:\/\/fmp-components.com\/es\/wp-json\/wp\/v2\/comments?post=2015"}],"wp:featuredmedia":[{"embeddable":true,"href":"https:\/\/fmp-components.com\/es\/wp-json\/wp\/v2\/media\/2016"}],"wp:attachment":[{"href":"https:\/\/fmp-components.com\/es\/wp-json\/wp\/v2\/media?parent=2015"}],"wp:term":[{"taxonomy":"product_brand","embeddable":true,"href":"https:\/\/fmp-components.com\/es\/wp-json\/wp\/v2\/product_brand?post=2015"},{"taxonomy":"product_cat","embeddable":true,"href":"https:\/\/fmp-components.com\/es\/wp-json\/wp\/v2\/product_cat?post=2015"},{"taxonomy":"product_tag","embeddable":true,"href":"https:\/\/fmp-components.com\/es\/wp-json\/wp\/v2\/product_tag?post=2015"}],"curies":[{"name":"gracias","href":"https:\/\/api.w.org\/{rel}","templated":true}]}}