{"id":1999,"date":"2024-12-26T08:44:59","date_gmt":"2024-12-26T08:44:59","guid":{"rendered":"https:\/\/fmp-components.com\/?page_id=8"},"modified":"2024-12-27T00:36:22","modified_gmt":"2024-12-27T00:36:22","slug":"fmp-1zs-380-lawn-mower-gearbox","status":"publish","type":"product","link":"https:\/\/fmp-components.com\/es\/product\/fmp-1zs-380-lawn-mower-gearbox\/","title":{"rendered":"Caja de cambios para cortadora de c\u00e9sped FMP-1ZS-380"},"content":{"rendered":"<p><img loading=\"lazy\" decoding=\"async\" class=\"size-full wp-image-2005 aligncenter\" src=\"https:\/\/fmp-components.com\/wp-content\/uploads\/2024\/12\/FMP_agricultural-gearbox-HC-1ZS-380.webp\" alt=\"Caja de cambios agr\u00edcola FMP HC-1ZS-380\" width=\"400\" height=\"400\" title=\"\" srcset=\"https:\/\/fmp-components.com\/wp-content\/uploads\/2024\/12\/FMP_agricultural-gearbox-HC-1ZS-380.webp 400w, https:\/\/fmp-components.com\/wp-content\/uploads\/2024\/12\/FMP_agricultural-gearbox-HC-1ZS-380-300x300.webp 300w, https:\/\/fmp-components.com\/wp-content\/uploads\/2024\/12\/FMP_agricultural-gearbox-HC-1ZS-380-150x150.webp 150w, https:\/\/fmp-components.com\/wp-content\/uploads\/2024\/12\/FMP_agricultural-gearbox-HC-1ZS-380-12x12.webp 12w, https:\/\/fmp-components.com\/wp-content\/uploads\/2024\/12\/FMP_agricultural-gearbox-HC-1ZS-380-100x100.webp 100w\" sizes=\"(max-width: 400px) 100vw, 400px\" \/><\/p>\n<h2>Especificaciones de la caja de cambios de la cortadora de c\u00e9sped FMP-1ZS-380<\/h2>\n<p><img loading=\"lazy\" decoding=\"async\" class=\"alignnone wp-image-2000\" src=\"https:\/\/fmp-components.com\/wp-content\/uploads\/2024\/12\/fmp_agricultural-gearbox-HC-1ZS-380-1.webp\" alt=\"fmp_caja de cambios agr\u00edcola-HC-1ZS-380-1\" width=\"806\" height=\"307\" title=\"\" srcset=\"https:\/\/fmp-components.com\/wp-content\/uploads\/2024\/12\/fmp_agricultural-gearbox-HC-1ZS-380-1.webp 806w, https:\/\/fmp-components.com\/wp-content\/uploads\/2024\/12\/fmp_agricultural-gearbox-HC-1ZS-380-1-480x183.webp 480w\" sizes=\"(min-width: 0px) and (max-width: 480px) 480px, (min-width: 481px) 806px, 100vw\" \/><\/p>\n<table style=\"width: 85.3964%; height: 238px;\" border=\"1\">\n<tbody>\n<tr>\n<td style=\"width: 37.4684%;\">ART\u00cdCULO<\/td>\n<td style=\"width: 61.7722%;\">Caja de cambios para cortadora de c\u00e9sped FMP-1ZS-380<\/td>\n<\/tr>\n<tr>\n<td style=\"width: 37.4684%;\">Relaci\u00f3n<\/td>\n<td style=\"width: 61.7722%;\">1:1.24<\/td>\n<\/tr>\n<tr>\n<td style=\"width: 37.4684%;\">Dientes<\/td>\n<td style=\"width: 61.7722%;\">21\/17\/17\/17<\/td>\n<\/tr>\n<tr>\n<td style=\"width: 37.4684%;\">M\u00f3dulo<\/td>\n<td style=\"width: 61.7722%;\">7.0<\/td>\n<\/tr>\n<tr>\n<td style=\"width: 37.4684%;\">Potencia (HP)<\/td>\n<td style=\"width: 61.7722%;\">100<\/td>\n<\/tr>\n<tr>\n<td style=\"width: 37.4684%;\">Entrada nominal<\/td>\n<td style=\"width: 61.7722%;\">540 rpm<\/td>\n<\/tr>\n<tr>\n<td style=\"width: 37.4684%;\">Descripci\u00f3n de entrada\/salida<\/td>\n<td style=\"width: 61.7722%;\">\u00a0Ranura<\/td>\n<\/tr>\n<tr>\n<td style=\"width: 37.4684%;\">Peso (NW)<\/td>\n<td style=\"width: 61.7722%;\">42,5 kg<\/td>\n<\/tr>\n<\/tbody>\n<\/table>\n<h3>Ventajas de la caja de cambios para cortac\u00e9sped FMP-1ZS-380<\/h3>\n<ol>\n<li><strong>Alto rendimiento y eficiencia<\/strong><br \/>\nLa caja de engranajes del cortac\u00e9sped FMP-1ZS-380 est\u00e1 dise\u00f1ada para una transmisi\u00f3n de potencia \u00f3ptima, garantizando as\u00ed su m\u00e1ximo rendimiento. Ofrece un rendimiento fiable y constante, ideal para diversas aplicaciones de cuidado del c\u00e9sped, desde peque\u00f1os jardines residenciales hasta grandes tareas de corte comerciales.<\/li>\n<li><strong>Durabilidad y longevidad<\/strong><br \/>\nFabricado con materiales de alta calidad e ingenier\u00eda de precisi\u00f3n, el FMP-1ZS-380 est\u00e1 dise\u00f1ado para resistir el desgaste propio de un uso intensivo. Su dise\u00f1o robusto garantiza una larga vida \u00fatil, incluso en condiciones operativas exigentes.<\/li>\n<li><strong>Opciones de personalizaci\u00f3n<\/strong><br \/>\nFMP ofrece personalizaci\u00f3n para satisfacer los requisitos espec\u00edficos de cada aplicaci\u00f3n. Ya sea que necesite ajustar la relaci\u00f3n de transmisi\u00f3n, la configuraci\u00f3n de montaje u otras especificaciones t\u00e9cnicas, el FMP-1ZS-380 se adapta a sus necesidades espec\u00edficas.<\/li>\n<li><strong>F\u00e1cil mantenimiento<\/strong><br \/>\nLa caja de engranajes est\u00e1 dise\u00f1ada para facilitar el mantenimiento. Su estructura intuitiva garantiza un servicio r\u00e1pido y sencillo, reduciendo el tiempo de inactividad y permitiendo a los operadores mantener un rendimiento \u00f3ptimo con el m\u00ednimo esfuerzo.<\/li>\n<li><strong>Bajo nivel de ruido y vibraci\u00f3n<\/strong><br \/>\nLa FMP-1ZS-380 est\u00e1 dise\u00f1ada con funciones de reducci\u00f3n de ruido para garantizar un funcionamiento m\u00e1s silencioso. Esto la hace ideal para entornos donde se requiere minimizar el nivel de ruido, a la vez que proporciona una transferencia de potencia eficaz a las cuchillas del cortac\u00e9sped.<\/li>\n<li><strong>Dise\u00f1o compacto y ligero<\/strong><br \/>\nA pesar de su potente rendimiento, el FMP-1ZS-380 presenta un dise\u00f1o compacto y ligero. Esto garantiza su f\u00e1cil integraci\u00f3n en diversos modelos de cortac\u00e9sped sin a\u00f1adir peso innecesario, mejorando as\u00ed su maniobrabilidad y facilidad de uso.<\/li>\n<li><strong>Ingenier\u00eda de precisi\u00f3n<\/strong><br \/>\nFabricada con estrictos est\u00e1ndares de calidad, la FMP-1ZS-380 cuenta con engranajes de precisi\u00f3n que reducen el juego y mejoran el rendimiento general. Esto garantiza un funcionamiento m\u00e1s suave y una mejor calidad de corte.<\/li>\n<\/ol>\n<p>En resumen, la caja de cambios del cortac\u00e9sped FMP-1ZS-380 combina alto rendimiento, durabilidad, facilidad de mantenimiento y opciones de personalizaci\u00f3n, lo que la convierte en la mejor opci\u00f3n para aplicaciones de corte residenciales y comerciales.<\/p>\n<p><img loading=\"lazy\" decoding=\"async\" class=\"alignnone size-full wp-image-1994\" src=\"https:\/\/fmp-components.com\/wp-content\/uploads\/2024\/12\/Lawn-Mower-Gearbox-7.webp\" alt=\"Caja de cambios de la cortadora de c\u00e9sped\" width=\"1502\" height=\"805\" title=\"\" srcset=\"https:\/\/fmp-components.com\/wp-content\/uploads\/2024\/12\/Lawn-Mower-Gearbox-7.webp 1502w, https:\/\/fmp-components.com\/wp-content\/uploads\/2024\/12\/Lawn-Mower-Gearbox-7-1280x686.webp 1280w, https:\/\/fmp-components.com\/wp-content\/uploads\/2024\/12\/Lawn-Mower-Gearbox-7-980x525.webp 980w, https:\/\/fmp-components.com\/wp-content\/uploads\/2024\/12\/Lawn-Mower-Gearbox-7-480x257.webp 480w\" sizes=\"(min-width: 0px) and (max-width: 480px) 480px, (min-width: 481px) and (max-width: 980px) 980px, (min-width: 981px) and (max-width: 1280px) 1280px, (min-width: 1281px) 1502px, 100vw\" \/><\/p>\n<h3>Acerca de FMP<\/h3>\n<p>FMP, con sede en Italia, es un fabricante l\u00edder especializado en cajas de cambios de alto rendimiento para maquinaria agr\u00edcola. Reconocidos por nuestra ingenier\u00eda de precisi\u00f3n, innovaci\u00f3n y fiabilidad, ofrecemos una amplia gama de cajas de cambios, incluyendo cajas para cortac\u00e9spedes, y componentes esenciales como ejes de toma de fuerza. Nuestra misi\u00f3n es proporcionar soluciones a medida que satisfagan las necesidades espec\u00edficas de los sectores agr\u00edcola e industrial, ya sea mediante productos individuales o sistemas integrados.<\/p>\n<p>Entendemos que cada cliente tiene necesidades \u00fanicas, por eso nos especializamos en personalizar nuestros productos para satisfacerlas. Ya sea que necesite una caja de cambios especializada o un sistema completo, trabajamos en estrecha colaboraci\u00f3n con usted para ofrecerle las soluciones m\u00e1s eficaces y eficientes. Nuestras respuestas r\u00e1pidas y profesionales, junto con el asesoramiento de expertos, garantizan que cada consulta se gestione con atenci\u00f3n y precisi\u00f3n.<\/p>\n<p>En FMP, priorizamos la comunicaci\u00f3n abierta y la colaboraci\u00f3n, sobre todo en el desarrollo de nuevos productos. Nuestro equipo trabaja codo a codo con los clientes para comprender sus retos y ofrecerles ideas que les permitan encontrar las mejores soluciones. Nos comprometemos a entregar productos de alta calidad y precisi\u00f3n, a tiempo, tanto para nuevos desarrollos como para pedidos existentes.<\/p>\n<p>La calidad es fundamental en las operaciones de FMP. Nuestros procesos de fabricaci\u00f3n se rigen por los m\u00e1s altos est\u00e1ndares, garantizando precisi\u00f3n y cero defectos. Un riguroso control de calidad asegura que cada producto cumpla o supere los est\u00e1ndares de la industria. Este compromiso con la calidad, junto con nuestros valores fundamentales de integridad, trabajo en equipo y perseverancia, nos ha permitido forjar s\u00f3lidas relaciones con clientes en casi 30 pa\u00edses.<\/p>\n<p>FMP est\u00e1 siempre abierta a colaboraciones internacionales, ofreciendo asesoramiento experto y soluciones a medida. Nuestro enfoque va m\u00e1s all\u00e1 de la simple entrega de productos; buscamos construir relaciones a largo plazo que impulsen el \u00e9xito mutuo. Tanto si necesita nuevas soluciones como soporte para sistemas existentes, FMP se dedica a resolver sus retos t\u00e9cnicos y garantizar su \u00e9xito continuo.<\/p>\n<p><img loading=\"lazy\" decoding=\"async\" class=\"alignnone size-full wp-image-1861\" src=\"https:\/\/fmp-components.com\/wp-content\/uploads\/2024\/12\/Other-Agricultural-Gearboxes.webp\" sizes=\"(min-width: 0px) and (max-width: 480px) 480px, (min-width: 481px) and (max-width: 980px) 980px, (min-width: 981px) 1200px, 100vw\" srcset=\"https:\/\/fmp-components.com\/wp-content\/uploads\/2024\/12\/Other-Agricultural-Gearboxes.webp 1200w, https:\/\/fmp-components.com\/wp-content\/uploads\/2024\/12\/Other-Agricultural-Gearboxes-980x1143.webp 980w, https:\/\/fmp-components.com\/wp-content\/uploads\/2024\/12\/Other-Agricultural-Gearboxes-480x560.webp 480w\" alt=\"Otros cambios agr\u00edcolas\" width=\"1200\" height=\"1400\" title=\"\"><\/p>\n<p>Autor: CX<\/p>","protected":false},"excerpt":{"rendered":"<p>FMP-1ZS-380 Lawn Mower Gearbox Specification ITEM FMP-1ZS-380 Lawn Mower Gearbox Ratio 1:1.24 Teeth 21\/17\/17\/17 Module 7.0 Power\uff08HP\uff09 100 Rated Input 540rpm Input\/Output description \u00a0Spline Weight\uff08N.W\uff09 42.5Kg Advantages of FMP-1ZS-380 Lawn Mower Gearbox High Performance &amp; Efficiency The FMP-1ZS-380 lawn mower gearbox is designed for optimal power transmission, ensuring that the mower operates at peak efficiency. [&hellip;]<\/p>","protected":false},"featured_media":2005,"comment_status":"open","ping_status":"closed","template":"","meta":{"_et_pb_use_builder":"","_et_pb_old_content":"","_et_gb_content_width":""},"product_brand":[],"product_cat":[52],"product_tag":[],"class_list":{"0":"post-1999","1":"product","2":"type-product","3":"status-publish","4":"has-post-thumbnail","6":"product_cat-lawn-mower-gearbox","8":"first","9":"instock","10":"shipping-taxable","11":"product-type-simple"},"_links":{"self":[{"href":"https:\/\/fmp-components.com\/es\/wp-json\/wp\/v2\/product\/1999","targetHints":{"allow":["GET"]}}],"collection":[{"href":"https:\/\/fmp-components.com\/es\/wp-json\/wp\/v2\/product"}],"about":[{"href":"https:\/\/fmp-components.com\/es\/wp-json\/wp\/v2\/types\/product"}],"replies":[{"embeddable":true,"href":"https:\/\/fmp-components.com\/es\/wp-json\/wp\/v2\/comments?post=1999"}],"wp:featuredmedia":[{"embeddable":true,"href":"https:\/\/fmp-components.com\/es\/wp-json\/wp\/v2\/media\/2005"}],"wp:attachment":[{"href":"https:\/\/fmp-components.com\/es\/wp-json\/wp\/v2\/media?parent=1999"}],"wp:term":[{"taxonomy":"product_brand","embeddable":true,"href":"https:\/\/fmp-components.com\/es\/wp-json\/wp\/v2\/product_brand?post=1999"},{"taxonomy":"product_cat","embeddable":true,"href":"https:\/\/fmp-components.com\/es\/wp-json\/wp\/v2\/product_cat?post=1999"},{"taxonomy":"product_tag","embeddable":true,"href":"https:\/\/fmp-components.com\/es\/wp-json\/wp\/v2\/product_tag?post=1999"}],"curies":[{"name":"gracias","href":"https:\/\/api.w.org\/{rel}","templated":true}]}}