{"id":1993,"date":"2024-12-26T08:39:30","date_gmt":"2024-12-26T08:39:30","guid":{"rendered":"https:\/\/fmp-components.com\/?page_id=8"},"modified":"2024-12-26T08:43:04","modified_gmt":"2024-12-26T08:43:04","slug":"agricultural-lawn-mower-gearbox-fmp-966109","status":"publish","type":"product","link":"https:\/\/fmp-components.com\/es\/product\/agricultural-lawn-mower-gearbox-fmp-966109\/","title":{"rendered":"Caja de engranajes para cortac\u00e9sped agr\u00edcola FMP-966109"},"content":{"rendered":"<h2>Especificaciones de la caja de engranajes para cortac\u00e9sped agr\u00edcola FMP-966109<\/h2>\n<p><img loading=\"lazy\" decoding=\"async\" class=\"size-full wp-image-1997 alignleft\" src=\"https:\/\/fmp-components.com\/wp-content\/uploads\/2024\/12\/fmp_agricultural-gearbox-HC-GS4RC-2-1.webp\" alt=\"fmp_caja de cambios agr\u00edcola-HC-GS4RC-2-1\" width=\"506\" height=\"640\" title=\"\" srcset=\"https:\/\/fmp-components.com\/wp-content\/uploads\/2024\/12\/fmp_agricultural-gearbox-HC-GS4RC-2-1.webp 506w, https:\/\/fmp-components.com\/wp-content\/uploads\/2024\/12\/fmp_agricultural-gearbox-HC-GS4RC-2-1-480x607.webp 480w\" sizes=\"(min-width: 0px) and (max-width: 480px) 480px, (min-width: 481px) 506px, 100vw\" \/><img loading=\"lazy\" decoding=\"async\" class=\"wp-image-1996 aligncenter\" src=\"https:\/\/fmp-components.com\/wp-content\/uploads\/2024\/12\/FMP_agricultural-gearbox-HC-966109.webp\" alt=\"Caja de cambios agr\u00edcola FMP HC-966109\" width=\"383\" height=\"383\" title=\"\" srcset=\"https:\/\/fmp-components.com\/wp-content\/uploads\/2024\/12\/FMP_agricultural-gearbox-HC-966109.webp 400w, https:\/\/fmp-components.com\/wp-content\/uploads\/2024\/12\/FMP_agricultural-gearbox-HC-966109-300x300.webp 300w, https:\/\/fmp-components.com\/wp-content\/uploads\/2024\/12\/FMP_agricultural-gearbox-HC-966109-150x150.webp 150w, https:\/\/fmp-components.com\/wp-content\/uploads\/2024\/12\/FMP_agricultural-gearbox-HC-966109-12x12.webp 12w, https:\/\/fmp-components.com\/wp-content\/uploads\/2024\/12\/FMP_agricultural-gearbox-HC-966109-100x100.webp 100w\" sizes=\"(max-width: 383px) 100vw, 383px\" \/><\/p>\n<table style=\"width: 92.3941%; height: 221px;\" border=\"1\">\n<tbody>\n<tr>\n<td style=\"width: 31.5789%;\"><strong>ART\u00cdCULO<\/strong><\/td>\n<td style=\"width: 67.7193%;\">FMP-966109<\/td>\n<\/tr>\n<tr>\n<td style=\"width: 31.5789%;\"><strong>Relaci\u00f3n<\/strong><\/td>\n<td style=\"width: 67.7193%;\">1:1.47\/1:1.93<\/td>\n<\/tr>\n<tr>\n<td style=\"width: 31.5789%;\"><strong>Dientes<\/strong><\/td>\n<td style=\"width: 67.7193%;\">13\/19 14\/27<\/td>\n<\/tr>\n<tr>\n<td style=\"width: 31.5789%;\"><strong>M\u00f3dulo<\/strong><\/td>\n<td style=\"width: 67.7193%;\">\u00a07.0 \/5.5<\/td>\n<\/tr>\n<tr>\n<td style=\"width: 31.5789%;\"><strong>Potencia (HP)<\/strong><\/td>\n<td style=\"width: 67.7193%;\">60<\/td>\n<\/tr>\n<tr>\n<td style=\"width: 31.5789%;\"><strong>Entrada nominal<\/strong><\/td>\n<td style=\"width: 67.7193%;\">540 rpm<\/td>\n<\/tr>\n<tr>\n<td style=\"width: 31.5789%;\"><strong>Descripci\u00f3n de entrada\/salida<\/strong><\/td>\n<td style=\"width: 67.7193%;\">\u00a01 3\/8 Z6\/1 3\/4 Z20 Eje \u00f3ptico 1 Estr\u00eda c\u00f3nica<\/td>\n<\/tr>\n<tr>\n<td style=\"width: 31.5789%;\"><strong>Peso (NW)<\/strong><\/td>\n<td style=\"width: 67.7193%;\">29 kg<\/td>\n<\/tr>\n<\/tbody>\n<\/table>\n<h2>Dise\u00f1o de piezas de la caja de cambios de la cortadora de c\u00e9sped<\/h2>\n<p><img loading=\"lazy\" decoding=\"async\" class=\"alignnone size-full wp-image-1995\" src=\"https:\/\/fmp-components.com\/wp-content\/uploads\/2024\/12\/Lawn-Mower-Gearbox-Parts-Design.webp\" alt=\"Caja de cambios de la cortadora de c\u00e9sped\" width=\"1000\" height=\"614\" title=\"\" srcset=\"https:\/\/fmp-components.com\/wp-content\/uploads\/2024\/12\/Lawn-Mower-Gearbox-Parts-Design.webp 1000w, https:\/\/fmp-components.com\/wp-content\/uploads\/2024\/12\/Lawn-Mower-Gearbox-Parts-Design-980x602.webp 980w, https:\/\/fmp-components.com\/wp-content\/uploads\/2024\/12\/Lawn-Mower-Gearbox-Parts-Design-480x295.webp 480w\" sizes=\"(min-width: 0px) and (max-width: 480px) 480px, (min-width: 481px) and (max-width: 980px) 980px, (min-width: 981px) 1000px, 100vw\" \/><\/p>\n<h3>Caracter\u00edsticas de la caja de cambios del cortac\u00e9sped agr\u00edcola<\/h3>\n<ol>\n<li><strong>Relaciones de transmisi\u00f3n personalizables<\/strong>Ofrecemos una variedad de relaciones de transmisi\u00f3n adaptadas a sus necesidades espec\u00edficas.<\/li>\n<li><strong>Control de calidad profesional<\/strong>Nuestro dedicado departamento de control de calidad utiliza equipos de inspecci\u00f3n avanzados para garantizar dimensiones precisas, juego m\u00ednimo y bajos niveles de ruido en cada caja de engranajes.<\/li>\n<li><strong>Capacidades ODM y OEM<\/strong>Nuestro departamento de tecnolog\u00eda est\u00e1 equipado para dise\u00f1ar y desarrollar cajas de cambios personalizadas seg\u00fan sus requisitos \u00fanicos, brindando servicios de fabricante de dise\u00f1o original (ODM) y fabricante de equipo original (OEM).<\/li>\n<li><strong>Per\u00edodo de garant\u00eda<\/strong>Ofrecemos un per\u00edodo de garant\u00eda de 1,5 a 2 a\u00f1os para asegurar la longevidad y confiabilidad de nuestros productos.<\/li>\n<li><strong>Amplia experiencia<\/strong>Con m\u00e1s de 20 a\u00f1os de experiencia en la industria, nuestras cajas de engranajes son conocidas por su seguridad, confiabilidad, rentabilidad y durabilidad.<\/li>\n<li><strong>Control riguroso de embalaje y entrega<\/strong>Todos nuestros trabajadores est\u00e1n altamente capacitados para garantizar los m\u00e1s altos est\u00e1ndares de calidad. Cada caja de cambios se somete a la inspecci\u00f3n 100% antes del env\u00edo para garantizar un rendimiento impecable.<\/li>\n<\/ol>\n<p>Nos comprometemos a ofrecer dise\u00f1os excepcionales, control de calidad profesional, precios competitivos y un excelente servicio al cliente para satisfacer sus necesidades.<\/p>\n<p><img loading=\"lazy\" decoding=\"async\" class=\"alignnone size-full wp-image-1994\" src=\"https:\/\/fmp-components.com\/wp-content\/uploads\/2024\/12\/Lawn-Mower-Gearbox-7.webp\" alt=\"Caja de cambios de la cortadora de c\u00e9sped\" width=\"1502\" height=\"805\" title=\"\" srcset=\"https:\/\/fmp-components.com\/wp-content\/uploads\/2024\/12\/Lawn-Mower-Gearbox-7.webp 1502w, https:\/\/fmp-components.com\/wp-content\/uploads\/2024\/12\/Lawn-Mower-Gearbox-7-1280x686.webp 1280w, https:\/\/fmp-components.com\/wp-content\/uploads\/2024\/12\/Lawn-Mower-Gearbox-7-980x525.webp 980w, https:\/\/fmp-components.com\/wp-content\/uploads\/2024\/12\/Lawn-Mower-Gearbox-7-480x257.webp 480w\" sizes=\"(min-width: 0px) and (max-width: 480px) 480px, (min-width: 481px) and (max-width: 980px) 980px, (min-width: 981px) and (max-width: 1280px) 1280px, (min-width: 1281px) 1502px, 100vw\" \/><\/p>\n<h3>Acerca de FMP<\/h3>\n<p>FMP, con sede en Italia, es un fabricante l\u00edder especializado en cajas de cambios de alto rendimiento para maquinaria agr\u00edcola. Reconocidos por nuestra ingenier\u00eda de precisi\u00f3n, innovaci\u00f3n y fiabilidad, ofrecemos una amplia gama de cajas de cambios, incluyendo cajas para cortac\u00e9spedes, y componentes esenciales como ejes de toma de fuerza. Nuestra misi\u00f3n es proporcionar soluciones a medida que satisfagan las necesidades espec\u00edficas de los sectores agr\u00edcola e industrial, ya sea mediante productos individuales o sistemas integrados.<\/p>\n<p>Entendemos que cada cliente tiene necesidades \u00fanicas, por eso nos especializamos en personalizar nuestros productos para satisfacerlas. Ya sea que necesite una caja de cambios especializada o un sistema completo, trabajamos en estrecha colaboraci\u00f3n con usted para ofrecerle las soluciones m\u00e1s eficaces y eficientes. Nuestras respuestas r\u00e1pidas y profesionales, junto con el asesoramiento de expertos, garantizan que cada consulta se gestione con atenci\u00f3n y precisi\u00f3n.<\/p>\n<p>En FMP, priorizamos la comunicaci\u00f3n abierta y la colaboraci\u00f3n, sobre todo en el desarrollo de nuevos productos. Nuestro equipo trabaja codo a codo con los clientes para comprender sus retos y ofrecerles ideas que les permitan encontrar las mejores soluciones. Nos comprometemos a entregar productos de alta calidad y precisi\u00f3n, a tiempo, tanto para nuevos desarrollos como para pedidos existentes.<\/p>\n<p>La calidad es fundamental en las operaciones de FMP. Nuestros procesos de fabricaci\u00f3n se rigen por los m\u00e1s altos est\u00e1ndares, garantizando precisi\u00f3n y cero defectos. Un riguroso control de calidad asegura que cada producto cumpla o supere los est\u00e1ndares de la industria. Este compromiso con la calidad, junto con nuestros valores fundamentales de integridad, trabajo en equipo y perseverancia, nos ha permitido forjar s\u00f3lidas relaciones con clientes en casi 30 pa\u00edses.<\/p>\n<p>FMP est\u00e1 siempre abierta a colaboraciones internacionales, ofreciendo asesoramiento experto y soluciones a medida. Nuestro enfoque va m\u00e1s all\u00e1 de la simple entrega de productos; buscamos construir relaciones a largo plazo que impulsen el \u00e9xito mutuo. Tanto si necesita nuevas soluciones como soporte para sistemas existentes, FMP se dedica a resolver sus retos t\u00e9cnicos y garantizar su \u00e9xito continuo.<\/p>\n<p><img loading=\"lazy\" decoding=\"async\" class=\"alignnone size-full wp-image-1861\" src=\"https:\/\/fmp-components.com\/wp-content\/uploads\/2024\/12\/Other-Agricultural-Gearboxes.webp\" sizes=\"(min-width: 0px) and (max-width: 480px) 480px, (min-width: 481px) and (max-width: 980px) 980px, (min-width: 981px) 1200px, 100vw\" srcset=\"https:\/\/fmp-components.com\/wp-content\/uploads\/2024\/12\/Other-Agricultural-Gearboxes.webp 1200w, https:\/\/fmp-components.com\/wp-content\/uploads\/2024\/12\/Other-Agricultural-Gearboxes-980x1143.webp 980w, https:\/\/fmp-components.com\/wp-content\/uploads\/2024\/12\/Other-Agricultural-Gearboxes-480x560.webp 480w\" alt=\"Otros cambios agr\u00edcolas\" width=\"1200\" height=\"1400\" title=\"\"><\/p>\n<p>Autor: CX<\/p>","protected":false},"excerpt":{"rendered":"<p>Agricultural Lawn Mower Gearbox FMP-966109 Specification ITEM FMP-966109 Ratio 1:1.47\/1:1.93 Teeth 13\/19 14\/27 Module \u00a07.0 \/5.5 Power(HP) 60 Rated Input 540rpm Input\/Output Description \u00a01 3\/8 Z6\/1 3\/4 Z20 Optic ax1 Taper spline Weight(N.W) 29KG Lawn Mower Gearbox Parts Design Agricultural Lawnmower Gearbox Features Customizable Transmission Ratios: We offer a variety of transmission ratios tailored to [&hellip;]<\/p>","protected":false},"featured_media":1996,"comment_status":"open","ping_status":"closed","template":"","meta":{"_et_pb_use_builder":"","_et_pb_old_content":"","_et_gb_content_width":""},"product_brand":[],"product_cat":[52],"product_tag":[],"class_list":{"0":"post-1993","1":"product","2":"type-product","3":"status-publish","4":"has-post-thumbnail","6":"product_cat-lawn-mower-gearbox","8":"first","9":"instock","10":"shipping-taxable","11":"product-type-simple"},"_links":{"self":[{"href":"https:\/\/fmp-components.com\/es\/wp-json\/wp\/v2\/product\/1993","targetHints":{"allow":["GET"]}}],"collection":[{"href":"https:\/\/fmp-components.com\/es\/wp-json\/wp\/v2\/product"}],"about":[{"href":"https:\/\/fmp-components.com\/es\/wp-json\/wp\/v2\/types\/product"}],"replies":[{"embeddable":true,"href":"https:\/\/fmp-components.com\/es\/wp-json\/wp\/v2\/comments?post=1993"}],"wp:featuredmedia":[{"embeddable":true,"href":"https:\/\/fmp-components.com\/es\/wp-json\/wp\/v2\/media\/1996"}],"wp:attachment":[{"href":"https:\/\/fmp-components.com\/es\/wp-json\/wp\/v2\/media?parent=1993"}],"wp:term":[{"taxonomy":"product_brand","embeddable":true,"href":"https:\/\/fmp-components.com\/es\/wp-json\/wp\/v2\/product_brand?post=1993"},{"taxonomy":"product_cat","embeddable":true,"href":"https:\/\/fmp-components.com\/es\/wp-json\/wp\/v2\/product_cat?post=1993"},{"taxonomy":"product_tag","embeddable":true,"href":"https:\/\/fmp-components.com\/es\/wp-json\/wp\/v2\/product_tag?post=1993"}],"curies":[{"name":"gracias","href":"https:\/\/api.w.org\/{rel}","templated":true}]}}