{"id":1989,"date":"2024-12-26T08:28:11","date_gmt":"2024-12-26T08:28:11","guid":{"rendered":"https:\/\/fmp-components.com\/?page_id=8"},"modified":"2024-12-26T08:28:11","modified_gmt":"2024-12-26T08:28:11","slug":"fmp-40002-lawn-mower-gearbox","status":"publish","type":"product","link":"https:\/\/fmp-components.com\/es\/product\/fmp-40002-lawn-mower-gearbox\/","title":{"rendered":"Caja de engranajes para cortadora de c\u00e9sped FMP-40002"},"content":{"rendered":"<p><img loading=\"lazy\" decoding=\"async\" class=\"size-full wp-image-1991 aligncenter\" src=\"https:\/\/fmp-components.com\/wp-content\/uploads\/2024\/12\/fmp_agricultural-gearbox-HC-40002.webp\" alt=\"fmp_caja de cambios agr\u00edcola-HC-40002\" width=\"400\" height=\"400\" title=\"\" srcset=\"https:\/\/fmp-components.com\/wp-content\/uploads\/2024\/12\/fmp_agricultural-gearbox-HC-40002.webp 400w, https:\/\/fmp-components.com\/wp-content\/uploads\/2024\/12\/fmp_agricultural-gearbox-HC-40002-300x300.webp 300w, https:\/\/fmp-components.com\/wp-content\/uploads\/2024\/12\/fmp_agricultural-gearbox-HC-40002-150x150.webp 150w, https:\/\/fmp-components.com\/wp-content\/uploads\/2024\/12\/fmp_agricultural-gearbox-HC-40002-12x12.webp 12w, https:\/\/fmp-components.com\/wp-content\/uploads\/2024\/12\/fmp_agricultural-gearbox-HC-40002-100x100.webp 100w\" sizes=\"(max-width: 400px) 100vw, 400px\" \/><\/p>\n<h2>Especificaciones de la caja de cambios de la cortadora de c\u00e9sped FMP-40002<\/h2>\n<p><img loading=\"lazy\" decoding=\"async\" class=\"alignnone  wp-image-1990\" src=\"https:\/\/fmp-components.com\/wp-content\/uploads\/2024\/12\/fmp_agricultural-gearbox-HC-40002-1.webp\" alt=\"fmp_caja de cambios agr\u00edcola-HC-40002\" width=\"849\" height=\"572\" title=\"\" srcset=\"https:\/\/fmp-components.com\/wp-content\/uploads\/2024\/12\/fmp_agricultural-gearbox-HC-40002-1.webp 849w, https:\/\/fmp-components.com\/wp-content\/uploads\/2024\/12\/fmp_agricultural-gearbox-HC-40002-1-480x323.webp 480w\" sizes=\"(min-width: 0px) and (max-width: 480px) 480px, (min-width: 481px) 849px, 100vw\" \/><\/p>\n<table style=\"width: 97.3284%; height: 220px;\" border=\"1\">\n<tbody>\n<tr>\n<td style=\"width: 27.852%;\">ART\u00cdCULO<\/td>\n<td style=\"width: 71.5313%;\">40002 Caja de cambios para cortadora de c\u00e9sped<\/td>\n<\/tr>\n<tr>\n<td style=\"width: 27.852%;\">Relaci\u00f3n<\/td>\n<td style=\"width: 71.5313%;\">3.2:1\/3.77:1\/4.17:1<\/td>\n<\/tr>\n<tr>\n<td style=\"width: 27.852%;\">Dientes<\/td>\n<td style=\"width: 71.5313%;\">15\/48 13\/49 12\/50<\/td>\n<\/tr>\n<tr>\n<td style=\"width: 27.852%;\">M\u00f3dulo<\/td>\n<td style=\"width: 71.5313%;\">15\/48 13\/49 12\/50<\/td>\n<\/tr>\n<tr>\n<td style=\"width: 27.852%;\">Potencia (HP)<\/td>\n<td style=\"width: 71.5313%;\">85\/85\/85<\/td>\n<\/tr>\n<tr>\n<td style=\"width: 27.852%;\">Entrada nominal<\/td>\n<td style=\"width: 71.5313%;\">540 rpm<\/td>\n<\/tr>\n<tr>\n<td style=\"width: 27.852%;\">Descripci\u00f3n de entrada\/salida<\/td>\n<td style=\"width: 71.5313%;\">\u00a01 3\/4 Z6<\/td>\n<\/tr>\n<tr>\n<td style=\"width: 27.852%;\">Peso (NW)<\/td>\n<td style=\"width: 71.5313%;\">111 kg<\/td>\n<\/tr>\n<\/tbody>\n<\/table>\n<h2>Ventajas de la caja de cambios para cortac\u00e9sped FMP-40002<\/h2>\n<p>La caja de engranajes para cortac\u00e9sped FMP-40002 es un componente de alto rendimiento y precisi\u00f3n, dise\u00f1ado para optimizar el funcionamiento de las cortadoras de c\u00e9sped agr\u00edcolas e industriales. Estas son algunas de las principales ventajas de usar la caja de engranajes FMP-40002:<\/p>\n<h3>Durabilidad y longevidad<\/h3>\n<ul>\n<li>Construcci\u00f3n robusta: construido con materiales de alta resistencia, el FMP-40002 est\u00e1 dise\u00f1ado para soportar condiciones adversas y uso intensivo, lo que garantiza una larga vida \u00fatil.<\/li>\n<li>Resistencia a la corrosi\u00f3n: la caja de cambios est\u00e1 dise\u00f1ada para resistir el desgaste y la corrosi\u00f3n, lo que la hace ideal para un uso prolongado en exteriores en diferentes condiciones clim\u00e1ticas.<\/li>\n<\/ul>\n<h3>Alta eficiencia y transmisi\u00f3n de potencia<\/h3>\n<ul>\n<li>Transferencia de potencia \u00f3ptima: el FMP-40002 garantiza una transmisi\u00f3n de potencia eficiente desde el motor hasta las cuchillas de la cortadora de c\u00e9sped, proporcionando un rendimiento constante y confiable durante el funcionamiento.<\/li>\n<li>Control de velocidad preciso: proporciona el torque y la velocidad necesarios para lograr los mejores resultados de corte, incluso en condiciones de trabajo dif\u00edciles.<\/li>\n<\/ul>\n<h3>Opciones de personalizaci\u00f3n<\/h3>\n<ul>\n<li>Soluciones a medida: En FMP, comprendemos que cada cortac\u00e9sped requiere caracter\u00edsticas de rendimiento espec\u00edficas. El FMP-40002 se puede personalizar para satisfacer sus necesidades espec\u00edficas, incluyendo ajustes en los ejes de salida, relaciones de transmisi\u00f3n y configuraciones de montaje.<\/li>\n<li>Dise\u00f1o adaptable: la caja de cambios se puede adaptar a varios modelos de cortadoras de c\u00e9sped, lo que garantiza una compatibilidad perfecta y un rendimiento m\u00e1ximo.<\/li>\n<\/ul>\n<h3>F\u00e1cil mantenimiento<\/h3>\n<ul>\n<li>Necesidades de bajo mantenimiento: dise\u00f1ado para brindar confiabilidad, el FMP-40002 requiere un mantenimiento m\u00ednimo, lo que ayuda a reducir el tiempo de inactividad y los costos operativos.<\/li>\n<li>F\u00e1cil de usar: el dise\u00f1o simple de la caja de cambios y su facilidad de instalaci\u00f3n garantizan que los operadores puedan configurarla y mantenerla r\u00e1pidamente con una experiencia t\u00e9cnica m\u00ednima.<\/li>\n<\/ul>\n<h3>Costo-efectividad<\/h3>\n<ul>\n<li>Ahorro a largo plazo: con su alta durabilidad y confiabilidad, el FMP-40002 reduce la necesidad de reparaciones y reemplazos frecuentes, ofreciendo valor a largo plazo para su inversi\u00f3n.<\/li>\n<li>Eficiencia energ\u00e9tica: La transferencia de potencia eficiente garantiza un menor consumo de energ\u00eda, lo que ayuda a reducir los costos operativos de su cortadora de c\u00e9sped.<\/li>\n<\/ul>\n<p>En resumen, la caja de engranajes para cortac\u00e9sped FMP-40002 destaca por su durabilidad, eficiencia y versatilidad. Gracias a su capacidad de adaptaci\u00f3n a necesidades espec\u00edficas, es la opci\u00f3n ideal para optimizar el rendimiento de las cortadoras de c\u00e9sped tanto en aplicaciones agr\u00edcolas como industriales.<\/p>\n<p><img loading=\"lazy\" decoding=\"async\" class=\"alignnone  wp-image-1992\" src=\"https:\/\/fmp-components.com\/wp-content\/uploads\/2024\/12\/Lawn-Mower-Gearbox-6.webp\" alt=\"Caja de cambios de la cortadora de c\u00e9sped\" width=\"879\" height=\"646\" title=\"\" srcset=\"https:\/\/fmp-components.com\/wp-content\/uploads\/2024\/12\/Lawn-Mower-Gearbox-6.webp 879w, https:\/\/fmp-components.com\/wp-content\/uploads\/2024\/12\/Lawn-Mower-Gearbox-6-480x353.webp 480w\" sizes=\"(min-width: 0px) and (max-width: 480px) 480px, (min-width: 481px) 879px, 100vw\" \/><\/p>\n<h3>Acerca de FMP<\/h3>\n<p>FMP, con sede en Italia, es un fabricante l\u00edder especializado en el dise\u00f1o, desarrollo y producci\u00f3n de cajas de engranajes de alto rendimiento para maquinaria agr\u00edcola. Con un fuerte \u00e9nfasis en la ingenier\u00eda de precisi\u00f3n, la innovaci\u00f3n y la fiabilidad, ofrecemos una gama completa de cajas de engranajes, incluyendo aquellas para cortac\u00e9spedes, as\u00ed como componentes cr\u00edticos como cardanes. Nuestra misi\u00f3n es ofrecer soluciones personalizadas que satisfagan las necesidades espec\u00edficas de los sectores agr\u00edcola e industrial, ofreciendo tanto productos independientes como sistemas totalmente integrados.<\/p>\n<p>En FMP, comprendemos que cada cliente tiene necesidades \u00fanicas, por lo que nos especializamos en la personalizaci\u00f3n de nuestros productos para satisfacerlas a la perfecci\u00f3n. Ya sea que necesite una caja de engranajes especializada o un sistema completo, trabajamos estrechamente con usted para desarrollar la soluci\u00f3n m\u00e1s eficaz y eficiente. Nuestro compromiso con la satisfacci\u00f3n del cliente se refleja en nuestras respuestas r\u00e1pidas y profesionales y en nuestra asesor\u00eda experta, garantizando que cada consulta se gestione con precisi\u00f3n y cuidado.<\/p>\n<p>Creemos en mantener una comunicaci\u00f3n abierta y continua con nuestros clientes, especialmente durante el desarrollo de nuevos productos. Nuestro equipo especializado colabora estrechamente con ellos para comprender sus desaf\u00edos espec\u00edficos y brindar informaci\u00f3n valiosa que conduzca a soluciones \u00f3ptimas. Ya sea que estemos desarrollando nuevos productos o atendiendo pedidos existentes, nos comprometemos a entregar productos de alta calidad y precisi\u00f3n con rapidez y eficiencia.<\/p>\n<p>En FMP, la calidad es la base de todo lo que hacemos. Nuestros procesos de fabricaci\u00f3n cumplen con los m\u00e1s altos est\u00e1ndares, garantizando precisi\u00f3n y cero defectos. Implementamos rigurosos controles de calidad para garantizar que cada producto cumpla o supere los est\u00e1ndares de la industria. Este enfoque incansable en la calidad, combinado con nuestros valores fundamentales de integridad, trabajo en equipo y perseverancia, nos ha permitido forjar relaciones s\u00f3lidas y duraderas con clientes en casi 30 pa\u00edses de todo el mundo.<\/p>\n<p>FMP siempre est\u00e1 abierto a establecer alianzas globales y se compromete a ofrecer asesoramiento experto y soluciones personalizadas. Nuestro enfoque va m\u00e1s all\u00e1 de la simple entrega de productos: buscamos construir relaciones a largo plazo con nuestros clientes, garantizando su \u00e9xito en cada proyecto. Ya sea que necesite soluciones para una nueva iniciativa o soporte para un sistema existente, FMP se dedica a abordar sus desaf\u00edos t\u00e9cnicos y a ayudarle a alcanzar el \u00e9xito continuo.<\/p>\n<p><img loading=\"lazy\" decoding=\"async\" class=\"alignnone size-full wp-image-1861\" src=\"https:\/\/fmp-components.com\/wp-content\/uploads\/2024\/12\/Other-Agricultural-Gearboxes.webp\" sizes=\"(min-width: 0px) and (max-width: 480px) 480px, (min-width: 481px) and (max-width: 980px) 980px, (min-width: 981px) 1200px, 100vw\" srcset=\"https:\/\/fmp-components.com\/wp-content\/uploads\/2024\/12\/Other-Agricultural-Gearboxes.webp 1200w, https:\/\/fmp-components.com\/wp-content\/uploads\/2024\/12\/Other-Agricultural-Gearboxes-980x1143.webp 980w, https:\/\/fmp-components.com\/wp-content\/uploads\/2024\/12\/Other-Agricultural-Gearboxes-480x560.webp 480w\" alt=\"Otros cambios agr\u00edcolas\" width=\"1200\" height=\"1400\" title=\"\"><\/p>\n<p>Autor: CX<\/p>\n<p>&nbsp;<\/p>","protected":false},"excerpt":{"rendered":"<p>FMP-40002 Lawn Mower Gearbox Specification ITEM 40002 Lawn mower gearbox Ratio 3.2:1\/3.77:1\/4.17:1 Teeth 15\/48 13\/49 12\/50 Module 15\/48 13\/49 12\/50 Power\uff08HP\uff09 85\/85\/85 Rated Input 540rpm Input\/Output description \u00a01 3\/4 Z6 Weight\uff08N.W\uff09 111Kg Advantages of FMP-40002 Lawn Mower Gearbox The FMP-40002 Lawn Mower Gearbox is a high-performance, precision-engineered component designed to optimize the operation of agricultural [&hellip;]<\/p>","protected":false},"featured_media":1991,"comment_status":"open","ping_status":"closed","template":"","meta":{"_et_pb_use_builder":"","_et_pb_old_content":"","_et_gb_content_width":""},"product_brand":[],"product_cat":[52],"product_tag":[],"class_list":{"0":"post-1989","1":"product","2":"type-product","3":"status-publish","4":"has-post-thumbnail","6":"product_cat-lawn-mower-gearbox","8":"first","9":"instock","10":"shipping-taxable","11":"product-type-simple"},"_links":{"self":[{"href":"https:\/\/fmp-components.com\/es\/wp-json\/wp\/v2\/product\/1989","targetHints":{"allow":["GET"]}}],"collection":[{"href":"https:\/\/fmp-components.com\/es\/wp-json\/wp\/v2\/product"}],"about":[{"href":"https:\/\/fmp-components.com\/es\/wp-json\/wp\/v2\/types\/product"}],"replies":[{"embeddable":true,"href":"https:\/\/fmp-components.com\/es\/wp-json\/wp\/v2\/comments?post=1989"}],"wp:featuredmedia":[{"embeddable":true,"href":"https:\/\/fmp-components.com\/es\/wp-json\/wp\/v2\/media\/1991"}],"wp:attachment":[{"href":"https:\/\/fmp-components.com\/es\/wp-json\/wp\/v2\/media?parent=1989"}],"wp:term":[{"taxonomy":"product_brand","embeddable":true,"href":"https:\/\/fmp-components.com\/es\/wp-json\/wp\/v2\/product_brand?post=1989"},{"taxonomy":"product_cat","embeddable":true,"href":"https:\/\/fmp-components.com\/es\/wp-json\/wp\/v2\/product_cat?post=1989"},{"taxonomy":"product_tag","embeddable":true,"href":"https:\/\/fmp-components.com\/es\/wp-json\/wp\/v2\/product_tag?post=1989"}],"curies":[{"name":"gracias","href":"https:\/\/api.w.org\/{rel}","templated":true}]}}