{"id":1983,"date":"2024-12-26T07:51:14","date_gmt":"2024-12-26T07:51:14","guid":{"rendered":"https:\/\/fmp-components.com\/?page_id=8"},"modified":"2024-12-30T02:49:27","modified_gmt":"2024-12-30T02:49:27","slug":"fmp-ag135-lawnmower-135-deg-gearbox-11-for-agricultural","status":"publish","type":"product","link":"https:\/\/fmp-components.com\/es\/product\/fmp-ag135-lawnmower-135-deg-gearbox-11-for-agricultural\/","title":{"rendered":"Cortadora de c\u00e9sped FMP-AG135 con caja de cambios de 135 grados 1:1 para uso agr\u00edcola"},"content":{"rendered":"<h2>Cortadora de c\u00e9sped FMP-AG135 con caja de cambios de 135 grados y relaci\u00f3n de transmisi\u00f3n 1:1 para aplicaciones agr\u00edcolas.<\/h2>\n<p><img loading=\"lazy\" decoding=\"async\" class=\"alignnone wp-image-1984\" src=\"https:\/\/fmp-components.com\/wp-content\/uploads\/2024\/12\/fmp_agricultural-gearbox-HC-AG135-1.webp\" alt=\"fmp_caja de cambios agr\u00edcola-HC-AG135\" width=\"919\" height=\"548\" title=\"\" srcset=\"https:\/\/fmp-components.com\/wp-content\/uploads\/2024\/12\/fmp_agricultural-gearbox-HC-AG135-1.webp 919w, https:\/\/fmp-components.com\/wp-content\/uploads\/2024\/12\/fmp_agricultural-gearbox-HC-AG135-1-480x286.webp 480w\" sizes=\"(min-width: 0px) and (max-width: 480px) 480px, (min-width: 481px) 919px, 100vw\" \/><\/p>\n<table style=\"width: 99.0594%; height: 184px;\" border=\"1\">\n<tbody>\n<tr style=\"height: 23px;\">\n<td style=\"height: 23px;\">ART\u00cdCULO<\/td>\n<td style=\"height: 23px;\">Caja de cambios FMP-AG135 de 135 grados<\/td>\n<\/tr>\n<tr style=\"height: 23px;\">\n<td style=\"height: 23px;\">Relaci\u00f3n<\/td>\n<td style=\"height: 23px;\">1:1<\/td>\n<\/tr>\n<tr style=\"height: 23px;\">\n<td style=\"height: 23px;\">Dientes<\/td>\n<td style=\"height: 23px;\">20\/20<\/td>\n<\/tr>\n<tr style=\"height: 23px;\">\n<td style=\"height: 23px;\">M\u00f3dulo<\/td>\n<td style=\"height: 23px;\">6.0<\/td>\n<\/tr>\n<tr style=\"height: 23px;\">\n<td style=\"height: 23px;\">Potencia (HP)<\/td>\n<td style=\"height: 23px;\">50<\/td>\n<\/tr>\n<tr style=\"height: 23px;\">\n<td style=\"height: 23px;\">Entrada nominal<\/td>\n<td style=\"height: 23px;\">540 rpm<\/td>\n<\/tr>\n<tr style=\"height: 23px;\">\n<td style=\"height: 23px;\">Descripci\u00f3n de entrada\/salida<\/td>\n<td style=\"height: 23px;\">\u00a0Eje estriado equil\u00e1tero de base c\u00f3nica Z6 de 1 3\/8\"<\/td>\n<\/tr>\n<tr style=\"height: 23px;\">\n<td style=\"height: 23px;\">Peso (NW)<\/td>\n<td style=\"height: 23px;\">16,5 kg<\/td>\n<\/tr>\n<\/tbody>\n<\/table>\n<h3>Caracter\u00edsticas de la caja de cambios del cortac\u00e9sped<\/h3>\n<p>Las cajas de engranajes de las cortadoras de c\u00e9sped son componentes esenciales que impulsan las cuchillas de corte, garantizando un funcionamiento eficiente y constante. Estas son las caracter\u00edsticas clave que hacen que estas cajas de engranajes sean eficaces y fiables en diversas aplicaciones de corte:<\/p>\n<h4>Durabilidad y robustez<\/h4>\n<p>Las cajas de engranajes para cortac\u00e9sped est\u00e1n dise\u00f1adas para soportar las cargas pesadas y el funcionamiento continuo que requieren los entornos exteriores. Fabricadas con materiales de alta calidad, como acero endurecido, est\u00e1n dise\u00f1adas para durar y resistir el desgaste, garantizando una fiabilidad duradera incluso en condiciones adversas.<\/p>\n<h4>Dise\u00f1o de engranajes de precisi\u00f3n<\/h4>\n<p>Estas cajas de engranajes incorporan engranajes de ingenier\u00eda fina que proporcionan una transmisi\u00f3n de potencia suave y eficiente a las cuchillas de la cortadora. Su dise\u00f1o preciso garantiza una fricci\u00f3n m\u00ednima, lo que reduce la p\u00e9rdida de energ\u00eda y mejora el rendimiento del sistema de corte, lo que resulta en cortes m\u00e1s limpios y un menor consumo de combustible.<\/p>\n<h4>Alta capacidad de par<\/h4>\n<p>Las cajas de engranajes de las cortadoras de c\u00e9sped est\u00e1n dise\u00f1adas para manejar los altos niveles de par necesarios para accionar las cuchillas eficazmente. Ya sea para cortadoras rotativas o modelos industriales, estas cajas de engranajes transfieren la potencia requerida eficientemente, permitiendo que las cuchillas corten c\u00e9sped denso, maleza y otra vegetaci\u00f3n resistente.<\/p>\n<h4>Compacto y ligero<\/h4>\n<p>A pesar de su resistencia y durabilidad, las cajas de engranajes de las cortadoras de c\u00e9sped est\u00e1n dise\u00f1adas para ser compactas y ligeras. Esto facilita su instalaci\u00f3n, mantenimiento y operaci\u00f3n sin a\u00f1adir peso innecesario al equipo, lo que puede mejorar la maniobrabilidad y el ahorro de combustible.<\/p>\n<h4>Resistencia a la corrosi\u00f3n y a la intemperie<\/h4>\n<p>Dado que las cortadoras de c\u00e9sped se utilizan generalmente en exteriores, las cajas de engranajes est\u00e1n equipadas con caracter\u00edsticas que previenen la oxidaci\u00f3n y la corrosi\u00f3n. Muchas cajas de engranajes de cortadoras de c\u00e9sped est\u00e1n tratadas con recubrimientos protectores o fabricadas con materiales resistentes a la corrosi\u00f3n para garantizar un rendimiento \u00f3ptimo en condiciones clim\u00e1ticas variables, como lluvia, humedad y temperaturas extremas.<\/p>\n<p>Las cajas de engranajes para cortac\u00e9spedes combinan resistencia, precisi\u00f3n y eficiencia para impulsar eficazmente los sistemas de corte. Est\u00e1n dise\u00f1adas para ofrecer durabilidad, bajo mantenimiento y alto rendimiento, lo que las convierte en un componente esencial de los equipos de corte modernos. Ya sea para uso residencial o comercial, la caja de engranajes adecuada garantiza un rendimiento de corte \u00f3ptimo y una larga vida \u00fatil del equipo.<\/p>\n<p><img loading=\"lazy\" decoding=\"async\" class=\"alignnone wp-image-1985\" src=\"https:\/\/fmp-components.com\/wp-content\/uploads\/2024\/12\/Lawn-Mower-Gearbox-1-1.webp\" alt=\"Caja de cambios de la cortadora de c\u00e9sped\" width=\"943\" height=\"630\" title=\"\" srcset=\"https:\/\/fmp-components.com\/wp-content\/uploads\/2024\/12\/Lawn-Mower-Gearbox-1-1.webp 943w, https:\/\/fmp-components.com\/wp-content\/uploads\/2024\/12\/Lawn-Mower-Gearbox-1-1-480x321.webp 480w\" sizes=\"(min-width: 0px) and (max-width: 480px) 480px, (min-width: 481px) 943px, 100vw\" \/><\/p>\n<h3>Acerca de FMP<\/h3>\n<p>FMP, con sede en Italia, es un fabricante l\u00edder especializado en el dise\u00f1o, desarrollo y producci\u00f3n de cajas de engranajes de alto rendimiento para maquinaria agr\u00edcola. Reconocidos por nuestra ingenier\u00eda de precisi\u00f3n, innovaci\u00f3n y fiabilidad, ofrecemos una gama completa de cajas de engranajes, incluyendo algunas para cortac\u00e9spedes, junto con componentes esenciales como cardanes. Nuestra misi\u00f3n es ofrecer soluciones personalizadas que satisfagan las necesidades espec\u00edficas de los sectores agr\u00edcola e industrial, ya sea mediante productos individuales o sistemas totalmente integrados.<\/p>\n<p>En FMP, comprendemos que cada cliente tiene necesidades \u00fanicas, lo que nos impulsa a adaptar nuestros productos a sus necesidades. Ya sea que necesite una caja de engranajes especializada o un sistema completo, trabajamos estrechamente con usted para brindarle la soluci\u00f3n m\u00e1s eficaz y eficiente. Nos enorgullecemos de brindar respuestas r\u00e1pidas y profesionales, garantizando que cada consulta se atienda con la m\u00e1xima experiencia y atenci\u00f3n al detalle.<\/p>\n<p>La comunicaci\u00f3n abierta y la colaboraci\u00f3n son fundamentales para nuestro enfoque, especialmente en el desarrollo de nuevos productos. Nuestro equipo trabaja en estrecha colaboraci\u00f3n con nuestros clientes para comprender a fondo sus desaf\u00edos y aportar informaci\u00f3n valiosa que conduzca a soluciones \u00f3ptimas. Desde el desarrollo de nuevos productos hasta la gesti\u00f3n de pedidos existentes, nos comprometemos a entregar productos de alta calidad y precisi\u00f3n con rapidez y exactitud.<\/p>\n<p>La calidad es la base de todo lo que hacemos. Nuestros procesos de fabricaci\u00f3n se basan en los principios de altos est\u00e1ndares, precisi\u00f3n y cero defectos. Implementamos rigurosos controles de calidad para garantizar que cada producto supere los est\u00e1ndares de la industria. Este firme enfoque en la calidad, sumado a nuestros valores de integridad, trabajo en equipo y perseverancia, nos ha permitido forjar relaciones duraderas con clientes en casi 30 pa\u00edses de todo el mundo.<\/p>\n<p>FMP siempre est\u00e1 abierto a colaboraciones globales y se compromete a ofrecer asesoramiento experto y soluciones a medida. Nuestra filosof\u00eda va m\u00e1s all\u00e1 de la simple entrega de productos: se trata de construir relaciones a largo plazo que garanticen el \u00e9xito mutuo. Ya sea que necesite soluciones para un nuevo proyecto o soporte para un sistema existente, FMP se dedica a abordar sus desaf\u00edos t\u00e9cnicos y a garantizar su \u00e9xito continuo.<\/p>\n<p><img loading=\"lazy\" decoding=\"async\" class=\"alignnone size-full wp-image-1861\" src=\"https:\/\/fmp-components.com\/wp-content\/uploads\/2024\/12\/Other-Agricultural-Gearboxes.webp\" sizes=\"(min-width: 0px) and (max-width: 480px) 480px, (min-width: 481px) and (max-width: 980px) 980px, (min-width: 981px) 1200px, 100vw\" srcset=\"https:\/\/fmp-components.com\/wp-content\/uploads\/2024\/12\/Other-Agricultural-Gearboxes.webp 1200w, https:\/\/fmp-components.com\/wp-content\/uploads\/2024\/12\/Other-Agricultural-Gearboxes-980x1143.webp 980w, https:\/\/fmp-components.com\/wp-content\/uploads\/2024\/12\/Other-Agricultural-Gearboxes-480x560.webp 480w\" alt=\"Otros cambios agr\u00edcolas\" width=\"1200\" height=\"1400\" title=\"\"><\/p>\n<p>Autor: CX<\/p>","protected":false},"excerpt":{"rendered":"<p>FMP-AG135 Lawnmower 135 deg gearbox 1:1 for Agricultural Specification ITEM FMP-AG135 135 deg gearbox Ratio 1:1 Teeth 20\/20 Module 6.0 Power\uff08HP\uff09 50 Rated Input 540rpm Input\/Output description \u00a01 3\/8 Z6 Cone base aequilate Spline Shaft Weight\uff08N.W\uff09 16.5Kg Features of Lawn Mower Gearbox Lawn mower gearboxes are essential components that drive the cutting blades, ensuring efficient [&hellip;]<\/p>","protected":false},"featured_media":2078,"comment_status":"open","ping_status":"closed","template":"","meta":{"_et_pb_use_builder":"","_et_pb_old_content":"","_et_gb_content_width":""},"product_brand":[],"product_cat":[52],"product_tag":[],"class_list":{"0":"post-1983","1":"product","2":"type-product","3":"status-publish","4":"has-post-thumbnail","6":"product_cat-lawn-mower-gearbox","8":"first","9":"instock","10":"shipping-taxable","11":"product-type-simple"},"_links":{"self":[{"href":"https:\/\/fmp-components.com\/es\/wp-json\/wp\/v2\/product\/1983","targetHints":{"allow":["GET"]}}],"collection":[{"href":"https:\/\/fmp-components.com\/es\/wp-json\/wp\/v2\/product"}],"about":[{"href":"https:\/\/fmp-components.com\/es\/wp-json\/wp\/v2\/types\/product"}],"replies":[{"embeddable":true,"href":"https:\/\/fmp-components.com\/es\/wp-json\/wp\/v2\/comments?post=1983"}],"wp:featuredmedia":[{"embeddable":true,"href":"https:\/\/fmp-components.com\/es\/wp-json\/wp\/v2\/media\/2078"}],"wp:attachment":[{"href":"https:\/\/fmp-components.com\/es\/wp-json\/wp\/v2\/media?parent=1983"}],"wp:term":[{"taxonomy":"product_brand","embeddable":true,"href":"https:\/\/fmp-components.com\/es\/wp-json\/wp\/v2\/product_brand?post=1983"},{"taxonomy":"product_cat","embeddable":true,"href":"https:\/\/fmp-components.com\/es\/wp-json\/wp\/v2\/product_cat?post=1983"},{"taxonomy":"product_tag","embeddable":true,"href":"https:\/\/fmp-components.com\/es\/wp-json\/wp\/v2\/product_tag?post=1983"}],"curies":[{"name":"gracias","href":"https:\/\/api.w.org\/{rel}","templated":true}]}}