{"id":1969,"date":"2024-12-26T05:22:40","date_gmt":"2024-12-26T05:22:40","guid":{"rendered":"https:\/\/fmp-components.com\/?page_id=8"},"modified":"2024-12-26T05:33:45","modified_gmt":"2024-12-26T05:33:45","slug":"mowers-gearboxes-replacement-of-comer-code-tl-311d","status":"publish","type":"product","link":"https:\/\/fmp-components.com\/es\/product\/mowers-gearboxes-replacement-of-comer-code-tl-311d\/","title":{"rendered":"Cajas de engranajes para cortadoras de c\u00e9sped: reemplazo del c\u00f3digo Comer TL-311D"},"content":{"rendered":"<p><img loading=\"lazy\" decoding=\"async\" class=\"alignnone size-full wp-image-1971\" src=\"https:\/\/fmp-components.com\/wp-content\/uploads\/2024\/12\/Mowers-Gearboxes-\u2013-Replacement-of-Comer-Code-TL-311D.webp\" alt=\"Cajas de engranajes para cortadoras de c\u00e9sped: reemplazo del c\u00f3digo Comer TL-311D\" width=\"1000\" height=\"500\" title=\"\" srcset=\"https:\/\/fmp-components.com\/wp-content\/uploads\/2024\/12\/Mowers-Gearboxes-\u2013-Replacement-of-Comer-Code-TL-311D.webp 1000w, https:\/\/fmp-components.com\/wp-content\/uploads\/2024\/12\/Mowers-Gearboxes-\u2013-Replacement-of-Comer-Code-TL-311D-300x150.webp 300w, https:\/\/fmp-components.com\/wp-content\/uploads\/2024\/12\/Mowers-Gearboxes-\u2013-Replacement-of-Comer-Code-TL-311D-768x384.webp 768w, https:\/\/fmp-components.com\/wp-content\/uploads\/2024\/12\/Mowers-Gearboxes-\u2013-Replacement-of-Comer-Code-TL-311D-18x9.webp 18w, https:\/\/fmp-components.com\/wp-content\/uploads\/2024\/12\/Mowers-Gearboxes-\u2013-Replacement-of-Comer-Code-TL-311D-980x490.webp 980w, https:\/\/fmp-components.com\/wp-content\/uploads\/2024\/12\/Mowers-Gearboxes-\u2013-Replacement-of-Comer-Code-TL-311D-480x240.webp 480w, https:\/\/fmp-components.com\/wp-content\/uploads\/2024\/12\/Mowers-Gearboxes-\u2013-Replacement-of-Comer-Code-TL-311D-600x300.webp 600w\" sizes=\"(max-width: 1000px) 100vw, 1000px\" \/><\/p>\n<h2>Cajas de engranajes para cortadoras de c\u00e9sped: reemplazo de la especificaci\u00f3n del c\u00f3digo Comer TL-311D<\/h2>\n<table style=\"width: 100%;\" border=\"1\" width=\"100%\" cellspacing=\"0\" cellpadding=\"0\">\n<tbody>\n<tr>\n<th>Descripci\u00f3n<\/th>\n<td>Cajas de engranajes para cortadoras de c\u00e9sped: reemplazo del c\u00f3digo Comer TL-311D<\/td>\n<\/tr>\n<tr>\n<th>Solicitud<\/th>\n<td>Cortadoras de c\u00e9sped<\/td>\n<\/tr>\n<tr>\n<th>Consiste en<\/th>\n<td>Caja de cambios<\/td>\n<\/tr>\n<tr>\n<th>Pedir aceite por separado<\/th>\n<td>Informaci\u00f3n t\u00e9cnica<\/td>\n<\/tr>\n<tr>\n<th><\/th>\n<td>Todos los datos t\u00e9cnicos corresponden a ISO 6335 e ISO 281.<\/td>\n<\/tr>\n<tr>\n<th>Contiene aceite<\/th>\n<td>No<\/td>\n<\/tr>\n<tr>\n<th>Capacidad m\u00e1xima de aceite<\/th>\n<td>1,2 litros<\/td>\n<\/tr>\n<tr>\n<th>Grado de viscosidad SAE del aceite<\/th>\n<td>80W-90<\/td>\n<\/tr>\n<tr>\n<th>Peso<\/th>\n<td>23,5 kilogramos<\/td>\n<\/tr>\n<tr>\n<th>Disposici\u00f3n de engranajes creciente<\/th>\n<td>27-28<\/td>\n<\/tr>\n<tr>\n<th>Potencia de entrada kW\/HP en aumento<\/th>\n<td>36,8 \/ 50 kW\/CV<\/td>\n<\/tr>\n<tr>\n<th>Aumento del eje de entrada<\/th>\n<td>inc\u00f3gnita<\/td>\n<\/tr>\n<tr>\n<th>Par de salida DaNm en aumento<\/th>\n<td>21 daNm<\/td>\n<\/tr>\n<tr>\n<th>Aumento de la proporci\u00f3n<\/th>\n<td>1 : 3<\/td>\n<\/tr>\n<tr>\n<th>Reducci\u00f3n de la relaci\u00f3n<\/th>\n<td>3 : 1<\/td>\n<\/tr>\n<tr>\n<th>Eje X<\/th>\n<td>1 3\/8\u2033 (6) (A)<\/td>\n<\/tr>\n<tr>\n<th>Eje Y<\/th>\n<td>1 3\/8\u2033 (6) (A)<\/td>\n<\/tr>\n<tr>\n<th>Eje Z<\/th>\n<td>33 (B)<\/td>\n<\/tr>\n<\/tbody>\n<\/table>\n<h2>Eje de toma de fuerza para caja de cambios de cortac\u00e9sped agr\u00edcola<\/h2>\n<p>Un eje de toma de fuerza (TDF) es un eslab\u00f3n esencial que conecta el motor del tractor u otras fuentes de energ\u00eda a la caja de cambios de la cortadora de c\u00e9sped agr\u00edcola. Este componente desempe\u00f1a un papel fundamental en la transferencia de potencia mec\u00e1nica a las cuchillas de la cortadora, garantizando un funcionamiento eficiente y suave. En FMP, nos especializamos en ofrecer una amplia gama de ejes de toma de fuerza de alta calidad, dise\u00f1ados para funcionar a la perfecci\u00f3n con las cajas de cambios de las cortadoras de c\u00e9sped, maximizando el rendimiento, la fiabilidad y la durabilidad.<\/p>\n<h3>Caracter\u00edsticas principales de los ejes TDF FMP para cajas de engranajes de cortadoras de c\u00e9sped:<\/h3>\n<h4>Durabilidad y resistencia<\/h4>\n<p>Los ejes de toma de fuerza FMP est\u00e1n dise\u00f1ados para soportar los rigores del trabajo agr\u00edcola intensivo. Fabricados con materiales de alta calidad, como acero, estos ejes est\u00e1n dise\u00f1ados para una fiabilidad duradera. Ya sea que utilice segadoras rotativas, cortac\u00e9spedes u otra maquinaria agr\u00edcola, nuestros ejes de toma de fuerza ofrecen un desgaste m\u00ednimo y una durabilidad excepcional, incluso en condiciones exigentes.<\/p>\n<h4>Rendimiento alto<\/h4>\n<p>Los ejes de la TDF FMP est\u00e1n dise\u00f1ados para garantizar una transmisi\u00f3n de potencia \u00f3ptima, permitiendo que las cuchillas del cortac\u00e9sped giren a la velocidad y el par ideales para un corte eficaz. Esto garantiza un rendimiento constante y una siega de alta eficiencia, incluso en entornos dif\u00edciles. Ya sea cortando hierba espesa o terrenos irregulares, los ejes de la TDF FMP ayudan a mantener resultados de corte superiores.<\/p>\n<h4>Opciones de personalizaci\u00f3n<\/h4>\n<p>Entendemos que cada operaci\u00f3n es \u00fanica, por lo que ofrecemos cardanes que se adaptan a sus necesidades espec\u00edficas. Ya sea que se requieran ajustes de longitud, capacidad de torque o tipos de acoplamiento, FMP trabaja en estrecha colaboraci\u00f3n con los clientes para garantizar que el card\u00e1n se adapte perfectamente a su maquinaria, ofreciendo un rendimiento y una confiabilidad excepcionales.<\/p>\n<h4>Seguridad y facilidad de uso<\/h4>\n<p>La seguridad es una prioridad en la maquinaria agr\u00edcola, y las tomas de fuerza FMP est\u00e1n dise\u00f1adas con caracter\u00edsticas de seguridad integradas. Estas incluyen embragues de inercia y mecanismos de desacoplamiento que evitan da\u00f1os al desacoplarse la toma de fuerza. Adem\u00e1s, nuestras tomas de fuerza son f\u00e1ciles de instalar y mantener, lo que ofrece comodidad y tranquilidad a los operadores.<\/p>\n<h4>Versatilidad<\/h4>\n<p>Los ejes de toma de fuerza FMP son vers\u00e1tiles y compatibles con una amplia variedad de cajas de engranajes para cortac\u00e9spedes y otra maquinaria agr\u00edcola. Tanto si necesita un eje de toma de fuerza est\u00e1ndar como una soluci\u00f3n a medida, ofrecemos productos adecuados para todos los \u00e1mbitos de operaci\u00f3n, desde peque\u00f1as explotaciones agr\u00edcolas hasta grandes industrias.<\/p>\n<h4>Rentable<\/h4>\n<p>Al ofrecer cardanes duraderos y de alto rendimiento, FMP ayuda a reducir los costos de mantenimiento y el tiempo de inactividad. Nuestros cardanes est\u00e1n dise\u00f1ados para un rendimiento duradero, garantizando un funcionamiento suave y eficiente de su equipo, lo que a su vez le ahorra gastos de reparaci\u00f3n y reemplazo. Adem\u00e1s, nuestros precios competitivos ofrecen una excelente relaci\u00f3n calidad-precio.<\/p>\n<h3>\u00bfPor qu\u00e9 elegir ejes TDF FMP para la caja de cambios de su cortadora de c\u00e9sped?<\/h3>\n<ul>\n<li><strong>Seguro de calidad:<\/strong> En FMP, mantenemos los m\u00e1s altos est\u00e1ndares de calidad en cada producto que fabricamos, garantizando que su eje de toma de fuerza funcione de manera \u00f3ptima y dure m\u00e1s.<\/li>\n<li><strong>Personalizaci\u00f3n y soporte:<\/strong> Ofrecemos asesoramiento experto y soluciones personalizadas para satisfacer las necesidades espec\u00edficas de su maquinaria y operaci\u00f3n, garantizando que obtenga exactamente lo que necesita.<\/li>\n<li><strong>Alcance global:<\/strong> Con clientes en casi 30 pa\u00edses, FMP se ha ganado una s\u00f3lida reputaci\u00f3n por ofrecer componentes confiables y de alto rendimiento al sector agr\u00edcola.<\/li>\n<\/ul>\n<p>Para m\u00e1s informaci\u00f3n o para consultar sobre cardanes personalizados para la caja de cambios de su cortac\u00e9sped agr\u00edcola, contacte con FMP hoy mismo. Nos dedicamos a brindar las mejores soluciones para su maquinaria, garantizando la eficiencia y fiabilidad de sus operaciones.<\/p>\n<p><img loading=\"lazy\" decoding=\"async\" class=\"alignnone size-full wp-image-1873\" src=\"https:\/\/fmp-components.com\/wp-content\/uploads\/2024\/12\/PTO-Shaft-for-Rotary-Mower-Gearboxes-15.webp\" sizes=\"(min-width: 0px) and (max-width: 480px) 480px, (min-width: 481px) and (max-width: 980px) 980px, (min-width: 981px) 1000px, 100vw\" srcset=\"https:\/\/fmp-components.com\/wp-content\/uploads\/2024\/12\/PTO-Shaft-for-Rotary-Mower-Gearboxes-15.webp 1000w, https:\/\/fmp-components.com\/wp-content\/uploads\/2024\/12\/PTO-Shaft-for-Rotary-Mower-Gearboxes-15-980x980.webp 980w, https:\/\/fmp-components.com\/wp-content\/uploads\/2024\/12\/PTO-Shaft-for-Rotary-Mower-Gearboxes-15-480x480.webp 480w\" alt=\"Eje de toma de fuerza para cajas de engranajes de segadoras rotativas 15\" width=\"1000\" height=\"1000\" title=\"\"><\/p>\n<h3>Acerca de FMP<\/h3>\n<p>FMP, con sede en Italia, es un fabricante l\u00edder especializado en el dise\u00f1o, desarrollo y producci\u00f3n de cajas de engranajes de alto rendimiento para maquinaria agr\u00edcola. Nos dedicamos a ofrecer soluciones de ingenier\u00eda de precisi\u00f3n, con un fuerte \u00e9nfasis en la calidad, la innovaci\u00f3n y la fiabilidad. Nuestra amplia cartera de productos incluye una amplia variedad de cajas de engranajes, como cajas de engranajes para cortac\u00e9spedes, y componentes esenciales como cardanes. La misi\u00f3n de FMP es ofrecer soluciones personalizadas que satisfagan las necesidades espec\u00edficas de los sectores agr\u00edcola e industrial, ofreciendo tanto productos individuales como sistemas totalmente integrados.<\/p>\n<p>En FMP, comprendemos que cada cliente tiene necesidades \u00fanicas. Por eso, nuestra fortaleza reside en nuestra capacidad para ofrecer productos a medida que se adaptan perfectamente a estas necesidades. Ya sea que necesite una caja de cambios especializada o un sistema completo, trabajamos estrechamente con usted para garantizar la soluci\u00f3n m\u00e1s eficaz y eficiente. Nuestro compromiso con la satisfacci\u00f3n del cliente se demuestra mediante respuestas r\u00e1pidas y profesionales y asesoramiento experto, garantizando que cada consulta se atienda con cuidado y precisi\u00f3n.<\/p>\n<p>Creemos en la comunicaci\u00f3n abierta y continua con nuestros clientes, especialmente en el desarrollo de nuevos productos. Nuestro equipo especializado colabora estrechamente con ellos para comprender sus desaf\u00edos espec\u00edficos, ofreciendo informaci\u00f3n y asesoramiento valiosos para crear soluciones \u00f3ptimas. Desde el desarrollo de nuevos productos hasta la gesti\u00f3n de pedidos existentes, nos comprometemos a entregar productos de alta calidad con rapidez y precisi\u00f3n.<\/p>\n<p>La base de las operaciones de FMP es un enfoque inquebrantable en la calidad. Nuestros procesos de fabricaci\u00f3n se rigen por estrictos principios de altos est\u00e1ndares, precisi\u00f3n y cero defectos. Implementamos rigurosos controles de calidad para garantizar que cada producto supere los est\u00e1ndares de la industria. Este compromiso inquebrantable con la calidad, sumado a nuestros valores de integridad, trabajo en equipo y perseverancia, nos ha permitido forjar alianzas duraderas y significativas con clientes en casi 30 pa\u00edses de todo el mundo.<\/p>\n<p>FMP siempre est\u00e1 abierto a colaboraciones globales y est\u00e1 listo para ofrecer asesoramiento experto y soluciones personalizadas. Creemos en fomentar relaciones a largo plazo con nuestros clientes, garantizando su \u00e9xito y satisfacci\u00f3n en cada proyecto. Ya sea que necesite soluciones para un nuevo proyecto o soporte para un sistema existente, FMP se compromete a resolver sus desaf\u00edos t\u00e9cnicos y a garantizar su \u00e9xito continuo.<\/p>\n<p><img loading=\"lazy\" decoding=\"async\" class=\"alignnone size-full wp-image-1861\" src=\"https:\/\/fmp-components.com\/wp-content\/uploads\/2024\/12\/Other-Agricultural-Gearboxes.webp\" sizes=\"(min-width: 0px) and (max-width: 480px) 480px, (min-width: 481px) and (max-width: 980px) 980px, (min-width: 981px) 1200px, 100vw\" srcset=\"https:\/\/fmp-components.com\/wp-content\/uploads\/2024\/12\/Other-Agricultural-Gearboxes.webp 1200w, https:\/\/fmp-components.com\/wp-content\/uploads\/2024\/12\/Other-Agricultural-Gearboxes-980x1143.webp 980w, https:\/\/fmp-components.com\/wp-content\/uploads\/2024\/12\/Other-Agricultural-Gearboxes-480x560.webp 480w\" alt=\"Otros cambios agr\u00edcolas\" width=\"1200\" height=\"1400\" title=\"\"><\/p>\n<p>Autor: CX<\/p>","protected":false},"excerpt":{"rendered":"<p>Mowers Gearboxes \u2013 Replacement of Comer Code TL-311D Specification Description Mowers Gearboxes &#8211; Replacement of Comer Code TL-311D Application Mowers Consists of Gearbox Order Oil Separately Technical Information All technical data corresponds to ISO 6335 and ISO 281. Contains Oil No Max. Oil Capacity 1.2 l Oil SAE Viscosity Grade 80W-90 Weight 23.5 kg Gear [&hellip;]<\/p>","protected":false},"featured_media":1972,"comment_status":"open","ping_status":"closed","template":"","meta":{"_et_pb_use_builder":"","_et_pb_old_content":"","_et_gb_content_width":""},"product_brand":[],"product_cat":[52],"product_tag":[],"class_list":{"0":"post-1969","1":"product","2":"type-product","3":"status-publish","4":"has-post-thumbnail","6":"product_cat-lawn-mower-gearbox","8":"first","9":"instock","10":"shipping-taxable","11":"product-type-simple"},"_links":{"self":[{"href":"https:\/\/fmp-components.com\/es\/wp-json\/wp\/v2\/product\/1969","targetHints":{"allow":["GET"]}}],"collection":[{"href":"https:\/\/fmp-components.com\/es\/wp-json\/wp\/v2\/product"}],"about":[{"href":"https:\/\/fmp-components.com\/es\/wp-json\/wp\/v2\/types\/product"}],"replies":[{"embeddable":true,"href":"https:\/\/fmp-components.com\/es\/wp-json\/wp\/v2\/comments?post=1969"}],"wp:featuredmedia":[{"embeddable":true,"href":"https:\/\/fmp-components.com\/es\/wp-json\/wp\/v2\/media\/1972"}],"wp:attachment":[{"href":"https:\/\/fmp-components.com\/es\/wp-json\/wp\/v2\/media?parent=1969"}],"wp:term":[{"taxonomy":"product_brand","embeddable":true,"href":"https:\/\/fmp-components.com\/es\/wp-json\/wp\/v2\/product_brand?post=1969"},{"taxonomy":"product_cat","embeddable":true,"href":"https:\/\/fmp-components.com\/es\/wp-json\/wp\/v2\/product_cat?post=1969"},{"taxonomy":"product_tag","embeddable":true,"href":"https:\/\/fmp-components.com\/es\/wp-json\/wp\/v2\/product_tag?post=1969"}],"curies":[{"name":"gracias","href":"https:\/\/api.w.org\/{rel}","templated":true}]}}