{"id":1966,"date":"2024-12-26T03:59:58","date_gmt":"2024-12-26T03:59:58","guid":{"rendered":"https:\/\/fmp-components.com\/?page_id=8"},"modified":"2026-03-16T08:00:26","modified_gmt":"2026-03-16T08:00:26","slug":"lmowers-gearboxes-replacement-of-comer-code-t-269a","status":"publish","type":"product","link":"https:\/\/fmp-components.com\/es\/product\/lmowers-gearboxes-replacement-of-comer-code-t-269a\/","title":{"rendered":"Cajas de engranajes para cortadoras de c\u00e9sped \u2013 Reemplazo del c\u00f3digo Comer T-269A"},"content":{"rendered":"<p><img loading=\"lazy\" decoding=\"async\" class=\"size-full wp-image-1968 aligncenter\" src=\"https:\/\/fmp-components.com\/wp-content\/uploads\/2024\/12\/Lawn-Mower-Gearbox-3.webp\" alt=\"Caja de cambios de la cortadora de c\u00e9sped\" width=\"500\" height=\"500\" title=\"\" srcset=\"https:\/\/fmp-components.com\/wp-content\/uploads\/2024\/12\/Lawn-Mower-Gearbox-3.webp 500w, https:\/\/fmp-components.com\/wp-content\/uploads\/2024\/12\/Lawn-Mower-Gearbox-3-480x480.webp 480w\" sizes=\"(min-width: 0px) and (max-width: 480px) 480px, (min-width: 481px) 500px, 100vw\" \/><\/p>\n<h2>Cajas de engranajes para cortadoras de c\u00e9sped \u2013 Sustituci\u00f3n de la especificaci\u00f3n Comer C\u00f3digo T-269A<\/h2>\n<table style=\"width: 100%; height: 506px;\" border=\"1\" width=\"100%\" cellspacing=\"0\" cellpadding=\"0\">\n<tbody>\n<tr style=\"height: 23px;\">\n<th style=\"height: 23px;\">Descripci\u00f3n<\/th>\n<td style=\"height: 23px;\">Cajas de engranajes para cortadoras de c\u00e9sped: reemplazo del c\u00f3digo Comer T-269A<\/td>\n<\/tr>\n<tr style=\"height: 23px;\">\n<th style=\"height: 23px;\">Solicitud<\/th>\n<td style=\"height: 23px;\">Diversas aplicaciones (agr\u00edcolas), Segadoras<\/td>\n<\/tr>\n<tr style=\"height: 23px;\">\n<th style=\"height: 23px;\">Consiste en<\/th>\n<td style=\"height: 23px;\">Caja de cambios<\/p>\n<p>Pedir aceite por separado<\/td>\n<\/tr>\n<tr style=\"height: 23px;\">\n<th style=\"height: 23px;\">Informaci\u00f3n t\u00e9cnica<\/th>\n<td style=\"height: 23px;\">Todos los datos t\u00e9cnicos corresponden a ISO 6335 e ISO 281.<\/td>\n<\/tr>\n<tr style=\"height: 23px;\">\n<th style=\"height: 23px;\">Par de salida m\u00e1ximo<\/th>\n<td style=\"height: 23px;\">161,1 daNm<\/td>\n<\/tr>\n<tr style=\"height: 23px;\">\n<th style=\"height: 23px;\">Contiene aceite<\/th>\n<td style=\"height: 23px;\">No<\/td>\n<\/tr>\n<tr style=\"height: 23px;\">\n<th style=\"height: 23px;\">Capacidad m\u00e1xima de aceite<\/th>\n<td style=\"height: 23px;\">3,25 litros<\/td>\n<\/tr>\n<tr style=\"height: 23px;\">\n<th style=\"height: 23px;\">Grado de viscosidad SAE del aceite<\/th>\n<td style=\"height: 23px;\">80W-90<\/td>\n<\/tr>\n<tr style=\"height: 23px;\">\n<th style=\"height: 23px;\">Peso<\/th>\n<td style=\"height: 23px;\">48 kilos<\/td>\n<\/tr>\n<tr style=\"height: 23px;\">\n<th style=\"height: 23px;\">Disposici\u00f3n de engranajes creciente<\/th>\n<td style=\"height: 23px;\">25 &#8211; 26 &#8211; 27 &#8211; 28<\/td>\n<\/tr>\n<tr style=\"height: 23px;\">\n<th style=\"height: 23px;\">Disposici\u00f3n de engranajes reductores<\/th>\n<td style=\"height: 23px;\">5 &#8211; 6<\/td>\n<\/tr>\n<tr style=\"height: 23px;\">\n<th style=\"height: 23px;\">Potencia de entrada kW\/HP en aumento<\/th>\n<td style=\"height: 23px;\">77,3 \/ 105 kW\/CV<\/td>\n<\/tr>\n<tr style=\"height: 23px;\">\n<th style=\"height: 23px;\">Aumento del eje de entrada<\/th>\n<td style=\"height: 23px;\">X \u2013 Y<\/td>\n<\/tr>\n<tr style=\"height: 23px;\">\n<th style=\"height: 23px;\">Reducci\u00f3n del eje de entrada<\/th>\n<td style=\"height: 23px;\">Z<\/td>\n<\/tr>\n<tr style=\"height: 23px;\">\n<th style=\"height: 23px;\">Potencia de entrada KW \/ HP Reducci\u00f3n<\/th>\n<td style=\"height: 23px;\">66,2 \/ 90 kW\/CV<\/td>\n<\/tr>\n<tr style=\"height: 23px;\">\n<th style=\"height: 23px;\">Par de salida DaNm en aumento<\/th>\n<td style=\"height: 23px;\">93,2 daNm<\/td>\n<\/tr>\n<tr style=\"height: 23px;\">\n<th style=\"height: 23px;\">Aumento de la proporci\u00f3n<\/th>\n<td style=\"height: 23px;\">1 : 1.42<\/td>\n<\/tr>\n<tr style=\"height: 23px;\">\n<th style=\"height: 23px;\">Reducci\u00f3n de la relaci\u00f3n<\/th>\n<td style=\"height: 23px;\">1.42 : 1<\/td>\n<\/tr>\n<tr style=\"height: 23px;\">\n<th style=\"height: 23px;\">Eje X<\/th>\n<td style=\"height: 23px;\">1 3\/8\u2033 (6) (B)<\/td>\n<\/tr>\n<tr style=\"height: 23px;\">\n<th style=\"height: 23px;\">Eje Y<\/th>\n<td style=\"height: 23px;\">1 3\/8\u2033 (6) (A)<\/td>\n<\/tr>\n<tr style=\"height: 23px;\">\n<th style=\"height: 23px;\">Eje Z<\/th>\n<td style=\"height: 23px;\">1 3\/8\u2033 (6) (C)<\/td>\n<\/tr>\n<\/tbody>\n<\/table>\n<h3>\u00bfPor qu\u00e9 elegir ejes TDF FMP para la caja de cambios de su cortadora de c\u00e9sped?<\/h3>\n<p><strong>Garant\u00eda de calidad sin concesiones:<\/strong><br \/>\nEn FMP, la calidad es nuestra m\u00e1xima prioridad. Cumplimos con estrictos est\u00e1ndares de fabricaci\u00f3n, lo que garantiza que cada eje de toma de fuerza que fabricamos est\u00e9 dise\u00f1ado para durar y funcionar de forma \u00f3ptima, incluso en las condiciones m\u00e1s exigentes. Nuestros ejes de toma de fuerza se someten a rigurosas pruebas para garantizar su durabilidad, resistencia y fiabilidad a largo plazo, lo que los convierte en la opci\u00f3n ideal para asegurar el funcionamiento suave y eficiente de la caja de cambios de su cortac\u00e9sped.<\/p>\n<p><strong>Soluciones personalizadas y soporte experto:<\/strong><br \/>\nEntendemos que cada maquinaria agr\u00edcola tiene requisitos \u00fanicos. Por eso, ofrecemos cardanes personalizables, dise\u00f1ados para satisfacer las necesidades espec\u00edficas de su operaci\u00f3n. Ya sea que necesite un card\u00e1n para una segadora rotativa, una barredora de nieve u otro equipo agr\u00edcola, nuestro equipo de expertos est\u00e1 listo para brindarle asesoramiento y soluciones personalizadas. Trabajamos estrechamente con usted para garantizar que los cardanes que suministramos se adapten perfectamente a su maquinaria, mejorando su rendimiento y eficiencia.<\/p>\n<p><strong>Alcance global y confiabilidad comprobada:<\/strong><br \/>\nCon una creciente base de clientes en casi 30 pa\u00edses, FMP se ha forjado una reputaci\u00f3n por ofrecer componentes fiables y de alta calidad a la industria agr\u00edcola. Agricultores, paisajistas y operadores industriales de todo el mundo conf\u00edan en nuestros ejes de toma de fuerza por su durabilidad, facilidad de uso y rendimiento constante. Tanto si reside en Norteam\u00e9rica, Europa o cualquier otro lugar, puede confiar en FMP para obtener productos de primera calidad que satisfagan las necesidades de su maquinaria.<\/p>\n<p><strong>Servicio integral al cliente:<\/strong><br \/>\nEl compromiso de FMP con la satisfacci\u00f3n del cliente va m\u00e1s all\u00e1 de simplemente proporcionar productos. Nos dedicamos a ofrecer soporte continuo durante toda la vida \u00fatil de su equipo. Nuestro equipo de atenci\u00f3n al cliente est\u00e1 disponible para responder preguntas, ofrecer asistencia t\u00e9cnica y garantizar el \u00f3ptimo funcionamiento de su card\u00e1n. Desde consultas previas a la venta hasta asesoramiento sobre mantenimiento posventa, estamos aqu\u00ed para ayudarle en cada paso del proceso.<\/p>\n<p>Para m\u00e1s informaci\u00f3n o para consultar sobre ejes de toma de fuerza personalizados para la caja de engranajes de su cortac\u00e9sped agr\u00edcola, contacte con FMP hoy mismo. Nuestro equipo est\u00e1 encantado de ayudarle con las mejores soluciones para su maquinaria, garantizando la m\u00e1xima eficiencia y fiabilidad en sus operaciones. Deje que FMP sea su socio de confianza para impulsar su equipo durante a\u00f1os.<\/p>\n<table border=\"1\" width=\"100%\" cellspacing=\"0\" cellpadding=\"0\">\n<tbody>\n<tr>\n<td width=\"110\"><img loading=\"lazy\" decoding=\"async\" class=\"alignnone size-full wp-image-1872\" src=\"https:\/\/fmp-components.com\/wp-content\/uploads\/2024\/12\/PTO-Shaft-for-Rotary-Mower-Gearboxes-16.webp\" sizes=\"(min-width: 0px) and (max-width: 480px) 480px, (min-width: 481px) and (max-width: 980px) 980px, (min-width: 981px) 1000px, 100vw\" srcset=\"https:\/\/fmp-components.com\/wp-content\/uploads\/2024\/12\/PTO-Shaft-for-Rotary-Mower-Gearboxes-16.webp 1000w, https:\/\/fmp-components.com\/wp-content\/uploads\/2024\/12\/PTO-Shaft-for-Rotary-Mower-Gearboxes-16-980x980.webp 980w, https:\/\/fmp-components.com\/wp-content\/uploads\/2024\/12\/PTO-Shaft-for-Rotary-Mower-Gearboxes-16-480x480.webp 480w\" alt=\"Eje de toma de fuerza para cajas de engranajes de segadoras rotativas - 16\" width=\"1000\" height=\"1000\" title=\"\"><\/td>\n<td width=\"98\"><img loading=\"lazy\" decoding=\"async\" class=\"alignnone size-full wp-image-1873\" src=\"https:\/\/fmp-components.com\/wp-content\/uploads\/2024\/12\/PTO-Shaft-for-Rotary-Mower-Gearboxes-15.webp\" sizes=\"(min-width: 0px) and (max-width: 480px) 480px, (min-width: 481px) and (max-width: 980px) 980px, (min-width: 981px) 1000px, 100vw\" srcset=\"https:\/\/fmp-components.com\/wp-content\/uploads\/2024\/12\/PTO-Shaft-for-Rotary-Mower-Gearboxes-15.webp 1000w, https:\/\/fmp-components.com\/wp-content\/uploads\/2024\/12\/PTO-Shaft-for-Rotary-Mower-Gearboxes-15-980x980.webp 980w, https:\/\/fmp-components.com\/wp-content\/uploads\/2024\/12\/PTO-Shaft-for-Rotary-Mower-Gearboxes-15-480x480.webp 480w\" alt=\"Eje de toma de fuerza para cajas de engranajes de segadoras rotativas 15\" width=\"1000\" height=\"1000\" title=\"\"><\/td>\n<\/tr>\n<\/tbody>\n<\/table>\n<h3>Acerca de FMP<\/h3>\n<p>FMP, con sede en Italia, es un fabricante l\u00edder especializado en el dise\u00f1o, desarrollo y producci\u00f3n de cajas de engranajes de alto rendimiento para maquinaria agr\u00edcola. Nos dedicamos a ofrecer soluciones de ingenier\u00eda de precisi\u00f3n, priorizando la calidad, la innovaci\u00f3n y la fiabilidad. Nuestra cartera de productos incluye una amplia gama de cajas de engranajes, como cajas de engranajes para cortac\u00e9spedes, adem\u00e1s de componentes esenciales como cardanes. Nuestra misi\u00f3n es ofrecer soluciones a medida que satisfagan las necesidades espec\u00edficas de los sectores agr\u00edcola e industrial, ya sea mediante productos individuales o sistemas totalmente integrados.<\/p>\n<p>En FMP, entendemos que cada cliente tiene necesidades \u00fanicas. Por eso, nuestra fortaleza reside en nuestra capacidad para personalizar productos que se ajusten perfectamente a esas necesidades. Ya sea que busque una caja de cambios especializada o un sistema completo, trabajamos estrechamente con usted para ofrecerle la soluci\u00f3n m\u00e1s eficaz y eficiente. Nuestro compromiso con la satisfacci\u00f3n del cliente se refleja en nuestras respuestas r\u00e1pidas y profesionales y en nuestro asesoramiento experto, garantizando que cada consulta se atienda con cuidado y precisi\u00f3n.<\/p>\n<p>Valoramos la comunicaci\u00f3n abierta con nuestros clientes, especialmente en el desarrollo de nuevos productos. Nuestro equipo dedicado colabora estrechamente con ellos para comprender sus desaf\u00edos y aporta informaci\u00f3n valiosa para crear soluciones \u00f3ptimas. Desde el desarrollo de nuevos productos hasta la gesti\u00f3n de pedidos existentes, nos comprometemos a entregar productos de alta calidad con rapidez y precisi\u00f3n.<\/p>\n<p>La calidad es la piedra angular de todo lo que hacemos en FMP. Nuestro proceso de fabricaci\u00f3n se basa en los principios de altos est\u00e1ndares, precisi\u00f3n y cero defectos. Nos adherimos a rigurosos controles de calidad para garantizar que cada producto que entregamos supere los est\u00e1ndares de la industria. Este enfoque incansable en la calidad, sumado a nuestros valores de integridad, trabajo en equipo y perseverancia, nos ha permitido forjar alianzas s\u00f3lidas y duraderas con clientes en casi 30 pa\u00edses de todo el mundo.<\/p>\n<p>FMP siempre est\u00e1 abierto a la colaboraci\u00f3n global y dispuesto a ofrecer asesoramiento experto y soluciones a medida. Nuestro enfoque no se limita a entregar productos, sino a construir alianzas a largo plazo que conduzcan al \u00e9xito mutuo. Ya sea que necesite soluciones para un nuevo proyecto o soporte para sus sistemas existentes, FMP se compromete a resolver sus desaf\u00edos t\u00e9cnicos y ayudarle a alcanzar el \u00e9xito a largo plazo.<\/p>\n<p><img loading=\"lazy\" decoding=\"async\" class=\"alignnone size-full wp-image-1861\" src=\"https:\/\/fmp-components.com\/wp-content\/uploads\/2024\/12\/Other-Agricultural-Gearboxes.webp\" sizes=\"(min-width: 0px) and (max-width: 480px) 480px, (min-width: 481px) and (max-width: 980px) 980px, (min-width: 981px) 1200px, 100vw\" srcset=\"https:\/\/fmp-components.com\/wp-content\/uploads\/2024\/12\/Other-Agricultural-Gearboxes.webp 1200w, https:\/\/fmp-components.com\/wp-content\/uploads\/2024\/12\/Other-Agricultural-Gearboxes-980x1143.webp 980w, https:\/\/fmp-components.com\/wp-content\/uploads\/2024\/12\/Other-Agricultural-Gearboxes-480x560.webp 480w\" alt=\"Otros cambios agr\u00edcolas\" width=\"1200\" height=\"1400\" title=\"\"><\/p>\n<p>Autor: CX<\/p>","protected":false},"excerpt":{"rendered":"<p>Lawn Mowers Gearboxes \u2013 Replacement of Comer Code T-269A Specification Description Mowers Gearboxes &#8211; Replacement of Comer Code T-269A Application Various (agricultural) applications, Mowers Consists of Gearbox Order Oil Separately Technical Information All technical data corresponds to ISO 6335 and ISO 281. Max. Output Torque 161.1 daNm Contains Oil No Max. Oil Capacity 3.25 l [&hellip;]<\/p>","protected":false},"featured_media":1968,"comment_status":"open","ping_status":"closed","template":"","meta":{"_et_pb_use_builder":"","_et_pb_old_content":"","_et_gb_content_width":""},"product_brand":[],"product_cat":[52],"product_tag":[],"class_list":{"0":"post-1966","1":"product","2":"type-product","3":"status-publish","4":"has-post-thumbnail","6":"product_cat-lawn-mower-gearbox","8":"first","9":"instock","10":"shipping-taxable","11":"product-type-simple"},"_links":{"self":[{"href":"https:\/\/fmp-components.com\/es\/wp-json\/wp\/v2\/product\/1966","targetHints":{"allow":["GET"]}}],"collection":[{"href":"https:\/\/fmp-components.com\/es\/wp-json\/wp\/v2\/product"}],"about":[{"href":"https:\/\/fmp-components.com\/es\/wp-json\/wp\/v2\/types\/product"}],"replies":[{"embeddable":true,"href":"https:\/\/fmp-components.com\/es\/wp-json\/wp\/v2\/comments?post=1966"}],"wp:featuredmedia":[{"embeddable":true,"href":"https:\/\/fmp-components.com\/es\/wp-json\/wp\/v2\/media\/1968"}],"wp:attachment":[{"href":"https:\/\/fmp-components.com\/es\/wp-json\/wp\/v2\/media?parent=1966"}],"wp:term":[{"taxonomy":"product_brand","embeddable":true,"href":"https:\/\/fmp-components.com\/es\/wp-json\/wp\/v2\/product_brand?post=1966"},{"taxonomy":"product_cat","embeddable":true,"href":"https:\/\/fmp-components.com\/es\/wp-json\/wp\/v2\/product_cat?post=1966"},{"taxonomy":"product_tag","embeddable":true,"href":"https:\/\/fmp-components.com\/es\/wp-json\/wp\/v2\/product_tag?post=1966"}],"curies":[{"name":"gracias","href":"https:\/\/api.w.org\/{rel}","templated":true}]}}