{"id":1962,"date":"2024-12-26T03:46:41","date_gmt":"2024-12-26T03:46:41","guid":{"rendered":"https:\/\/fmp-components.com\/?page_id=8"},"modified":"2024-12-26T03:48:03","modified_gmt":"2024-12-26T03:48:03","slug":"agricultural-lawn-mower-gearbox-fmp-lf211","status":"publish","type":"product","link":"https:\/\/fmp-components.com\/es\/product\/agricultural-lawn-mower-gearbox-fmp-lf211\/","title":{"rendered":"Caja de engranajes para cortac\u00e9sped agr\u00edcola FMP-LF211"},"content":{"rendered":"<h2>Especificaciones de la caja de engranajes para cortadora de c\u00e9sped agr\u00edcola FMP-LF211:<\/h2>\n<p>&nbsp;<\/p>\n<p><img loading=\"lazy\" decoding=\"async\" class=\"alignnone size-full wp-image-1963\" src=\"https:\/\/fmp-components.com\/wp-content\/uploads\/2024\/12\/Lawn-Mower-Gearbox-2.webp\" alt=\"Caja de cambios de la cortadora de c\u00e9sped\" width=\"1000\" height=\"500\" title=\"\" srcset=\"https:\/\/fmp-components.com\/wp-content\/uploads\/2024\/12\/Lawn-Mower-Gearbox-2.webp 1000w, https:\/\/fmp-components.com\/wp-content\/uploads\/2024\/12\/Lawn-Mower-Gearbox-2-980x490.webp 980w, https:\/\/fmp-components.com\/wp-content\/uploads\/2024\/12\/Lawn-Mower-Gearbox-2-480x240.webp 480w\" sizes=\"(min-width: 0px) and (max-width: 480px) 480px, (min-width: 481px) and (max-width: 980px) 980px, (min-width: 981px) 1000px, 100vw\" \/><\/p>\n<table style=\"width: 102.595%; height: 206px;\" border=\"1\">\n<tbody>\n<tr>\n<td style=\"width: 32.2105%;\"><strong>ART\u00cdCULO<\/strong><\/td>\n<td style=\"width: 67.0526%;\">FMP-LF211<\/td>\n<\/tr>\n<tr>\n<td style=\"width: 32.2105%;\"><strong>Relaci\u00f3n<\/strong><\/td>\n<td style=\"width: 67.0526%;\">1:2.83<\/td>\n<\/tr>\n<tr>\n<td style=\"width: 32.2105%;\"><strong>Dientes<\/strong><\/td>\n<td style=\"width: 67.0526%;\">34\/12<\/td>\n<\/tr>\n<tr>\n<td style=\"width: 32.2105%;\"><strong>M\u00f3dulo<\/strong><\/td>\n<td style=\"width: 67.0526%;\">3.36<\/td>\n<\/tr>\n<tr>\n<td style=\"width: 32.2105%;\"><strong>Potencia (HP)<\/strong><\/td>\n<td style=\"width: 67.0526%;\">20<\/td>\n<\/tr>\n<tr>\n<td style=\"width: 32.2105%;\"><strong>Entrada nominal<\/strong><\/td>\n<td style=\"width: 67.0526%;\">540 rpm<\/td>\n<\/tr>\n<tr>\n<td style=\"width: 32.2105%;\"><strong>Descripci\u00f3n de entrada\/salida<\/strong><\/td>\n<td style=\"width: 67.0526%;\">Eje \u00f3ptico 1-3\/8 Z6<\/td>\n<\/tr>\n<tr>\n<td style=\"width: 32.2105%;\"><strong>Peso (NW)<\/strong><\/td>\n<td style=\"width: 67.0526%;\">14,5 kg<\/td>\n<\/tr>\n<\/tbody>\n<\/table>\n<h2>Eje de toma de fuerza para caja de cambios de cortac\u00e9sped agr\u00edcola<\/h2>\n<p>Un eje de toma de fuerza (TDF) es un componente crucial para conectar un tractor u otra fuente de energ\u00eda a la caja de cambios de una cortadora de c\u00e9sped agr\u00edcola. Desempe\u00f1a un papel esencial en la transferencia de potencia mec\u00e1nica del motor del tractor a las cuchillas de la cortadora, lo que permite un funcionamiento eficiente. En FMP, ofrecemos una amplia selecci\u00f3n de ejes de toma de fuerza de alta calidad, dise\u00f1ados para funcionar a la perfecci\u00f3n con las cajas de cambios de las cortadoras de c\u00e9sped agr\u00edcolas, garantizando un rendimiento y una fiabilidad \u00f3ptimos.<\/p>\n<h3>Caracter\u00edsticas principales de los ejes TDF FMP para cajas de engranajes de cortadoras de c\u00e9sped:<\/h3>\n<ol>\n<li><strong>Durabilidad y resistencia<\/strong><br \/>\nLos ejes de toma de fuerza FMP est\u00e1n dise\u00f1ados para durar, fabricados con materiales de alta calidad como el acero para soportar las tensiones de las operaciones agr\u00edcolas m\u00e1s exigentes. Ya sea que se utilicen en segadoras rotativas, cortac\u00e9spedes u otros equipos agr\u00edcolas, nuestros ejes de toma de fuerza ofrecen fiabilidad a largo plazo y un desgaste m\u00ednimo.<\/li>\n<li><strong>Rendimiento alto<\/strong><br \/>\nNuestros ejes de toma de fuerza est\u00e1n dise\u00f1ados para una transmisi\u00f3n de potencia eficiente, garantizando que las cuchillas del cortac\u00e9sped giren a la velocidad y el par adecuados para un corte eficaz. Este rendimiento constante es vital para obtener resultados de corte \u00f3ptimos, incluso en condiciones dif\u00edciles.<\/li>\n<li><strong>Opciones de personalizaci\u00f3n<\/strong><br \/>\nEn FMP, comprendemos que cada aplicaci\u00f3n requiere soluciones diferentes. Ofrecemos cardanes personalizados para satisfacer necesidades espec\u00edficas, incluyendo ajustes de longitud, capacidad de par y tipos de acoplamiento. Nuestro equipo colabora estrechamente con nuestros clientes para garantizar que el card\u00e1n se adapte perfectamente a su equipo y ofrezca el m\u00e1ximo rendimiento.<\/li>\n<li><strong>Seguridad y facilidad de uso<\/strong><br \/>\nLa seguridad es una prioridad absoluta en la maquinaria agr\u00edcola. Las tomas de fuerza FMP est\u00e1n dise\u00f1adas con caracter\u00edsticas de seguridad, como embragues de inercia y otros mecanismos que evitan da\u00f1os al desacoplarse la toma de fuerza. Adem\u00e1s, son f\u00e1ciles de instalar y mantener, lo que proporciona comodidad a los operadores.<\/li>\n<li><strong>Versatilidad<\/strong><br \/>\nNuestros ejes de toma de fuerza son compatibles con una amplia gama de cajas de engranajes para cortac\u00e9spedes y maquinaria agr\u00edcola. Tanto si busca un eje de toma de fuerza est\u00e1ndar como una soluci\u00f3n a medida, FMP ofrece productos adecuados para diversos modelos de cortac\u00e9spedes, desde peque\u00f1as operaciones hasta grandes usos industriales.<\/li>\n<li><strong>Rentable<\/strong><br \/>\nAl ofrecer ejes de toma de fuerza duraderos y de alto rendimiento, FMP ayuda a reducir el tiempo de inactividad y los costos de reparaci\u00f3n, garantizando as\u00ed un funcionamiento \u00f3ptimo y eficiente de su equipo agr\u00edcola. Nuestros precios competitivos le garantizan el mejor valor por su inversi\u00f3n.<\/li>\n<\/ol>\n<h3>\u00bfPor qu\u00e9 elegir ejes TDF FMP para la caja de cambios de su cortadora de c\u00e9sped?<\/h3>\n<ul>\n<li><strong>Seguro de calidad:<\/strong> FMP se compromete a mantener los m\u00e1s altos est\u00e1ndares de calidad en cada producto que fabricamos, garantizando que su eje de toma de fuerza funcione de manera \u00f3ptima a lo largo del tiempo.<\/li>\n<li><strong>Personalizaci\u00f3n y soporte:<\/strong> Ofrecemos asesoramiento experto y soluciones personalizables para satisfacer las necesidades espec\u00edficas de su maquinaria y operaci\u00f3n.<\/li>\n<li><strong>Alcance global:<\/strong> Con clientes en casi 30 pa\u00edses, FMP se ha ganado la reputaci\u00f3n de ofrecer componentes confiables y de alto rendimiento para el sector agr\u00edcola.<\/li>\n<\/ul>\n<p>Para m\u00e1s informaci\u00f3n o para consultar sobre cardanes personalizados para la caja de cambios de su cortac\u00e9sped agr\u00edcola, contacte con FMP hoy mismo. Nos dedicamos a brindarle las mejores soluciones para su maquinaria, garantizando la fiabilidad y eficiencia de sus operaciones.<\/p>\n<table style=\"width: 100%;\" border=\"1\" width=\"100%\" cellspacing=\"0\" cellpadding=\"0\">\n<tbody>\n<tr>\n<td width=\"110\"><img loading=\"lazy\" decoding=\"async\" class=\"alignnone size-full wp-image-1872\" src=\"https:\/\/fmp-components.com\/wp-content\/uploads\/2024\/12\/PTO-Shaft-for-Rotary-Mower-Gearboxes-16.webp\" alt=\"Eje de toma de fuerza para cajas de engranajes de segadoras rotativas - 16\" width=\"1000\" height=\"1000\" title=\"\" srcset=\"https:\/\/fmp-components.com\/wp-content\/uploads\/2024\/12\/PTO-Shaft-for-Rotary-Mower-Gearboxes-16.webp 1000w, https:\/\/fmp-components.com\/wp-content\/uploads\/2024\/12\/PTO-Shaft-for-Rotary-Mower-Gearboxes-16-980x980.webp 980w, https:\/\/fmp-components.com\/wp-content\/uploads\/2024\/12\/PTO-Shaft-for-Rotary-Mower-Gearboxes-16-480x480.webp 480w\" sizes=\"(min-width: 0px) and (max-width: 480px) 480px, (min-width: 481px) and (max-width: 980px) 980px, (min-width: 981px) 1000px, 100vw\" \/><\/td>\n<td width=\"98\"><img loading=\"lazy\" decoding=\"async\" class=\"alignnone size-full wp-image-1873\" src=\"https:\/\/fmp-components.com\/wp-content\/uploads\/2024\/12\/PTO-Shaft-for-Rotary-Mower-Gearboxes-15.webp\" alt=\"Eje de toma de fuerza para cajas de engranajes de segadoras rotativas 15\" width=\"1000\" height=\"1000\" title=\"\" srcset=\"https:\/\/fmp-components.com\/wp-content\/uploads\/2024\/12\/PTO-Shaft-for-Rotary-Mower-Gearboxes-15.webp 1000w, https:\/\/fmp-components.com\/wp-content\/uploads\/2024\/12\/PTO-Shaft-for-Rotary-Mower-Gearboxes-15-980x980.webp 980w, https:\/\/fmp-components.com\/wp-content\/uploads\/2024\/12\/PTO-Shaft-for-Rotary-Mower-Gearboxes-15-480x480.webp 480w\" sizes=\"(min-width: 0px) and (max-width: 480px) 480px, (min-width: 481px) and (max-width: 980px) 980px, (min-width: 981px) 1000px, 100vw\" \/><\/td>\n<\/tr>\n<\/tbody>\n<\/table>\n<h3>Acerca de FMP<\/h3>\n<p>FMP es un fabricante l\u00edder de cajas de engranajes con sede en Italia, especializado en el dise\u00f1o, desarrollo y producci\u00f3n de cajas de engranajes de alto rendimiento para maquinaria agr\u00edcola. Con un fuerte \u00e9nfasis en la calidad, la precisi\u00f3n y la innovaci\u00f3n, ofrecemos una gama completa de cajas de engranajes, incluyendo cajas de engranajes para cortac\u00e9spedes, adem\u00e1s de componentes esenciales como cardanes. Nuestra misi\u00f3n es brindar soluciones personalizadas a los sectores agr\u00edcola e industrial, satisfaciendo las necesidades espec\u00edficas de nuestros clientes mediante productos individuales y sistemas totalmente integrados.<\/p>\n<p>En FMP, reconocemos que cada cliente tiene requisitos espec\u00edficos. Nuestra fortaleza reside en nuestra capacidad para dise\u00f1ar soluciones a medida que satisfagan estas diversas necesidades. Ya sea que necesite un tipo espec\u00edfico de caja de cambios o un sistema completo, colaboramos estrechamente con usted para garantizar el producto m\u00e1s eficaz y eficiente. Nuestro compromiso con la satisfacci\u00f3n del cliente se refleja en nuestro enfoque receptivo y profesional, garantizando que cada consulta reciba asesoramiento y apoyo experto.<\/p>\n<p>Priorizamos la comunicaci\u00f3n abierta y continua con nuestros clientes, especialmente en el desarrollo de nuevos productos. Nuestro equipo trabaja en estrecha colaboraci\u00f3n con ellos para comprender sus desaf\u00edos, ofreciendo informaci\u00f3n valiosa y asesoramiento para crear soluciones \u00f3ptimas. Ya sea desarrollando nuevos productos o cumpliendo pedidos existentes, nos dedicamos a entregar productos de alta calidad con rapidez y precisi\u00f3n.<\/p>\n<p>La calidad es la base de todo lo que hacemos. Nuestro proceso de fabricaci\u00f3n se rige por los principios de \"altos est\u00e1ndares, alta precisi\u00f3n y cero defectos\". Implementamos rigurosos protocolos de control de calidad para garantizar que cada producto que fabricamos supere los est\u00e1ndares de la industria. Este enfoque inquebrantable en la calidad, combinado con nuestros valores de trabajo en equipo, integridad y perseverancia, nos ha ayudado a forjar relaciones s\u00f3lidas y duraderas con clientes en casi 30 pa\u00edses de todo el mundo.<\/p>\n<p>FMP da la bienvenida a la colaboraci\u00f3n global y siempre est\u00e1 dispuesta a ofrecer asesoramiento experto y soluciones personalizadas. Nuestro enfoque va m\u00e1s all\u00e1 de la entrega de productos; se trata de fomentar colaboraciones a largo plazo que contribuyan al \u00e9xito mutuo. Ya sea que busque soluciones para nuevos proyectos o necesidades ya establecidas, FMP se compromete a apoyar sus desaf\u00edos t\u00e9cnicos y a garantizar su \u00e9xito continuo.<\/p>\n<p><img loading=\"lazy\" decoding=\"async\" class=\"alignnone size-full wp-image-1861\" src=\"https:\/\/fmp-components.com\/wp-content\/uploads\/2024\/12\/Other-Agricultural-Gearboxes.webp\" sizes=\"(min-width: 0px) and (max-width: 480px) 480px, (min-width: 481px) and (max-width: 980px) 980px, (min-width: 981px) 1200px, 100vw\" srcset=\"https:\/\/fmp-components.com\/wp-content\/uploads\/2024\/12\/Other-Agricultural-Gearboxes.webp 1200w, https:\/\/fmp-components.com\/wp-content\/uploads\/2024\/12\/Other-Agricultural-Gearboxes-980x1143.webp 980w, https:\/\/fmp-components.com\/wp-content\/uploads\/2024\/12\/Other-Agricultural-Gearboxes-480x560.webp 480w\" alt=\"Otros cambios agr\u00edcolas\" width=\"1200\" height=\"1400\" title=\"\"><\/p>\n<p>Autor: CX<\/p>","protected":false},"excerpt":{"rendered":"<p>Agricultural Lawn Mower Gearbox FMP-LF211 Specifications: &nbsp; ITEM FMP-LF211 Ratio 1:2.83 Teeth 34\/12 Module 3.36 Power(HP) 20 Rated Input 540rpm Input\/Output Description 1-3\/8 Z6 Optic axis Weight(N.W) 14.5KG PTO Shaft for Agricultural Lawn Mower Gearbox A PTO (Power Take-Off) shaft is a crucial component in connecting a tractor or other power source to an agricultural [&hellip;]<\/p>","protected":false},"featured_media":1965,"comment_status":"open","ping_status":"closed","template":"","meta":{"_et_pb_use_builder":"","_et_pb_old_content":"","_et_gb_content_width":""},"product_brand":[],"product_cat":[52],"product_tag":[],"class_list":{"0":"post-1962","1":"product","2":"type-product","3":"status-publish","4":"has-post-thumbnail","6":"product_cat-lawn-mower-gearbox","8":"first","9":"instock","10":"shipping-taxable","11":"product-type-simple"},"_links":{"self":[{"href":"https:\/\/fmp-components.com\/es\/wp-json\/wp\/v2\/product\/1962","targetHints":{"allow":["GET"]}}],"collection":[{"href":"https:\/\/fmp-components.com\/es\/wp-json\/wp\/v2\/product"}],"about":[{"href":"https:\/\/fmp-components.com\/es\/wp-json\/wp\/v2\/types\/product"}],"replies":[{"embeddable":true,"href":"https:\/\/fmp-components.com\/es\/wp-json\/wp\/v2\/comments?post=1962"}],"wp:featuredmedia":[{"embeddable":true,"href":"https:\/\/fmp-components.com\/es\/wp-json\/wp\/v2\/media\/1965"}],"wp:attachment":[{"href":"https:\/\/fmp-components.com\/es\/wp-json\/wp\/v2\/media?parent=1962"}],"wp:term":[{"taxonomy":"product_brand","embeddable":true,"href":"https:\/\/fmp-components.com\/es\/wp-json\/wp\/v2\/product_brand?post=1962"},{"taxonomy":"product_cat","embeddable":true,"href":"https:\/\/fmp-components.com\/es\/wp-json\/wp\/v2\/product_cat?post=1962"},{"taxonomy":"product_tag","embeddable":true,"href":"https:\/\/fmp-components.com\/es\/wp-json\/wp\/v2\/product_tag?post=1962"}],"curies":[{"name":"gracias","href":"https:\/\/api.w.org\/{rel}","templated":true}]}}