{"id":1930,"date":"2024-12-26T01:36:50","date_gmt":"2024-12-26T01:36:50","guid":{"rendered":"https:\/\/fmp-components.com\/?page_id=8"},"modified":"2024-12-26T01:43:53","modified_gmt":"2024-12-26T01:43:53","slug":"rotary-mower-gearbox-replacement-of-comer-code-lf-125j","status":"publish","type":"product","link":"https:\/\/fmp-components.com\/es\/product\/rotary-mower-gearbox-replacement-of-comer-code-lf-125j\/","title":{"rendered":"Caja de engranajes de cortadora rotativa: reemplazo del c\u00f3digo Comer LF-125J"},"content":{"rendered":"<p><img loading=\"lazy\" decoding=\"async\" class=\"size-full wp-image-1934 aligncenter\" src=\"https:\/\/fmp-components.com\/wp-content\/uploads\/2024\/12\/rotary-mower-gearbox-lf125j.webp\" alt=\"caja de cambios para cortadora rotativa lf125j\" width=\"300\" height=\"300\" title=\"\" srcset=\"https:\/\/fmp-components.com\/wp-content\/uploads\/2024\/12\/rotary-mower-gearbox-lf125j.webp 300w, https:\/\/fmp-components.com\/wp-content\/uploads\/2024\/12\/rotary-mower-gearbox-lf125j-150x150.webp 150w, https:\/\/fmp-components.com\/wp-content\/uploads\/2024\/12\/rotary-mower-gearbox-lf125j-12x12.webp 12w, https:\/\/fmp-components.com\/wp-content\/uploads\/2024\/12\/rotary-mower-gearbox-lf125j-100x100.webp 100w\" sizes=\"(max-width: 300px) 100vw, 300px\" \/><\/p>\n<h2>Especificaciones de la caja de cambios de la cortadora rotativa LF-125J<\/h2>\n<p><img loading=\"lazy\" decoding=\"async\" class=\"alignnone size-full wp-image-1933\" src=\"https:\/\/fmp-components.com\/wp-content\/uploads\/2024\/12\/rotary-mower-gearbox-specifications-lf125j.webp\" alt=\"Especificaciones de la caja de cambios de la cortadora rotativa LF125J\" width=\"963\" height=\"505\" title=\"\" srcset=\"https:\/\/fmp-components.com\/wp-content\/uploads\/2024\/12\/rotary-mower-gearbox-specifications-lf125j.webp 963w, https:\/\/fmp-components.com\/wp-content\/uploads\/2024\/12\/rotary-mower-gearbox-specifications-lf125j-480x252.webp 480w\" sizes=\"(min-width: 0px) and (max-width: 480px) 480px, (min-width: 481px) 963px, 100vw\" \/><\/p>\n<table style=\"width: 100%;\" border=\"1\" width=\"100%\" cellspacing=\"0\" cellpadding=\"0\">\n<tbody>\n<tr>\n<td rowspan=\"2\"><strong>i<\/strong><\/td>\n<td rowspan=\"2\"><strong>norte<sub>1<\/sub>[rpm]<\/strong><\/td>\n<td rowspan=\"2\"><strong>PAG<sub>1<\/sub>[kW]<\/strong><\/td>\n<td rowspan=\"2\"><strong>METRO<sub>2<\/sub>[Nuevo M\u00e9jico]<\/strong><\/td>\n<td colspan=\"2\"><strong>Tipo de eje<\/strong><\/td>\n<td rowspan=\"2\"><strong>Aporte<\/strong><\/td>\n<\/tr>\n<tr>\n<td><strong>inc\u00f3gnita<\/strong><\/td>\n<td><strong>Z<\/strong><\/td>\n<\/tr>\n<tr>\n<td>1.77<\/td>\n<td>540<\/td>\n<td>93.0<\/td>\n<td>901<\/td>\n<td>1\u201d 3\/4 Z20<\/td>\n<td>Conexi\u00f3n del concentrador<\/td>\n<td>inc\u00f3gnita<\/td>\n<\/tr>\n<tr>\n<td>1.00<\/td>\n<td>1000<\/td>\n<td>93.0<\/td>\n<td>861<\/td>\n<td>1\u201d 3\/4 Z20<\/td>\n<td>Conexi\u00f3n del concentrador<\/td>\n<td>inc\u00f3gnita<\/td>\n<\/tr>\n<\/tbody>\n<\/table>\n<article class=\"w-full scroll-mb-[var(--thread-trailing-height,150px)] text-token-text-primary focus-visible:outline-2 focus-visible:outline-offset-[-4px]\" dir=\"auto\" data-testid=\"conversation-turn-72\" data-scroll-anchor=\"false\">\n<div class=\"m-auto text-base py-[18px] px-3 md:px-4 w-full md:px-5 lg:px-4 xl:px-5\">\n<div class=\"mx-auto flex flex-1 gap-4 text-base md:gap-5 lg:gap-6 md:max-w-3xl lg:max-w-[40rem] xl:max-w-[48rem]\">\n<div class=\"group\/conversation-turn relative flex w-full min-w-0 flex-col\">\n<div class=\"flex-col gap-1 md:gap-3\">\n<div class=\"flex max-w-full flex-col flex-grow\">\n<div class=\"min-h-8 text-message flex w-full flex-col items-end gap-2 whitespace-normal break-words text-start [.text-message+&amp;]:mt-5\" dir=\"auto\" data-message-author-role=\"user\" data-message-id=\"aaa204bc-fa4c-4e19-9198-f71b801ccd6f\">\n<div class=\"flex w-full flex-col gap-1 empty:hidden items-end rtl:items-start\">\n<div class=\"relative max-w-[var(--user-chat-width,70%)] rounded-3xl bg-token-message-surface px-5 py-2.5\">\n<h3 class=\"whitespace-pre-wrap\">Caracter\u00edsticas de la caja de engranajes de la cortadora rotativa<\/h3>\n<div class=\"absolute bottom-0 right-full top-0 -mr-3.5 hidden pr-5 pt-1 [.group\\\/conversation-turn:hover_&amp;]:block\">Las cajas de engranajes de las cortadoras rotativas son componentes vitales en los equipos agr\u00edcolas y de cuidado del c\u00e9sped, y desempe\u00f1an un papel clave en la transferencia de potencia del tractor a las cuchillas. Estas cajas de engranajes est\u00e1n dise\u00f1adas para soportar las exigencias de las condiciones de corte m\u00e1s exigentes, garantizando eficiencia y durabilidad. Estas son algunas caracter\u00edsticas clave de una caja de engranajes de una cortadora rotativa:<\/div>\n<\/div>\n<\/div>\n<\/div>\n<\/div>\n<\/div>\n<\/div>\n<\/div>\n<\/div>\n<\/article>\n<ol>\n<li><strong>Transmisi\u00f3n de potencia<\/strong><br \/>\nLa funci\u00f3n principal de la caja de engranajes de una segadora rotativa es transmitir la potencia del eje de la toma de fuerza del tractor a las cuchillas. La caja de engranajes convierte la potencia del motor del tractor en el par y la velocidad necesarios para que las cuchillas corten eficazmente el c\u00e9sped y la vegetaci\u00f3n.<\/li>\n<li><strong>Construcci\u00f3n duradera<\/strong><br \/>\nLas cajas de engranajes de las segadoras rotativas se fabrican con materiales de alta resistencia, como hierro fundido o aleaciones de aluminio, para soportar cargas pesadas y condiciones de funcionamiento rigurosas. La carcasa suele ser robusta y reforzada para proteger los componentes internos de da\u00f1os durante el funcionamiento en entornos exigentes.<\/li>\n<li><strong>Engranajes endurecidos<\/strong><br \/>\nLos engranajes de la caja de cambios de una segadora rotativa suelen estar tratados t\u00e9rmicamente y endurecidos para aumentar su resistencia y resistencia al desgaste. Estos engranajes garantizan una transferencia de potencia fluida y pueden soportar el alto par necesario para impulsar las cuchillas de la segadora entre hierba espesa, maleza y otra vegetaci\u00f3n resistente.<\/li>\n<li><strong>Sellado para lubricaci\u00f3n<\/strong><br \/>\nLas cajas de engranajes de las cortadoras rotativas est\u00e1n equipadas con sellos de aceite que evitan fugas de lubricante y la entrada de suciedad, agua y residuos. Una lubricaci\u00f3n adecuada es esencial para reducir la fricci\u00f3n, prevenir el sobrecalentamiento y prolongar la vida \u00fatil de la caja de engranajes.<\/li>\n<li><strong>Dise\u00f1o compacto<\/strong><br \/>\nEstas cajas de engranajes suelen ser compactas y ligeras, lo que facilita su instalaci\u00f3n y mantenimiento. Su dise\u00f1o compacto permite una transferencia de potencia \u00f3ptima, manteniendo un peso total del sistema manejable.<\/li>\n<li><strong>Velocidad y par ajustables<\/strong><br \/>\nMuchas cajas de engranajes de cortadoras rotativas permiten ajustar la velocidad y el par de las cuchillas. Esta flexibilidad permite a los operadores ajustar el rendimiento de la cortadora seg\u00fan las necesidades de corte espec\u00edficas, ya sea para c\u00e9sped, maleza o vegetaci\u00f3n m\u00e1s compleja.<\/li>\n<\/ol>\n<p>Estas caracter\u00edsticas combinadas hacen que la caja de engranajes de la cortadora rotativa sea una parte crucial del equipo que garantiza un rendimiento de corte confiable, eficiente y seguro, especialmente en aplicaciones agr\u00edcolas y paisaj\u00edsticas exigentes.<\/p>\n<p><img loading=\"lazy\" decoding=\"async\" class=\"alignnone size-full wp-image-1936\" src=\"https:\/\/fmp-components.com\/wp-content\/uploads\/2024\/12\/rotary-mower-gearbox-lf125j-21.webp\" alt=\"caja de cambios para cortadora rotativa lf125j\" width=\"900\" height=\"307\" title=\"\" srcset=\"https:\/\/fmp-components.com\/wp-content\/uploads\/2024\/12\/rotary-mower-gearbox-lf125j-21.webp 900w, https:\/\/fmp-components.com\/wp-content\/uploads\/2024\/12\/rotary-mower-gearbox-lf125j-21-480x164.webp 480w\" sizes=\"(min-width: 0px) and (max-width: 480px) 480px, (min-width: 481px) 900px, 100vw\" \/><\/p>\n<h3>Ejes de toma de fuerza para caja de engranajes de segadora rotativa<\/h3>\n<p>Los ejes de la toma de fuerza (TDF) son esenciales para transmitir la potencia del motor del tractor a la caja de engranajes de la segadora rotativa, lo que permite el funcionamiento de las cuchillas. Estos son los factores clave a considerar al seleccionar y usar un eje de la TDF para la caja de engranajes de una segadora rotativa:<\/p>\n<p><strong>1. Longitud:<\/strong><br \/>\nLa longitud del eje de la TDF es crucial al seleccionar el eje adecuado para su cortac\u00e9sped rotativo. Debe coincidir con la distancia entre la salida de la TDF del tractor y el eje de entrada de la caja de cambios. Si el eje de la TDF es demasiado largo o corto, puede causar una transferencia de potencia ineficiente o da\u00f1ar los componentes. Aseg\u00farese de tomar medidas precisas para seleccionar la longitud correcta.<\/p>\n<p><strong>2. Capacidad:<\/strong><br \/>\nLos ejes de toma de fuerza (TDF) tienen diferentes capacidades de potencia, generalmente nominales en caballos de fuerza (HP). Es fundamental elegir un eje de toma de fuerza que se ajuste a la potencia y el par requeridos por la caja de cambios de la segadora rotativa. La capacidad debe ser acorde con la potencia del motor del tractor y las especificaciones de la caja de cambios de la segadora. Elegir un eje de toma de fuerza con una capacidad inadecuada puede provocar un desgaste excesivo, fallos mec\u00e1nicos o da\u00f1os en el equipo.<\/p>\n<p><strong>3. Seguridad:<\/strong><br \/>\nLa seguridad siempre debe ser una prioridad al trabajar con cardanes. Antes de realizar cualquier mantenimiento, reparaci\u00f3n o ajuste en la segadora rotativa o la caja de cambios, aseg\u00farese de que el tractor est\u00e9 apagado y el card\u00e1n desconectado. Los cardanes giran a alta velocidad y pueden causar lesiones graves si se manipulan incorrectamente. Siga siempre los protocolos de seguridad y utilice el equipo de protecci\u00f3n adecuado para minimizar el riesgo.<\/p>\n<p><strong>4. Calidad:<\/strong><br \/>\nLa calidad del eje de la TDF afecta directamente su rendimiento y durabilidad. Un eje de la TDF de alta calidad se fabrica con materiales duraderos, como acero de alta resistencia, para soportar el desgaste, la corrosi\u00f3n y la tensi\u00f3n mec\u00e1nica constante. Al seleccionar un eje de la TDF, aseg\u00farese de que est\u00e9 dise\u00f1ado con precisi\u00f3n para garantizar un rendimiento duradero y fiable en condiciones agr\u00edcolas exigentes.<\/p>\n<p><strong>5. Compatibilidad:<\/strong><br \/>\nEs fundamental garantizar que el eje de la TDF sea totalmente compatible con el tractor y la caja de cambios de la segadora rotativa. Para comprobar la compatibilidad, es necesario comprobar el tama\u00f1o y n\u00famero de estr\u00edas, as\u00ed como el tipo de conexi\u00f3n en ambos extremos del eje. El uso de un eje de la TDF no compatible puede provocar ineficiencias, problemas operativos o da\u00f1os en los componentes de la TDF y la caja de cambios.<\/p>\n<p><img loading=\"lazy\" decoding=\"async\" class=\"alignnone size-full wp-image-1937\" src=\"https:\/\/fmp-components.com\/wp-content\/uploads\/2024\/12\/rotary-mower-gearbox-and-pto-shaft1.webp\" alt=\"caja de cambios para cortadora rotativa lf125j\" width=\"800\" height=\"509\" title=\"\" srcset=\"https:\/\/fmp-components.com\/wp-content\/uploads\/2024\/12\/rotary-mower-gearbox-and-pto-shaft1.webp 800w, https:\/\/fmp-components.com\/wp-content\/uploads\/2024\/12\/rotary-mower-gearbox-and-pto-shaft1-480x305.webp 480w\" sizes=\"(min-width: 0px) and (max-width: 480px) 480px, (min-width: 481px) 800px, 100vw\" \/><\/p>\n<h3>Acerca de FMP<\/h3>\n<p>FMP ofrece una amplia selecci\u00f3n de ejes de toma de fuerza (PT O) compatibles con diversas cajas de engranajes de segadoras rotativas. Tanto si necesita un eje de toma de fuerza est\u00e1ndar como una soluci\u00f3n a medida, FMP ofrece productos de alta calidad que garantizan un rendimiento fiable. Para m\u00e1s informaci\u00f3n o para realizar un pedido, cont\u00e1ctenos directamente para obtener asistencia experta.<\/p>\n<p>FMP, con sede en Italia, es un reconocido l\u00edder en la investigaci\u00f3n, el desarrollo y la fabricaci\u00f3n de cajas de engranajes, reductores y maquinaria de ingenier\u00eda. La empresa ha ganado reconocimiento por su enfoque innovador, sus altos est\u00e1ndares de calidad y su compromiso con el desarrollo del talento, posicion\u00e1ndose como un actor clave en el sector de la ingenier\u00eda mec\u00e1nica. Su enfoque en la mejora continua y la excelencia ha contribuido a su s\u00f3lida reputaci\u00f3n tanto a nivel nacional como internacional.<\/p>\n<p>La empresa ofrece una amplia gama de productos, incluyendo reductores c\u00f3nicos helicoidales, reductores rectos, reductores de tornillo sin fin, reductores cil\u00edndricos y cuerpos y carcasas de v\u00e1lvulas de fundici\u00f3n a alta presi\u00f3n. Estos productos se dise\u00f1an con precisi\u00f3n para garantizar un rendimiento y una fiabilidad \u00f3ptimos en diversas aplicaciones industriales. Los reductores y componentes de FMP se fabrican para satisfacer las necesidades espec\u00edficas de cada cliente, ofreciendo eficiencia y durabilidad tanto en operaciones industriales de alta exigencia como en maquinaria especializada.<\/p>\n<p>Los productos de FMP prestan servicio a una amplia gama de industrias. En la agricultura, se utilizan en equipos como segadoras rotativas, barredoras de nieve, esparcidoras de fertilizantes y transportadores de grano. Adem\u00e1s, las cajas de engranajes y componentes de FMP respaldan maquinaria en la extracci\u00f3n de petr\u00f3leo, sistemas marinos e ingenier\u00eda hidr\u00e1ulica, lo que demuestra su adaptabilidad y versatilidad en diversas industrias.<\/p>\n<p>La empresa se enorgullece de su avanzada capacidad de fabricaci\u00f3n. Cada producto se somete a un meticuloso proceso de producci\u00f3n, que comienza con la fase de dise\u00f1o, donde se desarrollan especificaciones personalizadas para cada aplicaci\u00f3n. Se seleccionan materiales de alta calidad, como hierro fundido y aleaciones de aluminio, por su durabilidad y rendimiento. Las t\u00e9cnicas de mecanizado de precisi\u00f3n, que incluyen torneado y fresado, garantizan la precisi\u00f3n de cada componente, mientras que el proceso de ensamblaje garantiza una alineaci\u00f3n y lubricaci\u00f3n adecuadas. Se implementan rigurosos procedimientos de control de calidad para garantizar la estabilidad, fiabilidad y longevidad de cada producto.<\/p>\n<p>La dedicaci\u00f3n de FMP a la calidad, la innovaci\u00f3n y la satisfacci\u00f3n del cliente ha consolidado su posici\u00f3n como l\u00edder respetado en la industria manufacturera. La maestr\u00eda de la empresa y el uso de tecnolog\u00eda avanzada garantizan la entrega de un valor duradero. FMP siempre est\u00e1 abierta a alianzas y colaboraciones globales, ofreciendo soluciones personalizadas para satisfacer las necesidades \u00fanicas de clientes en todo el mundo. Para m\u00e1s informaci\u00f3n, los socios potenciales pueden contactarnos f\u00e1cilmente por tel\u00e9fono o correo electr\u00f3nico, lo que reafirma el compromiso de FMP de brindar un servicio al cliente excepcional y productos de alto rendimiento.<\/p>\n<p><img loading=\"lazy\" decoding=\"async\" class=\"alignnone size-full wp-image-1861\" src=\"https:\/\/fmp-components.com\/wp-content\/uploads\/2024\/12\/Other-Agricultural-Gearboxes.webp\" alt=\"Otras cajas de cambios agr\u00edcolas\" width=\"1200\" height=\"1400\" title=\"\" srcset=\"https:\/\/fmp-components.com\/wp-content\/uploads\/2024\/12\/Other-Agricultural-Gearboxes.webp 1200w, https:\/\/fmp-components.com\/wp-content\/uploads\/2024\/12\/Other-Agricultural-Gearboxes-980x1143.webp 980w, https:\/\/fmp-components.com\/wp-content\/uploads\/2024\/12\/Other-Agricultural-Gearboxes-480x560.webp 480w\" sizes=\"(min-width: 0px) and (max-width: 480px) 480px, (min-width: 481px) and (max-width: 980px) 980px, (min-width: 981px) 1200px, 100vw\" \/><\/p>\n<p>Autor: CX<\/p>","protected":false},"excerpt":{"rendered":"<p>Rotary Mower Gearbox LF-125J Specifications i N1[rpm] P1[kW] M2[Nm] Shaft Type Input X Z 1.77 540 93.0 901 1&#8221; 3\/4 Z20 Hub connection X 1.00 1000 93.0 861 1&#8221; 3\/4 Z20 Hub connection X Features of Rotary Mower Gearbox Rotary mower gearboxes are vital components in lawn care and agricultural equipment, playing a key role [&hellip;]<\/p>","protected":false},"featured_media":1934,"comment_status":"open","ping_status":"closed","template":"","meta":{"_et_pb_use_builder":"","_et_pb_old_content":"","_et_gb_content_width":""},"product_brand":[],"product_cat":[51],"product_tag":[],"class_list":{"0":"post-1930","1":"product","2":"type-product","3":"status-publish","4":"has-post-thumbnail","6":"product_cat-rotary-mower-gearbox","8":"first","9":"instock","10":"shipping-taxable","11":"product-type-simple"},"_links":{"self":[{"href":"https:\/\/fmp-components.com\/es\/wp-json\/wp\/v2\/product\/1930","targetHints":{"allow":["GET"]}}],"collection":[{"href":"https:\/\/fmp-components.com\/es\/wp-json\/wp\/v2\/product"}],"about":[{"href":"https:\/\/fmp-components.com\/es\/wp-json\/wp\/v2\/types\/product"}],"replies":[{"embeddable":true,"href":"https:\/\/fmp-components.com\/es\/wp-json\/wp\/v2\/comments?post=1930"}],"wp:featuredmedia":[{"embeddable":true,"href":"https:\/\/fmp-components.com\/es\/wp-json\/wp\/v2\/media\/1934"}],"wp:attachment":[{"href":"https:\/\/fmp-components.com\/es\/wp-json\/wp\/v2\/media?parent=1930"}],"wp:term":[{"taxonomy":"product_brand","embeddable":true,"href":"https:\/\/fmp-components.com\/es\/wp-json\/wp\/v2\/product_brand?post=1930"},{"taxonomy":"product_cat","embeddable":true,"href":"https:\/\/fmp-components.com\/es\/wp-json\/wp\/v2\/product_cat?post=1930"},{"taxonomy":"product_tag","embeddable":true,"href":"https:\/\/fmp-components.com\/es\/wp-json\/wp\/v2\/product_tag?post=1930"}],"curies":[{"name":"gracias","href":"https:\/\/api.w.org\/{rel}","templated":true}]}}