{"id":1910,"date":"2024-12-26T00:29:38","date_gmt":"2024-12-26T00:29:38","guid":{"rendered":"https:\/\/fmp-components.com\/?page_id=8"},"modified":"2024-12-26T00:48:00","modified_gmt":"2024-12-26T00:48:00","slug":"rotary-mower-gearboxes-replacement-of-comer-code-lf-149b-11","status":"publish","type":"product","link":"https:\/\/fmp-components.com\/es\/product\/rotary-mower-gearboxes-replacement-of-comer-code-lf-149b-11\/","title":{"rendered":"Cajas de engranajes para cortadoras rotativas: reemplazo del c\u00f3digo Comer LF-149B 1:1"},"content":{"rendered":"<p><img loading=\"lazy\" decoding=\"async\" class=\"alignnone size-full wp-image-1918\" src=\"https:\/\/fmp-components.com\/wp-content\/uploads\/2024\/12\/Rotary-Mower-Gearbox19.webp\" alt=\"Caja de engranajes de la cortadora rotativa\" width=\"773\" height=\"766\" title=\"\" srcset=\"https:\/\/fmp-components.com\/wp-content\/uploads\/2024\/12\/Rotary-Mower-Gearbox19.webp 773w, https:\/\/fmp-components.com\/wp-content\/uploads\/2024\/12\/Rotary-Mower-Gearbox19-480x476.webp 480w\" sizes=\"(min-width: 0px) and (max-width: 480px) 480px, (min-width: 481px) 773px, 100vw\" \/><\/p>\n<h2>Especificaciones de la caja de engranajes de la cortadora rotativa LF-149B (1:1)<\/h2>\n<p><img loading=\"lazy\" decoding=\"async\" class=\"alignnone size-full wp-image-1917\" src=\"https:\/\/fmp-components.com\/wp-content\/uploads\/2024\/12\/Rotary-Mower-Gearbox-LF-149B-Specifications.webp\" alt=\"Especificaciones de la caja de cambios de la cortadora rotativa LF-149B\" width=\"1307\" height=\"872\" title=\"\" srcset=\"https:\/\/fmp-components.com\/wp-content\/uploads\/2024\/12\/Rotary-Mower-Gearbox-LF-149B-Specifications.webp 1307w, https:\/\/fmp-components.com\/wp-content\/uploads\/2024\/12\/Rotary-Mower-Gearbox-LF-149B-Specifications-1280x854.webp 1280w, https:\/\/fmp-components.com\/wp-content\/uploads\/2024\/12\/Rotary-Mower-Gearbox-LF-149B-Specifications-980x654.webp 980w, https:\/\/fmp-components.com\/wp-content\/uploads\/2024\/12\/Rotary-Mower-Gearbox-LF-149B-Specifications-480x320.webp 480w\" sizes=\"(min-width: 0px) and (max-width: 480px) 480px, (min-width: 481px) and (max-width: 980px) 980px, (min-width: 981px) and (max-width: 1280px) 1280px, (min-width: 1281px) 1307px, 100vw\" \/><\/p>\n<p><img loading=\"lazy\" decoding=\"async\" class=\"alignnone size-full wp-image-1916\" src=\"https:\/\/fmp-components.com\/wp-content\/uploads\/2024\/12\/Rotary-Mower-Gearbox-LF-149B-Specifications-1.webp\" alt=\"Especificaciones de la caja de cambios de la cortadora rotativa LF-149B\" width=\"1331\" height=\"316\" title=\"\" srcset=\"https:\/\/fmp-components.com\/wp-content\/uploads\/2024\/12\/Rotary-Mower-Gearbox-LF-149B-Specifications-1.webp 1331w, https:\/\/fmp-components.com\/wp-content\/uploads\/2024\/12\/Rotary-Mower-Gearbox-LF-149B-Specifications-1-1280x304.webp 1280w, https:\/\/fmp-components.com\/wp-content\/uploads\/2024\/12\/Rotary-Mower-Gearbox-LF-149B-Specifications-1-980x233.webp 980w, https:\/\/fmp-components.com\/wp-content\/uploads\/2024\/12\/Rotary-Mower-Gearbox-LF-149B-Specifications-1-480x114.webp 480w\" sizes=\"(min-width: 0px) and (max-width: 480px) 480px, (min-width: 481px) and (max-width: 980px) 980px, (min-width: 981px) and (max-width: 1280px) 1280px, (min-width: 1281px) 1331px, 100vw\" \/><\/p>\n<table class=\"kh-1xzm1su\" border=\"1\" cellspacing=\"0\" cellpadding=\"0\" data-intent=\"lists-product-attributes\" data-test-id=\"attributes-list\">\n<tbody class=\"kh-1ago99h\">\n<tr id=\"alexis#custom#item-id\" class=\"kh-bwvum6\" data-test-id=\"attribute-row\">\n<th class=\"kh-10oizfy\">Descripci\u00f3n del Producto<\/th>\n<td class=\"kh-1f5nhat\">\n<div class=\"kh-pkx4zo\">Cajas de engranajes para cortadoras rotativas: reemplazo de la caja de engranajes Comer LF-149B 1:1<\/div>\n<\/td>\n<\/tr>\n<tr id=\"attProductDetails\" class=\"kh-bwvum6\" data-test-id=\"attribute-row\">\n<th class=\"kh-10oizfy\">Detalles del producto<\/th>\n<td class=\"kh-1f5nhat\">\n<ul>\n<li class=\"kh-16zd49f\">Todas las cajas de cambios se suministran sin aceite.<\/li>\n<li class=\"kh-16zd49f\">El primer cambio de aceite se debe hacer despu\u00e9s de 50-70 horas de funcionamiento, luego despu\u00e9s de 500-700 horas de funcionamiento o al menos una vez al a\u00f1o.<\/li>\n<li class=\"kh-16zd49f\">Cont\u00e1ctenos para potencia a diferentes RPM.<\/li>\n<\/ul>\n<\/td>\n<\/tr>\n<tr id=\"taMaxInputPowerKw\" class=\"kh-bwvum6\" data-test-id=\"attribute-row\">\n<th class=\"kh-10oizfy\">Potencia m\u00e1xima de entrada<\/th>\n<td class=\"kh-1f5nhat\">\n<div class=\"kh-pkx4zo\">47 kW<\/div>\n<\/td>\n<\/tr>\n<tr id=\"taContainsOil\" class=\"kh-bwvum6\" data-test-id=\"attribute-row\">\n<th class=\"kh-10oizfy\">Contiene aceite<\/th>\n<td class=\"kh-1f5nhat\">\n<div class=\"kh-pkx4zo\">No<\/div>\n<\/td>\n<\/tr>\n<tr id=\"taMaxOilCapacityL\" class=\"kh-bwvum6\" data-test-id=\"attribute-row\">\n<th class=\"kh-10oizfy\">Capacidad m\u00e1xima de aceite<\/th>\n<td class=\"kh-1f5nhat\">\n<div class=\"kh-pkx4zo\">0,8 litros<\/div>\n<\/td>\n<\/tr>\n<tr id=\"taMaxOilChangeIntervalH\" class=\"kh-bwvum6\" data-test-id=\"attribute-row\">\n<th class=\"kh-10oizfy\">Intervalo m\u00e1ximo de cambio de aceite<\/th>\n<td class=\"kh-1f5nhat\">\n<div class=\"kh-pkx4zo\">500 horas<\/div>\n<\/td>\n<\/tr>\n<tr id=\"taOilSAEViscosityGrade\" class=\"kh-bwvum6\" data-test-id=\"attribute-row\">\n<th class=\"kh-10oizfy\">Grado de viscosidad SAE del aceite<\/th>\n<td class=\"kh-1f5nhat\">\n<div class=\"kh-pkx4zo\">80W-90<\/div>\n<\/td>\n<\/tr>\n<tr id=\"taHousingMaterial_16\" class=\"kh-bwvum6\" data-test-id=\"attribute-row\">\n<th class=\"kh-10oizfy\">Material de la carcasa<\/th>\n<td class=\"kh-1f5nhat\">\n<div class=\"kh-pkx4zo\">Hierro fundido GGG40<\/div>\n<\/td>\n<\/tr>\n<tr id=\"taWeightKg_75\" class=\"kh-bwvum6\" data-test-id=\"attribute-row\">\n<th class=\"kh-10oizfy\">Peso<\/th>\n<td class=\"kh-1f5nhat\">\n<div class=\"kh-pkx4zo\">33,4 kilogramos<\/div>\n<\/td>\n<\/tr>\n<tr id=\"taGearArrangementInc\" class=\"kh-bwvum6\" data-test-id=\"attribute-row\">\n<th class=\"kh-10oizfy\">Disposici\u00f3n de engranajes creciente<\/th>\n<td class=\"kh-1f5nhat\">\n<div class=\"kh-pkx4zo\">3<\/div>\n<\/td>\n<\/tr>\n<tr id=\"taGearRatio\" class=\"kh-bwvum6\" data-test-id=\"attribute-row\">\n<th class=\"kh-10oizfy\">Relaci\u00f3n de transmisi\u00f3n<\/th>\n<td class=\"kh-1f5nhat\">\n<div class=\"kh-pkx4zo\">1:1<\/div>\n<\/td>\n<\/tr>\n<tr id=\"taInputPowerKwHpInc\" class=\"kh-bwvum6\" data-test-id=\"attribute-row\">\n<th class=\"kh-10oizfy\">Potencia de entrada kW\/HP Creciente<\/th>\n<td class=\"kh-1f5nhat\">\n<div class=\"kh-pkx4zo\">47 \/ 55 kW\/CV<\/div>\n<\/td>\n<\/tr>\n<tr id=\"taInputShaftIncreasi\" class=\"kh-bwvum6\" data-test-id=\"attribute-row\">\n<th class=\"kh-10oizfy\">Eje de entrada creciente<\/th>\n<td class=\"kh-1f5nhat\">\n<div class=\"kh-pkx4zo\">Z<\/div>\n<\/td>\n<\/tr>\n<tr id=\"taNSOutputTorqueDaNm_1\" class=\"kh-bwvum6\" data-test-id=\"attribute-row\">\n<th class=\"kh-10oizfy\">Par de salida DaNm en aumento<\/th>\n<td class=\"kh-1f5nhat\">\n<div class=\"kh-pkx4zo\">81 daNm<\/div>\n<\/td>\n<\/tr>\n<tr id=\"taRatioIncreasing\" class=\"kh-bwvum6\" data-test-id=\"attribute-row\">\n<th class=\"kh-10oizfy\">Aumento de la proporci\u00f3n<\/th>\n<td class=\"kh-1f5nhat\">\n<div class=\"kh-pkx4zo\">1: 1<\/div>\n<\/td>\n<\/tr>\n<tr id=\"taRatioReducing\" class=\"kh-bwvum6\" data-test-id=\"attribute-row\">\n<th class=\"kh-10oizfy\">Reducci\u00f3n de la relaci\u00f3n<\/th>\n<td class=\"kh-1f5nhat\">\n<div class=\"kh-pkx4zo\">1: 1<\/div>\n<\/td>\n<\/tr>\n<tr id=\"taShaftX\" class=\"kh-bwvum6\" data-test-id=\"attribute-row\">\n<th class=\"kh-10oizfy\">Eje Z<\/th>\n<td class=\"kh-1f5nhat\">\n<div class=\"kh-pkx4zo\">1 3\/8&#8243; (21)<\/div>\n<\/td>\n<\/tr>\n<\/tbody>\n<\/table>\n<h3>Eje de toma de fuerza agr\u00edcola y caja de cambios para segadora rotativa<\/h3>\n<p>Un eje de toma de fuerza (TDF) agr\u00edcola es un componente mec\u00e1nico esencial que se utiliza para transferir potencia del motor de un tractor a diversos implementos acoplados, como las cajas de engranajes de las segadoras rotativas. El eje de la TDF se conecta directamente a la salida del motor del tractor, transfiriendo potencia y par al equipo al que est\u00e1 conectado. Esto permite el funcionamiento eficiente de maquinaria pesada, como segadoras, cultivadores y otras herramientas agr\u00edcolas.<\/p>\n<p>La caja de engranajes de la segadora rotativa desempe\u00f1a un papel fundamental en el proceso de corte, ya que convierte la rotaci\u00f3n a alta velocidad del eje de la toma de fuerza en la rotaci\u00f3n m\u00e1s lenta y de alto par necesaria para accionar las cuchillas. Esta transformaci\u00f3n garantiza que las cuchillas generen la fuerza suficiente para cortar c\u00e9sped y vegetaci\u00f3n densos de forma eficiente. Al aumentar el par y reducir la velocidad, la caja de engranajes optimiza la potencia transmitida por el motor, garantizando un corte suave y eficaz.<\/p>\n<p>La combinaci\u00f3n de un eje de toma de fuerza agr\u00edcola y una caja de engranajes de segadora rotativa es un m\u00e9todo ampliamente adoptado para el mantenimiento de grandes extensiones de terreno, como granjas, pastos y campos. Este sistema ofrece una soluci\u00f3n potente y eficiente para segar grandes extensiones de terreno, lo que facilita la gesti\u00f3n de propiedades a agricultores, paisajistas y propietarios.<\/p>\n<h3>C\u00f3mo funciona:<\/h3>\n<p>Para operar el sistema de la toma de fuerza y \u200b\u200bla caja de cambios de la segadora rotativa, la toma de fuerza se conecta primero a la salida de la toma de fuerza del tractor. El otro extremo del eje se conecta a la entrada de la caja de cambios de la segadora rotativa. Una vez acoplado, la toma de fuerza suministra potencia de rotaci\u00f3n a la caja de cambios. Esta aumenta el par motor y reduce la velocidad de rotaci\u00f3n, lo que impulsa las cuchillas de la segadora a la velocidad \u00f3ptima de corte. Las cuchillas, girando r\u00e1pidamente, cortan el c\u00e9sped y el sistema contin\u00faa trabajando en todo el campo, garantizando un corte limpio y eficiente.<\/p>\n<h3>Beneficios clave:<\/h3>\n<ol>\n<li><strong>Mantenimiento eficiente de la tierra<\/strong>:Este sistema permite cortar de forma r\u00e1pida y eficiente grandes campos, convirti\u00e9ndolo en una herramienta imprescindible para el mantenimiento agr\u00edcola.<\/li>\n<li><strong>Rendimiento potente<\/strong>La combinaci\u00f3n de la potencia de la toma de fuerza y \u200b\u200bla caja de cambios que mejora el torque garantiza que incluso el c\u00e9sped m\u00e1s duro y grueso se pueda cortar con facilidad, brindando un rendimiento constante en diversas condiciones.<\/li>\n<li><strong>Durabilidad y confiabilidad<\/strong>:Tanto el eje de la toma de fuerza como la caja de engranajes de la cortadora rotativa est\u00e1n dise\u00f1ados para soportar los exigentes entornos agr\u00edcolas, lo que garantiza una durabilidad a largo plazo y un rendimiento confiable.<\/li>\n<li><strong>Ahorro de tiempo<\/strong>:El uso de un eje de toma de fuerza y \u200b\u200buna caja de cambios de segadora rotativa permite un corte m\u00e1s r\u00e1pido en comparaci\u00f3n con los m\u00e9todos tradicionales, lo que reduce la cantidad de tiempo dedicado al mantenimiento de la tierra.<\/li>\n<\/ol>\n<p>En general, el eje de la toma de fuerza agr\u00edcola y la caja de cambios de la segadora rotativa son herramientas indispensables para una gesti\u00f3n eficiente y eficaz del terreno. Proporcionan la potencia necesaria para realizar tareas de siega a gran escala, garantizando que agricultores y propietarios mantengan sus propiedades en \u00f3ptimas condiciones con el m\u00ednimo esfuerzo y tiempo. Este robusto sistema mejora significativamente la productividad, reduce los costos operativos y permite un mantenimiento regular del terreno, especialmente en zonas con vegetaci\u00f3n densa.<\/p>\n<table style=\"width: 100%; height: 284px;\" border=\"1\" width=\"100%\" cellspacing=\"0\" cellpadding=\"0\">\n<tbody>\n<tr style=\"height: 284px;\">\n<td style=\"width: 49.784%; height: 284px;\" width=\"110\"><img loading=\"lazy\" decoding=\"async\" class=\"alignnone wp-image-1914\" src=\"https:\/\/fmp-components.com\/wp-content\/uploads\/2024\/12\/Agricultural-PTO-Shaft-and-Rotary-Mower-Gearbox-32.webp\" alt=\"Eje de toma de fuerza agr\u00edcola y caja de cambios para segadora rotativa\" width=\"462\" height=\"286\" title=\"\"><\/td>\n<td style=\"width: 50%; height: 284px;\" width=\"98\"><img loading=\"lazy\" decoding=\"async\" class=\"alignnone wp-image-1913\" src=\"https:\/\/fmp-components.com\/wp-content\/uploads\/2024\/12\/Agricultural-PTO-Shaft-and-Rotary-Mower-Gearbox-31.webp\" alt=\"Eje de toma de fuerza agr\u00edcola y caja de cambios para segadora rotativa\" width=\"463\" height=\"287\" title=\"\"><\/td>\n<\/tr>\n<\/tbody>\n<\/table>\n<h3>Acerca de FMP<\/h3>\n<p>FMP, con sede en Italia, es una reconocida empresa especializada en la investigaci\u00f3n, el desarrollo y la fabricaci\u00f3n de cajas de engranajes, reductores y maquinaria de ingenier\u00eda. Consolid\u00e1ndose como l\u00edder del sector, FMP ha forjado su reputaci\u00f3n centr\u00e1ndose en la innovaci\u00f3n, la calidad y un firme compromiso con el desarrollo del talento, posicion\u00e1ndose como un actor clave en el sector de la ingenier\u00eda mec\u00e1nica.<\/p>\n<p><strong>Portafolio completo de productos<\/strong><\/p>\n<p>FMP ofrece una amplia gama de productos de alto rendimiento dise\u00f1ados para satisfacer diversas necesidades de la industria. Su portafolio incluye reductores c\u00f3nicos espirales, reductores rectos, reductores de tornillo sin fin, reductores cil\u00edndricos y cuerpos y carcasas de v\u00e1lvulas de fundici\u00f3n a alta presi\u00f3n. Cada producto se fabrica con precisi\u00f3n para ofrecer un rendimiento fiable y eficiente en diversas aplicaciones.<\/p>\n<p><strong>Amplias aplicaciones en todas las industrias<\/strong><\/p>\n<p>Los productos de FMP son vers\u00e1tiles y prestan servicio a una amplia gama de industrias, incluida la agricultura, donde impulsan equipos como segadoras rotativas, barredoras de nieve, esparcidoras de fertilizantes y transportadores de granos. Adem\u00e1s, FMP suministra maquinaria industrial para la extracci\u00f3n de petr\u00f3leo, aplicaciones marinas y componentes hidr\u00e1ulicos, lo que demuestra la adaptabilidad y el alcance de su oferta de productos.<\/p>\n<p><strong>Excelencia en fabricaci\u00f3n avanzada<\/strong><\/p>\n<p>El proceso de fabricaci\u00f3n de FMP demuestra su compromiso con la calidad y la precisi\u00f3n. Desde el dise\u00f1o del producto hasta la selecci\u00f3n de materiales, la empresa garantiza que cada paso se adapte a las necesidades espec\u00edficas de cada cliente. Se seleccionan materiales de alta calidad, como hierro fundido y aleaciones de aluminio, por su durabilidad, mientras que las t\u00e9cnicas avanzadas de mecanizado, como torneado y fresado, garantizan la precisi\u00f3n de cada componente. El proceso de ensamblaje es meticuloso, con especial atenci\u00f3n a la alineaci\u00f3n y la lubricaci\u00f3n, mientras que los tratamientos t\u00e9rmicos y superficiales mejoran la resistencia, la resistencia al desgaste y la apariencia. Rigurosos controles de calidad garantizan que cada producto cumpla con los est\u00e1ndares de rendimiento de estabilidad y fiabilidad.<\/p>\n<p><strong>Reputaci\u00f3n de la industria y asociaciones globales<\/strong><\/p>\n<p>La dedicaci\u00f3n de FMP a la calidad, la innovaci\u00f3n y la satisfacci\u00f3n del cliente le ha ganado una excelente reputaci\u00f3n en la industria manufacturera. La empresa contin\u00faa consolidando su legado aprovechando la tecnolog\u00eda avanzada y la artesan\u00eda. FMP acoge con satisfacci\u00f3n las alianzas y colaboraciones globales, comprometida con brindar soluciones a medida que satisfagan las necesidades \u00fanicas de sus clientes en todo el mundo. Para obtener m\u00e1s informaci\u00f3n sobre productos y servicios, los socios potenciales pueden contactarnos f\u00e1cilmente por tel\u00e9fono o correo electr\u00f3nico, lo que refuerza el compromiso de FMP con la excelencia orientada al cliente.<\/p>\n<p><img loading=\"lazy\" decoding=\"async\" class=\"alignnone size-full wp-image-1861\" src=\"https:\/\/fmp-components.com\/wp-content\/uploads\/2024\/12\/Other-Agricultural-Gearboxes.webp\" alt=\"Otras cajas de cambios agr\u00edcolas\" width=\"1200\" height=\"1400\" title=\"\" srcset=\"https:\/\/fmp-components.com\/wp-content\/uploads\/2024\/12\/Other-Agricultural-Gearboxes.webp 1200w, https:\/\/fmp-components.com\/wp-content\/uploads\/2024\/12\/Other-Agricultural-Gearboxes-980x1143.webp 980w, https:\/\/fmp-components.com\/wp-content\/uploads\/2024\/12\/Other-Agricultural-Gearboxes-480x560.webp 480w\" sizes=\"(min-width: 0px) and (max-width: 480px) 480px, (min-width: 481px) and (max-width: 980px) 980px, (min-width: 981px) 1200px, 100vw\" \/><\/p>\n<p>Autor: CX<\/p>\n<p>&nbsp;<\/p>","protected":false},"excerpt":{"rendered":"<p>Specifications of Rotary Mower Gearbox LF-149B (1:1) Product Description Rotary Mower Gearboxes &#8211; Replacement of Comer Gearbox LF-149B 1:1 Product details All gearboxes are supplied without oil. First oil change after 50-70 operating hours, then after 500-700 operating hours or at least once a year. Contact us for power at a different RPM. Max. input [&hellip;]<\/p>","protected":false},"featured_media":1918,"comment_status":"open","ping_status":"closed","template":"","meta":{"_et_pb_use_builder":"","_et_pb_old_content":"","_et_gb_content_width":""},"product_brand":[],"product_cat":[51],"product_tag":[],"class_list":{"0":"post-1910","1":"product","2":"type-product","3":"status-publish","4":"has-post-thumbnail","6":"product_cat-rotary-mower-gearbox","8":"first","9":"instock","10":"shipping-taxable","11":"product-type-simple"},"_links":{"self":[{"href":"https:\/\/fmp-components.com\/es\/wp-json\/wp\/v2\/product\/1910","targetHints":{"allow":["GET"]}}],"collection":[{"href":"https:\/\/fmp-components.com\/es\/wp-json\/wp\/v2\/product"}],"about":[{"href":"https:\/\/fmp-components.com\/es\/wp-json\/wp\/v2\/types\/product"}],"replies":[{"embeddable":true,"href":"https:\/\/fmp-components.com\/es\/wp-json\/wp\/v2\/comments?post=1910"}],"wp:featuredmedia":[{"embeddable":true,"href":"https:\/\/fmp-components.com\/es\/wp-json\/wp\/v2\/media\/1918"}],"wp:attachment":[{"href":"https:\/\/fmp-components.com\/es\/wp-json\/wp\/v2\/media?parent=1910"}],"wp:term":[{"taxonomy":"product_brand","embeddable":true,"href":"https:\/\/fmp-components.com\/es\/wp-json\/wp\/v2\/product_brand?post=1910"},{"taxonomy":"product_cat","embeddable":true,"href":"https:\/\/fmp-components.com\/es\/wp-json\/wp\/v2\/product_cat?post=1910"},{"taxonomy":"product_tag","embeddable":true,"href":"https:\/\/fmp-components.com\/es\/wp-json\/wp\/v2\/product_tag?post=1910"}],"curies":[{"name":"gracias","href":"https:\/\/api.w.org\/{rel}","templated":true}]}}