{"id":1853,"date":"2024-12-24T07:33:41","date_gmt":"2024-12-24T07:33:41","guid":{"rendered":"https:\/\/fmp-components.com\/?page_id=8"},"modified":"2025-05-07T14:12:19","modified_gmt":"2025-05-07T14:12:19","slug":"rotary-mower-gearboxes-replacement-of-comer-code-lf-211j","status":"publish","type":"product","link":"https:\/\/fmp-components.com\/es\/product\/rotary-mower-gearboxes-replacement-of-comer-code-lf-211j\/","title":{"rendered":"Cajas de engranajes para cortadoras rotativas: reemplazo del c\u00f3digo Comer LF-211J"},"content":{"rendered":"<p><img loading=\"lazy\" decoding=\"async\" class=\"alignnone size-full wp-image-1856\" src=\"https:\/\/fmp-components.com\/wp-content\/uploads\/2024\/12\/Rotary-Mower-Gearbox2.webp\" alt=\"Caja de engranajes de la cortadora rotativa\" width=\"1261\" height=\"655\" title=\"\" srcset=\"https:\/\/fmp-components.com\/wp-content\/uploads\/2024\/12\/Rotary-Mower-Gearbox2.webp 1261w, https:\/\/fmp-components.com\/wp-content\/uploads\/2024\/12\/Rotary-Mower-Gearbox2-980x509.webp 980w, https:\/\/fmp-components.com\/wp-content\/uploads\/2024\/12\/Rotary-Mower-Gearbox2-480x249.webp 480w\" sizes=\"(min-width: 0px) and (max-width: 480px) 480px, (min-width: 481px) and (max-width: 980px) 980px, (min-width: 981px) 1261px, 100vw\" \/><\/p>\n<p><img loading=\"lazy\" decoding=\"async\" class=\"alignnone size-full wp-image-1854\" src=\"https:\/\/fmp-components.com\/wp-content\/uploads\/2024\/12\/Specifications-of-Rotary-Mower-Gearbox-LF-211J.webp\" alt=\"Especificaciones de la caja de engranajes de la cortadora de c\u00e9sped rotativa LF-211J\" width=\"1000\" height=\"590\" title=\"\" srcset=\"https:\/\/fmp-components.com\/wp-content\/uploads\/2024\/12\/Specifications-of-Rotary-Mower-Gearbox-LF-211J.webp 1000w, https:\/\/fmp-components.com\/wp-content\/uploads\/2024\/12\/Specifications-of-Rotary-Mower-Gearbox-LF-211J-980x578.webp 980w, https:\/\/fmp-components.com\/wp-content\/uploads\/2024\/12\/Specifications-of-Rotary-Mower-Gearbox-LF-211J-480x283.webp 480w\" sizes=\"(min-width: 0px) and (max-width: 480px) 480px, (min-width: 481px) and (max-width: 980px) 980px, (min-width: 981px) 1000px, 100vw\" \/><\/p>\n<h2>Especificaci\u00f3n del producto<\/h2>\n<table class=\"kh-1xzm1su\" style=\"width: 100.272%; height: 542px;\" border=\"1\" cellspacing=\"0\" cellpadding=\"0\" data-intent=\"lists-product-attributes\" data-test-id=\"attributes-list\">\n<tbody class=\"kh-1ago99h\">\n<tr id=\"alexis#custom#item-id\" class=\"kh-bwvum6\" style=\"height: 23px;\" data-test-id=\"attribute-row\">\n<th class=\"kh-10oizfy\" style=\"width: 23.4341%; height: 23px;\">Descripci\u00f3n del Producto<\/th>\n<td class=\"kh-1f5nhat\" style=\"width: 76.3499%; height: 23px;\">\n<div class=\"kh-pkx4zo\"><a href=\"https:\/\/fmp-components.com\/es\/product-category\/agricultural-gearbox\/rotary-mower-gearbox\/\">Cajas de engranajes para cortadoras rotativas<\/a> \u2013 Reemplazo de caja de cambios Comer LF-211J<\/div>\n<\/td>\n<\/tr>\n<tr id=\"attProductDetails\" class=\"kh-bwvum6\" style=\"height: 99px;\" data-test-id=\"attribute-row\">\n<th class=\"kh-10oizfy\" style=\"width: 23.4341%; height: 99px;\">Detalles del producto<\/th>\n<td class=\"kh-1f5nhat\" style=\"width: 76.3499%; height: 99px;\">\n<ul>\n<li class=\"kh-16zd49f\">Todas las cajas de cambios se suministran sin aceite.<\/li>\n<li class=\"kh-16zd49f\">En primer lugar, el cambio de aceite despu\u00e9s de 50-70 horas de funcionamiento, luego despu\u00e9s de 500-700 horas de funcionamiento o al menos una vez al a\u00f1o.<\/li>\n<li class=\"kh-16zd49f\">Cont\u00e1ctenos para potencia a diferentes RPM.<\/li>\n<\/ul>\n<\/td>\n<\/tr>\n<tr id=\"attApplicationRange\" class=\"kh-bwvum6\" style=\"height: 23px;\" data-test-id=\"attribute-row\">\n<th class=\"kh-10oizfy\" style=\"width: 23.4341%; height: 23px;\">Rango de aplicaci\u00f3n<\/th>\n<td class=\"kh-1f5nhat\" style=\"width: 76.3499%; height: 23px;\">\n<div class=\"kh-pkx4zo\">Cortadoras de c\u00e9sped<\/div>\n<\/td>\n<\/tr>\n<tr id=\"attConsistsOf\" class=\"kh-bwvum6\" style=\"height: 75px;\" data-test-id=\"attribute-row\">\n<th class=\"kh-10oizfy\" style=\"width: 23.4341%; height: 75px;\">Consiste en<\/th>\n<td class=\"kh-1f5nhat\" style=\"width: 76.3499%; height: 75px;\">\n<ul>\n<li class=\"kh-16zd49f\">Caja de cambios<\/li>\n<li class=\"kh-16zd49f\">Sin aceite<\/li>\n<\/ul>\n<\/td>\n<\/tr>\n<tr id=\"taContainsOil\" class=\"kh-bwvum6\" style=\"height: 23px;\" data-test-id=\"attribute-row\">\n<th class=\"kh-10oizfy\" style=\"width: 23.4341%; height: 23px;\">Contiene aceite<\/th>\n<td class=\"kh-1f5nhat\" style=\"width: 76.3499%; height: 23px;\">\n<div class=\"kh-pkx4zo\">No<\/div>\n<\/td>\n<\/tr>\n<tr id=\"taMaxOilCapacityL\" class=\"kh-bwvum6\" style=\"height: 23px;\" data-test-id=\"attribute-row\">\n<th class=\"kh-10oizfy\" style=\"width: 23.4341%; height: 23px;\">Capacidad m\u00e1xima de aceite<\/th>\n<td class=\"kh-1f5nhat\" style=\"width: 76.3499%; height: 23px;\">\n<div class=\"kh-pkx4zo\">0,8 litros<\/div>\n<\/td>\n<\/tr>\n<tr id=\"taMaxOilChangeIntervalH\" class=\"kh-bwvum6\" style=\"height: 23px;\" data-test-id=\"attribute-row\">\n<th class=\"kh-10oizfy\" style=\"width: 23.4341%; height: 23px;\">Intervalo m\u00e1ximo de cambio de aceite<\/th>\n<td class=\"kh-1f5nhat\" style=\"width: 76.3499%; height: 23px;\">\n<div class=\"kh-pkx4zo\">500 horas<\/div>\n<\/td>\n<\/tr>\n<tr id=\"taOilSAEViscosityGrade\" class=\"kh-bwvum6\" style=\"height: 23px;\" data-test-id=\"attribute-row\">\n<th class=\"kh-10oizfy\" style=\"width: 23.4341%; height: 23px;\">Grado de viscosidad SAE del aceite<\/th>\n<td class=\"kh-1f5nhat\" style=\"width: 76.3499%; height: 23px;\">\n<div class=\"kh-pkx4zo\">80W-90<\/div>\n<\/td>\n<\/tr>\n<tr id=\"taHousingMaterial_16\" class=\"kh-bwvum6\" style=\"height: 23px;\" data-test-id=\"attribute-row\">\n<th class=\"kh-10oizfy\" style=\"width: 23.4341%; height: 23px;\">Material de la carcasa<\/th>\n<td class=\"kh-1f5nhat\" style=\"width: 76.3499%; height: 23px;\">\n<div class=\"kh-pkx4zo\"><a href=\"https:\/\/fmp-components.com\/es\/cast-iron\/\">Hierro fundido<\/a> GGG40<\/div>\n<\/td>\n<\/tr>\n<tr id=\"taWeightKg_75\" class=\"kh-bwvum6\" style=\"height: 23px;\" data-test-id=\"attribute-row\">\n<th class=\"kh-10oizfy\" style=\"width: 23.4341%; height: 23px;\">Peso<\/th>\n<td class=\"kh-1f5nhat\" style=\"width: 76.3499%; height: 23px;\">\n<div class=\"kh-pkx4zo\">14 kilos<\/div>\n<\/td>\n<\/tr>\n<tr id=\"taGearArrangementInc\" class=\"kh-bwvum6\" style=\"height: 23px;\" data-test-id=\"attribute-row\">\n<th class=\"kh-10oizfy\" style=\"width: 23.4341%; height: 23px;\">Disposici\u00f3n de engranajes creciente<\/th>\n<td class=\"kh-1f5nhat\" style=\"width: 76.3499%; height: 23px;\">\n<div class=\"kh-pkx4zo\">3<\/div>\n<\/td>\n<\/tr>\n<tr id=\"taInputPowerKwHpInc\" class=\"kh-bwvum6\" style=\"height: 23px;\" data-test-id=\"attribute-row\">\n<th class=\"kh-10oizfy\" style=\"width: 23.4341%; height: 23px;\">Potencia de entrada kW\/HP Creciente<\/th>\n<td class=\"kh-1f5nhat\" style=\"width: 76.3499%; height: 23px;\">\n<div class=\"kh-pkx4zo\">14,7 \/ 20 kW\/CV<\/div>\n<\/td>\n<\/tr>\n<tr id=\"taInputShaftIncreasi\" class=\"kh-bwvum6\" style=\"height: 23px;\" data-test-id=\"attribute-row\">\n<th class=\"kh-10oizfy\" style=\"width: 23.4341%; height: 23px;\">Eje de entrada creciente<\/th>\n<td class=\"kh-1f5nhat\" style=\"width: 76.3499%; height: 23px;\">\n<div class=\"kh-pkx4zo\">inc\u00f3gnita<\/div>\n<\/td>\n<\/tr>\n<tr id=\"taNSOutputTorqueDaNm_1\" class=\"kh-bwvum6\" style=\"height: 23px;\" data-test-id=\"attribute-row\">\n<th class=\"kh-10oizfy\" style=\"width: 23.4341%; height: 23px;\">Par de salida DaNm en aumento<\/th>\n<td class=\"kh-1f5nhat\" style=\"width: 76.3499%; height: 23px;\">\n<div class=\"kh-pkx4zo\">8,9 daNm<\/div>\n<\/td>\n<\/tr>\n<tr id=\"taRatioIncreasing\" class=\"kh-bwvum6\" style=\"height: 23px;\" data-test-id=\"attribute-row\">\n<th class=\"kh-10oizfy\" style=\"width: 23.4341%; height: 23px;\">Aumento de la proporci\u00f3n<\/th>\n<td class=\"kh-1f5nhat\" style=\"width: 76.3499%; height: 23px;\">\n<div class=\"kh-pkx4zo\">1: 2.83<\/div>\n<\/td>\n<\/tr>\n<tr id=\"taRatioReducing\" class=\"kh-bwvum6\" style=\"height: 23px;\" data-test-id=\"attribute-row\">\n<th class=\"kh-10oizfy\" style=\"width: 23.4341%; height: 23px;\">Reducci\u00f3n de la relaci\u00f3n<\/th>\n<td class=\"kh-1f5nhat\" style=\"width: 76.3499%; height: 23px;\">\n<div class=\"kh-pkx4zo\">2.83 : 1<\/div>\n<\/td>\n<\/tr>\n<tr id=\"taShaftX\" class=\"kh-bwvum6\" style=\"height: 23px;\" data-test-id=\"attribute-row\">\n<th class=\"kh-10oizfy\" style=\"width: 23.4341%; height: 23px;\">Eje X<\/th>\n<td class=\"kh-1f5nhat\" style=\"width: 76.3499%; height: 23px;\">\n<div class=\"kh-pkx4zo\">1 3\/8&#8243; (6)<\/div>\n<\/td>\n<\/tr>\n<tr id=\"taShaftZ\" class=\"kh-bwvum6\" style=\"height: 23px;\" data-test-id=\"attribute-row\">\n<th class=\"kh-10oizfy\" style=\"width: 23.4341%; height: 23px;\">Eje Z<\/th>\n<td class=\"kh-1f5nhat\" style=\"width: 76.3499%; height: 23px;\">\n<div class=\"kh-pkx4zo\">33 h7<\/div>\n<\/td>\n<\/tr>\n<\/tbody>\n<\/table>\n<h2>Caracter\u00edsticas de la caja de engranajes de la cortadora rotativa LF-211J<\/h2>\n<p>La LF-211J es una caja de engranajes de alto rendimiento para segadoras rotativas, dise\u00f1ada para aplicaciones agr\u00edcolas e industriales, que proporciona una transmisi\u00f3n de potencia fiable y eficiente. Sus principales caracter\u00edsticas incluyen:<\/p>\n<ul>\n<li><strong>Relaci\u00f3n de transmisi\u00f3n<\/strong>:La caja de cambios tiene una relaci\u00f3n de transmisi\u00f3n de 1:2,83, lo que significa que la velocidad de salida es aproximadamente 2,83 veces la velocidad de entrada.<\/li>\n<li><strong>Capacidad de potencia<\/strong>Puede manejar una potencia m\u00e1xima de entrada de 14,7 kW (20 CV) y entregar un par de salida m\u00e1ximo de 8,9 daNm.<\/li>\n<li><strong>Construcci\u00f3n<\/strong>:La carcasa est\u00e1 hecha de hierro fundido GGG40, conocido por su durabilidad y resistencia, lo que garantiza longevidad y resistencia al desgaste.<\/li>\n<li><strong>Capacidad de aceite y mantenimiento<\/strong>La caja de cambios tiene una capacidad m\u00e1xima de aceite de 0,8 litros y utiliza aceite para engranajes SAE 80W-90. Se recomienda realizar el primer cambio de aceite despu\u00e9s de 50-70 horas de funcionamiento, seguido de cambios posteriores cada 500-700 horas o al menos una vez al a\u00f1o.<\/li>\n<li><strong>Peso<\/strong>:La unidad pesa aproximadamente 14 kg, lo que la hace relativamente f\u00e1cil de manipular e instalar.<\/li>\n<li><strong>Especificaciones del eje<\/strong>El eje de entrada est\u00e1 dise\u00f1ado para adaptarse a una conexi\u00f3n de 1 3\/8\u2033 (6 estr\u00edas), mientras que el eje de salida tiene un di\u00e1metro de 33 mm, lo que garantiza la compatibilidad con los componentes est\u00e1ndar de la cortadora de c\u00e9sped rotativa.<\/li>\n<\/ul>\n<p>Estas caracter\u00edsticas hacen que la caja de cambios LF-211J sea una opci\u00f3n confiable para mejorar el rendimiento y la eficiencia de las segadoras rotativas en diversos entornos agr\u00edcolas.<\/p>\n<p><img loading=\"lazy\" decoding=\"async\" class=\"alignnone size-full wp-image-1855\" src=\"https:\/\/fmp-components.com\/wp-content\/uploads\/2024\/12\/PTO-Shaft-for-Rotary-Mower-Gearbox-35.webp\" alt=\"Eje de toma de fuerza para caja de cambios de segadora rotativa\" width=\"2200\" height=\"1100\" title=\"\" srcset=\"https:\/\/fmp-components.com\/wp-content\/uploads\/2024\/12\/PTO-Shaft-for-Rotary-Mower-Gearbox-35.webp 2200w, https:\/\/fmp-components.com\/wp-content\/uploads\/2024\/12\/PTO-Shaft-for-Rotary-Mower-Gearbox-35-1280x640.webp 1280w, https:\/\/fmp-components.com\/wp-content\/uploads\/2024\/12\/PTO-Shaft-for-Rotary-Mower-Gearbox-35-980x490.webp 980w, https:\/\/fmp-components.com\/wp-content\/uploads\/2024\/12\/PTO-Shaft-for-Rotary-Mower-Gearbox-35-480x240.webp 480w\" sizes=\"(min-width: 0px) and (max-width: 480px) 480px, (min-width: 481px) and (max-width: 980px) 980px, (min-width: 981px) and (max-width: 1280px) 1280px, (min-width: 1281px) 2200px, 100vw\" \/><\/p>\n<h3>C\u00f3mo quitar la caja de engranajes de una cortadora de c\u00e9sped rotativa<\/h3>\n<p>Desmontar la caja de engranajes de una cortadora de c\u00e9sped rotativa es un proceso sencillo si se realiza con cuidado y de forma sistem\u00e1tica. Siga estos pasos para garantizar la seguridad y la eficiencia:<\/p>\n<h4>1. Desconecte la fuente de alimentaci\u00f3n<\/h4>\n<p>Antes de arrancar, desconecte la cortadora de c\u00e9sped de la fuente de alimentaci\u00f3n para evitar cualquier operaci\u00f3n accidental. Esto puede incluir apagar el motor, desenchufar el cable de alimentaci\u00f3n o desconectar la bater\u00eda.<\/p>\n<h4>2. Retire las cuchillas de corte<\/h4>\n<p>Separe las cuchillas de la plataforma de corte para acceder a la caja de engranajes. Aseg\u00farese de que la cortadora est\u00e9 estable y utilice las herramientas adecuadas para retirar las cuchillas de forma segura.<\/p>\n<h4>3. Afloje los pernos de montaje de la caja de cambios<\/h4>\n<p>Identifique los pernos de montaje que fijan la caja de engranajes a la plataforma de corte. Con una llave inglesa o de tubo, afl\u00f3jelos y ret\u00edrelos.<\/p>\n<h4>4. Desconecte los ejes de entrada y salida<\/h4>\n<p>Desconecte los ejes de entrada y salida conectados a la caja de cambios. Es posible que tenga que retirar acoplamientos, pasadores u otros accesorios. Observe c\u00f3mo est\u00e1n conectados los ejes para facilitar el reensamblaje.<\/p>\n<h4>5. Retire la caja de cambios de la plataforma<\/h4>\n<p>Levante con cuidado la caja de engranajes de la plataforma de corte. Dependiendo del tama\u00f1o y el peso de la caja de engranajes, podr\u00eda ser necesaria la ayuda de otra persona para garantizar una manipulaci\u00f3n segura.<\/p>\n<h4>6. Inspeccione la caja de cambios<\/h4>\n<p>Examine la caja de cambios para detectar signos de desgaste o da\u00f1os, como engranajes desgastados, sellos da\u00f1ados o cojinetes defectuosos. Este paso es crucial para determinar si la caja de cambios se puede reparar o necesita ser reemplazada.<\/p>\n<h4>7. Reparar o reemplazar la caja de cambios<\/h4>\n<p>Si la caja de cambios presenta da\u00f1os, siga las instrucciones del fabricante para su reparaci\u00f3n o sustituci\u00f3n. Aseg\u00farese de que todos los componentes funcionen correctamente antes de reinstalarla.<\/p>\n<h4>8. Reinstale la caja de cambios<\/h4>\n<p>Para reinstalar, siga los pasos de eliminaci\u00f3n en orden inverso:<\/p>\n<ul>\n<li>Coloque la caja de cambios en el chasis del cortac\u00e9sped.<\/li>\n<li>Asegure los pernos de montaje, apret\u00e1ndolos seg\u00fan las especificaciones de torsi\u00f3n recomendadas por el fabricante.<\/li>\n<li>Vuelva a conectar los ejes de entrada y salida, asegur\u00e1ndose de que todos los acoplamientos y accesorios est\u00e9n correctamente alineados.<\/li>\n<li>Vuelva a instalar las cuchillas de corte de forma segura.<\/li>\n<\/ul>\n<h4>9. Pruebe la cortadora de c\u00e9sped<\/h4>\n<p>Despu\u00e9s de reinstalar, pruebe la cortadora de c\u00e9sped para asegurarse de que la caja de cambios funcione sin problemas y que no haya ruidos ni vibraciones inusuales.<\/p>\n<h3>Consejos de seguridad<\/h3>\n<ul>\n<li>Utilice siempre guantes protectores y gafas de seguridad durante el proceso.<\/li>\n<li>Utilice soportes estables para evitar que el cortac\u00e9sped se vuelque.<\/li>\n<li>Siga las instrucciones espec\u00edficas del manual del usuario de su cortadora de c\u00e9sped para garantizar la compatibilidad y la seguridad.<\/li>\n<\/ul>\n<p>Si sigue cuidadosamente estos pasos y respeta las precauciones de seguridad, podr\u00e1 quitar, inspeccionar y reemplazar o reparar con \u00e9xito la caja de engranajes de la cortadora de c\u00e9sped rotativa seg\u00fan sea necesario.<\/p>\n<p><img loading=\"lazy\" decoding=\"async\" class=\"alignnone size-full wp-image-1857\" src=\"https:\/\/fmp-components.com\/wp-content\/uploads\/2024\/12\/Rotary-Mower-Gearbox1.webp\" alt=\"Caja de engranajes de la cortadora rotativa\" width=\"1275\" height=\"428\" title=\"\" srcset=\"https:\/\/fmp-components.com\/wp-content\/uploads\/2024\/12\/Rotary-Mower-Gearbox1.webp 1275w, https:\/\/fmp-components.com\/wp-content\/uploads\/2024\/12\/Rotary-Mower-Gearbox1-980x329.webp 980w, https:\/\/fmp-components.com\/wp-content\/uploads\/2024\/12\/Rotary-Mower-Gearbox1-480x161.webp 480w\" sizes=\"(min-width: 0px) and (max-width: 480px) 480px, (min-width: 481px) and (max-width: 980px) 980px, (min-width: 981px) 1275px, 100vw\" \/><\/p>\n<h3>Acerca de FMP<\/h3>\n<p>FMP es una importante empresa con sede en Italia, especializada en la investigaci\u00f3n, el desarrollo y la fabricaci\u00f3n de diversos reductores, reductores y maquinaria de ingenier\u00eda. La empresa tambi\u00e9n se compromete a fomentar el talento t\u00e9cnico para impulsar la innovaci\u00f3n y la excelencia en su sector. La cartera de productos de FMP incluye reductores c\u00f3nicos helicoidales y reductores de dientes rectos. <a href=\"https:\/\/fmp-components.com\/es\/worm-gearbox\/\">reductores de tornillo sin fin<\/a>, cajas de engranajes cil\u00edndricos, as\u00ed como cuerpos y carcasas de v\u00e1lvulas fundidas a alta presi\u00f3n.<\/p>\n<h4>Amplias aplicaciones<\/h4>\n<p>Los productos de FMP se utilizan ampliamente en diversas aplicaciones, entre ellas:<\/p>\n<ul>\n<li>Maquinaria agr\u00edcola como segadoras rotativas, barredoras de nieve, esparcidoras de fertilizantes y transportadores de granos.<\/li>\n<li>Equipos industriales, maquinaria de extracci\u00f3n de petr\u00f3leo, dispositivos industriales marinos y componentes hidr\u00e1ulicos para proyectos de ingenier\u00eda.<\/li>\n<\/ul>\n<h4>Fabricaci\u00f3n y tecnolog\u00eda avanzadas<\/h4>\n<p>FMP se enorgullece de su s\u00f3lida capacidad t\u00e9cnica y de I+D, lo que garantiza productos fiables y de alta calidad que satisfacen las demandas de las industrias modernas. La empresa adopta un proceso de fabricaci\u00f3n meticuloso y sofisticado, que incluye:<\/p>\n<ol>\n<li><strong>Dise\u00f1o de producto<\/strong>:Desarrollar especificaciones, materiales y dimensiones personalizadas para satisfacer las necesidades del cliente.<\/li>\n<li><strong>Preparaci\u00f3n del material<\/strong>:Utilizando materiales de primera calidad como hierro fundido o aleaciones de aluminio.<\/li>\n<li><strong>Mecanizado de precisi\u00f3n<\/strong>:Empleamos t\u00e9cnicas avanzadas de torneado, fresado y otras t\u00e9cnicas de mecanizado para producir componentes clave como engranajes y carcasas.<\/li>\n<li><strong>Asamblea<\/strong>:Montaje de engranajes, cojinetes y ejes en la carcasa con alineaci\u00f3n precisa, calibraci\u00f3n y lubricaci\u00f3n adecuada.<\/li>\n<li><strong>Tratamiento de procesos<\/strong>:Realizaci\u00f3n de tratamiento t\u00e9rmico para mejorar la resistencia y la resistencia al desgaste.<\/li>\n<li><strong>Tratamiento de superficies<\/strong>:Aplicaci\u00f3n de pulido, recubrimiento en polvo y otros tratamientos de superficie para mejorar la apariencia y la resistencia a la corrosi\u00f3n.<\/li>\n<li><strong>Control de calidad<\/strong>:Implementamos rigurosas inspecciones y pruebas de dimensiones, precisi\u00f3n, ruido y vibraci\u00f3n para garantizar la estabilidad, la seguridad y la calidad constante.<\/li>\n<\/ol>\n<h4>Reputaci\u00f3n de la industria<\/h4>\n<p>La dedicaci\u00f3n de FMP a la calidad, la innovaci\u00f3n y la satisfacci\u00f3n del cliente le ha otorgado una distinguida reputaci\u00f3n en la industria manufacturera. La empresa se adhiere a una filosof\u00eda empresarial \u00fanica que prioriza la confiabilidad, la artesan\u00eda y la excelencia.<\/p>\n<p>Agradecemos consultas y oportunidades de colaboraci\u00f3n de clientes y socios de todo el mundo. No dude en contactarnos por tel\u00e9fono o correo electr\u00f3nico para obtener m\u00e1s informaci\u00f3n sobre nuestros productos y servicios.<\/p>\n<p><img loading=\"lazy\" decoding=\"async\" class=\"alignnone size-full wp-image-1861\" src=\"https:\/\/fmp-components.com\/wp-content\/uploads\/2024\/12\/Other-Agricultural-Gearboxes.webp\" alt=\"Otras cajas de cambios agr\u00edcolas\" width=\"1200\" height=\"1400\" title=\"\" srcset=\"https:\/\/fmp-components.com\/wp-content\/uploads\/2024\/12\/Other-Agricultural-Gearboxes.webp 1200w, https:\/\/fmp-components.com\/wp-content\/uploads\/2024\/12\/Other-Agricultural-Gearboxes-980x1143.webp 980w, https:\/\/fmp-components.com\/wp-content\/uploads\/2024\/12\/Other-Agricultural-Gearboxes-480x560.webp 480w\" sizes=\"(min-width: 0px) and (max-width: 480px) 480px, (min-width: 481px) and (max-width: 980px) 980px, (min-width: 981px) 1200px, 100vw\" \/><\/p>\n<p>Autor: CX<\/p>","protected":false},"excerpt":{"rendered":"<p>Product Specification Product Description Rotary Mower Gearboxes &#8211; Replacement of Comer Gearbox LF-211J Product details All gearboxes are supplied without oil. First, the oil change after 50-70 operating hours, then after 500-700 operating hours or at least once a year. Contact us for power at a different RPM. Application range Mowers Consists of Gearbox Without [&hellip;]<\/p>","protected":false},"featured_media":1858,"comment_status":"open","ping_status":"closed","template":"","meta":{"_et_pb_use_builder":"","_et_pb_old_content":"","_et_gb_content_width":""},"product_brand":[],"product_cat":[51],"product_tag":[],"class_list":{"0":"post-1853","1":"product","2":"type-product","3":"status-publish","4":"has-post-thumbnail","6":"product_cat-rotary-mower-gearbox","8":"first","9":"instock","10":"shipping-taxable","11":"product-type-simple"},"_links":{"self":[{"href":"https:\/\/fmp-components.com\/es\/wp-json\/wp\/v2\/product\/1853","targetHints":{"allow":["GET"]}}],"collection":[{"href":"https:\/\/fmp-components.com\/es\/wp-json\/wp\/v2\/product"}],"about":[{"href":"https:\/\/fmp-components.com\/es\/wp-json\/wp\/v2\/types\/product"}],"replies":[{"embeddable":true,"href":"https:\/\/fmp-components.com\/es\/wp-json\/wp\/v2\/comments?post=1853"}],"wp:featuredmedia":[{"embeddable":true,"href":"https:\/\/fmp-components.com\/es\/wp-json\/wp\/v2\/media\/1858"}],"wp:attachment":[{"href":"https:\/\/fmp-components.com\/es\/wp-json\/wp\/v2\/media?parent=1853"}],"wp:term":[{"taxonomy":"product_brand","embeddable":true,"href":"https:\/\/fmp-components.com\/es\/wp-json\/wp\/v2\/product_brand?post=1853"},{"taxonomy":"product_cat","embeddable":true,"href":"https:\/\/fmp-components.com\/es\/wp-json\/wp\/v2\/product_cat?post=1853"},{"taxonomy":"product_tag","embeddable":true,"href":"https:\/\/fmp-components.com\/es\/wp-json\/wp\/v2\/product_tag?post=1853"}],"curies":[{"name":"gracias","href":"https:\/\/api.w.org\/{rel}","templated":true}]}}