{"id":1843,"date":"2024-12-24T06:35:24","date_gmt":"2024-12-24T06:35:24","guid":{"rendered":"https:\/\/fmp-components.com\/?page_id=8"},"modified":"2024-12-24T06:51:56","modified_gmt":"2024-12-24T06:51:56","slug":"post-hole-digger-gearbox-replacement-of-comer-code-t-290f","status":"publish","type":"product","link":"https:\/\/fmp-components.com\/es\/product\/post-hole-digger-gearbox-replacement-of-comer-code-t-290f\/","title":{"rendered":"Caja de engranajes para excavadora de postes: reemplazo del c\u00f3digo Comer T-290F"},"content":{"rendered":"<p>Nuestra caja de engranajes para excavadora de postes, dise\u00f1ada espec\u00edficamente para reemplazar la Comer Code T-290F, garantiza un rendimiento y una durabilidad excepcionales para diversas aplicaciones de perforaci\u00f3n.<\/p>\n<h3>Caracter\u00edsticas principales:<\/h3>\n<ul>\n<li><strong>Alto par de salida<\/strong>Dise\u00f1ada para proporcionar un torque excepcional, esta caja de cambios transfiere eficazmente la potencia del tractor al sinf\u00edn, lo que la hace ideal para condiciones de suelo dif\u00edciles.<\/li>\n<li><strong>Construcci\u00f3n robusta<\/strong>:Fabricada con materiales de alta calidad, nuestra caja de cambios ofrece una resistencia superior y resistencia al desgaste, lo que garantiza una vida \u00fatil duradera.<\/li>\n<li><strong>Mecanizado de precisi\u00f3n<\/strong>:Cada unidad est\u00e1 fabricada con precisi\u00f3n para garantizar un funcionamiento suave y un rendimiento \u00f3ptimo, minimizando la p\u00e9rdida de energ\u00eda durante su uso.<\/li>\n<li><strong>Dise\u00f1o compacto<\/strong>:Las dimensiones compactas permiten una f\u00e1cil instalaci\u00f3n y compatibilidad con varios sistemas de excavadoras de postes sin agregar volumen adicional.<\/li>\n<li><strong>Compatibilidad vers\u00e1til<\/strong>:Dise\u00f1ado para adaptarse a una variedad de tractores e implementos de excavaci\u00f3n, lo que lo hace adecuado para m\u00faltiples aplicaciones agr\u00edcolas y de construcci\u00f3n.<\/li>\n<li><strong>Sistema de sellado eficaz<\/strong>:Los sellos integrados evitan que los contaminantes ingresen a la caja de engranajes, lo que ayuda a mantener la lubricaci\u00f3n y mejorar la vida \u00fatil de los componentes internos.<\/li>\n<li><strong>Requisitos de bajo mantenimiento<\/strong>Dise\u00f1ada para durar, esta caja de cambios requiere un mantenimiento m\u00ednimo, lo que permite a los usuarios concentrarse en sus tareas sin tiempos de inactividad frecuentes.<\/li>\n<\/ul>\n<p>Nuestra caja de engranajes para excavadora de postes, como reemplazo del modelo Comer Code T-290F, est\u00e1 dise\u00f1ada para ofrecer alto rendimiento y confiabilidad. Gracias a su dise\u00f1o robusto e ingenier\u00eda de precisi\u00f3n, es la soluci\u00f3n ideal para todas sus necesidades de perforaci\u00f3n. Para m\u00e1s informaci\u00f3n o para realizar un pedido, \u00a1cont\u00e1ctenos hoy mismo!<\/p>\n<h2>Especificaciones del producto:<\/h2>\n<table style=\"width: 100%;\" border=\"1\" width=\"100%\" cellspacing=\"0\" cellpadding=\"0\">\n<tbody>\n<tr>\n<th>Descripci\u00f3n<\/th>\n<td>Caja de engranajes para excavadora de postes: reemplazo del c\u00f3digo Comer T-290F<\/td>\n<\/tr>\n<tr>\n<th>Solicitud<\/th>\n<td>Varias aplicaciones (agr\u00edcolas)<\/td>\n<\/tr>\n<tr>\n<th>Consiste en<\/th>\n<td>Caja de cambios<\/td>\n<\/tr>\n<tr>\n<th>Sin petr\u00f3leo<\/th>\n<td>Informaci\u00f3n t\u00e9cnica<\/td>\n<\/tr>\n<tr>\n<th>Potencia m\u00e1xima de entrada<\/th>\n<td>66,2 kW<\/td>\n<\/tr>\n<tr>\n<th>Par de salida m\u00e1ximo<\/th>\n<td>1135 nm<\/td>\n<\/tr>\n<tr>\n<th>Contiene aceite<\/th>\n<td>No<\/td>\n<\/tr>\n<tr>\n<th>Capacidad m\u00e1xima de aceite<\/th>\n<td>2,3 litros<\/td>\n<\/tr>\n<tr>\n<th>Intervalo m\u00e1ximo de cambio de aceite<\/th>\n<td>500 horas<\/td>\n<\/tr>\n<tr>\n<th>Grado de viscosidad SAE del aceite<\/th>\n<td>80W-90<\/td>\n<\/tr>\n<tr>\n<th>Material de la carcasa<\/th>\n<td>Hierro fundido GG25<\/td>\n<\/tr>\n<tr>\n<th>Peso<\/th>\n<td>30 kilos<\/td>\n<\/tr>\n<tr>\n<th>Disposici\u00f3n de engranajes<\/th>\n<td>5 &#8211; 6<\/td>\n<\/tr>\n<tr>\n<th>Relaci\u00f3n<\/th>\n<td>1: 1<\/td>\n<\/tr>\n<tr>\n<th>Eje de entrada<\/th>\n<td>Z<\/td>\n<\/tr>\n<tr>\n<th>Eje X<\/th>\n<td>1 3\/8\u2033 (6) (A)<\/td>\n<\/tr>\n<tr>\n<th>Eje Y<\/th>\n<td>1 3\/8\u2033 (6) (A)<\/td>\n<\/tr>\n<tr>\n<th>Eje Z<\/th>\n<td>1 3\/8\u2033 (6) (B)<\/td>\n<\/tr>\n<\/tbody>\n<\/table>\n<h2>Acerca de FMP<\/h2>\n<p>FMP, con sede en Italia, es l\u00edder en la investigaci\u00f3n, el desarrollo y la fabricaci\u00f3n de una amplia variedad de reductores, reductores y maquinaria de ingenier\u00eda. Comprometidos con la innovaci\u00f3n y la excelencia, ofrecemos una amplia gama de productos que incluye:<\/p>\n<ul>\n<li><strong>Cajas de engranajes c\u00f3nicos espirales<\/strong><\/li>\n<li><strong>Cajas de cambios rectas<\/strong><\/li>\n<li><strong>Cajas de engranajes helicoidales<\/strong><\/li>\n<li><strong>Cajas de engranajes cil\u00edndricas<\/strong><\/li>\n<li><strong>Cuerpos y carcasas de v\u00e1lvulas de fundici\u00f3n a alta presi\u00f3n<\/strong><\/li>\n<\/ul>\n<p>Nuestros productos est\u00e1n dise\u00f1ados para una amplia gama de aplicaciones, prestando servicio a industrias como la agr\u00edcola, la de la construcci\u00f3n y la marina. Se utilizan com\u00fanmente en segadoras agr\u00edcolas, quitanieves, esparcidoras de fertilizantes, transportadores de granos, maquinaria industrial, equipos de extracci\u00f3n de petr\u00f3leo y sistemas hidr\u00e1ulicos.<\/p>\n<p>En FMP, nos enorgullecemos de nuestra s\u00f3lida capacidad t\u00e9cnica y de investigaci\u00f3n. Nuestra dedicaci\u00f3n inquebrantable a la fabricaci\u00f3n de productos fiables y de alta calidad nos ha posicionado como una marca respetada en el sector manufacturero. Adoptamos una filosof\u00eda empresarial \u00fanica que prioriza la innovaci\u00f3n, la calidad y la satisfacci\u00f3n del cliente, lo que nos permite adaptarnos a las necesidades cambiantes de nuestros clientes.<\/p>\n<p><img loading=\"lazy\" decoding=\"async\" class=\"alignnone wp-image-1840\" src=\"https:\/\/fmp-components.com\/wp-content\/uploads\/2024\/12\/Post-Hole-Digger-Gearbox-6.webp\" alt=\"Caja de engranajes para excavadora de postes\" width=\"884\" height=\"582\" title=\"\" srcset=\"https:\/\/fmp-components.com\/wp-content\/uploads\/2024\/12\/Post-Hole-Digger-Gearbox-6.webp 884w, https:\/\/fmp-components.com\/wp-content\/uploads\/2024\/12\/Post-Hole-Digger-Gearbox-6-480x316.webp 480w\" sizes=\"(min-width: 0px) and (max-width: 480px) 480px, (min-width: 481px) 884px, 100vw\" \/><\/p>\n<h3>Proceso de fabricaci\u00f3n de cajas de engranajes agr\u00edcolas<\/h3>\n<p>La producci\u00f3n de cajas de engranajes agr\u00edcolas es un proceso meticuloso que implica varios pasos cr\u00edticos, cada uno dise\u00f1ado para garantizar la m\u00e1xima calidad y rendimiento:<\/p>\n<p><strong>Dise\u00f1o de producto<\/strong><br \/>\nLa etapa inicial se centra en definir las especificaciones, seleccionar los materiales y determinar las dimensiones adaptadas a los requisitos espec\u00edficos de la aplicaci\u00f3n. Nuestro equipo de dise\u00f1o colabora estrechamente con los clientes para comprender sus necesidades e incorporar los \u00faltimos avances tecnol\u00f3gicos.<\/p>\n<p><strong>Preparaci\u00f3n de materia prima<\/strong><br \/>\nSeleccionamos cuidadosamente los materiales esenciales, principalmente hierro fundido y aleaci\u00f3n de aluminio, para garantizar que cumplan con nuestros rigurosos est\u00e1ndares de calidad. Cada lote se inspecciona minuciosamente antes de su uso para garantizar el rendimiento \u00f3ptimo de nuestros productos.<\/p>\n<p><strong>Mecanizado de precisi\u00f3n<\/strong><br \/>\nLas materias primas se someten a operaciones de mecanizado de precisi\u00f3n, que incluyen torneado y fresado, para crear engranajes, ejes y carcasas con una precisi\u00f3n excepcional. Nuestra maquinaria de vanguardia y nuestros t\u00e9cnicos cualificados garantizan la perfecci\u00f3n en la fabricaci\u00f3n de cada componente.<\/p>\n<p><strong>Asamblea<\/strong><br \/>\nDurante el ensamblaje, componentes como engranajes, cojinetes y ejes se ensamblan meticulosamente dentro de la carcasa. Esta etapa implica rigurosas comprobaciones y calibraciones de precisi\u00f3n, adem\u00e1s de la aplicaci\u00f3n de lubricantes adecuados para garantizar un funcionamiento fluido y eficiente.<\/p>\n<p><strong>Tratamiento de procesos<\/strong><br \/>\nPara mejorar la resistencia y el desgaste, las cajas de engranajes se someten a avanzados tratamientos t\u00e9rmicos. Este paso crucial garantiza que nuestros productos resistan los rigores de aplicaciones exigentes.<\/p>\n<p><strong>Tratamiento de superficies<\/strong><br \/>\nAplicamos tratamientos superficiales como pulido y recubrimiento en polvo, mejorando tanto la est\u00e9tica como la resistencia a la corrosi\u00f3n de las cajas de engranajes. Esto no solo aumenta la durabilidad, sino que tambi\u00e9n prolonga la vida \u00fatil de nuestros productos en diversos entornos.<\/p>\n<p><strong>Control de calidad<\/strong><br \/>\nSe realizan inspecciones exhaustivas en cada etapa de producci\u00f3n, midiendo dimensiones, precisi\u00f3n, ruido y vibraci\u00f3n. Este riguroso proceso de control de calidad garantiza que nuestras cajas de engranajes cumplan con los m\u00e1s altos est\u00e1ndares de seguridad y rendimiento.<\/p>\n<p>En general, la producci\u00f3n de cajas de engranajes agr\u00edcolas en FMP es una tarea compleja que requiere mano de obra cualificada, tecnolog\u00eda de fabricaci\u00f3n avanzada y un riguroso sistema de control de calidad. Nuestro meticuloso enfoque garantiza la entrega de cajas de engranajes con un rendimiento y una fiabilidad excepcionales, cumpliendo con los altos est\u00e1ndares que esperan nuestros clientes.<\/p>\n<p>Autor: CX<\/p>","protected":false},"excerpt":{"rendered":"<p>Our Post Hole Digger Gearbox, designed specifically as a replacement for the Comer Code T-290F. This gearbox ensures outstanding performance and durability for various drilling applications. Key Features: High Torque Output: Engineered to provide exceptional torque, this gearbox effectively transfers power from the tractor to the auger, making it ideal for tough soil conditions. Robust [&hellip;]<\/p>","protected":false},"featured_media":1844,"comment_status":"open","ping_status":"closed","template":"","meta":{"_et_pb_use_builder":"","_et_pb_old_content":"","_et_gb_content_width":""},"product_brand":[],"product_cat":[15],"product_tag":[],"class_list":{"0":"post-1843","1":"product","2":"type-product","3":"status-publish","4":"has-post-thumbnail","6":"product_cat-uncategorized","8":"first","9":"instock","10":"shipping-taxable","11":"product-type-simple"},"_links":{"self":[{"href":"https:\/\/fmp-components.com\/es\/wp-json\/wp\/v2\/product\/1843","targetHints":{"allow":["GET"]}}],"collection":[{"href":"https:\/\/fmp-components.com\/es\/wp-json\/wp\/v2\/product"}],"about":[{"href":"https:\/\/fmp-components.com\/es\/wp-json\/wp\/v2\/types\/product"}],"replies":[{"embeddable":true,"href":"https:\/\/fmp-components.com\/es\/wp-json\/wp\/v2\/comments?post=1843"}],"wp:featuredmedia":[{"embeddable":true,"href":"https:\/\/fmp-components.com\/es\/wp-json\/wp\/v2\/media\/1844"}],"wp:attachment":[{"href":"https:\/\/fmp-components.com\/es\/wp-json\/wp\/v2\/media?parent=1843"}],"wp:term":[{"taxonomy":"product_brand","embeddable":true,"href":"https:\/\/fmp-components.com\/es\/wp-json\/wp\/v2\/product_brand?post=1843"},{"taxonomy":"product_cat","embeddable":true,"href":"https:\/\/fmp-components.com\/es\/wp-json\/wp\/v2\/product_cat?post=1843"},{"taxonomy":"product_tag","embeddable":true,"href":"https:\/\/fmp-components.com\/es\/wp-json\/wp\/v2\/product_tag?post=1843"}],"curies":[{"name":"gracias","href":"https:\/\/api.w.org\/{rel}","templated":true}]}}