{"id":1695,"date":"2024-12-23T07:01:59","date_gmt":"2024-12-23T07:01:59","guid":{"rendered":"https:\/\/fmp-components.com\/product\/factory-direct-sale-10-ton-dump-truck-hydraulic-cylinder-double-acting-hydraulic-cylinder\/"},"modified":"2025-03-11T06:06:28","modified_gmt":"2025-03-11T06:06:28","slug":"factory-direct-sale-10-ton-dump-truck-hydraulic-cylinder-double-acting-hydraulic-cylinder","status":"publish","type":"product","link":"https:\/\/fmp-components.com\/es\/product\/factory-direct-sale-10-ton-dump-truck-hydraulic-cylinder-double-acting-hydraulic-cylinder\/","title":{"rendered":"Cilindro hidr\u00e1ulico de doble efecto para cami\u00f3n volquete de 10 toneladas, venta directa de f\u00e1brica"},"content":{"rendered":"<p>Cilindro hidr\u00e1ulico de doble efecto para camiones volquete de 10 toneladas, venta directa de f\u00e1brica. Este cilindro es un cilindro hidr\u00e1ulico de alta gama, dise\u00f1ado para camiones volquete. Gracias a su dise\u00f1o de doble efecto, este cilindro se puede utilizar en diversas aplicaciones, como la elevaci\u00f3n y el descenso de cargas pesadas, proporcionando un control suave y preciso en ambas direcciones.<\/p>\n<p><img decoding=\"async\" src=\"https:\/\/hzpt.com\/wp-content\/uploads\/2023\/11\/Inverted-Telescopic-Cylinder-4.webp\" alt=\"\" title=\"\"><\/p>\n<p>Fabricado con precisi\u00f3n y cuidado, este cilindro hidr\u00e1ulico ofrece una resistencia y durabilidad superiores, lo que lo convierte en una opci\u00f3n confiable para aplicaciones de servicio pesado. El cilindro cuenta con una construcci\u00f3n de acero de alta resistencia y est\u00e1 dise\u00f1ado para soportar temperaturas extremas y condiciones de trabajo rigurosas, garantizando un rendimiento \u00f3ptimo y una larga vida \u00fatil.<\/p>\n<p>El dise\u00f1o avanzado del cilindro tambi\u00e9n incluye una gama de caracter\u00edsticas innovadoras, como v\u00e1stagos de pist\u00f3n mecanizados con precisi\u00f3n, sellos de alta calidad y sistemas hidr\u00e1ulicos avanzados, todos los cuales trabajan juntos para brindar un rendimiento, una eficiencia y una confiabilidad excepcionales.<\/p>\n<table style=\"width: 100%;\" border=\"1\" width=\"100%\" cellspacing=\"0\" cellpadding=\"0\">\n<tbody>\n<tr>\n<th>Nombre del producto<\/th>\n<td>Cilindro hidr\u00e1ulico para cami\u00f3n volquete de 10 toneladas<\/td>\n<\/tr>\n<tr>\n<th>Condici\u00f3n<\/th>\n<td>Nuevo<\/td>\n<\/tr>\n<tr>\n<th>Tipo<\/th>\n<td>Cilindro hidr\u00e1ulico de doble efecto<\/td>\n<\/tr>\n<tr>\n<th>Estructura<\/th>\n<td>Cilindro de pist\u00f3n est\u00e1ndar<\/td>\n<\/tr>\n<tr>\n<th>Fuente de energ\u00eda<\/th>\n<td>Fluido hidr\u00e1ulico<\/td>\n<\/tr>\n<tr>\n<th>Dise\u00f1o<\/th>\n<td>Telesc\u00f3pico invertido<\/td>\n<\/tr>\n<tr>\n<th>Material<\/th>\n<td>Acero duradero<\/td>\n<\/tr>\n<tr>\n<th>Empuje m\u00e1ximo<\/th>\n<td>3000<\/td>\n<\/tr>\n<tr>\n<th>M\u00e1xima tracci\u00f3n<\/th>\n<td>20 toneladas<\/td>\n<\/tr>\n<tr>\n<th>Tama\u00f1o del orificio<\/th>\n<td>2 \u2013 6 pulgadas<\/td>\n<\/tr>\n<tr>\n<th>Tama\u00f1o de la varilla<\/th>\n<td>1,125 \u2013 4 pulgadas<\/td>\n<\/tr>\n<tr>\n<th>Tama\u00f1o del trazo<\/th>\n<td>6 \u2013 48 pulgadas<\/td>\n<\/tr>\n<tr>\n<th>Tama\u00f1o del pin<\/th>\n<td>0,5 \u2013 2 pulgadas<\/td>\n<\/tr>\n<tr>\n<th>Proceso de dar un t\u00edtulo<\/th>\n<td>ISO 9001:2000<\/td>\n<\/tr>\n<tr>\n<th>Color<\/th>\n<td>Negro elegante<\/td>\n<\/tr>\n<tr>\n<th>Garant\u00eda<\/th>\n<td>1 a\u00f1o<\/td>\n<\/tr>\n<tr>\n<th>Componentes principales<\/th>\n<td>Cojinete, cilindro de \u00e9mbolo<\/td>\n<\/tr>\n<\/tbody>\n<\/table>\n<h2>Caracter\u00edsticas del cilindro hidr\u00e1ulico del cami\u00f3n volquete de 10 toneladas<\/h2>\n<p>Este cilindro hidr\u00e1ulico cuenta con una serie de caracter\u00edsticas impresionantes:<\/p>\n<ol>\n<li>Doble Acci\u00f3n: Esto significa que puede realizar operaciones hidr\u00e1ulicas en dos direcciones, proporcionando mayor flexibilidad y eficiencia.<\/li>\n<li>Dise\u00f1o telesc\u00f3pico invertido: este dise\u00f1o permite una longitud de carrera extendida, lo que aumenta la eficiencia y versatilidad general del cilindro.<\/li>\n<li>Alto empuje y tracci\u00f3n m\u00e1ximos: con un empuje m\u00e1ximo de 3000 y una tracci\u00f3n m\u00e1xima de 20 toneladas, este cilindro es capaz de manipular cargas pesadas con facilidad.<\/li>\n<li>Material duradero: fabricado en acero, este cilindro es robusto y est\u00e1 dise\u00f1ado para durar, lo que garantiza confiabilidad y rendimiento a largo plazo.<\/li>\n<li>Garant\u00eda de un a\u00f1o: Este producto viene con una garant\u00eda de un a\u00f1o, lo que ofrece tranquilidad y protecci\u00f3n para su inversi\u00f3n.<\/li>\n<\/ol>\n<h2>Aplicaciones del cilindro hidr\u00e1ulico para camiones volquete de 10 toneladas<\/h2>\n<p>Gracias a su dise\u00f1o robusto y versatilidad, este cilindro hidr\u00e1ulico es adecuado para una amplia gama de aplicaciones:<\/p>\n<ol>\n<li>Plantas de fabricaci\u00f3n: se utilizan para la operaci\u00f3n de maquinaria pesada y el movimiento de materiales.<\/li>\n<li>Talleres de Reparaci\u00f3n de Maquinaria: Imprescindibles para tareas de reparaci\u00f3n y mantenimiento que requieran levantar o mover piezas de maquinaria pesada.<\/li>\n<li>Granjas: Se utiliza en diversas maquinarias agr\u00edcolas para tareas como levantar, empujar y tirar.<\/li>\n<li>Energ\u00eda y miner\u00eda: Se utiliza en equipos para excavar, perforar y extraer recursos.<\/li>\n<li>Fabricaci\u00f3n de Maquinaria: Integral para el montaje y desmontaje de grandes m\u00e1quinas y equipos.<\/li>\n<\/ol>\n<p><img decoding=\"async\" src=\"https:\/\/hzpt.com\/wp-content\/uploads\/2023\/11\/Inverted-Telescopic-Cylinder-Applications.webp\" alt=\"Aplicaciones del cilindro telesc\u00f3pico invertido\" title=\"\"><\/p>\n<h2>Principio de funcionamiento y m\u00e9todos de mantenimiento<\/h2>\n<p>El cilindro hidr\u00e1ulico funciona seg\u00fan un principio simple pero eficaz. El fluido hidr\u00e1ulico se bombea al cilindro, lo que genera presi\u00f3n. Esta presi\u00f3n act\u00faa sobre el pist\u00f3n, lo que lo mueve y genera fuerza de salida. El dise\u00f1o de doble efecto permite bombear el fluido en ambas direcciones, permitiendo que el pist\u00f3n se mueva hacia adelante y hacia atr\u00e1s.<\/p>\n<p>En cuanto al mantenimiento, es crucial:<\/p>\n<ol>\n<li style=\"list-style-type: none;\">\n<ol>\n<li>Inspeccione peri\u00f3dicamente el cilindro para detectar signos de desgaste, da\u00f1os o fugas.<\/li>\n<li>Limpie el cilindro peri\u00f3dicamente para evitar la acumulaci\u00f3n de suciedad y residuos.<\/li>\n<li>Lubrique las partes m\u00f3viles para reducir la fricci\u00f3n y el desgaste.<\/li>\n<li>Realice inspecciones y reparaciones peri\u00f3dicas para detectar y solucionar problemas de forma temprana.<\/li>\n<li>Reemplace los sellos seg\u00fan sea necesario para evitar fugas y mantener un rendimiento \u00f3ptimo.<\/li>\n<li>Siga el manual del operador para obtener pautas y programas de mantenimiento espec\u00edficos.<\/li>\n<\/ol>\n<\/li>\n<\/ol>\n<p><img decoding=\"async\" src=\"https:\/\/hzpt.com\/wp-content\/uploads\/2023\/11\/Inverted-Telescopic-Cylinder-8.webp\" alt=\"\" title=\"\"><\/p>\n<h2>Cilindro telesc\u00f3pico invertido<\/h2>\n<p>Un cilindro telesc\u00f3pico invertido, tambi\u00e9n conocido como cilindro telesc\u00f3pico de simple efecto, es un actuador hidr\u00e1ulico compuesto por m\u00faltiples etapas anidadas, cada una retra\u00edda dentro de la mayor. Estos cilindros se utilizan com\u00fanmente en diversas aplicaciones de servicio pesado, como camiones volquete, gr\u00faas y excavadoras.<\/p>\n<h3>Caracter\u00edsticas del cilindro telesc\u00f3pico invertido<\/h3>\n<p>Las siguientes son algunas de las caracter\u00edsticas clave de los cilindros telesc\u00f3picos invertidos:<\/p>\n<ul>\n<li>Trazos grandes con una longitud retra\u00edda m\u00e1s peque\u00f1a<\/li>\n<li>Uso altamente eficiente del espacio, lo que los hace ideales para maquinaria con espacio limitado.<\/li>\n<li>Alta resistencia y durabilidad, debido al uso de materiales de alta calidad como el acero cromado.<\/li>\n<li>Puede soportar cargas elevadas y proporcionar un rendimiento constante, incluso en condiciones dif\u00edciles.<\/li>\n<\/ul>\n<h3>Principio de funcionamiento del cilindro telesc\u00f3pico invertido<\/h3>\n<p>Al aplicar presi\u00f3n al v\u00e1stago del pist\u00f3n, este se extiende fuera del cilindro, lo que provoca que las etapas anidadas tambi\u00e9n se extiendan. Esta extensi\u00f3n contin\u00faa hasta que el v\u00e1stago alcanza el final de su carrera. El cilindro se retrae al liberarse la presi\u00f3n, y las etapas anidadas se retraen hacia el cilindro m\u00e1s grande.<\/p>\n<p>El v\u00e1stago del pist\u00f3n de un cilindro telesc\u00f3pico invertido suele estar conectado al extremo de la etapa m\u00e1s peque\u00f1a. El pist\u00f3n se ubica dentro de la etapa m\u00e1s grande, y el fluido hidr\u00e1ulico suele alimentarse a trav\u00e9s de un puerto en la base del cilindro.<\/p>\n<h3>Aplicaciones del cilindro telesc\u00f3pico invertido<\/h3>\n<p>Los cilindros telesc\u00f3picos invertidos se utilizan com\u00fanmente en camiones volquete, que requieren cilindros hidr\u00e1ulicos para elevar e inclinar la plataforma del cami\u00f3n durante la descarga. Estos cilindros tambi\u00e9n se utilizan en equipos de construcci\u00f3n, como excavadoras, para controlar el movimiento de la pluma y el brazo.<\/p>\n<p>El cilindro hidr\u00e1ulico de doble efecto es otro tipo de cilindro hidr\u00e1ulico que se puede utilizar en diversas aplicaciones de servicio pesado. El cilindro hidr\u00e1ulico de doble efecto para cami\u00f3n volquete de 10 toneladas, de venta directa de f\u00e1brica, es la soluci\u00f3n ideal cuando el actuador necesita moverse hacia adelante y hacia atr\u00e1s, como en el caso de una prensa hidr\u00e1ulica o un elevador. Estos cilindros constan de un pist\u00f3n que puede moverse en ambas direcciones, y el fluido hidr\u00e1ulico se alimenta a ambos lados del pist\u00f3n para controlar su movimiento.<\/p>\n<p>El cilindro telesc\u00f3pico invertido es un componente esencial en diversas aplicaciones de servicio pesado, como camiones volquete y equipos de construcci\u00f3n. Estos cilindros ofrecen un control fiable y eficiente del movimiento de maquinaria pesada, proporcionando un rendimiento constante incluso en condiciones adversas. Al comprender su funcionamiento y sus aplicaciones, los fabricantes pueden tomar decisiones informadas sobre el tipo de actuador hidr\u00e1ulico adecuado para sus necesidades espec\u00edficas.<\/p>\n<p><img decoding=\"async\" src=\"https:\/\/hzpt.com\/wp-content\/uploads\/2023\/11\/Inverted-Telescopic-Cylinder-Manufacturers.webp\" alt=\"F\u00e1brica de fabricaci\u00f3n de maquinaria hidr\u00e1ulica HZPT\" title=\"\"><\/p>\n<h3>Acerca de FMP<\/h3>\n<p>FMP es una empresa especializada en la producci\u00f3n y venta de cilindros hidr\u00e1ulicos. Nos enfocamos en ofrecer repuestos de alta calidad para maquinaria de construcci\u00f3n y soluciones integrales, lo que nos ha consolidado como un socio confiable en el sector. Ubicados en Italia, nuestra amplia experiencia y un equipo de profesionales nos permiten brindar a nuestros clientes productos y servicios de primer nivel.<\/p>\n<p><strong>Nuestra gama de productos:<\/strong><\/p>\n<ol>\n<li><strong>Cajas de cambios para maquinaria agr\u00edcola:<\/strong> Ofrecemos una amplia variedad de cajas de cambios dise\u00f1adas espec\u00edficamente para maquinaria agr\u00edcola. Estas cajas de cambios son duraderas y eficientes, lo que permite un funcionamiento suave y fiable.<\/li>\n<li><strong>Cilindros hidr\u00e1ulicos:<\/strong> Nuestros cilindros hidr\u00e1ulicos se fabrican con los m\u00e1s altos est\u00e1ndares para ofrecer un rendimiento y una durabilidad superiores. Est\u00e1n dise\u00f1ados para soportar cargas pesadas y condiciones de funcionamiento adversas, lo que garantiza una eficiencia y una fiabilidad \u00f3ptimas.<\/li>\n<li><strong>Cajas de engranajes planetarios:<\/strong> Suministramos reductores planetarios dise\u00f1ados para ofrecer precisi\u00f3n y durabilidad. Estos reductores ofrecen una alta capacidad de par y un funcionamiento suave, lo que los hace ideales para diversas aplicaciones en la industria de la maquinaria de construcci\u00f3n.<\/li>\n<li><strong>Cajas de engranajes industriales:<\/strong> Nuestra gama de reductores industriales est\u00e1 dise\u00f1ada para satisfacer las diversas necesidades de diferentes industrias. Estos reductores son conocidos por su fiabilidad, eficiencia y larga vida \u00fatil.<\/li>\n<li><strong>Piezas y accesorios para maquinaria agr\u00edcola:<\/strong> Adem\u00e1s de cajas de cambios y cilindros hidr\u00e1ulicos, tambi\u00e9n ofrecemos una amplia gama de piezas y accesorios para maquinaria agr\u00edcola. Estos componentes se seleccionan cuidadosamente para garantizar la compatibilidad y un rendimiento \u00f3ptimo.<\/li>\n<\/ol>\n<p><strong>Ventajas de nuestra empresa:<\/strong><\/p>\n<ol>\n<li><strong>Est\u00e1ndares estrictos de calidad:<\/strong> Hemos establecido relaciones s\u00f3lidas y duraderas con proveedores de alta calidad, tanto nacionales como internacionales. Esto nos permite garantizar que todas las piezas que suministramos cumplan con los m\u00e1s altos est\u00e1ndares de calidad.<\/li>\n<li><strong>Equipo de ventas con experiencia:<\/strong> Nuestro equipo de ventas posee un profundo conocimiento de las tendencias de desarrollo y las necesidades de los clientes en la industria de la maquinaria de construcci\u00f3n. Ofrecen asesoramiento profesional sobre productos y sugerencias de compra inteligentes para ayudar a los clientes a tomar decisiones informadas.<\/li>\n<li><strong>Distribuci\u00f3n Log\u00edstica Eficiente:<\/strong> Contamos con un sistema de distribuci\u00f3n log\u00edstica eficiente que garantiza que los clientes reciban las piezas necesarias de forma puntual y precisa. Esto permite minimizar el tiempo de inactividad y maximizar la productividad.<\/li>\n<li><strong>Servicio confiable:<\/strong> Priorizamos la satisfacci\u00f3n del cliente y nos esforzamos por brindar un servicio excelente en todo momento. Nuestro equipo especializado est\u00e1 siempre listo para atender cualquier consulta o inquietud, garantizando una experiencia fluida y sin complicaciones para nuestros clientes.<\/li>\n<li><strong>Mejora continua:<\/strong> Estamos comprometidos con la mejora continua y con mantenernos al d\u00eda con los \u00faltimos avances del sector. Esto nos permite ofrecer soluciones innovadoras y mantener nuestra posici\u00f3n como proveedor de confianza de repuestos y m\u00e1quinas completas para maquinaria de construcci\u00f3n.<\/li>\n<\/ol>\n<p><img decoding=\"async\" src=\"https:\/\/fmp-components.com\/wp-content\/uploads\/2024\/12\/Adjustable-Clevis-Type-Cylinders-6.webp\" alt=\"Cilindro tipo horquilla ajustable\" width=\"849\" title=\"\"><br \/>\nAutor: CX<\/p>","protected":false},"excerpt":{"rendered":"<p>Factory Direct Sale 10 Ton Dump Truck Hydraulic Cylinder Double Acting Hydraulic Cylinder is a top-of-the-line hydraulic cylinder designed for use in dump trucks. With its double-acting design, this cylinder can be used in a variety of applications, including lifting and lowering heavy loads, providing smooth and precise control in both directions. Crafted with precision [&hellip;]<\/p>","protected":false},"featured_media":1696,"comment_status":"closed","ping_status":"closed","template":"","meta":{"_et_pb_use_builder":"","_et_pb_old_content":"","_et_gb_content_width":""},"product_brand":[],"product_cat":[45],"product_tag":[34,48],"class_list":{"0":"post-1695","1":"product","2":"type-product","3":"status-publish","4":"has-post-thumbnail","6":"product_cat-inverted-telescopic-cylinder","7":"product_tag-hydraulic-cylinder","8":"product_tag-inverted-telescopic-cylinder","10":"first","11":"instock","12":"product-type-simple"},"_links":{"self":[{"href":"https:\/\/fmp-components.com\/es\/wp-json\/wp\/v2\/product\/1695","targetHints":{"allow":["GET"]}}],"collection":[{"href":"https:\/\/fmp-components.com\/es\/wp-json\/wp\/v2\/product"}],"about":[{"href":"https:\/\/fmp-components.com\/es\/wp-json\/wp\/v2\/types\/product"}],"replies":[{"embeddable":true,"href":"https:\/\/fmp-components.com\/es\/wp-json\/wp\/v2\/comments?post=1695"}],"wp:featuredmedia":[{"embeddable":true,"href":"https:\/\/fmp-components.com\/es\/wp-json\/wp\/v2\/media\/1696"}],"wp:attachment":[{"href":"https:\/\/fmp-components.com\/es\/wp-json\/wp\/v2\/media?parent=1695"}],"wp:term":[{"taxonomy":"product_brand","embeddable":true,"href":"https:\/\/fmp-components.com\/es\/wp-json\/wp\/v2\/product_brand?post=1695"},{"taxonomy":"product_cat","embeddable":true,"href":"https:\/\/fmp-components.com\/es\/wp-json\/wp\/v2\/product_cat?post=1695"},{"taxonomy":"product_tag","embeddable":true,"href":"https:\/\/fmp-components.com\/es\/wp-json\/wp\/v2\/product_tag?post=1695"}],"curies":[{"name":"gracias","href":"https:\/\/api.w.org\/{rel}","templated":true}]}}