{"id":1629,"date":"2024-12-23T06:59:20","date_gmt":"2024-12-23T06:59:20","guid":{"rendered":"https:\/\/fmp-components.com\/product\/factory-provide-long-stroke-tow-truck-dump-truck-4-stage-hydraulic-cylinder\/"},"modified":"2025-05-10T12:32:36","modified_gmt":"2025-05-10T12:32:36","slug":"factory-provide-long-stroke-tow-truck-dump-truck-4-stage-hydraulic-cylinder","status":"publish","type":"product","link":"https:\/\/fmp-components.com\/es\/product\/factory-provide-long-stroke-tow-truck-dump-truck-4-stage-hydraulic-cylinder\/","title":{"rendered":"F\u00e1brica suministra cilindros hidr\u00e1ulicos de 4 etapas para gr\u00faas de remolque y volquetes de carrera larga."},"content":{"rendered":"<h2>La f\u00e1brica suministra cilindros hidr\u00e1ulicos de 4 etapas para gr\u00faas de remolque y volquetes de carrera larga.<\/h2>\n<p>El cilindro hidr\u00e1ulico de cuatro etapas para camiones volquete y gr\u00faas de remolque de carrera larga, fabricado por Factory Provide, es un producto de reciente lanzamiento dise\u00f1ado para su uso en diversas industrias, incluyendo plantas de fabricaci\u00f3n, talleres de reparaci\u00f3n de maquinaria, explotaciones agr\u00edcolas y los sectores de energ\u00eda y miner\u00eda. Este cilindro telesc\u00f3pico invertido cuenta con un robusto cuerpo de acero y pesa 56 kg. Tiene una fuerza de empuje m\u00e1xima de 3000 y soporta una fuerza de tracci\u00f3n m\u00e1xima de 20 toneladas. Sus componentes principales incluyen un cojinete y un cilindro de \u00e9mbolo.<\/p>\n<h2>Caracter\u00edsticas del cilindro hidr\u00e1ulico de 4 etapas<\/h2>\n<p><img decoding=\"async\" src=\"https:\/\/hzpt.com\/wp-content\/uploads\/2023\/11\/Inverted-Telescopic-Cylinder-11.webp\" alt=\"\" title=\"\"><\/p>\n<p>El cilindro tiene las siguientes caracter\u00edsticas:<\/p>\n<ul>\n<li>Tama\u00f1o del orificio que var\u00eda de 2 a 6 pulgadas<\/li>\n<li>Tama\u00f1o de la varilla entre 1,125 y 4 pulgadas<\/li>\n<li>Tama\u00f1o de carrera que var\u00eda de 6 a 48 pulgadas<\/li>\n<li>Tama\u00f1o del pasador entre 0,5 y 2 pulgadas<\/li>\n<li>Disponible en color negro est\u00e1ndar.<\/li>\n<\/ul>\n<h2>Aplicaciones del cilindro hidr\u00e1ulico de 4 etapas<\/h2>\n<p>El cilindro hidr\u00e1ulico de 4 etapas tiene una amplia gama de aplicaciones, entre las que se incluyen:<\/p>\n<ul>\n<li>Plantas de fabricaci\u00f3n: Para el funcionamiento de maquinaria y herramientas pesadas.<\/li>\n<li>Talleres de reparaci\u00f3n de maquinaria: Se utilizan para el mantenimiento y la reparaci\u00f3n de diversos tipos de maquinaria.<\/li>\n<li>Aplicaciones agr\u00edcolas: \u00datiles en maquinaria agr\u00edcola de alta resistencia para operaciones agr\u00edcolas eficientes.<\/li>\n<li>Energ\u00eda y miner\u00eda: Imprescindible para equipos de miner\u00eda y maquinaria generadora de energ\u00eda.<\/li>\n<li>F\u00e1brica de maquinaria: Fundamental en la producci\u00f3n y el montaje de maquinaria nueva.<\/li>\n<\/ul>\n<p><img decoding=\"async\" src=\"https:\/\/hzpt.com\/wp-content\/uploads\/2023\/11\/Inverted-Telescopic-Cylinder-Applications.webp\" alt=\"Aplicaciones de cilindros hidr\u00e1ulicos\" title=\"\"><\/p>\n<h2>Principio de funcionamiento y mantenimiento del cilindro hidr\u00e1ulico de 4 etapas<\/h2>\n<p>El cilindro hidr\u00e1ulico de 4 etapas funciona seg\u00fan el principio de la energ\u00eda hidr\u00e1ulica, donde el fluido hidr\u00e1ulico se utiliza para generar fuerza. El mantenimiento regular es fundamental para el funcionamiento eficiente del cilindro. Esto incluye inspecciones peri\u00f3dicas para detectar cualquier signo de desgaste, limpieza para garantizar que el polvo o los residuos no interfieran con el funcionamiento, lubricaci\u00f3n para minimizar la fricci\u00f3n y reemplazo de sellos cuando sea necesario.<\/p>\n<p><img decoding=\"async\" src=\"https:\/\/hzpt.com\/wp-content\/uploads\/2023\/11\/Inverted-Telescopic-Cylinder-24.webp\" alt=\"\" title=\"\"><\/p>\n<h2>Cilindro telesc\u00f3pico invertido<\/h2>\n<p>Los cilindros hidr\u00e1ulicos son componentes esenciales en diversas aplicaciones, como equipos de construcci\u00f3n, maquinaria industrial y veh\u00edculos comerciales. Un tipo de cilindro hidr\u00e1ulico que ha ganado popularidad en los \u00faltimos a\u00f1os es el cilindro telesc\u00f3pico invertido. Este tipo de cilindro se utiliza com\u00fanmente en camiones volquete, gr\u00faas y otros veh\u00edculos pesados.<\/p>\n<h3>Descripci\u00f3n general<\/h3>\n<p>Un cilindro telesc\u00f3pico invertido est\u00e1 dise\u00f1ado de tal manera que el v\u00e1stago del pist\u00f3n se encuentra en la parte inferior del cilindro, mientras que el pist\u00f3n est\u00e1 en la parte superior. Esta disposici\u00f3n permite una carrera m\u00e1s larga en un espacio reducido, lo que lo hace ideal para aplicaciones con espacio limitado. El cilindro consta de varias etapas que se pliegan unas sobre otras al retraerse, siendo la etapa m\u00e1s grande la externa y la m\u00e1s peque\u00f1a la interna.<\/p>\n<h3>Construcci\u00f3n<\/h3>\n<p>El cilindro telesc\u00f3pico invertido se fabrica generalmente con acero de alta resistencia, capaz de soportar cargas pesadas y temperaturas extremas. Consta de varias etapas, cada una con su propio pist\u00f3n y v\u00e1stago. Las etapas se conectan entre s\u00ed mediante collares roscados, lo que facilita el montaje y desmontaje.<\/p>\n<p>En la base del cilindro hay una placa de montaje que lo fija al veh\u00edculo. El v\u00e1stago del pist\u00f3n est\u00e1 conectado a una horquilla o un ojal en el extremo, lo que proporciona una conexi\u00f3n segura a la carga o al veh\u00edculo.<\/p>\n<h3>Funci\u00f3n<\/h3>\n<p>El cilindro telesc\u00f3pico invertido funciona mediante fluido hidr\u00e1ulico que genera presi\u00f3n, la cual impulsa el pist\u00f3n hacia arriba y hacia abajo. El v\u00e1stago del pist\u00f3n se extiende y se retrae a medida que las etapas se pliegan unas sobre otras. El cilindro permite una carrera larga, esencial para aplicaciones que requieren un amplio rango de movimiento.<\/p>\n<p>El cilindro telesc\u00f3pico invertido se usa com\u00fanmente en camiones volquete y gr\u00faas de remolque. En los camiones volquete, el cilindro se usa para levantar la caja y descargar la mercanc\u00eda. En las gr\u00faas de remolque, el cilindro se usa para extender la pluma y levantar el veh\u00edculo remolcado.<\/p>\n<h3>F\u00e1brica suministra cilindros hidr\u00e1ulicos de 4 etapas para gr\u00faas de remolque y volquetes de carrera larga.<\/h3>\n<p>El cilindro hidr\u00e1ulico de cuatro etapas para gr\u00faas de remolque y camiones volquete, fabricado por Factory Provide, es un tipo espec\u00edfico de cilindro telesc\u00f3pico invertido dise\u00f1ado para su uso en gr\u00faas de remolque y camiones volquete. Este cilindro consta de cuatro etapas y proporciona una carrera larga, lo que lo hace ideal para estas aplicaciones.<\/p>\n<p>El cilindro est\u00e1 fabricado en acero de alta resistencia y cuenta con una placa de montaje en la base para facilitar su fijaci\u00f3n al veh\u00edculo. El v\u00e1stago del pist\u00f3n se conecta a una horquilla o un c\u00e1ncamo para una sujeci\u00f3n segura a la carga o al veh\u00edculo.<\/p>\n<p>El cilindro hidr\u00e1ulico de cuatro etapas para camiones volquete y gr\u00faas de remolque de carrera larga, fabricado por Factory Provide, es un componente fiable y eficiente, esencial para el correcto funcionamiento de estos veh\u00edculos. Su capacidad para proporcionar una carrera larga en un espacio compacto lo convierte en la opci\u00f3n ideal para estas aplicaciones.<\/p>\n<h3>Acerca de FMP<\/h3>\n<p>FMP es una empresa especializada en la producci\u00f3n y venta de cilindros hidr\u00e1ulicos. Gracias a nuestra amplia experiencia en el sector y a nuestro equipo profesional, ofrecemos a nuestros clientes cilindros hidr\u00e1ulicos fiables y de alta calidad para maquinaria de construcci\u00f3n.<\/p>\n<p><img decoding=\"async\" class=\"aligncenter\" src=\"https:\/\/fmp-components.com\/wp-content\/uploads\/2024\/12\/Adjustable-Clevis-Type-Cylinders-6.webp\" alt=\"Cilindro tipo horquilla ajustable\" width=\"816\" title=\"\"><\/p>\n<p>Aqu\u00ed hay cinco razones por las que deber\u00eda elegir nuestros cilindros hidr\u00e1ulicos:<\/p>\n<ol>\n<li>Amplia gama de opciones: Ofrecemos una completa gama de cilindros hidr\u00e1ulicos, incluyendo cilindros de horquilla ajustable, cilindros de tirantes, cilindros soldados, cilindros telesc\u00f3picos y cilindros compactos. Sean cuales sean sus necesidades de maquinaria de construcci\u00f3n, tenemos el cilindro perfecto para usted.<\/li>\n<li>Calidad superior: Todos nuestros cilindros hidr\u00e1ulicos se fabrican con materiales de alta calidad y se someten a rigurosos controles de calidad. Garantizamos que cada cilindro cumple con los estrictos est\u00e1ndares de la industria, brind\u00e1ndole un rendimiento confiable y duradero.<\/li>\n<li>Personalizaci\u00f3n: Entendemos que cada proyecto de construcci\u00f3n tiene requisitos \u00fanicos. Por eso, ofrecemos opciones de personalizaci\u00f3n para nuestros cilindros hidr\u00e1ulicos. Ya sea por tama\u00f1o, estilo de montaje o presi\u00f3n nominal, podemos adaptar el cilindro a sus necesidades espec\u00edficas.<\/li>\n<li>Asesoramiento experto: Nuestro equipo de ventas, altamente capacitado, cuenta con una amplia experiencia en la industria de la maquinaria de construcci\u00f3n. Le brindar\u00e1n asesoramiento profesional sobre productos y le ayudar\u00e1n a elegir el cilindro hidr\u00e1ulico adecuado para su equipo. Nos comprometemos a encontrar las mejores soluciones para nuestros clientes.<\/li>\n<li>Distribuci\u00f3n eficiente: Contamos con un eficiente sistema de distribuci\u00f3n log\u00edstica para garantizar que reciba sus cilindros hidr\u00e1ulicos de manera oportuna y precisa. Puede confiar en que le entregaremos las piezas que necesita cuando las necesita, minimizando as\u00ed el tiempo de inactividad de su maquinaria.<\/li>\n<\/ol>\n<p>Elija FMP para sus necesidades de cilindros hidr\u00e1ulicos y experimente la diferencia. Cont\u00e1ctenos hoy mismo para hablar sobre c\u00f3mo podemos satisfacer sus necesidades de maquinaria de construcci\u00f3n.<\/p>\n<p>Autor: CX<\/p>","protected":false},"excerpt":{"rendered":"<p>The Factory Provide Long Stroke Tow Truck Dump Truck 4 Stage Hydraulic Cylinder The Factory Provide Long Stroke Tow Truck Dump Truck 4 Stage Hydraulic Cylinder is a newly launched product designed for use in various industries, including manufacturing plants, machinery repair shops, farms, and energy and mining sectors. This inverted telescopic type cylinder has [&hellip;]<\/p>","protected":false},"featured_media":1630,"comment_status":"closed","ping_status":"closed","template":"","meta":{"_et_pb_use_builder":"","_et_pb_old_content":"","_et_gb_content_width":""},"product_brand":[],"product_cat":[45],"product_tag":[34,48],"class_list":{"0":"post-1629","1":"product","2":"type-product","3":"status-publish","4":"has-post-thumbnail","6":"product_cat-inverted-telescopic-cylinder","7":"product_tag-hydraulic-cylinder","8":"product_tag-inverted-telescopic-cylinder","10":"first","11":"instock","12":"product-type-simple"},"_links":{"self":[{"href":"https:\/\/fmp-components.com\/es\/wp-json\/wp\/v2\/product\/1629","targetHints":{"allow":["GET"]}}],"collection":[{"href":"https:\/\/fmp-components.com\/es\/wp-json\/wp\/v2\/product"}],"about":[{"href":"https:\/\/fmp-components.com\/es\/wp-json\/wp\/v2\/types\/product"}],"replies":[{"embeddable":true,"href":"https:\/\/fmp-components.com\/es\/wp-json\/wp\/v2\/comments?post=1629"}],"wp:featuredmedia":[{"embeddable":true,"href":"https:\/\/fmp-components.com\/es\/wp-json\/wp\/v2\/media\/1630"}],"wp:attachment":[{"href":"https:\/\/fmp-components.com\/es\/wp-json\/wp\/v2\/media?parent=1629"}],"wp:term":[{"taxonomy":"product_brand","embeddable":true,"href":"https:\/\/fmp-components.com\/es\/wp-json\/wp\/v2\/product_brand?post=1629"},{"taxonomy":"product_cat","embeddable":true,"href":"https:\/\/fmp-components.com\/es\/wp-json\/wp\/v2\/product_cat?post=1629"},{"taxonomy":"product_tag","embeddable":true,"href":"https:\/\/fmp-components.com\/es\/wp-json\/wp\/v2\/product_tag?post=1629"}],"curies":[{"name":"gracias","href":"https:\/\/api.w.org\/{rel}","templated":true}]}}