{"id":1532,"date":"2024-12-23T05:51:36","date_gmt":"2024-12-23T05:51:36","guid":{"rendered":"https:\/\/fmp-components.com\/product\/customized-two-way-double-effect-hydraulic-piston-cylinder\/"},"modified":"2024-12-23T06:02:52","modified_gmt":"2024-12-23T06:02:52","slug":"customized-two-way-double-effect-hydraulic-piston-cylinder","status":"publish","type":"product","link":"https:\/\/fmp-components.com\/es\/product\/customized-two-way-double-effect-hydraulic-piston-cylinder\/","title":{"rendered":"Cilindro hidr\u00e1ulico de pist\u00f3n de doble efecto bidireccional personalizado"},"content":{"rendered":"<p>Cilindro hidr\u00e1ulico de pist\u00f3n de doble efecto y dos v\u00edas, personalizado. Este cilindro es un producto de alta calidad, dise\u00f1ado para satisfacer las demandas de diversas aplicaciones industriales. Gracias a su avanzada tecnolog\u00eda hidr\u00e1ulica, ofrece un rendimiento y una fiabilidad superiores.<\/p>\n<p>Con un dise\u00f1o bidireccional de doble efecto, este cilindro hidr\u00e1ulico de pist\u00f3n permite un control eficiente y preciso de los sistemas hidr\u00e1ulicos. Permite tanto la extensi\u00f3n como la retracci\u00f3n del pist\u00f3n, garantizando un movimiento suave y preciso.<\/p>\n<p>El cilindro est\u00e1 fabricado con materiales duraderos que garantizan su longevidad y resistencia al desgaste. Est\u00e1 dise\u00f1ado para soportar alta presi\u00f3n y cargas pesadas, lo que lo hace ideal para entornos industriales exigentes.<\/p>\n<p><img loading=\"lazy\" decoding=\"async\" class=\"\" title=\"Cilindro hidr\u00e1ulico para quitanieves\" src=\"https:\/\/hzpt.com\/wp-content\/uploads\/2023\/11\/Snow-Plow-Hydraulic-Cylinder-3.webp\" alt=\"Cilindro hidr\u00e1ulico para quitanieves\" width=\"922\" height=\"922\" \/><\/p>\n<p>El cilindro de pist\u00f3n hidr\u00e1ulico de doble efecto y dos v\u00edas personalizado es altamente personalizable para satisfacer requisitos espec\u00edficos. Puede adaptarse a diferentes longitudes de carrera, di\u00e1metros y opciones de montaje. Esta versatilidad permite una integraci\u00f3n perfecta en sistemas hidr\u00e1ulicos existentes o la creaci\u00f3n de nuevos sistemas.<\/p>\n<p>Adem\u00e1s de su excepcional rendimiento, este cilindro de pist\u00f3n est\u00e1 dise\u00f1ado pensando en la seguridad. Incorpora caracter\u00edsticas como sellos y amortiguadores para evitar fugas y minimizar las vibraciones, garantizando un funcionamiento seguro y estable.<\/p>\n<p>En general, el cilindro de pist\u00f3n hidr\u00e1ulico de doble efecto bidireccional personalizado es una soluci\u00f3n fiable y eficiente para diversas aplicaciones industriales. Su personalizaci\u00f3n, su rendimiento superior y sus caracter\u00edsticas de seguridad lo convierten en la opci\u00f3n ideal para empresas que buscan optimizar sus sistemas hidr\u00e1ulicos.<\/p>\n<div>\n<p>Actualice su maquinaria con el cilindro hidr\u00e1ulico de pist\u00f3n bidireccional de doble efecto para lograr la m\u00e1xima personalizaci\u00f3n y eficiencia. Fabricado con precisi\u00f3n y experiencia, este cilindro hidr\u00e1ulico de pist\u00f3n garantiza un rendimiento y una fiabilidad excepcionales.<\/p>\n<p><img decoding=\"async\" title=\"Cilindro hidr\u00e1ulico para quitanieves\" src=\"https:\/\/hzpt.com\/wp-content\/uploads\/2023\/11\/Snow-Plow-Hydraulic-Cylinder-2.webp\" alt=\"Cilindro hidr\u00e1ulico para quitanieves\" \/><\/p>\n<h2>Caracter\u00edsticas del producto<\/h2>\n<table style=\"width: 100%;\" border=\"1\" width=\"100%\" cellspacing=\"0\" cellpadding=\"0\">\n<tbody>\n<tr>\n<th>Nombre del producto<\/th>\n<td>Cilindro hidr\u00e1ulico para quitanieves<\/td>\n<\/tr>\n<tr>\n<th>Condici\u00f3n<\/th>\n<td>Nuevo<\/td>\n<\/tr>\n<tr>\n<th>Garant\u00eda<\/th>\n<td>1 a\u00f1o<\/td>\n<\/tr>\n<tr>\n<th>Industrias aplicables<\/th>\n<td>Talleres de reparaci\u00f3n de maquinaria, granjas, energ\u00eda y miner\u00eda, fabricaci\u00f3n de maquinaria, f\u00e1brica de maquinaria<\/td>\n<\/tr>\n<tr>\n<th>Peso (KG)<\/th>\n<td>6.4<\/td>\n<\/tr>\n<tr>\n<th>Tipo de marketing<\/th>\n<td>Nuevo producto 2023<\/td>\n<\/tr>\n<tr>\n<th>Componentes principales<\/th>\n<td>Cojinete, cilindro hidr\u00e1ulico<\/td>\n<\/tr>\n<tr>\n<th>Estructura<\/th>\n<td>Cilindro de pist\u00f3n<\/td>\n<\/tr>\n<tr>\n<th>Fuente de energ\u00eda<\/th>\n<td>Hidr\u00e1ulico<\/td>\n<\/tr>\n<\/tbody>\n<\/table>\n<h2>Mantenimiento y cuidado<\/h2>\n<p>Con un a\u00f1o de garant\u00eda y un componente principal de rodamientos y cilindros hidr\u00e1ulicos, este cilindro hidr\u00e1ulico de pist\u00f3n est\u00e1 dise\u00f1ado para durar. Su cuerpo de acero aumenta su durabilidad, permiti\u00e9ndole soportar incluso las condiciones m\u00e1s duras. Con un empuje m\u00e1ximo de 3000 y una tracci\u00f3n m\u00e1xima de 20 toneladas, es una m\u00e1quina de alta eficiencia.<\/p>\n<h2>Aplicaciones<\/h2>\n<p>Con su tama\u00f1o compacto y peso ligero de 6,4 kg, este cilindro de pist\u00f3n hidr\u00e1ulico es ideal para talleres de reparaci\u00f3n de maquinaria, granjas, industrias energ\u00e9ticas y mineras, y f\u00e1bricas de maquinaria. Su versatilidad lo convierte en la opci\u00f3n ideal para diversas configuraciones de maquinaria.<\/p>\n<p><img decoding=\"async\" src=\"https:\/\/hzpt.com\/wp-content\/uploads\/2023\/11\/Snow-Plow-Hydraulic-Cylinder-4Factory.webp\" alt=\"Imagen de f\u00e1brica\" title=\"\"><\/p>\n<\/div>\n<h2>Ventajas de los cilindros de tipo horquilla ajustable<\/h2>\n<ul>\n<li style=\"list-style-type: none;\">\n<ul>\n<li>Mayor versatilidad<\/li>\n<\/ul>\n<\/li>\n<\/ul>\n<p>El cilindro de horquilla ajustable ofrece una amplia flexibilidad de aplicaci\u00f3n, ya que se puede personalizar para adaptarse a casos de uso espec\u00edficos. Esto es especialmente cierto en el caso del cilindro de pist\u00f3n hidr\u00e1ulico de doble efecto bidireccional personalizado. La posibilidad de ajustar los puntos de montaje facilita su instalaci\u00f3n y uso en diversas aplicaciones.<\/p>\n<ul>\n<li style=\"list-style-type: none;\">\n<ul>\n<li>Eficiencia mejorada<\/li>\n<\/ul>\n<\/li>\n<\/ul>\n<p>El uso de cilindros de horquilla ajustables garantiza su optimizaci\u00f3n para el uso previsto. Esto significa que no se sobreutiliza ni se infrautiliza, lo que mejora la eficiencia. Esto es especialmente importante para el cilindro de pist\u00f3n hidr\u00e1ulico de doble efecto bidireccional personalizado, ya que puede optimizarse para un uso bidireccional, lo que proporciona un mayor control de la carga.<\/p>\n<ul>\n<li style=\"list-style-type: none;\">\n<ul>\n<li>Seguridad mejorada<\/li>\n<\/ul>\n<\/li>\n<\/ul>\n<p>Los cilindros de horquilla ajustables est\u00e1n dise\u00f1ados para ajustarse f\u00e1cilmente, lo que reduce considerablemente el riesgo de accidentes. Esto es especialmente importante para el cilindro de pist\u00f3n hidr\u00e1ulico de doble efecto bidireccional personalizado, que puede optimizarse para mayor seguridad en aplicaciones bidireccionales. Adem\u00e1s, el uso de materiales de alta calidad garantiza la fiabilidad y seguridad de estos cilindros.<\/p>\n<ul>\n<li style=\"list-style-type: none;\">\n<ul>\n<li>Mayor durabilidad<\/li>\n<\/ul>\n<\/li>\n<\/ul>\n<p>Los cilindros de horquilla ajustable est\u00e1n dise\u00f1ados para durar. Est\u00e1n fabricados con materiales de alta calidad que soportan las exigencias del uso intensivo. Esto es especialmente cierto en el caso del cilindro de pist\u00f3n hidr\u00e1ulico de doble efecto bidireccional personalizado, dise\u00f1ado para soportar las presiones de aplicaciones bidireccionales. Esto garantiza una mayor vida \u00fatil del cilindro y requiere menos reemplazos, lo que se traduce en un ahorro de costos a largo plazo.<\/p>\n<ul>\n<li style=\"list-style-type: none;\">\n<ul>\n<li>Rendimiento mejorado<\/li>\n<\/ul>\n<\/li>\n<\/ul>\n<p>Los cilindros de horquilla ajustable est\u00e1n dise\u00f1ados para optimizar el rendimiento. La posibilidad de ajustar los puntos de montaje permite un mayor control de la carga, lo que se traduce en un mejor rendimiento. Esto es especialmente importante para el cilindro de pist\u00f3n hidr\u00e1ulico de doble efecto bidireccional personalizado, que puede optimizarse para un mejor rendimiento en aplicaciones bidireccionales. Adem\u00e1s, el uso de materiales de alta calidad garantiza que estos cilindros funcionen al m\u00e1ximo durante m\u00e1s tiempo.<\/p>\n<p>En conclusi\u00f3n, el uso de cilindros de horquilla ajustable, en particular el cilindro hidr\u00e1ulico de pist\u00f3n de doble efecto y dos v\u00edas personalizado, ofrece una amplia gama de beneficios. Estos cilindros son vers\u00e1tiles, eficientes, seguros, duraderos y ofrecen un rendimiento superior. Gracias a su capacidad de personalizaci\u00f3n para casos de uso espec\u00edficos, son una excelente opci\u00f3n para cualquier aplicaci\u00f3n de servicio pesado.<\/p>\n<h3>Acerca de FMP: su proveedor profesional de cilindros hidr\u00e1ulicos<\/h3>\n<p>En FMP, nos especializamos en la venta y el servicio de repuestos y m\u00e1quinas completas para maquinaria de construcci\u00f3n, y nos enorgullece ser un proveedor l\u00edder de cilindros hidr\u00e1ulicos de alta calidad y fiabilidad. Estas son solo algunas de las razones por las que creemos que nuestros cilindros hidr\u00e1ulicos son los mejores del mercado:<\/p>\n<p>1. Ingenier\u00eda de precisi\u00f3n: Nuestros cilindros hidr\u00e1ulicos est\u00e1n dise\u00f1ados con ingenier\u00eda de precisi\u00f3n, lo que garantiza que sean duraderos y fiables incluso en las condiciones m\u00e1s dif\u00edciles.<\/p>\n<p>2. Amplia gama de aplicaciones: Nuestros cilindros hidr\u00e1ulicos se pueden utilizar en una amplia gama de aplicaciones, incluyendo maquinaria agr\u00edcola, equipos industriales y maquinaria de construcci\u00f3n.<\/p>\n<p>3. Dise\u00f1o personalizado: Podemos personalizar el dise\u00f1o de nuestros cilindros hidr\u00e1ulicos para satisfacer las necesidades espec\u00edficas de nuestros clientes, garantizando que obtengan el mejor rendimiento posible de nuestros productos.<\/p>\n<p>4. Materiales de alta calidad: Utilizamos \u00fanicamente materiales de la m\u00e1s alta calidad en la producci\u00f3n de nuestros cilindros hidr\u00e1ulicos, lo que garantiza que puedan resistir el desgaste a lo largo del tiempo.<\/p>\n<p>5. Excelente atenci\u00f3n al cliente: En FMP, nos enorgullecemos de brindar una excelente atenci\u00f3n al cliente a todos nuestros clientes. Desde asesoramiento sobre productos hasta sugerencias de compra inteligentes, nuestro experimentado equipo de ventas est\u00e1 siempre a su disposici\u00f3n.<\/p>\n<p>Si busca un proveedor de cilindros hidr\u00e1ulicos fiable y duradero, FMP es su mejor opci\u00f3n. \u00a1Cont\u00e1ctenos hoy mismo para obtener m\u00e1s informaci\u00f3n sobre nuestros productos y servicios y c\u00f3mo podemos ayudarle a satisfacer sus necesidades de maquinaria de construcci\u00f3n!<\/p>\n<p><img decoding=\"async\" src=\"https:\/\/fmp-components.com\/wp-content\/uploads\/2024\/12\/Adjustable-Clevis-Type-Cylinders-6.webp\" alt=\"Cilindro tipo horquilla ajustable\" width=\"844\" title=\"\"><\/p>\n<h2>Preguntas frecuentes<\/h2>\n<ol>\n<li><strong>P: \u00bfEs usted una empresa comercial o un fabricante?<\/strong>A: Somos una f\u00e1brica.<\/li>\n<li><strong>P: \u00bfCu\u00e1nto tiempo dura el env\u00edo?<\/strong>R: Generalmente tarda entre 25 y 35 d\u00edas.<\/li>\n<li><strong>P: \u00bfOfrecen muestras? \u00bfSon gratuitas o tienen un costo adicional?<\/strong>R: S\u00ed, podr\u00edamos ofrecer la muestra, pero no es gratis.<\/li>\n<\/ol>\n<p>Autor: CX<\/p>","protected":false},"excerpt":{"rendered":"<p>Cilindro de pist\u00f3n hidr\u00e1ulico de doble efecto y dos v\u00edas, personalizado. El cilindro de pist\u00f3n hidr\u00e1ulico de doble efecto y dos v\u00edas, personalizado, es un producto de alta calidad dise\u00f1ado para satisfacer las demandas de diversas aplicaciones industriales. Gracias a su avanzada tecnolog\u00eda hidr\u00e1ulica, este cilindro de pist\u00f3n ofrece un rendimiento y una fiabilidad superiores. Con un dise\u00f1o de doble efecto y dos v\u00edas, este cilindro de pist\u00f3n hidr\u00e1ulico permite un funcionamiento eficiente y [\u2026]<\/p>","protected":false},"featured_media":1533,"comment_status":"closed","ping_status":"closed","template":"","meta":{"_et_pb_use_builder":"","_et_pb_old_content":"","_et_gb_content_width":""},"product_brand":[],"product_cat":[42],"product_tag":[34,44],"class_list":{"0":"post-1532","1":"product","2":"type-product","3":"status-publish","4":"has-post-thumbnail","6":"product_cat-snow-plow-hydraulic-cylinder","7":"product_tag-hydraulic-cylinder","8":"product_tag-snow-plow-hydraulic-cylinder","10":"first","11":"instock","12":"product-type-simple"},"_links":{"self":[{"href":"https:\/\/fmp-components.com\/es\/wp-json\/wp\/v2\/product\/1532","targetHints":{"allow":["GET"]}}],"collection":[{"href":"https:\/\/fmp-components.com\/es\/wp-json\/wp\/v2\/product"}],"about":[{"href":"https:\/\/fmp-components.com\/es\/wp-json\/wp\/v2\/types\/product"}],"replies":[{"embeddable":true,"href":"https:\/\/fmp-components.com\/es\/wp-json\/wp\/v2\/comments?post=1532"}],"wp:featuredmedia":[{"embeddable":true,"href":"https:\/\/fmp-components.com\/es\/wp-json\/wp\/v2\/media\/1533"}],"wp:attachment":[{"href":"https:\/\/fmp-components.com\/es\/wp-json\/wp\/v2\/media?parent=1532"}],"wp:term":[{"taxonomy":"product_brand","embeddable":true,"href":"https:\/\/fmp-components.com\/es\/wp-json\/wp\/v2\/product_brand?post=1532"},{"taxonomy":"product_cat","embeddable":true,"href":"https:\/\/fmp-components.com\/es\/wp-json\/wp\/v2\/product_cat?post=1532"},{"taxonomy":"product_tag","embeddable":true,"href":"https:\/\/fmp-components.com\/es\/wp-json\/wp\/v2\/product_tag?post=1532"}],"curies":[{"name":"gracias","href":"https:\/\/api.w.org\/{rel}","templated":true}]}}