{"id":1514,"date":"2024-12-23T05:50:37","date_gmt":"2024-12-23T05:50:37","guid":{"rendered":"https:\/\/fmp-components.com\/product\/factory-direct-sale-2-ton-double-effect-small-snow-plow-hydraulic-cylinder\/"},"modified":"2025-05-10T13:02:11","modified_gmt":"2025-05-10T13:02:11","slug":"factory-direct-sale-2-ton-double-effect-small-snow-plow-hydraulic-cylinder","status":"publish","type":"product","link":"https:\/\/fmp-components.com\/es\/product\/factory-direct-sale-2-ton-double-effect-small-snow-plow-hydraulic-cylinder\/","title":{"rendered":"Cilindro hidr\u00e1ulico para quitanieves peque\u00f1o de doble efecto de 2 toneladas, venta directa de f\u00e1brica"},"content":{"rendered":"<h2>Presentamos el cilindro hidr\u00e1ulico para quitanieves peque\u00f1o de doble efecto de 2 toneladas, venta directa de f\u00e1brica.<\/h2>\n<p>Si necesita una herramienta quitanieves confiable y eficiente, no busque m\u00e1s: nuestro cilindro hidr\u00e1ulico quitanieves es la soluci\u00f3n. Con su excelente construcci\u00f3n y alta capacidad, es la opci\u00f3n ideal para quienes buscan una soluci\u00f3n de primera calidad para sus necesidades de quitanieves.<\/p>\n<h3>Caracter\u00edsticas del producto<\/h3>\n<p>Nuestro cilindro hidr\u00e1ulico para quitanieves es un producto completamente nuevo con caracter\u00edsticas impresionantes que lo distinguen de la competencia. Ofrece un a\u00f1o de garant\u00eda y un empuje m\u00e1ximo de 3000. Este cilindro de pist\u00f3n est\u00e1ndar funciona hidr\u00e1ulicamente y est\u00e1 fabricado con acero resistente para garantizar su larga vida \u00fatil.<\/p>\n<h3>Especificaciones del producto<\/h3>\n<p>El cilindro hidr\u00e1ulico tiene un di\u00e1metro interior de 2 a 6 pulgadas, un v\u00e1stago de 1,125 a 4 pulgadas y una carrera de 4 a 100 pulgadas. El di\u00e1metro del pasador es de 0,5 a 2 pulgadas y su capacidad m\u00e1xima de tracci\u00f3n es de 20 toneladas. Cuenta con la certificaci\u00f3n ISO9001:2000, lo que garantiza su alta calidad y un rendimiento fiable.<\/p>\n<h3>Mantenimiento del producto<\/h3>\n<p>Nuestro cilindro hidr\u00e1ulico para quitanieves no solo es f\u00e1cil de instalar, sino tambi\u00e9n de mantener. Con un peso de tan solo 10 kg, la garant\u00eda cubre los componentes principales, incluyendo el rodamiento y el propio cilindro hidr\u00e1ulico. Para su comodidad, le proporcionamos una inspecci\u00f3n de salida en video y un informe de prueba de la maquinaria.<\/p>\n<h3>Industrias aplicables<\/h3>\n<p>Nuestro cilindro hidr\u00e1ulico para quitanieves es vers\u00e1til y se utiliza en diversas industrias, como talleres de reparaci\u00f3n de maquinaria, granjas, energ\u00eda y miner\u00eda, y f\u00e1bricas de maquinaria. Su alto rendimiento y durabilidad lo convierten en una valiosa incorporaci\u00f3n a cualquier equipo de trabajo pesado.<\/p>\n<h2>Ventajas de los cilindros de tipo horquilla ajustable<\/h2>\n<p><strong>Cilindro hidr\u00e1ulico para quitanieves peque\u00f1o de doble efecto de 2 toneladas, venta directa de f\u00e1brica<\/strong><\/p>\n<p>Los cilindros de horquilla ajustable son un componente hidr\u00e1ulico altamente eficiente y vers\u00e1til que ofrece numerosas ventajas en diversas aplicaciones industriales. En este art\u00edculo, exploraremos las principales ventajas de su uso y por qu\u00e9 son la opci\u00f3n preferida en diferentes sistemas hidr\u00e1ulicos.<\/p>\n<p><strong>1. Mayor versatilidad<\/strong><\/p>\n<p>Una de las principales ventajas de los cilindros de horquilla ajustable es su versatilidad. Estos cilindros est\u00e1n dise\u00f1ados para ser ajustables, lo que permite una f\u00e1cil personalizaci\u00f3n y adaptaci\u00f3n a diferentes requisitos operativos. Con solo ajustar la posici\u00f3n de la horquilla, se puede modificar la longitud de la carrera del cilindro, lo que permite un control preciso del rendimiento del sistema hidr\u00e1ulico. Esta versatilidad hace que los cilindros de horquilla ajustables sean adecuados para una amplia gama de aplicaciones, desde sistemas quitanieves hasta equipos de manipulaci\u00f3n de materiales.<\/p>\n<p><strong>2. Rendimiento \u00f3ptimo<\/strong><\/p>\n<p>Los cilindros de horquilla ajustable est\u00e1n dise\u00f1ados para ofrecer un rendimiento \u00f3ptimo en sistemas hidr\u00e1ulicos. Gracias a sus ajustes precisos, estos cilindros permiten a los operadores ajustar con precisi\u00f3n la fuerza hidr\u00e1ulica, la velocidad y la longitud de carrera, maximizando as\u00ed la eficiencia y la productividad. Ya sea para levantar cargas pesadas o para operaciones de empuje\/tracci\u00f3n, los cilindros de horquilla ajustable ofrecen un rendimiento excepcional, garantizando una transmisi\u00f3n de potencia hidr\u00e1ulica suave y fiable.<\/p>\n<p><strong>3. Mayor durabilidad<\/strong><\/p>\n<p>Otra ventaja notable de los cilindros de horquilla ajustable es su robusta construcci\u00f3n y durabilidad. Estos cilindros est\u00e1n dise\u00f1ados para soportar entornos de alta presi\u00f3n y aplicaciones de alto rendimiento. El uso de materiales de alta calidad, t\u00e9cnicas de fabricaci\u00f3n avanzadas y estrictos procesos de control de calidad garantizan que los cilindros soporten condiciones extremas, resistan el desgaste y tengan una vida \u00fatil m\u00e1s larga. Esta durabilidad convierte a los cilindros de horquilla ajustable en una soluci\u00f3n rentable, que reduce la necesidad de reemplazos frecuentes y minimiza el tiempo de inactividad.<\/p>\n<p><strong>4. Control de precisi\u00f3n<\/strong><\/p>\n<p>Los cilindros de horquilla ajustables ofrecen un control preciso de los sistemas hidr\u00e1ulicos, lo que los hace ideales para aplicaciones que requieren un posicionamiento y control precisos. La posibilidad de ajustar la longitud de carrera permite un ajuste preciso del movimiento del cilindro, garantizando operaciones precisas y repetibles. Este nivel de control es crucial en industrias como la construcci\u00f3n, la agricultura y la manufactura, donde se requieren movimientos precisos para obtener resultados \u00f3ptimos.<\/p>\n<p><strong>5. F\u00e1cil instalaci\u00f3n y mantenimiento<\/strong><\/p>\n<p>La instalaci\u00f3n y el mantenimiento de los cilindros de horquilla ajustables son relativamente sencillos. Estos cilindros est\u00e1n dise\u00f1ados para una f\u00e1cil integraci\u00f3n en sistemas hidr\u00e1ulicos, con dimensiones y opciones de montaje estandarizadas. Adem\u00e1s, requieren un mantenimiento m\u00ednimo gracias a su robusta construcci\u00f3n y componentes de alta calidad. Las inspecciones y la lubricaci\u00f3n regulares suelen ser suficientes para mantener estos cilindros en \u00f3ptimas condiciones de funcionamiento, lo que reduce los costes de mantenimiento y el tiempo de inactividad.<\/p>\n<p>En general, los cilindros de horquilla ajustables ofrecen numerosas ventajas en cuanto a versatilidad, rendimiento, durabilidad, control preciso y facilidad de instalaci\u00f3n y mantenimiento. Su capacidad de ajuste y adaptaci\u00f3n a diversos requisitos operativos los convierten en una opci\u00f3n popular en una amplia gama de aplicaciones hidr\u00e1ulicas. Ya se trate de una peque\u00f1a m\u00e1quina quitanieves o de un sistema de manipulaci\u00f3n de materiales de alta resistencia, los cilindros de horquilla ajustables proporcionan la fiabilidad y la eficiencia necesarias para un rendimiento \u00f3ptimo.<\/p>\n<h3>Acerca de FMP<\/h3>\n<p>FMP es una empresa l\u00edder especializada en la producci\u00f3n y venta de cilindros hidr\u00e1ulicos. Gracias a nuestra amplia experiencia en el sector y a un equipo profesional, nos dedicamos a proporcionar a nuestros clientes cilindros hidr\u00e1ulicos fiables y de alta calidad para diversas aplicaciones en maquinaria de construcci\u00f3n.<\/p>\n<p><img decoding=\"async\" class=\"aligncenter\" src=\"https:\/\/fmp-components.com\/wp-content\/uploads\/2024\/12\/Adjustable-Clevis-Type-Cylinders-6.webp\" alt=\"Cilindro tipo horquilla ajustable\" width=\"835\" title=\"\"><\/p>\n<p>Aqu\u00ed tienes cinco razones por las que elegir FMP para tus necesidades de cilindros hidr\u00e1ulicos es la decisi\u00f3n correcta:<\/p>\n<ol>\n<li><strong>Amplia gama de productos:<\/strong> Ofrecemos una amplia gama de cilindros hidr\u00e1ulicos aptos para diversas aplicaciones en la industria de la maquinaria de construcci\u00f3n. Ya sea que necesite cilindros para maquinaria agr\u00edcola, reductores industriales o reductores planetarios, tenemos la soluci\u00f3n ideal.<\/li>\n<li><strong>Est\u00e1ndares estrictos de calidad:<\/strong> En FMP, priorizamos la calidad y garantizamos que todos nuestros cilindros hidr\u00e1ulicos cumplen con los m\u00e1s altos est\u00e1ndares. Gracias a nuestras s\u00f3lidas alianzas con proveedores de primer nivel, aseguramos la fiabilidad y durabilidad de nuestros productos.<\/li>\n<li><strong>Equipo de ventas con experiencia:<\/strong> Nuestro equipo de ventas, altamente capacitado, conoce a la perfecci\u00f3n las \u00faltimas tendencias y las necesidades de los clientes en la industria de la maquinaria de construcci\u00f3n. Le brindar\u00e1n asesoramiento profesional sobre nuestros productos, ayud\u00e1ndole a tomar decisiones informadas y a encontrar el cilindro hidr\u00e1ulico ideal para sus necesidades espec\u00edficas.<\/li>\n<li><strong>Distribuci\u00f3n Log\u00edstica Eficiente:<\/strong> Comprendemos la importancia de la entrega puntual. Nuestro eficiente sistema de distribuci\u00f3n log\u00edstica garantiza que reciba los cilindros hidr\u00e1ulicos necesarios de forma r\u00e1pida y precisa, minimizando el tiempo de inactividad y manteniendo sus operaciones funcionando sin problemas.<\/li>\n<li><strong>Soporte postventa integral:<\/strong> En FMP, valoramos la satisfacci\u00f3n del cliente. Nuestro equipo de soporte especializado est\u00e1 siempre listo para ayudarle con cualquier consulta o inquietud que pueda tener, brind\u00e1ndole un servicio posventa integral para garantizar su m\u00e1xima satisfacci\u00f3n con nuestros cilindros hidr\u00e1ulicos.<\/li>\n<\/ol>\n<p>As\u00f3ciate hoy mismo con FMP y descubre la calidad, la fiabilidad y el rendimiento excepcional de nuestros cilindros hidr\u00e1ulicos. Cont\u00e1ctanos ahora para hablar sobre tus necesidades espec\u00edficas e iniciar una colaboraci\u00f3n fruct\u00edfera.<\/p>\n<h2>Preguntas frecuentes<\/h2>\n<p><img decoding=\"async\" class=\"aligncenter\" title=\"Cilindro hidr\u00e1ulico para quitanieves\" src=\"https:\/\/hzpt.com\/wp-content\/uploads\/2023\/11\/Snow-Plow-Hydraulic-Cylinder-1.webp\" alt=\"Cilindro hidr\u00e1ulico para quitanieves\" \/><\/p>\n<h3>P: \u00bfCu\u00e1l es el tiempo de entrega de sus cilindros hidr\u00e1ulicos?<\/h3>\n<p>A: El tiempo de entrega general es de 25 a 35 d\u00edas.<\/p>\n<h3>P: \u00bfPuedo solicitar una muestra de su producto?<\/h3>\n<p>R: S\u00ed, ofrecemos muestras de productos, pero no son gratuitas.<\/p>\n<h3>P: \u00bfPueden producir cilindros hidr\u00e1ulicos seg\u00fan muestras espec\u00edficas o dibujos t\u00e9cnicos?<\/h3>\n<p>A: S\u00ed, podemos fabricar productos seg\u00fan sus muestras o dibujos t\u00e9cnicos. Tambi\u00e9n podemos construir los moldes y utillajes.<\/p>\n<p>Autor: CX<\/p>","protected":false},"excerpt":{"rendered":"<p>Introducing the Factory Direct Sale 2 Ton Double Effect Small Snow Plow Hydraulic Cylinder If you are in need of a reliable and efficient snow plowing tool, look no further than our Snow Plow Hydraulic Cylinder. With its excellent construction and high capacity, it is an ideal choice for those in need of a top-notch [&hellip;]<\/p>","protected":false},"featured_media":1515,"comment_status":"closed","ping_status":"closed","template":"","meta":{"_et_pb_use_builder":"","_et_pb_old_content":"","_et_gb_content_width":""},"product_brand":[],"product_cat":[42],"product_tag":[34,44],"class_list":{"0":"post-1514","1":"product","2":"type-product","3":"status-publish","4":"has-post-thumbnail","6":"product_cat-snow-plow-hydraulic-cylinder","7":"product_tag-hydraulic-cylinder","8":"product_tag-snow-plow-hydraulic-cylinder","10":"first","11":"instock","12":"product-type-simple"},"_links":{"self":[{"href":"https:\/\/fmp-components.com\/es\/wp-json\/wp\/v2\/product\/1514","targetHints":{"allow":["GET"]}}],"collection":[{"href":"https:\/\/fmp-components.com\/es\/wp-json\/wp\/v2\/product"}],"about":[{"href":"https:\/\/fmp-components.com\/es\/wp-json\/wp\/v2\/types\/product"}],"replies":[{"embeddable":true,"href":"https:\/\/fmp-components.com\/es\/wp-json\/wp\/v2\/comments?post=1514"}],"wp:featuredmedia":[{"embeddable":true,"href":"https:\/\/fmp-components.com\/es\/wp-json\/wp\/v2\/media\/1515"}],"wp:attachment":[{"href":"https:\/\/fmp-components.com\/es\/wp-json\/wp\/v2\/media?parent=1514"}],"wp:term":[{"taxonomy":"product_brand","embeddable":true,"href":"https:\/\/fmp-components.com\/es\/wp-json\/wp\/v2\/product_brand?post=1514"},{"taxonomy":"product_cat","embeddable":true,"href":"https:\/\/fmp-components.com\/es\/wp-json\/wp\/v2\/product_cat?post=1514"},{"taxonomy":"product_tag","embeddable":true,"href":"https:\/\/fmp-components.com\/es\/wp-json\/wp\/v2\/product_tag?post=1514"}],"curies":[{"name":"gracias","href":"https:\/\/api.w.org\/{rel}","templated":true}]}}