{"id":1512,"date":"2024-12-23T05:50:37","date_gmt":"2024-12-23T05:50:37","guid":{"rendered":"https:\/\/fmp-components.com\/product\/guaranteed-quality-small-hydraulic-cylinder-double-effect-hydraulic-cylinder-for-snow-plow\/"},"modified":"2024-12-23T06:24:04","modified_gmt":"2024-12-23T06:24:04","slug":"guaranteed-quality-small-hydraulic-cylinder-double-effect-hydraulic-cylinder-for-snow-plow","status":"publish","type":"product","link":"https:\/\/fmp-components.com\/es\/product\/guaranteed-quality-small-hydraulic-cylinder-double-effect-hydraulic-cylinder-for-snow-plow\/","title":{"rendered":"Cilindro hidr\u00e1ulico peque\u00f1o de doble efecto de calidad garantizada para quitanieves."},"content":{"rendered":"<p>Cilindro hidr\u00e1ulico peque\u00f1o de calidad garantizada, cilindro hidr\u00e1ulico de doble efecto para quitanieves. \u00a1Presentamos el cilindro hidr\u00e1ulico peque\u00f1o de calidad garantizada, cilindro hidr\u00e1ulico de doble efecto para quitanieves!<\/p>\n<p>Dise\u00f1ado con precisi\u00f3n y calidad en mente, este cilindro hidr\u00e1ulico es el complemento perfecto para cualquier quitanieves. Su capacidad de doble efecto se traduce en mayor eficiencia y potencia, facilitando m\u00e1s que nunca la limpieza de incluso las nevadas m\u00e1s intensas.<\/p>\n<p>Fabricado con materiales de la m\u00e1s alta calidad, este cilindro hidr\u00e1ulico est\u00e1 dise\u00f1ado para soportar incluso las condiciones m\u00e1s duras. Su tama\u00f1o compacto facilita su instalaci\u00f3n, lo que lo convierte en la opci\u00f3n ideal para cualquier operador de quitanieves que busque maximizar su capacidad de limpieza de nieve.<\/p>\n<p><img decoding=\"async\" title=\"Cilindro hidr\u00e1ulico para quitanieves\" src=\"https:\/\/hzpt.com\/wp-content\/uploads\/2023\/11\/Snow-Plow-Hydraulic-Cylinder-3.webp\" alt=\"Cilindro hidr\u00e1ulico para quitanieves\" \/><\/p>\n<p>Con calidad y fiabilidad garantizadas, este peque\u00f1o cilindro hidr\u00e1ulico es la inversi\u00f3n perfecta para cualquier profesional de la remoci\u00f3n de nieve. No deje que el invierno le frene: elija el cilindro hidr\u00e1ulico peque\u00f1o de doble efecto de calidad garantizada para quitanieves y haga el trabajo siempre a la perfecci\u00f3n.<\/p>\n<h2>Ventajas de los cilindros de tipo horquilla ajustable<\/h2>\n<p>Los cilindros de horquilla ajustable, como el cilindro hidr\u00e1ulico peque\u00f1o de calidad garantizada y el cilindro hidr\u00e1ulico de doble efecto para quitanieves, ofrecen diversas ventajas que los convierten en la opci\u00f3n preferida en diversas aplicaciones. En este art\u00edculo, analizaremos estas ventajas en detalle.<\/p>\n<p>1. Mayor flexibilidad:<br \/>\nLos cilindros de horquilla ajustable ofrecen una flexibilidad superior gracias a sus soportes de horquilla ajustables. Esta caracter\u00edstica facilita su instalaci\u00f3n y ajuste en diferentes posiciones, lo que los hace ideales para una amplia gama de aplicaciones. Ya sea una m\u00e1quina quitanieves o cualquier otro equipo, la posibilidad de ajustar la posici\u00f3n del cilindro garantiza un rendimiento \u00f3ptimo.<\/p>\n<p>2. Control preciso:<br \/>\nEstos cilindros ofrecen un control preciso del movimiento y posicionamiento de diversos equipos. Con longitudes de carrera ajustables y capacidades de posicionamiento preciso, permiten ajustar la operaci\u00f3n seg\u00fan los requisitos espec\u00edficos. Este nivel de control es crucial en aplicaciones donde la precisi\u00f3n es primordial, como en maquinaria de construcci\u00f3n o industrial.<\/p>\n<p>3. Durabilidad y fiabilidad:<br \/>\nLos cilindros hidr\u00e1ulicos peque\u00f1os y de doble efecto para quitanieves, de calidad garantizada, est\u00e1n dise\u00f1ados para soportar condiciones exigentes. Fabricados con materiales de alta calidad y dise\u00f1ados para soportar cargas pesadas, estos cilindros ofrecen una durabilidad y fiabilidad excepcionales. Esto garantiza que puedan realizar las tareas m\u00e1s exigentes sin comprometer el rendimiento.<\/p>\n<p>4. Transmisi\u00f3n de potencia eficiente:<br \/>\nEl dise\u00f1o de los cilindros de horquilla ajustables optimiza la transmisi\u00f3n de potencia, lo que resulta en un funcionamiento eficiente. El uso de tecnolog\u00eda hidr\u00e1ulica avanzada permite un movimiento suave y constante, minimizando la p\u00e9rdida de energ\u00eda. Esta eficiencia no solo mejora el rendimiento general, sino que tambi\u00e9n contribuye al ahorro de costos a largo plazo.<\/p>\n<p>5. Aplicaciones vers\u00e1tiles:<br \/>\nGracias a su dise\u00f1o vers\u00e1til, los cilindros de horquilla ajustables se utilizan en una amplia gama de industrias. Desde la agricultura hasta la construcci\u00f3n y desde la manipulaci\u00f3n de materiales hasta el transporte, estos cilindros pueden integrarse en diversos equipos y maquinaria. Su adaptabilidad los convierte en una soluci\u00f3n rentable para diversas necesidades operativas.<\/p>\n<p>En conclusi\u00f3n, los cilindros de horquilla ajustables, incluyendo el cilindro hidr\u00e1ulico peque\u00f1o de calidad garantizada y el cilindro hidr\u00e1ulico de doble efecto para quitanieves, ofrecen numerosas ventajas. Su flexibilidad, control preciso, durabilidad, eficiente transmisi\u00f3n de potencia y versatilidad los convierten en una excelente opci\u00f3n para diversas aplicaciones. Al incorporar estos cilindros en equipos o maquinaria, las empresas pueden optimizar el rendimiento, aumentar la productividad y alcanzar sus objetivos operativos con eficacia.<\/p>\n<h3>Acerca de FMP<\/h3>\n<p>FMP es una empresa l\u00edder en Italia especializada en la venta y el servicio de repuestos y m\u00e1quinas completas para maquinaria de construcci\u00f3n. Con a\u00f1os de experiencia en el sector y un equipo de profesionales, ofrecemos soluciones fiables y de alta calidad a nuestros clientes.<\/p>\n<h3>Cilindro hidr\u00e1ulico<\/h3>\n<p>Uno de nuestros productos principales es el cilindro hidr\u00e1ulico. Nuestros cilindros est\u00e1n fabricados con materiales de alta calidad y dise\u00f1ados para soportar presiones extremas y cargas pesadas. Aqu\u00ed tiene cinco razones para elegir el cilindro hidr\u00e1ulico FMP:<\/p>\n<ol>\n<li><strong>Materiales de alta calidad:<\/strong> Nuestros cilindros hidr\u00e1ulicos est\u00e1n fabricados con materiales de alta calidad que garantizan durabilidad y un rendimiento duradero. Utilizamos \u00fanicamente los mejores materiales para garantizar que nuestros cilindros resistan las condiciones m\u00e1s exigentes.<\/li>\n<li><strong>Personalizable:<\/strong> Ofrecemos una amplia gama de cilindros hidr\u00e1ulicos que se pueden personalizar para satisfacer sus necesidades espec\u00edficas. Nuestros cilindros est\u00e1n disponibles en diferentes tama\u00f1os, formas y dise\u00f1os, y podemos ayudarle a elegir el cilindro perfecto para su aplicaci\u00f3n.<\/li>\n<li><strong>Fiabilidad:<\/strong> Nuestros cilindros hidr\u00e1ulicos est\u00e1n dise\u00f1ados para ofrecer un rendimiento confiable incluso en las condiciones m\u00e1s dif\u00edciles. Entendemos la importancia de la confiabilidad y tomamos todas las medidas necesarias para garantizar que nuestros cilindros cumplan con las expectativas.<\/li>\n<li><strong>Consulta de expertos:<\/strong> Nuestro equipo de ventas est\u00e1 formado por expertos en la industria de maquinaria de construcci\u00f3n. Conocen las \u00faltimas tendencias y pueden brindarle asesoramiento profesional sobre el cilindro hidr\u00e1ulico m\u00e1s adecuado para usted.<\/li>\n<li><strong>Log\u00edstica eficiente:<\/strong> Contamos con un eficiente sistema de distribuci\u00f3n log\u00edstica que garantiza que reciba su cilindro hidr\u00e1ulico de manera oportuna y precisa. Entendemos la importancia de una entrega puntual y tomamos todas las medidas necesarias para garantizar que su pedido llegue a tiempo.<\/li>\n<\/ol>\n<p>Si busca un cilindro hidr\u00e1ulico confiable y de alta calidad, FMP es la soluci\u00f3n. Contamos con la experiencia y los conocimientos necesarios para brindarle la soluci\u00f3n perfecta para sus necesidades.<\/p>\n<p><img decoding=\"async\" src=\"https:\/\/fmp-components.com\/wp-content\/uploads\/2024\/12\/Adjustable-Clevis-Type-Cylinders-6.webp\" alt=\"Cilindro tipo horquilla ajustable\" width=\"834\" title=\"\"><\/p>\n<h2>Preguntas frecuentes<\/h2>\n<h3>\u00bfEs usted una empresa comercial o un fabricante?<\/h3>\n<p>Somos un fabricante con f\u00e1brica propia.<\/p>\n<h3>\u00bfCu\u00e1nto tiempo es su tiempo de entrega?<\/h3>\n<p>Nuestro tiempo de entrega es generalmente de 25-35 d\u00edas.<\/p>\n<h3>\u00bfOfrecen muestras? \u00bfSon gratuitas o tienen un coste adicional?<\/h3>\n<p>Si bien proporcionamos muestras, no son gratuitas.<\/p>\n<p><img decoding=\"async\" title=\"Cilindro hidr\u00e1ulico para quitanieves\" src=\"https:\/\/hzpt.com\/wp-content\/uploads\/2023\/11\/Snow-Plow-Hydraulic-Cylinder-1.webp\" alt=\"Cilindro hidr\u00e1ulico para quitanieves\" \/><\/p>\n<p>Autor: CX<\/p>","protected":false},"excerpt":{"rendered":"<p>Guaranteed Quality Small Hydraulic Cylinder Double Effect Hydraulic Cylinder For Snow PlowIntroducing the Guaranteed Quality Small Hydraulic Cylinder Double Effect Hydraulic Cylinder for Snow Plow! Designed with precision and quality in mind, this hydraulic cylinder is the perfect addition to any snow plow. Its double effect capability means increased efficiency and power, making it easier [&hellip;]<\/p>","protected":false},"featured_media":1513,"comment_status":"closed","ping_status":"closed","template":"","meta":{"_et_pb_use_builder":"","_et_pb_old_content":"","_et_gb_content_width":""},"product_brand":[],"product_cat":[42],"product_tag":[34,44],"class_list":{"0":"post-1512","1":"product","2":"type-product","3":"status-publish","4":"has-post-thumbnail","6":"product_cat-snow-plow-hydraulic-cylinder","7":"product_tag-hydraulic-cylinder","8":"product_tag-snow-plow-hydraulic-cylinder","10":"first","11":"instock","12":"product-type-simple"},"_links":{"self":[{"href":"https:\/\/fmp-components.com\/es\/wp-json\/wp\/v2\/product\/1512","targetHints":{"allow":["GET"]}}],"collection":[{"href":"https:\/\/fmp-components.com\/es\/wp-json\/wp\/v2\/product"}],"about":[{"href":"https:\/\/fmp-components.com\/es\/wp-json\/wp\/v2\/types\/product"}],"replies":[{"embeddable":true,"href":"https:\/\/fmp-components.com\/es\/wp-json\/wp\/v2\/comments?post=1512"}],"wp:featuredmedia":[{"embeddable":true,"href":"https:\/\/fmp-components.com\/es\/wp-json\/wp\/v2\/media\/1513"}],"wp:attachment":[{"href":"https:\/\/fmp-components.com\/es\/wp-json\/wp\/v2\/media?parent=1512"}],"wp:term":[{"taxonomy":"product_brand","embeddable":true,"href":"https:\/\/fmp-components.com\/es\/wp-json\/wp\/v2\/product_brand?post=1512"},{"taxonomy":"product_cat","embeddable":true,"href":"https:\/\/fmp-components.com\/es\/wp-json\/wp\/v2\/product_cat?post=1512"},{"taxonomy":"product_tag","embeddable":true,"href":"https:\/\/fmp-components.com\/es\/wp-json\/wp\/v2\/product_tag?post=1512"}],"curies":[{"name":"gracias","href":"https:\/\/api.w.org\/{rel}","templated":true}]}}