{"id":1508,"date":"2024-12-23T05:50:37","date_gmt":"2024-12-23T05:50:37","guid":{"rendered":"https:\/\/fmp-components.com\/product\/cost-effective-customized-stainless-steel-hydraulic-cylinder-double-acting-hydraulic-cylinder\/"},"modified":"2024-12-23T06:24:34","modified_gmt":"2024-12-23T06:24:34","slug":"cost-effective-customized-stainless-steel-hydraulic-cylinder-double-acting-hydraulic-cylinder","status":"publish","type":"product","link":"https:\/\/fmp-components.com\/es\/product\/cost-effective-customized-stainless-steel-hydraulic-cylinder-double-acting-hydraulic-cylinder\/","title":{"rendered":"Cilindro hidr\u00e1ulico de acero inoxidable personalizado y rentable. Cilindro hidr\u00e1ulico de doble efecto."},"content":{"rendered":"<p>Cilindro hidr\u00e1ulico de acero inoxidable personalizado y econ\u00f3mico de doble efecto. Este cilindro es de alta calidad y est\u00e1 dise\u00f1ado para satisfacer diversas necesidades industriales. Fabricado en acero inoxidable, garantiza su durabilidad y resistencia a la corrosi\u00f3n. Adem\u00e1s, se personaliza para satisfacer las necesidades espec\u00edficas del cliente.<\/p>\n<p>Una de las caracter\u00edsticas m\u00e1s destacadas de este cilindro hidr\u00e1ulico es su doble efecto. Esto significa que puede generar fuerza en ambas direcciones, lo que lo hace m\u00e1s eficiente y vers\u00e1til en comparaci\u00f3n con los cilindros de simple efecto. Es adecuado para una amplia gama de aplicaciones industriales, como la construcci\u00f3n, la miner\u00eda y la fabricaci\u00f3n.<\/p>\n<p>El cilindro hidr\u00e1ulico de doble efecto de acero inoxidable, personalizado y econ\u00f3mico, est\u00e1 dise\u00f1ado para ser rentable, lo que significa que ofrece una excelente relaci\u00f3n calidad-precio. Est\u00e1 construido para durar y requiere un mantenimiento m\u00ednimo, lo que ayuda a reducir costos a largo plazo. Adem\u00e1s, su dise\u00f1o personalizado permite adaptarlo a las necesidades espec\u00edficas del cliente, minimizando el desperdicio y optimizando la eficiencia.<\/p>\n<p>En resumen, el cilindro hidr\u00e1ulico de doble efecto de acero inoxidable personalizado y econ\u00f3mico es un cilindro hidr\u00e1ulico confiable y vers\u00e1til, dise\u00f1ado para satisfacer diversas necesidades industriales. Su construcci\u00f3n de acero inoxidable, su doble efecto y su dise\u00f1o personalizable lo convierten en una soluci\u00f3n rentable para industrias que requieren cilindros hidr\u00e1ulicos de alta calidad.<\/p>\n<div>\n<h2>Cilindro hidr\u00e1ulico de acero inoxidable personalizado y rentable para sus necesidades hidr\u00e1ulicas<\/h2>\n<p>Presentamos nuestro cilindro hidr\u00e1ulico de acero inoxidable personalizado de doble efecto: la soluci\u00f3n perfecta para sus necesidades hidr\u00e1ulicas. Nuestro producto est\u00e1 dise\u00f1ado con precisi\u00f3n, durabilidad y calidad en mente, lo que lo hace ideal para diversas industrias como talleres de reparaci\u00f3n de maquinaria, agricultura, energ\u00eda y miner\u00eda, fabricaci\u00f3n de maquinaria y f\u00e1bricas de maquinaria.<\/p>\n<p><img decoding=\"async\" title=\"Cilindro hidr\u00e1ulico para quitanieves\" src=\"https:\/\/hzpt.com\/wp-content\/uploads\/2023\/11\/Snow-Plow-Hydraulic-Cylinder-3.webp\" alt=\"Cilindro hidr\u00e1ulico para quitanieves\" \/><\/p>\n<h2>Caracter\u00edsticas del producto<\/h2>\n<p>Nuestro cilindro hidr\u00e1ulico cuenta con numerosas caracter\u00edsticas que lo distinguen de la competencia. Est\u00e1 fabricado con acero inoxidable resistente, lo que garantiza un rendimiento duradero y un mantenimiento m\u00ednimo. Adem\u00e1s, es personalizable, lo que le permite adaptarlo a sus necesidades espec\u00edficas.<\/p>\n<ul>\n<li><b>Condici\u00f3n:<\/b> Nuevo<\/li>\n<li><b>Garant\u00eda:<\/b> 1 a\u00f1o<\/li>\n<li><b>Empuje m\u00e1ximo:<\/b> 3000<\/li>\n<li><b>Tracci\u00f3n m\u00e1xima:<\/b> 20 toneladas<\/li>\n<li><b>Proceso de dar un t\u00edtulo:<\/b> ISO9001:2000<\/li>\n<li><b>Tama\u00f1o del orificio:<\/b> 2-6 pulgadas<\/li>\n<li><b>Tama\u00f1o de la varilla:<\/b> 1,125-4 pulgadas<\/li>\n<li><b>Tama\u00f1o del trazo:<\/b> 4-100 pulgadas<\/li>\n<li><b>Tama\u00f1o del pin:<\/b> 0,5-2 pulgadas<\/li>\n<\/ul>\n<\/div>\n<h2>Ventajas de los cilindros de tipo horquilla ajustable<\/h2>\n<p>Los cilindros de horquilla ajustable son un componente esencial de los sistemas hidr\u00e1ulicos. Estos cilindros se utilizan para convertir la energ\u00eda hidr\u00e1ulica en fuerza mec\u00e1nica. Se encuentran com\u00fanmente en diversas aplicaciones, como la construcci\u00f3n, la fabricaci\u00f3n y el transporte. En este art\u00edculo, analizaremos las ventajas de los cilindros de horquilla ajustable.<\/p>\n<p>1. <b>Rentable<\/b><\/p>\n<p>Una de las principales ventajas de los cilindros de horquilla ajustable es su rentabilidad. Est\u00e1n dise\u00f1ados para ser duraderos y resistentes, lo que significa que requieren menos mantenimiento y reparaciones con el tiempo. Adem\u00e1s, se fabrican con materiales de alta calidad, como el acero inoxidable, lo que contribuye a su durabilidad y fiabilidad.<\/p>\n<p>2. <b>Personalizable<\/b><\/p>\n<p>Otra ventaja de los cilindros de horquilla ajustable es que se pueden personalizar para satisfacer requisitos industriales o comerciales espec\u00edficos. Los fabricantes pueden modificar el tama\u00f1o, la forma y las caracter\u00edsticas de estos cilindros, como a\u00f1adir puertos y opciones de montaje, para adaptarlos a las necesidades de sus clientes. Esta personalizaci\u00f3n garantiza que los cilindros est\u00e9n optimizados para sus aplicaciones previstas, lo que aumenta su eficiencia y eficacia.<\/p>\n<p>3. <b>Construcci\u00f3n de acero inoxidable<\/b><\/p>\n<p>Los cilindros de horquilla ajustable suelen fabricarse en acero inoxidable, un material que ofrece mayor durabilidad, resistencia a la corrosi\u00f3n y resistencia. Gracias al acero inoxidable, estos cilindros pueden soportar condiciones ambientales adversas, como altas temperaturas y exposici\u00f3n a productos qu\u00edmicos. Adem\u00e1s, son f\u00e1ciles de limpiar y mantener, lo que prolonga su vida \u00fatil.<\/p>\n<p>4. <b>Doble acci\u00f3n<\/b><\/p>\n<p>Los cilindros de horquilla ajustable pueden dise\u00f1arse como cilindros de doble efecto, lo que significa que pueden generar fuerza en ambas direcciones. Esta caracter\u00edstica es \u00fatil en aplicaciones que requieren control y movimiento precisos, como en la fabricaci\u00f3n y la construcci\u00f3n. Los cilindros de doble efecto tambi\u00e9n son m\u00e1s eficientes que los de simple efecto, lo que puede contribuir a un ahorro general de costos.<\/p>\n<p>En conclusi\u00f3n, los cilindros de horquilla ajustable ofrecen varias ventajas sobre otros tipos de cilindros hidr\u00e1ulicos. Son rentables, personalizables, fabricados en acero inoxidable y pueden dise\u00f1arse como cilindros de doble efecto. Estas caracter\u00edsticas los convierten en una excelente opci\u00f3n para aplicaciones industriales y comerciales que requieren cilindros hidr\u00e1ulicos fiables, eficientes y duraderos.<\/p>\n<h3>Acerca de FMP<\/h3>\n<p>FMP es una empresa l\u00edder especializada en la producci\u00f3n y venta de cilindros hidr\u00e1ulicos. Gracias a nuestra amplia experiencia en el sector y a nuestro equipo profesional, nos comprometemos a ofrecer a nuestros clientes soluciones de cilindros hidr\u00e1ulicos fiables y de alta calidad.<\/p>\n<p>Aqu\u00ed se muestran 5 ventajas clave de nuestros productos y empresa:<\/p>\n<p>1. Amplia gama de productos: Ofrecemos una amplia gama de cilindros hidr\u00e1ulicos, incluidos cilindros de tipo horquilla ajustable, como se muestra a continuaci\u00f3n:<\/p>\n<p><img decoding=\"async\" src=\"https:\/\/fmp-components.com\/wp-content\/uploads\/2024\/12\/Adjustable-Clevis-Type-Cylinders-6.webp\" alt=\"Cilindro tipo horquilla ajustable\" width=\"832\" title=\"\"><\/p>\n<p>2. Calidad superior: Hemos establecido relaciones de cooperaci\u00f3n duraderas y estables con proveedores de alta calidad, lo que garantiza que todos nuestros cilindros hidr\u00e1ulicos cumplan con estrictos est\u00e1ndares de calidad. Nuestro compromiso con la calidad nos distingue de la competencia.<\/p>\n<p>3. Equipo de ventas profesional: Nuestro equipo de ventas, experimentado y capacitado, est\u00e1 bien versado en las tendencias de desarrollo y las necesidades de los clientes de la industria de cilindros hidr\u00e1ulicos. Se dedican a brindar asesoramiento profesional sobre productos y sugerencias de compra inteligentes.<\/p>\n<p>4. Distribuci\u00f3n log\u00edstica eficiente: Entendemos la importancia de las entregas puntuales y precisas. Gracias a nuestro eficiente sistema de distribuci\u00f3n log\u00edstica, garantizamos que nuestros clientes reciban los cilindros hidr\u00e1ulicos necesarios con prontitud.<\/p>\n<p>5. Soluciones integrales: Adem\u00e1s de cilindros hidr\u00e1ulicos, ofrecemos una amplia gama de piezas para maquinaria de construcci\u00f3n y soluciones completas para maquinaria. Esto permite a nuestros clientes encontrar todos los componentes y accesorios necesarios en un solo lugar, ahorrando tiempo y esfuerzo.<\/p>\n<p>Le invitamos a asociarse con nosotros y a experimentar la excelencia de los cilindros hidr\u00e1ulicos FMP. Cont\u00e1ctenos hoy mismo para hablar sobre sus necesidades espec\u00edficas y permitir que nuestro equipo le ayude a encontrar la soluci\u00f3n de cilindro hidr\u00e1ulico perfecta para sus necesidades.<\/p>\n<h2>Preguntas frecuentes<\/h2>\n<h3>P: \u00bfEs usted una empresa comercial o un fabricante?<\/h3>\n<p>R: Somos una f\u00e1brica que fabrica cilindros hidr\u00e1ulicos y otras piezas de maquinaria agr\u00edcola.<\/p>\n<h3>P: \u00bfCu\u00e1nto tiempo dura el env\u00edo?<\/h3>\n<p>A: Nuestro tiempo de entrega est\u00e1ndar es de 25 a 35 d\u00edas.<\/p>\n<h3>P: \u00bfOfrecen muestras? \u00bfSon gratuitas o tienen un coste adicional?<\/h3>\n<p>R: S\u00ed, proporcionamos muestras, pero no son gratuitas.<\/p>\n<p>Autor: CX<\/p>","protected":false},"excerpt":{"rendered":"<p>Cost Effective Customized Stainless Steel Hydraulic Cylinder Double Acting Hydraulic CylinderCost Effective Customized Stainless Steel Hydraulic Cylinder Double Acting Hydraulic Cylinder is a high-quality hydraulic cylinder designed to meet various industrial needs. This product is made of stainless steel, which ensures durability and resistance to corrosion. It is also customized to meet the specific requirements [&hellip;]<\/p>","protected":false},"featured_media":1509,"comment_status":"closed","ping_status":"closed","template":"","meta":{"_et_pb_use_builder":"","_et_pb_old_content":"","_et_gb_content_width":""},"product_brand":[],"product_cat":[42],"product_tag":[34,44],"class_list":{"0":"post-1508","1":"product","2":"type-product","3":"status-publish","4":"has-post-thumbnail","6":"product_cat-snow-plow-hydraulic-cylinder","7":"product_tag-hydraulic-cylinder","8":"product_tag-snow-plow-hydraulic-cylinder","10":"first","11":"instock","12":"product-type-simple"},"_links":{"self":[{"href":"https:\/\/fmp-components.com\/es\/wp-json\/wp\/v2\/product\/1508","targetHints":{"allow":["GET"]}}],"collection":[{"href":"https:\/\/fmp-components.com\/es\/wp-json\/wp\/v2\/product"}],"about":[{"href":"https:\/\/fmp-components.com\/es\/wp-json\/wp\/v2\/types\/product"}],"replies":[{"embeddable":true,"href":"https:\/\/fmp-components.com\/es\/wp-json\/wp\/v2\/comments?post=1508"}],"wp:featuredmedia":[{"embeddable":true,"href":"https:\/\/fmp-components.com\/es\/wp-json\/wp\/v2\/media\/1509"}],"wp:attachment":[{"href":"https:\/\/fmp-components.com\/es\/wp-json\/wp\/v2\/media?parent=1508"}],"wp:term":[{"taxonomy":"product_brand","embeddable":true,"href":"https:\/\/fmp-components.com\/es\/wp-json\/wp\/v2\/product_brand?post=1508"},{"taxonomy":"product_cat","embeddable":true,"href":"https:\/\/fmp-components.com\/es\/wp-json\/wp\/v2\/product_cat?post=1508"},{"taxonomy":"product_tag","embeddable":true,"href":"https:\/\/fmp-components.com\/es\/wp-json\/wp\/v2\/product_tag?post=1508"}],"curies":[{"name":"gracias","href":"https:\/\/api.w.org\/{rel}","templated":true}]}}