{"id":1482,"date":"2024-12-23T05:49:26","date_gmt":"2024-12-23T05:49:26","guid":{"rendered":"https:\/\/fmp-components.com\/product\/high-quality-mini-customized-welded-hydraulic-cylinder\/"},"modified":"2025-05-10T13:04:29","modified_gmt":"2025-05-10T13:04:29","slug":"high-quality-mini-customized-welded-hydraulic-cylinder","status":"publish","type":"product","link":"https:\/\/fmp-components.com\/es\/product\/high-quality-mini-customized-welded-hydraulic-cylinder\/","title":{"rendered":"Mini cilindro hidr\u00e1ulico soldado personalizado de alta calidad"},"content":{"rendered":"<h2><span style=\"color: #333333; font-size: 30px;\">Actualice su maquinaria con nuestro cilindro hidr\u00e1ulico soldado personalizado<\/span><\/h2>\n<div>\n<p>Experimente la potencia de nuestro mini cilindro hidr\u00e1ulico soldado personalizado de alta calidad, el nuevo est\u00e1ndar en eficiencia de maquinaria. Ideal para talleres de reparaci\u00f3n de maquinaria, granjas, energ\u00eda y miner\u00eda, fabricaci\u00f3n de maquinaria y f\u00e1bricas de maquinaria, nuestro cilindro hidr\u00e1ulico est\u00e1 dise\u00f1ado para ofrecer un rendimiento \u00f3ptimo con una estructura compacta y un dise\u00f1o robusto.<\/p>\n<h3>Aspectos destacados del producto<\/h3>\n<ul>\n<li>Potencia hidr\u00e1ulica: El cilindro hidr\u00e1ulico funciona con potencia hidr\u00e1ulica, lo que proporciona una fuerza inmensa para diversas aplicaciones.<\/li>\n<li>Durabilidad: El cuerpo fabricado con acero de alta calidad garantiza que el cilindro sea duradero y resistente.<\/li>\n<li>Especificaciones: Con un empuje m\u00e1ximo de 3000 y una tracci\u00f3n m\u00e1xima de 20 toneladas, este cilindro hidr\u00e1ulico est\u00e1 dise\u00f1ado para operaciones de servicio pesado.<\/li>\n<li>Personalizable: el tama\u00f1o del orificio, el tama\u00f1o de la varilla, el tama\u00f1o de la carrera y el tama\u00f1o del pasador se pueden personalizar seg\u00fan sus necesidades.<\/li>\n<li>Garant\u00eda: El producto viene con una garant\u00eda de un a\u00f1o, asegurando la tranquilidad del cliente.<\/li>\n<\/ul>\n<\/div>\n<h2>Ventajas de los cilindros de tipo horquilla ajustable<\/h2>\n<p>Los cilindros hidr\u00e1ulicos son un componente esencial de muchas m\u00e1quinas y equipos utilizados en diversas industrias. Un tipo de cilindro hidr\u00e1ulico que destaca por su dise\u00f1o y funcionalidad \u00fanicos es el cilindro de horquilla ajustable. En este art\u00edculo, exploraremos las ventajas de los cilindros de horquilla ajustable y por qu\u00e9 son una opci\u00f3n popular en diversas aplicaciones.<\/p>\n<h3>1. Versatilidad<\/h3>\n<p>Una de las principales ventajas de los cilindros de horquilla ajustables es su versatilidad. Estos cilindros se pueden utilizar en una amplia gama de aplicaciones gracias a su capacidad de ajuste para satisfacer necesidades espec\u00edficas. Esto los convierte en la opci\u00f3n ideal para aplicaciones que requieren un cilindro hidr\u00e1ulico a medida. Adem\u00e1s, se pueden utilizar tanto en aplicaciones de empuje como de tracci\u00f3n, lo que aumenta a\u00fan m\u00e1s su versatilidad.<\/p>\n<h3>2. Posicionamiento preciso<\/h3>\n<p>Los cilindros de horquilla ajustable est\u00e1n dise\u00f1ados para proporcionar un posicionamiento preciso, fundamental en muchas aplicaciones. Con estos cilindros, puede ajustar la longitud de su carrera para lograr la posici\u00f3n exacta que necesita su aplicaci\u00f3n. Esto los convierte en la opci\u00f3n ideal para aplicaciones que requieren un posicionamiento preciso, como en la industria manufacturera.<\/p>\n<h3>3. Alta calidad<\/h3>\n<p>Los cilindros de horquilla ajustables est\u00e1n fabricados con materiales de alta calidad, lo que garantiza su durabilidad y longevidad. Est\u00e1n dise\u00f1ados para soportar entornos hostiles y aplicaciones de alto rendimiento, lo que los convierte en una opci\u00f3n popular en industrias como la construcci\u00f3n y la miner\u00eda. Adem\u00e1s, fabricantes como High Quality Mini Custom Welded Hydraulic Cylinder producen cilindros de horquilla ajustables que cumplen con las normas internacionales, lo que garantiza su calidad.<\/p>\n<h3>4. Personalizable<\/h3>\n<p>Los cilindros de horquilla ajustable se pueden personalizar para satisfacer necesidades y aplicaciones espec\u00edficas. Esta personalizaci\u00f3n puede incluir diferentes opciones de montaje, configuraciones de extremos de v\u00e1stago y longitudes de carrera. Esto los convierte en la opci\u00f3n ideal para aplicaciones que requieren un cilindro hidr\u00e1ulico \u00fanico, no disponible en los cilindros est\u00e1ndar.<\/p>\n<h3>5. Rentable<\/h3>\n<p>Los cilindros de horquilla ajustable son una opci\u00f3n rentable para aplicaciones que requieren un cilindro hidr\u00e1ulico a medida. En lugar de invertir en un cilindro totalmente personalizado, los cilindros de horquilla ajustables se pueden ajustar a necesidades espec\u00edficas, lo que reduce el costo y el plazo de entrega. Adem\u00e1s, su alta calidad y durabilidad garantizan un rendimiento duradero, reduciendo los costos generales de mantenimiento y reemplazo.<\/p>\n<p>En conclusi\u00f3n, los cilindros de horquilla ajustable ofrecen muchas ventajas sobre los cilindros hidr\u00e1ulicos est\u00e1ndar. Su versatilidad, posicionamiento preciso, alta calidad, personalizaci\u00f3n y rentabilidad los convierten en una opci\u00f3n popular en diversas industrias. Ya sea que necesite un cilindro hidr\u00e1ulico para una aplicaci\u00f3n est\u00e1ndar o personalizada, vale la pena considerar los cilindros de horquilla ajustable.<\/p>\n<h3>Acerca de FMP<\/h3>\n<p><img decoding=\"async\" class=\"aligncenter\" src=\"https:\/\/fmp-components.com\/wp-content\/uploads\/2024\/12\/Adjustable-Clevis-Type-Cylinders-6.webp\" alt=\"Cilindro tipo horquilla ajustable\" width=\"819\" title=\"\"><\/p>\n<p>FMP es una empresa l\u00edder especializada en la producci\u00f3n y venta de cilindros hidr\u00e1ulicos. Gracias a nuestra amplia experiencia en el sector y a nuestro equipo profesional, nos dedicamos a ofrecer a nuestros clientes cilindros hidr\u00e1ulicos fiables y de alta calidad para diversas aplicaciones de maquinaria de construcci\u00f3n.<\/p>\n<p>1. Amplia gama de productos:<br \/>\nOfrecemos una amplia gama de cilindros hidr\u00e1ulicos que satisfacen las diversas necesidades de la maquinaria de construcci\u00f3n. Nuestra l\u00ednea de productos incluye cilindros de horquilla ajustable, cilindros soldados, cilindros telesc\u00f3picos y m\u00e1s. Esta amplia gama garantiza que tengamos el cilindro hidr\u00e1ulico adecuado para sus necesidades espec\u00edficas.<\/p>\n<p>2. Calidad superior:<br \/>\nEn FMP, priorizamos la calidad y nos aseguramos de que todos nuestros cilindros hidr\u00e1ulicos cumplan con estrictos est\u00e1ndares de calidad. Hemos establecido relaciones duraderas y estables con proveedores de alta calidad, tanto nacionales como internacionales. Esto nos permite obtener los mejores materiales y componentes, lo que resulta en cilindros hidr\u00e1ulicos duraderos, eficientes y fiables.<\/p>\n<p>3. Equipo de ventas profesional:<br \/>\nNuestro equipo de ventas, experimentado y cualificado, posee un profundo conocimiento de la industria de la maquinaria de construcci\u00f3n. Se mantienen al d\u00eda con las \u00faltimas tendencias del sector y comprenden las necesidades espec\u00edficas de nuestros clientes. Gracias a su experiencia, ofrecen asesoramiento profesional sobre productos, gui\u00e1ndole hacia el cilindro hidr\u00e1ulico que mejor se adapte a sus necesidades.<\/p>\n<p>4. Sugerencias de compra inteligente:<br \/>\nEntendiendo que cada cliente tiene necesidades \u00fanicas, nuestro equipo de ventas se esfuerza al m\u00e1ximo para ofrecer sugerencias de compra inteligentes. Consideran factores como los requisitos de la aplicaci\u00f3n, las limitaciones presupuestarias y las exigencias del proyecto para recomendar el cilindro hidr\u00e1ulico m\u00e1s adecuado. Este enfoque personalizado garantiza que usted tome una decisi\u00f3n informada y encuentre la soluci\u00f3n de cilindro hidr\u00e1ulico ideal.<\/p>\n<p>5. Distribuci\u00f3n log\u00edstica eficiente:<br \/>\nNos enorgullecemos de nuestro eficiente sistema de distribuci\u00f3n log\u00edstica, que garantiza la entrega puntual y precisa de cilindros hidr\u00e1ulicos a nuestros clientes. Gracias a nuestra cadena de suministro bien organizada, garantizamos que recibir\u00e1 los cilindros hidr\u00e1ulicos necesarios con prontitud, minimizando as\u00ed cualquier retraso o interrupci\u00f3n en sus proyectos de construcci\u00f3n.<\/p>\n<p>Asociese con FMP para obtener cilindros hidr\u00e1ulicos de alta calidad, respaldados por nuestra experiencia en la industria, calidad superior y un servicio eficiente. Cont\u00e1ctenos hoy mismo para hablar sobre sus necesidades de maquinaria de construcci\u00f3n y experimente la diferencia de FMP.<\/p>\n<h2>Preguntas frecuentes<\/h2>\n<h3>P: \u00bfEs usted una empresa comercial o un fabricante?<\/h3>\n<p>A: Somos una f\u00e1brica que fabrica los productos.<\/p>\n<h3>P: \u00bfCu\u00e1l es su tiempo de entrega?<\/h3>\n<p>A: Nuestro tiempo de entrega general es de 25 a 35 d\u00edas.<\/p>\n<h3>P: \u00bfOfrecen muestras? \u00bfSon gratuitas o tienen un coste adicional?<\/h3>\n<p>R: S\u00ed, ofrecemos muestras, pero no son gratuitas.<\/p>\n<p><img decoding=\"async\" class=\"aligncenter\" title=\"Cilindro hidr\u00e1ulico para quitanieves\" src=\"https:\/\/hzpt.com\/wp-content\/uploads\/2023\/11\/Snow-Plow-Hydraulic-Cylinder-3.webp\" alt=\"Cilindro hidr\u00e1ulico para quitanieves\" \/><\/p>\n<p>Autor: CX<\/p>","protected":false},"excerpt":{"rendered":"<p>Upgrade Your Machinery with Our Customized Welded Hydraulic Cylinder Experience the power of our High Quality Mini Customized Welded Hydraulic Cylinder, the new standard in machinery efficiency. Perfect for Machinery Repair Shops, Farms, Energy &amp; Mining, Machinery Manufacturing, and Machinery Factory, our hydraulic cylinder is designed to deliver optimal performance with a compact structure and [&hellip;]<\/p>","protected":false},"featured_media":1483,"comment_status":"closed","ping_status":"closed","template":"","meta":{"_et_pb_use_builder":"","_et_pb_old_content":"","_et_gb_content_width":""},"product_brand":[],"product_cat":[42],"product_tag":[34,44],"class_list":{"0":"post-1482","1":"product","2":"type-product","3":"status-publish","4":"has-post-thumbnail","6":"product_cat-snow-plow-hydraulic-cylinder","7":"product_tag-hydraulic-cylinder","8":"product_tag-snow-plow-hydraulic-cylinder","10":"first","11":"instock","12":"product-type-simple"},"_links":{"self":[{"href":"https:\/\/fmp-components.com\/es\/wp-json\/wp\/v2\/product\/1482","targetHints":{"allow":["GET"]}}],"collection":[{"href":"https:\/\/fmp-components.com\/es\/wp-json\/wp\/v2\/product"}],"about":[{"href":"https:\/\/fmp-components.com\/es\/wp-json\/wp\/v2\/types\/product"}],"replies":[{"embeddable":true,"href":"https:\/\/fmp-components.com\/es\/wp-json\/wp\/v2\/comments?post=1482"}],"wp:featuredmedia":[{"embeddable":true,"href":"https:\/\/fmp-components.com\/es\/wp-json\/wp\/v2\/media\/1483"}],"wp:attachment":[{"href":"https:\/\/fmp-components.com\/es\/wp-json\/wp\/v2\/media?parent=1482"}],"wp:term":[{"taxonomy":"product_brand","embeddable":true,"href":"https:\/\/fmp-components.com\/es\/wp-json\/wp\/v2\/product_brand?post=1482"},{"taxonomy":"product_cat","embeddable":true,"href":"https:\/\/fmp-components.com\/es\/wp-json\/wp\/v2\/product_cat?post=1482"},{"taxonomy":"product_tag","embeddable":true,"href":"https:\/\/fmp-components.com\/es\/wp-json\/wp\/v2\/product_tag?post=1482"}],"curies":[{"name":"gracias","href":"https:\/\/api.w.org\/{rel}","templated":true}]}}