{"id":1478,"date":"2024-12-23T05:49:26","date_gmt":"2024-12-23T05:49:26","guid":{"rendered":"https:\/\/fmp-components.com\/product\/competitive-price-2-ton-double-effect-small-hydraulic-cylinder\/"},"modified":"2024-12-23T06:39:58","modified_gmt":"2024-12-23T06:39:58","slug":"competitive-price-2-ton-double-effect-small-hydraulic-cylinder","status":"publish","type":"product","link":"https:\/\/fmp-components.com\/es\/product\/competitive-price-2-ton-double-effect-small-hydraulic-cylinder\/","title":{"rendered":"Cilindro hidr\u00e1ulico peque\u00f1o de doble efecto de 2 toneladas a precio competitivo"},"content":{"rendered":"<h2>Cilindro hidr\u00e1ulico peque\u00f1o de doble efecto de 2 toneladas a precio competitivo<\/h2>\n<p>Introducci\u00f3n del producto: Cilindro hidr\u00e1ulico peque\u00f1o de doble efecto de 2 toneladas a precio competitivo<\/p>\n<p>El cilindro hidr\u00e1ulico peque\u00f1o de doble efecto de 2 toneladas, con un precio competitivo, es altamente eficiente y confiable, dise\u00f1ado para ofrecer un rendimiento superior en una amplia gama de aplicaciones industriales. Este cilindro hidr\u00e1ulico cuenta con un dise\u00f1o de doble efecto que proporciona un movimiento suave y preciso, ideal para aplicaciones donde la precisi\u00f3n y la exactitud son cruciales.<\/p>\n<p>Este cilindro hidr\u00e1ulico est\u00e1 fabricado con materiales de alta calidad y dise\u00f1ado para soportar los entornos industriales m\u00e1s exigentes. Su dise\u00f1o compacto y ligero facilita su instalaci\u00f3n y operaci\u00f3n, a la vez que minimiza el espacio.<\/p>\n<p>El cilindro hidr\u00e1ulico peque\u00f1o de doble efecto de 2 toneladas, a un precio competitivo, tambi\u00e9n est\u00e1 dise\u00f1ado para ser muy duradero. Su construcci\u00f3n robusta y resistente al desgaste garantiza a\u00f1os de uso intensivo sin necesidad de mantenimiento ni reparaciones frecuentes.<\/p>\n<p>Si busca un cilindro hidr\u00e1ulico para su uso en manufactura, construcci\u00f3n o cualquier otra aplicaci\u00f3n industrial, el cilindro hidr\u00e1ulico peque\u00f1o de doble efecto de 2 toneladas a un precio competitivo es la opci\u00f3n ideal. Con su rendimiento, confiabilidad y durabilidad superiores, este cilindro hidr\u00e1ulico le brindar\u00e1 los resultados que necesita para mantener sus operaciones funcionando de manera eficiente y sin problemas.<\/p>\n<p>Presentamos nuestro cilindro hidr\u00e1ulico peque\u00f1o de doble efecto, con capacidad de 2 toneladas y precio competitivo. Este nuevo cilindro de pist\u00f3n, modelo est\u00e1ndar, ofrece un potente funcionamiento hidr\u00e1ulico, ideal para diversas industrias, como talleres de reparaci\u00f3n de maquinaria, agricultura, energ\u00eda y miner\u00eda, fabricaci\u00f3n de maquinaria y f\u00e1bricas de maquinaria.<\/p>\n<h2>Caracter\u00edsticas y especificaciones del producto<\/h2>\n<p>Nuestro cilindro hidr\u00e1ulico es conocido por su robustez y durabilidad, con un cuerpo de acero que soporta los entornos m\u00e1s exigentes. Ofrece un empuje m\u00e1ximo de 3000 y una tracci\u00f3n m\u00e1xima de 20 toneladas, lo que proporciona una potencia impresionante para su tama\u00f1o. Este cilindro hidr\u00e1ulico est\u00e1 dise\u00f1ado para su uso con sistemas hidr\u00e1ulicos de quitanieves, pero tambi\u00e9n puede utilizarse en diversas otras aplicaciones.<\/p>\n<ul>\n<li><b>Material:<\/b> Acero<\/li>\n<li><b>Tipo:<\/b> Cilindros hidr\u00e1ulicos para quitanieves<\/li>\n<li><b>Empuje m\u00e1ximo:<\/b> 3000<\/li>\n<li><b>Tracci\u00f3n m\u00e1xima:<\/b> 20 toneladas<\/li>\n<li><b>Tama\u00f1o del orificio:<\/b> 2-6 pulgadas<\/li>\n<li><b>Tama\u00f1o de la varilla:<\/b> 1,125-4 pulgadas<\/li>\n<li><b>Tama\u00f1o del trazo:<\/b> 4-100 pulgadas<\/li>\n<li><b>Tama\u00f1o del pin:<\/b> 0,5-2 pulgadas<\/li>\n<li><b>Color:<\/b> Negro<\/li>\n<\/ul>\n<p><img decoding=\"async\" title=\"Cilindro hidr\u00e1ulico para quitanieves\" src=\"https:\/\/hzpt.com\/wp-content\/uploads\/2023\/11\/Snow-Plow-Hydraulic-Cylinder-2.webp\" alt=\"Cilindro hidr\u00e1ulico para quitanieves\" \/><\/p>\n<h2>Ventajas de los cilindros de tipo horquilla ajustable<\/h2>\n<ul>\n<li><b>Mayor versatilidad:<\/b> Los cilindros de horquilla ajustable ofrecen mayor rango de movimiento y flexibilidad en comparaci\u00f3n con los cilindros fijos. Se pueden ajustar para adaptarse a diversas aplicaciones, lo que los convierte en una opci\u00f3n popular en industrias que abarcan desde la construcci\u00f3n hasta la manufactura. Su versatilidad ayuda a reducir la necesidad de varios cilindros y a ahorrar costos.<\/li>\n<li><b>Mejor control de carga:<\/b> Los cilindros de horquilla ajustables proporcionan un mejor control de la carga, lo que permite el movimiento y posicionamiento precisos de equipos o materiales pesados. Esto es especialmente importante en aplicaciones que requieren un movimiento preciso y controlado, como en l\u00edneas de fabricaci\u00f3n o montaje. La capacidad de controlar el movimiento de la carga tambi\u00e9n garantiza la seguridad de los trabajadores y reduce el riesgo de accidentes o da\u00f1os a los equipos.<\/li>\n<li><b>Eficiencia mejorada:<\/b> Gracias a la capacidad de ajustar y afinar la carrera del cilindro, los cilindros de horquilla ajustables pueden mejorar la eficiencia general. Al reducir el movimiento desperdiciado, estos cilindros ayudan a aumentar la producci\u00f3n y a reducir los costos operativos. Esto resulta especialmente ventajoso en aplicaciones que requieren un alto grado de precisi\u00f3n y repetibilidad.<\/li>\n<li><b>Mayor vida \u00fatil:<\/b> Los cilindros de horquilla ajustable est\u00e1n dise\u00f1ados para soportar un uso intensivo y entornos exigentes. Est\u00e1n fabricados con materiales de alta calidad y dise\u00f1ados para resistir el desgaste. Con un mantenimiento y cuidado adecuados, estos cilindros pueden durar muchos a\u00f1os, ofreciendo una soluci\u00f3n fiable y econ\u00f3mica para una amplia gama de aplicaciones. El precio competitivo de un cilindro hidr\u00e1ulico peque\u00f1o de doble efecto de 2 toneladas lo convierte en una opci\u00f3n popular para quienes buscan una soluci\u00f3n fiable y econ\u00f3mica.<\/li>\n<li><b>Tiempo de inactividad reducido:<\/b> En caso de mal funcionamiento o aver\u00eda, los cilindros de horquilla ajustables se pueden reparar o reemplazar f\u00e1cilmente. Su dise\u00f1o modular permite un mantenimiento r\u00e1pido y sencillo, reduciendo el tiempo de inactividad y garantizando que el equipo vuelva a funcionar lo antes posible. Esto es especialmente importante en industrias donde el tiempo de inactividad puede generar p\u00e9rdidas financieras significativas.<\/li>\n<\/ul>\n<p>En general, los cilindros de horquilla ajustable ofrecen diversas ventajas sobre los cilindros fijos. Ofrecen mayor versatilidad, mejor control de carga, mayor eficiencia, mayor vida \u00fatil y menor tiempo de inactividad. El precio competitivo de un cilindro hidr\u00e1ulico peque\u00f1o de doble efecto de 2 toneladas tambi\u00e9n lo convierte en una opci\u00f3n popular para quienes buscan una soluci\u00f3n fiable y rentable.<\/p>\n<h3>Acerca de FMP<\/h3>\n<p>FMP es una empresa especializada en la producci\u00f3n y venta de cilindros hidr\u00e1ulicos. Con sede en Italia, ofrecemos cilindros hidr\u00e1ulicos de alta calidad y fiabilidad gracias a nuestra dilatada experiencia en el sector y a nuestro equipo profesional.<\/p>\n<p><img decoding=\"async\" src=\"https:\/\/fmp-components.com\/wp-content\/uploads\/2024\/12\/Adjustable-Clevis-Type-Cylinders-6.webp\" alt=\"Cilindro tipo horquilla ajustable\" width=\"817\" title=\"\"><\/p>\n<ol>\n<li>Amplia gama de productos: Ofrecemos una amplia gama de cilindros hidr\u00e1ulicos adecuados para diversas aplicaciones en la industria de maquinaria de construcci\u00f3n.<\/li>\n<li>Calidad superior: todos nuestros cilindros hidr\u00e1ulicos se fabrican con materiales de primera calidad y se someten a rigurosos controles de calidad para garantizar su durabilidad y rendimiento.<\/li>\n<li>Opciones de personalizaci\u00f3n: Ofrecemos servicios de personalizaci\u00f3n para satisfacer los requisitos espec\u00edficos de nuestros clientes, proporcionando soluciones personalizadas para sus necesidades de maquinaria de construcci\u00f3n.<\/li>\n<li>Equipo de ventas experto: Nuestro experimentado equipo de ventas posee un profundo conocimiento de la industria de maquinaria de construcci\u00f3n y puede brindar consultas profesionales sobre productos para ayudar a los clientes a tomar decisiones de compra informadas.<\/li>\n<li>Log\u00edstica eficiente: Con nuestro eficiente sistema de distribuci\u00f3n log\u00edstica, garantizamos la entrega oportuna y precisa de cilindros hidr\u00e1ulicos a nuestros clientes, asegurando que sus proyectos puedan avanzar sin problemas y sin demoras.<\/li>\n<\/ol>\n<p>As\u00f3ciese con FMP para todas sus necesidades de cilindros hidr\u00e1ulicos y experimente la confiabilidad, la calidad y el profesionalismo que nos distingue en la industria de maquinaria de construcci\u00f3n.<\/p>\n<p>Autor: CX<\/p>","protected":false},"excerpt":{"rendered":"<p>Competitive Price 2 Ton Double Effect Small Hydraulic Cylinder Product Introduction: Competitive Price 2 Ton Double Effect Small Hydraulic Cylinder The Competitive Price 2 Ton Double Effect Small Hydraulic Cylinder is a highly efficient and reliable hydraulic cylinder that is designed to deliver superior performance for a wide range of industrial applications. This hydraulic cylinder [&hellip;]<\/p>","protected":false},"featured_media":1479,"comment_status":"closed","ping_status":"closed","template":"","meta":{"_et_pb_use_builder":"","_et_pb_old_content":"","_et_gb_content_width":""},"product_brand":[],"product_cat":[42],"product_tag":[34,44],"class_list":{"0":"post-1478","1":"product","2":"type-product","3":"status-publish","4":"has-post-thumbnail","6":"product_cat-snow-plow-hydraulic-cylinder","7":"product_tag-hydraulic-cylinder","8":"product_tag-snow-plow-hydraulic-cylinder","10":"first","11":"instock","12":"product-type-simple"},"_links":{"self":[{"href":"https:\/\/fmp-components.com\/es\/wp-json\/wp\/v2\/product\/1478","targetHints":{"allow":["GET"]}}],"collection":[{"href":"https:\/\/fmp-components.com\/es\/wp-json\/wp\/v2\/product"}],"about":[{"href":"https:\/\/fmp-components.com\/es\/wp-json\/wp\/v2\/types\/product"}],"replies":[{"embeddable":true,"href":"https:\/\/fmp-components.com\/es\/wp-json\/wp\/v2\/comments?post=1478"}],"wp:featuredmedia":[{"embeddable":true,"href":"https:\/\/fmp-components.com\/es\/wp-json\/wp\/v2\/media\/1479"}],"wp:attachment":[{"href":"https:\/\/fmp-components.com\/es\/wp-json\/wp\/v2\/media?parent=1478"}],"wp:term":[{"taxonomy":"product_brand","embeddable":true,"href":"https:\/\/fmp-components.com\/es\/wp-json\/wp\/v2\/product_brand?post=1478"},{"taxonomy":"product_cat","embeddable":true,"href":"https:\/\/fmp-components.com\/es\/wp-json\/wp\/v2\/product_cat?post=1478"},{"taxonomy":"product_tag","embeddable":true,"href":"https:\/\/fmp-components.com\/es\/wp-json\/wp\/v2\/product_tag?post=1478"}],"curies":[{"name":"gracias","href":"https:\/\/api.w.org\/{rel}","templated":true}]}}