{"id":1468,"date":"2024-12-23T05:49:26","date_gmt":"2024-12-23T05:49:26","guid":{"rendered":"https:\/\/fmp-components.com\/product\/new-arrival-small-stainless-steel-double-acting-hydraulic-cylinder\/"},"modified":"2024-12-23T06:36:32","modified_gmt":"2024-12-23T06:36:32","slug":"new-arrival-small-stainless-steel-double-acting-hydraulic-cylinder","status":"publish","type":"product","link":"https:\/\/fmp-components.com\/es\/product\/new-arrival-small-stainless-steel-double-acting-hydraulic-cylinder\/","title":{"rendered":"Nuevo cilindro hidr\u00e1ulico peque\u00f1o de doble efecto de acero inoxidable."},"content":{"rendered":"<h2>Nuevo cilindro hidr\u00e1ulico peque\u00f1o de doble efecto de acero inoxidable.<\/h2>\n<p>Presentamos el nuevo cilindro hidr\u00e1ulico peque\u00f1o de doble efecto de acero inoxidable.<\/p>\n<p>El cilindro hidr\u00e1ulico peque\u00f1o de doble efecto de acero inoxidable es el producto m\u00e1s reciente en nuestro inventario. Est\u00e1 dise\u00f1ado para ofrecer alto rendimiento y durabilidad en un formato compacto y ligero.<\/p>\n<p>Fabricado con acero inoxidable de alta calidad, este cilindro hidr\u00e1ulico es resistente a la corrosi\u00f3n y soporta altas presiones y temperaturas extremas. Est\u00e1 dise\u00f1ado con tecnolog\u00eda de doble efecto, lo que permite un funcionamiento suave y constante en ambas direcciones.<\/p>\n<p>Este cilindro hidr\u00e1ulico es apto para una amplia gama de aplicaciones, incluyendo maquinaria industrial, equipos agr\u00edcolas y veh\u00edculos de construcci\u00f3n. Su reducido tama\u00f1o y f\u00e1cil instalaci\u00f3n lo hacen ideal para espacios reducidos y equipos m\u00f3viles.<\/p>\n<p>Adem\u00e1s de su rendimiento superior, el cilindro hidr\u00e1ulico peque\u00f1o de doble efecto de acero inoxidable est\u00e1 dise\u00f1ado para un f\u00e1cil mantenimiento y una larga vida \u00fatil. Incluye una garant\u00eda de un a\u00f1o para mayor tranquilidad.<\/p>\n<p>En resumen, el cilindro hidr\u00e1ulico peque\u00f1o de doble efecto de acero inoxidable es una soluci\u00f3n fiable y eficiente para cualquier sistema hidr\u00e1ulico. Solicite el suyo hoy mismo y compruebe la diferencia que puede marcar en sus operaciones. Presentamos nuestra \u00faltima incorporaci\u00f3n: el cilindro hidr\u00e1ulico peque\u00f1o de doble efecto de acero inoxidable. Este nuevo producto es perfecto para aplicaciones en talleres de reparaci\u00f3n de maquinaria, granjas, energ\u00eda y miner\u00eda, fabricaci\u00f3n de maquinaria y f\u00e1bricas de maquinaria.<\/p>\n<p><img decoding=\"async\" title=\"Cilindro hidr\u00e1ulico para quitanieves\" src=\"https:\/\/hzpt.com\/wp-content\/uploads\/2023\/11\/Snow-Plow-Hydraulic-Cylinder-1.webp\" alt=\"Cilindro hidr\u00e1ulico para quitanieves\" \/><\/p>\n<h2>Caracter\u00edsticas del producto<\/h2>\n<p>El producto est\u00e1 dise\u00f1ado con la tecnolog\u00eda m\u00e1s avanzada. Se trata de un cilindro de pist\u00f3n est\u00e1ndar, accionado hidr\u00e1ulicamente. El cuerpo est\u00e1 hecho de acero, lo que lo hace duradero y resistente. Tiene un empuje m\u00e1ximo de 3000 y una tracci\u00f3n m\u00e1xima de 20 toneladas, lo que lo hace extremadamente eficiente.<\/p>\n<h3>Tipo: Cilindros hidr\u00e1ulicos para quitanieves<\/h3>\n<p>Este cilindro hidr\u00e1ulico est\u00e1 dise\u00f1ado espec\u00edficamente para quitanieves. Es un producto nuevo de 2023, con una garant\u00eda de un a\u00f1o para los componentes principales. Estos incluyen el rodamiento y el propio cilindro hidr\u00e1ulico.<\/p>\n<h3>Protecciones: G\/SAE\/NPT\/M<\/h3>\n<p>Los puertos del cilindro hidr\u00e1ulico son G\/SAE\/NPT\/M. El di\u00e1metro interior var\u00eda de 2 a 6 pulgadas, el v\u00e1stago de 1,125 a 4 pulgadas, la carrera de 4 a 100 pulgadas y el pasador de 0,5 a 2 pulgadas. Este producto cuenta con la certificaci\u00f3n ISO 9001:2000.<\/p>\n<p><img decoding=\"async\" title=\"Cilindro hidr\u00e1ulico para quitanieves\" src=\"https:\/\/hzpt.com\/wp-content\/uploads\/2023\/11\/Snow-Plow-Hydraulic-Cylinder-3.webp\" alt=\"Cilindro hidr\u00e1ulico para quitanieves\" \/><\/p>\n<h2>Ventajas de los cilindros de tipo horquilla ajustable<\/h2>\n<p>Los cilindros de horquilla ajustable, como el nuevo cilindro hidr\u00e1ulico peque\u00f1o de acero inoxidable de doble efecto, ofrecen diversas ventajas sobre otros tipos de cilindros. A continuaci\u00f3n, se presentan algunas de las principales:<\/p>\n<ul>\n<li><strong>Flexibilidad en el montaje:<\/strong> Los cilindros de horquilla ajustable ofrecen gran flexibilidad de montaje. Pueden montarse en diversas direcciones y \u00e1ngulos, lo que proporciona mayor versatilidad en sus aplicaciones. Esto es especialmente importante en aplicaciones con espacio limitado que requieren una configuraci\u00f3n de montaje espec\u00edfica.<\/li>\n<li><strong>Mayor estabilidad:<\/strong> El cilindro de horquilla ajustable proporciona mayor estabilidad en comparaci\u00f3n con otros tipos de cilindros. Esto se debe a que el soporte de horquilla es m\u00e1s resistente y r\u00edgido que otros tipos de montaje. Esta mayor estabilidad se traduce en un mejor rendimiento y una mayor vida \u00fatil del cilindro.<\/li>\n<li><strong>F\u00e1cil mantenimiento:<\/strong> Los cilindros de horquilla ajustable est\u00e1n dise\u00f1ados para facilitar el mantenimiento. Ofrecen f\u00e1cil acceso al pist\u00f3n y a los sellos, lo que permite un mantenimiento r\u00e1pido y sencillo. Esto reduce el tiempo de inactividad y aumenta la productividad.<\/li>\n<li><strong>Longitud de trazo personalizable:<\/strong> La longitud de carrera de los cilindros de horquilla ajustable se puede personalizar f\u00e1cilmente para satisfacer los requisitos espec\u00edficos de la aplicaci\u00f3n. Esta personalizaci\u00f3n garantiza que el cilindro est\u00e9 optimizado para la aplicaci\u00f3n prevista y ofrezca el m\u00e1ximo rendimiento posible.<\/li>\n<li><strong>Mayor eficiencia:<\/strong> El uso de cilindros de horquilla ajustable puede aumentar la eficiencia en las aplicaciones. Esto se debe a que el cilindro puede optimizarse para la aplicaci\u00f3n espec\u00edfica, lo que se traduce en un mejor rendimiento y un menor consumo de energ\u00eda.<\/li>\n<li><strong>Seguridad mejorada:<\/strong> Los cilindros de horquilla ajustable est\u00e1n dise\u00f1ados pensando en la seguridad. Ofrecen un excelente control del movimiento del cilindro, lo que permite una operaci\u00f3n precisa y segura. Esto es especialmente importante en aplicaciones donde la seguridad es una prioridad absoluta.<\/li>\n<\/ul>\n<p>En conclusi\u00f3n, los cilindros de horquilla ajustable, como el nuevo cilindro hidr\u00e1ulico peque\u00f1o de doble efecto de acero inoxidable, ofrecen una amplia gama de ventajas sobre otros tipos de cilindros. Su flexibilidad de montaje, mayor estabilidad, f\u00e1cil mantenimiento, longitud de carrera personalizable, mayor eficiencia y mayor seguridad los convierten en una excelente opci\u00f3n para diversas aplicaciones.<\/p>\n<h3>Acerca de FMP<\/h3>\n<p>FMP es una empresa especializada en la producci\u00f3n y venta de cilindros hidr\u00e1ulicos. Gracias a nuestra amplia experiencia en el sector y a un equipo profesional, ofrecemos a nuestros clientes cilindros hidr\u00e1ulicos fiables y de alta calidad para maquinaria de construcci\u00f3n.<\/p>\n<p>1. Amplia gama de productos:<\/p>\n<p>Nuestra gama de productos incluye una variedad de cilindros hidr\u00e1ulicos para maquinaria de construcci\u00f3n. Ya sea que necesite cilindros de simple o doble efecto, cilindros telesc\u00f3picos o cilindros dise\u00f1ados a medida, tenemos la soluci\u00f3n perfecta para satisfacer sus necesidades espec\u00edficas.<\/p>\n<p>2. Componentes de primera calidad:<\/p>\n<p>Todos nuestros cilindros hidr\u00e1ulicos se fabrican con componentes de primera calidad. Priorizamos la calidad en nuestro proceso de fabricaci\u00f3n para garantizar la durabilidad y el rendimiento de nuestros productos.<\/p>\n<p>3. Pericia y consulta:<\/p>\n<p>Nuestro experimentado equipo de ventas est\u00e1 bien versado en las tendencias de desarrollo y las necesidades de los clientes de la industria de la maquinaria de construcci\u00f3n. Le brindar\u00e1n asesoramiento profesional sobre productos y le ayudar\u00e1n a elegir el cilindro hidr\u00e1ulico adecuado para su maquinaria.<\/p>\n<p>4. Cadena de suministro confiable:<\/p>\n<p>Al establecer relaciones de cooperaci\u00f3n duraderas y estables con proveedores de alta calidad, garantizamos que todas las piezas suministradas cumplen con estrictos est\u00e1ndares de calidad. Esto garantiza la fiabilidad y durabilidad de nuestros cilindros hidr\u00e1ulicos.<\/p>\n<p>5. Log\u00edstica eficiente y entrega oportuna:<\/p>\n<p>Contamos con un eficiente sistema de distribuci\u00f3n log\u00edstica para garantizar que nuestros clientes reciban los cilindros hidr\u00e1ulicos necesarios de forma oportuna y precisa. Entendemos la importancia de minimizar el tiempo de inactividad y nos esforzamos por ofrecer entregas puntuales.<\/p>\n<p><img decoding=\"async\" src=\"https:\/\/fmp-components.com\/wp-content\/uploads\/2024\/12\/Adjustable-Clevis-Type-Cylinders-6.webp\" alt=\"Cilindro tipo horquilla ajustable\" width=\"812\" title=\"\"><\/p>\n<p>Autor: CX<\/p>","protected":false},"excerpt":{"rendered":"<p>New Arrival Small Stainless Steel Double Acting Hydraulic Cylinder Introducing the New Arrival Small Stainless Steel Double Acting Hydraulic Cylinder The Small Stainless Steel Double Acting Hydraulic Cylinder is the latest product to join our inventory. It is designed to provide high performance and durability in a compact and lightweight package. Made with high-quality stainless [&hellip;]<\/p>","protected":false},"featured_media":1469,"comment_status":"closed","ping_status":"closed","template":"","meta":{"_et_pb_use_builder":"","_et_pb_old_content":"","_et_gb_content_width":""},"product_brand":[],"product_cat":[42],"product_tag":[34,44],"class_list":{"0":"post-1468","1":"product","2":"type-product","3":"status-publish","4":"has-post-thumbnail","6":"product_cat-snow-plow-hydraulic-cylinder","7":"product_tag-hydraulic-cylinder","8":"product_tag-snow-plow-hydraulic-cylinder","10":"first","11":"instock","12":"product-type-simple"},"_links":{"self":[{"href":"https:\/\/fmp-components.com\/es\/wp-json\/wp\/v2\/product\/1468","targetHints":{"allow":["GET"]}}],"collection":[{"href":"https:\/\/fmp-components.com\/es\/wp-json\/wp\/v2\/product"}],"about":[{"href":"https:\/\/fmp-components.com\/es\/wp-json\/wp\/v2\/types\/product"}],"replies":[{"embeddable":true,"href":"https:\/\/fmp-components.com\/es\/wp-json\/wp\/v2\/comments?post=1468"}],"wp:featuredmedia":[{"embeddable":true,"href":"https:\/\/fmp-components.com\/es\/wp-json\/wp\/v2\/media\/1469"}],"wp:attachment":[{"href":"https:\/\/fmp-components.com\/es\/wp-json\/wp\/v2\/media?parent=1468"}],"wp:term":[{"taxonomy":"product_brand","embeddable":true,"href":"https:\/\/fmp-components.com\/es\/wp-json\/wp\/v2\/product_brand?post=1468"},{"taxonomy":"product_cat","embeddable":true,"href":"https:\/\/fmp-components.com\/es\/wp-json\/wp\/v2\/product_cat?post=1468"},{"taxonomy":"product_tag","embeddable":true,"href":"https:\/\/fmp-components.com\/es\/wp-json\/wp\/v2\/product_tag?post=1468"}],"curies":[{"name":"gracias","href":"https:\/\/api.w.org\/{rel}","templated":true}]}}