{"id":1458,"date":"2024-12-23T05:49:26","date_gmt":"2024-12-23T05:49:26","guid":{"rendered":"https:\/\/fmp-components.com\/product\/factory-serving-small-hydraulic-cylinder-double-acting-hydraulic-cylinder-for-snow-plow\/"},"modified":"2024-12-23T06:39:29","modified_gmt":"2024-12-23T06:39:29","slug":"factory-serving-small-hydraulic-cylinder-double-acting-hydraulic-cylinder-for-snow-plow","status":"publish","type":"product","link":"https:\/\/fmp-components.com\/es\/product\/factory-serving-small-hydraulic-cylinder-double-acting-hydraulic-cylinder-for-snow-plow\/","title":{"rendered":"Cilindro hidr\u00e1ulico peque\u00f1o de doble efecto para quitanieves."},"content":{"rendered":"<h2>Cilindro hidr\u00e1ulico peque\u00f1o de doble efecto para quitanieves.<\/h2>\n<p>Cilindro hidr\u00e1ulico peque\u00f1o de doble efecto para quitanieves, disponible en f\u00e1brica. Es un cilindro hidr\u00e1ulico de alta calidad, dise\u00f1ado espec\u00edficamente para su uso en quitanieves. Gracias a su doble efecto, este cilindro ofrece un rendimiento potente y fiable, ayudando a retirar la nieve y el hielo de forma r\u00e1pida y eficiente.<\/p>\n<p>Fabricado con materiales de primera calidad, este cilindro hidr\u00e1ulico est\u00e1 dise\u00f1ado para durar. Su tama\u00f1o compacto lo convierte en la opci\u00f3n ideal para modelos de quitanieves m\u00e1s peque\u00f1os, ofreciendo una soluci\u00f3n que ahorra espacio sin sacrificar el rendimiento. Su dise\u00f1o de doble efecto garantiza un funcionamiento suave y constante, permitiendo un control preciso y la m\u00e1xima eficiencia.<\/p>\n<p><img decoding=\"async\" title=\"Cilindro hidr\u00e1ulico para quitanieves\" src=\"https:\/\/hzpt.com\/wp-content\/uploads\/2023\/11\/Snow-Plow-Hydraulic-Cylinder-1.webp\" alt=\"Cilindro hidr\u00e1ulico para quitanieves\" \/><\/p>\n<p>Tanto si es un proveedor profesional de servicios de remoci\u00f3n de nieve como si busca una manera eficiente de limpiar su entrada, el cilindro hidr\u00e1ulico peque\u00f1o de doble efecto para quitanieves Factory Serving es una soluci\u00f3n fiable y eficaz. Gracias a su construcci\u00f3n duradera y sus caracter\u00edsticas avanzadas, este cilindro hidr\u00e1ulico satisfar\u00e1 las m\u00e1s duras condiciones invernales.<\/p>\n<div>\n<h2>Descubra el cilindro hidr\u00e1ulico de doble efecto y alto rendimiento para su quitanieves<\/h2>\n<p>\u00bfBusca un cilindro hidr\u00e1ulico fiable y de alto rendimiento para su quitanieves? \u00a1No busque m\u00e1s! Ofrecemos cilindros hidr\u00e1ulicos nuevos y duraderos con un a\u00f1o de garant\u00eda, ideales para diversas industrias, como talleres de reparaci\u00f3n de maquinaria, agricultura, energ\u00eda y miner\u00eda, fabricaci\u00f3n de maquinaria y f\u00e1bricas de maquinaria.<\/p>\n<h2>Caracter\u00edsticas del producto<\/h2>\n<ul>\n<li>Peso: 5,4 kg<\/li>\n<li>Construido con acero duradero<\/li>\n<li>Accionado hidr\u00e1ulicamente para un rendimiento y confiabilidad superiores<\/li>\n<li>Empuje m\u00e1ximo: 3000<\/li>\n<li>Tracci\u00f3n m\u00e1xima: 20 toneladas<\/li>\n<li>Tama\u00f1o del orificio: 2-6 pulgadas<\/li>\n<li>Tama\u00f1o de la varilla: 1,125-4 pulgadas<\/li>\n<li>Tama\u00f1o del trazo: 4-100 pulgadas<\/li>\n<li>Tama\u00f1o del pin: 0,5-2 pulgadas<\/li>\n<li>Color: negro<\/li>\n<li>Certificaci\u00f3n: ISO9001:2000<\/li>\n<li>Embalaje: caja de hierro, caja de madera contrachapada o caja de cart\u00f3n.<\/li>\n<\/ul>\n<p><img decoding=\"async\" src=\"https:\/\/hzpt.com\/wp-content\/uploads\/2023\/11\/Snow-Plow-Hydraulic-Cylinder-4Factory.webp\" alt=\"Foto de f\u00e1brica\" title=\"\"><\/p>\n<\/div>\n<h2>Ventajas de los cilindros de tipo horquilla ajustable<\/h2>\n<p>Los cilindros de horquilla ajustable se utilizan ampliamente en diversas industrias debido a su versatilidad y las ventajas que ofrecen. Estas son algunas de las principales ventajas de los cilindros de horquilla ajustable:<\/p>\n<h3>1. Versatilidad<\/h3>\n<p>Una de las principales ventajas de los cilindros de horquilla ajustable es su versatilidad. Estos cilindros se pueden utilizar en una amplia gama de aplicaciones, lo que los convierte en la opci\u00f3n ideal para diversas industrias. Se utilizan com\u00fanmente en aplicaciones como la manipulaci\u00f3n de materiales, equipos de construcci\u00f3n y maquinaria agr\u00edcola.<\/p>\n<h3>2. Longitud de carrera ajustable<\/h3>\n<p>Otra ventaja significativa de los cilindros de horquilla ajustable es su carrera ajustable. Esto significa que la carrera del cilindro se puede ajustar f\u00e1cilmente para adaptarse a las necesidades espec\u00edficas de la aplicaci\u00f3n. Esto es especialmente beneficioso cuando el cilindro se utiliza en diferentes aplicaciones con requisitos variables.<\/p>\n<h3>3. Alta capacidad de carga<\/h3>\n<p>Los cilindros de horquilla ajustable est\u00e1n dise\u00f1ados para ofrecer una alta capacidad de carga, lo que los hace ideales para aplicaciones de servicio pesado. Se utilizan com\u00fanmente en aplicaciones que requieren alta fuerza y \u200b\u200bpresi\u00f3n, como en la construcci\u00f3n de maquinaria pesada.<\/p>\n<h3>4. Doble efecto o simple efecto<\/h3>\n<p>Los cilindros de horquilla ajustable pueden dise\u00f1arse como de doble o simple efecto, seg\u00fan los requisitos de la aplicaci\u00f3n. Los cilindros de doble efecto se utilizan com\u00fanmente en aplicaciones que requieren fuerzas de empuje y tracci\u00f3n, mientras que los de simple efecto se utilizan en aplicaciones que requieren una sola fuerza direccional.<\/p>\n<h3>5. F\u00e1brica que da servicio a cilindros hidr\u00e1ulicos peque\u00f1os<\/h3>\n<p>Los cilindros de horquilla ajustables se pueden fabricar en una variedad de tama\u00f1os, lo que los hace adecuados para diversas aplicaciones, incluyendo aquellas que requieren cilindros hidr\u00e1ulicos peque\u00f1os. Se utilizan com\u00fanmente en aplicaciones que requieren alta precisi\u00f3n y exactitud, como en equipos m\u00e9dicos e instrumentos de laboratorio.<\/p>\n<h3>6. Cilindro hidr\u00e1ulico de doble efecto para quitanieves<\/h3>\n<p>Los cilindros de horquilla ajustables se utilizan com\u00fanmente en quitanieves debido a su capacidad para proporcionar alta fuerza y \u200b\u200bpresi\u00f3n. Los cilindros hidr\u00e1ulicos de doble efecto se utilizan en quitanieves para elevar y bajar la cuchilla, a la vez que proporcionan la fuerza necesaria para moverla lateralmente.<\/p>\n<p>En conclusi\u00f3n, los cilindros de horquilla ajustable ofrecen diversas ventajas que los convierten en la opci\u00f3n ideal para diversas aplicaciones. Su versatilidad, carrera ajustable, alta capacidad de carga y posibilidad de dise\u00f1o como cilindros de doble o simple efecto los hacen adecuados para una amplia gama de industrias y aplicaciones. Adem\u00e1s, su posibilidad de fabricarse en diversos tama\u00f1os, incluyendo cilindros hidr\u00e1ulicos peque\u00f1os, los convierte en una opci\u00f3n popular para aplicaciones de precisi\u00f3n.<\/p>\n<h3>Acerca de FMP \u2013 Cilindro hidr\u00e1ulico<\/h3>\n<p>FMP es una empresa l\u00edder en la venta y el servicio de repuestos para maquinaria de construcci\u00f3n y m\u00e1quinas completas. Contamos con a\u00f1os de experiencia en el sector y un equipo de expertos profesionales que ofrecen repuestos para maquinaria de construcci\u00f3n de alta calidad y fiabilidad, as\u00ed como soluciones completas para maquinaria. Nuestra amplia gama de productos incluye cajas de engranajes para maquinaria agr\u00edcola, reductores planetarios, reductores industriales, repuestos para maquinaria agr\u00edcola y una serie de accesorios de alta gama que se adaptan a ellas. Nos comprometemos a ofrecer a nuestros clientes los mejores productos y servicios. Estas son algunas razones por las que deber\u00eda elegir FMP para sus cilindros hidr\u00e1ulicos:<\/p>\n<ol>\n<li><strong>Productos confiables y de alta calidad:<\/strong> En FMP, priorizamos la calidad de nuestros productos. Establecemos relaciones de cooperaci\u00f3n duraderas y estables con proveedores de alta calidad de todo el mundo. Todas las piezas que suministramos cumplen con estrictos est\u00e1ndares de calidad.<\/li>\n<li><strong>Amplia gama de productos:<\/strong> Ofrecemos una amplia gama de cilindros hidr\u00e1ulicos, incluyendo cilindros est\u00e1ndar y personalizados. Nuestro cilindro de horquilla ajustable es un producto popular, muy duradero y ajustable para satisfacer diversas necesidades.<\/li>\n<li><strong>Equipo de ventas profesional:<\/strong> Nuestro equipo de ventas cuenta con amplia experiencia y experiencia en la industria de maquinaria de construcci\u00f3n. Conoce las \u00faltimas tendencias de desarrollo y las necesidades de los clientes, y puede ofrecer asesoramiento profesional sobre productos y sugerencias de compra inteligentes.<\/li>\n<li><strong>Distribuci\u00f3n log\u00edstica eficiente:<\/strong> Entendemos que la entrega puntual es crucial para nuestros clientes. Por lo tanto, hemos establecido un sistema de distribuci\u00f3n log\u00edstica eficiente para garantizar que reciban las piezas necesarias de manera oportuna y precisa.<\/li>\n<li><strong>Precios competitivos:<\/strong> En FMP, ofrecemos precios competitivos sin comprometer la calidad. Nos esforzamos por ofrecer a nuestros clientes la mejor relaci\u00f3n calidad-precio.<\/li>\n<\/ol>\n<p><img decoding=\"async\" src=\"https:\/\/fmp-components.com\/wp-content\/uploads\/2024\/12\/Adjustable-Clevis-Type-Cylinders-6.webp\" alt=\"Cilindro tipo horquilla ajustable\" width=\"807\" title=\"\"><\/p>\n<p>Nos dedicamos a ofrecer productos y servicios de alta calidad a nuestros clientes y confiamos en satisfacer sus necesidades de cilindros hidr\u00e1ulicos. No dude en contactarnos para cualquier consulta o para realizar un pedido.<\/p>\n<p>Autor: CX<\/p>","protected":false},"excerpt":{"rendered":"<p>Factory Serving Small Hydraulic Cylinder Double Acting Hydraulic Cylinder For Snow Plow Factory Serving Small Hydraulic Cylinder Double Acting Hydraulic Cylinder For Snow Plow is a high-quality hydraulic cylinder designed specifically for use in snow plows. With its double acting capability, this cylinder delivers powerful and reliable performance, helping to clear snow and ice quickly [&hellip;]<\/p>","protected":false},"featured_media":1459,"comment_status":"closed","ping_status":"closed","template":"","meta":{"_et_pb_use_builder":"","_et_pb_old_content":"","_et_gb_content_width":""},"product_brand":[],"product_cat":[42],"product_tag":[34,44],"class_list":{"0":"post-1458","1":"product","2":"type-product","3":"status-publish","4":"has-post-thumbnail","6":"product_cat-snow-plow-hydraulic-cylinder","7":"product_tag-hydraulic-cylinder","8":"product_tag-snow-plow-hydraulic-cylinder","10":"first","11":"instock","12":"product-type-simple"},"_links":{"self":[{"href":"https:\/\/fmp-components.com\/es\/wp-json\/wp\/v2\/product\/1458","targetHints":{"allow":["GET"]}}],"collection":[{"href":"https:\/\/fmp-components.com\/es\/wp-json\/wp\/v2\/product"}],"about":[{"href":"https:\/\/fmp-components.com\/es\/wp-json\/wp\/v2\/types\/product"}],"replies":[{"embeddable":true,"href":"https:\/\/fmp-components.com\/es\/wp-json\/wp\/v2\/comments?post=1458"}],"wp:featuredmedia":[{"embeddable":true,"href":"https:\/\/fmp-components.com\/es\/wp-json\/wp\/v2\/media\/1459"}],"wp:attachment":[{"href":"https:\/\/fmp-components.com\/es\/wp-json\/wp\/v2\/media?parent=1458"}],"wp:term":[{"taxonomy":"product_brand","embeddable":true,"href":"https:\/\/fmp-components.com\/es\/wp-json\/wp\/v2\/product_brand?post=1458"},{"taxonomy":"product_cat","embeddable":true,"href":"https:\/\/fmp-components.com\/es\/wp-json\/wp\/v2\/product_cat?post=1458"},{"taxonomy":"product_tag","embeddable":true,"href":"https:\/\/fmp-components.com\/es\/wp-json\/wp\/v2\/product_tag?post=1458"}],"curies":[{"name":"gracias","href":"https:\/\/api.w.org\/{rel}","templated":true}]}}