{"id":1452,"date":"2024-12-23T05:49:26","date_gmt":"2024-12-23T05:49:26","guid":{"rendered":"https:\/\/fmp-components.com\/product\/double-effect-hydraulic-cylinder-small-hydraulic-cylinder-for-snow-plow\/"},"modified":"2024-12-23T06:43:34","modified_gmt":"2024-12-23T06:43:34","slug":"double-effect-hydraulic-cylinder-small-hydraulic-cylinder-for-snow-plow","status":"publish","type":"product","link":"https:\/\/fmp-components.com\/es\/product\/double-effect-hydraulic-cylinder-small-hydraulic-cylinder-for-snow-plow\/","title":{"rendered":"Cilindro hidr\u00e1ulico de doble efecto, peque\u00f1o cilindro hidr\u00e1ulico para quitanieves."},"content":{"rendered":"<h2>Cilindro hidr\u00e1ulico de doble efecto, peque\u00f1o cilindro hidr\u00e1ulico para quitanieves.<\/h2>\n<p>El cilindro hidr\u00e1ulico peque\u00f1o de doble efecto para quitanieves es un producto de alta calidad dise\u00f1ado para su uso en quitanieves. Est\u00e1 fabricado con precisi\u00f3n y materiales duraderos para garantizar su larga vida \u00fatil. La funci\u00f3n de doble efecto aumenta la eficiencia, facilitando la limpieza de nieve.<\/p>\n<p>El cilindro hidr\u00e1ulico ha sido dise\u00f1ado para ser compacto, lo que facilita su instalaci\u00f3n y uso en diversas m\u00e1quinas quitanieves. Su reducido tama\u00f1o tambi\u00e9n facilita su transporte, lo que permite a los operadores moverlo f\u00e1cilmente de un lugar a otro.<\/p>\n<p>Una de las principales ventajas de este producto es su excepcional rendimiento en condiciones clim\u00e1ticas extremas. Es capaz de soportar las duras condiciones invernales y est\u00e1 dise\u00f1ado para ofrecer un rendimiento fiable cuando m\u00e1s se necesita.<\/p>\n<p>En resumen, el cilindro hidr\u00e1ulico peque\u00f1o de doble efecto para quitanieves es un producto excelente con una excelente relaci\u00f3n calidad-precio. Su durabilidad, rendimiento y tama\u00f1o compacto lo convierten en la opci\u00f3n ideal para operadores de quitanieves que buscan un cilindro hidr\u00e1ulico fiable y eficiente. Entre la amplia gama de cilindros hidr\u00e1ulicos disponibles, el cilindro hidr\u00e1ulico peque\u00f1o de doble efecto para quitanieves destaca por sus caracter\u00edsticas \u00fanicas y excepcionales capacidades. Este producto es nuevo y cuenta con un a\u00f1o de garant\u00eda, lo que garantiza su fiabilidad y su tranquilidad.<\/p>\n<h2>Caracter\u00edsticas del producto<\/h2>\n<p><img decoding=\"async\" title=\"Cilindro hidr\u00e1ulico para quitanieves\" src=\"https:\/\/hzpt.com\/wp-content\/uploads\/2023\/11\/Snow-Plow-Hydraulic-Cylinder-1.webp\" alt=\"Cilindro hidr\u00e1ulico para quitanieves\" \/><\/p>\n<p>El cilindro hidr\u00e1ulico de doble efecto peque\u00f1o para quitanieves es un producto innovador dise\u00f1ado para lograr eficiencia y alto rendimiento en diversas industrias, como talleres de reparaci\u00f3n de maquinaria, granjas, energ\u00eda y miner\u00eda, fabricaci\u00f3n de maquinaria y f\u00e1bricas de maquinaria.<\/p>\n<ul>\n<li><strong>Alta calidad y confiabilidad:<\/strong> El cilindro hidr\u00e1ulico est\u00e1 fabricado en acero, lo que le proporciona robustez y durabilidad. Con un peso de 5,9 kg, es compacto pero potente.<\/li>\n<li><strong>Eficiencia y rendimiento:<\/strong> Este cilindro hidr\u00e1ulico tiene un empuje m\u00e1ximo de 3000 y una tracci\u00f3n m\u00e1xima de 20 toneladas, lo que lo convierte en una herramienta de alto rendimiento para diversas aplicaciones.<\/li>\n<li><strong>Seguridad y estabilidad:<\/strong> Su garant\u00eda de un a\u00f1o en los componentes principales, que incluye el cojinete y el cilindro hidr\u00e1ulico, garantiza seguridad y estabilidad.<\/li>\n<li><strong>Compatibilidad:<\/strong> El producto es est\u00e1ndar, lo que significa que se puede integrar f\u00e1cilmente en varios sistemas.<\/li>\n<li><strong>Valor de la inversi\u00f3n a largo plazo:<\/strong> Con su garant\u00eda de un a\u00f1o y componentes centrales de alta calidad, este cilindro hidr\u00e1ulico asegura un valor de inversi\u00f3n a largo plazo.<\/li>\n<\/ul>\n<p><img decoding=\"async\" title=\"Cilindro hidr\u00e1ulico para quitanieves\" src=\"https:\/\/hzpt.com\/wp-content\/uploads\/2023\/11\/Snow-Plow-Hydraulic-Cylinder-2.webp\" alt=\"Cilindro hidr\u00e1ulico para quitanieves\" \/><\/p>\n<h2>Ventajas de los cilindros de tipo horquilla ajustable<\/h2>\n<ul>\n<li style=\"list-style-type: none;\">\n<ul>\n<li>Mayor flexibilidad y adaptabilidad<\/li>\n<\/ul>\n<\/li>\n<\/ul>\n<p>Una de las principales ventajas de los cilindros de horquilla ajustable es su gran adaptabilidad. Estos cilindros se ajustan f\u00e1cilmente para adaptarse a una amplia gama de aplicaciones y requisitos, lo que permite una mayor flexibilidad y versatilidad. Esto significa que pueden utilizarse en diversos entornos industriales y personalizarse para satisfacer las necesidades espec\u00edficas de diferentes proyectos y aplicaciones.<\/p>\n<ul>\n<li style=\"list-style-type: none;\">\n<ul>\n<li>Mayor precisi\u00f3n y control<\/li>\n<\/ul>\n<\/li>\n<\/ul>\n<p>Otra ventaja clave de los cilindros de horquilla ajustables es su capacidad para proporcionar mayor precisi\u00f3n y control. Estos cilindros est\u00e1n dise\u00f1ados para ofrecer movimientos precisos y exactos, lo que los hace ideales para aplicaciones que requieren un alto grado de control y precisi\u00f3n. Esto puede ser especialmente importante en entornos industriales, donde la precisi\u00f3n y la exactitud son fundamentales para la seguridad y la eficiencia.<\/p>\n<ul>\n<li style=\"list-style-type: none;\">\n<ul>\n<li>Mayor durabilidad y longevidad<\/li>\n<\/ul>\n<\/li>\n<\/ul>\n<p>Los cilindros de horquilla ajustable tambi\u00e9n son conocidos por su excepcional durabilidad y longevidad. Estos cilindros suelen estar fabricados con materiales de alta calidad, dise\u00f1ados para soportar los rigores del uso intensivo y los entornos industriales m\u00e1s exigentes. Esto significa que pueden durar muchos a\u00f1os con un mantenimiento m\u00ednimo, lo que los convierte en una soluci\u00f3n rentable para diversas aplicaciones industriales.<\/p>\n<ul>\n<li style=\"list-style-type: none;\">\n<ul>\n<li>Mayor eficiencia y productividad<\/li>\n<\/ul>\n<\/li>\n<\/ul>\n<p>Al proporcionar mayor precisi\u00f3n, control y adaptabilidad, los cilindros de horquilla ajustables tambi\u00e9n pueden contribuir a mejorar la eficiencia y la productividad general en entornos industriales. Estos cilindros permiten automatizar una amplia gama de procesos, facilitando la realizaci\u00f3n de tareas de forma r\u00e1pida y eficiente, a la vez que minimizan el tiempo de inactividad y reducen los costes. Esto resulta especialmente importante en sectores donde el tiempo es crucial, como la construcci\u00f3n o la fabricaci\u00f3n.<\/p>\n<ul>\n<li style=\"list-style-type: none;\">\n<ul>\n<li>Compatible con una amplia gama de sistemas y componentes<\/li>\n<\/ul>\n<\/li>\n<\/ul>\n<p>Finalmente, los cilindros de horquilla ajustables son conocidos por su alta compatibilidad con una amplia gama de sistemas y componentes. Estos cilindros se integran f\u00e1cilmente en sistemas hidr\u00e1ulicos existentes, lo que los convierte en una soluci\u00f3n vers\u00e1til y flexible para numerosas aplicaciones industriales. Adem\u00e1s, son compatibles con una amplia gama de componentes y accesorios, como cilindros hidr\u00e1ulicos de doble efecto y peque\u00f1os cilindros hidr\u00e1ulicos para quitanieves, lo que los convierte en una soluci\u00f3n altamente personalizable para diversos proyectos.<\/p>\n<h3>Acerca de FMP: su proveedor profesional de cilindros hidr\u00e1ulicos<\/h3>\n<p>\u00bfBusca cilindros hidr\u00e1ulicos fiables y de alta calidad para su maquinaria de construcci\u00f3n? \u00a1FMP es la soluci\u00f3n! Como empresa con una larga experiencia en el sector y un equipo profesional, nos especializamos en la venta y el servicio t\u00e9cnico de piezas y m\u00e1quinas completas para maquinaria de construcci\u00f3n. Nuestra amplia gama de productos incluye cajas de engranajes para maquinaria agr\u00edcola, cajas de engranajes industriales, reductores planetarios, piezas para maquinaria agr\u00edcola y una serie de accesorios de alta gama que se adaptan a ellas.<\/p>\n<p>Estas son solo algunas razones por las que deber\u00eda elegir a FMP como su proveedor de cilindros hidr\u00e1ulicos:<\/p>\n<p>1. Productos de alta calidad: Trabajamos con numerosos proveedores de alta calidad, tanto nacionales como internacionales, para garantizar que todos nuestros cilindros hidr\u00e1ulicos cumplan con estrictos est\u00e1ndares de calidad. Nuestros productos son duraderos, fiables y est\u00e1n fabricados para durar.<\/p>\n<p>2. Equipo de ventas profesional: Nuestro equipo de ventas, con amplia experiencia y cualificados, est\u00e1 familiarizado con las tendencias de desarrollo y las necesidades de los clientes de la industria de la maquinaria de construcci\u00f3n. Le brindar\u00e1n asesoramiento profesional sobre productos y sugerencias de compra inteligentes para ayudarle a encontrar el cilindro hidr\u00e1ulico ideal para sus necesidades.<\/p>\n<p>3. Distribuci\u00f3n log\u00edstica eficiente: Contamos con un sistema de distribuci\u00f3n log\u00edstica eficiente para garantizar que nuestros clientes reciban las piezas necesarias de manera oportuna y precisa. Puede confiar en nosotros para que le entreguemos sus cilindros hidr\u00e1ulicos cuando los necesite.<\/p>\n<p>4. Opciones personalizables: En FMP, entendemos que cada cliente tiene necesidades \u00fanicas en cuanto a cilindros hidr\u00e1ulicos. Por eso, ofrecemos opciones personalizables para satisfacer sus necesidades espec\u00edficas.<\/p>\n<p>5. Amplia gama de productos: Ofrecemos una amplia gama de cilindros hidr\u00e1ulicos, incluyendo cilindros de horquilla ajustable, cilindros soldados, cilindros de tirantes y m\u00e1s. Esto significa que puede encontrar el cilindro hidr\u00e1ulico perfecto para sus necesidades de maquinaria de construcci\u00f3n.<\/p>\n<p>Adem\u00e1s, con FMP, puede disfrutar de la tranquilidad de trabajar con un proveedor confiable. \u00bfA qu\u00e9 espera? Cont\u00e1ctenos hoy mismo para obtener m\u00e1s informaci\u00f3n sobre nuestros cilindros hidr\u00e1ulicos y c\u00f3mo podemos ayudarle a satisfacer sus necesidades de maquinaria de construcci\u00f3n.<\/p>\n<p><img decoding=\"async\" src=\"https:\/\/fmp-components.com\/wp-content\/uploads\/2024\/12\/Adjustable-Clevis-Type-Cylinders-6.webp\" alt=\"Cilindro tipo horquilla ajustable\" width=\"804\" title=\"\"><\/p>\n<p>Autor: CX<\/p>","protected":false},"excerpt":{"rendered":"<p>Double Effect Hydraulic Cylinder Small Hydraulic Cylinder For Snow Plow Double Effect Hydraulic Cylinder Small Hydraulic Cylinder For Snow Plow is a high-quality product designed for use in snow plows. The cylinder is constructed with precision and is made of durable materials to ensure its longevity. The double effect feature allows for increased efficiency, making [&hellip;]<\/p>","protected":false},"featured_media":1453,"comment_status":"closed","ping_status":"closed","template":"","meta":{"_et_pb_use_builder":"","_et_pb_old_content":"","_et_gb_content_width":""},"product_brand":[],"product_cat":[42],"product_tag":[34,44],"class_list":{"0":"post-1452","1":"product","2":"type-product","3":"status-publish","4":"has-post-thumbnail","6":"product_cat-snow-plow-hydraulic-cylinder","7":"product_tag-hydraulic-cylinder","8":"product_tag-snow-plow-hydraulic-cylinder","10":"first","11":"instock","12":"product-type-simple"},"_links":{"self":[{"href":"https:\/\/fmp-components.com\/es\/wp-json\/wp\/v2\/product\/1452","targetHints":{"allow":["GET"]}}],"collection":[{"href":"https:\/\/fmp-components.com\/es\/wp-json\/wp\/v2\/product"}],"about":[{"href":"https:\/\/fmp-components.com\/es\/wp-json\/wp\/v2\/types\/product"}],"replies":[{"embeddable":true,"href":"https:\/\/fmp-components.com\/es\/wp-json\/wp\/v2\/comments?post=1452"}],"wp:featuredmedia":[{"embeddable":true,"href":"https:\/\/fmp-components.com\/es\/wp-json\/wp\/v2\/media\/1453"}],"wp:attachment":[{"href":"https:\/\/fmp-components.com\/es\/wp-json\/wp\/v2\/media?parent=1452"}],"wp:term":[{"taxonomy":"product_brand","embeddable":true,"href":"https:\/\/fmp-components.com\/es\/wp-json\/wp\/v2\/product_brand?post=1452"},{"taxonomy":"product_cat","embeddable":true,"href":"https:\/\/fmp-components.com\/es\/wp-json\/wp\/v2\/product_cat?post=1452"},{"taxonomy":"product_tag","embeddable":true,"href":"https:\/\/fmp-components.com\/es\/wp-json\/wp\/v2\/product_tag?post=1452"}],"curies":[{"name":"gracias","href":"https:\/\/api.w.org\/{rel}","templated":true}]}}