{"id":1446,"date":"2024-12-23T05:49:26","date_gmt":"2024-12-23T05:49:26","guid":{"rendered":"https:\/\/fmp-components.com\/product\/china-factory-supply-agricultural-machinery-hydraulic-cylinders-snow-plow-hydraulic-cylinder-double-acting\/"},"modified":"2024-12-23T08:48:27","modified_gmt":"2024-12-23T08:48:27","slug":"italy-factory-supply-agricultural-machinery-hydraulic-cylinders-snow-plow-hydraulic-cylinder-double-acting","status":"publish","type":"product","link":"https:\/\/fmp-components.com\/es\/product\/italy-factory-supply-agricultural-machinery-hydraulic-cylinders-snow-plow-hydraulic-cylinder-double-acting\/","title":{"rendered":"Cilindros hidr\u00e1ulicos para maquinaria agr\u00edcola, de doble efecto, para quitanieves."},"content":{"rendered":"<h2>Cilindros hidr\u00e1ulicos para maquinaria agr\u00edcola, de doble efecto, para quitanieves.<\/h2>\n<p>Cilindros hidr\u00e1ulicos para maquinaria agr\u00edcola, suministrados por f\u00e1bricas italianas. El cilindro hidr\u00e1ulico de doble efecto para quitanieves es un cilindro hidr\u00e1ulico de alta calidad y eficiencia, dise\u00f1ado espec\u00edficamente para maquinaria agr\u00edcola. Est\u00e1 dise\u00f1ado espec\u00edficamente para quitanieves y cuenta con un mecanismo de doble efecto para una mayor funcionalidad.<\/p>\n<p>Este cilindro hidr\u00e1ulico se fabrica en Italia priorizando la durabilidad y el rendimiento. Est\u00e1 fabricado con materiales de alta calidad para garantizar un uso prolongado incluso en condiciones dif\u00edciles. Est\u00e1 dise\u00f1ado para soportar cargas pesadas y ofrecer un funcionamiento suave y fiable.<\/p>\n<p>El mecanismo de doble efecto permite que el cilindro hidr\u00e1ulico se extienda y retraiga, proporcionando flexibilidad y control durante las operaciones de remoci\u00f3n de nieve. Esta caracter\u00edstica garantiza una remoci\u00f3n de nieve eficiente, ya que permite que la m\u00e1quina empuje y levante la nieve, lo que la convierte en la opci\u00f3n ideal para limpiar carreteras, caminos de acceso y otras superficies.<\/p>\n<p><img decoding=\"async\" title=\"Cilindro hidr\u00e1ulico para quitanieves\" src=\"https:\/\/hzpt.com\/wp-content\/uploads\/2023\/11\/Snow-Plow-Hydraulic-Cylinder-2.webp\" alt=\"Cilindro hidr\u00e1ulico para quitanieves\" \/><\/p>\n<p>El cilindro hidr\u00e1ulico de doble efecto para quitanieves, suministrado por f\u00e1brica en Italia, es f\u00e1cil de instalar y compatible con diversos modelos de maquinaria agr\u00edcola. Est\u00e1 dise\u00f1ado para integrarse perfectamente en los sistemas hidr\u00e1ulicos existentes, minimizando el tiempo de inactividad y maximizando la productividad.<\/p>\n<p>Gracias a su robusta construcci\u00f3n, rendimiento fiable y versatilidad, este cilindro hidr\u00e1ulico es un componente esencial para cualquier maquinaria agr\u00edcola equipada con quitanieves. Conf\u00ede en Italy Factory Supply para obtener un producto de alta calidad que satisfaga sus necesidades de remoci\u00f3n de nieve eficiente.<\/p>\n<h2>Ventajas de los cilindros de tipo horquilla ajustable<\/h2>\n<p>Los cilindros de horquilla ajustables son un tipo de cilindro hidr\u00e1ulico con soporte de horquilla y horquilla ajustable. Se utilizan com\u00fanmente en maquinaria agr\u00edcola, quitanieves y otros equipos pesados. En este art\u00edculo, analizaremos las ventajas de usar cilindros de horquilla ajustables.<\/p>\n<h3>1. Versatilidad<\/h3>\n<p>Una de las principales ventajas de los cilindros de horquilla ajustables es su versatilidad. Se pueden utilizar en diversas aplicaciones, como maquinaria agr\u00edcola y quitanieves. Su horquilla ajustable facilita su instalaci\u00f3n y ajuste, lo que los convierte en una opci\u00f3n popular entre los fabricantes.<\/p>\n<p>Por ejemplo, los cilindros hidr\u00e1ulicos de doble efecto para quitanieves, suministrados por f\u00e1bricas italianas para maquinaria agr\u00edcola, se utilizan com\u00fanmente en quitanieves para ajustar el \u00e1ngulo de la cuchilla. Mediante un cilindro de horquilla ajustable, el operador puede ajustar f\u00e1cilmente el \u00e1ngulo de la cuchilla seg\u00fan las condiciones de la nieve.<\/p>\n<h3>2. Durabilidad<\/h3>\n<p>Los cilindros de horquilla ajustable est\u00e1n dise\u00f1ados para soportar cargas pesadas y entornos hostiles. Est\u00e1n fabricados con materiales de alta calidad resistentes a la corrosi\u00f3n y al desgaste. Esto los hace ideales para su uso en maquinaria agr\u00edcola y otros equipos de servicio pesado.<\/p>\n<p>Adem\u00e1s, los cilindros hidr\u00e1ulicos de doble efecto para quitanieves de maquinaria agr\u00edcola suministrados por f\u00e1bricas italianas utilizan materiales de alta resistencia para garantizar su durabilidad y longevidad. Est\u00e1n dise\u00f1ados para soportar temperaturas extremas, altas presiones y cargas pesadas, lo que los convierte en una opci\u00f3n confiable para su uso en entornos hostiles.<\/p>\n<h3>3. Precisi\u00f3n<\/h3>\n<p>Los cilindros de horquilla ajustable son conocidos por su precisi\u00f3n. Proporcionan un movimiento preciso y constante, esencial en muchas aplicaciones. Su horquilla ajustable permite un ajuste preciso, garantizando un funcionamiento suave y eficiente del cilindro.<\/p>\n<p>Por ejemplo, en la maquinaria agr\u00edcola, se utilizan cilindros de horquilla ajustables para controlar el movimiento del arado. Mediante un cilindro de precisi\u00f3n, el operador puede garantizar que el arado se mueva en la direcci\u00f3n y velocidad correctas.<\/p>\n<h3>4. F\u00e1cil mantenimiento<\/h3>\n<p>Otra ventaja de los cilindros de horquilla ajustable es su f\u00e1cil mantenimiento. Est\u00e1n dise\u00f1ados para ser f\u00e1ciles de desmontar y reparar, lo cual es importante en equipos de servicio pesado. Esto los convierte en una opci\u00f3n rentable para fabricantes y operadores.<\/p>\n<p>Adem\u00e1s, los cilindros hidr\u00e1ulicos de doble efecto para quitanieves de maquinaria agr\u00edcola suministrados por f\u00e1bricas italianas est\u00e1n dise\u00f1ados para facilitar su mantenimiento. Incluyen sellos y otros componentes reemplazables, que se pueden reemplazar f\u00e1cilmente cuando sea necesario.<\/p>\n<p>Los cilindros hidr\u00e1ulicos de horquilla ajustable son vers\u00e1tiles, duraderos, precisos y de f\u00e1cil mantenimiento. Su horquilla ajustable facilita su instalaci\u00f3n y ajuste, lo que los convierte en una opci\u00f3n popular en diversas aplicaciones, como maquinaria agr\u00edcola y quitanieves. Al utilizar los cilindros hidr\u00e1ulicos para quitanieves de doble efecto de Italy Factory Supply Agricultural Machinery, los operadores pueden garantizar un funcionamiento suave y eficiente de sus equipos, incluso en las condiciones m\u00e1s adversas.<\/p>\n<h3>Acerca del cilindro hidr\u00e1ulico FMP<\/h3>\n<p>FMP es una empresa l\u00edder especializada en la venta y el servicio de repuestos y m\u00e1quinas completas de maquinaria de construcci\u00f3n de alta calidad. Nuestro cilindro hidr\u00e1ulico es uno de nuestros productos m\u00e1s vendidos, y nos enorgullece presentar sus caracter\u00edsticas y ventajas a nuestros clientes:<\/p>\n<ol>\n<li><strong>Robusto y duradero:<\/strong> Nuestro cilindro hidr\u00e1ulico est\u00e1 fabricado con materiales de alta calidad que garantizan su durabilidad y larga vida \u00fatil. Est\u00e1 dise\u00f1ado para soportar entornos exigentes y operaciones de alta exigencia, lo que lo convierte en la opci\u00f3n ideal para maquinaria de construcci\u00f3n.<\/li>\n<li><strong>Personalizable:<\/strong> Ofrecemos una amplia gama de cilindros hidr\u00e1ulicos, incluyendo cilindros de horquilla ajustable, cilindros de tirantes y cilindros soldados. Nuestro equipo de expertos tambi\u00e9n puede personalizar los cilindros seg\u00fan sus requisitos y especificaciones particulares.<\/li>\n<li><strong>Fluido y eficiente:<\/strong> Nuestro cilindro hidr\u00e1ulico incorpora un pist\u00f3n y un sello de v\u00e1stago de alta calidad que garantizan un funcionamiento suave y eficiente. Adem\u00e1s, su dise\u00f1o compacto ahorra espacio de instalaci\u00f3n y reduce el consumo de energ\u00eda.<\/li>\n<li><strong>Rentable:<\/strong> Nuestro cilindro hidr\u00e1ulico ofrece un precio competitivo sin sacrificar la alta calidad. Sus bajos requisitos de mantenimiento y su larga vida \u00fatil tambi\u00e9n reducen los costos operativos para nuestros clientes.<\/li>\n<li><strong>Excelente servicio al cliente:<\/strong> En FMP, contamos con un equipo de representantes de ventas experimentados y profesionales que brindan asesor\u00eda experta sobre nuestros productos y sugerencias de compra inteligentes. Adem\u00e1s, contamos con un sistema de distribuci\u00f3n log\u00edstica eficiente que garantiza la entrega puntual y precisa de nuestros productos a nuestros clientes.<\/li>\n<\/ol>\n<p>Como empresa con una larga trayectoria en el sector, nos comprometemos a brindar a nuestros clientes los mejores productos y servicios. Con el cilindro hidr\u00e1ulico FMP, tendr\u00e1 la garant\u00eda de un sistema hidr\u00e1ulico fiable y de alto rendimiento para su maquinaria de construcci\u00f3n.<\/p>\n<p><img decoding=\"async\" src=\"https:\/\/fmp-components.com\/wp-content\/uploads\/2024\/12\/Adjustable-Clevis-Type-Cylinders-6.webp\" alt=\"Cilindro tipo horquilla ajustable\" width=\"801\" title=\"\">Autor: CX<\/p>","protected":false},"excerpt":{"rendered":"<p>Italy Factory Supply Agricultural Machinery Hydraulic Cylinders Snow Plow Hydraulic Cylinder Double Acting Italy Factory Supply Agricultural Machinery Hydraulic Cylinders Snow Plow Hydraulic Cylinder Double Acting is a high-quality and efficient hydraulic cylinder designed for agricultural machinery. It is specifically designed for snow plows and features a double-acting mechanism for enhanced functionality. This hydraulic cylinder [&hellip;]<\/p>","protected":false},"featured_media":1447,"comment_status":"closed","ping_status":"closed","template":"","meta":{"_et_pb_use_builder":"","_et_pb_old_content":"","_et_gb_content_width":""},"product_brand":[],"product_cat":[42],"product_tag":[34,44],"class_list":{"0":"post-1446","1":"product","2":"type-product","3":"status-publish","4":"has-post-thumbnail","6":"product_cat-snow-plow-hydraulic-cylinder","7":"product_tag-hydraulic-cylinder","8":"product_tag-snow-plow-hydraulic-cylinder","10":"first","11":"instock","12":"product-type-simple"},"_links":{"self":[{"href":"https:\/\/fmp-components.com\/es\/wp-json\/wp\/v2\/product\/1446","targetHints":{"allow":["GET"]}}],"collection":[{"href":"https:\/\/fmp-components.com\/es\/wp-json\/wp\/v2\/product"}],"about":[{"href":"https:\/\/fmp-components.com\/es\/wp-json\/wp\/v2\/types\/product"}],"replies":[{"embeddable":true,"href":"https:\/\/fmp-components.com\/es\/wp-json\/wp\/v2\/comments?post=1446"}],"wp:featuredmedia":[{"embeddable":true,"href":"https:\/\/fmp-components.com\/es\/wp-json\/wp\/v2\/media\/1447"}],"wp:attachment":[{"href":"https:\/\/fmp-components.com\/es\/wp-json\/wp\/v2\/media?parent=1446"}],"wp:term":[{"taxonomy":"product_brand","embeddable":true,"href":"https:\/\/fmp-components.com\/es\/wp-json\/wp\/v2\/product_brand?post=1446"},{"taxonomy":"product_cat","embeddable":true,"href":"https:\/\/fmp-components.com\/es\/wp-json\/wp\/v2\/product_cat?post=1446"},{"taxonomy":"product_tag","embeddable":true,"href":"https:\/\/fmp-components.com\/es\/wp-json\/wp\/v2\/product_tag?post=1446"}],"curies":[{"name":"gracias","href":"https:\/\/api.w.org\/{rel}","templated":true}]}}