{"id":1381,"date":"2024-12-23T02:19:41","date_gmt":"2024-12-23T02:19:41","guid":{"rendered":"https:\/\/fmp-components.com\/product\/factory-direct-sale-piston-adjustable-hydraulic-cylinder-for-tractor\/"},"modified":"2024-12-23T02:35:52","modified_gmt":"2024-12-23T02:35:52","slug":"factory-direct-sale-piston-adjustable-hydraulic-cylinder-for-tractor","status":"publish","type":"product","link":"https:\/\/fmp-components.com\/es\/product\/factory-direct-sale-piston-adjustable-hydraulic-cylinder-for-tractor\/","title":{"rendered":"Cilindro hidr\u00e1ulico ajustable con pist\u00f3n para tractor, venta directa de f\u00e1brica."},"content":{"rendered":"<p>Presentamos el cilindro hidr\u00e1ulico ajustable de pist\u00f3n para tractor, venta directa de f\u00e1brica:<\/p>\n<p>El cilindro hidr\u00e1ulico ajustable de pist\u00f3n para tractor, de venta directa de f\u00e1brica, es un producto vers\u00e1til y de alta calidad, dise\u00f1ado para satisfacer las necesidades hidr\u00e1ulicas de los tractores. Este cilindro hidr\u00e1ulico se fabrica con materiales de primera calidad y tecnolog\u00eda avanzada, lo que garantiza su durabilidad y fiabilidad en diversas aplicaciones.<\/p>\n<p>Gracias a su dise\u00f1o de pist\u00f3n, este cilindro hidr\u00e1ulico ofrece un excelente rendimiento y un control preciso. Su f\u00e1cil ajuste permite a los usuarios lograr la presi\u00f3n hidr\u00e1ulica deseada para diferentes tareas. Ya sea para levantar cargas pesadas o proporcionar estabilidad durante las operaciones con tractores, este cilindro hidr\u00e1ulico ofrece un funcionamiento suave y eficiente.<\/p>\n<p>El cilindro hidr\u00e1ulico ajustable de pist\u00f3n para tractor, de venta directa de f\u00e1brica, ofrece una excelente capacidad de sellado, minimizando el riesgo de fugas de aceite y manteniendo un rendimiento \u00f3ptimo a largo plazo. Su robusta construcci\u00f3n garantiza resistencia al desgaste, lo que le permite soportar las exigentes condiciones de trabajo en la agricultura y la construcci\u00f3n.<\/p>\n<p><img loading=\"lazy\" decoding=\"async\" class=\"alignnone size-full wp-image-1334\" src=\"https:\/\/fmp-components.com\/wp-content\/uploads\/2024\/12\/Adjustable-Clevis-Type-Cylinders-4.webp\" alt=\"Cilindros de tipo horquilla ajustable\" width=\"800\" height=\"800\" title=\"\" srcset=\"https:\/\/fmp-components.com\/wp-content\/uploads\/2024\/12\/Adjustable-Clevis-Type-Cylinders-4.webp 800w, https:\/\/fmp-components.com\/wp-content\/uploads\/2024\/12\/Adjustable-Clevis-Type-Cylinders-4-480x480.webp 480w\" sizes=\"(min-width: 0px) and (max-width: 480px) 480px, (min-width: 481px) 800px, 100vw\" \/><\/p>\n<p>Este cilindro hidr\u00e1ulico es f\u00e1cil de instalar y compatible con una amplia gama de modelos de tractores. Su dise\u00f1o compacto permite una integraci\u00f3n perfecta, optimizando el espacio y garantizando un funcionamiento sin complicaciones. Adem\u00e1s, ofrece diversas opciones de montaje, lo que proporciona flexibilidad para diferentes requisitos de instalaci\u00f3n.<\/p>\n<p>En resumen, el cilindro hidr\u00e1ulico ajustable de pist\u00f3n para tractor, de venta directa de f\u00e1brica, es un producto excepcional que combina durabilidad, precisi\u00f3n y versatilidad. Su rendimiento confiable y facilidad de uso lo convierten en la opci\u00f3n ideal para propietarios y operadores de tractores que buscan una soluci\u00f3n hidr\u00e1ulica de alta calidad.<\/p>\n<p>Presentamos nuestro nuevo cilindro hidr\u00e1ulico de pist\u00f3n ajustable para tractores, fabricado directamente de f\u00e1brica. Este producto es aplicable a diversas industrias, como talleres de reparaci\u00f3n de maquinaria, granjas, energ\u00eda y miner\u00eda, fabricaci\u00f3n de maquinaria y f\u00e1bricas de maquinaria. Cuenta con una estructura est\u00e1ndar, una fuente de energ\u00eda hidr\u00e1ulica, un cuerpo de acero, un empuje m\u00e1ximo de 3000 Nm y un cilindro de horquilla ajustable. Adem\u00e1s, proporcionamos videos de inspecci\u00f3n de salida e informes de pruebas de maquinaria, y ofrecemos una garant\u00eda de un a\u00f1o.<\/p>\n<h2>Tipos de productos, especificaciones, calidad de construcci\u00f3n y aplicaciones<\/h2>\n<p>Nuestros cilindros hidr\u00e1ulicos de pist\u00f3n ajustable est\u00e1n disponibles en una variedad de modelos, incluyendo cilindros de tirantes, soldados, telesc\u00f3picos, de simple y doble efecto. Esta amplia selecci\u00f3n garantiza que nuestros clientes encuentren el producto que mejor se adapte a sus necesidades.<\/p>\n<p>Las especificaciones detalladas de nuestro cilindro hidr\u00e1ulico de pist\u00f3n ajustable incluyen di\u00e1metro interior de 2 a 6 pulgadas, v\u00e1stago de 1,125 a 4 pulgadas, carrera de 4 a 100 pulgadas y pasador de 0,5 a 2 pulgadas, y est\u00e1 disponible en un elegante color negro. El cilindro tiene una fuerza de tiro m\u00e1xima de 20 toneladas y puertos que incluyen G\/SAE\/NPT\/M. Proporcionamos datos completos de rendimiento para garantizar que nuestros clientes est\u00e9n bien informados y puedan tomar las decisiones correctas.<\/p>\n<p>La calidad es nuestra m\u00e1xima prioridad, por lo que nuestros cilindros hidr\u00e1ulicos est\u00e1n fabricados con acero duradero. Adem\u00e1s, empleamos recubrimientos y tratamientos especiales para mejorar la durabilidad y el rendimiento, garantizando as\u00ed un producto fiable.<\/p>\n<p>Nuestros cilindros hidr\u00e1ulicos de pist\u00f3n ajustable tienen aplicaciones vers\u00e1tiles, desde maquinaria industrial y sistemas hidr\u00e1ulicos m\u00f3viles hasta equipos agr\u00edcolas y veh\u00edculos de construcci\u00f3n. Tambi\u00e9n se pueden personalizar para adaptarse a requisitos espec\u00edficos, ofreciendo soluciones adaptadas a las necesidades \u00fanicas de nuestros clientes.<\/p>\n<h2>Ventajas de los cilindros de tipo horquilla ajustable<\/h2>\n<p>Los cilindros de horquilla ajustables, como el cilindro hidr\u00e1ulico ajustable de pist\u00f3n para tractores, ofrecen numerosas ventajas y se utilizan ampliamente en diversas industrias. En este art\u00edculo, analizaremos en detalle las ventajas de estos cilindros.<\/p>\n<h3>1. Mayor flexibilidad y adaptabilidad<\/h3>\n<p>Una de las principales ventajas de los cilindros de horquilla ajustable es su capacidad para ofrecer mayor flexibilidad y adaptabilidad a diversas aplicaciones. Estos cilindros ofrecen soportes de horquilla ajustables, lo que facilita su montaje y desmontaje, as\u00ed como la posibilidad de ajustar la posici\u00f3n de montaje seg\u00fan las necesidades espec\u00edficas. Esta flexibilidad garantiza que el cilindro se integre f\u00e1cilmente en diferentes sistemas, lo que lo hace muy vers\u00e1til y adaptable.<\/p>\n<h3>2. Posicionamiento y control precisos<\/h3>\n<p>Los cilindros de horquilla ajustables permiten un posicionamiento y control precisos. Estos cilindros est\u00e1n equipados con pistones ajustables y soportes de horquilla, lo que permite ajustar con precisi\u00f3n la longitud de carrera y la posici\u00f3n de montaje. Este nivel de control garantiza movimientos precisos y exactos, lo que los hace ideales para aplicaciones que requieren un posicionamiento preciso, como la automatizaci\u00f3n industrial, la rob\u00f3tica y la manipulaci\u00f3n de materiales.<\/p>\n<h3>3. Rendimiento y eficiencia \u00f3ptimos<\/h3>\n<p>Los cilindros de horquilla ajustable est\u00e1n dise\u00f1ados para ofrecer un rendimiento y una eficiencia \u00f3ptimos. Su dise\u00f1o ajustable permite optimizar la longitud de carrera, lo que ayuda a alcanzar la fuerza y \u200b\u200bla velocidad deseadas para aplicaciones espec\u00edficas. Al ajustar con precisi\u00f3n la longitud de carrera, estos cilindros pueden operar con la m\u00e1xima eficiencia, lo que se traduce en ahorro de energ\u00eda y un mejor rendimiento general.<\/p>\n<h3>4. F\u00e1cil mantenimiento y facilidad de servicio<\/h3>\n<p>Otra ventaja de los cilindros de horquilla ajustable es su f\u00e1cil mantenimiento y servicio. Su dise\u00f1o ajustable facilita el acceso a diversos componentes, simplificando y haciendo m\u00e1s c\u00f3modas las tareas de inspecci\u00f3n, reparaci\u00f3n y reemplazo. Esto reduce el tiempo de inactividad y los costos de mantenimiento, garantizando que los cilindros puedan ser revisados \u200b\u200by puestos nuevamente en funcionamiento r\u00e1pidamente, minimizando as\u00ed las interrupciones en el flujo de trabajo.<\/p>\n<h3>5. Duradero y de larga duraci\u00f3n<\/h3>\n<p>Los cilindros de horquilla ajustable est\u00e1n dise\u00f1ados para soportar condiciones de operaci\u00f3n rigurosas y ofrecer un rendimiento duradero. Estos cilindros se fabrican con materiales de alta calidad y se someten a rigurosos procesos de control de calidad para garantizar su durabilidad y fiabilidad. Con un mantenimiento y cuidado adecuados, estos cilindros pueden soportar cargas pesadas, entornos hostiles y uso frecuente, ofreciendo una larga vida \u00fatil.<\/p>\n<p>En resumen, los cilindros de horquilla ajustables, como el cilindro hidr\u00e1ulico ajustable de pist\u00f3n para tractores (venta directa de f\u00e1brica), ofrecen varias ventajas que los hacen muy populares en diversas industrias. Su mayor flexibilidad, posicionamiento preciso, rendimiento \u00f3ptimo, f\u00e1cil mantenimiento y durabilidad los convierten en una opci\u00f3n confiable para aplicaciones que requieren sistemas hidr\u00e1ulicos adaptables y eficientes.<\/p>\n<p><img decoding=\"async\" src=\"https:\/\/fmp-components.com\/wp-content\/uploads\/2024\/12\/Adjustable-Clevis-Type-Cylinders5.webp\" alt=\"Cilindro tipo horquilla ajustable\" width=\"800\" title=\"\"><\/p>\n<h2>Aplicaci\u00f3n de cilindros de tipo horquilla ajustable<\/h2>\n<p>Los cilindros de horquilla ajustables son herramientas hidr\u00e1ulicas vers\u00e1tiles con una amplia gama de aplicaciones en diversas industrias. Se utilizan en m\u00e1quinas que requieren el movimiento de cargas pesadas con precisi\u00f3n y control. Estas son algunas de sus aplicaciones:<\/p>\n<h3>1. Maquinaria de construcci\u00f3n<\/h3>\n<p>Los cilindros de horquilla ajustables se utilizan com\u00fanmente en diversas m\u00e1quinas de construcci\u00f3n, como excavadoras, bulldozers y cargadoras. Son un componente esencial de estas m\u00e1quinas y se utilizan para controlar el movimiento del brazo, el cuchar\u00f3n y la cuchilla del equipo. Estos cilindros est\u00e1n dise\u00f1ados para manipular cargas pesadas y soportar las duras condiciones de las obras de construcci\u00f3n.<\/p>\n<p>En la industria de la construcci\u00f3n, los cilindros hidr\u00e1ulicos de pist\u00f3n ajustable para tractores, de venta directa de f\u00e1brica, tienen una gran demanda debido a su durabilidad y fiabilidad. Estos cilindros se fabrican con materiales de alta calidad y tecnolog\u00eda avanzada, lo que los convierte en la opci\u00f3n ideal para maquinaria de construcci\u00f3n.<\/p>\n<h3>2. Maquinaria agr\u00edcola<\/h3>\n<p>Maquinaria agr\u00edcola como tractores, arados y cosechadoras tambi\u00e9n utiliza cilindros de horquilla ajustables. Estos cilindros se utilizan para controlar el movimiento de cuchillas, rastrillos y otros equipos agr\u00edcolas. Los agricultores requieren equipos fiables y capaces de soportar cargas pesadas, por lo que los cilindros de horquilla ajustables son la opci\u00f3n ideal.<\/p>\n<p>Cilindros hidr\u00e1ulicos de pist\u00f3n ajustable para tractores, venta directa de f\u00e1brica, dise\u00f1ados espec\u00edficamente para maquinaria agr\u00edcola. Estos cilindros est\u00e1n fabricados para soportar las duras condiciones agr\u00edcolas y son duraderos.<\/p>\n<h3>3. Maquinaria industrial<\/h3>\n<p>En la industria manufacturera, los cilindros de horquilla ajustable se utilizan en diversas m\u00e1quinas, como prensas, m\u00e1quinas de estampaci\u00f3n y m\u00e1quinas de moldeo por inyecci\u00f3n. Estos cilindros controlan el movimiento de los componentes de la m\u00e1quina y garantizan precisi\u00f3n y exactitud.<\/p>\n<p>El cilindro hidr\u00e1ulico ajustable de pist\u00f3n para tractor, de venta directa de f\u00e1brica, tambi\u00e9n se utiliza en la industria manufacturera gracias a su alto rendimiento y fiabilidad. Estos cilindros se fabrican para satisfacer las exigentes necesidades de la maquinaria industrial.<\/p>\n<h3>4. Maquinaria minera<\/h3>\n<p>Los cilindros de horquilla ajustable tambi\u00e9n se utilizan en maquinaria minera, como perforadoras, excavadoras y palas. Estos cilindros controlan el movimiento del brazo, la cuchara y la pluma de la m\u00e1quina, lo que los convierte en un componente esencial de los equipos de miner\u00eda.<\/p>\n<p>El cilindro hidr\u00e1ulico ajustable de pist\u00f3n para tractor, de venta directa de f\u00e1brica, tambi\u00e9n se utiliza en maquinaria minera gracias a su durabilidad y fiabilidad. Estos cilindros est\u00e1n dise\u00f1ados para soportar las duras condiciones de la miner\u00eda y son duraderos.<\/p>\n<p>En conclusi\u00f3n, los cilindros de horquilla ajustables tienen una amplia gama de aplicaciones en diversas industrias. Ya sea en la construcci\u00f3n, la agricultura, la manufactura o la miner\u00eda, estos cilindros son un componente esencial de las m\u00e1quinas que requieren precisi\u00f3n, control y fiabilidad. El cilindro hidr\u00e1ulico ajustable de pist\u00f3n para tractores, de venta directa de f\u00e1brica, es la opci\u00f3n ideal para quienes buscan un cilindro hidr\u00e1ulico de alta calidad que satisfaga las exigencias de cualquier industria.<img decoding=\"async\" src=\"https:\/\/fmp-components.com\/wp-content\/uploads\/2024\/12\/Application-of-Adjustable-Clevis-Type-Cylinders.webp\" alt=\"Cilindro tipo horquilla ajustable\" width=\"800\" title=\"\"><\/p>\n<h3>Acerca de FMP<\/h3>\n<p>FMP es una empresa especializada en la producci\u00f3n y venta de cilindros hidr\u00e1ulicos. Con una larga experiencia en el sector y un equipo profesional, ofrecemos a nuestros clientes cilindros hidr\u00e1ulicos fiables y de alta calidad para maquinaria de construcci\u00f3n.<\/p>\n<p><img decoding=\"async\" src=\"https:\/\/fmp-components.com\/wp-content\/uploads\/2024\/12\/Adjustable-Clevis-Type-Cylinders-6.webp\" alt=\"Cilindro tipo horquilla ajustable\" width=\"843\" title=\"\"><\/p>\n<p>Aqu\u00ed hay cinco razones por las que deber\u00eda elegir nuestros cilindros hidr\u00e1ulicos:<\/p>\n<ol>\n<li><strong>Amplia gama de productos:<\/strong> Ofrecemos una amplia variedad de cilindros hidr\u00e1ulicos que satisfacen las diferentes necesidades de la industria de la maquinaria de construcci\u00f3n. Nuestra gama incluye cilindros de horquilla ajustable, cilindros soldados, cilindros de tirantes y m\u00e1s.<\/li>\n<li><strong>Calidad superior:<\/strong> Nos aseguramos de que todos nuestros cilindros hidr\u00e1ulicos cumplan con estrictos est\u00e1ndares de calidad. Cada cilindro se fabrica con precisi\u00f3n y atenci\u00f3n al detalle, garantizando un excelente rendimiento y durabilidad.<\/li>\n<li><strong>Rendimiento confiable:<\/strong> Nuestros cilindros hidr\u00e1ulicos est\u00e1n dise\u00f1ados para ofrecer un rendimiento constante y fiable, incluso en condiciones de trabajo exigentes. Est\u00e1n construidos para soportar cargas pesadas y garantizar un funcionamiento suave.<\/li>\n<li><strong>Equipo de ventas experto:<\/strong> Nuestro experimentado equipo de ventas cuenta con una amplia experiencia en la industria de la maquinaria de construcci\u00f3n y comprende las necesidades de los clientes. Ofrecen asesoramiento profesional sobre productos, responden a cualquier pregunta y ofrecen sugerencias de compra inteligentes.<\/li>\n<li><strong>Log\u00edstica eficiente:<\/strong> Contamos con un eficiente sistema de distribuci\u00f3n log\u00edstica para garantizar que reciba los cilindros hidr\u00e1ulicos que necesita de forma puntual y precisa. Entendemos la importancia de minimizar el tiempo de inactividad y nos esforzamos por ofrecer entregas puntuales.<\/li>\n<\/ol>\n<p>Elija FMP para obtener cilindros hidr\u00e1ulicos de alta calidad que satisfagan las necesidades de su maquinaria de construcci\u00f3n. Cont\u00e1ctenos hoy mismo para hablar sobre sus necesidades y permitir que nuestro equipo le ayude a encontrar la soluci\u00f3n perfecta para su cilindro hidr\u00e1ulico.<\/p>\n<h3>Preguntas frecuentes<\/h3>\n<p><b>P: \u00bfQu\u00e9 tipos de cilindros hidr\u00e1ulicos ofrecen?<\/b><br \/>\nR: Ofrecemos una variedad de tipos, incluidos cilindros con tirantes, soldados, telesc\u00f3picos, de simple y doble efecto.<\/p>\n<p><b>P: \u00bfCu\u00e1les son las especificaciones del cilindro hidr\u00e1ulico ajustable con pist\u00f3n?<\/b><br \/>\nR: El cilindro tiene un tama\u00f1o de orificio de 2 a 6 pulgadas, un tama\u00f1o de varilla de 1,125 a 4 pulgadas, un tama\u00f1o de carrera de 4 a 100 pulgadas, un tama\u00f1o de pasador de 0,5 a 2 pulgadas y viene en un elegante color negro.<\/p>\n<p><b>P: \u00bfSe pueden personalizar los cilindros hidr\u00e1ulicos para adaptarse a requisitos espec\u00edficos?<\/b><br \/>\nR: S\u00ed, nuestros cilindros hidr\u00e1ulicos ajustables con pist\u00f3n se pueden personalizar para adaptarse a las necesidades \u00fanicas de nuestros clientes.<\/p>\n<p>Autor: CX<\/p>","protected":false},"excerpt":{"rendered":"<p>Introducing Factory Direct Sale Piston Adjustable Hydraulic Cylinder for Tractor: The Factory Direct Sale Piston Adjustable Hydraulic Cylinder for Tractor is a high-quality and versatile product designed to meet the hydraulic needs of tractors. This hydraulic cylinder is manufactured using top-grade materials and advanced technology, ensuring its durability and reliability in various applications. With its [&hellip;]<\/p>","protected":false},"featured_media":1338,"comment_status":"closed","ping_status":"closed","template":"","meta":{"_et_pb_use_builder":"","_et_pb_old_content":"","_et_gb_content_width":""},"product_brand":[],"product_cat":[39],"product_tag":[41,34],"class_list":{"0":"post-1381","1":"product","2":"type-product","3":"status-publish","4":"has-post-thumbnail","6":"product_cat-adjustable-clevis-type-cylinders","7":"product_tag-adjustable-clevis-type-cylinders","8":"product_tag-hydraulic-cylinder","10":"first","11":"instock","12":"product-type-simple"},"_links":{"self":[{"href":"https:\/\/fmp-components.com\/es\/wp-json\/wp\/v2\/product\/1381","targetHints":{"allow":["GET"]}}],"collection":[{"href":"https:\/\/fmp-components.com\/es\/wp-json\/wp\/v2\/product"}],"about":[{"href":"https:\/\/fmp-components.com\/es\/wp-json\/wp\/v2\/types\/product"}],"replies":[{"embeddable":true,"href":"https:\/\/fmp-components.com\/es\/wp-json\/wp\/v2\/comments?post=1381"}],"wp:featuredmedia":[{"embeddable":true,"href":"https:\/\/fmp-components.com\/es\/wp-json\/wp\/v2\/media\/1338"}],"wp:attachment":[{"href":"https:\/\/fmp-components.com\/es\/wp-json\/wp\/v2\/media?parent=1381"}],"wp:term":[{"taxonomy":"product_brand","embeddable":true,"href":"https:\/\/fmp-components.com\/es\/wp-json\/wp\/v2\/product_brand?post=1381"},{"taxonomy":"product_cat","embeddable":true,"href":"https:\/\/fmp-components.com\/es\/wp-json\/wp\/v2\/product_cat?post=1381"},{"taxonomy":"product_tag","embeddable":true,"href":"https:\/\/fmp-components.com\/es\/wp-json\/wp\/v2\/product_tag?post=1381"}],"curies":[{"name":"gracias","href":"https:\/\/api.w.org\/{rel}","templated":true}]}}