{"id":1364,"date":"2024-12-23T02:18:57","date_gmt":"2024-12-23T02:18:57","guid":{"rendered":"https:\/\/fmp-components.com\/product\/hot-sale-adjustable-hydraulic-cylinder-for-agriculture-trailer\/"},"modified":"2024-12-23T03:02:39","modified_gmt":"2024-12-23T03:02:39","slug":"hot-sale-adjustable-hydraulic-cylinder-for-agriculture-trailer","status":"publish","type":"product","link":"https:\/\/fmp-components.com\/es\/product\/hot-sale-adjustable-hydraulic-cylinder-for-agriculture-trailer\/","title":{"rendered":"Cilindro hidr\u00e1ulico ajustable para remolque agr\u00edcola, gran oferta."},"content":{"rendered":"<p>El cilindro hidr\u00e1ulico ajustable para remolques agr\u00edcolas, en oferta, es un producto potente y vers\u00e1til dise\u00f1ado para satisfacer las necesidades de agricultores y otros profesionales del sector. Este cilindro hidr\u00e1ulico de alta calidad es ajustable, lo que permite su uso con una amplia gama de remolques e implementos. Gracias a su construcci\u00f3n robusta y caracter\u00edsticas avanzadas, es perfecto para diversas aplicaciones, desde arar campos hasta transportar cosechas.<\/p>\n<p>Una de las principales ventajas de este producto es su capacidad de adaptarse a diferentes tama\u00f1os y pesos de remolque. Esto lo hace ideal para agricultores que necesitan un cilindro que pueda manejar una variedad de tareas y aplicaciones. Adem\u00e1s, el cilindro hidr\u00e1ulico ajustable para remolque agr\u00edcola, en oferta, est\u00e1 dise\u00f1ado para ser f\u00e1cil de instalar y usar, con controles intuitivos e instrucciones claras que facilitan su manejo incluso para usuarios principiantes.<\/p>\n<p><img loading=\"lazy\" decoding=\"async\" class=\"alignnone size-full wp-image-1334\" src=\"https:\/\/fmp-components.com\/wp-content\/uploads\/2024\/12\/Adjustable-Clevis-Type-Cylinders-4.webp\" alt=\"Cilindros de tipo horquilla ajustable\" width=\"800\" height=\"800\" title=\"\" srcset=\"https:\/\/fmp-components.com\/wp-content\/uploads\/2024\/12\/Adjustable-Clevis-Type-Cylinders-4.webp 800w, https:\/\/fmp-components.com\/wp-content\/uploads\/2024\/12\/Adjustable-Clevis-Type-Cylinders-4-480x480.webp 480w\" sizes=\"(min-width: 0px) and (max-width: 480px) 480px, (min-width: 481px) 800px, 100vw\" \/><\/p>\n<p>&nbsp;<\/p>\n<table style=\"width: 100%;\" border=\"1\" width=\"100%\" cellspacing=\"0\" cellpadding=\"0\">\n<tbody>\n<tr>\n<th>Nombre del producto<\/th>\n<td>Cilindro hidr\u00e1ulico ajustable para remolques agr\u00edcolas<\/td>\n<\/tr>\n<tr>\n<th>Estado de ventas<\/th>\n<td>\u00a1Oferta especial!<\/td>\n<\/tr>\n<tr>\n<th>Garant\u00eda<\/th>\n<td>1 a\u00f1o<\/td>\n<\/tr>\n<tr>\n<th>Industrias aplicables<\/th>\n<td>Talleres de reparaci\u00f3n de maquinaria, explotaciones agr\u00edcolas, energ\u00eda y miner\u00eda, fabricaci\u00f3n de maquinaria<\/td>\n<\/tr>\n<tr>\n<th>Fuerza<\/th>\n<td>Hidr\u00e1ulico<\/td>\n<\/tr>\n<tr>\n<th>Estructura<\/th>\n<td>Est\u00e1ndar<\/td>\n<\/tr>\n<tr>\n<th>Material del cuerpo<\/th>\n<td>Acero resistente<\/td>\n<\/tr>\n<tr>\n<th>Empuje m\u00e1ximo<\/th>\n<td>3000<\/td>\n<\/tr>\n<tr>\n<th>Tipo<\/th>\n<td>Tipo de horquilla ajustable<\/td>\n<\/tr>\n<tr>\n<th>Proceso de dar un t\u00edtulo<\/th>\n<td>ISO9001:2000<\/td>\n<\/tr>\n<tr>\n<th>Tama\u00f1o del orificio<\/th>\n<td>2 \u2013 6 pulgadas<\/td>\n<\/tr>\n<tr>\n<th>Tama\u00f1o de la varilla<\/th>\n<td>1,125 \u2013 4 pulgadas<\/td>\n<\/tr>\n<tr>\n<th>Tama\u00f1o del trazo<\/th>\n<td>4 \u2013 100 pulgadas<\/td>\n<\/tr>\n<tr>\n<th>Tama\u00f1o del pin<\/th>\n<td>0,5 \u2013 2 pulgadas<\/td>\n<\/tr>\n<tr>\n<th>Color<\/th>\n<td>Negro<\/td>\n<\/tr>\n<tr>\n<th>Detalles del embalaje<\/th>\n<td>Caja de hierro, caja de madera contrachapada o caja de cart\u00f3n<\/td>\n<\/tr>\n<\/tbody>\n<\/table>\n<h2>Ventajas de los cilindros de tipo horquilla ajustable<\/h2>\n<p>Los cilindros de horquilla ajustable son una opci\u00f3n popular en la industria de cilindros hidr\u00e1ulicos debido a sus numerosas ventajas en rendimiento y versatilidad. Estas son algunas de las principales ventajas de usar cilindros de horquilla ajustable:<\/p>\n<h3>1. Versatilidad<\/h3>\n<p>Una de las ventajas m\u00e1s importantes de los cilindros de horquilla ajustables es su versatilidad. Estos cilindros se pueden utilizar en una amplia gama de aplicaciones, como la agricultura, la construcci\u00f3n, la miner\u00eda y la fabricaci\u00f3n. Son id\u00f3neos para aplicaciones de alta exigencia que requieren un alto nivel de durabilidad, resistencia y precisi\u00f3n.<\/p>\n<p>En agricultura, los cilindros de horquilla ajustables son especialmente \u00fatiles para remolques que transportan cargas pesadas. El cilindro hidr\u00e1ulico ajustable para remolques agr\u00edcolas, en oferta, es un excelente ejemplo de c\u00f3mo estos cilindros pueden mejorar el rendimiento de la maquinaria agr\u00edcola.<\/p>\n<h3>2. Personalizaci\u00f3n<\/h3>\n<p>Otra ventaja de los cilindros de horquilla ajustable es su capacidad de personalizaci\u00f3n. Estos cilindros se pueden adaptar a requisitos espec\u00edficos en cuanto a tama\u00f1o, presi\u00f3n y longitud de carrera. Esto los hace ideales para aplicaciones en las que un cilindro est\u00e1ndar no ser\u00eda adecuado.<\/p>\n<h3>3. Alto rendimiento<\/h3>\n<p>Los cilindros de horquilla ajustables est\u00e1n dise\u00f1ados para ofrecer un alto rendimiento en t\u00e9rminos de velocidad, precisi\u00f3n y potencia. Son capaces de proporcionar un rendimiento constante y fiable incluso en condiciones adversas, lo que los hace ideales para aplicaciones de alta exigencia.<\/p>\n<h3>4. Durabilidad<\/h3>\n<p>Los cilindros de horquilla ajustables est\u00e1n dise\u00f1ados para durar. Fabricados con materiales de alta calidad, soportan temperaturas extremas, presi\u00f3n y desgaste. Con un mantenimiento adecuado, pueden durar muchos a\u00f1os, lo que los convierte en una opci\u00f3n rentable.<\/p>\n<h3>5. Bajo mantenimiento<\/h3>\n<p>Los cilindros de horquilla ajustables requieren un mantenimiento m\u00ednimo, lo que los convierte en una opci\u00f3n atractiva para las empresas que buscan reducir el tiempo de inactividad y los costos operativos. Con inspecciones regulares y un mantenimiento b\u00e1sico, estos cilindros pueden funcionar a pleno rendimiento durante largos per\u00edodos.<\/p>\n<p>En conclusi\u00f3n, los cilindros de horquilla ajustables ofrecen numerosas ventajas en cuanto a rendimiento, versatilidad, opciones de personalizaci\u00f3n, durabilidad y bajo mantenimiento. Con el cilindro hidr\u00e1ulico ajustable de gran venta para remolques agr\u00edcolas, estos cilindros pueden utilizarse para mejorar el rendimiento de la maquinaria agr\u00edcola y aumentar la productividad en el sector agr\u00edcola.<img decoding=\"async\" src=\"https:\/\/fmp-components.com\/wp-content\/uploads\/2024\/12\/Adjustable-Clevis-Type-Cylinders5.webp\" alt=\"Cilindro tipo horquilla ajustable\" width=\"800\" title=\"\"><\/p>\n<h2>Aplicaci\u00f3n de cilindros de tipo horquilla ajustable<\/h2>\n<p>Los cilindros de horquilla ajustables, como el popular cilindro hidr\u00e1ulico ajustable para remolques agr\u00edcolas, tienen una amplia gama de aplicaciones en diversas industrias. Estos cilindros vers\u00e1tiles ofrecen caracter\u00edsticas y ventajas \u00fanicas que los convierten en un componente esencial de muchos sistemas hidr\u00e1ulicos.<\/p>\n<h3>1. Control de precisi\u00f3n<\/h3>\n<p>Una de las principales ventajas de los cilindros de horquilla ajustables es su capacidad para proporcionar un control preciso del movimiento y la posici\u00f3n de las cargas. Esto resulta crucial en aplicaciones que requieren movimientos precisos, como en remolques agr\u00edcolas. El dise\u00f1o ajustable permite a los usuarios regular con precisi\u00f3n la longitud de la carrera del cilindro, ofreciendo mayor control y exactitud.<\/p>\n<h3>2. Mayor flexibilidad<\/h3>\n<p>Los cilindros de horquilla ajustable est\u00e1n dise\u00f1ados para una f\u00e1cil regulaci\u00f3n, lo que los hace altamente flexibles y adaptables a diferentes condiciones de funcionamiento. Esta flexibilidad permite modificaciones r\u00e1pidas y sencillas de la longitud del cilindro, ofreciendo una soluci\u00f3n rentable para diversas aplicaciones. Ya sea para adaptarse a diferentes cargas o a cambios en los requisitos operativos, estos cilindros ofrecen la flexibilidad necesaria.<\/p>\n<h3>3. Mayor eficiencia<\/h3>\n<p>Mediante el uso de cilindros de horquilla ajustables, los usuarios pueden optimizar la eficiencia de sus sistemas hidr\u00e1ulicos. La posibilidad de ajustar la longitud de la carrera permite una mejor distribuci\u00f3n de la carga y un rendimiento general superior del sistema. Esta mayor eficiencia se traduce en un menor consumo de energ\u00eda, menores costos operativos y una mayor productividad en diversas aplicaciones, como remolques agr\u00edcolas.<\/p>\n<h3>4. Durabilidad y fiabilidad<\/h3>\n<p>Los cilindros ajustables de tipo horquilla est\u00e1n dise\u00f1ados para soportar condiciones de trabajo exigentes. Fabricados con materiales de alta calidad, ofrecen una durabilidad y fiabilidad excelentes, garantizando su larga vida \u00fatil incluso en entornos adversos. Esto los hace ideales para aplicaciones de alta exigencia, como remolques agr\u00edcolas sometidos a un uso constante y a condiciones adversas.<\/p>\n<h3>5. Caracter\u00edsticas de seguridad<\/h3>\n<p>La seguridad es primordial en cualquier sistema hidr\u00e1ulico. Los cilindros de horquilla ajustables incorporan diversas caracter\u00edsticas de seguridad para garantizar la protecci\u00f3n tanto del equipo como del personal. Estos cilindros suelen incluir v\u00e1lvulas de alivio de presi\u00f3n integradas, que evitan sobrecargas y posibles da\u00f1os al sistema. Adem\u00e1s, pueden equiparse con mecanismos de bloqueo para fijar el cilindro en una posici\u00f3n espec\u00edfica, lo que aumenta a\u00fan m\u00e1s la seguridad.<\/p>\n<p>En conclusi\u00f3n, la aplicaci\u00f3n de cilindros de horquilla ajustables, como el popular cilindro hidr\u00e1ulico ajustable para remolques agr\u00edcolas, ofrece numerosas ventajas en cuanto a precisi\u00f3n de control, flexibilidad, eficiencia, durabilidad y seguridad. Estos cilindros constituyen una soluci\u00f3n esencial para diversos sectores, incluida la agricultura, donde el control preciso del movimiento y la adaptabilidad son cruciales. La integraci\u00f3n de estos cilindros en sistemas hidr\u00e1ulicos puede mejorar el rendimiento, reducir costes y aumentar la productividad general.<\/p>\n<p><img decoding=\"async\" src=\"https:\/\/fmp-components.com\/wp-content\/uploads\/2024\/12\/Application-of-Adjustable-Clevis-Type-Cylinders.webp\" alt=\"Cilindro tipo horquilla ajustable\" width=\"800\" title=\"\"><\/p>\n<h3>Acerca de FMP<\/h3>\n<p>FMP es una empresa especializada en la producci\u00f3n y venta de cilindros hidr\u00e1ulicos. Como l\u00edderes en el sector de la maquinaria de construcci\u00f3n, nos dedicamos a ofrecer a nuestros clientes soluciones de cilindros hidr\u00e1ulicos fiables y de alta calidad.<\/p>\n<p><img decoding=\"async\" src=\"https:\/\/fmp-components.com\/wp-content\/uploads\/2024\/12\/Adjustable-Clevis-Type-Cylinders-6.webp\" alt=\"Cilindro tipo horquilla ajustable\" width=\"826\" title=\"\"><\/p>\n<p>Estas son cinco ventajas clave de nuestros cilindros hidr\u00e1ulicos:<\/p>\n<ol>\n<li>Resistentes y duraderos: Nuestros cilindros hidr\u00e1ulicos est\u00e1n dise\u00f1ados para soportar aplicaciones de alta exigencia y entornos de trabajo adversos. Est\u00e1n fabricados con materiales de alta calidad y dise\u00f1ados para garantizar un rendimiento duradero.<\/li>\n<li>Precisi\u00f3n y eficiencia: Nuestros cilindros hidr\u00e1ulicos est\u00e1n dise\u00f1ados pensando en la precisi\u00f3n y la eficiencia. Proporcionan un movimiento suave y preciso, lo que permite un control y un funcionamiento \u00f3ptimos.<\/li>\n<li>Amplia gama de opciones: Ofrecemos una amplia gama de cilindros hidr\u00e1ulicos para satisfacer diferentes necesidades. Desde cilindros de horquilla ajustables hasta cilindros telesc\u00f3picos de doble efecto, tenemos la soluci\u00f3n adecuada para diversas aplicaciones.<\/li>\n<li>Est\u00e1ndares de calidad rigurosos: En FMP, hemos establecido alianzas a largo plazo con proveedores de renombre para garantizar que todos nuestros cilindros hidr\u00e1ulicos cumplan con los m\u00e1s altos est\u00e1ndares de calidad. Nuestro compromiso con la calidad garantiza la fiabilidad y el rendimiento de nuestros productos.<\/li>\n<li>Asesoramiento y soporte experto: Nuestro experimentado equipo de ventas conoce a fondo el sector de la maquinaria de construcci\u00f3n. Poseen un profundo conocimiento de los cilindros hidr\u00e1ulicos y pueden ofrecerle asesoramiento profesional para ayudarle a elegir el producto adecuado para sus necesidades espec\u00edficas.<\/li>\n<\/ol>\n<p>Con FMP, puede tener la seguridad de que obtendr\u00e1 cilindros hidr\u00e1ulicos de primera calidad que ofrecen un rendimiento y una fiabilidad excepcionales. Cont\u00e1ctenos hoy mismo para hablar sobre sus necesidades de cilindros hidr\u00e1ulicos y perm\u00edtanos ser su socio de confianza en la industria de la maquinaria de construcci\u00f3n.<\/p>\n<h2>Preguntas frecuentes<\/h2>\n<p><strong>P: \u00bfQu\u00e9 tipos de cilindros hidr\u00e1ulicos ofrece FMP?<\/strong><br \/>\nA: FMP ofrece varios tipos de cilindros hidr\u00e1ulicos, incluidos cilindros de tirantes, soldados, telesc\u00f3picos, de simple y doble efecto.<\/p>\n<p><img decoding=\"async\" src=\"https:\/\/img.jiansujichilun.com\/img\/hydrauliccylinders\/C_hydrauliccylinders-1.webp\" alt=\"cilindro hidr\u00e1ulico\" width=\"800\" title=\"\"><\/p>\n<p><strong>P: \u00bfSe pueden personalizar los cilindros hidr\u00e1ulicos seg\u00fan requisitos espec\u00edficos?<\/strong><br \/>\nR: S\u00ed, FMP ofrece opciones de personalizaci\u00f3n, lo que permite a los clientes obtener cilindros adaptados a sus necesidades espec\u00edficas.<\/p>\n<p><strong>P: \u00bfQu\u00e9 tipo de asistencia ofrece FMP para la instalaci\u00f3n y el mantenimiento?<\/strong><br \/>\nA: FMP ofrece orientaci\u00f3n sobre procedimientos de instalaci\u00f3n, consejos de mantenimiento y mejores pr\u00e1cticas para garantizar la longevidad y el rendimiento \u00f3ptimo de los cilindros.<\/p>\n<p>Autor: CX<\/p>","protected":false},"excerpt":{"rendered":"<p>Hot Sale Adjustable Hydraulic Cylinder for Agriculture Trailer is a powerful and versatile product designed to meet the needs of farmers and other agricultural professionals. This high-quality hydraulic cylinder is adjustable, allowing it to work with a range of different trailers and implements. With its durable construction and advanced features, it is perfect for use [&hellip;]<\/p>","protected":false},"featured_media":1340,"comment_status":"closed","ping_status":"closed","template":"","meta":{"_et_pb_use_builder":"","_et_pb_old_content":"","_et_gb_content_width":""},"product_brand":[],"product_cat":[39],"product_tag":[41,34],"class_list":{"0":"post-1364","1":"product","2":"type-product","3":"status-publish","4":"has-post-thumbnail","6":"product_cat-adjustable-clevis-type-cylinders","7":"product_tag-adjustable-clevis-type-cylinders","8":"product_tag-hydraulic-cylinder","10":"first","11":"instock","12":"product-type-simple"},"_links":{"self":[{"href":"https:\/\/fmp-components.com\/es\/wp-json\/wp\/v2\/product\/1364","targetHints":{"allow":["GET"]}}],"collection":[{"href":"https:\/\/fmp-components.com\/es\/wp-json\/wp\/v2\/product"}],"about":[{"href":"https:\/\/fmp-components.com\/es\/wp-json\/wp\/v2\/types\/product"}],"replies":[{"embeddable":true,"href":"https:\/\/fmp-components.com\/es\/wp-json\/wp\/v2\/comments?post=1364"}],"wp:featuredmedia":[{"embeddable":true,"href":"https:\/\/fmp-components.com\/es\/wp-json\/wp\/v2\/media\/1340"}],"wp:attachment":[{"href":"https:\/\/fmp-components.com\/es\/wp-json\/wp\/v2\/media?parent=1364"}],"wp:term":[{"taxonomy":"product_brand","embeddable":true,"href":"https:\/\/fmp-components.com\/es\/wp-json\/wp\/v2\/product_brand?post=1364"},{"taxonomy":"product_cat","embeddable":true,"href":"https:\/\/fmp-components.com\/es\/wp-json\/wp\/v2\/product_cat?post=1364"},{"taxonomy":"product_tag","embeddable":true,"href":"https:\/\/fmp-components.com\/es\/wp-json\/wp\/v2\/product_tag?post=1364"}],"curies":[{"name":"gracias","href":"https:\/\/api.w.org\/{rel}","templated":true}]}}