{"id":1345,"date":"2024-12-23T02:18:07","date_gmt":"2024-12-23T02:18:07","guid":{"rendered":"https:\/\/fmp-components.com\/product\/high-quality-double-acting-welded-hydraulic-cylinders-for-sale\/"},"modified":"2024-12-23T03:39:35","modified_gmt":"2024-12-23T03:39:35","slug":"high-quality-double-acting-welded-hydraulic-cylinders-for-sale","status":"publish","type":"product","link":"https:\/\/fmp-components.com\/es\/product\/high-quality-double-acting-welded-hydraulic-cylinders-for-sale\/","title":{"rendered":"Cilindros hidr\u00e1ulicos soldados de doble efecto de alta calidad en venta"},"content":{"rendered":"<h2>Cilindros hidr\u00e1ulicos soldados de doble efecto de alta calidad a la venta.<\/h2>\n<p>Nuestros cilindros hidr\u00e1ulicos soldados de doble efecto de alta calidad son la soluci\u00f3n perfecta para todas sus necesidades de potencia hidr\u00e1ulica. Est\u00e1n dise\u00f1ados para ofrecer un rendimiento y una fiabilidad excepcionales en una amplia gama de aplicaciones.<\/p>\n<p>Gracias a su dise\u00f1o de doble efecto, nuestros cilindros hidr\u00e1ulicos ofrecen una funcionalidad y versatilidad superiores. Pueden ejercer fuerza en ambas direcciones, lo que permite una operaci\u00f3n eficiente y un control preciso. Ya sea que necesite levantar cargas pesadas, mover maquinaria o impulsar sistemas hidr\u00e1ulicos, nuestros cilindros lo cubren.<\/p>\n<p>Dise\u00f1ados pensando en la durabilidad, nuestros cilindros hidr\u00e1ulicos est\u00e1n fabricados con materiales de alta calidad y se someten a rigurosas pruebas para garantizar un rendimiento duradero. La construcci\u00f3n soldada les aporta mayor resistencia y estabilidad, lo que les permite soportar un uso intensivo y condiciones extremas. Puede confiar en que nuestros cilindros le proporcionar\u00e1n una potencia hidr\u00e1ulica constante y fiable cuando m\u00e1s la necesite.<\/p>\n<p><img loading=\"lazy\" decoding=\"async\" class=\"alignnone size-full wp-image-1334\" src=\"https:\/\/fmp-components.com\/wp-content\/uploads\/2024\/12\/Adjustable-Clevis-Type-Cylinders-4.webp\" alt=\"Cilindros de tipo horquilla ajustable\" width=\"800\" height=\"800\" title=\"\" srcset=\"https:\/\/fmp-components.com\/wp-content\/uploads\/2024\/12\/Adjustable-Clevis-Type-Cylinders-4.webp 800w, https:\/\/fmp-components.com\/wp-content\/uploads\/2024\/12\/Adjustable-Clevis-Type-Cylinders-4-480x480.webp 480w\" sizes=\"(min-width: 0px) and (max-width: 480px) 480px, (min-width: 481px) 800px, 100vw\" \/><\/p>\n<p>Nuestros cilindros hidr\u00e1ulicos soldados de doble efecto son f\u00e1ciles de instalar y mantener. Ofrecen diversas opciones de montaje para adaptarse a sus necesidades espec\u00edficas. Con un cuidado adecuado y un mantenimiento regular, estos cilindros le brindar\u00e1n a\u00f1os de servicio sin problemas.<\/p>\n<p>Ya sea que trabaje en la construcci\u00f3n, la agricultura o la manufactura, nuestros cilindros hidr\u00e1ulicos soldados de doble efecto de alta calidad son la opci\u00f3n ideal para sus necesidades de potencia hidr\u00e1ulica. No se conforme con menos que lo mejor. Invierta en nuestros cilindros y experimente el rendimiento y la confiabilidad que merece.<\/p>\n<table style=\"width: 100%;\" border=\"1\" width=\"100%\" cellspacing=\"0\" cellpadding=\"0\">\n<tbody>\n<tr>\n<th>Nombre del producto<\/th>\n<td>Nuevos cilindros hidr\u00e1ulicos soldados de doble efecto<\/td>\n<\/tr>\n<tr>\n<th>Garant\u00eda<\/th>\n<td>1 a\u00f1o<\/td>\n<\/tr>\n<tr>\n<th>Industrias aplicables<\/th>\n<td>Talleres de reparaci\u00f3n de maquinaria, granjas, energ\u00eda y miner\u00eda, fabricaci\u00f3n de maquinaria, f\u00e1bricas de maquinaria<\/td>\n<\/tr>\n<tr>\n<th>Peso (KG)<\/th>\n<td>30<\/td>\n<\/tr>\n<tr>\n<th>Inspecci\u00f3n de salida por v\u00eddeo<\/th>\n<td>Proporcion\u00f3<\/td>\n<\/tr>\n<tr>\n<th>Informe de prueba de maquinaria<\/th>\n<td>Proporcion\u00f3<\/td>\n<\/tr>\n<tr>\n<th>Tipo de marketing<\/th>\n<td>Nuevo producto 2023<\/td>\n<\/tr>\n<tr>\n<th>Garant\u00eda de los componentes principales<\/th>\n<td>1 a\u00f1o<\/td>\n<\/tr>\n<tr>\n<th>Componentes principales<\/th>\n<td>Cojinetes, cilindros hidr\u00e1ulicos<\/td>\n<\/tr>\n<tr>\n<th>Estructura<\/th>\n<td>Cilindro de pist\u00f3n<\/td>\n<\/tr>\n<tr>\n<th>Fuerza<\/th>\n<td>Hidr\u00e1ulico<\/td>\n<\/tr>\n<tr>\n<th>Material del cuerpo<\/th>\n<td>Acero resistente<\/td>\n<\/tr>\n<tr>\n<th>Empuje m\u00e1ximo<\/th>\n<td>3000<\/td>\n<\/tr>\n<tr>\n<th>Tipo<\/th>\n<td>Cilindro tipo horquilla ajustable<\/td>\n<\/tr>\n<tr>\n<th>Puertos<\/th>\n<td>G\/SAE\/NPT\/M<\/td>\n<\/tr>\n<tr>\n<th>M\u00e1xima tracci\u00f3n<\/th>\n<td>20 toneladas<\/td>\n<\/tr>\n<tr>\n<th>Proceso de dar un t\u00edtulo<\/th>\n<td>ISO 9001:2000<\/td>\n<\/tr>\n<tr>\n<th>Tama\u00f1o del orificio<\/th>\n<td>2 \u2013 6 pulgadas<\/td>\n<\/tr>\n<tr>\n<th>Tama\u00f1o de la varilla<\/th>\n<td>1,125 \u2013 4 pulgadas<\/td>\n<\/tr>\n<tr>\n<th>Tama\u00f1o del trazo<\/th>\n<td>4 \u2013 100 pulgadas<\/td>\n<\/tr>\n<tr>\n<th>Tama\u00f1o del pin<\/th>\n<td>0,5 \u2013 2 pulgadas<\/td>\n<\/tr>\n<tr>\n<th>Color<\/th>\n<td>Negro<\/td>\n<\/tr>\n<\/tbody>\n<\/table>\n<h2>Explorando los cilindros hidr\u00e1ulicos soldados de doble efecto<\/h2>\n<p>El producto es esencialmente un cilindro hidr\u00e1ulico de doble efecto, lo que significa que utiliza potencia hidr\u00e1ulica para extender y retraer el v\u00e1stago del pist\u00f3n, lo que permite un movimiento y control precisos. Este tipo de cilindros se utilizan com\u00fanmente en maquinaria industrial y sistemas hidr\u00e1ulicos m\u00f3viles, as\u00ed como en equipos agr\u00edcolas y veh\u00edculos de construcci\u00f3n debido a su alta potencia y durabilidad.<\/p>\n<p>Nuestros cilindros cuentan con especificaciones y datos de rendimiento impresionantes. Con di\u00e1metros de 2 a 6 pulgadas, v\u00e1stagos de 1,125 a 4 pulgadas, carreras de 4 a 100 pulgadas y pasadores de 0,5 a 2 pulgadas, estos cilindros est\u00e1n dise\u00f1ados para diversas tareas de alta resistencia. Son capaces de ejercer un empuje m\u00e1ximo de 3000 y tirar de un m\u00e1ximo de 20 toneladas, lo que los convierte en una potente incorporaci\u00f3n a cualquier maquinaria.<\/p>\n<p>Los cilindros hidr\u00e1ulicos de doble efecto est\u00e1n fabricados con acero de alta calidad, lo que garantiza su durabilidad y longevidad. Adem\u00e1s, su color negro les confiere resistencia a la corrosi\u00f3n, lo que aumenta a\u00fan m\u00e1s la vida \u00fatil y el rendimiento del producto.<\/p>\n<p>Para quienes requieren una soluci\u00f3n m\u00e1s personalizada, ofrecemos opciones de personalizaci\u00f3n para nuestros cilindros hidr\u00e1ulicos. Ya sea que necesite un di\u00e1metro, v\u00e1stago o carrera espec\u00edficos, podemos adaptarnos a sus necesidades para garantizar un rendimiento \u00f3ptimo.<\/p>\n<h2>Ventajas de los cilindros de tipo horquilla ajustable<\/h2>\n<p>Los cilindros de horquilla ajustable, como los cilindros hidr\u00e1ulicos soldados de doble efecto de alta calidad disponibles en el mercado, ofrecen diversas ventajas en diversas aplicaciones. Estos cilindros est\u00e1n dise\u00f1ados con precisi\u00f3n y experiencia para brindar un rendimiento y una fiabilidad superiores. En este art\u00edculo, exploraremos las caracter\u00edsticas y ventajas \u00fanicas de los cilindros de horquilla ajustable.<\/p>\n<p>1. Mayor flexibilidad y adaptabilidad<\/p>\n<p>Los cilindros de horquilla ajustable son conocidos por su excepcional flexibilidad y capacidad de ajuste. Gracias a la posibilidad de modificar la longitud del cilindro y la posici\u00f3n de la horquilla, estos cilindros se pueden personalizar f\u00e1cilmente para satisfacer requisitos espec\u00edficos. Esta flexibilidad permite una integraci\u00f3n perfecta en diferentes sistemas y garantiza un rendimiento \u00f3ptimo en diversas aplicaciones.<\/p>\n<p>2. Mayor capacidad de manejo de carga<\/p>\n<p>Una de las principales ventajas de los cilindros de horquilla ajustable es su capacidad para manipular cargas pesadas con facilidad. Estos cilindros est\u00e1n dise\u00f1ados para soportar altas presiones y ofrecer una robusta capacidad de elevaci\u00f3n. Su avanzado dise\u00f1o y construcci\u00f3n les permiten manipular cargas extremas sin comprometer el rendimiento ni la seguridad.<\/p>\n<p>3. Posicionamiento y control precisos<\/p>\n<p>Los cilindros de horquilla ajustables se destacan por su precisi\u00f3n de posicionamiento y control. Gracias a sus sistemas hidr\u00e1ulicos de ajuste preciso, estos cilindros ofrecen un movimiento preciso y suave, lo que permite un control preciso de la carga. Este nivel de control es crucial en aplicaciones que requieren un posicionamiento preciso, como en equipos de manipulaci\u00f3n de materiales o maquinaria industrial.<\/p>\n<p>4. Durabilidad y longevidad excepcionales<\/p>\n<p>Los cilindros hidr\u00e1ulicos soldados de doble efecto de alta calidad, incluidos los de horquilla ajustable, est\u00e1n dise\u00f1ados para durar. Estos cilindros est\u00e1n fabricados con materiales duraderos y se someten a rigurosos controles de calidad para garantizar su durabilidad y fiabilidad. Est\u00e1n dise\u00f1ados para soportar condiciones de funcionamiento rigurosas, como temperaturas extremas, cargas pesadas y uso frecuente, sin comprometer su rendimiento ni su integridad estructural.<\/p>\n<p>5. Mayor eficiencia y rendimiento<\/p>\n<p>Los cilindros de horquilla ajustable contribuyen a mejorar la eficiencia y el rendimiento en diversos sistemas y aplicaciones. Al proporcionar un control preciso y un funcionamiento fiable, estos cilindros ayudan a optimizar los procesos y la productividad. Su capacidad para soportar cargas pesadas y adaptarse a diferentes requisitos garantiza un funcionamiento fluido y eficiente, ahorrando tiempo y reduciendo los tiempos de inactividad.<\/p>\n<p>En conclusi\u00f3n, los cilindros de horquilla ajustable, como los cilindros hidr\u00e1ulicos soldados de doble efecto de alta calidad disponibles en el mercado, ofrecen diversas ventajas en cuanto a flexibilidad, capacidad de manejo de carga, posicionamiento, durabilidad y eficiencia. Estos cilindros est\u00e1n dise\u00f1ados para cumplir con los m\u00e1s altos est\u00e1ndares de rendimiento y confiabilidad, lo que los convierte en una excelente opci\u00f3n para una amplia gama de aplicaciones. Ya sea en equipos de manejo de materiales, maquinaria industrial u otros sistemas hidr\u00e1ulicos, los cilindros de horquilla ajustable proporcionan la versatilidad y el rendimiento necesarios para obtener resultados \u00f3ptimos.<img decoding=\"async\" src=\"https:\/\/fmp-components.com\/wp-content\/uploads\/2024\/12\/Adjustable-Clevis-Type-Cylinders5.webp\" alt=\"Cilindro tipo horquilla ajustable\" width=\"800\" title=\"\"><\/p>\n<h2>Aplicaci\u00f3n de cilindros de tipo horquilla ajustable<\/h2>\n<p>Los cilindros de horquilla ajustable son componentes hidr\u00e1ulicos vers\u00e1tiles que se utilizan en diversas industrias. Estas son algunas de las aplicaciones m\u00e1s comunes de estos cilindros:<\/p>\n<ul>\n<li><strong>Fabricaci\u00f3n:<\/strong> Los cilindros de horquilla ajustable se utilizan ampliamente en procesos de fabricaci\u00f3n como estampaci\u00f3n, conformado de metales y mecanizado de herramientas. Sirven para aplicar fuerza, sujetar piezas en su lugar y controlar el movimiento. Los cilindros hidr\u00e1ulicos soldados de doble efecto de alta calidad a la venta son especialmente \u00fatiles en entornos de fabricaci\u00f3n, ya que soportan altas presiones y ofrecen un rendimiento constante.<\/li>\n<li><strong>Construcci\u00f3n:<\/strong> Los cilindros de horquilla ajustable tambi\u00e9n se utilizan com\u00fanmente en equipos de construcci\u00f3n como excavadoras, bulldozers y gr\u00faas. Estos cilindros se utilizan para impulsar el movimiento de maquinaria pesada, elevar y descender cargas y manipular diversos accesorios. En la construcci\u00f3n, la durabilidad es fundamental, por lo que se suelen preferir los cilindros hidr\u00e1ulicos soldados de doble efecto de alta calidad.<\/li>\n<li><strong>Agricultura:<\/strong> Los cilindros de horquilla ajustables desempe\u00f1an un papel fundamental en equipos agr\u00edcolas modernos, como tractores, cosechadoras y arados. Estos cilindros se utilizan para controlar el movimiento de arados y otros implementos, lo que permite a los agricultores labrar la tierra y sembrar de forma m\u00e1s eficiente. Los cilindros hidr\u00e1ulicos soldados de doble efecto de alta calidad tambi\u00e9n son los preferidos en entornos agr\u00edcolas debido a su fiabilidad y durabilidad.<\/li>\n<li><strong>Miner\u00eda:<\/strong> Los cilindros de horquilla ajustable son esenciales en equipos de miner\u00eda, ya que se utilizan para accionar taladros, excavadoras y otra maquinaria pesada. Estos cilindros deben soportar presiones extremas y operar en entornos dif\u00edciles, por lo que los cilindros hidr\u00e1ulicos soldados de doble efecto de alta calidad a la venta suelen ser la opci\u00f3n preferida.<\/li>\n<li><strong>Transporte:<\/strong> Los cilindros de horquilla ajustable tambi\u00e9n se utilizan en diversas aplicaciones de transporte, como camiones comerciales, autobuses y aviones. Estos cilindros se utilizan para accionar diversos componentes, como trenes de aterrizaje, puertas y rampas, lo que permite un funcionamiento suave y eficiente. Los cilindros hidr\u00e1ulicos soldados de doble efecto de alta calidad a la venta son esenciales en entornos de transporte donde la fiabilidad y la seguridad son cruciales.<\/li>\n<\/ul>\n<p>En conclusi\u00f3n, la aplicaci\u00f3n de los cilindros de horquilla ajustable es amplia y diversa, con usos en la manufactura, la construcci\u00f3n, la agricultura, la miner\u00eda y el transporte. Al seleccionar estos cilindros, es importante elegir cilindros hidr\u00e1ulicos soldados de doble efecto de alta calidad para garantizar un rendimiento \u00f3ptimo y durabilidad en cualquier entorno.<img decoding=\"async\" src=\"https:\/\/fmp-components.com\/wp-content\/uploads\/2024\/12\/Application-of-Adjustable-Clevis-Type-Cylinders.webp\" alt=\"Cilindro tipo horquilla ajustable\" width=\"800\" title=\"\"><\/p>\n<h3>Acerca de FMP \u2013 Cilindro hidr\u00e1ulico<\/h3>\n<p>FMP es una empresa l\u00edder en la venta y el servicio de repuestos para maquinaria de construcci\u00f3n y m\u00e1quinas completas. Contamos con a\u00f1os de experiencia en el sector y un equipo de expertos profesionales que ofrecen repuestos para maquinaria de construcci\u00f3n de alta calidad y fiabilidad, as\u00ed como soluciones completas para maquinaria. Nuestra amplia gama de productos incluye cajas de engranajes para maquinaria agr\u00edcola, reductores planetarios, reductores industriales, repuestos para maquinaria agr\u00edcola y una serie de accesorios de alta gama que se adaptan a ellas. Nos comprometemos a ofrecer a nuestros clientes los mejores productos y servicios. Estas son algunas razones por las que deber\u00eda elegir FMP para sus cilindros hidr\u00e1ulicos:<\/p>\n<ol>\n<li><strong>Productos confiables y de alta calidad:<\/strong> En FMP, priorizamos la calidad de nuestros productos. Establecemos relaciones de cooperaci\u00f3n duraderas y estables con proveedores de alta calidad de todo el mundo. Todas las piezas que suministramos cumplen con estrictos est\u00e1ndares de calidad.<\/li>\n<li><strong>Amplia gama de productos:<\/strong> Ofrecemos una amplia gama de cilindros hidr\u00e1ulicos, incluyendo cilindros est\u00e1ndar y personalizados. Nuestro cilindro de horquilla ajustable es un producto popular, muy duradero y ajustable para satisfacer diversas necesidades.<\/li>\n<li><strong>Equipo de ventas profesional:<\/strong> Nuestro equipo de ventas cuenta con amplia experiencia y experiencia en la industria de maquinaria de construcci\u00f3n. Conoce las \u00faltimas tendencias de desarrollo y las necesidades de los clientes, y puede ofrecer asesoramiento profesional sobre productos y sugerencias de compra inteligentes.<\/li>\n<li><strong>Distribuci\u00f3n log\u00edstica eficiente:<\/strong> Entendemos que la entrega puntual es crucial para nuestros clientes. Por lo tanto, hemos establecido un sistema de distribuci\u00f3n log\u00edstica eficiente para garantizar que reciban las piezas necesarias de manera oportuna y precisa.<\/li>\n<li><strong>Precios competitivos:<\/strong> En FMP, ofrecemos precios competitivos sin comprometer la calidad. Nos esforzamos por ofrecer a nuestros clientes la mejor relaci\u00f3n calidad-precio.<\/li>\n<\/ol>\n<p><img decoding=\"async\" src=\"https:\/\/fmp-components.com\/wp-content\/uploads\/2024\/12\/Adjustable-Clevis-Type-Cylinders-6.webp\" alt=\"Cilindro tipo horquilla ajustable\" width=\"807\" title=\"\"><\/p>\n<p>Nos dedicamos a ofrecer productos y servicios de alta calidad a nuestros clientes y confiamos en satisfacer sus necesidades de cilindros hidr\u00e1ulicos. No dude en contactarnos para cualquier consulta o para realizar un pedido.<\/p>\n<h2>Preguntas frecuentes<\/h2>\n<p><strong>P: \u00bfSe pueden personalizar los cilindros hidr\u00e1ulicos para adaptarse a requisitos espec\u00edficos?<\/strong><br \/>\nR: S\u00ed, ofrecemos opciones de personalizaci\u00f3n para nuestros cilindros hidr\u00e1ulicos para satisfacer sus necesidades espec\u00edficas.<\/p>\n<p><strong>P: \u00bfQu\u00e9 tipo de garant\u00eda tienen los cilindros hidr\u00e1ulicos?<\/strong><br \/>\nR: Nuestros cilindros hidr\u00e1ulicos vienen con una garant\u00eda de un a\u00f1o en los componentes principales: los cojinetes y el cilindro hidr\u00e1ulico.<\/p>\n<p><strong>P: \u00bfCu\u00e1l es el plazo de entrega de los cilindros hidr\u00e1ulicos?<\/strong><br \/>\nR: Generalmente, nuestro plazo de entrega es de 25 a 35 d\u00edas despu\u00e9s de la confirmaci\u00f3n del pedido.<\/p>\n<p><img decoding=\"async\" src=\"https:\/\/img.jiansujichilun.com\/img\/hydrauliccylinders\/T_hydrauliccylinders-5.webp\" alt=\"cilindro hidr\u00e1ulico\" width=\"800\" title=\"\"><\/p>\n<p>Autor: CX<\/p>","protected":false},"excerpt":{"rendered":"<p>High Quality Double Acting Welded Hydraulic Cylinders For Sale: Our High Quality Double Acting Welded Hydraulic Cylinders are the perfect solution for all your hydraulic power needs. These cylinders are designed to provide exceptional performance and reliability in a wide range of applications. With their double acting design, our hydraulic cylinders offer superior functionality and [&hellip;]<\/p>","protected":false},"featured_media":1338,"comment_status":"closed","ping_status":"closed","template":"","meta":{"_et_pb_use_builder":"","_et_pb_old_content":"","_et_gb_content_width":""},"product_brand":[],"product_cat":[39],"product_tag":[41,34],"class_list":{"0":"post-1345","1":"product","2":"type-product","3":"status-publish","4":"has-post-thumbnail","6":"product_cat-adjustable-clevis-type-cylinders","7":"product_tag-adjustable-clevis-type-cylinders","8":"product_tag-hydraulic-cylinder","10":"first","11":"instock","12":"product-type-simple"},"_links":{"self":[{"href":"https:\/\/fmp-components.com\/es\/wp-json\/wp\/v2\/product\/1345","targetHints":{"allow":["GET"]}}],"collection":[{"href":"https:\/\/fmp-components.com\/es\/wp-json\/wp\/v2\/product"}],"about":[{"href":"https:\/\/fmp-components.com\/es\/wp-json\/wp\/v2\/types\/product"}],"replies":[{"embeddable":true,"href":"https:\/\/fmp-components.com\/es\/wp-json\/wp\/v2\/comments?post=1345"}],"wp:featuredmedia":[{"embeddable":true,"href":"https:\/\/fmp-components.com\/es\/wp-json\/wp\/v2\/media\/1338"}],"wp:attachment":[{"href":"https:\/\/fmp-components.com\/es\/wp-json\/wp\/v2\/media?parent=1345"}],"wp:term":[{"taxonomy":"product_brand","embeddable":true,"href":"https:\/\/fmp-components.com\/es\/wp-json\/wp\/v2\/product_brand?post=1345"},{"taxonomy":"product_cat","embeddable":true,"href":"https:\/\/fmp-components.com\/es\/wp-json\/wp\/v2\/product_cat?post=1345"},{"taxonomy":"product_tag","embeddable":true,"href":"https:\/\/fmp-components.com\/es\/wp-json\/wp\/v2\/product_tag?post=1345"}],"curies":[{"name":"gracias","href":"https:\/\/api.w.org\/{rel}","templated":true}]}}