{"id":838,"date":"2024-12-18T08:38:14","date_gmt":"2024-12-18T08:38:14","guid":{"rendered":"https:\/\/fmp-components.com\/?page_id=8"},"modified":"2025-03-07T08:50:50","modified_gmt":"2025-03-07T08:50:50","slug":"electric-motors","status":"publish","type":"page","link":"https:\/\/fmp-components.com\/es\/electric-motors\/","title":{"rendered":"Motores el\u00e9ctricos"},"content":{"rendered":"<p>[et_pb_section fb_built=&#8221;1&#8243; _builder_version=&#8221;4.27.4&#8243; _module_preset=&#8221;default&#8221; use_background_color_gradient=&#8221;on&#8221; background_color_gradient_stops=&#8221;rgba(8,40,9,0.19) 0%|rgba(8,40,9,0.33) 100%&#8221; background_color_gradient_overlays_image=&#8221;on&#8221; background_image=&#8221;https:\/\/fmp-components.com\/wp-content\/uploads\/2024\/12\/Electric-Motor-Banner.webp&#8221; min_height=&#8221;637px&#8221; global_colors_info=&#8221;{}&#8221;][et_pb_row _builder_version=&#8221;4.27.4&#8243; _module_preset=&#8221;default&#8221; custom_padding=&#8221;81px|||||&#8221; global_colors_info=&#8221;{}&#8221;][et_pb_column type=&#8221;4_4&#8243; _builder_version=&#8221;4.27.4&#8243; _module_preset=&#8221;default&#8221; global_colors_info=&#8221;{}&#8221;][et_pb_text _builder_version=&#8221;4.27.4&#8243; _module_preset=&#8221;default&#8221; header_font=&#8221;Frank Ruhl Libre|500|||||||&#8221; header_text_align=&#8221;center&#8221; header_text_color=&#8221;#FFFFFF&#8221; header_font_size=&#8221;65px&#8221; header_text_shadow_style=&#8221;preset1&#8243; global_colors_info=&#8221;{}&#8221;]<\/p>\n<h1>Motor el\u00e9ctrico<\/h1>\n<p>[\/et_pb_text][\/et_pb_column][\/et_pb_row][et_pb_row _builder_version=&#8221;4.27.4&#8243; _module_preset=&#8221;default&#8221; global_colors_info=&#8221;{}&#8221;][et_pb_column type=&#8221;4_4&#8243; _builder_version=&#8221;4.27.4&#8243; _module_preset=&#8221;default&#8221; global_colors_info=&#8221;{}&#8221;][et_pb_text _builder_version=&#8221;4.27.4&#8243; _module_preset=&#8221;default&#8221; text_text_color=&#8221;#FFFFFF&#8221; text_font_size=&#8221;16px&#8221; text_line_height=&#8221;1.8em&#8221; text_text_shadow_style=&#8221;preset4&#8243; global_colors_info=&#8221;{}&#8221;]<\/p>\n<p>Un motor el\u00e9ctrico es un dispositivo vers\u00e1til que convierte la energ\u00eda el\u00e9ctrica en energ\u00eda mec\u00e1nica, impulsando una amplia gama de aplicaciones, desde electrodom\u00e9sticos hasta maquinaria industrial. Estos motores son conocidos por su eficiencia, fiabilidad y facilidad de uso, lo que los convierte en componentes esenciales en diversos sectores.<\/p>\n<p>En FMP, ofrecemos una amplia selecci\u00f3n de motores el\u00e9ctricos, incluyendo motores de CA, motores de CC y motores paso a paso, dise\u00f1ados para satisfacer sus necesidades espec\u00edficas. Tambi\u00e9n aceptamos pedidos personalizados para garantizar que reciba el motor perfecto para su aplicaci\u00f3n. Ya sea que necesite modelos est\u00e1ndar o soluciones especializadas, en FMP le proporcionamos motores el\u00e9ctricos de alta calidad que satisfagan sus necesidades.<\/p>\n<p>[\/et_pb_text][\/et_pb_column][\/et_pb_row][\/et_pb_section][et_pb_section fb_built=&#8221;1&#8243; _builder_version=&#8221;4.27.4&#8243; _module_preset=&#8221;default&#8221; global_colors_info=&#8221;{}&#8221;][et_pb_row _builder_version=&#8221;4.27.4&#8243; _module_preset=&#8221;default&#8221; global_colors_info=&#8221;{}&#8221;][et_pb_column type=&#8221;4_4&#8243; _builder_version=&#8221;4.27.4&#8243; _module_preset=&#8221;default&#8221; global_colors_info=&#8221;{}&#8221;][et_pb_text _builder_version=&#8221;4.27.4&#8243; _module_preset=&#8221;default&#8221; header_2_font=&#8221;Frank Ruhl Libre||||||||&#8221; header_2_text_align=&#8221;center&#8221; header_2_font_size=&#8221;40px&#8221; hover_enabled=&#8221;0&#8243; global_colors_info=&#8221;{}&#8221; sticky_enabled=&#8221;0&#8243;]<\/p>\n<h2>Motor el\u00e9ctrico<\/h2>\n<p>[\/et_pb_text][\/et_pb_column][\/et_pb_row][et_pb_row column_structure=&#8221;1_3,1_3,1_3&#8243; _builder_version=&#8221;4.27.4&#8243; _module_preset=&#8221;default&#8221; global_colors_info=&#8221;{}&#8221;][et_pb_column type=&#8221;1_3&#8243; _builder_version=&#8221;4.27.4&#8243; _module_preset=&#8221;default&#8221; global_colors_info=&#8221;{}&#8221;][et_pb_image src=&#8221;https:\/\/fmp-components.com\/wp-content\/uploads\/2024\/12\/DC-Direct-Current-Motors.webp&#8221; alt=&#8221;DC (Direct Current) Motors&#8221; title_text=&#8221;DC (Direct Current) Motors&#8221; _builder_version=&#8221;4.27.4&#8243; _module_preset=&#8221;default&#8221; global_colors_info=&#8221;{}&#8221;][\/et_pb_image][et_pb_toggle title=&#8221;DC (Direct Current) Motors&#8221; _builder_version=&#8221;4.27.4&#8243; _module_preset=&#8221;default&#8221; global_colors_info=&#8221;{}&#8221;]<\/p>\n<ul>\n<li><a href=\"https:\/\/fmp-components.com\/es\/product\/italy-supplier-mini-dc-motor-tgp01d-a130-plastic-gearbox-plus-a130\/\">Mini motor de CC TGP01D-A130 con caja de engranajes de pl\u00e1stico y A130d<\/a><\/li>\n<li><a href=\"https:\/\/fmp-components.com\/es\/product\/plastic-gearbox-mini-geared-motor-tgp01s-a130\/\">Minimotorreductor con caja de engranajes de pl\u00e1stico TGP01S-A130<\/a><\/li>\n<li><a href=\"https:\/\/fmp-components.com\/es\/product\/plastic-gearbox-motor-tgp02d-a130-for-toy-robot-remote-control-toy-cars\/\">Motorreductor de pl\u00e1stico TGP02D-A130 para coches de juguete con control remoto.<\/a><\/li>\n<li><a href=\"https:\/\/fmp-components.com\/es\/product\/low-noise-basic-dc-toy-motor-for-toy-car-tgp02s-a130\/\">Motor de CC b\u00e1sico de bajo ruido para coche de juguete TGP02S-A130<\/a><\/li>\n<li><a href=\"https:\/\/fmp-components.com\/es\/product\/zy-jb-dc-gear-motor-series\/\">Motorreductor de CC serie ZY\/JB<\/a><\/li>\n<li><a href=\"https:\/\/fmp-components.com\/es\/product\/yyyn-jb-gear-reducer-single-three-phase-motor-series\/\">Serie de motores reductores de engranajes YY(YN)\/JB<\/a><\/li>\n<\/ul>\n<p>[\/et_pb_toggle][\/et_pb_column][et_pb_column type=&#8221;1_3&#8243; _builder_version=&#8221;4.27.4&#8243; _module_preset=&#8221;default&#8221; global_colors_info=&#8221;{}&#8221;][et_pb_image src=&#8221;https:\/\/fmp-components.com\/wp-content\/uploads\/2024\/12\/Asynchronous-Motors.webp&#8221; alt=&#8221;Asynchronous Motors&#8221; title_text=&#8221;Asynchronous Motors&#8221; _builder_version=&#8221;4.27.4&#8243; _module_preset=&#8221;default&#8221; global_colors_info=&#8221;{}&#8221;][\/et_pb_image][et_pb_toggle title=&#8221;AC Motors-Asynchronous Motors&#8221; _builder_version=&#8221;4.27.4&#8243; _module_preset=&#8221;default&#8221; global_colors_info=&#8221;{}&#8221;]<\/p>\n<ul>\n<li><a href=\"https:\/\/fmp-components.com\/es\/product\/y-series-high-efficiency-three-phase-asynchronous-electric-motor\/\">Motor el\u00e9ctrico as\u00edncrono trif\u00e1sico serie Y<\/a><\/li>\n<li><a href=\"https:\/\/fmp-components.com\/es\/product\/y2-series-cast-iron-housing-three-phase-asynchronous-electric-motor\/\">Motor el\u00e9ctrico as\u00edncrono trif\u00e1sico serie Y2<\/a><\/li>\n<li><a href=\"https:\/\/fmp-components.com\/es\/product\/y3-series-low-voltage-high-power-three-phase-asynchronous-electric-motor\/\">Motor as\u00edncrono trif\u00e1sico serie Y3<\/a><\/li>\n<li><a href=\"https:\/\/fmp-components.com\/es\/product\/ys-series-electric-motor\/\">Motor as\u00edncrono trif\u00e1sico de peque\u00f1a potencia de la serie YS<\/a><\/li>\n<li><a href=\"https:\/\/fmp-components.com\/es\/product\/nema-standard-premium-efficiency-three-phase-induction-electric-motor\/\">Motores de inducci\u00f3n trif\u00e1sicos de alta eficiencia seg\u00fan norma NEMA<\/a><\/li>\n<li><a href=\"https:\/\/fmp-components.com\/es\/product\/yd-series-pole-changing-multi-speed-three-phase-asynchronous-electric-motor\/\">Motor el\u00e9ctrico as\u00edncrono trif\u00e1sico multivelocidad con cambio de polos, serie YD<\/a><\/li>\n<li><a href=\"https:\/\/fmp-components.com\/es\/product\/ydt-series-three-phase-consequent-poles-asynchronous-motor-for-fan-and-pump\/\">Motor as\u00edncrono trif\u00e1sico multivelocidad de polos intercambiables serie YDT para ventiladores y bombas<\/a><\/li>\n<li><a href=\"https:\/\/fmp-components.com\/es\/product\/yej-series-electromagnetic-braking-three-phase-asynchronous-motor\/\">Motor as\u00edncrono trif\u00e1sico con frenado electromagn\u00e9tico serie YEJ<\/a><\/li>\n<li><a href=\"https:\/\/fmp-components.com\/es\/product\/yvf2-series-frequency-variable-speed-regulation-three-phase-asynchronous-motor\/\">Motor as\u00edncrono trif\u00e1sico con regulaci\u00f3n de velocidad variable de frecuencia serie YVF2<\/a><\/li>\n<li><a href=\"https:\/\/fmp-components.com\/es\/product\/yb2-series-explosion-proof-three-phase-asynchronous-motor\/\">Motor as\u00edncrono trif\u00e1sico a prueba de explosiones serie YB<\/a><\/li>\n<li><a href=\"https:\/\/fmp-components.com\/es\/product\/yc-series-heavy-duty-capacitors-start-single-phase-induction-motor\/\">Motores de inducci\u00f3n as\u00edncronos monof\u00e1sicos de la serie YC YL<\/a><\/li>\n<\/ul>\n<p>[\/et_pb_toggle][\/et_pb_column][et_pb_column type=&#8221;1_3&#8243; _builder_version=&#8221;4.27.4&#8243; _module_preset=&#8221;default&#8221; global_colors_info=&#8221;{}&#8221;][et_pb_image src=&#8221;https:\/\/fmp-components.com\/wp-content\/uploads\/2024\/12\/Brake-Motors.webp&#8221; alt=&#8221;Brake Motors&#8221; title_text=&#8221;Brake Motors&#8221; _builder_version=&#8221;4.27.4&#8243; _module_preset=&#8221;default&#8221; global_colors_info=&#8221;{}&#8221;][\/et_pb_image][et_pb_toggle title=&#8221;Brake Motors&#8221; _builder_version=&#8221;4.27.4&#8243; _module_preset=&#8221;default&#8221; global_colors_info=&#8221;{}&#8221;]<\/p>\n<ul>\n<li><a href=\"https:\/\/fmp-components.com\/es\/product\/yej-series-electromagnetic-braking-three-phase-asynchronous-motor\/\">Motor as\u00edncrono trif\u00e1sico con frenado electromagn\u00e9tico serie YEJ<\/a><\/li>\n<li><a href=\"https:\/\/fmp-components.com\/es\/product\/yej2-series-electromagnetic-braking-three-phase-asynchronous-motor\/\">Motor as\u00edncrono trif\u00e1sico con frenado electromagn\u00e9tico serie YEJ2<\/a><\/li>\n<li><a href=\"https:\/\/fmp-components.com\/es\/product\/yeja-series-ac-electromagnetic-brake-three-phase-asynchronous-motor\/\">Motor as\u00edncrono trif\u00e1sico con freno electromagn\u00e9tico de CA de la serie YEJA<\/a><\/li>\n<\/ul>\n<p>[\/et_pb_toggle][\/et_pb_column][\/et_pb_row][et_pb_row column_structure=&#8221;1_3,1_3,1_3&#8243; _builder_version=&#8221;4.27.4&#8243; _module_preset=&#8221;default&#8221; global_colors_info=&#8221;{}&#8221;][et_pb_column type=&#8221;1_3&#8243; _builder_version=&#8221;4.27.4&#8243; _module_preset=&#8221;default&#8221; global_colors_info=&#8221;{}&#8221;][et_pb_image src=&#8221;https:\/\/fmp-components.com\/wp-content\/uploads\/2024\/12\/Stainless-Steel-Motors.webp&#8221; alt=&#8221;Stainless Steel Motors&#8221; title_text=&#8221;Stainless Steel Motors&#8221; _builder_version=&#8221;4.27.4&#8243; _module_preset=&#8221;default&#8221; global_colors_info=&#8221;{}&#8221;][\/et_pb_image][et_pb_toggle title=&#8221;Stainless Steel Motors&#8221; _builder_version=&#8221;4.27.4&#8243; _module_preset=&#8221;default&#8221; global_colors_info=&#8221;{}&#8221;]<\/p>\n<ul>\n<li><a href=\"https:\/\/fmp-components.com\/es\/product\/nema-stainless-steel-stepper-motor-with-double-capacitor\/\">Motor paso a paso de acero inoxidable NEMA con doble condensador<\/a><\/li>\n<li><a href=\"https:\/\/fmp-components.com\/es\/product\/tefc-stainless-steel-nema-washdown-electric-motor\/\">Motor el\u00e9ctrico lavable NEMA de acero inoxidable TEFC<\/a><\/li>\n<li><a href=\"https:\/\/fmp-components.com\/es\/product\/tenv-stainless-steel-washdown-nema-motor-with-single-capacitor\/\">Motor NEMA lavable de acero inoxidable TENV con un solo condensador<\/a><\/li>\n<li><a href=\"https:\/\/fmp-components.com\/es\/product\/tefc-nema-stainless-steel-motor\/\">Motor de acero inoxidable TEFC NEMA<\/a><\/li>\n<li><a href=\"https:\/\/fmp-components.com\/es\/product\/ip67-waterproof-nema-stainless-steel-motor-tenv\/\">Motor de acero inoxidable NEMA resistente al agua IP67 TENV<\/a><\/li>\n<li><a href=\"https:\/\/fmp-components.com\/es\/product\/b5-flange-mounted-stainless-steel-motor-tefc-for-food-machinery\/\">Motor de acero inoxidable con brida B5 - TEFC para maquinaria alimentaria<\/a><\/li>\n<li><a href=\"https:\/\/fmp-components.com\/es\/product\/b14-face-mounted-stainless-steel-motor-tefc\/\">Motor de acero inoxidable B14 montado en la cara TEFC<\/a><\/li>\n<li><a href=\"https:\/\/fmp-components.com\/es\/product\/iec-stainless-steel-motor-b3-foot-mounted-tefc\/\">Motor de acero inoxidable IEC B3 con base TEFC<\/a><\/li>\n<li><a href=\"https:\/\/fmp-components.com\/es\/product\/iec-motor-b5t-flange-mounted-stainless-steel-motor-tenv-replacement-of-sew-motor\/\">Motor IEC B5T, motor de acero inoxidable con brida, reemplazo TENV del motor SEW<\/a><\/li>\n<li><a href=\"https:\/\/fmp-components.com\/es\/product\/iec-b5-flange-mounted-stainless-steel-motor-tenv\/\">Motor de acero inoxidable con brida IEC B5 -TENV<\/a><\/li>\n<li><a href=\"https:\/\/fmp-components.com\/es\/product\/iec-b14-face-mounted-stainless-steel-motor-tenv\/\">Motor de acero inoxidable con montaje frontal IEC B14 -TENV<\/a><\/li>\n<li><a href=\"https:\/\/fmp-components.com\/es\/product\/iec-stainless-steel-motor-b3-foot-mounted-tenv\/\">Motor de acero inoxidable IEC B3 con montaje en pie - TENV<\/a><\/li>\n<\/ul>\n<p>[\/et_pb_toggle][\/et_pb_column][et_pb_column type=&#8221;1_3&#8243; _builder_version=&#8221;4.27.4&#8243; _module_preset=&#8221;default&#8221; global_colors_info=&#8221;{}&#8221;][et_pb_image src=&#8221;https:\/\/fmp-components.com\/wp-content\/uploads\/2024\/12\/Spindle-Motors.webp&#8221; alt=&#8221;Spindle Motors&#8221; title_text=&#8221;Spindle Motors&#8221; _builder_version=&#8221;4.27.4&#8243; _module_preset=&#8221;default&#8221; global_colors_info=&#8221;{}&#8221;][\/et_pb_image][et_pb_toggle title=&#8221;Spindle Motors&#8221; _builder_version=&#8221;4.27.4&#8243; _module_preset=&#8221;default&#8221; global_colors_info=&#8221;{}&#8221;]<\/p>\n<ul>\n<li><a href=\"https:\/\/fmp-components.com\/es\/product\/pneumatic-unclamp-cylinder\/\">Cilindro de liberaci\u00f3n neum\u00e1tica<\/a><\/li>\n<li><a href=\"https:\/\/fmp-components.com\/es\/product\/electrical-spindle-for-special-usage\/\">Husillo el\u00e9ctrico para usos especiales<\/a><\/li>\n<li><a href=\"https:\/\/fmp-components.com\/es\/product\/spindle-motor-used-for-lathe-jszd150t-jszd110j\/\">Motor de husillo utilizado para torno JSZD150T JSZD110J<\/a><\/li>\n<li><a href=\"https:\/\/fmp-components.com\/es\/product\/spindle-motor-used-for-lathe-jszd150h\/\">Motor de husillo utilizado para torno JSZD280<\/a><\/li>\n<li><a href=\"https:\/\/fmp-components.com\/es\/product\/spindle-motor-used-for-lathe-jszd150h\/\">Motor de husillo utilizado para torno JSZD150H<\/a><\/li>\n<li><a href=\"https:\/\/fmp-components.com\/es\/product\/spindle-motor-used-for-cnc-spindle-jszd320\/\">Motor de husillo utilizado para husillo CNC JSZD320<\/a><\/li>\n<li><a href=\"https:\/\/fmp-components.com\/es\/product\/spindle-motor-used-for-cnc-spindle-jszd240\/\">Motor de husillo utilizado para husillo CNC JSZD240<\/a><\/li>\n<li><a href=\"https:\/\/fmp-components.com\/es\/product\/spindle-motor-used-for-cnc-spindle-jszd280a\/\">Motor de husillo utilizado para husillo CNC JSZD280A<\/a><\/li>\n<li><a href=\"https:\/\/fmp-components.com\/es\/product\/spindle-motor-used-for-cnc-spindle-jszd220\/\">Motor de husillo utilizado para husillo CNC JSZD220<\/a><\/li>\n<li><a href=\"https:\/\/fmp-components.com\/es\/product\/spindle-motor-used-for-cnc-spindle-jszd202\/\">Motor de husillo utilizado para husillo CNC JSZD202<\/a><\/li>\n<li><a href=\"https:\/\/fmp-components.com\/es\/product\/spindle-motor-used-for-cnc-spindle-jszd170c\/\">Motor de husillo utilizado para husillo CNC JSZD170C<\/a><\/li>\n<li><a href=\"https:\/\/fmp-components.com\/es\/product\/spindle-motor-used-for-cnc-spindle-jszd150c\/\">Motor de husillo utilizado para husillo CNC JSZD150C<\/a><\/li>\n<li><a href=\"https:\/\/fmp-components.com\/es\/product\/spindle-motor-used-for-grinding-spindle\/\">Motor de husillo utilizado para husillo de rectificado<\/a><\/li>\n<li><a href=\"https:\/\/fmp-components.com\/es\/product\/spindle-motor-used-for-engraving-and-milling\/\">Motor de husillo utilizado para grabado y fresado<\/a><\/li>\n<\/ul>\n<p>[\/et_pb_toggle][\/et_pb_column][et_pb_column type=&#8221;1_3&#8243; _builder_version=&#8221;4.27.4&#8243; _module_preset=&#8221;default&#8221; global_colors_info=&#8221;{}&#8221;][et_pb_image src=&#8221;https:\/\/fmp-components.com\/wp-content\/uploads\/2024\/12\/Explosion-Proof-Motor.webp&#8221; alt=&#8221;Explosion Proof Motor&#8221; title_text=&#8221;Explosion Proof Motor&#8221; _builder_version=&#8221;4.27.4&#8243; _module_preset=&#8221;default&#8221; global_colors_info=&#8221;{}&#8221;][\/et_pb_image][et_pb_toggle title=&#8221;Explosion Proof Motor&#8221; _builder_version=&#8221;4.27.4&#8243; _module_preset=&#8221;default&#8221; global_colors_info=&#8221;{}&#8221;]<\/p>\n<ul>\n<li><a href=\"https:\/\/fmp-components.com\/es\/product\/yb2-series-explosion-proof-three-phase-asynchronous-motor\/\">Motor as\u00edncrono trif\u00e1sico a prueba de explosiones serie YB2<\/a><\/li>\n<li><a href=\"https:\/\/fmp-components.com\/es\/product\/yb3-series-explosion-proof-three-phase-induction-motor\/\">Motor de inducci\u00f3n trif\u00e1sico a prueba de explosiones serie YB3<\/a><\/li>\n<li><a href=\"https:\/\/fmp-components.com\/es\/product\/ybx3-series-explosion-proof-three-phase-asynchronous-motor\/\">Motor as\u00edncrono trif\u00e1sico a prueba de explosiones serie YBX3<\/a><\/li>\n<li><a href=\"https:\/\/fmp-components.com\/es\/product\/ybx4-series-explosion-proof-three-phase-asynchronous-motor\/\">Motor as\u00edncrono trif\u00e1sico a prueba de explosiones serie YBX4<\/a><\/li>\n<li><a href=\"https:\/\/fmp-components.com\/es\/product\/ybbp-series-explosion-proof-variable-frequency-adjustable-speed-three-phase-asynchronous-motor\/\">Motor as\u00edncrono trif\u00e1sico de velocidad ajustable y frecuencia variable, a prueba de explosiones, serie YBBP<\/a><\/li>\n<\/ul>\n<p>[\/et_pb_toggle][\/et_pb_column][\/et_pb_row][\/et_pb_section]<\/p>","protected":false},"excerpt":{"rendered":"<p>Electric MotorAn electric motor is a versatile device that converts electrical energy into mechanical energy, powering a wide range of applications from household appliances to industrial machinery. These motors are known for their efficiency, reliability, and ease of use, making them essential components in various sectors. At FMP, we offer a diverse selection of electric [&hellip;]<\/p>","protected":false},"author":2,"featured_media":0,"parent":0,"menu_order":0,"comment_status":"closed","ping_status":"closed","template":"","meta":{"_et_pb_use_builder":"on","_et_pb_old_content":"","_et_gb_content_width":"","footnotes":""},"class_list":["post-838","page","type-page","status-publish","hentry"],"_links":{"self":[{"href":"https:\/\/fmp-components.com\/es\/wp-json\/wp\/v2\/pages\/838","targetHints":{"allow":["GET"]}}],"collection":[{"href":"https:\/\/fmp-components.com\/es\/wp-json\/wp\/v2\/pages"}],"about":[{"href":"https:\/\/fmp-components.com\/es\/wp-json\/wp\/v2\/types\/page"}],"author":[{"embeddable":true,"href":"https:\/\/fmp-components.com\/es\/wp-json\/wp\/v2\/users\/2"}],"replies":[{"embeddable":true,"href":"https:\/\/fmp-components.com\/es\/wp-json\/wp\/v2\/comments?post=838"}],"version-history":[{"count":20,"href":"https:\/\/fmp-components.com\/es\/wp-json\/wp\/v2\/pages\/838\/revisions"}],"predecessor-version":[{"id":6328,"href":"https:\/\/fmp-components.com\/es\/wp-json\/wp\/v2\/pages\/838\/revisions\/6328"}],"wp:attachment":[{"href":"https:\/\/fmp-components.com\/es\/wp-json\/wp\/v2\/media?parent=838"}],"curies":[{"name":"gracias","href":"https:\/\/api.w.org\/{rel}","templated":true}]}}