{"id":7847,"date":"2025-04-08T08:44:24","date_gmt":"2025-04-08T08:44:24","guid":{"rendered":"https:\/\/fmp-components.com\/?page_id=7847"},"modified":"2025-04-09T05:38:24","modified_gmt":"2025-04-09T05:38:24","slug":"ring-and-pinion-gears","status":"publish","type":"page","link":"https:\/\/fmp-components.com\/es\/ring-and-pinion-gears\/","title":{"rendered":"Engranajes de anillo y pi\u00f1\u00f3n"},"content":{"rendered":"<p>[et_pb_section fb_built=&#8221;1&#8243; _builder_version=&#8221;4.27.4&#8243; _module_preset=&#8221;default&#8221; use_background_color_gradient=&#8221;on&#8221; background_color_gradient_stops=&#8221;rgba(0,0,0,0.27) 0%|rgba(0,0,0,0.41) 100%&#8221; background_color_gradient_overlays_image=&#8221;on&#8221; background_image=&#8221;https:\/\/fmp-components.com\/wp-content\/uploads\/2025\/04\/ring-and-pinion-gears-banner-2.webp&#8221; min_height=&#8221;381px&#8221; global_colors_info=&#8221;{}&#8221;][et_pb_row _builder_version=&#8221;4.27.4&#8243; _module_preset=&#8221;default&#8221; global_colors_info=&#8221;{}&#8221;][et_pb_column type=&#8221;4_4&#8243; _builder_version=&#8221;4.27.4&#8243; _module_preset=&#8221;default&#8221; global_colors_info=&#8221;{}&#8221;][et_pb_text _builder_version=&#8221;4.27.4&#8243; _module_preset=&#8221;default&#8221; header_font=&#8221;Frank Ruhl Libre||||||||&#8221; header_text_align=&#8221;center&#8221; header_text_color=&#8221;#FFFFFF&#8221; header_font_size=&#8221;70px&#8221; header_text_shadow_style=&#8221;preset1&#8243; global_colors_info=&#8221;{}&#8221;]<\/p>\n<h1 style=\"text-align: center;\">Engranajes de anillo y pi\u00f1\u00f3n<\/h1>\n<p>[\/et_pb_text][et_pb_text _builder_version=\u201d4.27.4\u2033 _module_preset=\u201ddefault\u201d text_font=\u201dFrank Ruhl Libre|600|||||||\u201d text_text_color=\u201d#FFFFFF\u201d text_font_size=\u201d18px\u201d text_line_height=\u201d1.8em\u201d text_orientation=\u201dcenter\u201d global_colors_info=\u201d{}\u201d]<\/p>\n<p>\u00a1Si el producto que necesitas no est\u00e1 en el listado, sigue adelante y solicita una cotizaci\u00f3n gratuita!<\/p>\n<p>[\/et_pb_text][\/et_pb_column][\/et_pb_row][\/et_pb_section][et_pb_section fb_built=&#8221;1&#8243; _builder_version=&#8221;4.27.4&#8243; _module_preset=&#8221;default&#8221; global_colors_info=&#8221;{}&#8221;][et_pb_row _builder_version=&#8221;4.27.4&#8243; _module_preset=&#8221;default&#8221; global_colors_info=&#8221;{}&#8221;][et_pb_column type=&#8221;4_4&#8243; _builder_version=&#8221;4.27.4&#8243; _module_preset=&#8221;default&#8221; global_colors_info=&#8221;{}&#8221;][et_pb_text _builder_version=&#8221;4.27.4&#8243; _module_preset=&#8221;default&#8221; header_2_font=&#8221;Frank Ruhl Libre||||||||&#8221; header_2_font_size=&#8221;40px&#8221; global_colors_info=&#8221;{}&#8221;]<\/p>\n<h2 style=\"text-align: center;\">Los mejores engranajes de anillo y pi\u00f1\u00f3n<\/h2>\n<p>[\/et_pb_text][et_pb_shop type=&#8221;product_category&#8221; show_pagination=&#8221;on&#8221; include_categories=&#8221;115&#8243; _builder_version=&#8221;4.27.4&#8243; _module_preset=&#8221;default&#8221; title_font=&#8221;Frank Ruhl Libre||||||||&#8221; title_text_align=&#8221;center&#8221; title_font_size=&#8221;17px&#8221; global_colors_info=&#8221;{}&#8221;][\/et_pb_shop][\/et_pb_column][\/et_pb_row][et_pb_row _builder_version=&#8221;4.27.4&#8243; _module_preset=&#8221;default&#8221;][et_pb_column _builder_version=&#8221;4.27.4&#8243; _module_preset=&#8221;default&#8221; type=&#8221;4_4&#8243;][et_pb_divider _builder_version=&#8221;4.27.4&#8243; _module_preset=&#8221;default&#8221; color=&#8221;#E09900&#8243; hover_enabled=&#8221;0&#8243; sticky_enabled=&#8221;0&#8243;][\/et_pb_divider][\/et_pb_column][\/et_pb_row][et_pb_row _builder_version=&#8221;4.27.4&#8243; _module_preset=&#8221;default&#8221; column_structure=&#8221;1_2,1_2&#8243;][et_pb_column _builder_version=&#8221;4.27.4&#8243; _module_preset=&#8221;default&#8221; type=&#8221;1_2&#8243;][et_pb_image src=&#8221;https:\/\/fmp-components.com\/wp-content\/uploads\/2025\/04\/Ring_Pinion_2.gif&#8221; _builder_version=&#8221;4.27.4&#8243; _module_preset=&#8221;default&#8221; alt=&#8221;Ring_Pinion&#8221; title_text=&#8221;Ring_Pinion_2&#8243; hover_enabled=&#8221;0&#8243; sticky_enabled=&#8221;0&#8243;][\/et_pb_image][\/et_pb_column][et_pb_column _builder_version=&#8221;4.27.4&#8243; _module_preset=&#8221;default&#8221; type=&#8221;1_2&#8243;][et_pb_text _builder_version=&#8221;4.27.4&#8243; _module_preset=&#8221;default&#8221; header_3_font=&#8221;Frank Ruhl Libre||||||||&#8221; header_3_font_size=&#8221;30px&#8221; text_font_size=&#8221;16px&#8221; text_line_height=&#8221;1.8em&#8221; hover_enabled=&#8221;0&#8243; sticky_enabled=&#8221;0&#8243;]<\/p>\n<div>\n<h3 dir=\"auto\" class=\"\">\u00bfPor qu\u00e9 elegir engranajes de anillo y pi\u00f1\u00f3n?<\/h3>\n<p dir=\"auto\" class=\"break-words\">Los engranajes de corona y pi\u00f1\u00f3n son componentes esenciales del sistema de propulsi\u00f3n de un veh\u00edculo, ya que transfieren eficientemente el par del motor a las ruedas redirigiendo la potencia 90 grados a trav\u00e9s del diferencial. Entre los diversos m\u00e9todos disponibles, los engranajes de corona y pi\u00f1\u00f3n hipoides se destacan como la opci\u00f3n preferida en la industria automotriz debido a su mayor resistencia, funcionamiento m\u00e1s silencioso y capacidad para manejar relaciones de reducci\u00f3n m\u00e1s altas. En FMP, nos enorgullecemos de ser el mejor fabricante y proveedor de engranajes de corona y pi\u00f1\u00f3n, ofreciendo engranajes personalizados a la medida de sus necesidades espec\u00edficas. Ya sea que busque rendimiento en carretera, durabilidad todoterreno o precisi\u00f3n para la pista, los juegos de engranajes de FMP garantizan una confiabilidad y eficiencia inigualables.<\/p>\n<\/div>\n<p>[\/et_pb_text][\/et_pb_column][\/et_pb_row][et_pb_row _builder_version=&#8221;4.27.4&#8243; _module_preset=&#8221;default&#8221; column_structure=&#8221;1_2,1_2&#8243;][et_pb_column _builder_version=&#8221;4.27.4&#8243; _module_preset=&#8221;default&#8221; type=&#8221;1_2&#8243;][et_pb_text _builder_version=&#8221;4.27.4&#8243; _module_preset=&#8221;default&#8221; text_font_size=&#8221;16px&#8221; text_line_height=&#8221;1.8em&#8221; header_3_font=&#8221;Frank Ruhl Libre||||||||&#8221; header_3_font_size=&#8221;30px&#8221; hover_enabled=&#8221;0&#8243; sticky_enabled=&#8221;0&#8243;]<\/p>\n<div>\n<h3 dir=\"auto\" class=\"\">Calidad superior de FMP<\/h3>\n<p dir=\"auto\" class=\"break-words\">El rendimiento de los engranajes de corona y pi\u00f1\u00f3n depende en gran medida de su dise\u00f1o, materiales y precisi\u00f3n de fabricaci\u00f3n, \u00e1reas en las que FMP destaca como l\u00edder del sector. Nuestros engranajes de corona y pi\u00f1\u00f3n personalizados est\u00e1n dise\u00f1ados con tecnolog\u00eda de vanguardia y cumplen con los m\u00e1s altos est\u00e1ndares, incluyendo las certificaciones TS16949, ISO9001 e ISO14001. Con una variedad de relaciones de transmisi\u00f3n y tolerancias, FMP proporciona los mejores engranajes de corona y pi\u00f1\u00f3n para aplicaciones que abarcan desde remolques de alta resistencia hasta carreras de alta velocidad. Gracias a avanzados procesos de tratamiento t\u00e9rmico y rigurosas pruebas de calidad, nuestros juegos de engranajes ofrecen una durabilidad y una transferencia de potencia excepcionales, lo que convierte a FMP en la mejor opci\u00f3n para fabricantes y aficionados en Estados Unidos, M\u00e9xico y Canad\u00e1.<\/p>\n<\/div>\n<p>[\/et_pb_text][\/et_pb_column][et_pb_column _builder_version=&#8221;4.27.4&#8243; _module_preset=&#8221;default&#8221; type=&#8221;1_2&#8243;][et_pb_image src=&#8221;https:\/\/fmp-components.com\/wp-content\/uploads\/2025\/04\/ring-and-pinion-gears-manufacturer.webp&#8221; _builder_version=&#8221;4.27.4&#8243; _module_preset=&#8221;default&#8221; alt=&#8221;ring-and-pinion-gears-manufacturer&#8221; title_text=&#8221;ring-and-pinion-gears-manufacturer&#8221; hover_enabled=&#8221;0&#8243; sticky_enabled=&#8221;0&#8243;][\/et_pb_image][\/et_pb_column][\/et_pb_row][\/et_pb_section][et_pb_section fb_built=&#8221;1&#8243; _builder_version=&#8221;4.27.4&#8243; _module_preset=&#8221;default&#8221; use_background_color_gradient=&#8221;on&#8221; background_color_gradient_stops=&#8221;rgba(0,0,0,0.37) 0%|rgba(0,0,0,0.26) 100%&#8221; background_color_gradient_overlays_image=&#8221;on&#8221; background_image=&#8221;https:\/\/fmp-components.com\/wp-content\/uploads\/2025\/04\/ring-and-pinion-gears-foot-1.webp&#8221; min_height=&#8221;386px&#8221; global_colors_info=&#8221;{}&#8221;][et_pb_row _builder_version=&#8221;4.27.4&#8243; _module_preset=&#8221;default&#8221; background_color=&#8221;#FFFFFF&#8221; custom_margin=&#8221;0px||0px||false|false&#8221; custom_padding=&#8221;20px|20px|20px|20px|false|false&#8221; box_shadow_style=&#8221;preset1&#8243; global_colors_info=&#8221;{}&#8221;][et_pb_column type=&#8221;4_4&#8243; _builder_version=&#8221;4.27.4&#8243; _module_preset=&#8221;default&#8221; global_colors_info=&#8221;{}&#8221;][et_pb_text _builder_version=&#8221;4.27.4&#8243; _module_preset=&#8221;default&#8221; header_font=&#8221;Frank Ruhl Libre||||||||&#8221; header_font_size=&#8221;40px&#8221; header_2_font=&#8221;Frank Ruhl Libre||||||||&#8221; header_2_font_size=&#8221;40px&#8221; global_colors_info=&#8221;{}&#8221;]<\/p>\n<h2 style=\"text-align: center;\">Engranajes de anillo y pi\u00f1\u00f3n personalizados<\/h2>\n<p>[\/et_pb_text][et_pb_text _builder_version=&#8221;4.27.4&#8243; _module_preset=&#8221;default&#8221; text_text_color=&#8221;#000000&#8243; text_font_size=&#8221;16px&#8221; text_line_height=&#8221;1.8em&#8221; global_colors_info=&#8221;{}&#8221;]<\/p>\n<p>En FMP, nos especializamos en la fabricaci\u00f3n de coronas y pi\u00f1ones personalizados de alta calidad, dise\u00f1ados para maximizar el rendimiento de su transmisi\u00f3n, ya sea en Mil\u00e1n, Venecia, Florencia, Bolonia o cualquier otro lugar de Italia. Como fabricante l\u00edder, producimos una amplia gama de coronas y pi\u00f1ones en diversas relaciones, di\u00e1metros y n\u00famero de estr\u00edas para adaptarse a cualquier tipo de veh\u00edculo. Nuestras ofertas premium compiten con gigantes de la industria como Yukon Gear &amp; Axle, Strange Engineering y Richmond Gear, ofreciendo una durabilidad y precisi\u00f3n excepcionales gracias a un dise\u00f1o avanzado y t\u00e9cnicas de tratamiento t\u00e9rmico.<\/p>\n<p style=\"text-align: center;\">Nos enorgullece ofrecer soluciones totalmente personalizadas adaptadas a sus necesidades espec\u00edficas. Si no encuentra el modelo que busca en nuestra lista de productos, no se preocupe. \u00a1Simplemente significa que a\u00fan no lo hemos subido! Env\u00edenos un correo electr\u00f3nico con sus requisitos y nuestros ingenieros expertos le responder\u00e1n en 24 horas con una soluci\u00f3n personalizada. FMP es su socio de confianza para coronas y pi\u00f1ones de primera calidad en Italia. \u00a1Cont\u00e1ctenos hoy mismo y pongamos en marcha su proyecto!<\/p>\n<p>[\/et_pb_text][\/et_pb_column][\/et_pb_row][\/et_pb_section]<\/p>","protected":false},"excerpt":{"rendered":"<p>Ring and Pinion GearsIf the product you need is not listed, go ahead and get a free quote!Best Ring and Pinion Gears Why Choose Ring and Pinion Gears Ring and pinion gears are essential components in a vehicle\u2019s drivetrain, efficiently transferring torque from the engine to the wheels by redirecting power 90 degrees through the [&hellip;]<\/p>","protected":false},"author":2,"featured_media":0,"parent":0,"menu_order":0,"comment_status":"closed","ping_status":"closed","template":"","meta":{"_et_pb_use_builder":"on","_et_pb_old_content":"","_et_gb_content_width":"","footnotes":""},"class_list":["post-7847","page","type-page","status-publish","hentry"],"_links":{"self":[{"href":"https:\/\/fmp-components.com\/es\/wp-json\/wp\/v2\/pages\/7847","targetHints":{"allow":["GET"]}}],"collection":[{"href":"https:\/\/fmp-components.com\/es\/wp-json\/wp\/v2\/pages"}],"about":[{"href":"https:\/\/fmp-components.com\/es\/wp-json\/wp\/v2\/types\/page"}],"author":[{"embeddable":true,"href":"https:\/\/fmp-components.com\/es\/wp-json\/wp\/v2\/users\/2"}],"replies":[{"embeddable":true,"href":"https:\/\/fmp-components.com\/es\/wp-json\/wp\/v2\/comments?post=7847"}],"version-history":[{"count":12,"href":"https:\/\/fmp-components.com\/es\/wp-json\/wp\/v2\/pages\/7847\/revisions"}],"predecessor-version":[{"id":7900,"href":"https:\/\/fmp-components.com\/es\/wp-json\/wp\/v2\/pages\/7847\/revisions\/7900"}],"wp:attachment":[{"href":"https:\/\/fmp-components.com\/es\/wp-json\/wp\/v2\/media?parent=7847"}],"curies":[{"name":"gracias","href":"https:\/\/api.w.org\/{rel}","templated":true}]}}