{"id":7523,"date":"2025-03-27T06:35:43","date_gmt":"2025-03-27T06:35:43","guid":{"rendered":"https:\/\/fmp-components.com\/?page_id=7523"},"modified":"2025-03-27T08:31:08","modified_gmt":"2025-03-27T08:31:08","slug":"sanitation-machinery-hydraulic-cylinders-2","status":"publish","type":"page","link":"https:\/\/fmp-components.com\/es\/sanitation-machinery-hydraulic-cylinders-2\/","title":{"rendered":"Cilindros hidr\u00e1ulicos para maquinaria de saneamiento"},"content":{"rendered":"<p>[et_pb_section fb_built=&#8221;1&#8243; theme_builder_area=&#8221;post_content&#8221; _builder_version=&#8221;4.27.4&#8243; _module_preset=&#8221;default&#8221; alt=&#8221;Sanitation-Machinery-Hydraulic-Cylinders-Banner&#8221; title_text=&#8221;Sanitation-Machinery-Hydraulic-Cylinders-Banner&#8221; background_image=&#8221;https:\/\/fmp-components.com\/wp-content\/uploads\/2025\/03\/Sanitation-Machinery-Hydraulic-Cylinders-Banner.webp&#8221; hover_enabled=&#8221;0&#8243; sticky_enabled=&#8221;0&#8243; min_height=&#8221;470px&#8221; use_background_color_gradient=&#8221;on&#8221; background_color_gradient_stops=&#8221;rgba(0,0,0,0.2) 0%|rgba(0,0,0,0.28) 100%&#8221; background_color_gradient_overlays_image=&#8221;on&#8221;][et_pb_row _builder_version=&#8221;4.27.4&#8243; _module_preset=&#8221;default&#8221; theme_builder_area=&#8221;post_content&#8221;][et_pb_column _builder_version=&#8221;4.27.4&#8243; _module_preset=&#8221;default&#8221; type=&#8221;4_4&#8243; theme_builder_area=&#8221;post_content&#8221;][et_pb_text _builder_version=&#8221;4.27.4&#8243; _module_preset=&#8221;default&#8221; theme_builder_area=&#8221;post_content&#8221; header_font=&#8221;Frank Ruhl Libre||||||||&#8221; header_font_size=&#8221;70px&#8221; header_text_align=&#8221;center&#8221; header_text_color=&#8221;#FFFFFF&#8221; header_text_shadow_style=&#8221;preset1&#8243; hover_enabled=&#8221;0&#8243; sticky_enabled=&#8221;0&#8243;]<\/p>\n<h1>Cilindros hidr\u00e1ulicos para maquinaria de saneamiento<\/h1>\n<p>[\/et_pb_text][et_pb_text _builder_version=&#8221;4.27.4&#8243; _module_preset=&#8221;default&#8221; theme_builder_area=&#8221;post_content&#8221; text_text_color=&#8221;#FFFFFF&#8221; text_font_size=&#8221;16px&#8221; text_line_height=&#8221;1.8em&#8221; hover_enabled=&#8221;0&#8243; sticky_enabled=&#8221;0&#8243; text_text_shadow_style=&#8221;preset1&#8243;]<\/p>\n<p style=\"text-align: center;\">En FMP Company, nos especializamos en la fabricaci\u00f3n de una amplia gama de cilindros hidr\u00e1ulicos para maquinaria de saneamiento, dise\u00f1ados para satisfacer diversas necesidades de la industria. Adem\u00e1s de nuestra oferta est\u00e1ndar, tambi\u00e9n ofrecemos soluciones personalizadas adaptadas a sus necesidades espec\u00edficas. Si no encuentra el modelo que necesita en nuestra lista de productos, es probable que a\u00fan no lo hayamos publicado. No dude en enviarnos un correo electr\u00f3nico con los detalles del modelo que busca y nuestros ingenieros le responder\u00e1n en 24 horas para ayudarle.<\/p>\n<p>[\/et_pb_text][\/et_pb_column][\/et_pb_row][\/et_pb_section][et_pb_section fb_built=&#8221;1&#8243; theme_builder_area=&#8221;post_content&#8221; _builder_version=&#8221;4.27.4&#8243; _module_preset=&#8221;default&#8221;][et_pb_row _builder_version=&#8221;4.27.4&#8243; _module_preset=&#8221;default&#8221; theme_builder_area=&#8221;post_content&#8221;][et_pb_column _builder_version=&#8221;4.27.4&#8243; _module_preset=&#8221;default&#8221; type=&#8221;4_4&#8243; theme_builder_area=&#8221;post_content&#8221;][et_pb_text _builder_version=&#8221;4.27.4&#8243; _module_preset=&#8221;default&#8221; theme_builder_area=&#8221;post_content&#8221; header_2_font=&#8221;Frank Ruhl Libre||||||||&#8221; header_2_font_size=&#8221;40px&#8221; hover_enabled=&#8221;0&#8243; sticky_enabled=&#8221;0&#8243;]<\/p>\n<h2 class=\"et_pb_toggle_title\" style=\"text-align: center;\">Tipos de cilindros hidr\u00e1ulicos para maquinaria de saneamiento<\/h2>\n<p>[\/et_pb_text][\/et_pb_column][\/et_pb_row][et_pb_row _builder_version=&#8221;4.27.4&#8243; _module_preset=&#8221;default&#8221; theme_builder_area=&#8221;post_content&#8221;][et_pb_column _builder_version=&#8221;4.27.4&#8243; _module_preset=&#8221;default&#8221; type=&#8221;4_4&#8243; theme_builder_area=&#8221;post_content&#8221;][et_pb_shop _builder_version=&#8221;4.27.4&#8243; _module_preset=&#8221;default&#8221; theme_builder_area=&#8221;post_content&#8221; type=&#8221;product_category&#8221; include_categories=&#8221;23&#8243; columns_number=&#8221;3&#8243; hover_enabled=&#8221;0&#8243; sticky_enabled=&#8221;0&#8243;][\/et_pb_shop][\/et_pb_column][\/et_pb_row][\/et_pb_section][et_pb_section fb_built=&#8221;1&#8243; theme_builder_area=&#8221;post_content&#8221; _builder_version=&#8221;4.27.4&#8243; _module_preset=&#8221;default&#8221;][et_pb_row _builder_version=&#8221;4.27.4&#8243; _module_preset=&#8221;default&#8221; column_structure=&#8221;1_2,1_2&#8243; theme_builder_area=&#8221;post_content&#8221;][et_pb_column _builder_version=&#8221;4.27.4&#8243; _module_preset=&#8221;default&#8221; type=&#8221;1_2&#8243; theme_builder_area=&#8221;post_content&#8221;][et_pb_image src=&#8221;https:\/\/fmp-components.com\/wp-content\/uploads\/2025\/03\/Sanitation-Machinery-Hydraulic-Cylinders-1.webp&#8221; _builder_version=&#8221;4.27.4&#8243; _module_preset=&#8221;default&#8221; theme_builder_area=&#8221;post_content&#8221; alt=&#8221;Sanitation-Machinery-Hydraulic-Cylinders-1&#8243; title_text=&#8221;Sanitation-Machinery-Hydraulic-Cylinders-1&#8243; hover_enabled=&#8221;0&#8243; sticky_enabled=&#8221;0&#8243;][\/et_pb_image][\/et_pb_column][et_pb_column _builder_version=&#8221;4.27.4&#8243; _module_preset=&#8221;default&#8221; type=&#8221;1_2&#8243; theme_builder_area=&#8221;post_content&#8221;][et_pb_text _builder_version=&#8221;4.27.4&#8243; _module_preset=&#8221;default&#8221; theme_builder_area=&#8221;post_content&#8221; header_2_font=&#8221;Frank Ruhl Libre||||||||&#8221; header_2_font_size=&#8221;30px&#8221; hover_enabled=&#8221;0&#8243; sticky_enabled=&#8221;0&#8243;]<\/p>\n<h2>Aplicaci\u00f3n de cilindros hidr\u00e1ulicos en maquinaria de saneamiento<\/h2>\n<p>[\/et_pb_text][et_pb_text _builder_version=&#8221;4.27.4&#8243; _module_preset=&#8221;default&#8221; theme_builder_area=&#8221;post_content&#8221; text_font_size=&#8221;16px&#8221; text_line_height=&#8221;1.8em&#8221; hover_enabled=&#8221;0&#8243; sticky_enabled=&#8221;0&#8243;]<\/p>\n<p>Los cilindros hidr\u00e1ulicos desempe\u00f1an un papel fundamental en la maquinaria de saneamiento, garantizando la eficiencia en la gesti\u00f3n de residuos y las operaciones municipales. En FMP, con sede en Italia, nos especializamos en la producci\u00f3n de cilindros hidr\u00e1ulicos de alta calidad dise\u00f1ados para aplicaciones de saneamiento, como camiones barredores, camiones de basura, compactadores de basura y camiones quitanieves. Nuestro dise\u00f1o patentado por Y&amp;J ofrece una excepcional resistencia a la corrosi\u00f3n, lo que lo hace ideal para los entornos hostiles que estas m\u00e1quinas soportan. Con opciones para sistemas de amortiguaci\u00f3n unidireccionales y de doble acci\u00f3n, nuestros cilindros ofrecen un rendimiento suave y fiable, reduciendo el tiempo de inactividad y mejorando la durabilidad de los equipos de gesti\u00f3n de residuos. Ya sea para compactar basura o levantar cargas pesadas, los cilindros personalizados de FMP para maquinaria de saneamiento est\u00e1n dise\u00f1ados para satisfacer las rigurosas exigencias de la industria.<\/p>\n<p>[\/et_pb_text][\/et_pb_column][\/et_pb_row][et_pb_row _builder_version=&#8221;4.27.4&#8243; _module_preset=&#8221;default&#8221; theme_builder_area=&#8221;post_content&#8221;][et_pb_column _builder_version=&#8221;4.27.4&#8243; _module_preset=&#8221;default&#8221; type=&#8221;4_4&#8243; theme_builder_area=&#8221;post_content&#8221;][et_pb_text _builder_version=&#8221;4.27.4&#8243; _module_preset=&#8221;default&#8221; theme_builder_area=&#8221;post_content&#8221; text_font_size=&#8221;16px&#8221; text_line_height=&#8221;1.8em&#8221; hover_enabled=&#8221;0&#8243; sticky_enabled=&#8221;0&#8243;]<\/p>\n<p>La experiencia de FMP abarca una amplia gama de aplicaciones en maquinaria de saneamiento, desde cilindros hidr\u00e1ulicos para compactadoras de residuos y estaciones de transferencia hasta unidades de repuesto para veh\u00edculos municipales, como cargadoras traseras y volquetes. Nuestra f\u00e1brica en Italia utiliza t\u00e9cnicas de fabricaci\u00f3n avanzadas para producir cilindros con materiales de alta resistencia, como tubos CDS, lo que garantiza una larga vida \u00fatil y un rendimiento superior incluso en condiciones extremas. Estos cilindros, que incluyen dise\u00f1os telesc\u00f3picos de doble efecto, abordan problemas comunes como el ruido, la fluencia y la expansi\u00f3n de los tubos, a la vez que superan rigurosas pruebas de niebla salina neutra de 96 horas (NSS Grado 9) para una mayor resistencia a la corrosi\u00f3n. Al centrarse en la innovaci\u00f3n y la personalizaci\u00f3n, FMP ofrece soluciones rentables y de bajo mantenimiento que permiten a nuestros clientes optimizar sus flotas de saneamiento y sistemas de gesti\u00f3n de residuos de forma eficiente.<\/p>\n<p>[\/et_pb_text][\/et_pb_column][\/et_pb_row][\/et_pb_section][et_pb_section fb_built=&#8221;1&#8243; theme_builder_area=&#8221;post_content&#8221; _builder_version=&#8221;4.27.4&#8243; _module_preset=&#8221;default&#8221; alt=&#8221;Sanitation-Machinery-Hydraulic-Cylinders&#8221; title_text=&#8221;Sanitation-Machinery-Hydraulic-Cylinders&#8221; background_image=&#8221;https:\/\/fmp-components.com\/wp-content\/uploads\/2025\/03\/Generated-Image-March-27-2025-4_22PM.webp&#8221; hover_enabled=&#8221;0&#8243; sticky_enabled=&#8221;0&#8243; min_height=&#8221;453px&#8221;][et_pb_row _builder_version=&#8221;4.27.4&#8243; _module_preset=&#8221;default&#8221; theme_builder_area=&#8221;post_content&#8221;][et_pb_column _builder_version=&#8221;4.27.4&#8243; _module_preset=&#8221;default&#8221; type=&#8221;4_4&#8243; theme_builder_area=&#8221;post_content&#8221;][\/et_pb_column][\/et_pb_row][\/et_pb_section]<\/p>","protected":false},"excerpt":{"rendered":"<p>Sanitation Machinery Hydraulic CylindersAt FMP Company, we specialize in manufacturing a wide range of Sanitation Machinery Hydraulic Cylinders designed to meet diverse industry needs. In addition to our standard offerings, we also provide customized solutions tailored to your specific requirements. If you don\u2019t find the model you need in our product list, it\u2019s likely we [&hellip;]<\/p>","protected":false},"author":2,"featured_media":0,"parent":0,"menu_order":0,"comment_status":"closed","ping_status":"closed","template":"","meta":{"_et_pb_use_builder":"on","_et_pb_old_content":"","_et_gb_content_width":"","footnotes":""},"class_list":["post-7523","page","type-page","status-publish","hentry"],"_links":{"self":[{"href":"https:\/\/fmp-components.com\/es\/wp-json\/wp\/v2\/pages\/7523","targetHints":{"allow":["GET"]}}],"collection":[{"href":"https:\/\/fmp-components.com\/es\/wp-json\/wp\/v2\/pages"}],"about":[{"href":"https:\/\/fmp-components.com\/es\/wp-json\/wp\/v2\/types\/page"}],"author":[{"embeddable":true,"href":"https:\/\/fmp-components.com\/es\/wp-json\/wp\/v2\/users\/2"}],"replies":[{"embeddable":true,"href":"https:\/\/fmp-components.com\/es\/wp-json\/wp\/v2\/comments?post=7523"}],"version-history":[{"count":8,"href":"https:\/\/fmp-components.com\/es\/wp-json\/wp\/v2\/pages\/7523\/revisions"}],"predecessor-version":[{"id":7538,"href":"https:\/\/fmp-components.com\/es\/wp-json\/wp\/v2\/pages\/7523\/revisions\/7538"}],"wp:attachment":[{"href":"https:\/\/fmp-components.com\/es\/wp-json\/wp\/v2\/media?parent=7523"}],"curies":[{"name":"gracias","href":"https:\/\/api.w.org\/{rel}","templated":true}]}}