{"id":7511,"date":"2025-03-27T05:42:56","date_gmt":"2025-03-27T05:42:56","guid":{"rendered":"https:\/\/fmp-components.com\/?page_id=7511"},"modified":"2025-03-27T06:33:13","modified_gmt":"2025-03-27T06:33:13","slug":"aerial-work-vehicle-hydraulic-cylinders-2","status":"publish","type":"page","link":"https:\/\/fmp-components.com\/es\/aerial-work-vehicle-hydraulic-cylinders-2\/","title":{"rendered":"Cilindros hidr\u00e1ulicos para veh\u00edculos de trabajo a\u00e9reo"},"content":{"rendered":"<p>[et_pb_section fb_built=&#8221;1&#8243; theme_builder_area=&#8221;post_content&#8221; _builder_version=&#8221;4.27.4&#8243; _module_preset=&#8221;default&#8221; alt=&#8221;Aerial-Work-Vehicle-Hydraulic-Cylinders-banner&#8221; title_text=&#8221;Aerial-Work-Vehicle-Hydraulic-Cylinders-banner&#8221; background_image=&#8221;https:\/\/fmp-components.com\/wp-content\/uploads\/2025\/03\/Aerial-Work-Vehicle-Hydraulic-Cylinders-banner.webp&#8221; hover_enabled=&#8221;0&#8243; sticky_enabled=&#8221;0&#8243; min_height=&#8221;348px&#8221; use_background_color_gradient=&#8221;on&#8221; background_color_gradient_stops=&#8221;rgba(0,0,0,0.35) 0%|rgba(0,0,0,0.3) 100%&#8221; background_color_gradient_overlays_image=&#8221;on&#8221;][et_pb_row _builder_version=&#8221;4.27.4&#8243; _module_preset=&#8221;default&#8221; theme_builder_area=&#8221;post_content&#8221;][et_pb_column _builder_version=&#8221;4.27.4&#8243; _module_preset=&#8221;default&#8221; type=&#8221;4_4&#8243; theme_builder_area=&#8221;post_content&#8221;][et_pb_text _builder_version=&#8221;4.27.4&#8243; _module_preset=&#8221;default&#8221; theme_builder_area=&#8221;post_content&#8221; header_font=&#8221;Frank Ruhl Libre||||||||&#8221; header_font_size=&#8221;70px&#8221; header_text_color=&#8221;#FFFFFF&#8221; header_text_shadow_style=&#8221;preset1&#8243; hover_enabled=&#8221;0&#8243; sticky_enabled=&#8221;0&#8243;]<\/p>\n<h1 style=\"text-align: center;\">Cilindros hidr\u00e1ulicos para veh\u00edculos de trabajo a\u00e9reo<\/h1>\n<p>[\/et_pb_text][et_pb_text _builder_version=&#8221;4.27.4&#8243; _module_preset=&#8221;default&#8221; theme_builder_area=&#8221;post_content&#8221; text_text_color=&#8221;#FFFFFF&#8221; text_font_size=&#8221;16px&#8221; text_line_height=&#8221;1.8em&#8221; hover_enabled=&#8221;0&#8243; sticky_enabled=&#8221;0&#8243;]<\/p>\n<p style=\"text-align: center;\">En FMP Company, nos especializamos en la fabricaci\u00f3n de una amplia gama de cilindros hidr\u00e1ulicos para veh\u00edculos de trabajo a\u00e9reo, dise\u00f1ados para satisfacer diversas necesidades de la industria. Adem\u00e1s de nuestra extensa gama de productos, tambi\u00e9n ofrecemos soluciones personalizadas adaptadas a sus necesidades espec\u00edficas. Si no encuentra el modelo que necesita en nuestra lista de productos, significa que a\u00fan no lo hemos publicado. No dude en enviarnos un correo electr\u00f3nico con las especificaciones deseadas y nuestros ingenieros expertos le responder\u00e1n en 24 horas para ayudarle.<\/p>\n<p>[\/et_pb_text][\/et_pb_column][\/et_pb_row][\/et_pb_section][et_pb_section fb_built=&#8221;1&#8243; theme_builder_area=&#8221;post_content&#8221; _builder_version=&#8221;4.27.4&#8243; _module_preset=&#8221;default&#8221;][et_pb_row _builder_version=&#8221;4.27.4&#8243; _module_preset=&#8221;default&#8221; theme_builder_area=&#8221;post_content&#8221;][et_pb_column _builder_version=&#8221;4.27.4&#8243; _module_preset=&#8221;default&#8221; type=&#8221;4_4&#8243; theme_builder_area=&#8221;post_content&#8221;][et_pb_shop _builder_version=&#8221;4.27.4&#8243; _module_preset=&#8221;default&#8221; theme_builder_area=&#8221;post_content&#8221; type=&#8221;product_category&#8221; include_categories=&#8221;22&#8243; columns_number=&#8221;3&#8243; hover_enabled=&#8221;0&#8243; sticky_enabled=&#8221;0&#8243;][\/et_pb_shop][\/et_pb_column][\/et_pb_row][\/et_pb_section][et_pb_section fb_built=&#8221;1&#8243; theme_builder_area=&#8221;post_content&#8221; _builder_version=&#8221;4.27.4&#8243; _module_preset=&#8221;default&#8221;][et_pb_row _builder_version=&#8221;4.27.4&#8243; _module_preset=&#8221;default&#8221; theme_builder_area=&#8221;post_content&#8221; column_structure=&#8221;1_2,1_2&#8243;][et_pb_column _builder_version=&#8221;4.27.4&#8243; _module_preset=&#8221;default&#8221; type=&#8221;1_2&#8243; theme_builder_area=&#8221;post_content&#8221;][et_pb_image src=&#8221;https:\/\/fmp-components.com\/wp-content\/uploads\/2025\/03\/aerial-work-platforms-hydraulic-cylinder-1.webp&#8221; _builder_version=&#8221;4.27.4&#8243; _module_preset=&#8221;default&#8221; theme_builder_area=&#8221;post_content&#8221; alt=&#8221;aerial-work-platforms-hydraulic-cylinder-1&#8243; title_text=&#8221;aerial-work-platforms-hydraulic-cylinder-1&#8243; hover_enabled=&#8221;0&#8243; sticky_enabled=&#8221;0&#8243;][\/et_pb_image][\/et_pb_column][et_pb_column _builder_version=&#8221;4.27.4&#8243; _module_preset=&#8221;default&#8221; type=&#8221;1_2&#8243; theme_builder_area=&#8221;post_content&#8221;][et_pb_text _builder_version=&#8221;4.27.4&#8243; _module_preset=&#8221;default&#8221; theme_builder_area=&#8221;post_content&#8221; hover_enabled=&#8221;0&#8243; sticky_enabled=&#8221;0&#8243; header_2_font=&#8221;Frank Ruhl Libre||||||||&#8221; header_2_font_size=&#8221;35px&#8221;]<\/p>\n<h2>Cilindros hidr\u00e1ulicos en veh\u00edculos de trabajo a\u00e9reo<\/h2>\n<p>Los cilindros hidr\u00e1ulicos son la piedra angular de los veh\u00edculos de trabajo a\u00e9reo (VTA), ya que garantizan el movimiento preciso y la estabilidad de plataformas como elevadores de tijera, plataformas elevadoras de pluma montadas en remolque, plataformas elevadoras de pluma accionadas por motor y elevadores de m\u00e1stil vertical. Al trabajar en altura, la confiabilidad es fundamental, y trabajar con los expertos de FMPde garantiza el cumplimiento de est\u00e1ndares de seguridad y rendimiento como los requisitos ANSI y CSA. Desde la nivelaci\u00f3n de la cesta de trabajo hasta la extensi\u00f3n de la pluma principal, los cilindros hidr\u00e1ulicos permiten a los VTA realizar tareas cr\u00edticas en industrias como la construcci\u00f3n, el mantenimiento y los servicios p\u00fablicos. Cada tipo de cilindro, ya sea un cilindro de nivelaci\u00f3n superior que mantiene la pluma principal en posici\u00f3n horizontal o un cilindro de extensi\u00f3n de la pluma principal que controla la longitud de la pluma, trabaja en conjunto para proporcionar un funcionamiento suave y controlado en condiciones exigentes.<\/p>\n<p>[\/et_pb_text][\/et_pb_column][\/et_pb_row][et_pb_row _builder_version=&#8221;4.27.4&#8243; _module_preset=&#8221;default&#8221; theme_builder_area=&#8221;post_content&#8221;][et_pb_column _builder_version=&#8221;4.27.4&#8243; _module_preset=&#8221;default&#8221; type=&#8221;4_4&#8243; theme_builder_area=&#8221;post_content&#8221;][et_pb_text _builder_version=&#8221;4.27.4&#8243; _module_preset=&#8221;default&#8221; theme_builder_area=&#8221;post_content&#8221; hover_enabled=&#8221;0&#8243; sticky_enabled=&#8221;0&#8243;]<\/p>\n<p>En los veh\u00edculos de trabajo a\u00e9reo (AWV), los cilindros hidr\u00e1ulicos especializados cumplen funciones espec\u00edficas para mejorar la funcionalidad y la seguridad. El cilindro voladizo ajusta el \u00e1ngulo horizontal de la cesta de trabajo, mientras que el cilindro de \u00e1ngulo del brazo plegable modifica el \u00e1ngulo de las plumas articuladas para satisfacer diversas necesidades de trabajo. Los cilindros de direcci\u00f3n facilitan el movimiento aut\u00f3nomo y los cilindros flotantes absorben los impactos para mantener el equilibrio en terrenos irregulares. Por otro lado, el cilindro de \u00e1ngulo de la pluma principal soporta el posicionamiento de todo el brazo, garantizando la integridad estructural a gran altura. Con un equipo de ingenieros cualificados detr\u00e1s de su dise\u00f1o, estos cilindros ofrecen la precisi\u00f3n y la durabilidad necesarias para aplicaciones a\u00e9reas, lo que hace que los sistemas hidr\u00e1ulicos sean indispensables para operaciones seguras y eficientes a gran altitud.<\/p>\n<p>[\/et_pb_text][\/et_pb_column][\/et_pb_row][\/et_pb_section]<\/p>","protected":false},"excerpt":{"rendered":"<p>Aerial Work Vehicle Hydraulic CylindersAt FMP Company, we specialize in manufacturing a wide range of Aerial Work Vehicle Hydraulic Cylinders designed to meet diverse industry needs. In addition to our extensive product lineup, we also offer customized solutions tailored to your specific requirements. If you don\u2019t find the model you need in our product list, [&hellip;]<\/p>","protected":false},"author":2,"featured_media":0,"parent":0,"menu_order":0,"comment_status":"closed","ping_status":"closed","template":"","meta":{"_et_pb_use_builder":"on","_et_pb_old_content":"","_et_gb_content_width":"","footnotes":""},"class_list":["post-7511","page","type-page","status-publish","hentry"],"_links":{"self":[{"href":"https:\/\/fmp-components.com\/es\/wp-json\/wp\/v2\/pages\/7511","targetHints":{"allow":["GET"]}}],"collection":[{"href":"https:\/\/fmp-components.com\/es\/wp-json\/wp\/v2\/pages"}],"about":[{"href":"https:\/\/fmp-components.com\/es\/wp-json\/wp\/v2\/types\/page"}],"author":[{"embeddable":true,"href":"https:\/\/fmp-components.com\/es\/wp-json\/wp\/v2\/users\/2"}],"replies":[{"embeddable":true,"href":"https:\/\/fmp-components.com\/es\/wp-json\/wp\/v2\/comments?post=7511"}],"version-history":[{"count":7,"href":"https:\/\/fmp-components.com\/es\/wp-json\/wp\/v2\/pages\/7511\/revisions"}],"predecessor-version":[{"id":7522,"href":"https:\/\/fmp-components.com\/es\/wp-json\/wp\/v2\/pages\/7511\/revisions\/7522"}],"wp:attachment":[{"href":"https:\/\/fmp-components.com\/es\/wp-json\/wp\/v2\/media?parent=7511"}],"curies":[{"name":"gracias","href":"https:\/\/api.w.org\/{rel}","templated":true}]}}