{"id":6269,"date":"2025-03-07T03:38:27","date_gmt":"2025-03-07T03:38:27","guid":{"rendered":"https:\/\/fmp-components.com\/?page_id=6269"},"modified":"2025-03-07T06:14:40","modified_gmt":"2025-03-07T06:14:40","slug":"steel-2","status":"publish","type":"page","link":"https:\/\/fmp-components.com\/es\/steel-2\/","title":{"rendered":"Acero"},"content":{"rendered":"<p>[et_pb_section fb_built=&#8221;1&#8243; theme_builder_area=&#8221;post_content&#8221; _builder_version=&#8221;4.27.4&#8243; _module_preset=&#8221;default&#8221; alt=&#8221;Steel&#8221; title_text=&#8221;steel-banner&#8221; background_image=&#8221;https:\/\/fmp-components.com\/wp-content\/uploads\/2025\/03\/steel-banner.webp&#8221; hover_enabled=&#8221;0&#8243; sticky_enabled=&#8221;0&#8243; min_height=&#8221;447px&#8221; use_background_color_gradient=&#8221;on&#8221; background_color_gradient_stops=&#8221;rgba(0,0,0,0.2) 0%|rgba(0,0,0,0.15) 100%&#8221; background_color_gradient_overlays_image=&#8221;on&#8221;][et_pb_row _builder_version=&#8221;4.27.4&#8243; _module_preset=&#8221;default&#8221; theme_builder_area=&#8221;post_content&#8221;][et_pb_column _builder_version=&#8221;4.27.4&#8243; _module_preset=&#8221;default&#8221; type=&#8221;4_4&#8243; theme_builder_area=&#8221;post_content&#8221;][et_pb_text _builder_version=&#8221;4.27.4&#8243; _module_preset=&#8221;default&#8221; theme_builder_area=&#8221;post_content&#8221; text_orientation=&#8221;center&#8221; text_text_color=&#8221;#FFFFFF&#8221; header_font=&#8221;Frank Ruhl Libre||||||||&#8221; header_text_align=&#8221;center&#8221; header_text_color=&#8221;#FFFFFF&#8221; header_font_size=&#8221;70px&#8221; header_text_shadow_style=&#8221;preset1&#8243; hover_enabled=&#8221;0&#8243; sticky_enabled=&#8221;0&#8243;]<\/p>\n<h1 style=\"text-align: center;\">Acero<\/h1>\n<p>[\/et_pb_text][\/et_pb_column][\/et_pb_row][\/et_pb_section][et_pb_section fb_built=&#8221;1&#8243; theme_builder_area=&#8221;post_content&#8221; _builder_version=&#8221;4.27.4&#8243; _module_preset=&#8221;default&#8221;][et_pb_row _builder_version=&#8221;4.27.4&#8243; _module_preset=&#8221;default&#8221; theme_builder_area=&#8221;post_content&#8221;][et_pb_column _builder_version=&#8221;4.27.4&#8243; _module_preset=&#8221;default&#8221; type=&#8221;4_4&#8243; theme_builder_area=&#8221;post_content&#8221;][et_pb_text _builder_version=&#8221;4.27.4&#8243; _module_preset=&#8221;default&#8221; theme_builder_area=&#8221;post_content&#8221; header_font=&#8221;Frank Ruhl Libre||||||||&#8221; header_2_font=&#8221;Frank Ruhl Libre||||||||&#8221; header_2_font_size=&#8221;35px&#8221; hover_enabled=&#8221;0&#8243; sticky_enabled=&#8221;0&#8243;]<\/p>\n<h2>Soluciones de acero de FMP: Impulsando las industrias italianas con calidad y precisi\u00f3n<\/h2>\n<p>[\/et_pb_text][et_pb_text _builder_version=&#8221;4.27.4&#8243; _module_preset=&#8221;default&#8221; theme_builder_area=&#8221;post_content&#8221; text_font_size=&#8221;16px&#8221; text_line_height=&#8221;1.8em&#8221; hover_enabled=&#8221;0&#8243; sticky_enabled=&#8221;0&#8243;]<\/p>\n<p>En lo que respecta al acero, FMP Company se erige como un l\u00edder de confianza en Italia, ofreciendo una amplia gama de productos de acero de alta calidad para satisfacer las necesidades de industrias, artesanos e innovadores de toda la pen\u00ednsula. El acero \u2014una aleaci\u00f3n de hierro y carbono con un contenido de carbono de hasta 2%\u2014 es la columna vertebral de la infraestructura moderna, desde los imponentes rascacielos de Mil\u00e1n hasta la compleja maquinaria de los talleres de la Toscana. En FMP, ofrecemos una amplia gama de tipos de acero, que incluyen acero al carbono, acero aleado, acero inoxidable y acero para herramientas, todos fabricados para las diversas aplicaciones de Italia.<\/p>\n<p>[\/et_pb_text][\/et_pb_column][\/et_pb_row][et_pb_row _builder_version=&#8221;4.27.4&#8243; _module_preset=&#8221;default&#8221; theme_builder_area=&#8221;post_content&#8221;][et_pb_column _builder_version=&#8221;4.27.4&#8243; _module_preset=&#8221;default&#8221; type=&#8221;4_4&#8243; theme_builder_area=&#8221;post_content&#8221;][et_pb_text _builder_version=&#8221;4.27.4&#8243; _module_preset=&#8221;default&#8221; theme_builder_area=&#8221;post_content&#8221; header_font=&#8221;Frank Ruhl Libre||||||||&#8221; header_2_font=&#8221;Frank Ruhl Libre||||||||&#8221; header_2_font_size=&#8221;35px&#8221; hover_enabled=&#8221;0&#8243; sticky_enabled=&#8221;0&#8243;]<\/p>\n<h2>\u00bfQu\u00e9 hace que el acero sea esencial?<\/h2>\n<p>[\/et_pb_text][et_pb_text _builder_version=&#8221;4.27.4&#8243; _module_preset=&#8221;default&#8221; theme_builder_area=&#8221;post_content&#8221; text_font_size=&#8221;16px&#8221; text_line_height=&#8221;1.8em&#8221; hover_enabled=&#8221;0&#8243; sticky_enabled=&#8221;0&#8243;]<\/p>\n<p>La versatilidad del acero reside en su composici\u00f3n \u00fanica: hierro, uno de los elementos m\u00e1s abundantes de la Tierra, combinado con carbono para crear un material m\u00e1s resistente y duradero que el hierro puro. Con una producci\u00f3n mundial de 1.600 millones de toneladas en 2013 (en comparaci\u00f3n con tan solo 47 millones de toneladas de aluminio, el siguiente metal de ingenier\u00eda m\u00e1s importante), el acero se consolida como el material m\u00e1s utilizado en el mundo. Da forma a todo, desde agujas de coser hasta petroleros, e incluso a las herramientas que se utilizan para fabricarlos. En FMP, aprovechamos las inigualables propiedades mec\u00e1nicas del acero, gracias a sus estructuras cristalinas como la ferrita, la austenita y la martensita, para ofrecer productos a la medida de las demandas industriales y creativas de Italia.<\/p>\n<p>[\/et_pb_text][\/et_pb_column][\/et_pb_row][et_pb_row _builder_version=&#8221;4.27.4&#8243; _module_preset=&#8221;default&#8221; theme_builder_area=&#8221;post_content&#8221;][et_pb_column _builder_version=&#8221;4.27.4&#8243; _module_preset=&#8221;default&#8221; type=&#8221;4_4&#8243; theme_builder_area=&#8221;post_content&#8221;][et_pb_image src=&#8221;https:\/\/fmp-components.com\/wp-content\/uploads\/2025\/03\/steel-product.webp&#8221; _builder_version=&#8221;4.27.4&#8243; _module_preset=&#8221;default&#8221; theme_builder_area=&#8221;post_content&#8221; alt=&#8221;steel product&#8221; title_text=&#8221;steel-product&#8221; hover_enabled=&#8221;0&#8243; sticky_enabled=&#8221;0&#8243; align=&#8221;center&#8221;][\/et_pb_image][\/et_pb_column][\/et_pb_row][et_pb_row _builder_version=&#8221;4.27.4&#8243; _module_preset=&#8221;default&#8221; theme_builder_area=&#8221;post_content&#8221; custom_padding=&#8221;||3px|||&#8221;][et_pb_column _builder_version=&#8221;4.27.4&#8243; _module_preset=&#8221;default&#8221; type=&#8221;4_4&#8243; theme_builder_area=&#8221;post_content&#8221;][et_pb_text _builder_version=&#8221;4.27.4&#8243; _module_preset=&#8221;default&#8221; theme_builder_area=&#8221;post_content&#8221; header_2_font=&#8221;Frank Ruhl Libre||||||||&#8221; header_2_font_size=&#8221;35px&#8221; hover_enabled=&#8221;0&#8243; sticky_enabled=&#8221;0&#8243;]<\/p>\n<h2 style=\"text-align: center;\">\u00bfPor qu\u00e9 elegir los productos de acero FMP en Italia?<\/h2>\n<p>[\/et_pb_text][\/et_pb_column][\/et_pb_row][et_pb_row _builder_version=&#8221;4.27.4&#8243; _module_preset=&#8221;default&#8221; column_structure=&#8221;1_3,1_3,1_3&#8243; theme_builder_area=&#8221;post_content&#8221; use_custom_gutter=&#8221;on&#8221; gutter_width=&#8221;2&#8243; width=&#8221;100%&#8221; max_width=&#8221;1100px&#8221; hover_enabled=&#8221;0&#8243; sticky_enabled=&#8221;0&#8243;][et_pb_column _builder_version=&#8221;4.27.4&#8243; _module_preset=&#8221;default&#8221; type=&#8221;1_3&#8243; theme_builder_area=&#8221;post_content&#8221;][et_pb_text _builder_version=&#8221;4.27.4&#8243; _module_preset=&#8221;default&#8221; theme_builder_area=&#8221;post_content&#8221; header_3_font=&#8221;Frank Ruhl Libre||||||||&#8221; hover_enabled=&#8221;0&#8243; sticky_enabled=&#8221;0&#8243;]<\/p>\n<h3>Cartera completa de acero<\/h3>\n<div>\n<p>En FMP, nos enorgullecemos de ofrecer una amplia variedad de grados de acero para satisfacer cada necesidad:<\/p>\n<ul class=\"marker:text-secondary\">\n<li class=\"break-words\"><strong>Aceros al carbono<\/strong>:Desde bajo contenido de carbono (0,05-0,19%) para paneles de autom\u00f3viles hasta alto contenido de carbono (por encima de 0,5%) para rieles de ferrocarril.<\/li>\n<li class=\"break-words\"><strong>Aceros aleados<\/strong>:Mejorado con elementos como n\u00edquel, cromo y molibdeno para una resistencia superior y resistencia a la corrosi\u00f3n.<\/li>\n<li class=\"break-words\"><strong>Aceros inoxidables<\/strong>:Perfecto para los sectores de procesamiento de alimentos y m\u00e9dicos de Italia, resistiendo el \u00f3xido en climas h\u00famedos como Venecia.<\/li>\n<li class=\"break-words\"><strong>Aceros para herramientas<\/strong>:Templado para herramientas de corte de precisi\u00f3n utilizadas en los talleres de ingenier\u00eda de Bolonia.<br \/>Nuestra gama abarca desde alambres trefilados de tan solo 0,013 mm de grosor hasta barras forjadas de hasta 1.100 mm de di\u00e1metro, lo que garantiza que tenemos el acero adecuado para su proyecto.<\/li>\n<\/ul>\n<\/div>\n<p>[\/et_pb_text][\/et_pb_column][et_pb_column _builder_version=&#8221;4.27.4&#8243; _module_preset=&#8221;default&#8221; type=&#8221;1_3&#8243; theme_builder_area=&#8221;post_content&#8221;][et_pb_text _builder_version=&#8221;4.27.4&#8243; _module_preset=&#8221;default&#8221; theme_builder_area=&#8221;post_content&#8221; header_3_font=&#8221;Frank Ruhl Libre||||||||&#8221; hover_enabled=&#8221;0&#8243; sticky_enabled=&#8221;0&#8243;]<\/p>\n<h3>Experiencia en fabricaci\u00f3n avanzada<\/h3>\n<div>\n<p>La resistencia del acero reside en su microestructura, ya sea la ferrita c\u00fabica centrada en el cuerpo (bcc) por debajo de 912 \u00b0C o la austenita c\u00fabica centrada en la cara (fcc) entre 912 \u00b0C y 1394 \u00b0C. En FMP, dominamos estas transformaciones mediante tratamientos t\u00e9rmicos precisos, como el temple y el revenido, para producir martensita (con una dureza de hasta 1000 DPH) o perlita tenaz (alrededor de 200 DPH). Nuestras instalaciones de vanguardia en Italia garantizan que cada producto de acero cumpla con normas internacionales como la ISO 4184, lo que garantiza la fiabilidad de sus aplicaciones.<\/p>\n<\/div>\n<p>[\/et_pb_text][\/et_pb_column][et_pb_column _builder_version=&#8221;4.27.4&#8243; _module_preset=&#8221;default&#8221; type=&#8221;1_3&#8243; theme_builder_area=&#8221;post_content&#8221;][et_pb_text _builder_version=&#8221;4.27.4&#8243; _module_preset=&#8221;default&#8221; theme_builder_area=&#8221;post_content&#8221; header_3_font=&#8221;Frank Ruhl Libre||||||||&#8221; hover_enabled=&#8221;0&#8243; sticky_enabled=&#8221;0&#8243;]<\/p>\n<h3>Personalizaci\u00f3n para las necesidades italianas<\/h3>\n<div>\n<p>\u00bfNo encuentra el acero que necesita? FMP se especializa en soluciones a medida. Ya sea que necesite un acero bajo en carbono con alta soldabilidad para un astillero de N\u00e1poles o una aleaci\u00f3n de alta resistencia para un proyecto aeroespacial en Tur\u00edn, adaptamos nuestro acero a sus especificaciones. Cont\u00e1ctenos. <a href=\"mailto:info@fmpcomponents.it\">info@fmpcomponents.it<\/a>y nuestros ingenieros crear\u00e1n un producto que se ajuste a sus requisitos exactos, hasta el tama\u00f1o del grano y la composici\u00f3n de la aleaci\u00f3n.<\/p>\n<\/div>\n<p>[\/et_pb_text][\/et_pb_column][\/et_pb_row][et_pb_row _builder_version=&#8221;4.27.4&#8243; _module_preset=&#8221;default&#8221; column_structure=&#8221;1_3,1_3,1_3&#8243; theme_builder_area=&#8221;post_content&#8221; use_custom_gutter=&#8221;on&#8221; gutter_width=&#8221;2&#8243; width=&#8221;100%&#8221; max_width=&#8221;1100px&#8221; hover_enabled=&#8221;0&#8243; sticky_enabled=&#8221;0&#8243;][et_pb_column _builder_version=&#8221;4.27.4&#8243; _module_preset=&#8221;default&#8221; type=&#8221;1_3&#8243; theme_builder_area=&#8221;post_content&#8221;][et_pb_text _builder_version=&#8221;4.27.4&#8243; _module_preset=&#8221;default&#8221; theme_builder_area=&#8221;post_content&#8221; header_3_font=&#8221;Frank Ruhl Libre||||||||&#8221; hover_enabled=&#8221;0&#8243; sticky_enabled=&#8221;0&#8243;]<\/p>\n<h3>Compromiso local italiano<\/h3>\n<div>\n<p>Estamos radicados en Italia y contamos con un equipo de atenci\u00f3n al cliente que habla italiano con fluidez. Nuestros expertos ofrecen asistencia pr\u00e1ctica, desde la selecci\u00f3n del grado de acero adecuado hasta el asesoramiento sobre instalaci\u00f3n y mantenimiento. \u00bfNecesita acero para un proyecto sostenible en Florencia? Fabricadas con chatarra reciclada de hasta 94% y un proceso con bajas emisiones de CO2, nuestras opciones de acero ecol\u00f3gico reducen la huella ambiental en 83%, ideales para el futuro ecol\u00f3gico de Italia.<\/p>\n<\/div>\n<p>[\/et_pb_text][\/et_pb_column][et_pb_column _builder_version=&#8221;4.27.4&#8243; _module_preset=&#8221;default&#8221; type=&#8221;1_3&#8243; theme_builder_area=&#8221;post_content&#8221;][et_pb_text _builder_version=&#8221;4.27.4&#8243; _module_preset=&#8221;default&#8221; theme_builder_area=&#8221;post_content&#8221; header_3_font=&#8221;Frank Ruhl Libre||||||||&#8221; hover_enabled=&#8221;0&#8243; sticky_enabled=&#8221;0&#8243;]<\/p>\n<h3>Durabilidad y propiedades inigualables<\/h3>\n<div>\n<p>Las propiedades del acero se mejoran con carbono y elementos de aleaci\u00f3n. Por ejemplo, la adici\u00f3n de carbono 0.77% crea perlita, mientras que el enfriamiento r\u00e1pido forma martensita para obtener la m\u00e1xima dureza. En FMP, tambi\u00e9n realizamos aleaciones con elementos como titanio, vanadio y manganeso para aumentar la resistencia, la templabilidad y la resistencia al desgaste, ideales para los sectores de la construcci\u00f3n, la automoci\u00f3n y la energ\u00eda en Italia. Nuestro acero resiste las tensiones mec\u00e1nicas de las almazaras de Apulia y el aire corrosivo del mar de Liguria.<\/p>\n<\/div>\n<p>[\/et_pb_text][\/et_pb_column][et_pb_column _builder_version=&#8221;4.27.4&#8243; _module_preset=&#8221;default&#8221; type=&#8221;1_3&#8243; theme_builder_area=&#8221;post_content&#8221;][et_pb_text _builder_version=&#8221;4.27.4&#8243; _module_preset=&#8221;default&#8221; theme_builder_area=&#8221;post_content&#8221; header_3_font=&#8221;Frank Ruhl Libre||||||||&#8221; hover_enabled=&#8221;0&#8243; sticky_enabled=&#8221;0&#8243;]<\/p>\n<h3>Con la confianza de las industrias italianas<\/h3>\n<div>\n<p>Desde la agricultura en Sicilia hasta la ingenier\u00eda mec\u00e1nica en Emilia-Roma\u00f1a, el acero FMP impulsa los sectores clave de Italia. Nuestros aceros de baja aleaci\u00f3n y alta resistencia (HSLA) sirven de soporte para tuber\u00edas y estructuras marinas, mientras que los aceros de f\u00e1cil mecanizado con inclusiones de azufre y plomo mejoran la vida \u00fatil de las herramientas de los fabricantes de Brescia. Con m\u00e1s de 20 a\u00f1os de experiencia, nos hemos ganado la confianza de los profesionales italianos ofreciendo calidad, precisi\u00f3n e innovaci\u00f3n.<\/p>\n<\/div>\n<p>[\/et_pb_text][\/et_pb_column][\/et_pb_row][et_pb_row _builder_version=&#8221;4.27.4&#8243; _module_preset=&#8221;default&#8221; theme_builder_area=&#8221;post_content&#8221;][et_pb_column _builder_version=&#8221;4.27.4&#8243; _module_preset=&#8221;default&#8221; type=&#8221;4_4&#8243; theme_builder_area=&#8221;post_content&#8221;][et_pb_image src=&#8221;https:\/\/fmp-components.com\/wp-content\/uploads\/2025\/03\/steel-product-1.webp&#8221; _builder_version=&#8221;4.27.4&#8243; _module_preset=&#8221;default&#8221; theme_builder_area=&#8221;post_content&#8221; alt=&#8221;steel product&#8221; title_text=&#8221;steel-product-1&#8243; hover_enabled=&#8221;0&#8243; sticky_enabled=&#8221;0&#8243; align=&#8221;center&#8221;][\/et_pb_image][\/et_pb_column][\/et_pb_row][et_pb_row _builder_version=&#8221;4.27.4&#8243; _module_preset=&#8221;default&#8221; theme_builder_area=&#8221;post_content&#8221; column_structure=&#8221;1_2,1_2&#8243;][et_pb_column _builder_version=&#8221;4.27.4&#8243; _module_preset=&#8221;default&#8221; type=&#8221;1_2&#8243; theme_builder_area=&#8221;post_content&#8221;][et_pb_text _builder_version=&#8221;4.27.4&#8243; _module_preset=&#8221;default&#8221; theme_builder_area=&#8221;post_content&#8221; header_2_font=&#8221;Frank Ruhl Libre||||||||&#8221; header_2_font_size=&#8221;30px&#8221; header_2_text_align=&#8221;left&#8221; text_font_size=&#8221;16px&#8221; text_line_height=&#8221;1.8em&#8221; hover_enabled=&#8221;0&#8243; sticky_enabled=&#8221;0&#8243;]<\/p>\n<h2 style=\"text-align: left;\">Aplicaciones del acero en Italia<\/h2>\n<p>La versatilidad del acero brilla en el diverso paisaje de Italia:<\/p>\n<p>Construcci\u00f3n: Con placas de acero con medio contenido de carbono se construyen puentes en G\u00e9nova y rascacielos en Mil\u00e1n.<br \/>Automoci\u00f3n: L\u00e1minas bajas en carbono forman carrocer\u00edas de coches en las f\u00e1bricas de Tur\u00edn.<br \/>Agricultura: Los aceros para herramientas fabrican equipos duraderos para los vi\u00f1edos de Umbr\u00eda.<br \/>Energ\u00eda: Los aceros aleados refuerzan los aerogeneradores a lo largo de la costa adri\u00e1tica.<\/p>\n<p>[\/et_pb_text][\/et_pb_column][et_pb_column _builder_version=&#8221;4.27.4&#8243; _module_preset=&#8221;default&#8221; type=&#8221;1_2&#8243; theme_builder_area=&#8221;post_content&#8221;][et_pb_text _builder_version=&#8221;4.27.4&#8243; _module_preset=&#8221;default&#8221; theme_builder_area=&#8221;post_content&#8221; header_2_font=&#8221;Frank Ruhl Libre||||||||&#8221; header_2_font_size=&#8221;30px&#8221; header_2_text_align=&#8221;left&#8221; text_font_size=&#8221;16px&#8221; text_line_height=&#8221;1.8em&#8221; hover_enabled=&#8221;0&#8243; sticky_enabled=&#8221;0&#8243;]<\/p>\n<h2 style=\"text-align: left;\">C\u00f3mo el FMP mejora el rendimiento del acero<\/h2>\n<p>No solo suministramos acero, sino que lo optimizamos. Nuestros procesos de tratamiento t\u00e9rmico ajustan la tasa de difusi\u00f3n del carbono, creando microestructuras finas que aportan resistencia y ductilidad. Elementos de aleaci\u00f3n como el n\u00edquel y el cromo mejoran la resistencia a la corrosi\u00f3n, mientras que el endurecimiento por precipitaci\u00f3n con titanio o niobio garantiza tama\u00f1os de grano peque\u00f1os para mayor tenacidad. Nuestro software de dise\u00f1o 3D convierte sus ideas en realidad, con una fabricaci\u00f3n y entrega de precisi\u00f3n.<\/p>\n<p>[\/et_pb_text][\/et_pb_column][\/et_pb_row][\/et_pb_section][et_pb_section fb_built=&#8221;1&#8243; theme_builder_area=&#8221;post_content&#8221; _builder_version=&#8221;4.27.4&#8243; _module_preset=&#8221;default&#8221; alt=&#8221;Steel Product&#8221; title_text=&#8221;steel-product-2&#8243; background_image=&#8221;https:\/\/fmp-components.com\/wp-content\/uploads\/2025\/03\/steel-product-2.webp&#8221; use_background_color_gradient=&#8221;on&#8221; background_color_gradient_stops=&#8221;rgba(0,0,0,0.28) 0%|rgba(0,0,0,0.68) 100%&#8221; background_color_gradient_overlays_image=&#8221;on&#8221; hover_enabled=&#8221;0&#8243; sticky_enabled=&#8221;0&#8243; min_height=&#8221;754px&#8221;][et_pb_row _builder_version=&#8221;4.27.4&#8243; _module_preset=&#8221;default&#8221; theme_builder_area=&#8221;post_content&#8221; custom_margin=&#8221;100px||||false|false&#8221; hover_enabled=&#8221;0&#8243; sticky_enabled=&#8221;0&#8243;][et_pb_column _builder_version=&#8221;4.27.4&#8243; _module_preset=&#8221;default&#8221; type=&#8221;4_4&#8243; theme_builder_area=&#8221;post_content&#8221;][et_pb_text _builder_version=&#8221;4.27.4&#8243; _module_preset=&#8221;default&#8221; theme_builder_area=&#8221;post_content&#8221; header_2_font=&#8221;Frank Ruhl Libre||||||||&#8221; header_2_text_color=&#8221;#FFFFFF&#8221; header_2_text_align=&#8221;center&#8221; header_2_font_size=&#8221;45px&#8221; header_2_text_shadow_style=&#8221;preset1&#8243; hover_enabled=&#8221;0&#8243; sticky_enabled=&#8221;0&#8243;]<\/p>\n<h2>\u00a1Obtenga su soluci\u00f3n de acero hoy!<\/h2>\n<p>[\/et_pb_text][et_pb_text _builder_version=&#8221;4.27.4&#8243; _module_preset=&#8221;default&#8221; theme_builder_area=&#8221;post_content&#8221; text_text_color=&#8221;#FFFFFF&#8221; text_font_size=&#8221;16px&#8221; text_line_height=&#8221;1.8em&#8221; text_orientation=&#8221;center&#8221; hover_enabled=&#8221;0&#8243; sticky_enabled=&#8221;0&#8243;]<\/p>\n<p>\u00bfBusca el acero perfecto para su pr\u00f3ximo proyecto? Explore la amplia gama de FMP o cont\u00e1ctenos para un pedido personalizado. <a href=\"mailto:info@fmpcomponents.it\">info@fmpcomponents.it<\/a>Si no encuentra lo que necesita, probablemente ya est\u00e9 en producci\u00f3n. \u00a1Simplemente pregunte! Desde acero verde sostenible hasta aleaciones de alto rendimiento, FMP est\u00e1 aqu\u00ed para impulsar las industrias italianas con las mejores soluciones de acero. \u00a1Construyamos algo extraordinario juntos!<\/p>\n<p>[\/et_pb_text][\/et_pb_column][\/et_pb_row][\/et_pb_section]<\/p>","protected":false},"excerpt":{"rendered":"<p>SteelSteel Solutions by FMP: Powering Italy\u2019s Industries with Quality and PrecisionWhen it comes to steel, FMP Company stands as a trusted leader in Italy, delivering a vast range of high-quality steel products to meet the needs of industries, artisans, and innovators across the peninsula. Steel\u2014an alloy of iron and carbon with up to 2% carbon [&hellip;]<\/p>","protected":false},"author":2,"featured_media":0,"parent":0,"menu_order":0,"comment_status":"closed","ping_status":"closed","template":"","meta":{"_et_pb_use_builder":"on","_et_pb_old_content":"","_et_gb_content_width":"","footnotes":""},"class_list":["post-6269","page","type-page","status-publish","hentry"],"_links":{"self":[{"href":"https:\/\/fmp-components.com\/es\/wp-json\/wp\/v2\/pages\/6269","targetHints":{"allow":["GET"]}}],"collection":[{"href":"https:\/\/fmp-components.com\/es\/wp-json\/wp\/v2\/pages"}],"about":[{"href":"https:\/\/fmp-components.com\/es\/wp-json\/wp\/v2\/types\/page"}],"author":[{"embeddable":true,"href":"https:\/\/fmp-components.com\/es\/wp-json\/wp\/v2\/users\/2"}],"replies":[{"embeddable":true,"href":"https:\/\/fmp-components.com\/es\/wp-json\/wp\/v2\/comments?post=6269"}],"version-history":[{"count":4,"href":"https:\/\/fmp-components.com\/es\/wp-json\/wp\/v2\/pages\/6269\/revisions"}],"predecessor-version":[{"id":6306,"href":"https:\/\/fmp-components.com\/es\/wp-json\/wp\/v2\/pages\/6269\/revisions\/6306"}],"wp:attachment":[{"href":"https:\/\/fmp-components.com\/es\/wp-json\/wp\/v2\/media?parent=6269"}],"curies":[{"name":"gracias","href":"https:\/\/api.w.org\/{rel}","templated":true}]}}