{"id":4534,"date":"2025-01-16T08:10:13","date_gmt":"2025-01-16T08:10:13","guid":{"rendered":"https:\/\/fmp-components.com\/?page_id=8"},"modified":"2025-03-21T02:18:28","modified_gmt":"2025-03-21T02:18:28","slug":"worm-gear-and-worm-shaft-2","status":"publish","type":"page","link":"https:\/\/fmp-components.com\/es\/worm-gear-and-worm-shaft-2\/","title":{"rendered":"Engranaje helicoidal y eje helicoidal"},"content":{"rendered":"<p>[et_pb_section fb_built=&#8221;1&#8243; _builder_version=&#8221;4.27.4&#8243; _module_preset=&#8221;default&#8221; background_color=&#8221;gcid-1df04c5f-e996-4504-8faa-0a9ef0da2d4d&#8221; global_colors_info=&#8221;{%22gcid-1df04c5f-e996-4504-8faa-0a9ef0da2d4d%22:%91%22background_color%22%93}&#8221;][et_pb_row _builder_version=&#8221;4.27.4&#8243; _module_preset=&#8221;default&#8221; global_colors_info=&#8221;{}&#8221;][et_pb_column type=&#8221;4_4&#8243; _builder_version=&#8221;4.27.4&#8243; _module_preset=&#8221;default&#8221; global_colors_info=&#8221;{}&#8221;][et_pb_text _builder_version=&#8221;4.27.4&#8243; _module_preset=&#8221;default&#8221; header_font=&#8221;Frank Ruhl Libre|500|||||||&#8221; header_text_align=&#8221;center&#8221; header_text_color=&#8221;#FFFFFF&#8221; header_font_size=&#8221;50px&#8221; header_text_shadow_style=&#8221;preset1&#8243; global_colors_info=&#8221;{}&#8221;]<\/p>\n<h1 class=\"et_pb_toggle_title\">Engranaje helicoidal y eje helicoidal<\/h1>\n<p>[\/et_pb_text][et_pb_text _builder_version=\u201d4.27.4\u2033 _module_preset=\u201ddefault\u201d text_font=\u201dFrank Ruhl Libre|600|||||||\u201d text_text_color=\u201d#FFFFFF\u201d text_font_size=\u201d18px\u201d text_line_height=\u201d1.8em\u201d text_orientation=\u201dcenter\u201d global_colors_info=\u201d{}\u201d]<\/p>\n<p>\u00a1Si el producto que necesitas no est\u00e1 en el listado, sigue adelante y solicita una cotizaci\u00f3n gratuita!<\/p>\n<p>[\/et_pb_text][\/et_pb_column][\/et_pb_row][\/et_pb_section][et_pb_section fb_built=\u201d1\u2033 _builder_version=\u201d4.27.4\u2033 _module_preset=\u201ddefault\u201d global_colors_info=\u201d{}\u201d][et_pb_row estructura_columna=\u201d1_4,1_4,1_4,1_4\u2033 _builder_version=\u201d4.27.4\u2033 _module_preset=\u201ddefault\u201d hover_enabled=\u201d0\u2033 global_colors_info=\u201d{}\u201d use_custom_gutter=\u201don\u201d gutter_width=\u201d2\u2033 sticky_enabled=\u201d0\u2033][et_pb_column tipo=\u201d1_4\u2033 _builder_version=\u201d4.27.4\u2033 _module_preset=\u201ddefault\u201d global_colors_info=\u201d{}\u201d][et_pb_blurb title=\u201dSinf\u00edn y engranaje helicoidal de acero aleado para autopartes\u201d image=\u201dhttps:\/\/fmp-components.com\/wp-content\/uploads\/2025\/01\/Alloy-Steel-Worm-And-Worm-Gear-2-1.webp\u201d alt=\u201dAlloy-Steel-Worm-And-Worm-Gear-2\u2033 _builder_version=\u201d4.27.4\u2033 _module_preset=\u201ddefault\u201d header_level=\u201dh3\u2033 header_font=\u201dFrank Ruhl Libre||||||||\u201d header_text_align=\u201dcenter\u201d hover_enabled=\u201d0\u2033 global_colors_info=\u201d{}\u201d link_option_url=\u201dhttps:\/\/fmp-components.com\/es\/producto\/tornillo-sinf\u00edn-y-engranaje-sinf\u00edn-de-acero-aleado-para-autopartes\u201d box_shadow_style=\u201dpreset1\u2033 sticky_enabled=\u201d0\u2033][\/et_pb_blurb][\/et_pb_column][et_pb_column type=\u201d1_4\u2033 _builder_version=\u201d4.27.4\u2033 _module_preset=\u201ddefault\u201d global_colors_info=\u201d{}\u201d][et_pb_blurb title=\u201dEje de engranaje sinf\u00edn (Eje \u200b\u200bde transmisi\u00f3n de engranaje sinf\u00edn)\u201d imagen=\u201dhttps:\/\/fmp-components.com\/wp-content\/uploads\/2025\/01\/Worm-Gear-Shaft.webp\u201d alt=\u201dEje de engranaje sinf\u00edn\u201d _builder_version=\u201d4.27.4\u2033 _module_preset=\u201ddefault\u201d header_level=\u201dh3\u2033 header_font=\u201dFrank Ruhl Libre||||||||\u201d header_text_align=\u201dcenter\u201d hover_enabled=\u201d0\u2033 global_colors_info=\u201d{}\u201d sticky_enabled=\u201d0\u2033 link_option_url=\u201dhttps:\/\/fmp-components.com\/es\/producto\/eje-de-engranaje-sinf\u00edn-eje-de-transmisi\u00f3n-de-engranaje-sinf\u00edn\u201d box_shadow_style=\u201dpreset1\u2033][\/et_pb_blurb][\/et_pb_column][et_pb_column type=\u201d1_4\u2033 _builder_version=\u201d4.27.4\u2033 _module_preset=\u201ddefault\u201d global_colors_info=\u201d{}\u201d][et_pb_blurb title=\u201dEngranaje sinf\u00edn de acero inoxidable para maquinaria CNC\u201d image=\u201dhttps:\/\/fmp-components.com\/wp-content\/uploads\/2025\/01\/Stainless-Steel-Worm-Gear-for-CNC-Machinery.webp\u201d alt=\u201dEngranaje helicoidal de acero inoxidable para maquinaria CNC\u201d _builder_version=\u201d4.27.4\u2033 _module_preset=\u201ddefault\u201d header_level=\u201dh3\u2033 header_font=\u201dFrank Ruhl Libre||||||||\u201d header_text_align=\u201dcenter\u201d hover_enabled=\u201d0\u2033 global_colors_info=\u201d{}\u201d url=\u201dhttps:\/\/fmp-components.com\/es\/producto\/engranaje-sinf\u00edn-de-acero-inoxidable-para-maquinaria-cnc\u201d box_shadow_style=\u201dpreset1\u2033 sticky_enabled=\u201d0\u2033][\/et_pb_blurb][\/et_pb_column][et_pb_column type=\u201d1_4\u2033 _builder_version=\u201d4.27.4\u2033 _module_preset=\u201ddefault\u201d global_colors_info=\u201d{}\u201d][et_pb_blurb title=\u201dEngranaje sinf\u00edn d\u00faplex\u201d image=\u201dhttps:\/\/fmp-components.com\/wp-content\/uploads\/2025\/01\/Duplex-Worms-Gear.webp\u201d alt=\u201dEngranaje sinf\u00edn d\u00faplex\u201d _builder_version=\u201d4.27.4\u2033 _module_preset=\u201ddefault\u201d header_level=\u201dh3\u2033 header_font=\u201dFrank Ruhl Libre||||||||\u201d header_text_align=\u201dcenter\u201d hover_enabled=\u201d0\u2033 global_colors_info=\u201d{}\u201d link_option_url=\u201dhttps:\/\/fmp-components.com\/es\/producto\/d\u00faplex-worm-gear\u201d sticky_enabled=\u201d0\u2033 box_shadow_style=\u201dpreset1\u2033][\/et_pb_blurb][\/et_pb_column][\/et_pb_row][et_pb_row column_structure=\u201d1_4,1_4,1_4,1_4\u2033 _builder_version=\u201d4.27.4\u2033 _module_preset=\u201ddefault\u201d hover_enabled=\u201d0\u2033 global_colors_info=\u201d{}\u201d use_custom_gutter=\u201don\u201d gutter_width=\u201d2\u2033 sticky_enabled=\u201d0\u2033][et_pb_column tipo=\u201d1_4\u2033 _builder_version=\u201d4.27.4\u2033 _module_preset=\u201dpredeterminado\u201d global_colors_info=\u201d{}\u201d][et_pb_blurb t\u00edtulo=\u201dRueda helicoidal cil\u00edndrica\u201d imagen=\u201dhttps:\/\/fmp-components.com\/wp-content\/uploads\/2025\/01\/Cylindrical-Worm-Wheel.webp\u201d alt=\u201dRueda helicoidal cil\u00edndrica\u201d _builder_version=\u201d4.27.4\u2033 _module_preset=\u201dpredeterminado\u201d nivel_de_encabezado=\u201dh3\u2033 fuente_de_encabezado=\u201dFrank Ruhl Libre||||||||\u201d header_text_align=\u201dcenter\u201d hover_enabled=\u201d0\u2033 global_colors_info=\u201d{}\u201d url=\u201dhttps:\/\/fmp-components.com\/es\/producto\/rueda-de-sinf\u00edn-cil\u00edndrica\u201d sticky_enabled=\u201d0\u2033 box_shadow_style=\u201dpreset1\u2033][\/et_pb_blurb][\/et_pb_column][et_pb_column type=\u201d1_4\u2033 _builder_version=\u201d4.27.4\u2033 _module_preset=\u201ddefault\u201d global_colors_info=\u201d{}\u201d][et_pb_blurb title=\u201dConjunto de engranajes helicoidales personalizados\u201d image=\u201dhttps:\/\/fmp-components.com\/wp-content\/uploads\/2025\/01\/Conjunto-de-engranajes-helicoidales-personalizados-31.webp\u201d alt=\u201dConjunto de engranajes helicoidales personalizados-31\u2033 _builder_version=\u201d4.27.4\u2033 _module_preset=\u201dpredeterminado\u201d header_level=\u201dh3\u2033 header_font=\u201dFrank Ruhl Libre||||||||\u201d header_text_align=\u201dcenter\u201d hover_enabled=\u201d0\u2033 global_colors_info=\u201d{}\u201d link_option_url=\u201dhttps:\/\/fmp-components.com\/es\/producto\/conjunto-de-engranajes-de-gusano-personalizados\u201d sticky_enabled=\u201d0\u2033 box_shadow_style=\u201dpreset1\u2033][\/et_pb_blurb][\/et_pb_column][et_pb_column type=\u201d1_4\u2033 _builder_version=\u201d4.27.4\u2033 _module_preset=\u201ddefault\u201d global_colors_info=\u201d{}\u201d][et_pb_blurb title=\u201dSinf\u00edn y rueda\u201d image=\u201dhttps:\/\/fmp-components.com\/wp-content\/uploads\/2025\/01\/Sinf\u00edn-y-rueda.webp\u201d alt=\u201dSinf\u00edn y rueda\u201d _builder_version=\u201d4.27.4\u2033 _module_preset=\u201ddefault\u201d header_level=\u201dh3\u2033 header_font=\u201dFrank Ruhl Libre||||||||\u201d header_text_align=\u201dcenter\u201d hover_enabled=\u201d0\u2033 global_colors_info=\u201d{}\u201d link_option_url=\u201dhttps:\/\/fmp-components.com\/es\/producto\/gusano-y-rueda\u201d box_shadow_style=\u201dpreset1\u2033 sticky_enabled=\u201d0\u2033][\/et_pb_blurb][\/et_pb_column][et_pb_column type=\u201d1_4\u2033 _builder_version=\u201d4.27.4\u2033 _module_preset=\u201ddefault\u201d global_colors_info=\u201d{}\u201d][et_pb_blurb title=\u201dEngranajes helicoidales de pl\u00e1stico\u201d image=\u201dhttps:\/\/fmp-components.com\/wp-content\/uploads\/2025\/01\/Plastic-Worm-Gears.webp\u201d alt=\u201dEngranajes helicoidales de pl\u00e1stico\u201d _builder_version=\u201d4.27.4\u2033 _module_preset=\u201ddefault\u201d header_level=\u201dh3\u2033 header_font=\u201dFrank Ruhl Libre||||||||\u201d header_text_align=\u201dcenter\u201d hover_enabled=\u201d0\u2033 global_colors_info=\u201d{}\u201d link_option_url=\u201dhttps:\/\/fmp-components.com\/es\/producto\/engranajes-de-gusano-de-plastico\u201d box_shadow_style=\u201dpreset1\u2033 sticky_enabled=\u201d0\u2033][\/et_pb_blurb][\/et_pb_column][\/et_pb_row][et_pb_row column_structure=\u201d1_4,1_4,1_4,1_4\u2033 _builder_version=\u201d4.27.4\u2033 _module_preset=\u201ddefault\u201d hover_enabled=\u201d0\u2033 global_colors_info=\u201d{}\u201d use_custom_gutter=\u201don\u201d gutter_width=\u201d2\u2033 sticky_enabled=\u201d0\u2033][et_pb_column tipo=\u201d1_4\u2033 _builder_version=\u201d4.27.4\u2033 _module_preset=\u201dpredeterminado\u201d global_colors_info=\u201d{}\u201d][et_pb_blurb t\u00edtulo=\u201dRueda helicoidal de lat\u00f3n\u201d imagen=\u201dhttps:\/\/fmp-components.com\/wp-content\/uploads\/2025\/01\/Brass-Worm-Wheel.webp\u201d alt=\u201dRueda helicoidal de lat\u00f3n\u201d _builder_version=\u201d4.27.4\u2033 _module_preset=\u201dpredeterminado\u201d nivel_de_encabezado=\u201dh3\u2033 fuente_de_encabezado=\u201dFrank Ruhl Libre||||||||\u201d header_text_align=\u201dcenter\u201d hover_enabled=\u201d0\u2033 global_colors_info=\u201d{}\u201d link_option_url=\u201dhttps:\/\/fmp-components.com\/es\/producto\/rueda-de-gusano-de-lat\u00f3n\u201d box_shadow_style=\u201dpreset1\u2033 sticky_enabled=\u201d0\u2033][\/et_pb_blurb][\/et_pb_column][et_pb_column type=\u201d1_4\u2033 _builder_version=\u201d4.27.4\u2033 _module_preset=\u201ddefault\u201d global_colors_info=\u201d{}\u201d][\/et_pb_column][et_pb_column type=\u201d1_4\u2033 _builder_version=\u201d4.27.4\u2033 _module_preset=\u201ddefault\u201d Informaci\u00f3n global de colores = \"{}\"][\/et_pb_column][et_pb_column tipo = \"1_4\" _builder_version = \"4.27.4\" _module_preset = \"predeterminado\" Informaci\u00f3n global de colores = \"{}\"][\/et_pb_column][\/et_pb_row][\/et_pb_section]<\/p>","protected":false},"excerpt":{"rendered":"<p>Engranaje sin fin y eje sin finSi el producto que necesita no est\u00e1 en la lista, \u00a1siga adelante y obtenga una cotizaci\u00f3n gratis!<\/p>","protected":false},"author":2,"featured_media":0,"parent":0,"menu_order":0,"comment_status":"closed","ping_status":"closed","template":"","meta":{"_et_pb_use_builder":"on","_et_pb_old_content":"","_et_gb_content_width":"","footnotes":""},"class_list":["post-4534","page","type-page","status-publish","hentry"],"_links":{"self":[{"href":"https:\/\/fmp-components.com\/es\/wp-json\/wp\/v2\/pages\/4534","targetHints":{"allow":["GET"]}}],"collection":[{"href":"https:\/\/fmp-components.com\/es\/wp-json\/wp\/v2\/pages"}],"about":[{"href":"https:\/\/fmp-components.com\/es\/wp-json\/wp\/v2\/types\/page"}],"author":[{"embeddable":true,"href":"https:\/\/fmp-components.com\/es\/wp-json\/wp\/v2\/users\/2"}],"replies":[{"embeddable":true,"href":"https:\/\/fmp-components.com\/es\/wp-json\/wp\/v2\/comments?post=4534"}],"version-history":[{"count":10,"href":"https:\/\/fmp-components.com\/es\/wp-json\/wp\/v2\/pages\/4534\/revisions"}],"predecessor-version":[{"id":7251,"href":"https:\/\/fmp-components.com\/es\/wp-json\/wp\/v2\/pages\/4534\/revisions\/7251"}],"wp:attachment":[{"href":"https:\/\/fmp-components.com\/es\/wp-json\/wp\/v2\/media?parent=4534"}],"curies":[{"name":"gracias","href":"https:\/\/api.w.org\/{rel}","templated":true}]}}