{"id":286,"date":"2024-12-09T03:50:21","date_gmt":"2024-12-09T03:50:21","guid":{"rendered":"https:\/\/fmp-components.com\/?page_id=8"},"modified":"2025-03-27T05:37:54","modified_gmt":"2025-03-27T05:37:54","slug":"forklift-hydraulic-cylinders-2","status":"publish","type":"page","link":"https:\/\/fmp-components.com\/es\/forklift-hydraulic-cylinders-2\/","title":{"rendered":"Cilindros hidr\u00e1ulicos para montacargas"},"content":{"rendered":"<p>[et_pb_section fb_built=&#8221;1&#8243; _builder_version=&#8221;4.27.4&#8243; _module_preset=&#8221;default&#8221; use_background_color_gradient=&#8221;on&#8221; background_color_gradient_stops=&#8221;rgba(0,0,0,0.14) 0%|rgba(0,0,0,0.16) 100%&#8221; background_color_gradient_overlays_image=&#8221;on&#8221; background_image=&#8221;https:\/\/fmp-components.com\/wp-content\/uploads\/2025\/03\/Forklift-Hydraulic-Cylinders.webp&#8221; custom_padding=&#8221;||157px|||&#8221; global_colors_info=&#8221;{}&#8221;][et_pb_row _builder_version=&#8221;4.27.4&#8243; _module_preset=&#8221;default&#8221; global_colors_info=&#8221;{}&#8221;][et_pb_column type=&#8221;4_4&#8243; _builder_version=&#8221;4.27.4&#8243; _module_preset=&#8221;default&#8221; global_colors_info=&#8221;{}&#8221;][et_pb_text _builder_version=&#8221;4.27.4&#8243; _module_preset=&#8221;default&#8221; header_font=&#8221;Frank Ruhl Libre||||||||&#8221; header_text_color=&#8221;#FFFFFF&#8221; header_font_size=&#8221;70px&#8221; header_text_shadow_style=&#8221;preset1&#8243; global_colors_info=&#8221;{}&#8221;]<\/p>\n<h1 style=\"text-align: center;\">Cilindros hidr\u00e1ulicos para montacargas<\/h1>\n<p>[\/et_pb_text][\/et_pb_column][\/et_pb_row][et_pb_row _builder_version=&#8221;4.27.4&#8243; _module_preset=&#8221;default&#8221; global_colors_info=&#8221;{}&#8221;][et_pb_column type=&#8221;4_4&#8243; _builder_version=&#8221;4.27.4&#8243; _module_preset=&#8221;default&#8221; global_colors_info=&#8221;{}&#8221;][et_pb_text _builder_version=&#8221;4.27.4&#8243; _module_preset=&#8221;default&#8221; text_text_color=&#8221;#FFFFFF&#8221; text_font_size=&#8221;16px&#8221; text_line_height=&#8221;1.8em&#8221; text_orientation=&#8221;center&#8221; text_text_shadow_style=&#8221;preset1&#8243; global_colors_info=&#8221;{}&#8221;]<\/p>\n<p>En FMP Company, nos especializamos en la fabricaci\u00f3n de una amplia variedad de cilindros hidr\u00e1ulicos para montacargas, componentes esenciales que brindan la potencia y precisi\u00f3n necesarias para elevar y descender cargas pesadas de manera eficiente. Nuestra extensa gama incluye diversos tipos y especificaciones para adaptarse a diferentes modelos de montacargas y necesidades de la industria. Tambi\u00e9n ofrecemos servicios de personalizaci\u00f3n para satisfacer requisitos espec\u00edficos, garantizando que cada cliente obtenga una soluci\u00f3n a medida. Si no encuentra el modelo que necesita en nuestro cat\u00e1logo, significa que a\u00fan no lo hemos incluido. Env\u00edenos un correo electr\u00f3nico con sus requisitos y nuestros ingenieros especializados le responder\u00e1n en un plazo de 24 horas para ayudarle a encontrar o crear el cilindro hidr\u00e1ulico perfecto para su montacargas.<\/p>\n<p>[\/et_pb_text][\/et_pb_column][\/et_pb_row][\/et_pb_section][et_pb_section fb_built=&#8221;1&#8243; _builder_version=&#8221;4.27.4&#8243; _module_preset=&#8221;default&#8221; global_colors_info=&#8221;{}&#8221;][et_pb_row _builder_version=&#8221;4.27.4&#8243; _module_preset=&#8221;default&#8221; global_colors_info=&#8221;{}&#8221;][et_pb_column type=&#8221;4_4&#8243; _builder_version=&#8221;4.27.4&#8243; _module_preset=&#8221;default&#8221; global_colors_info=&#8221;{}&#8221;][et_pb_shop type=&#8221;product_category&#8221; include_categories=&#8221;20&#8243; columns_number=&#8221;3&#8243; _builder_version=&#8221;4.27.4&#8243; _module_preset=&#8221;default&#8221; global_colors_info=&#8221;{}&#8221;][\/et_pb_shop][\/et_pb_column][\/et_pb_row][et_pb_row _builder_version=&#8221;4.27.4&#8243; _module_preset=&#8221;default&#8221; column_structure=&#8221;1_2,1_2&#8243;][et_pb_column _builder_version=&#8221;4.27.4&#8243; _module_preset=&#8221;default&#8221; type=&#8221;1_2&#8243;][et_pb_image src=&#8221;https:\/\/fmp-components.com\/wp-content\/uploads\/2025\/03\/Forklift-Hydraulic-Cylinders-3.webp&#8221; _builder_version=&#8221;4.27.4&#8243; _module_preset=&#8221;default&#8221; alt=&#8221;Forklift-Hydraulic-Cylinders&#8221; title_text=&#8221;Forklift-Hydraulic-Cylinders-3&#8243; hover_enabled=&#8221;0&#8243; sticky_enabled=&#8221;0&#8243;][\/et_pb_image][\/et_pb_column][et_pb_column _builder_version=&#8221;4.27.4&#8243; _module_preset=&#8221;default&#8221; type=&#8221;1_2&#8243;][et_pb_text _builder_version=&#8221;4.27.4&#8243; _module_preset=&#8221;default&#8221; header_2_font=&#8221;Frank Ruhl Libre||||||||&#8221; header_2_font_size=&#8221;30px&#8221; header_3_font=&#8221;Frank Ruhl Libre||||||||&#8221; hover_enabled=&#8221;0&#8243; sticky_enabled=&#8221;0&#8243;]<\/p>\n<h2>Una gama completa de cilindros hidr\u00e1ulicos<\/h2>\n<p>Ofrecemos una amplia selecci\u00f3n de cilindros hidr\u00e1ulicos para montacargas dise\u00f1ados para diversas aplicaciones. Nuestra gama de productos incluye:<\/p>\n<p><strong>Cilindros de simple efecto:<\/strong> Ideal para tareas de elevaci\u00f3n sencillas.<br \/><strong>Cilindros de doble efecto:<\/strong> Perfecta para aplicaciones que requieren fuerza en ambas direcciones.<br \/><strong>Cilindros telesc\u00f3picos:<\/strong> Excelente para alcanzar objetos a larga distancia y para un almacenamiento compacto.<br \/><strong>Cilindros en t\u00e1ndem:<\/strong> Dise\u00f1ado para ofrecer mayor potencia y estabilidad en operaciones exigentes.<br \/>Disponibles en una amplia gama de formas y tama\u00f1os, nuestros cilindros est\u00e1n dise\u00f1ados para adaptarse a diversas necesidades de equipamiento, ya sea para elevaci\u00f3n, inclinaci\u00f3n o desplazamiento lateral. Sea cual sea su aplicaci\u00f3n, FMP tiene la soluci\u00f3n perfecta.<\/p>\n<p>[\/et_pb_text][\/et_pb_column][\/et_pb_row][et_pb_row _builder_version=&#8221;4.27.4&#8243; _module_preset=&#8221;default&#8221;][et_pb_column _builder_version=&#8221;4.27.4&#8243; _module_preset=&#8221;default&#8221; type=&#8221;4_4&#8243;][et_pb_text _builder_version=&#8221;4.27.4&#8243; _module_preset=&#8221;default&#8221; hover_enabled=&#8221;0&#8243; sticky_enabled=&#8221;0&#8243; header_3_font=&#8221;Frank Ruhl Libre||||||||&#8221; header_3_font_size=&#8221;25px&#8221; text_font_size=&#8221;15px&#8221;]<\/p>\n<h3>Entrega r\u00e1pida y amplio inventario<\/h3>\n<p>El tiempo de inactividad genera p\u00e9rdidas, y en FMP nos comprometemos a que sus operaciones funcionen sin problemas. Contamos con un amplio inventario de cilindros hidr\u00e1ulicos, repuestos y accesorios, lo que garantiza una entrega r\u00e1pida para atender sus necesidades urgentes. Al elegir FMP, puede contar con un servicio r\u00e1pido y confiable en todo momento.<\/p>\n<p>[\/et_pb_text][\/et_pb_column][\/et_pb_row][\/et_pb_section][et_pb_section fb_built=&#8221;1&#8243; theme_builder_area=&#8221;post_content&#8221; _builder_version=&#8221;4.27.4&#8243; _module_preset=&#8221;default&#8221; alt=&#8221;Forklift-Hydraulic-Cylinders&#8221; title_text=&#8221;Forklift-Hydraulic-Cylinders-1&#8243; background_image=&#8221;https:\/\/fmp-components.com\/wp-content\/uploads\/2025\/03\/Forklift-Hydraulic-Cylinders-1.webp&#8221; hover_enabled=&#8221;0&#8243; sticky_enabled=&#8221;0&#8243; min_height=&#8221;320px&#8221;][et_pb_row _builder_version=&#8221;4.27.4&#8243; _module_preset=&#8221;default&#8221; theme_builder_area=&#8221;post_content&#8221; background_color=&#8221;rgba(0,0,0,0.28)&#8221; hover_enabled=&#8221;0&#8243; sticky_enabled=&#8221;0&#8243;][et_pb_column _builder_version=&#8221;4.27.4&#8243; _module_preset=&#8221;default&#8221; type=&#8221;4_4&#8243; theme_builder_area=&#8221;post_content&#8221;][et_pb_text _builder_version=&#8221;4.27.4&#8243; _module_preset=&#8221;default&#8221; theme_builder_area=&#8221;post_content&#8221; text_font_size=&#8221;16px&#8221; text_line_height=&#8221;2em&#8221; text_text_color=&#8221;#FFFFFF&#8221; hover_enabled=&#8221;0&#8243; sticky_enabled=&#8221;0&#8243; header_3_font=&#8221;Frank Ruhl Libre||||||||&#8221; header_3_text_color=&#8221;#FFFFFF&#8221; custom_margin=&#8221;0px|||30px|false|false&#8221; header_3_font_size=&#8221;30px&#8221;]<\/p>\n<h3 style=\"text-align: center;\">\u00bfPor qu\u00e9 elegir FMP?<\/h3>\n<p style=\"text-align: left;\"><strong>Hecho en Italia:<\/strong>\u00a0 Artesan\u00eda superior de nuestra f\u00e1brica italiana.<br \/>Opciones vers\u00e1tiles: Una amplia gama de cilindros para cada aplicaci\u00f3n.<br \/><strong>Asesoramiento de expertos:\u00a0<\/strong> Asistencia profesional de nuestro equipo experto.<br \/><strong>Servicio r\u00e1pido:<\/strong>\u00a0 Amplio stock y entrega r\u00e1pida para minimizar el tiempo de inactividad.<br \/><strong>Ajuste personalizado:<\/strong>\u00a0 Soluciones a medida, adaptadas a sus equipos y a su sector.<br \/>Si busca cilindros hidr\u00e1ulicos de alto rendimiento para montacargas con el respaldo de la experiencia italiana, FMP es su mejor opci\u00f3n. \u00a1Cont\u00e1ctenos hoy para conocer nuestra gama de productos y descubrir c\u00f3mo podemos impulsar su negocio con productos de calidad y un servicio excepcional!<\/p>\n<p>[\/et_pb_text][\/et_pb_column][\/et_pb_row][\/et_pb_section]<\/p>","protected":false},"excerpt":{"rendered":"<p>Forklift Hydraulic CylindersAt FMP Company, we specialize in producing a wide variety of Forklift Hydraulic Cylinders, critical components that deliver the power and precision required to lift and lower heavy loads efficiently. Our extensive range features diverse types and specifications to suit different forklift models and industry needs. We also offer customization services to meet [&hellip;]<\/p>","protected":false},"author":2,"featured_media":0,"parent":0,"menu_order":0,"comment_status":"closed","ping_status":"closed","template":"","meta":{"_et_pb_use_builder":"on","_et_pb_old_content":"","_et_gb_content_width":"","footnotes":""},"class_list":["post-286","page","type-page","status-publish","hentry"],"_links":{"self":[{"href":"https:\/\/fmp-components.com\/es\/wp-json\/wp\/v2\/pages\/286","targetHints":{"allow":["GET"]}}],"collection":[{"href":"https:\/\/fmp-components.com\/es\/wp-json\/wp\/v2\/pages"}],"about":[{"href":"https:\/\/fmp-components.com\/es\/wp-json\/wp\/v2\/types\/page"}],"author":[{"embeddable":true,"href":"https:\/\/fmp-components.com\/es\/wp-json\/wp\/v2\/users\/2"}],"replies":[{"embeddable":true,"href":"https:\/\/fmp-components.com\/es\/wp-json\/wp\/v2\/comments?post=286"}],"version-history":[{"count":10,"href":"https:\/\/fmp-components.com\/es\/wp-json\/wp\/v2\/pages\/286\/revisions"}],"predecessor-version":[{"id":7508,"href":"https:\/\/fmp-components.com\/es\/wp-json\/wp\/v2\/pages\/286\/revisions\/7508"}],"wp:attachment":[{"href":"https:\/\/fmp-components.com\/es\/wp-json\/wp\/v2\/media?parent=286"}],"curies":[{"name":"gracias","href":"https:\/\/api.w.org\/{rel}","templated":true}]}}