{"id":1162,"date":"2024-12-20T01:38:48","date_gmt":"2024-12-20T01:38:48","guid":{"rendered":"https:\/\/fmp-components.com\/?page_id=8"},"modified":"2025-07-22T03:14:30","modified_gmt":"2025-07-22T03:14:30","slug":"planetary-gearbox","status":"publish","type":"page","link":"https:\/\/fmp-components.com\/es\/planetary-gearbox\/","title":{"rendered":"Caja de engranajes planetarios"},"content":{"rendered":"<p>[et_pb_section fb_built=&#8221;1&#8243; _builder_version=&#8221;4.27.4&#8243; _module_preset=&#8221;default&#8221; use_background_color_gradient=&#8221;on&#8221; background_color_gradient_stops=&#8221;rgba(4,40,4,0.07) 0%|rgba(8,40,9,0.33) 100%&#8221; background_color_gradient_overlays_image=&#8221;on&#8221; background_image=&#8221;https:\/\/fmp-components.com\/wp-content\/uploads\/2024\/12\/planetary-gearbox-banner.webp&#8221; min_height=&#8221;509px&#8221; global_colors_info=&#8221;{}&#8221;][et_pb_row _builder_version=&#8221;4.27.4&#8243; _module_preset=&#8221;default&#8221; global_colors_info=&#8221;{}&#8221;][et_pb_column type=&#8221;4_4&#8243; _builder_version=&#8221;4.27.4&#8243; _module_preset=&#8221;default&#8221; global_colors_info=&#8221;{}&#8221;][et_pb_text _builder_version=&#8221;4.27.4&#8243; _module_preset=&#8221;default&#8221; header_font=&#8221;Frank Ruhl Libre|500|||||||&#8221; header_text_align=&#8221;center&#8221; header_text_color=&#8221;#FFFFFF&#8221; header_font_size=&#8221;65px&#8221; header_text_shadow_style=&#8221;preset1&#8243; global_colors_info=&#8221;{}&#8221;]<\/p>\n<h1>Caja de engranajes planetarios<\/h1>\n<p>[\/et_pb_text][\/et_pb_column][\/et_pb_row][et_pb_row _builder_version=&#8221;4.27.4&#8243; _module_preset=&#8221;default&#8221; global_colors_info=&#8221;{}&#8221;][et_pb_column type=&#8221;4_4&#8243; _builder_version=&#8221;4.27.4&#8243; _module_preset=&#8221;default&#8221; global_colors_info=&#8221;{}&#8221;][et_pb_text _builder_version=&#8221;4.27.4&#8243; _module_preset=&#8221;default&#8221; text_text_color=&#8221;#FFFFFF&#8221; text_font_size=&#8221;16px&#8221; text_line_height=&#8221;1.8em&#8221; text_text_shadow_style=&#8221;preset1&#8243; global_colors_info=&#8221;{}&#8221;]<\/p>\n<p>Una caja de engranajes planetarios consta de un engranaje solar central, varios planetarios y un engranaje de anillo exterior, ofreciendo una alta densidad de par y un dise\u00f1o compacto. Esta configuraci\u00f3n la hace ideal para aplicaciones que requieren una reducci\u00f3n precisa de la velocidad y un mayor par, com\u00fanmente utilizadas en rob\u00f3tica, automoci\u00f3n y maquinaria industrial.<\/p>\n<p>En FMP, ofrecemos una amplia gama de reductores planetarios y aceptamos pedidos personalizados para satisfacer sus necesidades espec\u00edficas. Ya sea que necesite soluciones est\u00e1ndar o especializadas, en FMP nos dedicamos a entregar reductores de alta calidad a la medida de sus necesidades.<\/p>\n<p>[\/et_pb_text][\/et_pb_column][\/et_pb_row][\/et_pb_section][et_pb_section fb_built=&#8221;1&#8243; _builder_version=&#8221;4.27.4&#8243; _module_preset=&#8221;default&#8221; custom_padding=&#8221;||5px|||&#8221; global_colors_info=&#8221;{}&#8221;][et_pb_row _builder_version=&#8221;4.27.4&#8243; _module_preset=&#8221;default&#8221; global_colors_info=&#8221;{}&#8221;][et_pb_column type=&#8221;4_4&#8243; _builder_version=&#8221;4.27.4&#8243; _module_preset=&#8221;default&#8221; global_colors_info=&#8221;{}&#8221;][et_pb_text _builder_version=&#8221;4.27.4&#8243; _module_preset=&#8221;default&#8221; header_2_font=&#8221;Frank Ruhl Libre||||||||&#8221; header_2_text_align=&#8221;center&#8221; header_2_font_size=&#8221;40px&#8221; global_colors_info=&#8221;{}&#8221;]<\/p>\n<h2>Caja de engranajes planetarios<\/h2>\n<p>[\/et_pb_text][\/et_pb_column][\/et_pb_row][et_pb_row column_structure=&#8221;1_3,1_3,1_3&#8243; _builder_version=&#8221;4.27.4&#8243; _module_preset=&#8221;default&#8221; global_colors_info=&#8221;{}&#8221;][et_pb_column type=&#8221;1_3&#8243; _builder_version=&#8221;4.27.4&#8243; _module_preset=&#8221;default&#8221; global_colors_info=&#8221;{}&#8221;][et_pb_image src=&#8221;https:\/\/fmp-components.com\/wp-content\/uploads\/2025\/01\/Track-Drive.webp&#8221; alt=&#8221;Track-Drive&#8221; title_text=&#8221;Track-Drive&#8221; _builder_version=&#8221;4.27.4&#8243; _module_preset=&#8221;default&#8221; global_colors_info=&#8221;{}&#8221;][\/et_pb_image][et_pb_toggle title=&#8221;Track Drive&#8221; _builder_version=&#8221;4.27.4&#8243; _module_preset=&#8221;default&#8221; global_colors_info=&#8221;{}&#8221;]<\/p>\n<ul>\n<li><a href=\"https:\/\/fmp-components.com\/es\/product\/wheel-drive-planetary-gearbox-reducer-for-access-plateform\/\">Caja de engranajes planetarios para plataforma de acceso<\/a><\/li>\n<li><a href=\"https:\/\/fmp-components.com\/es\/product\/wheel-drive-planetary-gearbox-reducer-for-rough-terrain-scissor-lift3679\/\">Caja de engranajes planetarios para terrenos dif\u00edciles <\/a><a href=\"https:\/\/fmp-components.com\/es\/product\/wheel-drive-planetary-gearbox-reducer-for-road-reclaimers-and-grades\/\">Cortar con tijeras<\/a><\/li>\n<li><a href=\"https:\/\/fmp-components.com\/es\/product\/wheel-drive-planetary-gearbox-reducer-for-road-reclaimers-and-grades\/\">Caja de engranajes planetarios para recuperadores de carreteras y niveladoras<\/a><\/li>\n<li><a href=\"https:\/\/fmp-components.com\/es\/product\/wheel-drive-planetary-gearbox-reducer-for-land-clearing-stone-crusher\/\">Caja de engranajes planetarios para trituradora de piedra para desmonte<\/a><\/li>\n<li><a href=\"https:\/\/fmp-components.com\/es\/product\/wheel-drive-planetary-gearbox-reducer-for-cranes\/\">Caja de engranajes planetarios para gr\u00faas<\/a><\/li>\n<\/ul>\n<p>[\/et_pb_toggle][\/et_pb_column][et_pb_column type=&#8221;1_3&#8243; _builder_version=&#8221;4.27.4&#8243; _module_preset=&#8221;default&#8221; global_colors_info=&#8221;{}&#8221;][et_pb_image src=&#8221;https:\/\/fmp-components.com\/wp-content\/uploads\/2024\/12\/Winch-Drive.webp&#8221; alt=&#8221;Winch Drive&#8221; title_text=&#8221;Winch Drive&#8221; _builder_version=&#8221;4.27.4&#8243; _module_preset=&#8221;default&#8221; global_colors_info=&#8221;{}&#8221;][\/et_pb_image][et_pb_toggle title=&#8221;Winch Drive&#8221; _builder_version=&#8221;4.27.4&#8243; _module_preset=&#8221;default&#8221; global_colors_info=&#8221;{}&#8221;]<\/p>\n<ul>\n<li>Caja de engranajes planetarios para molinete de ancla<\/li>\n<li>Caja de engranajes planetarios para cabrestante remolcador<\/li>\n<li>Caja de engranajes planetarios para buques de construcci\u00f3n offshore<\/li>\n<li>Caja de engranajes planetarios para plataformas offshore<\/li>\n<li>Caja de engranajes planetarios para plataformas de perforaci\u00f3n<\/li>\n<li>Caja de engranajes planetarios para cabrestante forestal y maderero<\/li>\n<li>Caja de engranajes planetarios para almacenes 3D<\/li>\n<li>Caja de engranajes planetarios para equipos de elevaci\u00f3n de minas<\/li>\n<li>Caja de engranajes planetarios para ascensores<\/li>\n<li>Caja de engranajes planetarios para tiendetubos<\/li>\n<li>Caja de engranajes planetarios para gr\u00faa montada en cami\u00f3n<\/li>\n<li>Caja de engranajes planetarios para transportador de cangilones<\/li>\n<li>Caja de engranajes planetarios para apertura de puertas de hornos<\/li>\n<li>Caja de engranajes planetarios para cabrestantes contra incendios y rescate<\/li>\n<\/ul>\n<p>[\/et_pb_toggle][\/et_pb_column][et_pb_column type=&#8221;1_3&#8243; _builder_version=&#8221;4.27.4&#8243; _module_preset=&#8221;default&#8221; global_colors_info=&#8221;{}&#8221;][et_pb_image src=&#8221;https:\/\/fmp-components.com\/wp-content\/uploads\/2024\/12\/Wheel-Drive.webp&#8221; alt=&#8221;Wheel Drive&#8221; title_text=&#8221;Wheel Drive&#8221; _builder_version=&#8221;4.27.4&#8243; _module_preset=&#8221;default&#8221; global_colors_info=&#8221;{}&#8221;][\/et_pb_image][et_pb_toggle title=&#8221;Wheel Drive&#8221; _builder_version=&#8221;4.27.4&#8243; _module_preset=&#8221;default&#8221; global_colors_info=&#8221;{}&#8221;]<\/p>\n<ul>\n<li>Caja de engranajes planetarios para cosechadora de manzanas<\/li>\n<li>Caja de engranajes planetarios para cosechadora de forraje<\/li>\n<li>Caja de engranajes planetarios para cosechadora de patatas<\/li>\n<li>Caja de engranajes planetarios para vendimiadora<\/li>\n<li>Caja de engranajes planetarios para cosechadora de az\u00facar<\/li>\n<li>Caja de engranajes planetarios para mezcladora de pienso<\/li>\n<li>Caja de engranajes planetarios para tierra<br \/>Trituradora de piedra de limpieza<\/li>\n<li>Caja de engranajes planetarios para riego de movimiento lineal<\/li>\n<li>Caja de engranajes planetarios para sembradora-plantadora<\/li>\n<li>Caja de engranajes planetarios para fertilizantes<\/li>\n<li>Caja de engranajes planetarios para plataforma de acceso<\/li>\n<li>Caja de engranajes planetarios para elevador de tijera todoterreno<\/li>\n<li>Caja de engranajes planetarios para recuperadores de carreteras y niveladoras<\/li>\n<li>Caja de engranajes planetarios para bulldozer<\/li>\n<li>Caja de engranajes planetarios para gr\u00faas<\/li>\n<li>Caja de engranajes planetarios para camiones hormigonera<\/li>\n<li>Caja de engranajes planetarios para motoniveladoras<\/li>\n<li>Caja de engranajes planetarios para rodillos<\/li>\n<li>Caja de engranajes planetarios para cargadoras<\/li>\n<li>Caja de engranajes planetarios para excavadoras<\/li>\n<li>Caja de engranajes planetarios para jumbos de perforaci\u00f3n subterr\u00e1nea<\/li>\n<li>Caja de engranajes planetarios para cargadoras subterr\u00e1neas\/LHD<\/li>\n<li>Caja de engranajes planetarios para plantas m\u00f3viles de trituraci\u00f3n y cribado<\/li>\n<li>Caja de engranajes planetarios para camiones mineros<\/li>\n<li>Caja de engranajes planetarios para carretillas elevadoras<\/li>\n<li>Caja de engranajes planetarios para gr\u00faas portacontenedores<\/li>\n<li>Caja de engranajes planetarios para veh\u00edculos guiados autom\u00e1ticamente (AGV)<\/li>\n<li>Caja de engranajes planetarios para apiladores retr\u00e1ctiles<\/li>\n<li>Caja de engranajes planetarios para gr\u00faa p\u00f3rtico sobre neum\u00e1ticos, RTG<\/li>\n<\/ul>\n<p>[\/et_pb_toggle][\/et_pb_column][\/et_pb_row][et_pb_row column_structure=&#8221;1_3,1_3,1_3&#8243; _builder_version=&#8221;4.27.4&#8243; _module_preset=&#8221;default&#8221; global_colors_info=&#8221;{}&#8221;][et_pb_column type=&#8221;1_3&#8243; _builder_version=&#8221;4.27.4&#8243; _module_preset=&#8221;default&#8221; global_colors_info=&#8221;{}&#8221;][et_pb_image src=&#8221;https:\/\/fmp-components.com\/wp-content\/uploads\/2024\/12\/Slewing-Drive.webp&#8221; alt=&#8221;Slewing Drive&#8221; title_text=&#8221;Slewing Drive&#8221; _builder_version=&#8221;4.27.4&#8243; _module_preset=&#8221;default&#8221; global_colors_info=&#8221;{}&#8221;][\/et_pb_image][et_pb_toggle title=&#8221;Slewing Drive&#8221; _builder_version=&#8221;4.27.4&#8243; _module_preset=&#8221;default&#8221; global_colors_info=&#8221;{}&#8221;]<\/p>\n<ul>\n<li>Caja de engranajes planetarios para aerogeneradores<\/li>\n<li>Caja de engranajes planetarios para sistema de seguimiento solar<\/li>\n<li>Caja de engranajes planetarios para bomba de hormig\u00f3n montada en cami\u00f3n<\/li>\n<li>Caja de engranajes planetarios para veh\u00edculos de trabajo a\u00e9reo<\/li>\n<li>Caja de engranajes planetarios para plataformas de perforaci\u00f3n offshore<\/li>\n<li>Caja de engranajes planetarios para antena de radar<\/li>\n<li>Caja de engranajes planetarios para cabezal de corte TBM<\/li>\n<li>Caja de engranajes planetarios para excavadoras<\/li>\n<li>Caja de engranajes planetarios para gr\u00faa torre<\/li>\n<li>Caja de engranajes planetarios para gr\u00faas portuarias de contenedores<\/li>\n<li>Caja de engranajes planetarios para gr\u00faa sobre orugas<\/li>\n<li>Caja de engranajes planetarios para gr\u00faa montada en cami\u00f3n<\/li>\n<li>Caja de engranajes planetarios para gr\u00faa todoterreno<\/li>\n<\/ul>\n<p>[\/et_pb_toggle][\/et_pb_column][et_pb_column type=&#8221;1_3&#8243; _builder_version=&#8221;4.27.4&#8243; _module_preset=&#8221;default&#8221; global_colors_info=&#8221;{}&#8221;][et_pb_image src=&#8221;https:\/\/fmp-components.com\/wp-content\/uploads\/2024\/12\/Swing-Gearbox.webp&#8221; alt=&#8221;Swing Gearbox&#8221; title_text=&#8221;Swing Gearbox&#8221; _builder_version=&#8221;4.27.4&#8243; _module_preset=&#8221;default&#8221; global_colors_info=&#8221;{}&#8221;][\/et_pb_image][et_pb_toggle title=&#8221;Swing Gearbox&#8221; _builder_version=&#8221;4.27.4&#8243; _module_preset=&#8221;default&#8221; global_colors_info=&#8221;{}&#8221;]<\/p>\n<ul>\n<li>Caja de engranajes planetarios para <span>Kobelco SK350-8<\/span><\/li>\n<li>Caja de engranajes planetarios para excavadora Yuchai YC60-7<\/li>\n<li>Caja de engranajes planetarios para recuperadores de carreteras y niveladoras<\/li>\n<li>Caja de engranajes planetarios para excavadora Hitachi ZX70<\/li>\n<li>Caja de engranajes planetarios para excavadora CASE CX130<\/li>\n<li>Caja de engranajes planetarios para excavadora <span>DX380<\/span><\/li>\n<li>Caja de engranajes planetarios para excavadora Caterpillar E307B<\/li>\n<li>Caja de engranajes planetarios para excavadora Caterpillar E336D<\/li>\n<li>Caja de engranajes planetarios para excavadora <span>EC360<\/span><\/li>\n<li>Caja de engranajes planetarios para excavadora Volvo EC460<\/li>\n<li>Caja de engranajes planetarios para excavadora <span>EC700<\/span><\/li>\n<li>Caja de engranajes planetarios para excavadora Volvo EC360<\/li>\n<li>Caja de engranajes planetarios para excavadora Volvo EC460<\/li>\n<li>Caja de engranajes planetarios para excavadora <span>EC700<\/span><\/li>\n<li>Caja de engranajes planetarios para excavadora Komatsu PC40<\/li>\n<li>Caja de engranajes planetarios para excavadora Komatsu PC56-7<\/li>\n<li>Caja de engranajes planetarios para excavadora Komatsu PC300-7<\/li>\n<li>Caja de engranajes planetarios para excavadora Komatsu PC400-7<\/li>\n<li>Caja de engranajes planetarios para excavadora Kobelco SK60-6<\/li>\n<li>Caja de engranajes planetarios para excavadora Kobelco SK135<\/li>\n<li>Caja de engranajes planetarios para excavadora Kobelco SK200-8<\/li>\n<li>Caja de engranajes planetarios para excavadora Daewoo DH300-7<\/li>\n<\/ul>\n<p>[\/et_pb_toggle][\/et_pb_column][et_pb_column type=&#8221;1_3&#8243; _builder_version=&#8221;4.27.4&#8243; _module_preset=&#8221;default&#8221; global_colors_info=&#8221;{}&#8221;][et_pb_image src=&#8221;https:\/\/fmp-components.com\/wp-content\/uploads\/2024\/12\/In-line-Planetary-Gearbox.webp&#8221; alt=&#8221;In-line Planetary Gearbox&#8221; title_text=&#8221;In-line Planetary Gearbox&#8221; _builder_version=&#8221;4.27.4&#8243; _module_preset=&#8221;default&#8221; global_colors_info=&#8221;{}&#8221;][\/et_pb_image][et_pb_toggle title=&#8221;In-line Planetary Gearbox&#8221; _builder_version=&#8221;4.27.4&#8243; _module_preset=&#8221;default&#8221; global_colors_info=&#8221;{}&#8221;]<\/p>\n<ul>\n<li>Caja de engranajes planetarios industriales de la serie S<\/li>\n<li>Caja de engranajes planetarios serie E<\/li>\n<li>Caja de engranajes planetarios serie 311<\/li>\n<li>Caja de engranajes planetarios serie 310<\/li>\n<li>Caja de engranajes planetarios serie 306<\/li>\n<li>Caja de engranajes planetarios serie 301<\/li>\n<\/ul>\n<p>[\/et_pb_toggle][\/et_pb_column][\/et_pb_row][et_pb_row column_structure=&#8221;1_3,1_3,1_3&#8243; _builder_version=&#8221;4.27.4&#8243; _module_preset=&#8221;default&#8221; global_colors_info=&#8221;{}&#8221;][et_pb_column type=&#8221;1_3&#8243; _builder_version=&#8221;4.27.4&#8243; _module_preset=&#8221;default&#8221; global_colors_info=&#8221;{}&#8221;][et_pb_image src=&#8221;https:\/\/fmp-components.com\/wp-content\/uploads\/2024\/12\/Right-Angle-Planetary-Gearbox.webp&#8221; alt=&#8221;Right Angle Planetary Gearbox&#8221; title_text=&#8221;Right Angle Planetary Gearbox&#8221; _builder_version=&#8221;4.27.4&#8243; _module_preset=&#8221;default&#8221; global_colors_info=&#8221;{}&#8221;][\/et_pb_image][et_pb_toggle title=&#8221;Right Angle Planetary Gearbox&#8221; _builder_version=&#8221;4.27.4&#8243; _module_preset=&#8221;default&#8221; global_colors_info=&#8221;{}&#8221;]<\/p>\n<ul>\n<li>Caja de engranajes planetarios serie 307<\/li>\n<\/ul>\n<p>[\/et_pb_toggle][\/et_pb_column][et_pb_column type=&#8221;1_3&#8243; _builder_version=&#8221;4.27.4&#8243; _module_preset=&#8221;default&#8221; global_colors_info=&#8221;{}&#8221;][et_pb_image src=&#8221;https:\/\/fmp-components.com\/wp-content\/uploads\/2024\/12\/Planetary-Gearbox-for-Feed-Mixer.webp&#8221; alt=&#8221;Planetary Gearbox for Feed Mixer&#8221; title_text=&#8221;Planetary Gearbox for Feed Mixer&#8221; _builder_version=&#8221;4.27.4&#8243; _module_preset=&#8221;default&#8221; global_colors_info=&#8221;{}&#8221;][\/et_pb_image][et_pb_toggle title=&#8221;Planetary Gearbox for Feed Mixer&#8221; _builder_version=&#8221;4.27.4&#8243; _module_preset=&#8221;default&#8221; global_colors_info=&#8221;{}&#8221;]<\/p>\n<ul>\n<li>Caja de engranajes del mezclador de alimentaci\u00f3n C3A, 1:1, 1,8:1<\/li>\n<li>Caja de engranajes C-3A para m\u00e1quinas mezcladoras de pienso<\/li>\n<li>Caja de engranajes para mezcladoras de pienso D-732A 1:1\/1.41:1<\/li>\n<li>Caja de engranajes para mezclador de alimentaci\u00f3n horizontal D732A 1:1\/1.93:1<\/li>\n<li>Caja de engranajes del mezclador de alimentaci\u00f3n horizontal C3A 1:1<\/li>\n<li>Caja de engranajes para mezclador de alimentaci\u00f3n para mezclador TMR EP RMG<\/li>\n<li>Caja de engranajes del mezclador de pienso PGA-1202VM<\/li>\n<li>Caja de engranajes para mezcladoras de pienso PGA-1602<\/li>\n<li>Caja de engranajes para mezclador de alimentaci\u00f3n vertical PGA1202VM<\/li>\n<li>Caja de engranajes para mezclador de alimentaci\u00f3n vertical PGA1602VM<\/li>\n<\/ul>\n<p>[\/et_pb_toggle][\/et_pb_column][et_pb_column type=&#8221;1_3&#8243; _builder_version=&#8221;4.27.4&#8243; _module_preset=&#8221;default&#8221; global_colors_info=&#8221;{}&#8221;][et_pb_image src=&#8221;https:\/\/fmp-components.com\/wp-content\/uploads\/2024\/12\/Planetary-Gearbox-for-Wind-Turbine.webp&#8221; alt=&#8221;Planetary Gearbox for Wind Turbine&#8221; title_text=&#8221;Planetary Gearbox for Wind Turbine&#8221; _builder_version=&#8221;4.27.4&#8243; _module_preset=&#8221;default&#8221; global_colors_info=&#8221;{}&#8221;][\/et_pb_image][et_pb_toggle title=&#8221;Planetary Gearbox for Wind Turbine&#8221; _builder_version=&#8221;4.27.4&#8243; _module_preset=&#8221;default&#8221; global_colors_info=&#8221;{}&#8221;]<\/p>\n<ul>\n<li>Caja de engranajes planetarios con accionamiento de giro m\u00f3vil serie SD<\/li>\n<li>Serie NB <span>Caja de cambios de transmisi\u00f3n de gui\u00f1ada<\/span><\/li>\n<\/ul>\n<p>[\/et_pb_toggle][\/et_pb_column][\/et_pb_row][\/et_pb_section][et_pb_section fb_built=&#8221;1&#8243; _builder_version=&#8221;4.27.4&#8243; _module_preset=&#8221;default&#8221; global_colors_info=&#8221;{}&#8221;][et_pb_row _builder_version=&#8221;4.27.4&#8243; _module_preset=&#8221;default&#8221; global_colors_info=&#8221;{}&#8221;][et_pb_column type=&#8221;4_4&#8243; _builder_version=&#8221;4.27.4&#8243; _module_preset=&#8221;default&#8221; global_colors_info=&#8221;{}&#8221;][et_pb_text _builder_version=&#8221;4.27.4&#8243; _module_preset=&#8221;default&#8221; header_2_font=&#8221;Frank Ruhl Libre||||||||&#8221; header_2_font_size=&#8221;38px&#8221; global_colors_info=&#8221;{}&#8221;]<\/p>\n<h2 style=\"text-align: center;\">Productos relacionados \u2013 Engranaje planetario<\/h2>\n<p>[\/et_pb_text][\/et_pb_column][\/et_pb_row][et_pb_row column_structure=&#8221;1_4,1_4,1_4,1_4&#8243; _builder_version=&#8221;4.27.4&#8243; _module_preset=&#8221;default&#8221; global_colors_info=&#8221;{}&#8221;][et_pb_column type=&#8221;1_4&#8243; _builder_version=&#8221;4.27.4&#8243; _module_preset=&#8221;default&#8221; global_colors_info=&#8221;{}&#8221;][et_pb_blurb title=&#8221;Planetary Gear Sets&#8221; url=&#8221;https:\/\/fmp-components.com\/en\/product\/planetary-gear-sets&#8221; url_new_window=&#8221;on&#8221; image=&#8221;https:\/\/fmp-components.com\/wp-content\/uploads\/2025\/01\/Planetary-Gear-set.webp&#8221; alt=&#8221;Planetary Gear set&#8221; _builder_version=&#8221;4.27.4&#8243; _module_preset=&#8221;default&#8221; header_level=&#8221;h3&#8243; header_font=&#8221;Frank Ruhl Libre||||||||&#8221; header_text_align=&#8221;center&#8221; header_font_size=&#8221;20px&#8221; global_colors_info=&#8221;{}&#8221;][\/et_pb_blurb][\/et_pb_column][et_pb_column type=&#8221;1_4&#8243; _builder_version=&#8221;4.27.4&#8243; _module_preset=&#8221;default&#8221; global_colors_info=&#8221;{}&#8221;][et_pb_blurb title=&#8221;Internal Planetary Gear&#8221; url=&#8221;https:\/\/fmp-components.com\/en\/product\/internal-planetary-gear&#8221; url_new_window=&#8221;on&#8221; image=&#8221;https:\/\/fmp-components.com\/wp-content\/uploads\/2025\/01\/Internal-Planetary-Gear.webp&#8221; alt=&#8221;Internal Planetary Gear&#8221; _builder_version=&#8221;4.27.4&#8243; _module_preset=&#8221;default&#8221; header_level=&#8221;h3&#8243; header_font=&#8221;Frank Ruhl Libre||||||||&#8221; header_text_align=&#8221;center&#8221; header_font_size=&#8221;20px&#8221; global_colors_info=&#8221;{}&#8221;][\/et_pb_blurb][\/et_pb_column][et_pb_column type=&#8221;1_4&#8243; _builder_version=&#8221;4.27.4&#8243; _module_preset=&#8221;default&#8221; global_colors_info=&#8221;{}&#8221;][et_pb_blurb title=&#8221;Internal Planetary Gear Kit&#8221; url=&#8221;https:\/\/fmp-components.com\/en\/product\/internal-planetary-gear-kit&#8221; url_new_window=&#8221;on&#8221; image=&#8221;https:\/\/fmp-components.com\/wp-content\/uploads\/2025\/01\/Internal-Planetary-Gear-Kit.webp&#8221; alt=&#8221;Internal Planetary Gear Kit&#8221; _builder_version=&#8221;4.27.4&#8243; _module_preset=&#8221;default&#8221; header_level=&#8221;h3&#8243; header_font=&#8221;Frank Ruhl Libre||||||||&#8221; header_text_align=&#8221;center&#8221; header_font_size=&#8221;20px&#8221; global_colors_info=&#8221;{}&#8221;][\/et_pb_blurb][\/et_pb_column][et_pb_column type=&#8221;1_4&#8243; _builder_version=&#8221;4.27.4&#8243; _module_preset=&#8221;default&#8221; global_colors_info=&#8221;{}&#8221;][et_pb_blurb title=&#8221;Planetary Ring Gear&#8221; url=&#8221;https:\/\/fmp-components.com\/en\/product\/planetary-ring-gear&#8221; url_new_window=&#8221;on&#8221; image=&#8221;https:\/\/fmp-components.com\/wp-content\/uploads\/2025\/01\/Planetary-Ring-Gear.webp&#8221; alt=&#8221;Planetary Ring Gear&#8221; _builder_version=&#8221;4.27.4&#8243; _module_preset=&#8221;default&#8221; header_level=&#8221;h3&#8243; header_font=&#8221;Frank Ruhl Libre||||||||&#8221; header_text_align=&#8221;center&#8221; header_font_size=&#8221;20px&#8221; global_colors_info=&#8221;{}&#8221;][\/et_pb_blurb][\/et_pb_column][\/et_pb_row][\/et_pb_section]<\/p>","protected":false},"excerpt":{"rendered":"<p>Planetary GearboxA planetary gearbox consists of a central sun gear, multiple planet gears, and an outer ring gear, offering high torque density and compact design. This configuration makes it ideal for applications needing precise speed reduction and increased torque, commonly used in robotics, automotive, and industrial machinery. At FMP, we provide a wide range of [&hellip;]<\/p>","protected":false},"author":2,"featured_media":0,"parent":0,"menu_order":0,"comment_status":"closed","ping_status":"closed","template":"","meta":{"_et_pb_use_builder":"on","_et_pb_old_content":"","_et_gb_content_width":"","footnotes":""},"class_list":["post-1162","page","type-page","status-publish","hentry"],"_links":{"self":[{"href":"https:\/\/fmp-components.com\/es\/wp-json\/wp\/v2\/pages\/1162","targetHints":{"allow":["GET"]}}],"collection":[{"href":"https:\/\/fmp-components.com\/es\/wp-json\/wp\/v2\/pages"}],"about":[{"href":"https:\/\/fmp-components.com\/es\/wp-json\/wp\/v2\/types\/page"}],"author":[{"embeddable":true,"href":"https:\/\/fmp-components.com\/es\/wp-json\/wp\/v2\/users\/2"}],"replies":[{"embeddable":true,"href":"https:\/\/fmp-components.com\/es\/wp-json\/wp\/v2\/comments?post=1162"}],"version-history":[{"count":30,"href":"https:\/\/fmp-components.com\/es\/wp-json\/wp\/v2\/pages\/1162\/revisions"}],"predecessor-version":[{"id":8188,"href":"https:\/\/fmp-components.com\/es\/wp-json\/wp\/v2\/pages\/1162\/revisions\/8188"}],"wp:attachment":[{"href":"https:\/\/fmp-components.com\/es\/wp-json\/wp\/v2\/media?parent=1162"}],"curies":[{"name":"gracias","href":"https:\/\/api.w.org\/{rel}","templated":true}]}}