{"id":967,"date":"2024-12-19T03:40:23","date_gmt":"2024-12-19T03:40:23","guid":{"rendered":"https:\/\/fmp-components.com\/product\/10047-cost-effective-double-acting-trailer-hydraulic-cylinder\/"},"modified":"2024-12-19T08:42:34","modified_gmt":"2024-12-19T08:42:34","slug":"10047-cost-effective-double-acting-trailer-hydraulic-cylinder","status":"publish","type":"product","link":"https:\/\/fmp-components.com\/de\/product\/10047-cost-effective-double-acting-trailer-hydraulic-cylinder\/","title":{"rendered":"10047 Kosteng\u00fcnstiger doppeltwirkender Hydraulikzylinder f\u00fcr Anh\u00e4nger"},"content":{"rendered":"<p>Der kosteng\u00fcnstige, doppeltwirkende Hydraulikzylinder 10047 f\u00fcr Anh\u00e4nger wurde speziell f\u00fcr Anh\u00e4ngeranwendungen entwickelt und bietet zuverl\u00e4ssige Leistung und Effizienz zu einem erschwinglichen Preis. Dieser Hydraulikzylinder eignet sich ideal zum Heben, Senken und Positionieren von Anh\u00e4ngern und gew\u00e4hrleistet einen reibungslosen Betrieb in verschiedenen Be- und Entladesituationen.<\/p>\n<h4>Hauptmerkmale:<\/h4>\n<ul>\n<li><strong>Doppeltwirkendes Design<\/strong>: Erm\u00f6glicht ein effizientes Funktionieren sowohl beim Aus- als auch beim Einfahren und somit eine pr\u00e4zise Steuerung bei Anh\u00e4ngerman\u00f6vern.<\/li>\n<li><strong>Kosteng\u00fcnstige L\u00f6sung<\/strong>Bietet hervorragende Leistung ohne Kompromisse bei der Qualit\u00e4t und ist somit eine wirtschaftliche Wahl f\u00fcr den Anh\u00e4ngerbetrieb.<\/li>\n<li><strong>Langlebige Konstruktion<\/strong>: Hergestellt aus hochfesten Materialien, um den Anforderungen hoher Belastungen und rauer Umgebungen standzuhalten.<\/li>\n<li><strong>Korrosionsbest\u00e4ndige Oberfl\u00e4che<\/strong>Beschichtet, um Rost und Korrosion zu verhindern und so Langlebigkeit und Zuverl\u00e4ssigkeit unter Au\u00dfenbedingungen zu gew\u00e4hrleisten.<\/li>\n<li><strong>Einfache Installation<\/strong>: Konzipiert f\u00fcr die schnelle und einfache Integration in bestehende Anh\u00e4ngersysteme, wodurch Ausfallzeiten minimiert werden. <img loading=\"lazy\" decoding=\"async\" class=\"size-full wp-image-976 aligncenter\" src=\"https:\/\/fmp-components.com\/wp-content\/uploads\/2024\/12\/Welded-Tee-Type-Cylinder2.webp\" alt=\"Geschwei\u00dfter T-Typ-Zylinder\" width=\"764\" height=\"675\" title=\"\" srcset=\"https:\/\/fmp-components.com\/wp-content\/uploads\/2024\/12\/Welded-Tee-Type-Cylinder2.webp 764w, https:\/\/fmp-components.com\/wp-content\/uploads\/2024\/12\/Welded-Tee-Type-Cylinder2-480x424.webp 480w\" sizes=\"(min-width: 0px) and (max-width: 480px) 480px, (min-width: 481px) 764px, 100vw\" \/><\/li>\n<\/ul>\n<h4>Vorteile:<\/h4>\n<ul>\n<li><strong>Erh\u00f6hte Effizienz<\/strong>: Verbessert die Betriebseffektivit\u00e4t von Anh\u00e4ngern und gew\u00e4hrleistet ein reibungsloses und zuverl\u00e4ssiges Heben und Senken.<\/li>\n<li><strong>Vielseitige Einsatzm\u00f6glichkeiten<\/strong>Geeignet f\u00fcr verschiedene Anh\u00e4ngertypen und somit eine vielseitige Erg\u00e4nzung Ihrer Ausr\u00fcstung.<\/li>\n<li><strong>Reduzierte Wartungskosten<\/strong>Die robuste Konstruktion minimiert Verschlei\u00df und f\u00fchrt somit zu geringeren Wartungs- und Ersatzkosten.<\/li>\n<\/ul>\n<p>Der kosteng\u00fcnstige, doppeltwirkende Hydraulikzylinder 10047 f\u00fcr Anh\u00e4nger ist eine unverzichtbare Komponente f\u00fcr alle, die die Leistung ihres Anh\u00e4ngers optimieren und gleichzeitig ihr Budget im Blick behalten m\u00f6chten. Seine robuste Bauweise und zuverl\u00e4ssige Funktionalit\u00e4t machen ihn zur idealen Wahl f\u00fcr einen effizienten Anh\u00e4ngerbetrieb.<\/p>\n<h2>Vorteile des geschwei\u00dften T-Typ-Zylinders<\/h2>\n<ul>\n<li style=\"list-style-type: none;\">\n<ul>\n<li><strong>Erh\u00f6hte St\u00e4rke:<\/strong> Geschwei\u00dfte T-Zylinder zeichnen sich durch ihre hohe Festigkeit aus und eignen sich daher f\u00fcr Anwendungen, bei denen schwere Lasten gehoben werden m\u00fcssen. Das bei der Herstellung dieser Zylinder verwendete Schwei\u00dfverfahren stellt sicher, dass der Zylinder keine Schwachstellen aufweist und hohem Druck und hoher Belastung standh\u00e4lt.<\/li>\n<\/ul>\n<\/li>\n<\/ul>\n<p>Wenn Druck auf den Zylinder ausge\u00fcbt wird, verteilt sich dieser gleichm\u00e4\u00dfig \u00fcber die gesamte Oberfl\u00e4che und macht ihn so verformungsbest\u00e4ndig. Diese Eigenschaft stellt sicher, dass der Zylinder auch unter extremen Bedingungen seine Form und strukturelle Integrit\u00e4t beh\u00e4lt.<\/p>\n<ul>\n<li style=\"list-style-type: none;\">\n<ul>\n<li><strong>Leckageschutz:<\/strong> Geschwei\u00dfte T-Flaschen verhindern Leckagen. Das Schwei\u00dfverfahren bei der Herstellung gew\u00e4hrleistet die vollst\u00e4ndige Abdichtung des Zylinders und verhindert m\u00f6gliche Leckagen. Dadurch eignen sie sich f\u00fcr Anwendungen, bei denen Leckagen schwere Sch\u00e4den oder Verletzungen verursachen k\u00f6nnen.<\/li>\n<\/ul>\n<\/li>\n<\/ul>\n<p>Die Schwei\u00dfverbindungen sind glatt und weisen keine Spalten oder Rillen auf, in denen sich Ablagerungen oder Schmutz ansammeln k\u00f6nnen. Dadurch wird das Risiko von Korrosion und Besch\u00e4digung des Zylinders verringert.<\/p>\n<ul>\n<li style=\"list-style-type: none;\">\n<ul>\n<li><strong>Anpassbar:<\/strong> Geschwei\u00dfte T-Zylinder k\u00f6nnen an spezifische Anwendungen angepasst werden. Die Zylinder sind in verschiedenen Gr\u00f6\u00dfen und Formen erh\u00e4ltlich und k\u00f6nnen so gefertigt werden, dass sie den spezifischen Anforderungen der Anwendung entsprechen.<\/li>\n<\/ul>\n<\/li>\n<\/ul>\n<p>Durch die individuelle Anpassung kann die Leistung des Zylinders optimiert und sichergestellt werden, dass er f\u00fcr die vorgesehene Anwendung geeignet ist. Dadurch eignen sich geschwei\u00dfte T-Zylinder ideal f\u00fcr den Einsatz in verschiedenen industriellen Anwendungen, darunter im Baugewerbe, im Bergbau und in der Materialhandhabung.<\/p>\n<ul>\n<li style=\"list-style-type: none;\">\n<ul>\n<li><strong>Kosteng\u00fcnstig:<\/strong> Geschwei\u00dfte T-Zylinder sind im Vergleich zu anderen Zylindertypen kosteng\u00fcnstig. Der Herstellungsprozess dieser Zylinder ist einfach und daher weniger kostspielig als bei anderen Zylindertypen.<\/li>\n<\/ul>\n<\/li>\n<\/ul>\n<p>Dar\u00fcber hinaus reduzieren die hohe Festigkeit und Langlebigkeit geschwei\u00dfter T-Zylinder den Bedarf an h\u00e4ufigen Reparaturen und Austauschvorg\u00e4ngen und senken so die Wartungskosten. Diese Eigenschaft macht sie zu einer beliebten Wahl f\u00fcr viele Branchen, insbesondere f\u00fcr diejenigen mit begrenztem Budget.<\/p>\n<ul>\n<li style=\"list-style-type: none;\">\n<ul>\n<li><strong>Erh\u00f6hte Effizienz:<\/strong> Geschwei\u00dfte T-Zylinder sind hocheffizient und effektiv. Die Konstruktion des Zylinders sorgt daf\u00fcr, dass die aufgebrachte Kraft direkt auf die Last \u00fcbertragen wird, wodurch Energieverluste reduziert und die Effizienz gesteigert werden.<\/li>\n<\/ul>\n<\/li>\n<\/ul>\n<p>Die Schwei\u00dfverbindungen sind stark und steif, minimieren die Durchbiegung und gew\u00e4hrleisten, dass der Zylinder auch unter extremen Bedingungen seine Form und strukturelle Integrit\u00e4t beh\u00e4lt. Diese Eigenschaft macht geschwei\u00dfte T-Zylinder ideal f\u00fcr Anwendungen, die hohe Effizienz und Zuverl\u00e4ssigkeit erfordern.<\/p>\n<p><img loading=\"lazy\" decoding=\"async\" class=\"size-full wp-image-977 aligncenter\" src=\"https:\/\/fmp-components.com\/wp-content\/uploads\/2024\/12\/Welded-Tee-Type-Cylinder3.webp\" alt=\"Geschwei\u00dfter T-Typ-Zylinder\" width=\"653\" height=\"600\" title=\"\" srcset=\"https:\/\/fmp-components.com\/wp-content\/uploads\/2024\/12\/Welded-Tee-Type-Cylinder3.webp 653w, https:\/\/fmp-components.com\/wp-content\/uploads\/2024\/12\/Welded-Tee-Type-Cylinder3-480x441.webp 480w\" sizes=\"(min-width: 0px) and (max-width: 480px) 480px, (min-width: 481px) 653px, 100vw\" \/><\/p>\n<h2>Anwendung von geschwei\u00dften T-Typ-Zylindern<\/h2>\n<ul>\n<li>\n<h3>Industrielle Maschinen und Anlagen<\/h3>\n<p>Geschwei\u00dfte T-Zylinder werden h\u00e4ufig in Industriemaschinen und -anlagen, insbesondere in Hydrauliksystemen, eingesetzt. Der Zylinder besteht aus einem Kolben und einem Zylinderrohr, die zu einer Einheit verschwei\u00dft sind. Diese Konstruktion bietet gegen\u00fcber anderen Zylindertypen mehrere Vorteile, wie z. B. verbesserte Haltbarkeit, h\u00f6here Festigkeit und h\u00f6here Pr\u00e4zision.<\/p>\n<p>Eine der wichtigsten Anwendungen von geschwei\u00dften T-Zylindern in Industriemaschinen ist ihre F\u00e4higkeit, eine konstante und pr\u00e4zise Kraft zu liefern. Dies ist f\u00fcr viele Fertigungsprozesse unerl\u00e4sslich, bei denen eine pr\u00e4zise Steuerung erforderlich ist, um die Qualit\u00e4t des Endprodukts sicherzustellen. Geschwei\u00dfte T-Zylinder k\u00f6nnen auch zur Regulierung des Fl\u00fcssigkeitsflusses in Hydrauliksystemen eingesetzt werden und sorgen so f\u00fcr mehr Effizienz und Zuverl\u00e4ssigkeit in einer Vielzahl von Industrieanwendungen.<\/li>\n<li>\n<h3>Landwirtschaftliche Ger\u00e4te<\/h3>\n<p>Geschwei\u00dfte T-Zylinder werden auch h\u00e4ufig in landwirtschaftlichen Ger\u00e4ten wie Traktoren und Erntemaschinen eingesetzt. Diese Maschinen ben\u00f6tigen leistungsstarke und zuverl\u00e4ssige Hydrauliksysteme, um effektiv zu funktionieren. Geschwei\u00dfte T-Zylinder sind hierf\u00fcr die ideale Wahl.<\/p>\n<p>Die robuste Konstruktion und hohe Festigkeit des Zylinders machen ihn selbst unter rauen Betriebsbedingungen \u00e4u\u00dferst verschlei\u00dffest. Dies macht ihn zur idealen Wahl f\u00fcr den Einsatz in landwirtschaftlichen Ger\u00e4ten, bei denen Langlebigkeit ein entscheidender Faktor ist. Geschwei\u00dfte T-Zylinder erm\u00f6glichen auch die pr\u00e4zise Steuerung vieler landwirtschaftlicher Prozesse wie Pflanzung, Ernte und Bew\u00e4sserung.<\/li>\n<li>\n<h3>Baumaschinen<\/h3>\n<p>Geschwei\u00dfte T-Zylinder werden auch h\u00e4ufig in Baumaschinen wie Baggern, Baggerladern und Bulldozern eingesetzt. Diese Maschinen ben\u00f6tigen leistungsstarke und zuverl\u00e4ssige Hydrauliksysteme, um schwere Aufgaben wie Graben, Heben und Schieben schwerer Lasten zu erf\u00fcllen.<\/p>\n<p>Die hohe Festigkeit und Langlebigkeit des geschwei\u00dften T-Zylinders machen ihn zur idealen Wahl f\u00fcr den Einsatz in Baumaschinen. Seine F\u00e4higkeit, pr\u00e4zise Steuerung und konstante Kraft zu gew\u00e4hrleisten, ist f\u00fcr viele Bauprozesse wie Aushub, Planierung und Stra\u00dfenbau unerl\u00e4sslich. Geschwei\u00dfte T-Zylinder k\u00f6nnen auch zur Regulierung des Fl\u00fcssigkeitsflusses in Hydrauliksystemen eingesetzt werden und verbessern so die Effizienz und Zuverl\u00e4ssigkeit von Baumaschinen in einer Vielzahl von Anwendungen.<\/li>\n<\/ul>\n<h3>\u00dcber FMP<\/h3>\n<p>FMP ist ein f\u00fchrender Hersteller und Lieferant von Hydraulikzylindern mit \u00fcber 30 Jahren Branchenerfahrung. Unser hochmodernes Werk in Italien beherbergt mehr als 100 fortschrittliche Anlagen, darunter automatische Schutzgasschwei\u00dfanlagen, Tieflochbohrmaschinen, CNC-Drehmaschinen, Rundschleifmaschinen, automatische Reinigungsmaschinen, automatische Montageanlagen, automatische Pr\u00fcfst\u00e4nde f\u00fcr Hydraulikzylinder und automatische Lackieranlagen.<\/p>\n<p><img decoding=\"async\" src=\"https:\/\/fmp-components.com\/wp-content\/uploads\/2024\/12\/fmp-factory-4.webp\" alt=\"FMP-Fabrik\" width=\"800\" title=\"\"><\/p>\n<p>Wir bieten eine breite Palette an Hydraulikzylindern f\u00fcr unterschiedlichste Anforderungen an:<\/p>\n<ol>\n<li><strong>Hydraulikzylinder:<\/strong> Unsere Hydraulikzylinder werden sorgf\u00e4ltig gefertigt und gepr\u00fcft, um h\u00f6chste Qualit\u00e4t zu gew\u00e4hrleisten. Sie sind auf zuverl\u00e4ssige Leistung und Langlebigkeit ausgelegt.<\/li>\n<li><strong>Hydraulischer Zylinder Ohrringzylinder:<\/strong> Dieser Hydraulikzylinder wurde speziell f\u00fcr Ohrringanwendungen entwickelt. Sein innovatives Design gew\u00e4hrleistet einen effizienten und pr\u00e4zisen Betrieb.<\/li>\n<li><strong>Bidirektionaler automatischer Teleskop-Hydraulikzylinder:<\/strong> Unser bidirektionaler automatischer Teleskop-Hydraulikzylinder ist eine vielseitige L\u00f6sung, die eine reibungslose und pr\u00e4zise Bewegung in beide Richtungen erm\u00f6glicht.<\/li>\n<\/ol>\n<p>Wir bei FMP sind stolz darauf, unseren Kunden umfassende Dienstleistungen anzubieten:<\/p>\n<ol start=\"4\">\n<li><strong>Design-Service:<\/strong> Unser erfahrenes Konstruktionsteam verf\u00fcgt \u00fcber umfassende Expertise in der Entwicklung und Konstruktion von Universalwellen. Wir unterst\u00fctzen Sie gerne bei der Entwicklung neuer Produkte oder der Optimierung bestehender Produkte.<\/li>\n<li><strong>Produktservice:<\/strong> Von der Rohstoffgewinnung bis zum Transport durchlaufen wir einen sorgf\u00e4ltigen Prozess, der Zuschnitt, Vorbearbeitung, Pr\u00fcfung, Reinigung, Montage, Verpackung und Transport umfasst. So stellen wir sicher, dass unsere Produkte Sie in einwandfreiem Zustand erreichen.<\/li>\n<li><strong>Beispielprozess:<\/strong> Wir bieten Musterentwicklung nach Ihren Vorgaben und passen die Muster fortlaufend an Ihre spezifischen Bed\u00fcrfnisse an. Unser Ziel ist es, Produkte zu liefern, die Ihre Erwartungen perfekt erf\u00fcllen.<\/li>\n<li><strong>Forschung und Entwicklung:<\/strong> Als zukunftsorientiertes Unternehmen analysieren wir kontinuierlich die Marktanforderungen und entwickeln neue Modelle, um den sich wandelnden Bed\u00fcrfnissen der Branche gerecht zu werden. Unser Engagement in Forschung und Entwicklung erm\u00f6glicht es uns, innovative L\u00f6sungen anzubieten.<\/li>\n<\/ol>\n<p>Mit unserem breiten Sortiment an hochwertigen Hydraulikzylindern und unserem exzellenten Service ist FMP Ihr zuverl\u00e4ssiger Partner in der Branche. Kontaktieren Sie uns noch heute, um Ihre Anforderungen an Hydraulikzylinder zu besprechen und die Vorteile von FMP kennenzulernen.<\/p>\n<h3>FAQs<\/h3>\n<ol>\n<li>F: Wozu dient ein Hydraulikzylinder?<br \/>\nA: Hydraulikzylinder werden verwendet, um eine mechanische Kraft in einer linearen Bewegung zu erzeugen.<\/li>\n<li>F: Wie funktioniert ein Hydraulikzylinder?<br \/>\nA: Ein Hydraulikzylinder funktioniert durch die Bewegung eines Kolbens innerhalb eines Zylinderrohrs, die durch unter Druck stehende Hydraulikfl\u00fcssigkeit angetrieben wird.<\/li>\n<li>F: Wie w\u00e4hle ich das richtige Hydraulik\u00f6l f\u00fcr meinen Zylinder aus?<br \/>\nA: Das richtige Hydraulik\u00f6l sollte anhand der spezifischen Anforderungen der jeweiligen Anwendung ausgew\u00e4hlt werden. Unser Team bei FMP unterst\u00fctzt Sie gerne bei der Auswahl.<\/li>\n<li>F: Wie oft sollte ich die Dichtungen in meinem Hydraulikzylinder austauschen?<br \/>\nA: Die Dichtungen sollten ausgetauscht werden, sobald Sie eine Verschlechterung der Systemleistung feststellen oder sichtbare Sch\u00e4den oder Lecks vorhanden sind.<\/li>\n<li>F: Wie messe ich einen Hydraulikzylinder?<br \/>\nA: Zu den Ma\u00dfen eines Hydraulikzylinders geh\u00f6ren der Bohrungsdurchmesser, der Kolbenstangendurchmesser und die Hubl\u00e4nge.<\/li>\n<\/ol>\n<p>Autor: CX<\/p>","protected":false},"excerpt":{"rendered":"<p>The 10047 Cost Effective Double Acting Trailer Hydraulic Cylinder is specifically designed for trailer applications, providing reliable performance and efficiency at an affordable price. This hydraulic cylinder is ideal for lifting, lowering, and positioning trailers, ensuring smooth operation in various loading and unloading scenarios. Key Features: Double Acting Design: Facilitates efficient operation in both extension [&hellip;]<\/p>","protected":false},"featured_media":1133,"comment_status":"closed","ping_status":"closed","template":"","meta":{"_et_pb_use_builder":"","_et_pb_old_content":"","_et_gb_content_width":""},"product_brand":[],"product_cat":[31],"product_tag":[34,35],"class_list":{"0":"post-967","1":"product","2":"type-product","3":"status-publish","4":"has-post-thumbnail","6":"product_cat-welded-tee-type-cylinder","7":"product_tag-hydraulic-cylinder","8":"product_tag-welded-tee-type-cylinder","10":"first","11":"instock","12":"product-type-simple"},"_links":{"self":[{"href":"https:\/\/fmp-components.com\/de\/wp-json\/wp\/v2\/product\/967","targetHints":{"allow":["GET"]}}],"collection":[{"href":"https:\/\/fmp-components.com\/de\/wp-json\/wp\/v2\/product"}],"about":[{"href":"https:\/\/fmp-components.com\/de\/wp-json\/wp\/v2\/types\/product"}],"replies":[{"embeddable":true,"href":"https:\/\/fmp-components.com\/de\/wp-json\/wp\/v2\/comments?post=967"}],"wp:featuredmedia":[{"embeddable":true,"href":"https:\/\/fmp-components.com\/de\/wp-json\/wp\/v2\/media\/1133"}],"wp:attachment":[{"href":"https:\/\/fmp-components.com\/de\/wp-json\/wp\/v2\/media?parent=967"}],"wp:term":[{"taxonomy":"product_brand","embeddable":true,"href":"https:\/\/fmp-components.com\/de\/wp-json\/wp\/v2\/product_brand?post=967"},{"taxonomy":"product_cat","embeddable":true,"href":"https:\/\/fmp-components.com\/de\/wp-json\/wp\/v2\/product_cat?post=967"},{"taxonomy":"product_tag","embeddable":true,"href":"https:\/\/fmp-components.com\/de\/wp-json\/wp\/v2\/product_tag?post=967"}],"curies":[{"name":"wp","href":"https:\/\/api.w.org\/{rel}","templated":true}]}}