{"id":964,"date":"2024-12-19T03:40:23","date_gmt":"2024-12-19T03:40:23","guid":{"rendered":"https:\/\/fmp-components.com\/product\/10044-customized-double-acting-hydraulic-cylinder-welded-tee-cylinder\/"},"modified":"2024-12-19T08:41:41","modified_gmt":"2024-12-19T08:41:41","slug":"10044-customized-double-acting-hydraulic-cylinder-welded-tee-cylinder","status":"publish","type":"product","link":"https:\/\/fmp-components.com\/de\/product\/10044-customized-double-acting-hydraulic-cylinder-welded-tee-cylinder\/","title":{"rendered":"10044 Kundenspezifischer doppeltwirkender Hydraulikzylinder, geschwei\u00dfter T-Zylinder"},"content":{"rendered":"<p>Der kundenspezifische doppeltwirkende Hydraulikzylinder 10044 mit geschwei\u00dftem T-St\u00fcck ist vielseitig und robust konstruiert und erf\u00fcllt die spezifischen Anwendungsanforderungen verschiedener Branchen, darunter Bauwesen, Landwirtschaft und Fertigung. Dieser Hydraulikzylinder bietet zuverl\u00e4ssige Leistung mit einer robusten Schwei\u00dfkonstruktion und gew\u00e4hrleistet Langlebigkeit auch unter anspruchsvollen Bedingungen.<\/p>\n<h4>Hauptmerkmale:<\/h4>\n<ul>\n<li><strong>Doppeltwirkende Funktionalit\u00e4t<\/strong>: Bietet einen effizienten Betrieb sowohl beim Ausfahren als auch beim Einfahren und maximiert so die Produktivit\u00e4t f\u00fcr verschiedene Aufgaben.<\/li>\n<li><strong>Anpassbares Design<\/strong>: Erh\u00e4ltlich in verschiedenen Gr\u00f6\u00dfen und Konfigurationen, um spezifischen Anwendungsanforderungen und Montagevorlieben gerecht zu werden.<\/li>\n<li><strong>Schwei\u00dfkonstruktion<\/strong>: Verf\u00fcgt \u00fcber eine robuste Schwei\u00dfkonstruktion, die die strukturelle Integrit\u00e4t und Erm\u00fcdungsbest\u00e4ndigkeit verbessert.<\/li>\n<li><strong>Hohe Tragf\u00e4higkeit<\/strong>: Kann erhebliche Lasten bew\u00e4ltigen und ist daher ideal f\u00fcr Hochleistungsanwendungen.<\/li>\n<li><strong>Korrosionsbest\u00e4ndige Oberfl\u00e4che<\/strong>: Mit Schutzmaterialien beschichtet, um Rost und Korrosion zu verhindern und so Langlebigkeit und Zuverl\u00e4ssigkeit zu gew\u00e4hrleisten.<\/li>\n<\/ul>\n<p><img decoding=\"async\" src=\"https:\/\/hzpt.com\/wp-content\/uploads\/2023\/12\/random-2.webp\" alt=\"\" title=\"\"><\/p>\n<h4>Vorteile:<\/h4>\n<ul>\n<li><strong>Erh\u00f6hte Effizienz<\/strong>: Verbessert die Betriebseffizienz durch kraftvolle und gleichm\u00e4\u00dfige Bewegung in beide Richtungen.<\/li>\n<li><strong>Ma\u00dfgeschneiderte L\u00f6sungen<\/strong>: Anpassbare Funktionen erm\u00f6glichen spezifische Anpassungen, um einzigartige Anwendungsanforderungen zu erf\u00fcllen.<\/li>\n<li><strong>Geringerer Wartungsaufwand<\/strong>: Die langlebige Konstruktion minimiert den Verschlei\u00df und f\u00fchrt im Laufe der Zeit zu geringeren Wartungskosten.<\/li>\n<\/ul>\n<p>Der kundenspezifische doppeltwirkende Hydraulikzylinder 10044 mit geschwei\u00dftem T-St\u00fcck ist die ideale Wahl f\u00fcr alle, die eine zuverl\u00e4ssige und anpassungsf\u00e4hige Hydraulikl\u00f6sung suchen. Dank seiner robusten Konstruktion und den Anpassungsm\u00f6glichkeiten eignet er sich perfekt f\u00fcr eine Vielzahl industrieller Anwendungen und gew\u00e4hrleistet die f\u00fcr Ihren Betrieb erforderliche Leistung.<\/p>\n<p><img decoding=\"async\" class=\"aligncenter\" src=\"https:\/\/hzpt.com\/wp-content\/uploads\/2023\/12\/random-3.webp\" alt=\"\" title=\"\"><\/p>\n<h2>Vorteile des geschwei\u00dften T-Typ-Zylinders<\/h2>\n<ul>\n<li style=\"list-style-type: none;\">\n<ul>\n<li><strong>Erh\u00f6hte St\u00e4rke:<\/strong> Geschwei\u00dfte T-Zylinder zeichnen sich durch ihre hohe Festigkeit aus und eignen sich daher f\u00fcr Anwendungen, bei denen schwere Lasten gehoben werden m\u00fcssen. Das bei der Herstellung dieser Zylinder verwendete Schwei\u00dfverfahren stellt sicher, dass der Zylinder keine Schwachstellen aufweist und hohem Druck und hoher Belastung standh\u00e4lt.<\/li>\n<\/ul>\n<\/li>\n<\/ul>\n<p>Wenn Druck auf den Zylinder ausge\u00fcbt wird, verteilt sich dieser gleichm\u00e4\u00dfig \u00fcber die gesamte Oberfl\u00e4che und macht ihn so verformungsbest\u00e4ndig. Diese Eigenschaft stellt sicher, dass der Zylinder auch unter extremen Bedingungen seine Form und strukturelle Integrit\u00e4t beh\u00e4lt.<\/p>\n<ul>\n<li style=\"list-style-type: none;\">\n<ul>\n<li><strong>Leckageschutz:<\/strong> Geschwei\u00dfte T-Flaschen verhindern Leckagen. Das Schwei\u00dfverfahren bei der Herstellung gew\u00e4hrleistet die vollst\u00e4ndige Abdichtung des Zylinders und verhindert m\u00f6gliche Leckagen. Dadurch eignen sie sich f\u00fcr Anwendungen, bei denen Leckagen schwere Sch\u00e4den oder Verletzungen verursachen k\u00f6nnen.<\/li>\n<\/ul>\n<\/li>\n<\/ul>\n<p>Die Schwei\u00dfverbindungen sind glatt und weisen keine Spalten oder Rillen auf, in denen sich Ablagerungen oder Schmutz ansammeln k\u00f6nnen. Dadurch wird das Risiko von Korrosion und Besch\u00e4digung des Zylinders verringert.<\/p>\n<ul>\n<li style=\"list-style-type: none;\">\n<ul>\n<li><strong>Anpassbar:<\/strong> Geschwei\u00dfte T-Zylinder k\u00f6nnen an spezifische Anwendungen angepasst werden. Die Zylinder sind in verschiedenen Gr\u00f6\u00dfen und Formen erh\u00e4ltlich und k\u00f6nnen so gefertigt werden, dass sie den spezifischen Anforderungen der Anwendung entsprechen.<\/li>\n<\/ul>\n<\/li>\n<\/ul>\n<p>Durch die individuelle Anpassung kann die Leistung des Zylinders optimiert und sichergestellt werden, dass er f\u00fcr die vorgesehene Anwendung geeignet ist. Dadurch eignen sich geschwei\u00dfte T-Zylinder ideal f\u00fcr den Einsatz in verschiedenen industriellen Anwendungen, darunter im Baugewerbe, im Bergbau und in der Materialhandhabung.<\/p>\n<ul>\n<li style=\"list-style-type: none;\">\n<ul>\n<li><strong>Kosteng\u00fcnstig:<\/strong> Geschwei\u00dfte T-Zylinder sind im Vergleich zu anderen Zylindertypen kosteng\u00fcnstig. Der Herstellungsprozess dieser Zylinder ist einfach und daher weniger kostspielig als bei anderen Zylindertypen.<\/li>\n<\/ul>\n<\/li>\n<\/ul>\n<p>Dar\u00fcber hinaus reduzieren die hohe Festigkeit und Langlebigkeit geschwei\u00dfter T-Zylinder den Bedarf an h\u00e4ufigen Reparaturen und Austauschvorg\u00e4ngen und senken so die Wartungskosten. Diese Eigenschaft macht sie zu einer beliebten Wahl f\u00fcr viele Branchen, insbesondere f\u00fcr diejenigen mit begrenztem Budget.<\/p>\n<ul>\n<li style=\"list-style-type: none;\">\n<ul>\n<li><strong>Erh\u00f6hte Effizienz:<\/strong> Geschwei\u00dfte T-Zylinder sind hocheffizient und effektiv. Die Konstruktion des Zylinders sorgt daf\u00fcr, dass die aufgebrachte Kraft direkt auf die Last \u00fcbertragen wird, wodurch Energieverluste reduziert und die Effizienz gesteigert werden.<\/li>\n<\/ul>\n<\/li>\n<\/ul>\n<p>Die Schwei\u00dfverbindungen sind stark und steif, minimieren die Durchbiegung und gew\u00e4hrleisten, dass der Zylinder auch unter extremen Bedingungen seine Form und strukturelle Integrit\u00e4t beh\u00e4lt. Diese Eigenschaft macht geschwei\u00dfte T-Zylinder ideal f\u00fcr Anwendungen, die hohe Effizienz und Zuverl\u00e4ssigkeit erfordern.<\/p>\n<h2>Anwendung von geschwei\u00dften T-Typ-Zylindern<\/h2>\n<ul>\n<li>\n<h3>Industrielle Maschinen und Anlagen<\/h3>\n<p>Geschwei\u00dfte T-Zylinder werden h\u00e4ufig in Industriemaschinen und -anlagen, insbesondere in Hydrauliksystemen, eingesetzt. Der Zylinder besteht aus einem Kolben und einem Zylinderrohr, die zu einer Einheit verschwei\u00dft sind. Diese Konstruktion bietet gegen\u00fcber anderen Zylindertypen mehrere Vorteile, wie z. B. verbesserte Haltbarkeit, h\u00f6here Festigkeit und h\u00f6here Pr\u00e4zision.<\/p>\n<p>Eine der wichtigsten Anwendungen von geschwei\u00dften T-Zylindern in Industriemaschinen ist ihre F\u00e4higkeit, eine konstante und pr\u00e4zise Kraft zu liefern. Dies ist f\u00fcr viele Fertigungsprozesse unerl\u00e4sslich, bei denen eine pr\u00e4zise Steuerung erforderlich ist, um die Qualit\u00e4t des Endprodukts sicherzustellen. Geschwei\u00dfte T-Zylinder k\u00f6nnen auch zur Regulierung des Fl\u00fcssigkeitsflusses in Hydrauliksystemen eingesetzt werden und sorgen so f\u00fcr mehr Effizienz und Zuverl\u00e4ssigkeit in einer Vielzahl von Industrieanwendungen.<\/li>\n<li>\n<h3>Landwirtschaftliche Ger\u00e4te<\/h3>\n<p>Geschwei\u00dfte T-Zylinder werden auch h\u00e4ufig in landwirtschaftlichen Ger\u00e4ten wie Traktoren und Erntemaschinen eingesetzt. Diese Maschinen ben\u00f6tigen leistungsstarke und zuverl\u00e4ssige Hydrauliksysteme, um effektiv zu funktionieren. Geschwei\u00dfte T-Zylinder sind hierf\u00fcr die ideale Wahl.<\/p>\n<p>Die robuste Konstruktion und hohe Festigkeit des Zylinders machen ihn selbst unter rauen Betriebsbedingungen \u00e4u\u00dferst verschlei\u00dffest. Dies macht ihn zur idealen Wahl f\u00fcr den Einsatz in landwirtschaftlichen Ger\u00e4ten, bei denen Langlebigkeit ein entscheidender Faktor ist. Geschwei\u00dfte T-Zylinder erm\u00f6glichen auch die pr\u00e4zise Steuerung vieler landwirtschaftlicher Prozesse wie Pflanzung, Ernte und Bew\u00e4sserung.<\/li>\n<li>\n<h3>Baumaschinen<\/h3>\n<p>Geschwei\u00dfte T-Zylinder werden auch h\u00e4ufig in Baumaschinen wie Baggern, Baggerladern und Bulldozern eingesetzt. Diese Maschinen ben\u00f6tigen leistungsstarke und zuverl\u00e4ssige Hydrauliksysteme, um schwere Aufgaben wie Graben, Heben und Schieben schwerer Lasten zu erf\u00fcllen.<\/p>\n<p>Die hohe Festigkeit und Langlebigkeit des geschwei\u00dften T-Zylinders machen ihn zur idealen Wahl f\u00fcr den Einsatz in Baumaschinen. Seine F\u00e4higkeit, pr\u00e4zise Steuerung und konstante Kraft zu gew\u00e4hrleisten, ist f\u00fcr viele Bauprozesse wie Aushub, Planierung und Stra\u00dfenbau unerl\u00e4sslich. Geschwei\u00dfte T-Zylinder k\u00f6nnen auch zur Regulierung des Fl\u00fcssigkeitsflusses in Hydrauliksystemen eingesetzt werden und verbessern so die Effizienz und Zuverl\u00e4ssigkeit von Baumaschinen in einer Vielzahl von Anwendungen.<\/li>\n<\/ul>\n<h3>\u00dcber FMP<\/h3>\n<p>FMP ist ein f\u00fchrender Hersteller und Lieferant von Hydraulikzylindern mit \u00fcber 30 Jahren Branchenerfahrung. Unser in Italien ans\u00e4ssiger Industriebereich ist mit \u00fcber 100 modernen Ger\u00e4ten ausgestattet, darunter automatische Schutzgasschwei\u00dfmaschinen, Tieflochbohrmaschinen, CNC-Drehmaschinen, Rundschleifmaschinen, automatische Reinigungsmaschinen, automatische Installationsmaschinen, automatische Leistungspr\u00fcfst\u00e4nde f\u00fcr Hydraulikzylinder und automatische Lackierstra\u00dfen.<\/p>\n<p><img decoding=\"async\" src=\"https:\/\/fmp-components.com\/wp-content\/uploads\/2024\/12\/fmp-factory-4.webp\" alt=\"FMP-Fabrik\" width=\"800\" title=\"\"><\/p>\n<p>Unsere Hydraulikzylinder werden nach h\u00f6chsten Standards entwickelt und gefertigt, um unseren Kunden eine au\u00dfergew\u00f6hnliche Qualit\u00e4t zu gew\u00e4hrleisten. Wir bieten eine breite Palette an Hydraulikzylindern, darunter:<\/p>\n<ol>\n<li style=\"list-style-type: none;\">\n<ol>\n<li>Hydraulikzylinder<\/li>\n<\/ol>\n<\/li>\n<\/ol>\n<p>Unsere Hydraulikzylinder werden sorgf\u00e4ltig verarbeitet und gepr\u00fcft, um hervorragende Leistung und Langlebigkeit zu gew\u00e4hrleisten. Sie sind auf die vielf\u00e4ltigen Anforderungen verschiedener Branchen zugeschnitten.<\/p>\n<ol>\n<li style=\"list-style-type: none;\">\n<ol>\n<li>Hydraulikzylinder Ohrringzylinder<\/li>\n<\/ol>\n<\/li>\n<\/ol>\n<p>Die von uns hergestellten Ohrringzylinder sind speziell f\u00fcr einen effizienten und zuverl\u00e4ssigen Betrieb konzipiert. Sie eignen sich perfekt f\u00fcr Anwendungen, die pr\u00e4zise Steuerung und Stabilit\u00e4t erfordern.<\/p>\n<ol>\n<li style=\"list-style-type: none;\">\n<ol>\n<li>Bidirektionaler automatischer Teleskop-Hydraulikzylinder<\/li>\n<\/ol>\n<\/li>\n<\/ol>\n<p>Unsere bidirektionalen automatischen Teleskop-Hydraulikzylinder sind auf \u00fcberragende Leistung und Vielseitigkeit ausgelegt. Sie lassen sich reibungslos aus- und einfahren und gew\u00e4hrleisten so optimale Funktionalit\u00e4t in unterschiedlichen Umgebungen.<\/p>\n<ol>\n<li style=\"list-style-type: none;\">\n<ol>\n<li>Design-Service<\/li>\n<\/ol>\n<\/li>\n<\/ol>\n<p>Mit unserem erfahrenen Designteam bieten wir umfassende Design- und Entwicklungsdienstleistungen f\u00fcr Gelenkwellenprodukte. Ob Sie neue Produkte oder Verbesserungen bestehender Produkte ben\u00f6tigen, wir unterst\u00fctzen Sie w\u00e4hrend des gesamten Prozesses.<\/p>\n<ol>\n<li style=\"list-style-type: none;\">\n<ol>\n<li>Produktservice<\/li>\n<\/ol>\n<\/li>\n<\/ol>\n<p>Von den Rohstoffen \u00fcber die Verpackung bis hin zum Transport k\u00fcmmern wir uns sorgf\u00e4ltig um jeden Schritt des Produktionsprozesses, um die Einhaltung h\u00f6chster Qualit\u00e4tsstandards zu gew\u00e4hrleisten. Unser Streben nach Spitzenleistung zeigt sich in jedem von uns gelieferten Hydraulikzylinder.<\/p>\n<p>Neben diesen Produkten sind wir stolz auf die Vorteile unseres Unternehmens:<\/p>\n<ol>\n<li style=\"list-style-type: none;\">\n<ol>\n<li>\u00dcberragende Qualit\u00e4t<\/li>\n<\/ol>\n<\/li>\n<\/ol>\n<p>Unsere Hydraulikzylinder werden aus den hochwertigsten Materialien hergestellt und strengen Verarbeitungs- und Kontrollverfahren unterzogen, um au\u00dfergew\u00f6hnliche Qualit\u00e4t und Zuverl\u00e4ssigkeit zu gew\u00e4hrleisten.<\/p>\n<ol>\n<li style=\"list-style-type: none;\">\n<ol>\n<li>Anpassung<\/li>\n<\/ol>\n<\/li>\n<\/ol>\n<p>Wir sind spezialisiert auf die individuelle Anpassung von Hydraulikzylindern an spezifische Anforderungen. Ob Sie eine individuelle Gr\u00f6\u00dfe oder spezielle Funktionen ben\u00f6tigen, wir k\u00f6nnen unsere Produkte genau auf Ihre Bed\u00fcrfnisse zuschneiden.<\/p>\n<ol>\n<li style=\"list-style-type: none;\">\n<ol>\n<li>Kontinuierliche Verbesserung<\/li>\n<\/ol>\n<\/li>\n<\/ol>\n<p>Wenn neue Marktanforderungen entstehen, engagieren wir uns aktiv in Forschung und Entwicklung, um bei Innovationen stets an der Spitze zu bleiben. So k\u00f6nnen wir unsere Produkte kontinuierlich verbessern und unseren Kunden innovative L\u00f6sungen anbieten.<\/p>\n<ol>\n<li style=\"list-style-type: none;\">\n<ol>\n<li>Effizienter Probenprozess<\/li>\n<\/ol>\n<\/li>\n<\/ol>\n<p>Wir wissen, wie wichtig Muster f\u00fcr fundierte Entscheidungen sind. Unser engagiertes Team entwickelt Muster nach Ihren Anforderungen und passt diese kontinuierlich an Ihre spezifischen Bed\u00fcrfnisse an.<\/p>\n<ol>\n<li style=\"list-style-type: none;\">\n<ol>\n<li>Zuverl\u00e4ssiger Kundensupport<\/li>\n<\/ol>\n<\/li>\n<\/ol>\n<p>Bei FMP legen wir Wert auf einen au\u00dfergew\u00f6hnlichen Kundenservice. Unser Team ist jederzeit f\u00fcr Sie da \u2013 sei es bei der Beantwortung von Anfragen, beim technischen Support oder bei der zeitnahen Aktualisierung Ihrer Bestellungen.<\/p>\n<p>W\u00e4hlen Sie FMP f\u00fcr hochwertige Hydraulikzylinder und exzellenten Kundenservice. Kontaktieren Sie uns noch heute, um Ihre spezifischen Anforderungen zu besprechen und herauszufinden, wie wir Ihren Hydraulikzylinderbedarf erf\u00fcllen k\u00f6nnen.<\/p>\n<p>Autor: CX<\/p>","protected":false},"excerpt":{"rendered":"<p>The 10044 Customized Double Acting Hydraulic Cylinder Welded Tee Cylinder is engineered for versatility and strength, tailored to meet specific application needs in various industries, including construction, agriculture, and manufacturing. This hydraulic cylinder is designed to deliver reliable performance with a robust welded construction, ensuring durability even under challenging conditions. Key Features: Double Acting Functionality: [&hellip;]<\/p>","protected":false},"featured_media":1133,"comment_status":"closed","ping_status":"closed","template":"","meta":{"_et_pb_use_builder":"","_et_pb_old_content":"","_et_gb_content_width":""},"product_brand":[],"product_cat":[31],"product_tag":[34,35],"class_list":{"0":"post-964","1":"product","2":"type-product","3":"status-publish","4":"has-post-thumbnail","6":"product_cat-welded-tee-type-cylinder","7":"product_tag-hydraulic-cylinder","8":"product_tag-welded-tee-type-cylinder","10":"first","11":"instock","12":"product-type-simple"},"_links":{"self":[{"href":"https:\/\/fmp-components.com\/de\/wp-json\/wp\/v2\/product\/964","targetHints":{"allow":["GET"]}}],"collection":[{"href":"https:\/\/fmp-components.com\/de\/wp-json\/wp\/v2\/product"}],"about":[{"href":"https:\/\/fmp-components.com\/de\/wp-json\/wp\/v2\/types\/product"}],"replies":[{"embeddable":true,"href":"https:\/\/fmp-components.com\/de\/wp-json\/wp\/v2\/comments?post=964"}],"wp:featuredmedia":[{"embeddable":true,"href":"https:\/\/fmp-components.com\/de\/wp-json\/wp\/v2\/media\/1133"}],"wp:attachment":[{"href":"https:\/\/fmp-components.com\/de\/wp-json\/wp\/v2\/media?parent=964"}],"wp:term":[{"taxonomy":"product_brand","embeddable":true,"href":"https:\/\/fmp-components.com\/de\/wp-json\/wp\/v2\/product_brand?post=964"},{"taxonomy":"product_cat","embeddable":true,"href":"https:\/\/fmp-components.com\/de\/wp-json\/wp\/v2\/product_cat?post=964"},{"taxonomy":"product_tag","embeddable":true,"href":"https:\/\/fmp-components.com\/de\/wp-json\/wp\/v2\/product_tag?post=964"}],"curies":[{"name":"wp","href":"https:\/\/api.w.org\/{rel}","templated":true}]}}