{"id":963,"date":"2024-12-19T03:40:23","date_gmt":"2024-12-19T03:40:23","guid":{"rendered":"https:\/\/fmp-components.com\/product\/10043-premium-quality-double-effect-hydraulic-ram-cylinder-for-sale\/"},"modified":"2024-12-19T08:41:19","modified_gmt":"2024-12-19T08:41:19","slug":"10043-premium-quality-double-effect-hydraulic-ram-cylinder-for-sale","status":"publish","type":"product","link":"https:\/\/fmp-components.com\/de\/product\/10043-premium-quality-double-effect-hydraulic-ram-cylinder-for-sale\/","title":{"rendered":"10043 Hochwertiger Doppelwirkungs-Hydraulikzylinder zu verkaufen"},"content":{"rendered":"<p>Der hochwertige Hydraulikzylinder 10043 mit doppelter Wirkung ist f\u00fcr Hochleistungsanwendungen konzipiert und bietet au\u00dfergew\u00f6hnliche Kraft und Vielseitigkeit in verschiedenen industriellen und landwirtschaftlichen Bereichen. Dieser Hydraulikzylinder eignet sich ideal f\u00fcr Aufgaben, die sowohl Aus- als auch Einfahren erfordern, und ist somit perfekt zum Heben, Schieben und Ziehen schwerer Lasten geeignet.<\/p>\n<h4>Hauptmerkmale:<\/h4>\n<ul>\n<li><strong>Doppeltwirkendes Design<\/strong>Erm\u00f6glicht einen effizienten Betrieb sowohl in der Ausfahr- als auch in der Einfahrphase und maximiert so die Produktivit\u00e4t.<\/li>\n<li><strong>Robuste Konstruktion<\/strong>Hergestellt aus hochwertigen Materialien, um starker Beanspruchung standzuhalten und Verschlei\u00df zu widerstehen.<\/li>\n<li><strong>Hohe Tragf\u00e4higkeit<\/strong>Entwickelt, um auch unter anspruchsvollen Bedingungen problemlos hohe Lasten zu bew\u00e4ltigen und so eine zuverl\u00e4ssige Leistung zu gew\u00e4hrleisten.<\/li>\n<li><strong>Korrosionsbest\u00e4ndigkeit<\/strong>Mit Schutzbeschichtungen behandelt, um Rost und Korrosion zu verhindern und die Lebensdauer zu verl\u00e4ngern.<\/li>\n<li><strong>Einfache Installation<\/strong>: Konzipiert f\u00fcr eine unkomplizierte Montage und Integration in bestehende Systeme.<\/li>\n<\/ul>\n<p><img decoding=\"async\" class=\"aligncenter\" src=\"https:\/\/hzpt.com\/wp-content\/uploads\/2023\/12\/random-4.webp\" alt=\"\" title=\"\"><\/p>\n<h4>Vorteile:<\/h4>\n<ul>\n<li><strong>Verbesserte Effizienz<\/strong>: Erh\u00f6ht die betriebliche Effizienz durch kraftvolle und reibungslose Bewegung in beide Richtungen.<\/li>\n<li><strong>Kosteng\u00fcnstige L\u00f6sung<\/strong>Die robuste Konstruktion minimiert den Wartungsaufwand und gew\u00e4hrleistet so langfristige Zuverl\u00e4ssigkeit.<\/li>\n<li><strong>Vielseitige Einsatzm\u00f6glichkeiten<\/strong>Geeignet f\u00fcr verschiedene Anwendungen im Bauwesen, in der Landwirtschaft und in der Fertigung.<\/li>\n<\/ul>\n<p>Der hochwertige Doppelwirkungs-Hydraulikzylinder 10043 ist die zuverl\u00e4ssige Wahl f\u00fcr alle, die hohe Leistung und Langlebigkeit in Hydraulikl\u00f6sungen suchen. Er eignet sich perfekt zur Leistungssteigerung Ihrer Ger\u00e4te und ist eine unverzichtbare Erg\u00e4nzung f\u00fcr jeden Werkzeugkasten.<\/p>\n<p>&nbsp;<\/p>\n<p>&nbsp;<\/p>\n<p><img decoding=\"async\" class=\"aligncenter\" src=\"https:\/\/hzpt.com\/wp-content\/uploads\/2023\/12\/random-3.webp\" alt=\"\" title=\"\"><\/p>\n<h2>Vorteile des geschwei\u00dften T-Typ-Zylinders<\/h2>\n<ul>\n<li style=\"list-style-type: none;\">\n<ul>\n<li><strong>Erh\u00f6hte St\u00e4rke:<\/strong> Geschwei\u00dfte T-Zylinder zeichnen sich durch ihre hohe Festigkeit aus und eignen sich daher f\u00fcr Anwendungen, bei denen schwere Lasten gehoben werden m\u00fcssen. Das bei der Herstellung dieser Zylinder verwendete Schwei\u00dfverfahren stellt sicher, dass der Zylinder keine Schwachstellen aufweist und hohem Druck und hoher Belastung standh\u00e4lt.<\/li>\n<\/ul>\n<\/li>\n<\/ul>\n<p>Wenn Druck auf den Zylinder ausge\u00fcbt wird, verteilt sich dieser gleichm\u00e4\u00dfig \u00fcber die gesamte Oberfl\u00e4che und macht ihn so verformungsbest\u00e4ndig. Diese Eigenschaft stellt sicher, dass der Zylinder auch unter extremen Bedingungen seine Form und strukturelle Integrit\u00e4t beh\u00e4lt.<\/p>\n<ul>\n<li style=\"list-style-type: none;\">\n<ul>\n<li><strong>Leckageschutz:<\/strong> Geschwei\u00dfte T-Flaschen verhindern Leckagen. Das Schwei\u00dfverfahren bei der Herstellung gew\u00e4hrleistet die vollst\u00e4ndige Abdichtung des Zylinders und verhindert m\u00f6gliche Leckagen. Dadurch eignen sie sich f\u00fcr Anwendungen, bei denen Leckagen schwere Sch\u00e4den oder Verletzungen verursachen k\u00f6nnen.<\/li>\n<\/ul>\n<\/li>\n<\/ul>\n<p>Die Schwei\u00dfverbindungen sind glatt und weisen keine Spalten oder Rillen auf, in denen sich Ablagerungen oder Schmutz ansammeln k\u00f6nnen. Dadurch wird das Risiko von Korrosion und Besch\u00e4digung des Zylinders verringert.<\/p>\n<ul>\n<li style=\"list-style-type: none;\">\n<ul>\n<li><strong>Anpassbar:<\/strong> Geschwei\u00dfte T-Zylinder k\u00f6nnen an spezifische Anwendungen angepasst werden. Die Zylinder sind in verschiedenen Gr\u00f6\u00dfen und Formen erh\u00e4ltlich und k\u00f6nnen so gefertigt werden, dass sie den spezifischen Anforderungen der Anwendung entsprechen.<\/li>\n<\/ul>\n<\/li>\n<\/ul>\n<p>Durch die individuelle Anpassung kann die Leistung des Zylinders optimiert und sichergestellt werden, dass er f\u00fcr die vorgesehene Anwendung geeignet ist. Dadurch eignen sich geschwei\u00dfte T-Zylinder ideal f\u00fcr den Einsatz in verschiedenen industriellen Anwendungen, darunter im Baugewerbe, im Bergbau und in der Materialhandhabung.<\/p>\n<ul>\n<li style=\"list-style-type: none;\">\n<ul>\n<li><strong>Kosteng\u00fcnstig:<\/strong> Geschwei\u00dfte T-Zylinder sind im Vergleich zu anderen Zylindertypen kosteng\u00fcnstig. Der Herstellungsprozess dieser Zylinder ist einfach und daher weniger kostspielig als bei anderen Zylindertypen.<\/li>\n<\/ul>\n<\/li>\n<\/ul>\n<p>Dar\u00fcber hinaus reduzieren die hohe Festigkeit und Langlebigkeit geschwei\u00dfter T-Zylinder den Bedarf an h\u00e4ufigen Reparaturen und Austauschvorg\u00e4ngen und senken so die Wartungskosten. Diese Eigenschaft macht sie zu einer beliebten Wahl f\u00fcr viele Branchen, insbesondere f\u00fcr diejenigen mit begrenztem Budget.<\/p>\n<ul>\n<li style=\"list-style-type: none;\">\n<ul>\n<li><strong>Erh\u00f6hte Effizienz:<\/strong> Geschwei\u00dfte T-Zylinder sind hocheffizient und effektiv. Die Konstruktion des Zylinders sorgt daf\u00fcr, dass die aufgebrachte Kraft direkt auf die Last \u00fcbertragen wird, wodurch Energieverluste reduziert und die Effizienz gesteigert werden.<\/li>\n<\/ul>\n<\/li>\n<\/ul>\n<p>Die Schwei\u00dfverbindungen sind stark und steif, minimieren die Durchbiegung und gew\u00e4hrleisten, dass der Zylinder auch unter extremen Bedingungen seine Form und strukturelle Integrit\u00e4t beh\u00e4lt. Diese Eigenschaft macht geschwei\u00dfte T-Zylinder ideal f\u00fcr Anwendungen, die hohe Effizienz und Zuverl\u00e4ssigkeit erfordern.<\/p>\n<h2>Anwendung von geschwei\u00dften T-Typ-Zylindern<\/h2>\n<ul>\n<li>\n<h3>Industrielle Maschinen und Anlagen<\/h3>\n<p>Geschwei\u00dfte T-Zylinder werden h\u00e4ufig in Industriemaschinen und -anlagen, insbesondere in Hydrauliksystemen, eingesetzt. Der Zylinder besteht aus einem Kolben und einem Zylinderrohr, die zu einer Einheit verschwei\u00dft sind. Diese Konstruktion bietet gegen\u00fcber anderen Zylindertypen mehrere Vorteile, wie z. B. verbesserte Haltbarkeit, h\u00f6here Festigkeit und h\u00f6here Pr\u00e4zision.<\/p>\n<p>Eine der wichtigsten Anwendungen von geschwei\u00dften T-Zylindern in Industriemaschinen ist ihre F\u00e4higkeit, eine konstante und pr\u00e4zise Kraft zu liefern. Dies ist f\u00fcr viele Fertigungsprozesse unerl\u00e4sslich, bei denen eine pr\u00e4zise Steuerung erforderlich ist, um die Qualit\u00e4t des Endprodukts sicherzustellen. Geschwei\u00dfte T-Zylinder k\u00f6nnen auch zur Regulierung des Fl\u00fcssigkeitsflusses in Hydrauliksystemen eingesetzt werden und sorgen so f\u00fcr mehr Effizienz und Zuverl\u00e4ssigkeit in einer Vielzahl von Industrieanwendungen.<\/li>\n<li>\n<h3>Landwirtschaftliche Ger\u00e4te<\/h3>\n<p>Geschwei\u00dfte T-Zylinder werden auch h\u00e4ufig in landwirtschaftlichen Ger\u00e4ten wie Traktoren und Erntemaschinen eingesetzt. Diese Maschinen ben\u00f6tigen leistungsstarke und zuverl\u00e4ssige Hydrauliksysteme, um effektiv zu funktionieren. Geschwei\u00dfte T-Zylinder sind hierf\u00fcr die ideale Wahl.<\/p>\n<p>Die robuste Konstruktion und hohe Festigkeit des Zylinders machen ihn selbst unter rauen Betriebsbedingungen \u00e4u\u00dferst verschlei\u00dffest. Dies macht ihn zur idealen Wahl f\u00fcr den Einsatz in landwirtschaftlichen Ger\u00e4ten, bei denen Langlebigkeit ein entscheidender Faktor ist. Geschwei\u00dfte T-Zylinder erm\u00f6glichen auch die pr\u00e4zise Steuerung vieler landwirtschaftlicher Prozesse wie Pflanzung, Ernte und Bew\u00e4sserung.<\/li>\n<li>\n<h3>Baumaschinen<\/h3>\n<p>Geschwei\u00dfte T-Zylinder werden auch h\u00e4ufig in Baumaschinen wie Baggern, Baggerladern und Bulldozern eingesetzt. Diese Maschinen ben\u00f6tigen leistungsstarke und zuverl\u00e4ssige Hydrauliksysteme, um schwere Aufgaben wie Graben, Heben und Schieben schwerer Lasten zu erf\u00fcllen.<\/p>\n<p>Die hohe Festigkeit und Langlebigkeit des geschwei\u00dften T-Zylinders machen ihn zur idealen Wahl f\u00fcr den Einsatz in Baumaschinen. Seine F\u00e4higkeit, pr\u00e4zise Steuerung und konstante Kraft zu gew\u00e4hrleisten, ist f\u00fcr viele Bauprozesse wie Aushub, Planierung und Stra\u00dfenbau unerl\u00e4sslich. Geschwei\u00dfte T-Zylinder k\u00f6nnen auch zur Regulierung des Fl\u00fcssigkeitsflusses in Hydrauliksystemen eingesetzt werden und verbessern so die Effizienz und Zuverl\u00e4ssigkeit von Baumaschinen in einer Vielzahl von Anwendungen.<\/li>\n<\/ul>\n<h3>\u00dcber FMP<\/h3>\n<p>FMP, seit \u00fcber 30 Jahren in Italien ans\u00e4ssig, ist ein f\u00fchrender Hersteller und Lieferant von Hydraulikzylindern. Wir sind spezialisiert auf die Produktion und kundenspezifische Anpassung verschiedener Hydraulikzylindertypen. Dank unseres starken Fokus auf Qualit\u00e4t und Kundenzufriedenheit haben wir uns einen Namen f\u00fcr die Lieferung zuverl\u00e4ssiger und leistungsstarker Produkte gemacht.<\/p>\n<p><img decoding=\"async\" src=\"https:\/\/fmp-components.com\/wp-content\/uploads\/2024\/12\/fmp-factory-4.webp\" alt=\"FMP-Fabrik\" width=\"800\" title=\"\"><\/p>\n<p>Hier sind f\u00fcnf entscheidende Vorteile, die f\u00fcr FMP bei Ihren Hydraulikzylinderanforderungen sprechen:<\/p>\n<ol>\n<li>Umfangreiche Ausstattung: Mit \u00fcber 100 hochmodernen Anlagen, darunter automatische Schutzgasschwei\u00dfmaschinen, Tieflochbohrmaschinen, CNC-Drehmaschinen, Rundschleifmaschinen, automatische Reinigungsmaschinen, automatische Montagemaschinen, automatische Leistungspr\u00fcfst\u00e4nde f\u00fcr Hydraulikzylinder und automatische Lackieranlagen, gew\u00e4hrleisten wir effiziente und pr\u00e4zise Fertigungsprozesse.<\/li>\n<li>Strenge Qualit\u00e4tskontrolle: Jeder Hydraulikzylinder durchl\u00e4uft eine sorgf\u00e4ltige Bearbeitung und Pr\u00fcfung, um h\u00f6chste Qualit\u00e4t zu gew\u00e4hrleisten. Wir halten uns an strenge Qualit\u00e4tsstandards, um unseren Kunden zuverl\u00e4ssige und langlebige Produkte zu bieten.<\/li>\n<li>Designleistungen: Unser erfahrenes Designteam ist bestens f\u00fcr Produktdesign und -entwicklung ger\u00fcstet. Ob Sie spezielle Anforderungen an neue Produkte haben oder bestehende Produkte verbessern m\u00f6chten \u2013 wir unterst\u00fctzen Sie mit innovativen L\u00f6sungen.<\/li>\n<li>Umfassender Produktservice: Von der Rohmaterialauswahl \u00fcber Zuschnitt, Vorbearbeitung, Pr\u00fcfung, Reinigung, Montage, Verpackung und Transport verf\u00fcgen wir \u00fcber einen optimierten Prozess, um eine effiziente Produktion und Lieferung zu gew\u00e4hrleisten.<\/li>\n<li>Forschung und Entwicklung: Wir verfolgen die Markttrends aufmerksam und analysieren kontinuierlich die sich wandelnden Bed\u00fcrfnisse der Branche. So k\u00f6nnen wir neue Modelle und Technologien entwickeln, die den Anforderungen des Marktes gerecht werden.<\/li>\n<\/ol>\n<p>Wir bei FMP sind stolz darauf, Hydraulikzylinder h\u00f6chster Qualit\u00e4t zu liefern und exzellenten Kundenservice zu bieten. Ob Sie Standardprodukte oder kundenspezifische L\u00f6sungen ben\u00f6tigen \u2013 wir setzen alles daran, Ihre Anforderungen an Hydraulikzylinder pr\u00e4zise und zuverl\u00e4ssig zu erf\u00fcllen.<\/p>\n<p>Autor: CX<\/p>","protected":false},"excerpt":{"rendered":"<p>The 10043 Premium Quality Double Effect Hydraulic Ram Cylinder is designed for high-performance applications, providing exceptional power and versatility in various industrial and agricultural settings. This hydraulic ram cylinder is ideal for tasks that require both extension and retraction, making it perfect for lifting, pushing, and pulling heavy loads. Key Features: Double-Acting Design: Allows for [&hellip;]<\/p>","protected":false},"featured_media":1132,"comment_status":"closed","ping_status":"closed","template":"","meta":{"_et_pb_use_builder":"","_et_pb_old_content":"","_et_gb_content_width":""},"product_brand":[],"product_cat":[31],"product_tag":[34,35],"class_list":{"0":"post-963","1":"product","2":"type-product","3":"status-publish","4":"has-post-thumbnail","6":"product_cat-welded-tee-type-cylinder","7":"product_tag-hydraulic-cylinder","8":"product_tag-welded-tee-type-cylinder","10":"first","11":"instock","12":"product-type-simple"},"_links":{"self":[{"href":"https:\/\/fmp-components.com\/de\/wp-json\/wp\/v2\/product\/963","targetHints":{"allow":["GET"]}}],"collection":[{"href":"https:\/\/fmp-components.com\/de\/wp-json\/wp\/v2\/product"}],"about":[{"href":"https:\/\/fmp-components.com\/de\/wp-json\/wp\/v2\/types\/product"}],"replies":[{"embeddable":true,"href":"https:\/\/fmp-components.com\/de\/wp-json\/wp\/v2\/comments?post=963"}],"wp:featuredmedia":[{"embeddable":true,"href":"https:\/\/fmp-components.com\/de\/wp-json\/wp\/v2\/media\/1132"}],"wp:attachment":[{"href":"https:\/\/fmp-components.com\/de\/wp-json\/wp\/v2\/media?parent=963"}],"wp:term":[{"taxonomy":"product_brand","embeddable":true,"href":"https:\/\/fmp-components.com\/de\/wp-json\/wp\/v2\/product_brand?post=963"},{"taxonomy":"product_cat","embeddable":true,"href":"https:\/\/fmp-components.com\/de\/wp-json\/wp\/v2\/product_cat?post=963"},{"taxonomy":"product_tag","embeddable":true,"href":"https:\/\/fmp-components.com\/de\/wp-json\/wp\/v2\/product_tag?post=963"}],"curies":[{"name":"wp","href":"https:\/\/api.w.org\/{rel}","templated":true}]}}