{"id":961,"date":"2024-12-19T03:40:23","date_gmt":"2024-12-19T03:40:23","guid":{"rendered":"https:\/\/fmp-components.com\/product\/10041-chinese-factory-custom-hydraulic-cylinder-double-acting\/"},"modified":"2025-03-18T02:31:33","modified_gmt":"2025-03-18T02:31:33","slug":"10041-italian-factory-custom-hydraulic-cylinder-double-acting","status":"publish","type":"product","link":"https:\/\/fmp-components.com\/de\/product\/10041-italian-factory-custom-hydraulic-cylinder-double-acting\/","title":{"rendered":"10041 Italienischer Fabrik-kundenspezifischer Hydraulikzylinder doppeltwirkend"},"content":{"rendered":"<p>Der italienische, kundenspezifische, doppeltwirkende Hydraulikzylinder 10041 wurde f\u00fcr vielf\u00e4ltige industrielle Anforderungen mit Pr\u00e4zision und Zuverl\u00e4ssigkeit entwickelt. Dieser hochwertige Hydraulikzylinder ist f\u00fcr optimale Leistung in verschiedenen Anwendungsbereichen wie Bauwesen, Landwirtschaft und Fertigung ausgelegt.<\/p>\n<h4>Hauptmerkmale:<\/h4>\n<ul>\n<li><strong>Doppeltwirkender Mechanismus<\/strong>: Erm\u00f6glicht einen effizienten Hydraulikbetrieb sowohl beim Aus- als auch beim Einfahren und steigert so die Produktivit\u00e4t bei allen Arbeitsg\u00e4ngen.<\/li>\n<li><strong>Kundenspezifische Fertigung<\/strong>: Erh\u00e4ltlich in individuell anpassbaren Gr\u00f6\u00dfen und Spezifikationen, um spezifischen Anwendungsanforderungen und betrieblichen Erfordernissen gerecht zu werden.<\/li>\n<li><strong>Robustes Design<\/strong>Hergestellt aus hochwertigen Materialien, um Langlebigkeit zu gew\u00e4hrleisten und hohen Belastungen sowie rauen Umgebungsbedingungen standzuhalten.<\/li>\n<li><strong>Korrosionsbest\u00e4ndige Beschichtung<\/strong>: Mit Schutzbeschichtungen versehen, um Rost zu verhindern und die Lebensdauer des Zylinders zu verl\u00e4ngern.<\/li>\n<li><strong>Einfache Installation<\/strong>: Konzipiert f\u00fcr die unkomplizierte Integration in bestehende Systeme, was eine schnelle Einrichtung und Inbetriebnahme erm\u00f6glicht.<\/li>\n<\/ul>\n<p><img decoding=\"async\" class=\"aligncenter\" src=\"https:\/\/hzpt.com\/wp-content\/uploads\/2023\/12\/random-5.webp\" alt=\"\" title=\"\"><\/p>\n<h4>Vorteile:<\/h4>\n<ul>\n<li><strong>Verbesserte Effizienz<\/strong>: Optimiert die Leistung f\u00fcr verschiedene Anwendungen durch eine kraftvolle und gleichm\u00e4\u00dfige Hydraulikfunktion.<\/li>\n<li><strong>Vielseitig einsetzbar<\/strong>Ideal f\u00fcr eine Vielzahl von Branchen und somit eine vielseitige Wahl f\u00fcr Hydrauliksysteme.<\/li>\n<li><strong>Kosteng\u00fcnstig<\/strong>Die robuste Bauweise reduziert den Wartungsaufwand und erh\u00f6ht den Gesamtwert.<\/li>\n<\/ul>\n<p>Der italienische, kundenspezifische, doppeltwirkende Hydraulikzylinder 10041 ist eine zuverl\u00e4ssige L\u00f6sung f\u00fcr alle, die einen leistungsstarken, auf ihre spezifischen Bed\u00fcrfnisse zugeschnittenen Hydraulikzylinder suchen. Dank seiner robusten Bauweise und der anpassbaren Funktionen eignet er sich hervorragend f\u00fcr anspruchsvolle Umgebungen und vielf\u00e4ltige Betriebsanforderungen.<img decoding=\"async\" src=\"https:\/\/hzpt.com\/wp-content\/uploads\/2023\/12\/random-2.webp\" alt=\"\" title=\"\"><\/p>\n<dl>\n<dt>Frage 4?<\/dt>\n<dd>Antwort 4<\/dd>\n<dt>Frage 5?<\/dt>\n<dd>Antwort 5<\/dd>\n<\/dl>\n<h2>Vorteile des geschwei\u00dften T-Typ-Zylinders<\/h2>\n<ul>\n<li style=\"list-style-type: none;\">\n<ul>\n<li><strong>Erh\u00f6hte St\u00e4rke:<\/strong> Geschwei\u00dfte T-Zylinder zeichnen sich durch ihre hohe Festigkeit aus und eignen sich daher f\u00fcr Anwendungen, bei denen schwere Lasten gehoben werden m\u00fcssen. Das bei der Herstellung dieser Zylinder verwendete Schwei\u00dfverfahren stellt sicher, dass der Zylinder keine Schwachstellen aufweist und hohem Druck und hoher Belastung standh\u00e4lt.<\/li>\n<\/ul>\n<\/li>\n<\/ul>\n<p>Wenn Druck auf den Zylinder ausge\u00fcbt wird, verteilt sich dieser gleichm\u00e4\u00dfig \u00fcber die gesamte Oberfl\u00e4che und macht ihn so verformungsbest\u00e4ndig. Diese Eigenschaft stellt sicher, dass der Zylinder auch unter extremen Bedingungen seine Form und strukturelle Integrit\u00e4t beh\u00e4lt.<\/p>\n<ul>\n<li style=\"list-style-type: none;\">\n<ul>\n<li><strong>Leckageschutz:<\/strong> Geschwei\u00dfte T-Flaschen verhindern Leckagen. Das Schwei\u00dfverfahren bei der Herstellung gew\u00e4hrleistet die vollst\u00e4ndige Abdichtung des Zylinders und verhindert m\u00f6gliche Leckagen. Dadurch eignen sie sich f\u00fcr Anwendungen, bei denen Leckagen schwere Sch\u00e4den oder Verletzungen verursachen k\u00f6nnen.<\/li>\n<\/ul>\n<\/li>\n<\/ul>\n<p>Die Schwei\u00dfverbindungen sind glatt und weisen keine Spalten oder Rillen auf, in denen sich Ablagerungen oder Schmutz ansammeln k\u00f6nnen. Dadurch wird das Risiko von Korrosion und Besch\u00e4digung des Zylinders verringert.<\/p>\n<ul>\n<li style=\"list-style-type: none;\">\n<ul>\n<li><strong>Anpassbar:<\/strong> Geschwei\u00dfte T-Zylinder k\u00f6nnen an spezifische Anwendungen angepasst werden. Die Zylinder sind in verschiedenen Gr\u00f6\u00dfen und Formen erh\u00e4ltlich und k\u00f6nnen so gefertigt werden, dass sie den spezifischen Anforderungen der Anwendung entsprechen.<\/li>\n<\/ul>\n<\/li>\n<\/ul>\n<p>Durch die individuelle Anpassung kann die Leistung des Zylinders optimiert und sichergestellt werden, dass er f\u00fcr die vorgesehene Anwendung geeignet ist. Dadurch eignen sich geschwei\u00dfte T-Zylinder ideal f\u00fcr den Einsatz in verschiedenen industriellen Anwendungen, darunter im Baugewerbe, im Bergbau und in der Materialhandhabung.<\/p>\n<ul>\n<li style=\"list-style-type: none;\">\n<ul>\n<li><strong>Kosteng\u00fcnstig:<\/strong> Geschwei\u00dfte T-Zylinder sind im Vergleich zu anderen Zylindertypen kosteng\u00fcnstig. Der Herstellungsprozess dieser Zylinder ist einfach und daher weniger kostspielig als bei anderen Zylindertypen.<\/li>\n<\/ul>\n<\/li>\n<\/ul>\n<p>Dar\u00fcber hinaus reduzieren die hohe Festigkeit und Langlebigkeit geschwei\u00dfter T-Zylinder den Bedarf an h\u00e4ufigen Reparaturen und Austauschvorg\u00e4ngen und senken so die Wartungskosten. Diese Eigenschaft macht sie zu einer beliebten Wahl f\u00fcr viele Branchen, insbesondere f\u00fcr diejenigen mit begrenztem Budget.<\/p>\n<ul>\n<li style=\"list-style-type: none;\">\n<ul>\n<li><strong>Erh\u00f6hte Effizienz:<\/strong> Geschwei\u00dfte T-Zylinder sind hocheffizient und effektiv. Die Konstruktion des Zylinders sorgt daf\u00fcr, dass die aufgebrachte Kraft direkt auf die Last \u00fcbertragen wird, wodurch Energieverluste reduziert und die Effizienz gesteigert werden.<\/li>\n<\/ul>\n<\/li>\n<\/ul>\n<p>Die Schwei\u00dfverbindungen sind stark und steif, minimieren die Durchbiegung und gew\u00e4hrleisten, dass der Zylinder auch unter extremen Bedingungen seine Form und strukturelle Integrit\u00e4t beh\u00e4lt. Diese Eigenschaft macht geschwei\u00dfte T-Zylinder ideal f\u00fcr Anwendungen, die hohe Effizienz und Zuverl\u00e4ssigkeit erfordern.<\/p>\n<h2>Anwendung von geschwei\u00dften T-Typ-Zylindern<\/h2>\n<ul>\n<li>\n<h3>Industrielle Maschinen und Anlagen<\/h3>\n<p>Geschwei\u00dfte T-Zylinder werden h\u00e4ufig in Industriemaschinen und -anlagen, insbesondere in Hydrauliksystemen, eingesetzt. Der Zylinder besteht aus einem Kolben und einem Zylinderrohr, die zu einer Einheit verschwei\u00dft sind. Diese Konstruktion bietet gegen\u00fcber anderen Zylindertypen mehrere Vorteile, wie z. B. verbesserte Haltbarkeit, h\u00f6here Festigkeit und h\u00f6here Pr\u00e4zision.<\/p>\n<p>Eine der wichtigsten Anwendungen von geschwei\u00dften T-Zylindern in Industriemaschinen ist ihre F\u00e4higkeit, eine konstante und pr\u00e4zise Kraft zu liefern. Dies ist f\u00fcr viele Fertigungsprozesse unerl\u00e4sslich, bei denen eine pr\u00e4zise Steuerung erforderlich ist, um die Qualit\u00e4t des Endprodukts sicherzustellen. Geschwei\u00dfte T-Zylinder k\u00f6nnen auch zur Regulierung des Fl\u00fcssigkeitsflusses in Hydrauliksystemen eingesetzt werden und sorgen so f\u00fcr mehr Effizienz und Zuverl\u00e4ssigkeit in einer Vielzahl von Industrieanwendungen.<\/li>\n<li>\n<h3>Landwirtschaftliche Ger\u00e4te<\/h3>\n<p>Geschwei\u00dfte T-Zylinder werden auch h\u00e4ufig in landwirtschaftlichen Ger\u00e4ten wie Traktoren und Erntemaschinen eingesetzt. Diese Maschinen ben\u00f6tigen leistungsstarke und zuverl\u00e4ssige Hydrauliksysteme, um effektiv zu funktionieren. Geschwei\u00dfte T-Zylinder sind hierf\u00fcr die ideale Wahl.<\/p>\n<p>Die robuste Konstruktion und hohe Festigkeit des Zylinders machen ihn selbst unter rauen Betriebsbedingungen \u00e4u\u00dferst verschlei\u00dffest. Dies macht ihn zur idealen Wahl f\u00fcr den Einsatz in landwirtschaftlichen Ger\u00e4ten, bei denen Langlebigkeit ein entscheidender Faktor ist. Geschwei\u00dfte T-Zylinder erm\u00f6glichen auch die pr\u00e4zise Steuerung vieler landwirtschaftlicher Prozesse wie Pflanzung, Ernte und Bew\u00e4sserung.<\/li>\n<li>\n<h3>Baumaschinen<\/h3>\n<p>Geschwei\u00dfte T-Zylinder werden auch h\u00e4ufig in Baumaschinen wie Baggern, Baggerladern und Bulldozern eingesetzt. Diese Maschinen ben\u00f6tigen leistungsstarke und zuverl\u00e4ssige Hydrauliksysteme, um schwere Aufgaben wie Graben, Heben und Schieben schwerer Lasten zu erf\u00fcllen.<\/p>\n<p>Die hohe Festigkeit und Langlebigkeit des geschwei\u00dften T-Zylinders machen ihn zur idealen Wahl f\u00fcr den Einsatz in Baumaschinen. Seine F\u00e4higkeit, pr\u00e4zise Steuerung und konstante Kraft zu gew\u00e4hrleisten, ist f\u00fcr viele Bauprozesse wie Aushub, Planierung und Stra\u00dfenbau unerl\u00e4sslich. Geschwei\u00dfte T-Zylinder k\u00f6nnen auch zur Regulierung des Fl\u00fcssigkeitsflusses in Hydrauliksystemen eingesetzt werden und verbessern so die Effizienz und Zuverl\u00e4ssigkeit von Baumaschinen in einer Vielzahl von Anwendungen.<\/li>\n<\/ul>\n<h3>\u00dcber FMP<\/h3>\n<p>FMP ist mit \u00fcber 30 Jahren Erfahrung ein f\u00fchrender Hersteller und Lieferant von Hydraulikzylindern. Unser Industriegebiet in Italien beherbergt mehr als 100 Anlagen, darunter automatische Schutzgasschwei\u00dfanlagen, Tieflochbohrmaschinen, CNC-Drehmaschinen, Rundschleifmaschinen, automatische Reinigungsmaschinen, automatische Montageanlagen, automatische Pr\u00fcfst\u00e4nde f\u00fcr Hydraulikzylinder und automatische Lackieranlagen.<\/p>\n<p><img decoding=\"async\" class=\"aligncenter\" src=\"https:\/\/fmp-components.com\/wp-content\/uploads\/2024\/12\/fmp-factory-4.webp\" alt=\"FMP-Fabrik\" width=\"800\" title=\"\"><\/p>\n<p>Wir legen gro\u00dfen Wert auf die sorgf\u00e4ltige Bearbeitung und Pr\u00fcfung jedes einzelnen Hydraulikzylinders, um unseren Kunden h\u00f6chste Qualit\u00e4t zu garantieren. Unser Produktsortiment umfasst:<\/p>\n<ol>\n<li><strong>Hydraulikzylinder:<\/strong> Unsere Hydraulikzylinder werden so konstruiert und gefertigt, dass sie unterschiedlichsten Anforderungen gerecht werden. Sie sind bekannt f\u00fcr ihre Zuverl\u00e4ssigkeit und Langlebigkeit.<\/li>\n<li><strong>Ohrringzylinder:<\/strong> Unsere Ohrringzylinder sind speziell f\u00fcr die effiziente und sichere Befestigung an verschiedenen Anwendungen konzipiert. Sie bieten hervorragende Leistung und einfache Montage.<\/li>\n<li><strong>Bidirektionaler automatischer Teleskop-Hydraulikzylinder:<\/strong> Unsere bidirektionalen automatischen Teleskop-Hydraulikzylinder sind vielseitig einsetzbar und gew\u00e4hrleisten einen reibungslosen und pr\u00e4zisen Betrieb. Sie eignen sich ideal f\u00fcr Anwendungen, die ausfahrbare und einziehbare Bewegungen erfordern.<\/li>\n<li><strong>Design-Service:<\/strong> Unser erfahrenes Designteam steht Ihnen gerne bei der Entwicklung neuer Produkte oder der Verbesserung bestehender Produkte zur Seite, um Ihre spezifischen Anforderungen zu erf\u00fcllen.<\/li>\n<li><strong>Produktservice:<\/strong> Von den Rohstoffen bis zum Transport gew\u00e4hrleistet unser optimierter Prozess Qualit\u00e4t in jeder Phase \u2013 vom Zuschnitt \u00fcber die Vorbearbeitung, Pr\u00fcfung, Reinigung, Montage und Verpackung bis hin zur Auslieferung.<\/li>\n<\/ol>\n<p>Dar\u00fcber hinaus bieten wir Musterentwicklungsdienste an, um Prototypen nach Ihren Anforderungen zu erstellen. Wir modifizieren die Muster fortlaufend, um sicherzustellen, dass sie Ihren genauen Spezifikationen entsprechen.<\/p>\n<p>Um mit der Marktnachfrage Schritt zu halten, untersucht unser engagiertes Forschungs- und Entwicklungsteam neue Trends und entwirft neue Modelle, um den sich wandelnden Bed\u00fcrfnissen unserer Kunden gerecht zu werden.<\/p>\n<p>Entscheiden Sie sich f\u00fcr FMP, wenn Sie Hydraulikzylinder ben\u00f6tigen. Wir bieten Ihnen herausragende Produkte und erstklassigen Kundenservice. Kontaktieren Sie uns noch heute, um Ihre Anforderungen zu besprechen und die Vorteile von FMP kennenzulernen.<\/p>\n<p>Autor: CX<\/p>","protected":false},"excerpt":{"rendered":"<p>The 10041 Italian Factory Custom Hydraulic Cylinder Double Acting is designed to meet diverse industrial needs with precision and reliability. This high-quality hydraulic cylinder is engineered for optimal performance in a variety of applications, including construction, agriculture, and manufacturing. Key Features: Double Acting Mechanism: Enables efficient hydraulic operation in both extension and retraction, enhancing productivity [&hellip;]<\/p>","protected":false},"featured_media":1133,"comment_status":"closed","ping_status":"closed","template":"","meta":{"_et_pb_use_builder":"","_et_pb_old_content":"","_et_gb_content_width":""},"product_brand":[],"product_cat":[31],"product_tag":[34,35],"class_list":{"0":"post-961","1":"product","2":"type-product","3":"status-publish","4":"has-post-thumbnail","6":"product_cat-welded-tee-type-cylinder","7":"product_tag-hydraulic-cylinder","8":"product_tag-welded-tee-type-cylinder","10":"first","11":"instock","12":"product-type-simple"},"_links":{"self":[{"href":"https:\/\/fmp-components.com\/de\/wp-json\/wp\/v2\/product\/961","targetHints":{"allow":["GET"]}}],"collection":[{"href":"https:\/\/fmp-components.com\/de\/wp-json\/wp\/v2\/product"}],"about":[{"href":"https:\/\/fmp-components.com\/de\/wp-json\/wp\/v2\/types\/product"}],"replies":[{"embeddable":true,"href":"https:\/\/fmp-components.com\/de\/wp-json\/wp\/v2\/comments?post=961"}],"wp:featuredmedia":[{"embeddable":true,"href":"https:\/\/fmp-components.com\/de\/wp-json\/wp\/v2\/media\/1133"}],"wp:attachment":[{"href":"https:\/\/fmp-components.com\/de\/wp-json\/wp\/v2\/media?parent=961"}],"wp:term":[{"taxonomy":"product_brand","embeddable":true,"href":"https:\/\/fmp-components.com\/de\/wp-json\/wp\/v2\/product_brand?post=961"},{"taxonomy":"product_cat","embeddable":true,"href":"https:\/\/fmp-components.com\/de\/wp-json\/wp\/v2\/product_cat?post=961"},{"taxonomy":"product_tag","embeddable":true,"href":"https:\/\/fmp-components.com\/de\/wp-json\/wp\/v2\/product_tag?post=961"}],"curies":[{"name":"wp","href":"https:\/\/api.w.org\/{rel}","templated":true}]}}