{"id":960,"date":"2024-12-19T03:40:23","date_gmt":"2024-12-19T03:40:23","guid":{"rendered":"https:\/\/fmp-components.com\/product\/10040-professional-small-piston-hydraulic-cylinders-for-agriculture\/"},"modified":"2024-12-19T08:39:23","modified_gmt":"2024-12-19T08:39:23","slug":"10040-professional-small-piston-hydraulic-cylinders-for-agriculture","status":"publish","type":"product","link":"https:\/\/fmp-components.com\/de\/product\/10040-professional-small-piston-hydraulic-cylinders-for-agriculture\/","title":{"rendered":"10040 Professionelle kleine Kolbenhydraulikzylinder f\u00fcr die Landwirtschaft"},"content":{"rendered":"<p>Die professionellen Kleinkolben-Hydraulikzylinder der Serie 10040 wurden speziell f\u00fcr landwirtschaftliche Anwendungen entwickelt und bieten zuverl\u00e4ssige Leistung und Langlebigkeit. Diese Hydraulikzylinder eignen sich ideal zum effizienten Heben, Schieben und Ziehen schwerer Lasten und sind somit perfekt f\u00fcr diverse Landmaschinen wie Traktoren, M\u00e4hdrescher und andere Ger\u00e4te geeignet.<\/p>\n<h4>Hauptmerkmale:<\/h4>\n<ul>\n<li><strong>Kompaktes Design<\/strong>Die geringe Kolbengr\u00f6\u00dfe erm\u00f6glicht eine einfache Integration in beengte R\u00e4ume bei gleichzeitig hoher Hubkraft.<\/li>\n<li><strong>Hohe Effizienz<\/strong>Entwickelt zur Optimierung des Hydraulikfl\u00fcssigkeitsflusses und zur Gew\u00e4hrleistung eines reibungslosen und effizienten Betriebs.<\/li>\n<li><strong>Langlebige Konstruktion<\/strong>Hergestellt aus hochwertigen Materialien, die Verschlei\u00df widerstehen und so auch unter anspruchsvollen Bedingungen eine lange Lebensdauer gew\u00e4hrleisten.<\/li>\n<li><strong>Vielseitige Einsatzm\u00f6glichkeiten<\/strong>Geeignet f\u00fcr ein breites Spektrum an landwirtschaftlichen Aufgaben, vom Heben von Anbauger\u00e4ten bis zum Antrieb von Hydrauliksystemen.<\/li>\n<li><strong>Einfache Installation<\/strong>Benutzerfreundliches Design mit unkomplizierten Montagem\u00f6glichkeiten f\u00fcr eine problemlose Einrichtung.<\/li>\n<\/ul>\n<p><img decoding=\"async\" src=\"https:\/\/hzpt.com\/wp-content\/uploads\/2023\/12\/random-1.webp?v=1694163707\" alt=\"\" title=\"\"><\/p>\n<h4>Vorteile:<\/h4>\n<ul>\n<li><strong>Gesteigerte Produktivit\u00e4t<\/strong>: Steigerung der betrieblichen Effizienz bei landwirtschaftlichen Aufgaben.<\/li>\n<li><strong>Kosteng\u00fcnstig<\/strong>Durch seine robuste Bauweise wird der Bedarf an umfangreicher Wartung reduziert.<\/li>\n<li><strong>Sicherheitsfunktionen<\/strong>: Enth\u00e4lt Sicherheitsmechanismen, um \u00dcberlastung zu verhindern und einen sicheren Betrieb zu gew\u00e4hrleisten.<\/li>\n<\/ul>\n<p>Diese Hydraulikzylinder sind ein wesentlicher Bestandteil moderner landwirtschaftlicher Praktiken und bieten die Leistung und Zuverl\u00e4ssigkeit, die Sie f\u00fcr erfolgreiche landwirtschaftliche Betriebe ben\u00f6tigen.<\/p>\n<h2>Vorteile des geschwei\u00dften T-Typ-Zylinders<\/h2>\n<ul>\n<li style=\"list-style-type: none;\">\n<ul>\n<li><strong>Erh\u00f6hte St\u00e4rke:<\/strong> Geschwei\u00dfte T-Zylinder zeichnen sich durch ihre hohe Festigkeit aus und eignen sich daher f\u00fcr Anwendungen, bei denen schwere Lasten gehoben werden m\u00fcssen. Das bei der Herstellung dieser Zylinder verwendete Schwei\u00dfverfahren stellt sicher, dass der Zylinder keine Schwachstellen aufweist und hohem Druck und hoher Belastung standh\u00e4lt.<\/li>\n<\/ul>\n<\/li>\n<\/ul>\n<p>Wenn Druck auf den Zylinder ausge\u00fcbt wird, verteilt sich dieser gleichm\u00e4\u00dfig \u00fcber die gesamte Oberfl\u00e4che und macht ihn so verformungsbest\u00e4ndig. Diese Eigenschaft stellt sicher, dass der Zylinder auch unter extremen Bedingungen seine Form und strukturelle Integrit\u00e4t beh\u00e4lt.<\/p>\n<ul>\n<li style=\"list-style-type: none;\">\n<ul>\n<li><strong>Leckageschutz:<\/strong> Geschwei\u00dfte T-Flaschen verhindern Leckagen. Das Schwei\u00dfverfahren bei der Herstellung gew\u00e4hrleistet die vollst\u00e4ndige Abdichtung des Zylinders und verhindert m\u00f6gliche Leckagen. Dadurch eignen sie sich f\u00fcr Anwendungen, bei denen Leckagen schwere Sch\u00e4den oder Verletzungen verursachen k\u00f6nnen.<\/li>\n<\/ul>\n<\/li>\n<\/ul>\n<p>Die Schwei\u00dfverbindungen sind glatt und weisen keine Spalten oder Rillen auf, in denen sich Ablagerungen oder Schmutz ansammeln k\u00f6nnen. Dadurch wird das Risiko von Korrosion und Besch\u00e4digung des Zylinders verringert.<\/p>\n<ul>\n<li style=\"list-style-type: none;\">\n<ul>\n<li><strong>Anpassbar:<\/strong> Geschwei\u00dfte T-Zylinder k\u00f6nnen an spezifische Anwendungen angepasst werden. Die Zylinder sind in verschiedenen Gr\u00f6\u00dfen und Formen erh\u00e4ltlich und k\u00f6nnen so gefertigt werden, dass sie den spezifischen Anforderungen der Anwendung entsprechen.<\/li>\n<\/ul>\n<\/li>\n<\/ul>\n<p>Durch die individuelle Anpassung kann die Leistung des Zylinders optimiert und sichergestellt werden, dass er f\u00fcr die vorgesehene Anwendung geeignet ist. Dadurch eignen sich geschwei\u00dfte T-Zylinder ideal f\u00fcr den Einsatz in verschiedenen industriellen Anwendungen, darunter im Baugewerbe, im Bergbau und in der Materialhandhabung.<\/p>\n<ul>\n<li style=\"list-style-type: none;\">\n<ul>\n<li><strong>Kosteng\u00fcnstig:<\/strong> Geschwei\u00dfte T-Zylinder sind im Vergleich zu anderen Zylindertypen kosteng\u00fcnstig. Der Herstellungsprozess dieser Zylinder ist einfach und daher weniger kostspielig als bei anderen Zylindertypen.<\/li>\n<\/ul>\n<\/li>\n<\/ul>\n<p>Dar\u00fcber hinaus reduzieren die hohe Festigkeit und Langlebigkeit geschwei\u00dfter T-Zylinder den Bedarf an h\u00e4ufigen Reparaturen und Austauschvorg\u00e4ngen und senken so die Wartungskosten. Diese Eigenschaft macht sie zu einer beliebten Wahl f\u00fcr viele Branchen, insbesondere f\u00fcr diejenigen mit begrenztem Budget.<\/p>\n<ul>\n<li style=\"list-style-type: none;\">\n<ul>\n<li><strong>Erh\u00f6hte Effizienz:<\/strong> Geschwei\u00dfte T-Zylinder sind hocheffizient und effektiv. Die Konstruktion des Zylinders sorgt daf\u00fcr, dass die aufgebrachte Kraft direkt auf die Last \u00fcbertragen wird, wodurch Energieverluste reduziert und die Effizienz gesteigert werden.<\/li>\n<\/ul>\n<\/li>\n<\/ul>\n<p>Die Schwei\u00dfverbindungen sind stark und steif, minimieren die Durchbiegung und gew\u00e4hrleisten, dass der Zylinder auch unter extremen Bedingungen seine Form und strukturelle Integrit\u00e4t beh\u00e4lt. Diese Eigenschaft macht geschwei\u00dfte T-Zylinder ideal f\u00fcr Anwendungen, die hohe Effizienz und Zuverl\u00e4ssigkeit erfordern.<\/p>\n<p><img decoding=\"async\" class=\"aligncenter\" src=\"https:\/\/hzpt.com\/wp-content\/uploads\/2023\/12\/random-4.webp\" alt=\"\" title=\"\"><\/p>\n<h2>Anwendung von geschwei\u00dften T-Typ-Zylindern<\/h2>\n<ol>\n<li>\n<h3>Automobilindustrie<\/h3>\n<p>Geschwei\u00dfte T-Zylinder sind in der Automobilindustrie weit verbreitet. Sie werden in Autot\u00fcren, Motorhauben- und Kofferraumklappen, Cabriod\u00e4chern und Servolenkungen eingesetzt. Diese Zylinder werden aufgrund ihrer F\u00e4higkeit, hohe Kraft bei geringem Platzbedarf zu liefern, bevorzugt. Die T-Zylinderkonstruktion eignet sich gut f\u00fcr Anwendungen, bei denen die Kraft in zwei verschiedene Richtungen \u00fcbertragen werden muss.<\/p>\n<p>Dar\u00fcber hinaus erm\u00f6glicht die Schwei\u00dfkonstruktion dieser Zylinder einen leckagefreien Betrieb bei hohen Temperaturen und Dr\u00fccken. Dadurch eignen sie sich f\u00fcr den Einsatz in Motoren, Getrieben und Bremssystemen.<\/li>\n<li>\n<h3>Fertigungsindustrie<\/h3>\n<p>Geschwei\u00dfte T-Zylinder werden auch in der Fertigungsindustrie eingesetzt. Sie werden in hydraulischen Pressen, Schmiedemaschinen und Metallschneidemaschinen eingesetzt. Die hohe Kraftabgabe dieser Zylinder macht sie ideal f\u00fcr Anwendungen, bei denen viel Kraft auf kleinem Raum ben\u00f6tigt wird.<\/p>\n<p>Das T-Zylinder-Design eignet sich auch gut f\u00fcr Anwendungen, bei denen die Kraft in zwei verschiedene Richtungen \u00fcbertragen werden muss. Beispielsweise kann der T-Zylinder in einer hydraulischen Presse sowohl vertikal als auch horizontal Kraft \u00fcbertragen, was komplexere Fertigungsprozesse erm\u00f6glicht.<\/li>\n<li>\n<h3>Luft- und Raumfahrtindustrie<\/h3>\n<p>Geschwei\u00dfte T-Zylinder werden in der Luft- und Raumfahrtindustrie f\u00fcr eine Vielzahl von Anwendungen eingesetzt. Sie werden in Fahrwerkssystemen, Frachtt\u00fcren und Flugsteuerungssystemen verwendet. Die hohe Kraftabgabe und die kompakte Bauweise dieser Zylinder machen sie ideal f\u00fcr den Einsatz in den begrenzten Platzverh\u00e4ltnissen eines Flugzeugs.<\/p>\n<p>Die geschwei\u00dfte Konstruktion dieser Zylinder macht sie zudem widerstandsf\u00e4hig gegen die hohen Dr\u00fccke und Temperaturen im Flug. Dar\u00fcber hinaus erm\u00f6glicht die T-Zylinderkonstruktion die Kraft\u00fcbertragung in zwei verschiedene Richtungen und eignet sich daher gut f\u00fcr Anwendungen, bei denen die Kraft schr\u00e4g eingeleitet werden muss.<\/li>\n<li>\n<h3>Bauindustrie<\/h3>\n<p>Geschwei\u00dfte T-Zylinder werden in der Bauindustrie f\u00fcr schwere Hebe- und Transportaufgaben eingesetzt. Sie kommen in Kr\u00e4nen, Baggern und Tiefl\u00f6ffelbaggern zum Einsatz. Dank ihrer hohen Kraftabgabe und kompakten Bauweise eignen sich diese Zylinder ideal f\u00fcr den Einsatz auf Baustellen mit begrenztem Platzangebot.<\/p>\n<p>Die T-Zylinderkonstruktion erm\u00f6glicht die Kraft\u00fcbertragung in zwei verschiedene Richtungen und eignet sich daher gut f\u00fcr Anwendungen, bei denen die Kraft schr\u00e4g eingeleitet werden muss. Dank der Schwei\u00dfkonstruktion k\u00f6nnen diese Zylinder zudem bei hohen Dr\u00fccken und Temperaturen leckagefrei betrieben werden und eignen sich daher f\u00fcr den Einsatz in rauen Au\u00dfenumgebungen.<\/li>\n<\/ol>\n<h3>\u00dcber FMP<\/h3>\n<p>FMP ist ein f\u00fchrender Hersteller und Lieferant von Hydraulikzylindern mit \u00fcber 30 Jahren Branchenerfahrung. Unser Produktionsstandort befindet sich in Italien, und wir verf\u00fcgen \u00fcber mehr als 100 Anlagen, um unseren Kunden qualitativ hochwertige Produkte und termingerechte Lieferungen zu gew\u00e4hrleisten.<\/p>\n<h4>Unsere Produkte und Unternehmensvorteile<\/h4>\n<p>1. Breites Sortiment an Hydraulikzylindern<\/p>\n<p>Unser Angebot an Hydraulikzylindern umfasst Ohrringzylinder, bidirektionale automatische Teleskop-Hydraulikzylinder und viele weitere Typen. Jeder Hydraulikzylinder durchl\u00e4uft eine strenge Bearbeitung und Pr\u00fcfung, um h\u00f6chste Qualit\u00e4t zu gew\u00e4hrleisten.<\/p>\n<p><img decoding=\"async\" src=\"https:\/\/fmp-components.com\/wp-content\/uploads\/2024\/12\/fmp-factory-4.webp\" alt=\"FMP-Fabrik\" width=\"800\" title=\"\"><\/p>\n<p>2. Designservice<\/p>\n<p>Unser Konstruktionsteam verf\u00fcgt \u00fcber umfangreiche Erfahrung in der Entwicklung und Konstruktion von Universalwellen. Wir sind in der Lage, die Anforderungen unserer Kunden an neue Produkte oder Produktverbesserungen zu erf\u00fcllen.<\/p>\n<p>3. Umfassender Produktservice<\/p>\n<p>Wir bieten einen umfassenden Produktservice, von der Rohstoffbeschaffung \u00fcber Zuschnitt, Vorbearbeitung, Pr\u00fcfung, Reinigung, Montage und Verpackung bis hin zum Transport. So stellen wir sicher, dass unsere Kunden ein zuverl\u00e4ssiges und qualit\u00e4tsgesichertes Produkt erhalten.<\/p>\n<p>4. Probenprozess<\/p>\n<p>Wir k\u00f6nnen Muster nach Ihren Vorgaben entwickeln und diese fortlaufend an Ihre Bed\u00fcrfnisse anpassen. So haben Sie die M\u00f6glichkeit, das Produkt vor dem Kauf umfassend zu pr\u00fcfen.<\/p>\n<p>5. Forschungs- und Entwicklungskapazit\u00e4t<\/p>\n<p>Unser Unternehmen hat sich der kontinuierlichen Verbesserung und Innovation verschrieben. Sobald neue Bed\u00fcrfnisse im Markt entstehen, analysieren wir diese und entwickeln neue Modelle, um den Anforderungen unserer Kunden gerecht zu werden.<\/p>\n<p>Eine Partnerschaft mit FMP bedeutet die Zusammenarbeit mit einem zuverl\u00e4ssigen und qualit\u00e4tsorientierten Lieferanten. Wir setzen alles daran, unseren Kunden die bestm\u00f6glichen Produkte und Dienstleistungen anzubieten und sie so beim Erreichen ihrer Gesch\u00e4ftsziele zu unterst\u00fctzen.<\/p>\n<p>Autor: CX<\/p>","protected":false},"excerpt":{"rendered":"<p>Die professionellen Hydraulikzylinder 10040 mit kleinem Kolben sind speziell f\u00fcr landwirtschaftliche Anwendungen entwickelt und bieten zuverl\u00e4ssige Leistung und Langlebigkeit. Diese Hydraulikzylinder eignen sich ideal zum effizienten Heben, Schieben und Ziehen schwerer Lasten und sind somit perfekt f\u00fcr verschiedene Landmaschinen wie Traktoren, M\u00e4hdrescher und andere Ger\u00e4te geeignet. Hauptmerkmale: Kompakte Bauweise: Die geringe Kolbengr\u00f6\u00dfe erm\u00f6glicht eine einfache Integration [\u2026]<\/p>","protected":false},"featured_media":1133,"comment_status":"closed","ping_status":"closed","template":"","meta":{"_et_pb_use_builder":"","_et_pb_old_content":"","_et_gb_content_width":""},"product_brand":[],"product_cat":[31],"product_tag":[34,35],"class_list":{"0":"post-960","1":"product","2":"type-product","3":"status-publish","4":"has-post-thumbnail","6":"product_cat-welded-tee-type-cylinder","7":"product_tag-hydraulic-cylinder","8":"product_tag-welded-tee-type-cylinder","10":"first","11":"instock","12":"product-type-simple"},"_links":{"self":[{"href":"https:\/\/fmp-components.com\/de\/wp-json\/wp\/v2\/product\/960","targetHints":{"allow":["GET"]}}],"collection":[{"href":"https:\/\/fmp-components.com\/de\/wp-json\/wp\/v2\/product"}],"about":[{"href":"https:\/\/fmp-components.com\/de\/wp-json\/wp\/v2\/types\/product"}],"replies":[{"embeddable":true,"href":"https:\/\/fmp-components.com\/de\/wp-json\/wp\/v2\/comments?post=960"}],"wp:featuredmedia":[{"embeddable":true,"href":"https:\/\/fmp-components.com\/de\/wp-json\/wp\/v2\/media\/1133"}],"wp:attachment":[{"href":"https:\/\/fmp-components.com\/de\/wp-json\/wp\/v2\/media?parent=960"}],"wp:term":[{"taxonomy":"product_brand","embeddable":true,"href":"https:\/\/fmp-components.com\/de\/wp-json\/wp\/v2\/product_brand?post=960"},{"taxonomy":"product_cat","embeddable":true,"href":"https:\/\/fmp-components.com\/de\/wp-json\/wp\/v2\/product_cat?post=960"},{"taxonomy":"product_tag","embeddable":true,"href":"https:\/\/fmp-components.com\/de\/wp-json\/wp\/v2\/product_tag?post=960"}],"curies":[{"name":"wp","href":"https:\/\/api.w.org\/{rel}","templated":true}]}}