{"id":957,"date":"2024-12-19T03:39:43","date_gmt":"2024-12-19T03:39:43","guid":{"rendered":"https:\/\/fmp-components.com\/product\/10037-hot-sale-customized-hydraulic-cylinder-for-seeder\/"},"modified":"2024-12-19T08:48:46","modified_gmt":"2024-12-19T08:48:46","slug":"10037-hot-sale-customized-hydraulic-cylinder-for-seeder","status":"publish","type":"product","link":"https:\/\/fmp-components.com\/de\/product\/10037-hot-sale-customized-hydraulic-cylinder-for-seeder\/","title":{"rendered":"10037 Hei\u00dfer Verkauf Kundenspezifischer Hydraulikzylinder f\u00fcr S\u00e4maschine"},"content":{"rendered":"<p>Der kundenspezifische Hydraulikzylinder 10037 wurde speziell f\u00fcr den Einsatz in S\u00e4maschinen entwickelt und bietet zuverl\u00e4ssige Leistung und Effizienz in der Landwirtschaft. Dieser Hydraulikzylinder ist auf die besonderen Anforderungen von S\u00e4maschinen zugeschnitten und gew\u00e4hrleistet optimale Funktionalit\u00e4t.<\/p>\n<h4>Hauptmerkmale:<\/h4>\n<ul>\n<li><strong>Kundenspezifisches Design:<\/strong><br \/>\nDieser Hydraulikzylinder kann an spezifische Anwendungen angepasst werden, einschlie\u00dflich Bohrungsgr\u00f6\u00dfe, Hubl\u00e4nge und Tragf\u00e4higkeit. Durch die individuelle Anpassung wird sichergestellt, dass er den genauen Anforderungen verschiedener S\u00e4maschinen entspricht.<\/li>\n<li><strong>Hohe Leistung:<\/strong><br \/>\nDer Hydraulikzylinder 10037 ist auf effizienten Betrieb ausgelegt und bietet eine reibungslose und zuverl\u00e4ssige Leistung. Seine Konstruktion minimiert Reibung und Verschlei\u00df und erh\u00f6ht so die Gesamtlebensdauer und Effektivit\u00e4t der S\u00e4maschine.<\/li>\n<li><strong>Langlebige Konstruktion:<\/strong><br \/>\nDieser Hydraulikzylinder besteht aus hochwertigen Materialien und ist f\u00fcr die anspruchsvollen Bedingungen in der Landwirtschaft ausgelegt. Seine robuste Konstruktion gew\u00e4hrleistet dauerhafte Zuverl\u00e4ssigkeit auch bei hoher Belastung.<\/li>\n<li><strong>Vielseitige Anwendungen:<\/strong><br \/>\nDieser Hydraulikzylinder wurde f\u00fcr verschiedene S\u00e4maschinentypen entwickelt und verbessert die Funktionalit\u00e4t sowohl konventioneller als auch moderner S\u00e4ger\u00e4te. Seine Vielseitigkeit macht ihn zu einem wertvollen Werkzeug f\u00fcr Landwirte und landwirtschaftliche Anwender.<\/li>\n<li><strong>Einfache Installation:<\/strong><br \/>\nDer Hydraulikzylinder 10037 ist f\u00fcr eine einfache Installation konzipiert und erm\u00f6glicht eine schnelle Integration in bestehende S\u00e4systeme. Diese einfache Bedienung minimiert Ausfallzeiten und steigert die Produktivit\u00e4t.<\/li>\n<\/ul>\n<p><img decoding=\"async\" class=\"aligncenter\" src=\"https:\/\/hzpt.com\/wp-content\/uploads\/2023\/12\/random-3.webp\" alt=\"\" title=\"\"><\/p>\n<h4>Technische Daten:<\/h4>\n<table style=\"width: 101.782%; height: 184px;\">\n<thead>\n<tr>\n<th>Spezifikation<\/th>\n<th>Beschreibung<\/th>\n<\/tr>\n<\/thead>\n<tbody>\n<tr>\n<td><strong>Tragf\u00e4higkeit<\/strong><\/td>\n<td>Anpassbar<\/td>\n<\/tr>\n<tr>\n<td><strong>Bohrungsgr\u00f6\u00dfe<\/strong><\/td>\n<td>Verschiedene Optionen verf\u00fcgbar<\/td>\n<\/tr>\n<tr>\n<td><strong>Hubl\u00e4nge<\/strong><\/td>\n<td>Anpassbar<\/td>\n<\/tr>\n<tr>\n<td><strong>Maximaler Druck<\/strong><\/td>\n<td>Bis zu 3000 PSI<\/td>\n<\/tr>\n<tr>\n<td><strong>Material<\/strong><\/td>\n<td>Hochwertiger Stahl oder Aluminium<\/td>\n<\/tr>\n<tr>\n<td><strong>Verbindungstyp<\/strong><\/td>\n<td>Flansch- oder Gewindeausf\u00fchrung<\/td>\n<\/tr>\n<\/tbody>\n<\/table>\n<h4>Funktionsprinzip:<\/h4>\n<p>Der kundenspezifische Hydraulikzylinder 10037 arbeitet nach dem Prinzip des Hydraulikfl\u00fcssigkeitsdrucks. Wenn Hydraulikfl\u00fcssigkeit in den Zylinder gepumpt wird, \u00fcbt sie Kraft auf den Kolben aus und erzeugt eine lineare Bewegung f\u00fcr verschiedene S\u00e4arbeiten. Diese effektive Kraft\u00fcbertragung erm\u00f6glicht eine pr\u00e4zise Steuerung und verbesserte Leistung bei S\u00e4arbeiten.<\/p>\n<p>Zusammenfassend l\u00e4sst sich sagen, dass der kundenspezifische Hydraulikzylinder 10037 f\u00fcr S\u00e4maschinen eine zuverl\u00e4ssige und effiziente L\u00f6sung ist, die auf die spezifischen Anforderungen landwirtschaftlicher S\u00e4maschinen zugeschnitten ist. Seine robuste Konstruktion, die anpassbaren Optionen und die hohe Leistung machen ihn zu einem wesentlichen Bestandteil f\u00fcr die Verbesserung der Effizienz von S\u00e4maschinen.<\/p>\n<p>&nbsp;<\/p>\n<p><img decoding=\"async\" src=\"https:\/\/hzpt.com\/wp-content\/uploads\/2023\/12\/random-2.webp\" alt=\"\" title=\"\"><\/p>\n<h2>FAQs<\/h2>\n<h3>F1: Wie hoch ist die Tragf\u00e4higkeit des kundenspezifischen Hydraulikzylinders?<\/h3>\n<p>A1: Die Tragf\u00e4higkeit ist Ihren Anforderungen entsprechend anpassbar.<\/p>\n<h3>F2: Wie installiere ich den kundenspezifischen Hydraulikzylinder?<\/h3>\n<p>A2: Wir liefern mit jedem Kauf eine umfassende Installationsanleitung mit.<\/p>\n<h3>F3: Wie oft sollte der kundenspezifische Hydraulikzylinder gewartet werden?<\/h3>\n<p>A3: F\u00fcr eine optimale Leistung wird eine regelm\u00e4\u00dfige Wartung empfohlen. Die H\u00e4ufigkeit h\u00e4ngt von der Nutzung und den Umgebungsbedingungen ab.<\/p>\n<h3>F4: Kann ich die Abmessungen des kundenspezifischen Hydraulikzylinders anpassen?<\/h3>\n<p>A4: Ja, FMP bietet Anpassungsdienste an Ihre spezifischen Anforderungen an.<\/p>\n<h3>F5: Wo kann ich den kundenspezifischen Hydraulikzylinder kaufen?<\/h3>\n<p>A5: Sie k\u00f6nnen unsere Produkte direkt bei FMP oder unseren autorisierten H\u00e4ndlern kaufen.<\/p>\n<h2>Vorteile des geschwei\u00dften T-Typ-Zylinders<\/h2>\n<ul>\n<li style=\"list-style-type: none;\">\n<ul>\n<li><strong>Erh\u00f6hte St\u00e4rke:<\/strong> Geschwei\u00dfte T-Zylinder zeichnen sich durch ihre hohe Festigkeit aus und eignen sich daher f\u00fcr Anwendungen, bei denen schwere Lasten gehoben werden m\u00fcssen. Das bei der Herstellung dieser Zylinder verwendete Schwei\u00dfverfahren stellt sicher, dass der Zylinder keine Schwachstellen aufweist und hohem Druck und hoher Belastung standh\u00e4lt.<\/li>\n<\/ul>\n<\/li>\n<\/ul>\n<p>Wenn Druck auf den Zylinder ausge\u00fcbt wird, verteilt sich dieser gleichm\u00e4\u00dfig \u00fcber die gesamte Oberfl\u00e4che und macht ihn so verformungsbest\u00e4ndig. Diese Eigenschaft stellt sicher, dass der Zylinder auch unter extremen Bedingungen seine Form und strukturelle Integrit\u00e4t beh\u00e4lt.<\/p>\n<ul>\n<li style=\"list-style-type: none;\">\n<ul>\n<li><strong>Leckageschutz:<\/strong> Geschwei\u00dfte T-Flaschen verhindern Leckagen. Das Schwei\u00dfverfahren bei der Herstellung gew\u00e4hrleistet die vollst\u00e4ndige Abdichtung des Zylinders und verhindert m\u00f6gliche Leckagen. Dadurch eignen sie sich f\u00fcr Anwendungen, bei denen Leckagen schwere Sch\u00e4den oder Verletzungen verursachen k\u00f6nnen.<\/li>\n<\/ul>\n<\/li>\n<\/ul>\n<p>Die Schwei\u00dfverbindungen sind glatt und weisen keine Spalten oder Rillen auf, in denen sich Ablagerungen oder Schmutz ansammeln k\u00f6nnen. Dadurch wird das Risiko von Korrosion und Besch\u00e4digung des Zylinders verringert.<\/p>\n<ul>\n<li style=\"list-style-type: none;\">\n<ul>\n<li><strong>Anpassbar:<\/strong> Geschwei\u00dfte T-Zylinder k\u00f6nnen an spezifische Anwendungen angepasst werden. Die Zylinder sind in verschiedenen Gr\u00f6\u00dfen und Formen erh\u00e4ltlich und k\u00f6nnen so gefertigt werden, dass sie den spezifischen Anforderungen der Anwendung entsprechen.<\/li>\n<\/ul>\n<\/li>\n<\/ul>\n<p>Durch die individuelle Anpassung kann die Leistung des Zylinders optimiert und sichergestellt werden, dass er f\u00fcr die vorgesehene Anwendung geeignet ist. Dadurch eignen sich geschwei\u00dfte T-Zylinder ideal f\u00fcr den Einsatz in verschiedenen industriellen Anwendungen, darunter im Baugewerbe, im Bergbau und in der Materialhandhabung.<\/p>\n<ul>\n<li style=\"list-style-type: none;\">\n<ul>\n<li><strong>Kosteng\u00fcnstig:<\/strong> Geschwei\u00dfte T-Zylinder sind im Vergleich zu anderen Zylindertypen kosteng\u00fcnstig. Der Herstellungsprozess dieser Zylinder ist einfach und daher weniger kostspielig als bei anderen Zylindertypen.<\/li>\n<\/ul>\n<\/li>\n<\/ul>\n<p>Dar\u00fcber hinaus reduzieren die hohe Festigkeit und Langlebigkeit geschwei\u00dfter T-Zylinder den Bedarf an h\u00e4ufigen Reparaturen und Austauschvorg\u00e4ngen und senken so die Wartungskosten. Diese Eigenschaft macht sie zu einer beliebten Wahl f\u00fcr viele Branchen, insbesondere f\u00fcr diejenigen mit begrenztem Budget.<\/p>\n<ul>\n<li style=\"list-style-type: none;\">\n<ul>\n<li><strong>Erh\u00f6hte Effizienz:<\/strong> Geschwei\u00dfte T-Zylinder sind hocheffizient und effektiv. Die Konstruktion des Zylinders sorgt daf\u00fcr, dass die aufgebrachte Kraft direkt auf die Last \u00fcbertragen wird, wodurch Energieverluste reduziert und die Effizienz gesteigert werden.<\/li>\n<\/ul>\n<\/li>\n<\/ul>\n<p>Die Schwei\u00dfverbindungen sind stark und steif, minimieren die Durchbiegung und gew\u00e4hrleisten, dass der Zylinder auch unter extremen Bedingungen seine Form und strukturelle Integrit\u00e4t beh\u00e4lt. Diese Eigenschaft macht geschwei\u00dfte T-Zylinder ideal f\u00fcr Anwendungen, die hohe Effizienz und Zuverl\u00e4ssigkeit erfordern.<\/p>\n<p><img loading=\"lazy\" decoding=\"async\" class=\"size-full wp-image-974 aligncenter\" src=\"https:\/\/fmp-components.com\/wp-content\/uploads\/2024\/12\/application-of-Welded-Tee-Type-Cylinder.webp\" alt=\"Anwendung von geschwei\u00dften T-Zylindern\" width=\"760\" height=\"860\" title=\"\" srcset=\"https:\/\/fmp-components.com\/wp-content\/uploads\/2024\/12\/application-of-Welded-Tee-Type-Cylinder.webp 760w, https:\/\/fmp-components.com\/wp-content\/uploads\/2024\/12\/application-of-Welded-Tee-Type-Cylinder-480x543.webp 480w\" sizes=\"(min-width: 0px) and (max-width: 480px) 480px, (min-width: 481px) 760px, 100vw\" \/><\/p>\n<h2>Anwendung von geschwei\u00dften T-Typ-Zylindern<\/h2>\n<ul>\n<li>\n<h3>Industrielle Maschinen und Anlagen<\/h3>\n<p>Geschwei\u00dfte T-Zylinder werden h\u00e4ufig in Industriemaschinen und -anlagen, insbesondere in Hydrauliksystemen, eingesetzt. Der Zylinder besteht aus einem Kolben und einem Zylinderrohr, die zu einer Einheit verschwei\u00dft sind. Diese Konstruktion bietet gegen\u00fcber anderen Zylindertypen mehrere Vorteile, wie z. B. verbesserte Haltbarkeit, h\u00f6here Festigkeit und h\u00f6here Pr\u00e4zision.<\/p>\n<p>Eine der wichtigsten Anwendungen von geschwei\u00dften T-Zylindern in Industriemaschinen ist ihre F\u00e4higkeit, eine konstante und pr\u00e4zise Kraft zu liefern. Dies ist f\u00fcr viele Fertigungsprozesse unerl\u00e4sslich, bei denen eine pr\u00e4zise Steuerung erforderlich ist, um die Qualit\u00e4t des Endprodukts sicherzustellen. Geschwei\u00dfte T-Zylinder k\u00f6nnen auch zur Regulierung des Fl\u00fcssigkeitsflusses in Hydrauliksystemen eingesetzt werden und sorgen so f\u00fcr mehr Effizienz und Zuverl\u00e4ssigkeit in einer Vielzahl von Industrieanwendungen.<\/li>\n<li>\n<h3>Landwirtschaftliche Ger\u00e4te<\/h3>\n<p>Geschwei\u00dfte T-Zylinder werden auch h\u00e4ufig in landwirtschaftlichen Ger\u00e4ten wie Traktoren und Erntemaschinen eingesetzt. Diese Maschinen ben\u00f6tigen leistungsstarke und zuverl\u00e4ssige Hydrauliksysteme, um effektiv zu funktionieren. Geschwei\u00dfte T-Zylinder sind hierf\u00fcr die ideale Wahl.<\/p>\n<p>Die robuste Konstruktion und hohe Festigkeit des Zylinders machen ihn selbst unter rauen Betriebsbedingungen \u00e4u\u00dferst verschlei\u00dffest. Dies macht ihn zur idealen Wahl f\u00fcr den Einsatz in landwirtschaftlichen Ger\u00e4ten, bei denen Langlebigkeit ein entscheidender Faktor ist. Geschwei\u00dfte T-Zylinder erm\u00f6glichen auch die pr\u00e4zise Steuerung vieler landwirtschaftlicher Prozesse wie Pflanzung, Ernte und Bew\u00e4sserung.<\/li>\n<li>\n<h3>Baumaschinen<\/h3>\n<p>Geschwei\u00dfte T-Zylinder werden auch h\u00e4ufig in Baumaschinen wie Baggern, Baggerladern und Bulldozern eingesetzt. Diese Maschinen ben\u00f6tigen leistungsstarke und zuverl\u00e4ssige Hydrauliksysteme, um schwere Aufgaben wie Graben, Heben und Schieben schwerer Lasten zu erf\u00fcllen.<\/p>\n<p>Die hohe Festigkeit und Langlebigkeit des geschwei\u00dften T-Zylinders machen ihn zur idealen Wahl f\u00fcr den Einsatz in Baumaschinen. Seine F\u00e4higkeit, pr\u00e4zise Steuerung und konstante Kraft zu gew\u00e4hrleisten, ist f\u00fcr viele Bauprozesse wie Aushub, Planierung und Stra\u00dfenbau unerl\u00e4sslich. Geschwei\u00dfte T-Zylinder k\u00f6nnen auch zur Regulierung des Fl\u00fcssigkeitsflusses in Hydrauliksystemen eingesetzt werden und verbessern so die Effizienz und Zuverl\u00e4ssigkeit von Baumaschinen in einer Vielzahl von Anwendungen.<\/li>\n<\/ul>\n<h3>\u00dcber FMP<\/h3>\n<p>FMP ist seit \u00fcber 30 Jahren ein f\u00fchrender Hersteller und Lieferant von Hydraulikzylindern. Unser Industriegebiet befindet sich in Italien und wir verf\u00fcgen \u00fcber ein umfangreiches Sortiment von \u00fcber 100 Ger\u00e4ten, darunter automatische Schutzgasschwei\u00dfmaschinen, Tieflochbohrmaschinen, CNC-Drehmaschinen, Rundschleifmaschinen, automatische Reinigungsmaschinen, automatische Installationsmaschinen, automatische Hydraulikzylinder-Leistungspr\u00fcfst\u00e4nde, automatische Lackierstra\u00dfen usw.<\/p>\n<p>Unsere Hydraulikzylinder werden nach h\u00f6chsten Qualit\u00e4tsstandards gefertigt. Jeder Zylinder wird strengen Verarbeitungs- und Pr\u00fcfverfahren unterzogen, um sicherzustellen, dass unsere Kunden nur Produkte von h\u00f6chster Qualit\u00e4t erhalten. Wir bieten eine breite Palette an Hydraulikzylindern, darunter Hydraulikzylinder, Ohrringzylinder, bidirektionale automatische Teleskop-Hydraulikzylinder und mehr.<\/p>\n<h4>Vorteile unserer Produkte und unseres Unternehmens<\/h4>\n<ol>\n<li><strong>Design-Service:<\/strong> Unser Designteam verf\u00fcgt \u00fcber umfangreiche Erfahrung in der Produktentwicklung und -entwicklung von Gelenkwellen. Wir unterst\u00fctzen unsere Kunden bei der Entwicklung neuer Produkte oder weiteren Produktverbesserungen.<\/li>\n<li><strong>Produktservice:<\/strong> Unser Produktionsprozess umfasst Rohstoffe, Schneiden, Grobbearbeitung, Pr\u00fcfung, Reinigung, Montage, Verpackung und Transport. Wir stellen sicher, dass unsere Produkte nach h\u00f6chsten Qualit\u00e4tsstandards hergestellt und geliefert werden.<\/li>\n<li><strong>Beispielprozess:<\/strong> Wir bieten Musterentwicklungs- und Modifikationsdienste an, um die spezifischen Anforderungen unserer Kunden zu erf\u00fcllen.<\/li>\n<li><strong>Forschung und Entwicklung:<\/strong> Wir untersuchen st\u00e4ndig die neuen Bed\u00fcrfnisse des Marktes und entwickeln entsprechend neue Modelle.<\/li>\n<li><strong>Anpassung:<\/strong> Wir sind auf die Herstellung und den Verkauf verschiedener Arten von Hydraulikzylindern spezialisiert und nehmen Anpassungen entsprechend den Kundenanforderungen vor.<\/li>\n<\/ol>\n<p>Wir sind stolz auf unser Engagement f\u00fcr Exzellenz und Qualit\u00e4t und streben danach, unseren Kunden die besten Produkte und Dienstleistungen zu bieten. Kontaktieren Sie uns noch heute, um mehr \u00fcber unsere Hydraulikzylinder zu erfahren und wie wir Ihr zuverl\u00e4ssiger Partner in der Hydraulikindustrie sein k\u00f6nnen.<\/p>\n<p><img decoding=\"async\" class=\"aligncenter\" src=\"https:\/\/fmp-components.com\/wp-content\/uploads\/2024\/12\/fmp-factory-4.webp\" alt=\"FMP-Fabrik\" width=\"800\" title=\"\"><br \/>\nAutor: CX<\/p>","protected":false},"excerpt":{"rendered":"<p>The 10037 Hot Sale Customized Hydraulic Cylinder is specifically designed for use in seeders, providing reliable performance and efficiency in agricultural operations. This hydraulic cylinder is tailored to meet the unique requirements of seeding equipment, ensuring optimal functionality. Key Features: Customized Design: This hydraulic cylinder can be tailored to fit specific applications, including bore size, [&hellip;]<\/p>","protected":false},"featured_media":1132,"comment_status":"closed","ping_status":"closed","template":"","meta":{"_et_pb_use_builder":"","_et_pb_old_content":"","_et_gb_content_width":""},"product_brand":[],"product_cat":[31],"product_tag":[34,35],"class_list":{"0":"post-957","1":"product","2":"type-product","3":"status-publish","4":"has-post-thumbnail","6":"product_cat-welded-tee-type-cylinder","7":"product_tag-hydraulic-cylinder","8":"product_tag-welded-tee-type-cylinder","10":"first","11":"instock","12":"product-type-simple"},"_links":{"self":[{"href":"https:\/\/fmp-components.com\/de\/wp-json\/wp\/v2\/product\/957","targetHints":{"allow":["GET"]}}],"collection":[{"href":"https:\/\/fmp-components.com\/de\/wp-json\/wp\/v2\/product"}],"about":[{"href":"https:\/\/fmp-components.com\/de\/wp-json\/wp\/v2\/types\/product"}],"replies":[{"embeddable":true,"href":"https:\/\/fmp-components.com\/de\/wp-json\/wp\/v2\/comments?post=957"}],"wp:featuredmedia":[{"embeddable":true,"href":"https:\/\/fmp-components.com\/de\/wp-json\/wp\/v2\/media\/1132"}],"wp:attachment":[{"href":"https:\/\/fmp-components.com\/de\/wp-json\/wp\/v2\/media?parent=957"}],"wp:term":[{"taxonomy":"product_brand","embeddable":true,"href":"https:\/\/fmp-components.com\/de\/wp-json\/wp\/v2\/product_brand?post=957"},{"taxonomy":"product_cat","embeddable":true,"href":"https:\/\/fmp-components.com\/de\/wp-json\/wp\/v2\/product_cat?post=957"},{"taxonomy":"product_tag","embeddable":true,"href":"https:\/\/fmp-components.com\/de\/wp-json\/wp\/v2\/product_tag?post=957"}],"curies":[{"name":"wp","href":"https:\/\/api.w.org\/{rel}","templated":true}]}}