{"id":952,"date":"2024-12-19T03:39:43","date_gmt":"2024-12-19T03:39:43","guid":{"rendered":"https:\/\/fmp-components.com\/product\/10032-factory-direct-sale-double-acting-hydraulic-cylinder-for-trailer\/"},"modified":"2024-12-19T08:47:35","modified_gmt":"2024-12-19T08:47:35","slug":"10032-factory-direct-sale-double-acting-hydraulic-cylinder-for-trailer","status":"publish","type":"product","link":"https:\/\/fmp-components.com\/de\/product\/10032-factory-direct-sale-double-acting-hydraulic-cylinder-for-trailer\/","title":{"rendered":"10032 Direkt vom Hersteller: Doppeltwirkender Hydraulikzylinder f\u00fcr Anh\u00e4nger"},"content":{"rendered":"<p>Der direkt ab Werk erh\u00e4ltliche doppeltwirkende Hydraulikzylinder 10032 wurde speziell f\u00fcr Anh\u00e4ngeranwendungen entwickelt und bietet herausragende Leistung und Zuverl\u00e4ssigkeit. Dieser Hydraulikzylinder erm\u00f6glicht kraftvolles Heben und Senken und ist somit unverzichtbar f\u00fcr einen effizienten Anh\u00e4ngerbetrieb.<\/p>\n<h4>Hauptmerkmale:<\/h4>\n<ul>\n<li><strong>Doppeltwirkende Funktionalit\u00e4t<\/strong>Erm\u00f6glicht einen reibungslosen Betrieb sowohl beim Aus- als auch beim Einfahren und bietet pr\u00e4zise Kontrolle beim Be- und Entladen.<\/li>\n<li><strong>Direktverkauf ab Werk<\/strong>Direkt vom Hersteller angeboten, was wettbewerbsf\u00e4hige Preise und hohe Qualit\u00e4t ohne Zwischenh\u00e4ndler gew\u00e4hrleistet.<\/li>\n<li><strong>Robuste Konstruktion<\/strong>: Hergestellt aus hochfesten Materialien, um hohen Belastungen und rauen Betriebsbedingungen standzuhalten und so Langlebigkeit und Robustheit zu gew\u00e4hrleisten.<\/li>\n<li><strong>Korrosionsbest\u00e4ndige Oberfl\u00e4che<\/strong>Beschichtet zum Schutz vor Rost und Korrosion, geeignet f\u00fcr den Au\u00dfeneinsatz und verschiedene Witterungsbedingungen.<\/li>\n<li><strong>Einfache Installation<\/strong>: Konzipiert f\u00fcr eine schnelle und unkomplizierte Integration in bestehende Anh\u00e4ngersysteme, wodurch die Einrichtungszeit minimiert wird.<\/li>\n<\/ul>\n<h4>Vorteile:<\/h4>\n<ul>\n<li><strong>Erh\u00f6hte Effizienz<\/strong>: Verbessert die operative Effektivit\u00e4t von Anh\u00e4ngern und erm\u00f6glicht reibungslose und zuverl\u00e4ssige Hebe- und Senkvorg\u00e4nge.<\/li>\n<li><strong>Vielseitige Einsatzm\u00f6glichkeiten<\/strong>Geeignet f\u00fcr eine Vielzahl von Anh\u00e4ngertypen und Einsatzm\u00f6glichkeiten, wodurch es eine vielseitige Erg\u00e4nzung Ihrer Ausr\u00fcstung darstellt.<\/li>\n<li><strong>Reduzierte Wartungskosten<\/strong>Die robuste Konstruktion minimiert den Verschlei\u00df und f\u00fchrt somit langfristig zu geringeren Wartungskosten.<\/li>\n<\/ul>\n<p>Der direkt ab Werk erh\u00e4ltliche doppeltwirkende Hydraulikzylinder 10032 ist eine unverzichtbare Komponente f\u00fcr Anh\u00e4nger und bietet zuverl\u00e4ssige Leistung und Effizienz. Dank seiner robusten Bauweise und des g\u00fcnstigen Preises direkt ab Werk ist er die ideale Wahl f\u00fcr alle, die ihre Anh\u00e4ngerbetriebe optimieren m\u00f6chten.<\/p>\n<p><img decoding=\"async\" src=\"https:\/\/hzpt.com\/wp-content\/uploads\/2023\/12\/random-3.webp\" alt=\"\" title=\"\"><\/p>\n<p>&nbsp;<\/p>\n<h2>Vorteile des geschwei\u00dften T-Typ-Zylinders<\/h2>\n<ul>\n<li style=\"list-style-type: none;\">\n<ul>\n<li><strong>Erh\u00f6hte St\u00e4rke:<\/strong> Geschwei\u00dfte T-Zylinder zeichnen sich durch ihre hohe Festigkeit aus und eignen sich daher f\u00fcr Anwendungen, bei denen schwere Lasten gehoben werden m\u00fcssen. Das bei der Herstellung dieser Zylinder verwendete Schwei\u00dfverfahren stellt sicher, dass der Zylinder keine Schwachstellen aufweist und hohem Druck und hoher Belastung standh\u00e4lt.<\/li>\n<\/ul>\n<\/li>\n<\/ul>\n<p>Wenn Druck auf den Zylinder ausge\u00fcbt wird, verteilt sich dieser gleichm\u00e4\u00dfig \u00fcber die gesamte Oberfl\u00e4che und macht ihn so verformungsbest\u00e4ndig. Diese Eigenschaft stellt sicher, dass der Zylinder auch unter extremen Bedingungen seine Form und strukturelle Integrit\u00e4t beh\u00e4lt.<\/p>\n<ul>\n<li style=\"list-style-type: none;\">\n<ul>\n<li><strong>Leckageschutz:<\/strong> Geschwei\u00dfte T-Flaschen verhindern Leckagen. Das Schwei\u00dfverfahren bei der Herstellung gew\u00e4hrleistet die vollst\u00e4ndige Abdichtung des Zylinders und verhindert m\u00f6gliche Leckagen. Dadurch eignen sie sich f\u00fcr Anwendungen, bei denen Leckagen schwere Sch\u00e4den oder Verletzungen verursachen k\u00f6nnen.<\/li>\n<\/ul>\n<\/li>\n<\/ul>\n<p>Die Schwei\u00dfverbindungen sind glatt und weisen keine Spalten oder Rillen auf, in denen sich Ablagerungen oder Schmutz ansammeln k\u00f6nnen. Dadurch wird das Risiko von Korrosion und Besch\u00e4digung des Zylinders verringert.<\/p>\n<ul>\n<li style=\"list-style-type: none;\">\n<ul>\n<li><strong>Anpassbar:<\/strong> Geschwei\u00dfte T-Zylinder k\u00f6nnen an spezifische Anwendungen angepasst werden. Die Zylinder sind in verschiedenen Gr\u00f6\u00dfen und Formen erh\u00e4ltlich und k\u00f6nnen so gefertigt werden, dass sie den spezifischen Anforderungen der Anwendung entsprechen.<\/li>\n<\/ul>\n<\/li>\n<\/ul>\n<p>Durch die individuelle Anpassung kann die Leistung des Zylinders optimiert und sichergestellt werden, dass er f\u00fcr die vorgesehene Anwendung geeignet ist. Dadurch eignen sich geschwei\u00dfte T-Zylinder ideal f\u00fcr den Einsatz in verschiedenen industriellen Anwendungen, darunter im Baugewerbe, im Bergbau und in der Materialhandhabung.<\/p>\n<ul>\n<li style=\"list-style-type: none;\">\n<ul>\n<li><strong>Kosteng\u00fcnstig:<\/strong> Geschwei\u00dfte T-Zylinder sind im Vergleich zu anderen Zylindertypen kosteng\u00fcnstig. Der Herstellungsprozess dieser Zylinder ist einfach und daher weniger kostspielig als bei anderen Zylindertypen.<\/li>\n<\/ul>\n<\/li>\n<\/ul>\n<p>Dar\u00fcber hinaus reduzieren die hohe Festigkeit und Langlebigkeit geschwei\u00dfter T-Zylinder den Bedarf an h\u00e4ufigen Reparaturen und Austauschvorg\u00e4ngen und senken so die Wartungskosten. Diese Eigenschaft macht sie zu einer beliebten Wahl f\u00fcr viele Branchen, insbesondere f\u00fcr diejenigen mit begrenztem Budget.<\/p>\n<ul>\n<li style=\"list-style-type: none;\">\n<ul>\n<li><strong>Erh\u00f6hte Effizienz:<\/strong> Geschwei\u00dfte T-Zylinder sind hocheffizient und effektiv. Die Konstruktion des Zylinders sorgt daf\u00fcr, dass die aufgebrachte Kraft direkt auf die Last \u00fcbertragen wird, wodurch Energieverluste reduziert und die Effizienz gesteigert werden.<\/li>\n<\/ul>\n<\/li>\n<\/ul>\n<p>Die Schwei\u00dfverbindungen sind stark und steif, minimieren die Durchbiegung und gew\u00e4hrleisten, dass der Zylinder auch unter extremen Bedingungen seine Form und strukturelle Integrit\u00e4t beh\u00e4lt. Diese Eigenschaft macht geschwei\u00dfte T-Zylinder ideal f\u00fcr Anwendungen, die hohe Effizienz und Zuverl\u00e4ssigkeit erfordern.<\/p>\n<p><img decoding=\"async\" src=\"https:\/\/hzpt.com\/wp-content\/uploads\/2023\/12\/random-1.webp?v=1694163707\" alt=\"\" title=\"\"><\/p>\n<h2>Anwendung von geschwei\u00dften T-Typ-Zylindern<\/h2>\n<ol>\n<li>\n<h3>Automobilindustrie<\/h3>\n<p>Geschwei\u00dfte T-Zylinder sind in der Automobilindustrie weit verbreitet. Sie werden in Autot\u00fcren, Motorhauben- und Kofferraumklappen, Cabriod\u00e4chern und Servolenkungen eingesetzt. Diese Zylinder werden aufgrund ihrer F\u00e4higkeit, hohe Kraft bei geringem Platzbedarf zu liefern, bevorzugt. Die T-Zylinderkonstruktion eignet sich gut f\u00fcr Anwendungen, bei denen die Kraft in zwei verschiedene Richtungen \u00fcbertragen werden muss.<\/p>\n<p>Dar\u00fcber hinaus erm\u00f6glicht die Schwei\u00dfkonstruktion dieser Zylinder einen leckagefreien Betrieb bei hohen Temperaturen und Dr\u00fccken. Dadurch eignen sie sich f\u00fcr den Einsatz in Motoren, Getrieben und Bremssystemen.<\/li>\n<li>\n<h3>Fertigungsindustrie<\/h3>\n<p>Geschwei\u00dfte T-Zylinder werden auch in der Fertigungsindustrie eingesetzt. Sie werden in hydraulischen Pressen, Schmiedemaschinen und Metallschneidemaschinen eingesetzt. Die hohe Kraftabgabe dieser Zylinder macht sie ideal f\u00fcr Anwendungen, bei denen viel Kraft auf kleinem Raum ben\u00f6tigt wird.<\/p>\n<p>Das T-Zylinder-Design eignet sich auch gut f\u00fcr Anwendungen, bei denen die Kraft in zwei verschiedene Richtungen \u00fcbertragen werden muss. Beispielsweise kann der T-Zylinder in einer hydraulischen Presse sowohl vertikal als auch horizontal Kraft \u00fcbertragen, was komplexere Fertigungsprozesse erm\u00f6glicht.<\/li>\n<li>\n<h3>Luft- und Raumfahrtindustrie<\/h3>\n<p>Geschwei\u00dfte T-Zylinder werden in der Luft- und Raumfahrtindustrie f\u00fcr eine Vielzahl von Anwendungen eingesetzt. Sie werden in Fahrwerkssystemen, Frachtt\u00fcren und Flugsteuerungssystemen verwendet. Die hohe Kraftabgabe und die kompakte Bauweise dieser Zylinder machen sie ideal f\u00fcr den Einsatz in den begrenzten Platzverh\u00e4ltnissen eines Flugzeugs.<\/p>\n<p>Die geschwei\u00dfte Konstruktion dieser Zylinder macht sie zudem widerstandsf\u00e4hig gegen die hohen Dr\u00fccke und Temperaturen im Flug. Dar\u00fcber hinaus erm\u00f6glicht die T-Zylinderkonstruktion die Kraft\u00fcbertragung in zwei verschiedene Richtungen und eignet sich daher gut f\u00fcr Anwendungen, bei denen die Kraft schr\u00e4g eingeleitet werden muss.<\/li>\n<li>\n<h3>Bauindustrie<\/h3>\n<p>Geschwei\u00dfte T-Zylinder werden in der Bauindustrie f\u00fcr schwere Hebe- und Transportaufgaben eingesetzt. Sie kommen in Kr\u00e4nen, Baggern und Tiefl\u00f6ffelbaggern zum Einsatz. Dank ihrer hohen Kraftabgabe und kompakten Bauweise eignen sich diese Zylinder ideal f\u00fcr den Einsatz auf Baustellen mit begrenztem Platzangebot.<\/p>\n<p>Die T-Zylinderkonstruktion erm\u00f6glicht die Kraft\u00fcbertragung in zwei verschiedene Richtungen und eignet sich daher gut f\u00fcr Anwendungen, bei denen die Kraft schr\u00e4g eingeleitet werden muss. Dank der Schwei\u00dfkonstruktion k\u00f6nnen diese Zylinder zudem bei hohen Dr\u00fccken und Temperaturen leckagefrei betrieben werden und eignen sich daher f\u00fcr den Einsatz in rauen Au\u00dfenumgebungen.<\/li>\n<\/ol>\n<h3>\u00dcber FMP<\/h3>\n<p>FMP ist ein professioneller Hersteller und H\u00e4ndler von Hydraulikzylindern mit \u00fcber 30 Jahren Branchenerfahrung. Unser Produktionsstandort befindet sich in Italien und verf\u00fcgt \u00fcber mehr als 100 Anlagen, darunter automatische Schutzgasschwei\u00dfanlagen, Tieflochbohrmaschinen, CNC-Drehmaschinen, Rundschleifmaschinen, automatische Reinigungs- und Montageanlagen, automatische Pr\u00fcfst\u00e4nde f\u00fcr Hydraulikzylinder, automatische Lackieranlagen und vieles mehr. Jeder Hydraulikzylinder durchl\u00e4uft eine strenge Bearbeitung und Pr\u00fcfung, um unseren Kunden h\u00f6chste Qualit\u00e4t zu garantieren.<\/p>\n<p>Hier sind f\u00fcnf Gr\u00fcnde, warum Sie sich f\u00fcr FMP entscheiden sollten:<\/p>\n<p>1. Designservice: Unser Designteam verf\u00fcgt \u00fcber umfangreiche Erfahrung in der Entwicklung und Konstruktion von Universalwellenprodukten. Bei Bedarf an neuen Produkten oder gew\u00fcnschten Verbesserungen unterst\u00fctzen wir Sie gerne.<\/p>\n<p>2. Produktservice: Unsere Produkte durchlaufen einen strengen Prozess, der die Rohstoffbeschaffung, den Zuschnitt, die Vorbearbeitung, die Pr\u00fcfung, die Reinigung, die Montage, die Verpackung und den Transport umfasst. Dadurch wird sichergestellt, dass unsere Produkte von h\u00f6chster Qualit\u00e4t sind und Ihren Anforderungen entsprechen.<\/p>\n<p>3. Musterprozess: Wir entwickeln Muster nach Ihren Vorgaben und passen diese fortlaufend an Ihre Bed\u00fcrfnisse an. So stellen wir sicher, dass Sie genau das erhalten, was Sie von unseren Produkten ben\u00f6tigen.<\/p>\n<p>4. Forschung &amp; Entwicklung: Wir analysieren st\u00e4ndig den Markt und entwickeln neue Modelle, um den sich \u00e4ndernden Bed\u00fcrfnissen unserer Kunden gerecht zu werden.<\/p>\n<p>5. Individualisierung: Wir nehmen Sonderanfertigungen entgegen und k\u00f6nnen Produkte anbieten, die auf Ihre spezifischen Bed\u00fcrfnisse zugeschnitten sind.<\/p>\n<p>Wir bei FMP sind stolz darauf, hochwertige Hydraulikzylinder und exzellenten Kundenservice anzubieten. Kontaktieren Sie uns noch heute, wenn Sie Hydraulikzylinder ben\u00f6tigen.<\/p>\n<p><img decoding=\"async\" src=\"https:\/\/fmp-components.com\/wp-content\/uploads\/2024\/12\/fmp-factory-4.webp\" alt=\"FMP-Fabrik\" width=\"800\" title=\"\"><br \/>\nAutor: CX<\/p>","protected":false},"excerpt":{"rendered":"<p>The 10032 Factory Direct Sale Double Acting Hydraulic Cylinder is engineered specifically for trailer applications, offering exceptional performance and reliability. This hydraulic cylinder is designed to provide powerful lifting and lowering capabilities, making it essential for efficient trailer operations. Key Features: Double Acting Functionality: Allows for smooth operation in both extension and retraction, providing precise [&hellip;]<\/p>","protected":false},"featured_media":1133,"comment_status":"closed","ping_status":"closed","template":"","meta":{"_et_pb_use_builder":"","_et_pb_old_content":"","_et_gb_content_width":""},"product_brand":[],"product_cat":[31],"product_tag":[34,35],"class_list":{"0":"post-952","1":"product","2":"type-product","3":"status-publish","4":"has-post-thumbnail","6":"product_cat-welded-tee-type-cylinder","7":"product_tag-hydraulic-cylinder","8":"product_tag-welded-tee-type-cylinder","10":"first","11":"instock","12":"product-type-simple"},"_links":{"self":[{"href":"https:\/\/fmp-components.com\/de\/wp-json\/wp\/v2\/product\/952","targetHints":{"allow":["GET"]}}],"collection":[{"href":"https:\/\/fmp-components.com\/de\/wp-json\/wp\/v2\/product"}],"about":[{"href":"https:\/\/fmp-components.com\/de\/wp-json\/wp\/v2\/types\/product"}],"replies":[{"embeddable":true,"href":"https:\/\/fmp-components.com\/de\/wp-json\/wp\/v2\/comments?post=952"}],"wp:featuredmedia":[{"embeddable":true,"href":"https:\/\/fmp-components.com\/de\/wp-json\/wp\/v2\/media\/1133"}],"wp:attachment":[{"href":"https:\/\/fmp-components.com\/de\/wp-json\/wp\/v2\/media?parent=952"}],"wp:term":[{"taxonomy":"product_brand","embeddable":true,"href":"https:\/\/fmp-components.com\/de\/wp-json\/wp\/v2\/product_brand?post=952"},{"taxonomy":"product_cat","embeddable":true,"href":"https:\/\/fmp-components.com\/de\/wp-json\/wp\/v2\/product_cat?post=952"},{"taxonomy":"product_tag","embeddable":true,"href":"https:\/\/fmp-components.com\/de\/wp-json\/wp\/v2\/product_tag?post=952"}],"curies":[{"name":"wp","href":"https:\/\/api.w.org\/{rel}","templated":true}]}}