{"id":950,"date":"2024-12-19T03:39:43","date_gmt":"2024-12-19T03:39:43","guid":{"rendered":"https:\/\/fmp-components.com\/product\/10030-high-quality-tractor-cylinders-hydraulic-double-acting\/"},"modified":"2024-12-26T08:58:58","modified_gmt":"2024-12-26T08:58:58","slug":"10030-high-quality-tractor-cylinders-hydraulic-double-acting","status":"publish","type":"product","link":"https:\/\/fmp-components.com\/de\/product\/10030-high-quality-tractor-cylinders-hydraulic-double-acting\/","title":{"rendered":"10030 Hochwertige Traktorzylinder, hydraulisch, doppeltwirkend"},"content":{"rendered":"<p>Die hochwertigen Traktorzylinder 10030 sind f\u00fcr h\u00f6chste Leistung in der Landwirtschaft konzipiert und gew\u00e4hrleisten eine zuverl\u00e4ssige und effiziente Hydraulikfunktion f\u00fcr Traktoren. Dieser doppeltwirkende Hydraulikzylinder wurde entwickelt, um die Funktionalit\u00e4t und Effektivit\u00e4t Ihrer Landmaschinen zu steigern.<\/p>\n<h4>Hauptmerkmale:<\/h4>\n<ul>\n<li><strong>Doppeltwirkender Mechanismus<\/strong>Erm\u00f6glicht eine leistungsstarke Bedienung sowohl beim Aus- als auch beim Einfahren und somit eine pr\u00e4zise Steuerung bei verschiedenen Aufgaben.<\/li>\n<li><strong>Hochwertige Konstruktion<\/strong>Hergestellt aus hochwertigen Materialien, um Langlebigkeit und Zuverl\u00e4ssigkeit auch unter hoher Belastung und anspruchsvollen Bedingungen zu gew\u00e4hrleisten.<\/li>\n<li><strong>Hohe Tragf\u00e4higkeit<\/strong>: Konzipiert f\u00fcr die Bew\u00e4ltigung erheblicher Kr\u00e4fte, wodurch es sich ideal f\u00fcr anspruchsvolle landwirtschaftliche Anwendungen eignet.<\/li>\n<li><strong>Korrosionsbest\u00e4ndige Oberfl\u00e4che<\/strong>Beschichtet zum Schutz vor Rost und Korrosion, um eine lange Lebensdauer auch im Au\u00dfenbereich zu gew\u00e4hrleisten.<\/li>\n<li><strong>Einfache Installation<\/strong>Entwickelt f\u00fcr die einfache Integration in bestehende Traktorsysteme, wodurch die Einrichtungszeit minimiert und die Produktivit\u00e4t gesteigert wird.<\/li>\n<\/ul>\n<p><img decoding=\"async\" src=\"https:\/\/hzpt.com\/wp-content\/uploads\/2023\/12\/random-2.webp\" alt=\"\" title=\"\"><\/p>\n<h4>Vorteile:<\/h4>\n<ul>\n<li><strong>Erh\u00f6hte Effizienz<\/strong>: Optimiert den Betrieb von Traktoren und erm\u00f6glicht reibungslose Hebe- und Senkvorg\u00e4nge f\u00fcr eine h\u00f6here Produktivit\u00e4t.<\/li>\n<li><strong>Vielseitige Einsatzm\u00f6glichkeiten<\/strong>Geeignet f\u00fcr verschiedene landwirtschaftliche Aufgaben, was es zu einer vielseitigen Wahl f\u00fcr Landwirte und Anwender macht.<\/li>\n<li><strong>Geringerer Wartungsaufwand<\/strong>Die robuste Konstruktion minimiert den Verschlei\u00df, was zu geringeren Wartungskosten und erh\u00f6hter Betriebszeit f\u00fchrt.<\/li>\n<\/ul>\n<p>Der hochwertige, doppeltwirkende Hydraulikzylinder 10030 f\u00fcr Traktoren ist eine unverzichtbare Komponente moderner Landmaschinen und gew\u00e4hrleistet zuverl\u00e4ssige Leistung und Effizienz. Seine robuste Konstruktion und zuverl\u00e4ssige Funktionalit\u00e4t machen ihn zu einer hervorragenden Investition f\u00fcr jeden landwirtschaftlichen Betrieb.<\/p>\n<p><img decoding=\"async\" src=\"https:\/\/hzpt.com\/wp-content\/uploads\/2023\/12\/random-4.webp\" alt=\"\" title=\"\"><\/p>\n<h2>Vorteile des geschwei\u00dften T-Typ-Zylinders<\/h2>\n<ul>\n<li style=\"list-style-type: none;\">\n<ul>\n<li><strong>Erh\u00f6hte St\u00e4rke:<\/strong> Geschwei\u00dfte T-Zylinder zeichnen sich durch ihre hohe Festigkeit aus und eignen sich daher f\u00fcr Anwendungen, bei denen schwere Lasten gehoben werden m\u00fcssen. Das bei der Herstellung dieser Zylinder verwendete Schwei\u00dfverfahren stellt sicher, dass der Zylinder keine Schwachstellen aufweist und hohem Druck und hoher Belastung standh\u00e4lt.<\/li>\n<\/ul>\n<\/li>\n<\/ul>\n<p>Wenn Druck auf den Zylinder ausge\u00fcbt wird, verteilt sich dieser gleichm\u00e4\u00dfig \u00fcber die gesamte Oberfl\u00e4che und macht ihn so verformungsbest\u00e4ndig. Diese Eigenschaft stellt sicher, dass der Zylinder auch unter extremen Bedingungen seine Form und strukturelle Integrit\u00e4t beh\u00e4lt.<\/p>\n<ul>\n<li style=\"list-style-type: none;\">\n<ul>\n<li><strong>Leckageschutz:<\/strong> Geschwei\u00dfte T-Flaschen verhindern Leckagen. Das Schwei\u00dfverfahren bei der Herstellung gew\u00e4hrleistet die vollst\u00e4ndige Abdichtung des Zylinders und verhindert m\u00f6gliche Leckagen. Dadurch eignen sie sich f\u00fcr Anwendungen, bei denen Leckagen schwere Sch\u00e4den oder Verletzungen verursachen k\u00f6nnen.<\/li>\n<\/ul>\n<\/li>\n<\/ul>\n<p>Die Schwei\u00dfverbindungen sind glatt und weisen keine Spalten oder Rillen auf, in denen sich Ablagerungen oder Schmutz ansammeln k\u00f6nnen. Dadurch wird das Risiko von Korrosion und Besch\u00e4digung des Zylinders verringert.<\/p>\n<ul>\n<li style=\"list-style-type: none;\">\n<ul>\n<li><strong>Anpassbar:<\/strong> Geschwei\u00dfte T-Zylinder k\u00f6nnen an spezifische Anwendungen angepasst werden. Die Zylinder sind in verschiedenen Gr\u00f6\u00dfen und Formen erh\u00e4ltlich und k\u00f6nnen so gefertigt werden, dass sie den spezifischen Anforderungen der Anwendung entsprechen.<\/li>\n<\/ul>\n<\/li>\n<\/ul>\n<p>Durch die individuelle Anpassung kann die Leistung des Zylinders optimiert und sichergestellt werden, dass er f\u00fcr die vorgesehene Anwendung geeignet ist. Dadurch eignen sich geschwei\u00dfte T-Zylinder ideal f\u00fcr den Einsatz in verschiedenen industriellen Anwendungen, darunter im Baugewerbe, im Bergbau und in der Materialhandhabung.<\/p>\n<ul>\n<li style=\"list-style-type: none;\">\n<ul>\n<li><strong>Kosteng\u00fcnstig:<\/strong> Geschwei\u00dfte T-Zylinder sind im Vergleich zu anderen Zylindertypen kosteng\u00fcnstig. Der Herstellungsprozess dieser Zylinder ist einfach und daher weniger kostspielig als bei anderen Zylindertypen.<\/li>\n<\/ul>\n<\/li>\n<\/ul>\n<p>Dar\u00fcber hinaus reduzieren die hohe Festigkeit und Langlebigkeit geschwei\u00dfter T-Zylinder den Bedarf an h\u00e4ufigen Reparaturen und Austauschvorg\u00e4ngen und senken so die Wartungskosten. Diese Eigenschaft macht sie zu einer beliebten Wahl f\u00fcr viele Branchen, insbesondere f\u00fcr diejenigen mit begrenztem Budget.<\/p>\n<ul>\n<li style=\"list-style-type: none;\">\n<ul>\n<li><strong>Erh\u00f6hte Effizienz:<\/strong> Geschwei\u00dfte T-Zylinder sind hocheffizient und effektiv. Die Konstruktion des Zylinders sorgt daf\u00fcr, dass die aufgebrachte Kraft direkt auf die Last \u00fcbertragen wird, wodurch Energieverluste reduziert und die Effizienz gesteigert werden.<\/li>\n<\/ul>\n<\/li>\n<\/ul>\n<p>Die Schwei\u00dfverbindungen sind stark und steif, minimieren die Durchbiegung und gew\u00e4hrleisten, dass der Zylinder auch unter extremen Bedingungen seine Form und strukturelle Integrit\u00e4t beh\u00e4lt. Diese Eigenschaft macht geschwei\u00dfte T-Zylinder ideal f\u00fcr Anwendungen, die hohe Effizienz und Zuverl\u00e4ssigkeit erfordern.<\/p>\n<h2>Anwendung von geschwei\u00dften T-Typ-Zylindern<\/h2>\n<ul>\n<li>\n<h3>Industrielle Maschinen und Anlagen<\/h3>\n<p>Geschwei\u00dfte T-Zylinder werden h\u00e4ufig in Industriemaschinen und -anlagen, insbesondere in Hydrauliksystemen, eingesetzt. Der Zylinder besteht aus einem Kolben und einem Zylinderrohr, die zu einer Einheit verschwei\u00dft sind. Diese Konstruktion bietet gegen\u00fcber anderen Zylindertypen mehrere Vorteile, wie z. B. verbesserte Haltbarkeit, h\u00f6here Festigkeit und h\u00f6here Pr\u00e4zision.<\/p>\n<p>Eine der wichtigsten Anwendungen von geschwei\u00dften T-Zylindern in Industriemaschinen ist ihre F\u00e4higkeit, eine konstante und pr\u00e4zise Kraft zu liefern. Dies ist f\u00fcr viele Fertigungsprozesse unerl\u00e4sslich, bei denen eine pr\u00e4zise Steuerung erforderlich ist, um die Qualit\u00e4t des Endprodukts sicherzustellen. Geschwei\u00dfte T-Zylinder k\u00f6nnen auch zur Regulierung des Fl\u00fcssigkeitsflusses in Hydrauliksystemen eingesetzt werden und sorgen so f\u00fcr mehr Effizienz und Zuverl\u00e4ssigkeit in einer Vielzahl von Industrieanwendungen.<\/li>\n<li>\n<h3>Landwirtschaftliche Ger\u00e4te<\/h3>\n<p>Geschwei\u00dfte T-Zylinder werden auch h\u00e4ufig in landwirtschaftlichen Ger\u00e4ten wie Traktoren und Erntemaschinen eingesetzt. Diese Maschinen ben\u00f6tigen leistungsstarke und zuverl\u00e4ssige Hydrauliksysteme, um effektiv zu funktionieren. Geschwei\u00dfte T-Zylinder sind hierf\u00fcr die ideale Wahl.<\/p>\n<p>Die robuste Konstruktion und hohe Festigkeit des Zylinders machen ihn selbst unter rauen Betriebsbedingungen \u00e4u\u00dferst verschlei\u00dffest. Dies macht ihn zur idealen Wahl f\u00fcr den Einsatz in landwirtschaftlichen Ger\u00e4ten, bei denen Langlebigkeit ein entscheidender Faktor ist. Geschwei\u00dfte T-Zylinder erm\u00f6glichen auch die pr\u00e4zise Steuerung vieler landwirtschaftlicher Prozesse wie Pflanzung, Ernte und Bew\u00e4sserung.<\/li>\n<li>\n<h3>Baumaschinen<\/h3>\n<p>Geschwei\u00dfte T-Zylinder werden auch h\u00e4ufig in Baumaschinen wie Baggern, Baggerladern und Bulldozern eingesetzt. Diese Maschinen ben\u00f6tigen leistungsstarke und zuverl\u00e4ssige Hydrauliksysteme, um schwere Aufgaben wie Graben, Heben und Schieben schwerer Lasten zu erf\u00fcllen.<\/p>\n<p>Die hohe Festigkeit und Langlebigkeit des geschwei\u00dften T-Zylinders machen ihn zur idealen Wahl f\u00fcr den Einsatz in Baumaschinen. Seine F\u00e4higkeit, pr\u00e4zise Steuerung und konstante Kraft zu gew\u00e4hrleisten, ist f\u00fcr viele Bauprozesse wie Aushub, Planierung und Stra\u00dfenbau unerl\u00e4sslich. Geschwei\u00dfte T-Zylinder k\u00f6nnen auch zur Regulierung des Fl\u00fcssigkeitsflusses in Hydrauliksystemen eingesetzt werden und verbessern so die Effizienz und Zuverl\u00e4ssigkeit von Baumaschinen in einer Vielzahl von Anwendungen.<\/li>\n<\/ul>\n<h3>\u00dcber FMP<\/h3>\n<p>FMP verf\u00fcgt \u00fcber mehr als 30 Jahre Erfahrung in der Herstellung hochwertiger Hydraulikzylinder, die individuell an Ihre Bed\u00fcrfnisse angepasst werden k\u00f6nnen. Unser Produktionsstandort befindet sich in Italien und ist mit \u00fcber 100 Maschinen ausgestattet, darunter automatische Schutzgasschwei\u00dfanlagen, Tieflochbohrmaschinen, CNC-Drehmaschinen, Rundschleifmaschinen, automatische Reinigungs- und Montageanlagen, automatische Pr\u00fcfst\u00e4nde f\u00fcr Hydraulikzylinder und automatische Lackieranlagen.<\/p>\n<p>Unsere Hydraulikzylinder werden aus hochwertigen Materialien gefertigt und durchlaufen strenge Bearbeitungs- und Pr\u00fcfverfahren, um ihre hohe Qualit\u00e4t zu gew\u00e4hrleisten. Wir bieten ein umfassendes Sortiment an Hydraulikzylindern, darunter Ohrring-Hydraulikzylinder, bidirektionale automatische Teleskop-Hydraulikzylinder und viele weitere Modelle.<\/p>\n<h4>Vorteile der Wahl von FMP-Hydraulikzylindern:<\/h4>\n<ul>\n<li><strong>Design-Service:<\/strong> Unser erfahrenes Designteam bietet Ihnen universelle Dienstleistungen im Bereich Wellenproduktentwicklung und unterst\u00fctzt Sie bei der Entwicklung neuer Produkte oder der Verbesserung bestehender Produkte, um Ihre Bed\u00fcrfnisse zu erf\u00fcllen.<\/li>\n<li><strong>Produktservice:<\/strong> Unsere Produkte durchlaufen einen strengen Prozess, der die Auswahl der Rohmaterialien, das Zuschneiden, die Vorbearbeitung, die Pr\u00fcfung, die Reinigung, die Montage, die Verpackung und den Transport umfasst, um sicherzustellen, dass wir unseren Kunden qualitativ hochwertige Produkte liefern.<\/li>\n<li><strong>Beispielprozess:<\/strong> Wir k\u00f6nnen Muster nach Ihren Vorgaben entwickeln und diese fortlaufend an Ihre Bed\u00fcrfnisse anpassen.<\/li>\n<li><strong>Forschung und Entwicklung:<\/strong> Wir behalten die neuesten Markttrends und Kundenbed\u00fcrfnisse im Blick und entwickeln neue Modelle, um den sich \u00e4ndernden Anforderungen des Marktes gerecht zu werden.<\/li>\n<li><strong>Hochwertige Produkte:<\/strong> Unsere Hydraulikzylinder werden aus hochwertigen Materialien gefertigt und durchlaufen strenge Verarbeitungs- und Pr\u00fcfverfahren, um ihre hohe Qualit\u00e4t zu gew\u00e4hrleisten und sicherzustellen, dass sie Ihre Bed\u00fcrfnisse erf\u00fcllen und Ihre Erwartungen \u00fcbertreffen.<\/li>\n<\/ul>\n<p>Wir bei FMP haben uns der Bereitstellung hochwertiger Hydraulikzylinder verschrieben, die die Bed\u00fcrfnisse unserer Kunden erf\u00fcllen und ihre Erwartungen \u00fcbertreffen. Kontaktieren Sie uns noch heute, um zu erfahren, wie wir Sie unterst\u00fctzen k\u00f6nnen.<\/p>\n<p><img decoding=\"async\" src=\"https:\/\/fmp-components.com\/wp-content\/uploads\/2024\/12\/fmp-factory-4.webp\" alt=\"FMP-Fabrik\" width=\"800\" title=\"\"><\/p>\n<h2>FAQs<\/h2>\n<p><b>Frage 1: Wie lange ist die Lebensdauer der FMP-Hydraulikzylinder?<\/b><\/p>\n<p>A1: Die Lebensdauer h\u00e4ngt von der Nutzung und der Pflege ab. Bei sachgem\u00e4\u00dfer Pflege k\u00f6nnen sie mehrere Jahre halten.<\/p>\n<p><b>Frage 2: Wie oft sollte ich das Hydraulik\u00f6l wechseln?<\/b><\/p>\n<p>A2: Es wird empfohlen, das Hydraulik\u00f6l nach jeweils 1000 Betriebsstunden oder gem\u00e4\u00df den Anweisungen des Herstellers zu wechseln.<\/p>\n<p><b>F3: Wie kann ich meinen Hydraulikzylinder messen?<\/b><\/p>\n<p>A3: Um die Gr\u00f6\u00dfe zu bestimmen, k\u00f6nnen Sie die Zylinderbohrung, den Pleueldurchmesser und die Hubl\u00e4nge messen.<\/p>\n<p><b>Frage 4: Welche Wartungsarbeiten sind am Hydraulikzylinder erforderlich?<\/b><\/p>\n<p>A4: Regelm\u00e4\u00dfiges Reinigen und \u00d6len kann dazu beitragen, die Leistungsf\u00e4higkeit und Lebensdauer des Zylinders zu erhalten.<\/p>\n<p><b>Frage 5: Wo werden die Hydraulikzylinder von FMP hergestellt?<\/b><\/p>\n<p>A5: Unsere Hydraulikzylinder werden in unserer hochmodernen Produktionsst\u00e4tte in Italien gefertigt.<\/p>\n<p>Autor: CX<\/p>","protected":false},"excerpt":{"rendered":"<p>The 10030 High Quality Tractor Cylinders are engineered for superior performance in agricultural applications, providing reliable and efficient hydraulic action for tractors. This double-acting hydraulic cylinder is designed to enhance the functionality and effectiveness of your farming equipment. Key Features: Double Acting Mechanism: Enables powerful operation in both extension and retraction, allowing for precise control [&hellip;]<\/p>","protected":false},"featured_media":1132,"comment_status":"closed","ping_status":"closed","template":"","meta":{"_et_pb_use_builder":"","_et_pb_old_content":"","_et_gb_content_width":""},"product_brand":[],"product_cat":[31],"product_tag":[34,35],"class_list":{"0":"post-950","1":"product","2":"type-product","3":"status-publish","4":"has-post-thumbnail","6":"product_cat-welded-tee-type-cylinder","7":"product_tag-hydraulic-cylinder","8":"product_tag-welded-tee-type-cylinder","10":"first","11":"instock","12":"product-type-simple"},"_links":{"self":[{"href":"https:\/\/fmp-components.com\/de\/wp-json\/wp\/v2\/product\/950","targetHints":{"allow":["GET"]}}],"collection":[{"href":"https:\/\/fmp-components.com\/de\/wp-json\/wp\/v2\/product"}],"about":[{"href":"https:\/\/fmp-components.com\/de\/wp-json\/wp\/v2\/types\/product"}],"replies":[{"embeddable":true,"href":"https:\/\/fmp-components.com\/de\/wp-json\/wp\/v2\/comments?post=950"}],"wp:featuredmedia":[{"embeddable":true,"href":"https:\/\/fmp-components.com\/de\/wp-json\/wp\/v2\/media\/1132"}],"wp:attachment":[{"href":"https:\/\/fmp-components.com\/de\/wp-json\/wp\/v2\/media?parent=950"}],"wp:term":[{"taxonomy":"product_brand","embeddable":true,"href":"https:\/\/fmp-components.com\/de\/wp-json\/wp\/v2\/product_brand?post=950"},{"taxonomy":"product_cat","embeddable":true,"href":"https:\/\/fmp-components.com\/de\/wp-json\/wp\/v2\/product_cat?post=950"},{"taxonomy":"product_tag","embeddable":true,"href":"https:\/\/fmp-components.com\/de\/wp-json\/wp\/v2\/product_tag?post=950"}],"curies":[{"name":"wp","href":"https:\/\/api.w.org\/{rel}","templated":true}]}}