{"id":949,"date":"2024-12-19T03:39:43","date_gmt":"2024-12-19T03:39:43","guid":{"rendered":"https:\/\/fmp-components.com\/product\/10029-customized-mini-welded-hydraulic-cylinders-for-agricultural-machinery\/"},"modified":"2024-12-19T08:44:05","modified_gmt":"2024-12-19T08:44:05","slug":"10029-customized-mini-welded-hydraulic-cylinders-for-agricultural-machinery","status":"publish","type":"product","link":"https:\/\/fmp-components.com\/de\/product\/10029-customized-mini-welded-hydraulic-cylinders-for-agricultural-machinery\/","title":{"rendered":"10029 Kundenspezifische geschwei\u00dfte Mini-Hydraulikzylinder f\u00fcr Landmaschinen"},"content":{"rendered":"<p>Die kundenspezifischen geschwei\u00dften Mini-Hydraulikzylinder 10029 wurden speziell f\u00fcr Landmaschinen entwickelt und bieten eine kompakte und leistungsstarke L\u00f6sung f\u00fcr verschiedene landwirtschaftliche Anwendungen. Diese Hydraulikzylinder bieten au\u00dfergew\u00f6hnliche Leistung und Langlebigkeit und eignen sich daher ideal f\u00fcr den Einsatz in engen R\u00e4umen und anspruchsvollen Umgebungen.<\/p>\n<h4>Hauptmerkmale:<\/h4>\n<ul>\n<li><strong>Kundenspezifisches Design<\/strong>: Auf spezifische Anforderungen zugeschnitten, wodurch die Kompatibilit\u00e4t mit einer breiten Palette landwirtschaftlicher Ger\u00e4te gew\u00e4hrleistet wird.<\/li>\n<li><strong>Miniaturgr\u00f6\u00dfe<\/strong>: Das kompakte Design erm\u00f6glicht die Installation in begrenzten R\u00e4umen ohne Einbu\u00dfen bei Leistung oder Performance.<\/li>\n<li><strong>Schwei\u00dfkonstruktion<\/strong>: Robuste Schwei\u00dfkonstruktion f\u00fcr verbesserte Festigkeit und Zuverl\u00e4ssigkeit, geeignet f\u00fcr den Schwerlasteinsatz.<\/li>\n<li><strong>Korrosionsbest\u00e4ndige Beschichtung<\/strong>: Mit Schutzlacken behandelt, um Rost und Korrosion zu verhindern und so eine lange Lebensdauer im Au\u00dfenbereich zu gew\u00e4hrleisten.<\/li>\n<li><strong>Einfache Integration<\/strong>: Konzipiert f\u00fcr den unkomplizierten Einbau in verschiedene Landmaschinen, was eine schnelle Einrichtung und minimale Ausfallzeiten erm\u00f6glicht.<\/li>\n<\/ul>\n<p><img decoding=\"async\" src=\"https:\/\/hzpt.com\/wp-content\/uploads\/2023\/12\/random-2.webp\" alt=\"\" title=\"\"><\/p>\n<h4>Vorteile:<\/h4>\n<ul>\n<li><strong>Verbesserte Effizienz<\/strong>: Optimiert die Leistung landwirtschaftlicher Maschinen und sorgt f\u00fcr eine gleichm\u00e4\u00dfige und leistungsstarke Hydraulikwirkung.<\/li>\n<li><strong>Vielseitige Einsatzm\u00f6glichkeiten<\/strong>: Ideal f\u00fcr eine Vielzahl von Aufgaben, einschlie\u00dflich Heben, Schieben und Ziehen in landwirtschaftlichen Betrieben.<\/li>\n<li><strong>Geringerer Wartungsaufwand<\/strong>: Die langlebige Konstruktion minimiert den Verschlei\u00df und f\u00fchrt im Laufe der Zeit zu geringeren Wartungskosten.<\/li>\n<\/ul>\n<p>Die kundenspezifischen geschwei\u00dften Mini-Hydraulikzylinder 10029 sind eine unverzichtbare Komponente f\u00fcr moderne Landmaschinen und bieten zuverl\u00e4ssige Leistung und Effizienz in einem kompakten Paket. Ihre robuste Konstruktion und die Anpassungsm\u00f6glichkeiten machen sie zu einer wertvollen Erg\u00e4nzung f\u00fcr jeden landwirtschaftlichen Betrieb.<\/p>\n<p>&nbsp;<\/p>\n<p><img decoding=\"async\" class=\"aligncenter\" src=\"https:\/\/hzpt.com\/wp-content\/uploads\/2023\/12\/random-3.webp\" alt=\"\" title=\"\"><\/p>\n<p><!-- Add 5 Q&A here --><\/p>\n<h2>Vorteile des geschwei\u00dften T-Typ-Zylinders<\/h2>\n<ul>\n<li style=\"list-style-type: none;\">\n<ul>\n<li><strong>Erh\u00f6hte St\u00e4rke:<\/strong> Geschwei\u00dfte T-Zylinder zeichnen sich durch ihre hohe Festigkeit aus und eignen sich daher f\u00fcr Anwendungen, bei denen schwere Lasten gehoben werden m\u00fcssen. Das bei der Herstellung dieser Zylinder verwendete Schwei\u00dfverfahren stellt sicher, dass der Zylinder keine Schwachstellen aufweist und hohem Druck und hoher Belastung standh\u00e4lt.<\/li>\n<\/ul>\n<\/li>\n<\/ul>\n<p>Wenn Druck auf den Zylinder ausge\u00fcbt wird, verteilt sich dieser gleichm\u00e4\u00dfig \u00fcber die gesamte Oberfl\u00e4che und macht ihn so verformungsbest\u00e4ndig. Diese Eigenschaft stellt sicher, dass der Zylinder auch unter extremen Bedingungen seine Form und strukturelle Integrit\u00e4t beh\u00e4lt.<\/p>\n<ul>\n<li style=\"list-style-type: none;\">\n<ul>\n<li><strong>Leckageschutz:<\/strong> Geschwei\u00dfte T-Flaschen verhindern Leckagen. Das Schwei\u00dfverfahren bei der Herstellung gew\u00e4hrleistet die vollst\u00e4ndige Abdichtung des Zylinders und verhindert m\u00f6gliche Leckagen. Dadurch eignen sie sich f\u00fcr Anwendungen, bei denen Leckagen schwere Sch\u00e4den oder Verletzungen verursachen k\u00f6nnen.<\/li>\n<\/ul>\n<\/li>\n<\/ul>\n<p>Die Schwei\u00dfverbindungen sind glatt und weisen keine Spalten oder Rillen auf, in denen sich Ablagerungen oder Schmutz ansammeln k\u00f6nnen. Dadurch wird das Risiko von Korrosion und Besch\u00e4digung des Zylinders verringert.<\/p>\n<ul>\n<li style=\"list-style-type: none;\">\n<ul>\n<li><strong>Anpassbar:<\/strong> Geschwei\u00dfte T-Zylinder k\u00f6nnen an spezifische Anwendungen angepasst werden. Die Zylinder sind in verschiedenen Gr\u00f6\u00dfen und Formen erh\u00e4ltlich und k\u00f6nnen so gefertigt werden, dass sie den spezifischen Anforderungen der Anwendung entsprechen.<\/li>\n<\/ul>\n<\/li>\n<\/ul>\n<p>Durch die individuelle Anpassung kann die Leistung des Zylinders optimiert und sichergestellt werden, dass er f\u00fcr die vorgesehene Anwendung geeignet ist. Dadurch eignen sich geschwei\u00dfte T-Zylinder ideal f\u00fcr den Einsatz in verschiedenen industriellen Anwendungen, darunter im Baugewerbe, im Bergbau und in der Materialhandhabung.<\/p>\n<ul>\n<li style=\"list-style-type: none;\">\n<ul>\n<li><strong>Kosteng\u00fcnstig:<\/strong> Geschwei\u00dfte T-Zylinder sind im Vergleich zu anderen Zylindertypen kosteng\u00fcnstig. Der Herstellungsprozess dieser Zylinder ist einfach und daher weniger kostspielig als bei anderen Zylindertypen.<\/li>\n<\/ul>\n<\/li>\n<\/ul>\n<p>Dar\u00fcber hinaus reduzieren die hohe Festigkeit und Langlebigkeit geschwei\u00dfter T-Zylinder den Bedarf an h\u00e4ufigen Reparaturen und Austauschvorg\u00e4ngen und senken so die Wartungskosten. Diese Eigenschaft macht sie zu einer beliebten Wahl f\u00fcr viele Branchen, insbesondere f\u00fcr diejenigen mit begrenztem Budget.<\/p>\n<ul>\n<li style=\"list-style-type: none;\">\n<ul>\n<li><strong>Erh\u00f6hte Effizienz:<\/strong> Geschwei\u00dfte T-Zylinder sind hocheffizient und effektiv. Die Konstruktion des Zylinders sorgt daf\u00fcr, dass die aufgebrachte Kraft direkt auf die Last \u00fcbertragen wird, wodurch Energieverluste reduziert und die Effizienz gesteigert werden.<\/li>\n<\/ul>\n<\/li>\n<\/ul>\n<p>Die Schwei\u00dfverbindungen sind stark und steif, minimieren die Durchbiegung und gew\u00e4hrleisten, dass der Zylinder auch unter extremen Bedingungen seine Form und strukturelle Integrit\u00e4t beh\u00e4lt. Diese Eigenschaft macht geschwei\u00dfte T-Zylinder ideal f\u00fcr Anwendungen, die hohe Effizienz und Zuverl\u00e4ssigkeit erfordern.<\/p>\n<h2>Anwendung von geschwei\u00dften T-Typ-Zylindern<\/h2>\n<ul>\n<li>\n<h3>Industrielle Maschinen und Anlagen<\/h3>\n<p>Geschwei\u00dfte T-Zylinder werden h\u00e4ufig in Industriemaschinen und -anlagen, insbesondere in Hydrauliksystemen, eingesetzt. Der Zylinder besteht aus einem Kolben und einem Zylinderrohr, die zu einer Einheit verschwei\u00dft sind. Diese Konstruktion bietet gegen\u00fcber anderen Zylindertypen mehrere Vorteile, wie z. B. verbesserte Haltbarkeit, h\u00f6here Festigkeit und h\u00f6here Pr\u00e4zision.<\/p>\n<p>Eine der wichtigsten Anwendungen von geschwei\u00dften T-Zylindern in Industriemaschinen ist ihre F\u00e4higkeit, eine konstante und pr\u00e4zise Kraft zu liefern. Dies ist f\u00fcr viele Fertigungsprozesse unerl\u00e4sslich, bei denen eine pr\u00e4zise Steuerung erforderlich ist, um die Qualit\u00e4t des Endprodukts sicherzustellen. Geschwei\u00dfte T-Zylinder k\u00f6nnen auch zur Regulierung des Fl\u00fcssigkeitsflusses in Hydrauliksystemen eingesetzt werden und sorgen so f\u00fcr mehr Effizienz und Zuverl\u00e4ssigkeit in einer Vielzahl von Industrieanwendungen.<\/li>\n<li>\n<h3>Landwirtschaftliche Ger\u00e4te<\/h3>\n<p>Geschwei\u00dfte T-Zylinder werden auch h\u00e4ufig in landwirtschaftlichen Ger\u00e4ten wie Traktoren und Erntemaschinen eingesetzt. Diese Maschinen ben\u00f6tigen leistungsstarke und zuverl\u00e4ssige Hydrauliksysteme, um effektiv zu funktionieren. Geschwei\u00dfte T-Zylinder sind hierf\u00fcr die ideale Wahl.<\/p>\n<p>Die robuste Konstruktion und hohe Festigkeit des Zylinders machen ihn selbst unter rauen Betriebsbedingungen \u00e4u\u00dferst verschlei\u00dffest. Dies macht ihn zur idealen Wahl f\u00fcr den Einsatz in landwirtschaftlichen Ger\u00e4ten, bei denen Langlebigkeit ein entscheidender Faktor ist. Geschwei\u00dfte T-Zylinder erm\u00f6glichen auch die pr\u00e4zise Steuerung vieler landwirtschaftlicher Prozesse wie Pflanzung, Ernte und Bew\u00e4sserung.<\/li>\n<li>\n<h3>Baumaschinen<\/h3>\n<p>Geschwei\u00dfte T-Zylinder werden auch h\u00e4ufig in Baumaschinen wie Baggern, Baggerladern und Bulldozern eingesetzt. Diese Maschinen ben\u00f6tigen leistungsstarke und zuverl\u00e4ssige Hydrauliksysteme, um schwere Aufgaben wie Graben, Heben und Schieben schwerer Lasten zu erf\u00fcllen.<\/p>\n<p>Die hohe Festigkeit und Langlebigkeit des geschwei\u00dften T-Zylinders machen ihn zur idealen Wahl f\u00fcr den Einsatz in Baumaschinen. Seine F\u00e4higkeit, pr\u00e4zise Steuerung und konstante Kraft zu gew\u00e4hrleisten, ist f\u00fcr viele Bauprozesse wie Aushub, Planierung und Stra\u00dfenbau unerl\u00e4sslich. Geschwei\u00dfte T-Zylinder k\u00f6nnen auch zur Regulierung des Fl\u00fcssigkeitsflusses in Hydrauliksystemen eingesetzt werden und verbessern so die Effizienz und Zuverl\u00e4ssigkeit von Baumaschinen in einer Vielzahl von Anwendungen.<\/li>\n<\/ul>\n<h3>\u00dcber FMP<\/h3>\n<p>FMP ist ein f\u00fchrender Hersteller und Lieferant von Hydraulikzylindern mit \u00fcber 30 Jahren Branchenerfahrung. Unser hochmodernes Industriegel\u00e4nde in Italien beherbergt mehr als 100 Spitzenger\u00e4te, darunter automatische Schutzgasschwei\u00dfmaschinen, Tieflochbohrmaschinen, CNC-Drehmaschinen, Rundschleifmaschinen, automatische Reinigungsmaschinen, automatische Installationsmaschinen, automatische Leistungspr\u00fcfst\u00e4nde f\u00fcr Hydraulikzylinder und automatische Lackierstra\u00dfen.<\/p>\n<p>Unsere Hydraulikzylinder werden sorgf\u00e4ltig verarbeitet und gepr\u00fcft, um unseren Kunden h\u00f6chste Qualit\u00e4t zu gew\u00e4hrleisten. Wir bieten eine breite Produktpalette, darunter Hydraulikzylinder mit Ohrring, bidirektionale automatische Teleskop-Hydraulikzylinder und vieles mehr. Hier sind f\u00fcnf wesentliche Vorteile, die uns auszeichnen:<\/p>\n<p>1) Design-Service: Unser erfahrenes Designteam ist spezialisiert auf die Entwicklung und Konstruktion von Universalwellen. Ob Sie neue Produkte oder Verbesserungen an bestehenden Produkten ben\u00f6tigen, wir unterst\u00fctzen Sie bei jedem Schritt.<\/p>\n<p>2) Produktservice: Unser umfassender Produktservice deckt den gesamten Produktionsprozess ab, von den Rohstoffen \u00fcber den Zuschnitt, die Grobbearbeitung, Pr\u00fcfung, Reinigung, Montage, Verpackung und Transport. Dank unserer akribischen Liebe zum Detail k\u00f6nnen Sie darauf vertrauen, dass unsere Produkte den h\u00f6chsten Qualit\u00e4tsstandards entsprechen.<\/p>\n<p>3) Musterprozess: Wir wissen, wie wichtig ma\u00dfgeschneiderte L\u00f6sungen sind. Unser Team entwickelt Muster nach Ihren individuellen Anforderungen und modifiziert diese kontinuierlich, bis sie perfekt Ihren Bed\u00fcrfnissen entsprechen. Ihre Zufriedenheit ist unsere Priorit\u00e4t.<\/p>\n<p>4) Forschung und Entwicklung: Bei FMP sind wir den Markttrends immer einen Schritt voraus und streben st\u00e4ndig nach Innovation. Neue Marktanforderungen werden proaktiv untersucht und neue Modelle entwickelt, um sicherzustellen, dass unsere Produkte weiterhin f\u00fchrend in der Branche bleiben.<\/p>\n<p>5) Kundenspezifische Anpassung: Wir sind auf die Produktion und den Vertrieb verschiedener Hydraulikzylinder spezialisiert und nehmen gerne Sonderanfertigungen entgegen. Unser Team ist bestrebt, unsere Produkte an Ihre spezifischen Bed\u00fcrfnisse anzupassen und Ihnen zuverl\u00e4ssige und langlebige L\u00f6sungen zu bieten.<\/p>\n<p>Mit FMP entscheiden Sie sich f\u00fcr einen vertrauensw\u00fcrdigen Lieferanten, der Qualit\u00e4t, Innovation und Kundenzufriedenheit in den Vordergrund stellt. Entdecken Sie unser Angebot an Hydraulikzylindern und erleben Sie, wie unsere Produkte und Dienstleistungen Ihr Unternehmen unterst\u00fctzen.<\/p>\n<p><img decoding=\"async\" src=\"https:\/\/fmp-components.com\/wp-content\/uploads\/2024\/12\/fmp-factory-4.webp\" alt=\"FMP-Fabrik\" width=\"800\" title=\"\"><br \/>\nAutor: CX<\/p>","protected":false},"excerpt":{"rendered":"<p>The 10029 Customized Mini Welded Hydraulic Cylinders are specifically designed for agricultural machinery, providing a compact and powerful solution for various farming applications. These hydraulic cylinders offer exceptional performance and durability, making them ideal for use in tight spaces and demanding environments. Key Features: Customized Design: Tailored to meet specific requirements, ensuring compatibility with a [&hellip;]<\/p>","protected":false},"featured_media":1133,"comment_status":"closed","ping_status":"closed","template":"","meta":{"_et_pb_use_builder":"","_et_pb_old_content":"","_et_gb_content_width":""},"product_brand":[],"product_cat":[31],"product_tag":[34,35],"class_list":{"0":"post-949","1":"product","2":"type-product","3":"status-publish","4":"has-post-thumbnail","6":"product_cat-welded-tee-type-cylinder","7":"product_tag-hydraulic-cylinder","8":"product_tag-welded-tee-type-cylinder","10":"first","11":"instock","12":"product-type-simple"},"_links":{"self":[{"href":"https:\/\/fmp-components.com\/de\/wp-json\/wp\/v2\/product\/949","targetHints":{"allow":["GET"]}}],"collection":[{"href":"https:\/\/fmp-components.com\/de\/wp-json\/wp\/v2\/product"}],"about":[{"href":"https:\/\/fmp-components.com\/de\/wp-json\/wp\/v2\/types\/product"}],"replies":[{"embeddable":true,"href":"https:\/\/fmp-components.com\/de\/wp-json\/wp\/v2\/comments?post=949"}],"wp:featuredmedia":[{"embeddable":true,"href":"https:\/\/fmp-components.com\/de\/wp-json\/wp\/v2\/media\/1133"}],"wp:attachment":[{"href":"https:\/\/fmp-components.com\/de\/wp-json\/wp\/v2\/media?parent=949"}],"wp:term":[{"taxonomy":"product_brand","embeddable":true,"href":"https:\/\/fmp-components.com\/de\/wp-json\/wp\/v2\/product_brand?post=949"},{"taxonomy":"product_cat","embeddable":true,"href":"https:\/\/fmp-components.com\/de\/wp-json\/wp\/v2\/product_cat?post=949"},{"taxonomy":"product_tag","embeddable":true,"href":"https:\/\/fmp-components.com\/de\/wp-json\/wp\/v2\/product_tag?post=949"}],"curies":[{"name":"wp","href":"https:\/\/api.w.org\/{rel}","templated":true}]}}