{"id":944,"date":"2024-12-19T03:39:43","date_gmt":"2024-12-19T03:39:43","guid":{"rendered":"https:\/\/fmp-components.com\/product\/high-quality-welded-hydraulic-piston-cylinder-for-agriculture\/"},"modified":"2024-12-19T08:57:21","modified_gmt":"2024-12-19T08:57:21","slug":"high-quality-welded-hydraulic-piston-cylinder-for-agriculture","status":"publish","type":"product","link":"https:\/\/fmp-components.com\/de\/product\/high-quality-welded-hydraulic-piston-cylinder-for-agriculture\/","title":{"rendered":"Hochwertiger geschwei\u00dfter Hydraulikkolbenzylinder f\u00fcr die Landwirtschaft"},"content":{"rendered":"<p>Der hochwertige, geschwei\u00dfte Hydraulikkolbenzylinder wurde speziell f\u00fcr landwirtschaftliche Anwendungen entwickelt und bietet robuste und zuverl\u00e4ssige Leistung auch unter anspruchsvollen Bedingungen. Dieser Zylinder vereint fortschrittliche Technik mit hochwertigen Materialien und gew\u00e4hrleistet so optimale Funktionalit\u00e4t und Langlebigkeit f\u00fcr vielf\u00e4ltige landwirtschaftliche Aufgaben.<\/p>\n<p><img decoding=\"async\" class=\"aligncenter\" src=\"https:\/\/hzpt.com\/wp-content\/uploads\/2023\/12\/random-3.webp\" alt=\"\" title=\"\"><\/p>\n<h4>Hauptmerkmale:<\/h4>\n<ul>\n<li><strong>Schwei\u00dfkonstruktion<\/strong>: Dank hochfester Schwei\u00dfverbindungen wird die strukturelle Integrit\u00e4t erh\u00f6ht und Leckagen verhindert, wodurch es sich ideal f\u00fcr den harten Einsatz in der Landwirtschaft eignet.<\/li>\n<li><strong>Effizienter Betrieb<\/strong>: Konzipiert f\u00fcr eine doppeltwirkende Funktion, die einen reibungslosen Betrieb sowohl beim Aus- als auch beim Einfahren erm\u00f6glicht und somit eine pr\u00e4zise Steuerung gew\u00e4hrleistet.<\/li>\n<li><strong>Korrosionsbest\u00e4ndigkeit<\/strong>Mit Schutzschichten \u00fcberzogen, um Rost und Korrosion zu widerstehen und so Langlebigkeit und zuverl\u00e4ssige Leistung unter Au\u00dfenbedingungen zu gew\u00e4hrleisten.<\/li>\n<li><strong>Vielseitige Einsatzm\u00f6glichkeiten<\/strong>Geeignet f\u00fcr eine breite Palette landwirtschaftlicher Ger\u00e4te, darunter Traktoren, Pfl\u00fcge und Erntemaschinen, ist es eine vielseitige L\u00f6sung f\u00fcr Landwirte.<\/li>\n<li><strong>Einfache Installation<\/strong>: Konzipiert f\u00fcr die nahtlose Integration in bestehende Maschinen, um Ausfallzeiten zu minimieren und die betriebliche Effizienz zu steigern.<\/li>\n<\/ul>\n<h4>Vorteile:<\/h4>\n<ul>\n<li><strong>Erh\u00f6hte Effizienz<\/strong>: Optimiert die Leistung landwirtschaftlicher Maschinen und erm\u00f6glicht effektives Heben, Schieben und Ziehen.<\/li>\n<li><strong>Haltbarkeit<\/strong>: Konstruiert, um rauen landwirtschaftlichen Bedingungen standzuhalten, wodurch der Wartungsaufwand reduziert und die Lebensdauer verl\u00e4ngert wird.<\/li>\n<li><strong>Kosteneffiziente Leistung<\/strong>Bietet hohe Zuverl\u00e4ssigkeit und Leistung zu einem wettbewerbsf\u00e4higen Preis und gew\u00e4hrleistet so ein ausgezeichnetes Preis-Leistungs-Verh\u00e4ltnis.<\/li>\n<\/ul>\n<p>Der hochwertige, geschwei\u00dfte Hydraulikkolbenzylinder ist eine unverzichtbare Komponente f\u00fcr moderne landwirtschaftliche Betriebe und zeichnet sich durch zuverl\u00e4ssige Leistung und Robustheit aus. Seine langlebige Konstruktion und sein vielseitiges Design machen ihn zu einer wertvollen Erg\u00e4nzung f\u00fcr jeden Landmaschinenpark.<\/p>\n<p>Der Hydraulikkolbenzylinder von FMP zeichnet sich durch einzigartige Merkmale aus, die ihn von der Konkurrenz abheben. Er ist energieeffizient, hochwirksam und sicher. Diese Eigenschaften machen ihn zu einer wertvollen Erg\u00e4nzung f\u00fcr jeden landwirtschaftlichen Betrieb.<\/p>\n<p><img decoding=\"async\" class=\"aligncenter\" src=\"https:\/\/hzpt.com\/wp-content\/uploads\/2023\/12\/random-5.webp\" alt=\"\" title=\"\"><\/p>\n<h2>Vorteile des geschwei\u00dften T-Typ-Zylinders<\/h2>\n<ul>\n<li style=\"list-style-type: none;\">\n<ul>\n<li><strong>Erh\u00f6hte St\u00e4rke:<\/strong> Geschwei\u00dfte T-Zylinder zeichnen sich durch ihre hohe Festigkeit aus und eignen sich daher f\u00fcr Anwendungen, bei denen schwere Lasten gehoben werden m\u00fcssen. Das bei der Herstellung dieser Zylinder verwendete Schwei\u00dfverfahren stellt sicher, dass der Zylinder keine Schwachstellen aufweist und hohem Druck und hoher Belastung standh\u00e4lt.<\/li>\n<\/ul>\n<\/li>\n<\/ul>\n<p>Wenn Druck auf den Zylinder ausge\u00fcbt wird, verteilt sich dieser gleichm\u00e4\u00dfig \u00fcber die gesamte Oberfl\u00e4che und macht ihn so verformungsbest\u00e4ndig. Diese Eigenschaft stellt sicher, dass der Zylinder auch unter extremen Bedingungen seine Form und strukturelle Integrit\u00e4t beh\u00e4lt.<\/p>\n<ul>\n<li style=\"list-style-type: none;\">\n<ul>\n<li><strong>Leckageschutz:<\/strong> Geschwei\u00dfte T-Flaschen verhindern Leckagen. Das Schwei\u00dfverfahren bei der Herstellung gew\u00e4hrleistet die vollst\u00e4ndige Abdichtung des Zylinders und verhindert m\u00f6gliche Leckagen. Dadurch eignen sie sich f\u00fcr Anwendungen, bei denen Leckagen schwere Sch\u00e4den oder Verletzungen verursachen k\u00f6nnen.<\/li>\n<\/ul>\n<\/li>\n<\/ul>\n<p>Die Schwei\u00dfverbindungen sind glatt und weisen keine Spalten oder Rillen auf, in denen sich Ablagerungen oder Schmutz ansammeln k\u00f6nnen. Dadurch wird das Risiko von Korrosion und Besch\u00e4digung des Zylinders verringert.<\/p>\n<ul>\n<li style=\"list-style-type: none;\">\n<ul>\n<li><strong>Anpassbar:<\/strong> Geschwei\u00dfte T-Zylinder k\u00f6nnen an spezifische Anwendungen angepasst werden. Die Zylinder sind in verschiedenen Gr\u00f6\u00dfen und Formen erh\u00e4ltlich und k\u00f6nnen so gefertigt werden, dass sie den spezifischen Anforderungen der Anwendung entsprechen.<\/li>\n<\/ul>\n<\/li>\n<\/ul>\n<p>Durch die individuelle Anpassung kann die Leistung des Zylinders optimiert und sichergestellt werden, dass er f\u00fcr die vorgesehene Anwendung geeignet ist. Dadurch eignen sich geschwei\u00dfte T-Zylinder ideal f\u00fcr den Einsatz in verschiedenen industriellen Anwendungen, darunter im Baugewerbe, im Bergbau und in der Materialhandhabung.<\/p>\n<ul>\n<li style=\"list-style-type: none;\">\n<ul>\n<li><strong>Kosteng\u00fcnstig:<\/strong> Geschwei\u00dfte T-Zylinder sind im Vergleich zu anderen Zylindertypen kosteng\u00fcnstig. Der Herstellungsprozess dieser Zylinder ist einfach und daher weniger kostspielig als bei anderen Zylindertypen.<\/li>\n<\/ul>\n<\/li>\n<\/ul>\n<p>Dar\u00fcber hinaus reduzieren die hohe Festigkeit und Langlebigkeit geschwei\u00dfter T-Zylinder den Bedarf an h\u00e4ufigen Reparaturen und Austauschvorg\u00e4ngen und senken so die Wartungskosten. Diese Eigenschaft macht sie zu einer beliebten Wahl f\u00fcr viele Branchen, insbesondere f\u00fcr diejenigen mit begrenztem Budget.<\/p>\n<ul>\n<li style=\"list-style-type: none;\">\n<ul>\n<li><strong>Erh\u00f6hte Effizienz:<\/strong> Geschwei\u00dfte T-Zylinder sind hocheffizient und effektiv. Die Konstruktion des Zylinders sorgt daf\u00fcr, dass die aufgebrachte Kraft direkt auf die Last \u00fcbertragen wird, wodurch Energieverluste reduziert und die Effizienz gesteigert werden.<\/li>\n<\/ul>\n<\/li>\n<\/ul>\n<p>Die Schwei\u00dfverbindungen sind stark und steif, minimieren die Durchbiegung und gew\u00e4hrleisten, dass der Zylinder auch unter extremen Bedingungen seine Form und strukturelle Integrit\u00e4t beh\u00e4lt. Diese Eigenschaft macht geschwei\u00dfte T-Zylinder ideal f\u00fcr Anwendungen, die hohe Effizienz und Zuverl\u00e4ssigkeit erfordern.<\/p>\n<h2>Anwendung von geschwei\u00dften T-Typ-Zylindern<\/h2>\n<ul>\n<li>\n<h3>Industrielle Maschinen und Anlagen<\/h3>\n<p>Geschwei\u00dfte T-Zylinder werden h\u00e4ufig in Industriemaschinen und -anlagen, insbesondere in Hydrauliksystemen, eingesetzt. Der Zylinder besteht aus einem Kolben und einem Zylinderrohr, die zu einer Einheit verschwei\u00dft sind. Diese Konstruktion bietet gegen\u00fcber anderen Zylindertypen mehrere Vorteile, wie z. B. verbesserte Haltbarkeit, h\u00f6here Festigkeit und h\u00f6here Pr\u00e4zision.<\/p>\n<p>Eine der wichtigsten Anwendungen von geschwei\u00dften T-Zylindern in Industriemaschinen ist ihre F\u00e4higkeit, eine konstante und pr\u00e4zise Kraft zu liefern. Dies ist f\u00fcr viele Fertigungsprozesse unerl\u00e4sslich, bei denen eine pr\u00e4zise Steuerung erforderlich ist, um die Qualit\u00e4t des Endprodukts sicherzustellen. Geschwei\u00dfte T-Zylinder k\u00f6nnen auch zur Regulierung des Fl\u00fcssigkeitsflusses in Hydrauliksystemen eingesetzt werden und sorgen so f\u00fcr mehr Effizienz und Zuverl\u00e4ssigkeit in einer Vielzahl von Industrieanwendungen.<\/li>\n<li>\n<h3>Landwirtschaftliche Ger\u00e4te<\/h3>\n<p>Geschwei\u00dfte T-Zylinder werden auch h\u00e4ufig in landwirtschaftlichen Ger\u00e4ten wie Traktoren und Erntemaschinen eingesetzt. Diese Maschinen ben\u00f6tigen leistungsstarke und zuverl\u00e4ssige Hydrauliksysteme, um effektiv zu funktionieren. Geschwei\u00dfte T-Zylinder sind hierf\u00fcr die ideale Wahl.<\/p>\n<p>Die robuste Konstruktion und hohe Festigkeit des Zylinders machen ihn selbst unter rauen Betriebsbedingungen \u00e4u\u00dferst verschlei\u00dffest. Dies macht ihn zur idealen Wahl f\u00fcr den Einsatz in landwirtschaftlichen Ger\u00e4ten, bei denen Langlebigkeit ein entscheidender Faktor ist. Geschwei\u00dfte T-Zylinder erm\u00f6glichen auch die pr\u00e4zise Steuerung vieler landwirtschaftlicher Prozesse wie Pflanzung, Ernte und Bew\u00e4sserung.<\/li>\n<li>\n<h3>Baumaschinen<\/h3>\n<p>Geschwei\u00dfte T-Zylinder werden auch h\u00e4ufig in Baumaschinen wie Baggern, Baggerladern und Bulldozern eingesetzt. Diese Maschinen ben\u00f6tigen leistungsstarke und zuverl\u00e4ssige Hydrauliksysteme, um schwere Aufgaben wie Graben, Heben und Schieben schwerer Lasten zu erf\u00fcllen.<\/p>\n<p>Die hohe Festigkeit und Langlebigkeit des geschwei\u00dften T-Zylinders machen ihn zur idealen Wahl f\u00fcr den Einsatz in Baumaschinen. Seine F\u00e4higkeit, pr\u00e4zise Steuerung und konstante Kraft zu gew\u00e4hrleisten, ist f\u00fcr viele Bauprozesse wie Aushub, Planierung und Stra\u00dfenbau unerl\u00e4sslich. Geschwei\u00dfte T-Zylinder k\u00f6nnen auch zur Regulierung des Fl\u00fcssigkeitsflusses in Hydrauliksystemen eingesetzt werden und verbessern so die Effizienz und Zuverl\u00e4ssigkeit von Baumaschinen in einer Vielzahl von Anwendungen.<\/li>\n<\/ul>\n<h3>\u00dcber FMP<\/h3>\n<p>FMP ist ein f\u00fchrender Hersteller und Lieferant von Hydraulikzylindern mit \u00fcber 30 Jahren Branchenerfahrung. Unser Firmensitz befindet sich in Italien, und unser hochmodernes Industriegebiet beherbergt mehr als 100 fortschrittliche Anlagen. Zu unserem umfangreichen Maschinenpark geh\u00f6ren automatische Schutzgasschwei\u00dfanlagen, Tieflochbohrmaschinen, CNC-Drehmaschinen, Rundschleifmaschinen, automatische Reinigungsmaschinen, automatische Montageanlagen, automatische Pr\u00fcfst\u00e4nde f\u00fcr Hydraulikzylinder und automatische Lackieranlagen.<\/p>\n<p><img decoding=\"async\" src=\"https:\/\/fmp-components.com\/wp-content\/uploads\/2024\/12\/fmp-factory-4.webp\" alt=\"FMP-Fabrik\" width=\"800\" title=\"\"><\/p>\n<p>Wir bei FMP sind stolz darauf, unseren Kunden hochwertige Hydraulikzylinder zu liefern. Jeder Hydraulikzylinder durchl\u00e4uft strenge Bearbeitungs- und Pr\u00fcfverfahren, um h\u00f6chste Qualit\u00e4t zu gew\u00e4hrleisten. Unser Produktsortiment umfasst:<\/p>\n<ol>\n<li style=\"list-style-type: none;\">\n<ol>\n<li>Hydraulikzylinder<\/li>\n<\/ol>\n<\/li>\n<\/ol>\n<p>Unsere Hydraulikzylinder sind f\u00fcr vielf\u00e4ltige industrielle Anforderungen konzipiert. Sie werden sorgf\u00e4ltig gefertigt und auf optimale Leistung und Langlebigkeit gepr\u00fcft.<\/p>\n<ol>\n<li style=\"list-style-type: none;\">\n<ol>\n<li>Hydraulikzylinder Ohrringzylinder<\/li>\n<\/ol>\n<\/li>\n<\/ol>\n<p>Unsere Ohrringzylinder sind speziell f\u00fcr eine effiziente und zuverl\u00e4ssige Leistung in einem breiten Anwendungsbereich konzipiert. Sie werden strengen Tests unterzogen, um ihre Funktionalit\u00e4t und Langlebigkeit zu gew\u00e4hrleisten.<\/p>\n<ol>\n<li style=\"list-style-type: none;\">\n<ol>\n<li>Bidirektionaler automatischer Teleskop-Hydraulikzylinder<\/li>\n<\/ol>\n<\/li>\n<\/ol>\n<p>Unsere bidirektionalen automatischen Teleskop-Hydraulikzylinder gew\u00e4hrleisten einen reibungslosen und pr\u00e4zisen Betrieb. Sie sind f\u00fcr hohe Belastungen ausgelegt und bieten eine hervorragende Steuerung.<\/p>\n<ol>\n<li style=\"list-style-type: none;\">\n<ol>\n<li>Design-Service<\/li>\n<\/ol>\n<\/li>\n<\/ol>\n<p>Unser erfahrenes Designteam unterst\u00fctzt Sie gerne bei der Produktentwicklung. Ob Sie ein neues Produkt ben\u00f6tigen oder bestehende Produkte verbessern m\u00f6chten \u2013 wir sind f\u00fcr Sie da.<\/p>\n<ol>\n<li style=\"list-style-type: none;\">\n<ol>\n<li>Produktservice<\/li>\n<\/ol>\n<\/li>\n<\/ol>\n<p>Von der Beschaffung feinster Rohstoffe bis hin zu Verpackung und Transport gew\u00e4hrleisten wir einen reibungslosen Produktservice. Jeder Schritt, einschlie\u00dflich Zuschnitt, Vorbearbeitung, Pr\u00fcfung, Reinigung und Montage, wird sorgf\u00e4ltig ausgef\u00fchrt, um Produkte h\u00f6chster Qualit\u00e4t zu liefern.<\/p>\n<p>Zus\u00e4tzlich zu diesen Produkten und Dienstleistungen bieten wir Ihnen die Entwicklung von Mustern nach Ihren Vorgaben. Unser engagiertes Team passt Muster fortlaufend an Ihre spezifischen Bed\u00fcrfnisse an. Dar\u00fcber hinaus sind wir stets \u00fcber die neuesten Markttrends informiert und investieren kontinuierlich in Forschung und Entwicklung. So k\u00f6nnen wir neue Marktbed\u00fcrfnisse analysieren und innovative Hydraulikzylindermodelle entwickeln, die den Anforderungen der sich stetig wandelnden Automobilindustrie gerecht werden.<\/p>\n<p>W\u00e4hlen Sie FMP f\u00fcr all Ihre Hydraulikzylinder-Anforderungen. Wir liefern Ihnen erstklassige Produkte und exzellenten Kundenservice. Kontaktieren Sie uns noch heute, um Ihre Anforderungen zu besprechen und uns zu Ihrem zuverl\u00e4ssigen Partner zu machen.<\/p>\n<p>&nbsp;<\/p>\n<h2>FAQs<\/h2>\n<h3>Frage 1: Wie hoch ist die Tragf\u00e4higkeit des Hydraulikkolbenzylinders?<\/h3>\n<p>A: Die Tragf\u00e4higkeit ist in der obigen Produktspezifikationstabelle detailliert aufgef\u00fchrt.<\/p>\n<h3>Frage 2: Wie funktioniert ein hydraulischer Kolbenzylinder?<\/h3>\n<p>A: Der hydraulische Kolbenzylinder arbeitet nach dem Prinzip der Fluidtechnik, bei dem unter Druck stehende Hydraulikfl\u00fcssigkeit zur Erzeugung von Kraft und Bewegung genutzt wird.<\/p>\n<h3>Frage 3: Woran erkenne ich, wann ich das Hydraulik\u00f6l und die Dichtungen austauschen muss?<\/h3>\n<p>A: FMP bietet detaillierte Anleitungen, wann und wie das Hydraulik\u00f6l und die Dichtungen ausgetauscht werden m\u00fcssen.<\/p>\n<h3>Frage 4: Kann ich meinen Hydraulikkolbenzylinder individuell anpassen?<\/h3>\n<p>A: Ja, FMP begr\u00fc\u00dft kundenspezifische Anpassungen anhand von Zeichnungen oder Mustern, die vom Kunden bereitgestellt werden.<\/p>\n<h3>Frage 5: Welche Art von Unterst\u00fctzung kann ich nach dem Kauf von FMP erwarten?<\/h3>\n<p>A: FMP bietet umfassende Anleitungen zu Installation, Wartung und Reparatur und gew\u00e4hrleistet so die optimale Leistung Ihres Hydraulikkolbenzylinders.<\/p>\n<p>Autor: CX<\/p>","protected":false},"excerpt":{"rendered":"<p>The High Quality Welded Hydraulic Piston Cylinder is specifically designed for agricultural applications, providing robust and reliable performance in demanding environments. This cylinder combines advanced engineering with high-quality materials, ensuring optimal functionality and durability for various farming tasks. Key Features: Welded Construction: Engineered with high-strength welded joints to enhance structural integrity and prevent leaks, making [&hellip;]<\/p>","protected":false},"featured_media":1132,"comment_status":"closed","ping_status":"closed","template":"","meta":{"_et_pb_use_builder":"","_et_pb_old_content":"","_et_gb_content_width":""},"product_brand":[],"product_cat":[31],"product_tag":[34,35],"class_list":{"0":"post-944","1":"product","2":"type-product","3":"status-publish","4":"has-post-thumbnail","6":"product_cat-welded-tee-type-cylinder","7":"product_tag-hydraulic-cylinder","8":"product_tag-welded-tee-type-cylinder","10":"first","11":"instock","12":"product-type-simple"},"_links":{"self":[{"href":"https:\/\/fmp-components.com\/de\/wp-json\/wp\/v2\/product\/944","targetHints":{"allow":["GET"]}}],"collection":[{"href":"https:\/\/fmp-components.com\/de\/wp-json\/wp\/v2\/product"}],"about":[{"href":"https:\/\/fmp-components.com\/de\/wp-json\/wp\/v2\/types\/product"}],"replies":[{"embeddable":true,"href":"https:\/\/fmp-components.com\/de\/wp-json\/wp\/v2\/comments?post=944"}],"wp:featuredmedia":[{"embeddable":true,"href":"https:\/\/fmp-components.com\/de\/wp-json\/wp\/v2\/media\/1132"}],"wp:attachment":[{"href":"https:\/\/fmp-components.com\/de\/wp-json\/wp\/v2\/media?parent=944"}],"wp:term":[{"taxonomy":"product_brand","embeddable":true,"href":"https:\/\/fmp-components.com\/de\/wp-json\/wp\/v2\/product_brand?post=944"},{"taxonomy":"product_cat","embeddable":true,"href":"https:\/\/fmp-components.com\/de\/wp-json\/wp\/v2\/product_cat?post=944"},{"taxonomy":"product_tag","embeddable":true,"href":"https:\/\/fmp-components.com\/de\/wp-json\/wp\/v2\/product_tag?post=944"}],"curies":[{"name":"wp","href":"https:\/\/api.w.org\/{rel}","templated":true}]}}