{"id":943,"date":"2024-12-19T03:39:43","date_gmt":"2024-12-19T03:39:43","guid":{"rendered":"https:\/\/fmp-components.com\/product\/10023-hot-selling-mini-hydraulic-piston-cylinder-tractor-hydraulic-cylinder\/"},"modified":"2024-12-19T08:56:04","modified_gmt":"2024-12-19T08:56:04","slug":"10023-hot-selling-mini-hydraulic-piston-cylinder-tractor-hydraulic-cylinder","status":"publish","type":"product","link":"https:\/\/fmp-components.com\/de\/product\/10023-hot-selling-mini-hydraulic-piston-cylinder-tractor-hydraulic-cylinder\/","title":{"rendered":"10023 Hei\u00dfer Verkauf Mini Hydraulische Kolben Zylinder Traktor Hydraulische Zylinder"},"content":{"rendered":"<p>Der Mini-Hydraulikkolbenzylinder 10023 wurde speziell f\u00fcr Traktoren entwickelt und bietet leistungsstarke Hub- und Schubfunktionen bei kompakter Gr\u00f6\u00dfe. Dieser Hydraulikzylinder eignet sich ideal f\u00fcr verschiedene landwirtschaftliche Aufgaben und ist daher ein Muss f\u00fcr moderne landwirtschaftliche Betriebe.<\/p>\n<h4>Hauptmerkmale:<\/h4>\n<ul>\n<li><strong>Miniatur-Design<\/strong>: Die kompakte Gr\u00f6\u00dfe erm\u00f6glicht eine einfache Integration in kleinere Traktoren und Ger\u00e4te und maximiert die Platzeffizienz ohne Leistungseinbu\u00dfen.<\/li>\n<li><strong>Hochwertige Konstruktion<\/strong>: Hergestellt aus langlebigen Materialien, um Zuverl\u00e4ssigkeit und Langlebigkeit zu gew\u00e4hrleisten und anspruchsvollen landwirtschaftlichen Bedingungen standzuhalten.<\/li>\n<li><strong>Doppeltwirkende Funktionalit\u00e4t<\/strong>: Erm\u00f6glicht einen reibungslosen Betrieb beim Ausfahren und Einfahren und bietet eine pr\u00e4zise Steuerung f\u00fcr vielseitige Anwendungen.<\/li>\n<li><strong>Korrosionsbest\u00e4ndige Beschichtung<\/strong>: Behandelt, um Rost und Korrosion zu verhindern und so Haltbarkeit und gleichbleibende Leistung im Au\u00dfenbereich zu gew\u00e4hrleisten.<\/li>\n<li><strong>Einfache Installation<\/strong>: Entwickelt f\u00fcr eine schnelle und unkomplizierte Integration in vorhandene Traktorsysteme, wodurch Ausfallzeiten minimiert werden.<\/li>\n<\/ul>\n<p><img decoding=\"async\" src=\"https:\/\/hzpt.com\/wp-content\/uploads\/2023\/12\/random-2.webp\" alt=\"\" title=\"\"><\/p>\n<h4>Vorteile:<\/h4>\n<ul>\n<li><strong>Verbesserte Effizienz<\/strong>: Optimiert die Traktorleistung und erm\u00f6glicht effektive Hebe- und Senkvorg\u00e4nge zur Verbesserung der Produktivit\u00e4t auf dem Feld.<\/li>\n<li><strong>Vielseitige Einsatzm\u00f6glichkeiten<\/strong>: Geeignet f\u00fcr eine Vielzahl landwirtschaftlicher Aufgaben, einschlie\u00dflich Pfl\u00fcgen, Heben und andere hydraulische Funktionen.<\/li>\n<li><strong>Kosteng\u00fcnstige L\u00f6sung<\/strong>: Bietet hohe Leistung zu einem erschwinglichen Preis und ist damit eine hervorragende Investition f\u00fcr Landwirte, die ihre Betriebsabl\u00e4ufe verbessern m\u00f6chten.<\/li>\n<\/ul>\n<p>Der beliebte Mini-Hydraulikkolbenzylinder 10023 ist eine unverzichtbare Komponente f\u00fcr Traktoren und bietet zuverl\u00e4ssige Leistung und Effizienz. Sein kompaktes Design und seine robuste Konstruktion machen ihn zu einer wertvollen Erg\u00e4nzung f\u00fcr jedes landwirtschaftliche Ger\u00e4t.<\/p>\n<p>&nbsp;<\/p>\n<p><img decoding=\"async\" src=\"https:\/\/hzpt.com\/wp-content\/uploads\/2023\/12\/random-1.webp?v=1694163707\" alt=\"\" title=\"\"><\/p>\n<h2>Vorteile des geschwei\u00dften T-Typ-Zylinders<\/h2>\n<ul>\n<li style=\"list-style-type: none;\">\n<ul>\n<li><strong>Erh\u00f6hte St\u00e4rke:<\/strong> Geschwei\u00dfte T-Zylinder zeichnen sich durch ihre hohe Festigkeit aus und eignen sich daher f\u00fcr Anwendungen, bei denen schwere Lasten gehoben werden m\u00fcssen. Das bei der Herstellung dieser Zylinder verwendete Schwei\u00dfverfahren stellt sicher, dass der Zylinder keine Schwachstellen aufweist und hohem Druck und hoher Belastung standh\u00e4lt.<\/li>\n<\/ul>\n<\/li>\n<\/ul>\n<p>Wenn Druck auf den Zylinder ausge\u00fcbt wird, verteilt sich dieser gleichm\u00e4\u00dfig \u00fcber die gesamte Oberfl\u00e4che und macht ihn so verformungsbest\u00e4ndig. Diese Eigenschaft stellt sicher, dass der Zylinder auch unter extremen Bedingungen seine Form und strukturelle Integrit\u00e4t beh\u00e4lt.<\/p>\n<ul>\n<li style=\"list-style-type: none;\">\n<ul>\n<li><strong>Leckageschutz:<\/strong> Geschwei\u00dfte T-Flaschen verhindern Leckagen. Das Schwei\u00dfverfahren bei der Herstellung gew\u00e4hrleistet die vollst\u00e4ndige Abdichtung des Zylinders und verhindert m\u00f6gliche Leckagen. Dadurch eignen sie sich f\u00fcr Anwendungen, bei denen Leckagen schwere Sch\u00e4den oder Verletzungen verursachen k\u00f6nnen.<\/li>\n<\/ul>\n<\/li>\n<\/ul>\n<p>Die Schwei\u00dfverbindungen sind glatt und weisen keine Spalten oder Rillen auf, in denen sich Ablagerungen oder Schmutz ansammeln k\u00f6nnen. Dadurch wird das Risiko von Korrosion und Besch\u00e4digung des Zylinders verringert.<\/p>\n<ul>\n<li style=\"list-style-type: none;\">\n<ul>\n<li><strong>Anpassbar:<\/strong> Geschwei\u00dfte T-Zylinder k\u00f6nnen an spezifische Anwendungen angepasst werden. Die Zylinder sind in verschiedenen Gr\u00f6\u00dfen und Formen erh\u00e4ltlich und k\u00f6nnen so gefertigt werden, dass sie den spezifischen Anforderungen der Anwendung entsprechen.<\/li>\n<\/ul>\n<\/li>\n<\/ul>\n<p>Durch die individuelle Anpassung kann die Leistung des Zylinders optimiert und sichergestellt werden, dass er f\u00fcr die vorgesehene Anwendung geeignet ist. Dadurch eignen sich geschwei\u00dfte T-Zylinder ideal f\u00fcr den Einsatz in verschiedenen industriellen Anwendungen, darunter im Baugewerbe, im Bergbau und in der Materialhandhabung.<\/p>\n<ul>\n<li style=\"list-style-type: none;\">\n<ul>\n<li><strong>Kosteng\u00fcnstig:<\/strong> Geschwei\u00dfte T-Zylinder sind im Vergleich zu anderen Zylindertypen kosteng\u00fcnstig. Der Herstellungsprozess dieser Zylinder ist einfach und daher weniger kostspielig als bei anderen Zylindertypen.<\/li>\n<\/ul>\n<\/li>\n<\/ul>\n<p>Dar\u00fcber hinaus reduzieren die hohe Festigkeit und Langlebigkeit geschwei\u00dfter T-Zylinder den Bedarf an h\u00e4ufigen Reparaturen und Austauschvorg\u00e4ngen und senken so die Wartungskosten. Diese Eigenschaft macht sie zu einer beliebten Wahl f\u00fcr viele Branchen, insbesondere f\u00fcr diejenigen mit begrenztem Budget.<\/p>\n<ul>\n<li style=\"list-style-type: none;\">\n<ul>\n<li><strong>Erh\u00f6hte Effizienz:<\/strong> Geschwei\u00dfte T-Zylinder sind hocheffizient und effektiv. Die Konstruktion des Zylinders sorgt daf\u00fcr, dass die aufgebrachte Kraft direkt auf die Last \u00fcbertragen wird, wodurch Energieverluste reduziert und die Effizienz gesteigert werden.<\/li>\n<\/ul>\n<\/li>\n<\/ul>\n<p>Die Schwei\u00dfverbindungen sind stark und steif, minimieren die Durchbiegung und gew\u00e4hrleisten, dass der Zylinder auch unter extremen Bedingungen seine Form und strukturelle Integrit\u00e4t beh\u00e4lt. Diese Eigenschaft macht geschwei\u00dfte T-Zylinder ideal f\u00fcr Anwendungen, die hohe Effizienz und Zuverl\u00e4ssigkeit erfordern.<\/p>\n<h2>Anwendung von geschwei\u00dften T-Typ-Zylindern<\/h2>\n<ul>\n<li>\n<h3>Industrielle Maschinen und Anlagen<\/h3>\n<p>Geschwei\u00dfte T-Zylinder werden h\u00e4ufig in Industriemaschinen und -anlagen, insbesondere in Hydrauliksystemen, eingesetzt. Der Zylinder besteht aus einem Kolben und einem Zylinderrohr, die zu einer Einheit verschwei\u00dft sind. Diese Konstruktion bietet gegen\u00fcber anderen Zylindertypen mehrere Vorteile, wie z. B. verbesserte Haltbarkeit, h\u00f6here Festigkeit und h\u00f6here Pr\u00e4zision.<\/p>\n<p>Eine der wichtigsten Anwendungen von geschwei\u00dften T-Zylindern in Industriemaschinen ist ihre F\u00e4higkeit, eine konstante und pr\u00e4zise Kraft zu liefern. Dies ist f\u00fcr viele Fertigungsprozesse unerl\u00e4sslich, bei denen eine pr\u00e4zise Steuerung erforderlich ist, um die Qualit\u00e4t des Endprodukts sicherzustellen. Geschwei\u00dfte T-Zylinder k\u00f6nnen auch zur Regulierung des Fl\u00fcssigkeitsflusses in Hydrauliksystemen eingesetzt werden und sorgen so f\u00fcr mehr Effizienz und Zuverl\u00e4ssigkeit in einer Vielzahl von Industrieanwendungen.<\/li>\n<li>\n<h3>Landwirtschaftliche Ger\u00e4te<\/h3>\n<p>Geschwei\u00dfte T-Zylinder werden auch h\u00e4ufig in landwirtschaftlichen Ger\u00e4ten wie Traktoren und Erntemaschinen eingesetzt. Diese Maschinen ben\u00f6tigen leistungsstarke und zuverl\u00e4ssige Hydrauliksysteme, um effektiv zu funktionieren. Geschwei\u00dfte T-Zylinder sind hierf\u00fcr die ideale Wahl.<\/p>\n<p>Die robuste Konstruktion und hohe Festigkeit des Zylinders machen ihn selbst unter rauen Betriebsbedingungen \u00e4u\u00dferst verschlei\u00dffest. Dies macht ihn zur idealen Wahl f\u00fcr den Einsatz in landwirtschaftlichen Ger\u00e4ten, bei denen Langlebigkeit ein entscheidender Faktor ist. Geschwei\u00dfte T-Zylinder erm\u00f6glichen auch die pr\u00e4zise Steuerung vieler landwirtschaftlicher Prozesse wie Pflanzung, Ernte und Bew\u00e4sserung.<\/li>\n<li>\n<h3>Baumaschinen<\/h3>\n<p>Geschwei\u00dfte T-Zylinder werden auch h\u00e4ufig in Baumaschinen wie Baggern, Baggerladern und Bulldozern eingesetzt. Diese Maschinen ben\u00f6tigen leistungsstarke und zuverl\u00e4ssige Hydrauliksysteme, um schwere Aufgaben wie Graben, Heben und Schieben schwerer Lasten zu erf\u00fcllen.<\/p>\n<p>Die hohe Festigkeit und Langlebigkeit des geschwei\u00dften T-Zylinders machen ihn zur idealen Wahl f\u00fcr den Einsatz in Baumaschinen. Seine F\u00e4higkeit, pr\u00e4zise Steuerung und konstante Kraft zu gew\u00e4hrleisten, ist f\u00fcr viele Bauprozesse wie Aushub, Planierung und Stra\u00dfenbau unerl\u00e4sslich. Geschwei\u00dfte T-Zylinder k\u00f6nnen auch zur Regulierung des Fl\u00fcssigkeitsflusses in Hydrauliksystemen eingesetzt werden und verbessern so die Effizienz und Zuverl\u00e4ssigkeit von Baumaschinen in einer Vielzahl von Anwendungen.<\/li>\n<\/ul>\n<h3>\u00dcber FMP<\/h3>\n<p>FMP ist seit \u00fcber 30 Jahren ein etablierter Hersteller von Hydraulikzylindern. Unser Industriegebiet befindet sich in Italien, wo wir \u00fcber 100 Anlagen betreiben, darunter automatische Schutzgasschwei\u00dfmaschinen, Tieflochbohrmaschinen, CNC-Drehmaschinen, Rundschleifmaschinen, automatische Reinigungsmaschinen, automatische Installationsmaschinen, automatische Hydraulikzylinder-Leistungspr\u00fcfst\u00e4nde und automatische Lackierstra\u00dfen.<\/p>\n<p>Zu unseren Hydraulikzylindern geh\u00f6ren der Hydraulikzylinder-Ohrringzylinder, der bidirektionale automatische Teleskop-Hydraulikzylinder und mehr. Jeder Hydraulikzylinder wird einer strengen Verarbeitung und Pr\u00fcfung unterzogen, um unseren Kunden h\u00f6chste Qualit\u00e4t zu gew\u00e4hrleisten.<\/p>\n<p>Unser Unternehmen bietet unseren Kunden mehrere Vorteile, darunter:<\/p>\n<p>1. Design-Service: Unser erfahrenes Design-Team unterst\u00fctzt Sie bei der Entwicklung und Konstruktion von Gelenkwellenprodukten. Wir unterst\u00fctzen Sie gerne bei der Entwicklung neuer Produkte oder der Verbesserung bestehender Produkte.<br \/>\n2. Produktservice: Von den Rohstoffen bis zum Transport \u00fcberwachen wir den gesamten Produktionsprozess, einschlie\u00dflich Schneiden, Grobverarbeitung, Pr\u00fcfung, Reinigung, Montage und Verpackung.<br \/>\n3. Musterprozess: Wir k\u00f6nnen Muster nach Ihren Anforderungen entwickeln und diese st\u00e4ndig an Ihre Bed\u00fcrfnisse anpassen.<br \/>\n4. F&amp;E: Wenn neue Autos auf den Markt kommen, untersuchen wir die neuen Marktbed\u00fcrfnisse und entwickeln entsprechend neue Modelle.<br \/>\n5. Anpassung: Wir akzeptieren Sonderanfertigungen f\u00fcr alle Arten von Hydraulikzylindern.<\/p>\n<p>Bei FMP legen wir Wert darauf, unseren Kunden Produkte und Dienstleistungen h\u00f6chster Qualit\u00e4t zu bieten. W\u00e4hlen Sie uns f\u00fcr Ihre Hydraulikzylinder-Anforderungen und erleben Sie den Unterschied.<\/p>\n<p><img decoding=\"async\" src=\"https:\/\/fmp-components.com\/wp-content\/uploads\/2024\/12\/fmp-factory-4.webp\" alt=\"FMP-Fabrik\" width=\"800\" title=\"\"><br \/>\nAutor: CX<\/p>","protected":false},"excerpt":{"rendered":"<p>The 10023 Hot Selling Mini Hydraulic Piston Cylinder is specifically designed for tractor applications, providing powerful lifting and pushing capabilities in a compact size. This hydraulic cylinder is ideal for various agricultural tasks, making it a must-have for modern farming operations. Key Features: Miniature Design: Compact size allows for easy integration into smaller tractors and [&hellip;]<\/p>","protected":false},"featured_media":1133,"comment_status":"closed","ping_status":"closed","template":"","meta":{"_et_pb_use_builder":"","_et_pb_old_content":"","_et_gb_content_width":""},"product_brand":[],"product_cat":[31],"product_tag":[34,35],"class_list":{"0":"post-943","1":"product","2":"type-product","3":"status-publish","4":"has-post-thumbnail","6":"product_cat-welded-tee-type-cylinder","7":"product_tag-hydraulic-cylinder","8":"product_tag-welded-tee-type-cylinder","10":"first","11":"instock","12":"product-type-simple"},"_links":{"self":[{"href":"https:\/\/fmp-components.com\/de\/wp-json\/wp\/v2\/product\/943","targetHints":{"allow":["GET"]}}],"collection":[{"href":"https:\/\/fmp-components.com\/de\/wp-json\/wp\/v2\/product"}],"about":[{"href":"https:\/\/fmp-components.com\/de\/wp-json\/wp\/v2\/types\/product"}],"replies":[{"embeddable":true,"href":"https:\/\/fmp-components.com\/de\/wp-json\/wp\/v2\/comments?post=943"}],"wp:featuredmedia":[{"embeddable":true,"href":"https:\/\/fmp-components.com\/de\/wp-json\/wp\/v2\/media\/1133"}],"wp:attachment":[{"href":"https:\/\/fmp-components.com\/de\/wp-json\/wp\/v2\/media?parent=943"}],"wp:term":[{"taxonomy":"product_brand","embeddable":true,"href":"https:\/\/fmp-components.com\/de\/wp-json\/wp\/v2\/product_brand?post=943"},{"taxonomy":"product_cat","embeddable":true,"href":"https:\/\/fmp-components.com\/de\/wp-json\/wp\/v2\/product_cat?post=943"},{"taxonomy":"product_tag","embeddable":true,"href":"https:\/\/fmp-components.com\/de\/wp-json\/wp\/v2\/product_tag?post=943"}],"curies":[{"name":"wp","href":"https:\/\/api.w.org\/{rel}","templated":true}]}}