{"id":942,"date":"2024-12-19T03:39:43","date_gmt":"2024-12-19T03:39:43","guid":{"rendered":"https:\/\/fmp-components.com\/product\/10022-china-supplier-small-hydraulic-welded-cylinder-piston-hydraulic-cylinder\/"},"modified":"2024-12-26T08:57:51","modified_gmt":"2024-12-26T08:57:51","slug":"10022-italy-supplier-small-hydraulic-welded-cylinder-piston-hydraulic-cylinder","status":"publish","type":"product","link":"https:\/\/fmp-components.com\/de\/product\/10022-italy-supplier-small-hydraulic-welded-cylinder-piston-hydraulic-cylinder\/","title":{"rendered":"10022 Italien Lieferant Kleiner Hydraulikzylinder mit geschwei\u00dftem Kolben"},"content":{"rendered":"<p>Der kleine, geschwei\u00dfte Hydraulikzylinder 10022 (Hersteller: Italien) ist f\u00fcr kompakte Anwendungen konzipiert, bei denen der Platz begrenzt ist, aber hohe Leistung gefordert ist. Seine robuste Schwei\u00dfkonstruktion gew\u00e4hrleistet Langlebigkeit und Zuverl\u00e4ssigkeit in verschiedenen industriellen und landwirtschaftlichen Bereichen.<\/p>\n<h4>Hauptmerkmale:<\/h4>\n<ul>\n<li><strong>Schwei\u00dfkonstruktion<\/strong>: Dank der hochwertigen Schwei\u00dfkonstruktion wird die Festigkeit erh\u00f6ht und Leckagen verhindert, wodurch es sich ideal f\u00fcr anspruchsvolle Anwendungen eignet.<\/li>\n<li><strong>Kompakte Gr\u00f6\u00dfe<\/strong>Die geringe Stellfl\u00e4che erm\u00f6glicht die Installation auch auf engstem Raum und macht es somit f\u00fcr verschiedene Maschinen und Ger\u00e4te geeignet.<\/li>\n<li><strong>Doppeltwirkende Funktionalit\u00e4t<\/strong>Gew\u00e4hrleistet einen zuverl\u00e4ssigen Betrieb sowohl in der Ausfahr- als auch in der Einfahrphase und sichert so eine pr\u00e4zise Steuerung w\u00e4hrend des Betriebs.<\/li>\n<li><strong>Korrosionsbest\u00e4ndige Oberfl\u00e4che<\/strong>Beschichtet zum Schutz vor Rost und Korrosion, wodurch Langlebigkeit und zuverl\u00e4ssige Leistung im Au\u00dfenbereich gew\u00e4hrleistet werden.<\/li>\n<li><strong>einfache Installation<\/strong>: Konzipiert f\u00fcr die unkomplizierte Integration in bestehende Systeme, um Ausfallzeiten zu minimieren und die Produktivit\u00e4t zu steigern.<\/li>\n<li><img decoding=\"async\" src=\"https:\/\/hzpt.com\/wp-content\/uploads\/2023\/12\/random-3.webp\" alt=\"\" title=\"\"><\/li>\n<\/ul>\n<h4>Vorteile:<\/h4>\n<ul>\n<li><strong>Verbesserte Leistung<\/strong>: Optimiert die Funktionalit\u00e4t der Ger\u00e4te und erm\u00f6glicht reibungslose und effiziente Hebe- und Senkvorg\u00e4nge.<\/li>\n<li><strong>Vielseitige Einsatzm\u00f6glichkeiten<\/strong>Geeignet f\u00fcr ein breites Anwendungsgebiet in der Landwirtschaft, im Bauwesen und im Maschinenbau.<\/li>\n<li><strong>Zuverl\u00e4ssigkeit und Langlebigkeit<\/strong>: Konzipiert, um rauen Bedingungen und hohen Belastungen standzuhalten, wodurch der Wartungsaufwand reduziert und die Lebensdauer verl\u00e4ngert wird.<\/li>\n<\/ul>\n<p>Der kleine, geschwei\u00dfte Hydraulikzylinder 10022 (Hersteller: Italien) ist ein unverzichtbares Bauteil f\u00fcr alle Ger\u00e4te, die eine zuverl\u00e4ssige Hydraulikfunktion in kompakter Bauform ben\u00f6tigen. Seine robuste Konstruktion und sein effizientes Design machen ihn zu einer wertvollen Wahl f\u00fcr vielf\u00e4ltige Anwendungen.<\/p>\n<table border=\"1\"><!-- Insert product details here --><\/table>\n<p>&nbsp;<\/p>\n<p><img decoding=\"async\" src=\"https:\/\/hzpt.com\/wp-content\/uploads\/2023\/12\/random-4.webp\" alt=\"\" title=\"\"><\/p>\n<h2>Vorteile des geschwei\u00dften T-Typ-Zylinders<\/h2>\n<ul>\n<li style=\"list-style-type: none;\">\n<ul>\n<li><strong>Erh\u00f6hte St\u00e4rke:<\/strong> Geschwei\u00dfte T-Zylinder zeichnen sich durch ihre hohe Festigkeit aus und eignen sich daher f\u00fcr Anwendungen, bei denen schwere Lasten gehoben werden m\u00fcssen. Das bei der Herstellung dieser Zylinder verwendete Schwei\u00dfverfahren stellt sicher, dass der Zylinder keine Schwachstellen aufweist und hohem Druck und hoher Belastung standh\u00e4lt.<\/li>\n<\/ul>\n<\/li>\n<\/ul>\n<p>Wenn Druck auf den Zylinder ausge\u00fcbt wird, verteilt sich dieser gleichm\u00e4\u00dfig \u00fcber die gesamte Oberfl\u00e4che und macht ihn so verformungsbest\u00e4ndig. Diese Eigenschaft stellt sicher, dass der Zylinder auch unter extremen Bedingungen seine Form und strukturelle Integrit\u00e4t beh\u00e4lt.<\/p>\n<ul>\n<li style=\"list-style-type: none;\">\n<ul>\n<li><strong>Leckageschutz:<\/strong> Geschwei\u00dfte T-Flaschen verhindern Leckagen. Das Schwei\u00dfverfahren bei der Herstellung gew\u00e4hrleistet die vollst\u00e4ndige Abdichtung des Zylinders und verhindert m\u00f6gliche Leckagen. Dadurch eignen sie sich f\u00fcr Anwendungen, bei denen Leckagen schwere Sch\u00e4den oder Verletzungen verursachen k\u00f6nnen.<\/li>\n<\/ul>\n<\/li>\n<\/ul>\n<p>Die Schwei\u00dfverbindungen sind glatt und weisen keine Spalten oder Rillen auf, in denen sich Ablagerungen oder Schmutz ansammeln k\u00f6nnen. Dadurch wird das Risiko von Korrosion und Besch\u00e4digung des Zylinders verringert.<\/p>\n<ul>\n<li style=\"list-style-type: none;\">\n<ul>\n<li><strong>Anpassbar:<\/strong> Geschwei\u00dfte T-Zylinder k\u00f6nnen an spezifische Anwendungen angepasst werden. Die Zylinder sind in verschiedenen Gr\u00f6\u00dfen und Formen erh\u00e4ltlich und k\u00f6nnen so gefertigt werden, dass sie den spezifischen Anforderungen der Anwendung entsprechen.<\/li>\n<\/ul>\n<\/li>\n<\/ul>\n<p>Durch die individuelle Anpassung kann die Leistung des Zylinders optimiert und sichergestellt werden, dass er f\u00fcr die vorgesehene Anwendung geeignet ist. Dadurch eignen sich geschwei\u00dfte T-Zylinder ideal f\u00fcr den Einsatz in verschiedenen industriellen Anwendungen, darunter im Baugewerbe, im Bergbau und in der Materialhandhabung.<\/p>\n<ul>\n<li style=\"list-style-type: none;\">\n<ul>\n<li><strong>Kosteng\u00fcnstig:<\/strong> Geschwei\u00dfte T-Zylinder sind im Vergleich zu anderen Zylindertypen kosteng\u00fcnstig. Der Herstellungsprozess dieser Zylinder ist einfach und daher weniger kostspielig als bei anderen Zylindertypen.<\/li>\n<\/ul>\n<\/li>\n<\/ul>\n<p>Dar\u00fcber hinaus reduzieren die hohe Festigkeit und Langlebigkeit geschwei\u00dfter T-Zylinder den Bedarf an h\u00e4ufigen Reparaturen und Austauschvorg\u00e4ngen und senken so die Wartungskosten. Diese Eigenschaft macht sie zu einer beliebten Wahl f\u00fcr viele Branchen, insbesondere f\u00fcr diejenigen mit begrenztem Budget.<\/p>\n<ul>\n<li style=\"list-style-type: none;\">\n<ul>\n<li><strong>Erh\u00f6hte Effizienz:<\/strong> Geschwei\u00dfte T-Zylinder sind hocheffizient und effektiv. Die Konstruktion des Zylinders sorgt daf\u00fcr, dass die aufgebrachte Kraft direkt auf die Last \u00fcbertragen wird, wodurch Energieverluste reduziert und die Effizienz gesteigert werden.<\/li>\n<\/ul>\n<\/li>\n<\/ul>\n<p>Die Schwei\u00dfverbindungen sind stark und steif, minimieren die Durchbiegung und gew\u00e4hrleisten, dass der Zylinder auch unter extremen Bedingungen seine Form und strukturelle Integrit\u00e4t beh\u00e4lt. Diese Eigenschaft macht geschwei\u00dfte T-Zylinder ideal f\u00fcr Anwendungen, die hohe Effizienz und Zuverl\u00e4ssigkeit erfordern.<\/p>\n<h2>Anwendung von geschwei\u00dften T-Typ-Zylindern<\/h2>\n<h3>Einf\u00fchrung<\/h3>\n<p>Geschwei\u00dfte T-St\u00fcck-Zylinder sind Hydraulikzylinder, die h\u00e4ufig in industriellen Anwendungen eingesetzt werden. Sie bieten hohe Kraftleistung in einem kompakten und kosteng\u00fcnstigen Geh\u00e4use. Dieser Zylindertyp besteht aus einem geschwei\u00dften T-St\u00fcck und einer daran befestigten Kolbenstange. Das T-St\u00fcck ist mit dem Zylinderrohr verbunden und enth\u00e4lt einen Kolben, der sich im Zylinderrohr hin und her bewegt, um Kraft zu erzeugen.<\/p>\n<h3>Vorteile des geschwei\u00dften T-Typ-Zylinders<\/h3>\n<p>Die Verwendung eines geschwei\u00dften T-Zylinders in industriellen Anwendungen bietet mehrere Vorteile:<\/p>\n<ul>\n<li><b>Kompaktes Design:<\/b> Geschwei\u00dfte T-Zylinder sind kompakt konstruiert und daher ideal f\u00fcr den Einsatz in Anwendungen mit begrenztem Platzangebot.<\/li>\n<li><b>Hohe Effizienz:<\/b> Geschwei\u00dfte T-Zylinder sind hocheffizient, das hei\u00dft, sie k\u00f6nnen mit minimalem Energieeinsatz eine gro\u00dfe Kraft erzeugen.<\/li>\n<li><b>Dauerhaft:<\/b> Geschwei\u00dfte T-Zylinder sind auf hohe Haltbarkeit ausgelegt, das hei\u00dft, sie halten rauen Betriebsbedingungen stand und sind sehr langlebig.<\/li>\n<li><b>Kosteng\u00fcnstig:<\/b> Geschwei\u00dfte T-Zylinder sind kosteng\u00fcnstig und bieten daher ein gutes Preis-Leistungs-Verh\u00e4ltnis.<\/li>\n<\/ul>\n<h3>Anwendungen von geschwei\u00dften T-Zylindern<\/h3>\n<p>Es gibt viele Anwendungen f\u00fcr geschwei\u00dfte T-Zylinder in verschiedenen Branchen, darunter:<\/p>\n<ul>\n<li><b>Herstellung:<\/b> Geschwei\u00dfte T-Zylinder werden in der Fertigung zum Betreiben von Maschinen, zum Bewegen schwerer Lasten und zum Formen von Metallteilen verwendet.<\/li>\n<li><b>Landwirtschaft:<\/b> Geschwei\u00dfte T-Zylinder werden in der Landwirtschaft zum Betreiben von Hydrauliksystemen an Traktoren, Erntemaschinen und anderen landwirtschaftlichen Ger\u00e4ten verwendet.<\/li>\n<li><b>Konstruktion:<\/b> Geschwei\u00dfte T-Zylinder werden im Bauwesen zum Betreiben von Maschinen wie Kr\u00e4nen, Baggern und L\u00f6ffelbaggern verwendet.<\/li>\n<li><b>Bergbau:<\/b> Geschwei\u00dfte T-Zylinder werden im Bergbau zum Betreiben von Hydrauliksystemen an schweren Ger\u00e4ten wie Bulldozern, Ladern und Gesteinsbohrern verwendet.<\/li>\n<li><b>Transport:<\/b> Geschwei\u00dfte T-Zylinder werden im Transportwesen zum Betreiben von Hydrauliksystemen in Lastkraftwagen, Bussen und anderen Fahrzeugen verwendet.<\/li>\n<\/ul>\n<h3>Abschluss<\/h3>\n<p>Zusammenfassend l\u00e4sst sich sagen, dass geschwei\u00dfte T-Zylinder eine wichtige Komponente in vielen industriellen Anwendungen sind. Sie sind kompakt, effizient, langlebig und kosteng\u00fcnstig und eignen sich daher ideal f\u00fcr ein breites Anwendungsspektrum. Ob Sie Maschinen in einer Produktionsanlage, landwirtschaftliche Ger\u00e4te auf einem Bauernhof oder schweres Ger\u00e4t in einem Bergwerk bedienen \u2013 geschwei\u00dfte T-Zylinder helfen Ihnen, Ihre Arbeit effizient und effektiv zu erledigen.<\/p>\n<h3>\u00dcber FMP<\/h3>\n<p>FMP, seit \u00fcber 30 Jahren etabliert, ist ein f\u00fchrender Hersteller und Lieferant von Hydraulikzylindern. Unser Produktionsstandort in Italien ist mit \u00fcber 100 hochmodernen Anlagen ausgestattet, darunter automatische Schutzgasschwei\u00dfanlagen, Tieflochbohrmaschinen, CNC-Drehmaschinen, Rundschleifmaschinen, automatische Reinigungsmaschinen, automatische Montageanlagen, automatische Pr\u00fcfst\u00e4nde f\u00fcr Hydraulikzylinder und automatische Lackieranlagen.<\/p>\n<p><img decoding=\"async\" src=\"https:\/\/fmp-components.com\/wp-content\/uploads\/2024\/12\/fmp-factory-4.webp\" alt=\"FMP-Fabrik\" width=\"800\" title=\"\"><\/p>\n<p>Wir sind stolz auf unsere strengen Bearbeitungs- und Pr\u00fcfverfahren, die sicherstellen, dass jeder Hydraulikzylinder einer gr\u00fcndlichen Pr\u00fcfung unterzogen wird, um unseren Kunden eine au\u00dfergew\u00f6hnliche Qualit\u00e4t zu garantieren.<\/p>\n<ol>\n<li><strong>Design-Service:<\/strong> Unser erfahrenes Konstruktionsteam ist mit der Entwicklung und Konstruktion von Universalwellen bestens vertraut. Ob Sie neue Produkte ben\u00f6tigen oder bestehende optimieren m\u00f6chten \u2013 wir unterst\u00fctzen Sie gerne.<\/li>\n<li><strong>Produktservice:<\/strong> Unser umfassender Produktservice deckt den gesamten Produktionsprozess ab, von den Rohmaterialien \u00fcber Zuschnitt, Vorbearbeitung, Pr\u00fcfung, Reinigung, Montage, Verpackung bis hin zum Transport.<\/li>\n<li><strong>Beispielprozess:<\/strong> Wir bieten Ihnen die Entwicklung individueller Muster nach Ihren Vorgaben. Wir passen die Muster fortlaufend an Ihre spezifischen Bed\u00fcrfnisse an und stellen so sicher, dass das Endprodukt Ihren Erwartungen entspricht.<\/li>\n<li><strong>Forschung und Entwicklung:<\/strong> Da sich Markttrends stetig weiterentwickeln, bleiben wir Innovationsf\u00fchrer. Wir analysieren eingehend neue Marktanforderungen und entwickeln neue Hydraulikzylindermodelle, um den sich st\u00e4ndig \u00e4ndernden Bed\u00fcrfnissen unserer Kunden gerecht zu werden.<\/li>\n<li><strong>Anpassung:<\/strong> Wir bei FMP sind auf die Herstellung und den Vertrieb verschiedener Arten von Hydraulikzylindern spezialisiert. Wir legen gro\u00dfen Wert darauf, unsere Produkte individuell an die Bed\u00fcrfnisse unserer Kunden anzupassen. Von der Entwicklung bis zur Produktion strebt unser Team danach, L\u00f6sungen zu liefern, die die Erwartungen \u00fcbertreffen.<\/li>\n<\/ol>\n<p>Mit unserem umfangreichen Sortiment an hochwertigen Produkten und unserem Engagement f\u00fcr Kundenzufriedenheit laden wir Sie zur Zusammenarbeit mit FMP ein. Erleben Sie unsere herausragenden Produkte und Dienstleistungen und entdecken Sie, warum wir die erste Wahl in der Branche sind.<\/p>\n<p>Autor: CX<\/p>","protected":false},"excerpt":{"rendered":"<p>The 10022 Italy Supplier Small Hydraulic Welded Cylinder Piston Hydraulic Cylinder is designed for compact applications where space is limited but performance is essential. This hydraulic cylinder features a robust welded construction, ensuring durability and reliability in various industrial and agricultural uses. Key Features: Welded Construction: Built with high-quality welded design to enhance strength and [&hellip;]<\/p>","protected":false},"featured_media":1132,"comment_status":"closed","ping_status":"closed","template":"","meta":{"_et_pb_use_builder":"","_et_pb_old_content":"","_et_gb_content_width":""},"product_brand":[],"product_cat":[31],"product_tag":[34,35],"class_list":{"0":"post-942","1":"product","2":"type-product","3":"status-publish","4":"has-post-thumbnail","6":"product_cat-welded-tee-type-cylinder","7":"product_tag-hydraulic-cylinder","8":"product_tag-welded-tee-type-cylinder","10":"first","11":"instock","12":"product-type-simple"},"_links":{"self":[{"href":"https:\/\/fmp-components.com\/de\/wp-json\/wp\/v2\/product\/942","targetHints":{"allow":["GET"]}}],"collection":[{"href":"https:\/\/fmp-components.com\/de\/wp-json\/wp\/v2\/product"}],"about":[{"href":"https:\/\/fmp-components.com\/de\/wp-json\/wp\/v2\/types\/product"}],"replies":[{"embeddable":true,"href":"https:\/\/fmp-components.com\/de\/wp-json\/wp\/v2\/comments?post=942"}],"wp:featuredmedia":[{"embeddable":true,"href":"https:\/\/fmp-components.com\/de\/wp-json\/wp\/v2\/media\/1132"}],"wp:attachment":[{"href":"https:\/\/fmp-components.com\/de\/wp-json\/wp\/v2\/media?parent=942"}],"wp:term":[{"taxonomy":"product_brand","embeddable":true,"href":"https:\/\/fmp-components.com\/de\/wp-json\/wp\/v2\/product_brand?post=942"},{"taxonomy":"product_cat","embeddable":true,"href":"https:\/\/fmp-components.com\/de\/wp-json\/wp\/v2\/product_cat?post=942"},{"taxonomy":"product_tag","embeddable":true,"href":"https:\/\/fmp-components.com\/de\/wp-json\/wp\/v2\/product_tag?post=942"}],"curies":[{"name":"wp","href":"https:\/\/api.w.org\/{rel}","templated":true}]}}