{"id":941,"date":"2024-12-19T03:39:43","date_gmt":"2024-12-19T03:39:43","guid":{"rendered":"https:\/\/fmp-components.com\/product\/10021-hot-sale-customized-hydraulic-cylinder-for-agriculture\/"},"modified":"2024-12-19T08:54:09","modified_gmt":"2024-12-19T08:54:09","slug":"10021-hot-sale-customized-hydraulic-cylinder-for-agriculture","status":"publish","type":"product","link":"https:\/\/fmp-components.com\/de\/product\/10021-hot-sale-customized-hydraulic-cylinder-for-agriculture\/","title":{"rendered":"10021 Hei\u00dfer Verkauf Kundenspezifischer Hydraulikzylinder f\u00fcr die Landwirtschaft"},"content":{"rendered":"<p>Der speziell f\u00fcr landwirtschaftliche Anwendungen entwickelte Hydraulikzylinder 10021 bietet ma\u00dfgeschneiderte L\u00f6sungen f\u00fcr die vielf\u00e4ltigen Bed\u00fcrfnisse von Landwirten. Er vereint robuste Bauweise mit individuell anpassbaren Funktionen und gew\u00e4hrleistet so optimale Leistung bei verschiedenen landwirtschaftlichen Aufgaben.<\/p>\n<h4>Hauptmerkmale:<\/h4>\n<ul>\n<li><strong>Kundenspezifisches Design<\/strong>: Zugeschnitten auf spezifische Anforderungen, wodurch die Kompatibilit\u00e4t mit einer breiten Palette von landwirtschaftlichen Ger\u00e4ten und Maschinen gew\u00e4hrleistet wird.<\/li>\n<li><strong>Hochwertige Konstruktion<\/strong>Hergestellt aus robusten Materialien, um Langlebigkeit und Zuverl\u00e4ssigkeit zu gew\u00e4hrleisten und den Belastungen des landwirtschaftlichen Einsatzes standzuhalten.<\/li>\n<li><strong>Doppeltwirkender Mechanismus<\/strong>Gew\u00e4hrleistet einen effizienten Betrieb sowohl beim Ausfahren als auch beim Einfahren und erm\u00f6glicht so eine pr\u00e4zise Steuerung beim Heben und Senken.<\/li>\n<li><strong>Korrosionsbest\u00e4ndige Beschichtung<\/strong>Mit Schutzlackierungen behandelt, um Rost und Korrosion zu verhindern und so eine lange Lebensdauer auch im Au\u00dfenbereich zu gew\u00e4hrleisten.<\/li>\n<li><strong>Einfache Installation<\/strong>: Konzipiert f\u00fcr die unkomplizierte Integration in bestehende landwirtschaftliche Systeme, um Ausfallzeiten zu minimieren und die Produktivit\u00e4t zu steigern.<\/li>\n<\/ul>\n<p><img loading=\"lazy\" decoding=\"async\" class=\"size-full wp-image-977 aligncenter\" src=\"https:\/\/fmp-components.com\/wp-content\/uploads\/2024\/12\/Welded-Tee-Type-Cylinder3.webp\" alt=\"Geschwei\u00dfter T-Typ-Zylinder\" width=\"653\" height=\"600\" title=\"\" srcset=\"https:\/\/fmp-components.com\/wp-content\/uploads\/2024\/12\/Welded-Tee-Type-Cylinder3.webp 653w, https:\/\/fmp-components.com\/wp-content\/uploads\/2024\/12\/Welded-Tee-Type-Cylinder3-480x441.webp 480w\" sizes=\"(min-width: 0px) and (max-width: 480px) 480px, (min-width: 481px) 653px, 100vw\" \/><\/p>\n<h4>Vorteile:<\/h4>\n<ul>\n<li><strong>Verbesserte Effizienz<\/strong>: Optimiert die Leistung landwirtschaftlicher Maschinen und erm\u00f6glicht so einen reibungslosen und effektiven Betrieb auf dem Feld.<\/li>\n<li><strong>Vielseitige Einsatzm\u00f6glichkeiten<\/strong>Geeignet f\u00fcr eine Vielzahl von Aufgaben, einschlie\u00dflich Heben, Schieben und Ziehen, ist es eine vielseitige Wahl f\u00fcr Landwirte.<\/li>\n<li><strong>Kosteng\u00fcnstige L\u00f6sung<\/strong>Bietet hohe Leistung zu einem wettbewerbsf\u00e4higen Preis und gew\u00e4hrleistet so ein ausgezeichnetes Preis-Leistungs-Verh\u00e4ltnis.<\/li>\n<\/ul>\n<p>Der kundenspezifisch anpassbare Hydraulikzylinder 10021 ist ein unverzichtbarer Bestandteil moderner Landwirtschaftsbetriebe und zeichnet sich durch zuverl\u00e4ssige Leistung und Anpassungsf\u00e4higkeit aus. Seine robuste Konstruktion und die vielf\u00e4ltigen Anpassungsm\u00f6glichkeiten machen ihn zu einer wertvollen Erg\u00e4nzung f\u00fcr jeden Landmaschinenpark.<\/p>\n<h2>Vorteile des geschwei\u00dften T-Typ-Zylinders<\/h2>\n<ul>\n<li style=\"list-style-type: none;\">\n<ul>\n<li><strong>Erh\u00f6hte St\u00e4rke:<\/strong> Geschwei\u00dfte T-Zylinder zeichnen sich durch ihre hohe Festigkeit aus und eignen sich daher f\u00fcr Anwendungen, bei denen schwere Lasten gehoben werden m\u00fcssen. Das bei der Herstellung dieser Zylinder verwendete Schwei\u00dfverfahren stellt sicher, dass der Zylinder keine Schwachstellen aufweist und hohem Druck und hoher Belastung standh\u00e4lt.<\/li>\n<\/ul>\n<\/li>\n<\/ul>\n<p>Wenn Druck auf den Zylinder ausge\u00fcbt wird, verteilt sich dieser gleichm\u00e4\u00dfig \u00fcber die gesamte Oberfl\u00e4che und macht ihn so verformungsbest\u00e4ndig. Diese Eigenschaft stellt sicher, dass der Zylinder auch unter extremen Bedingungen seine Form und strukturelle Integrit\u00e4t beh\u00e4lt.<\/p>\n<ul>\n<li style=\"list-style-type: none;\">\n<ul>\n<li><strong>Leckageschutz:<\/strong> Geschwei\u00dfte T-Flaschen verhindern Leckagen. Das Schwei\u00dfverfahren bei der Herstellung gew\u00e4hrleistet die vollst\u00e4ndige Abdichtung des Zylinders und verhindert m\u00f6gliche Leckagen. Dadurch eignen sie sich f\u00fcr Anwendungen, bei denen Leckagen schwere Sch\u00e4den oder Verletzungen verursachen k\u00f6nnen.<\/li>\n<\/ul>\n<\/li>\n<\/ul>\n<p>Die Schwei\u00dfverbindungen sind glatt und weisen keine Spalten oder Rillen auf, in denen sich Ablagerungen oder Schmutz ansammeln k\u00f6nnen. Dadurch wird das Risiko von Korrosion und Besch\u00e4digung des Zylinders verringert.<\/p>\n<ul>\n<li style=\"list-style-type: none;\">\n<ul>\n<li><strong>Anpassbar:<\/strong> Geschwei\u00dfte T-Zylinder k\u00f6nnen an spezifische Anwendungen angepasst werden. Die Zylinder sind in verschiedenen Gr\u00f6\u00dfen und Formen erh\u00e4ltlich und k\u00f6nnen so gefertigt werden, dass sie den spezifischen Anforderungen der Anwendung entsprechen.<\/li>\n<\/ul>\n<\/li>\n<\/ul>\n<p>Durch die individuelle Anpassung kann die Leistung des Zylinders optimiert und sichergestellt werden, dass er f\u00fcr die vorgesehene Anwendung geeignet ist. Dadurch eignen sich geschwei\u00dfte T-Zylinder ideal f\u00fcr den Einsatz in verschiedenen industriellen Anwendungen, darunter im Baugewerbe, im Bergbau und in der Materialhandhabung.<\/p>\n<ul>\n<li style=\"list-style-type: none;\">\n<ul>\n<li><strong>Kosteng\u00fcnstig:<\/strong> Geschwei\u00dfte T-Zylinder sind im Vergleich zu anderen Zylindertypen kosteng\u00fcnstig. Der Herstellungsprozess dieser Zylinder ist einfach und daher weniger kostspielig als bei anderen Zylindertypen.<\/li>\n<\/ul>\n<\/li>\n<\/ul>\n<p>Dar\u00fcber hinaus reduzieren die hohe Festigkeit und Langlebigkeit geschwei\u00dfter T-Zylinder den Bedarf an h\u00e4ufigen Reparaturen und Austauschvorg\u00e4ngen und senken so die Wartungskosten. Diese Eigenschaft macht sie zu einer beliebten Wahl f\u00fcr viele Branchen, insbesondere f\u00fcr diejenigen mit begrenztem Budget.<\/p>\n<ul>\n<li style=\"list-style-type: none;\">\n<ul>\n<li><strong>Erh\u00f6hte Effizienz:<\/strong> Geschwei\u00dfte T-Zylinder sind hocheffizient und effektiv. Die Konstruktion des Zylinders sorgt daf\u00fcr, dass die aufgebrachte Kraft direkt auf die Last \u00fcbertragen wird, wodurch Energieverluste reduziert und die Effizienz gesteigert werden.<\/li>\n<\/ul>\n<\/li>\n<\/ul>\n<p>Die Schwei\u00dfverbindungen sind stark und steif, minimieren die Durchbiegung und gew\u00e4hrleisten, dass der Zylinder auch unter extremen Bedingungen seine Form und strukturelle Integrit\u00e4t beh\u00e4lt. Diese Eigenschaft macht geschwei\u00dfte T-Zylinder ideal f\u00fcr Anwendungen, die hohe Effizienz und Zuverl\u00e4ssigkeit erfordern.<\/p>\n<h2>Anwendung von geschwei\u00dften T-Typ-Zylindern<\/h2>\n<h3>Einf\u00fchrung<\/h3>\n<p>Geschwei\u00dfte T-St\u00fcck-Zylinder sind Hydraulikzylinder, die h\u00e4ufig in industriellen Anwendungen eingesetzt werden. Sie bieten hohe Kraftleistung in einem kompakten und kosteng\u00fcnstigen Geh\u00e4use. Dieser Zylindertyp besteht aus einem geschwei\u00dften T-St\u00fcck und einer daran befestigten Kolbenstange. Das T-St\u00fcck ist mit dem Zylinderrohr verbunden und enth\u00e4lt einen Kolben, der sich im Zylinderrohr hin und her bewegt, um Kraft zu erzeugen.<\/p>\n<h3>Vorteile des geschwei\u00dften T-Typ-Zylinders<\/h3>\n<p>Die Verwendung eines geschwei\u00dften T-Zylinders in industriellen Anwendungen bietet mehrere Vorteile:<\/p>\n<ul>\n<li><b>Kompaktes Design:<\/b> Geschwei\u00dfte T-Zylinder sind kompakt konstruiert und daher ideal f\u00fcr den Einsatz in Anwendungen mit begrenztem Platzangebot.<\/li>\n<li><b>Hohe Effizienz:<\/b> Geschwei\u00dfte T-Zylinder sind hocheffizient, das hei\u00dft, sie k\u00f6nnen mit minimalem Energieeinsatz eine gro\u00dfe Kraft erzeugen.<\/li>\n<li><b>Dauerhaft:<\/b> Geschwei\u00dfte T-Zylinder sind auf hohe Haltbarkeit ausgelegt, das hei\u00dft, sie halten rauen Betriebsbedingungen stand und sind sehr langlebig.<\/li>\n<li><b>Kosteng\u00fcnstig:<\/b> Geschwei\u00dfte T-Zylinder sind kosteng\u00fcnstig und bieten daher ein gutes Preis-Leistungs-Verh\u00e4ltnis.<\/li>\n<\/ul>\n<p><img loading=\"lazy\" decoding=\"async\" class=\"alignnone size-full wp-image-974\" src=\"https:\/\/fmp-components.com\/wp-content\/uploads\/2024\/12\/application-of-Welded-Tee-Type-Cylinder.webp\" alt=\"Anwendung von geschwei\u00dften T-Zylindern\" width=\"760\" height=\"860\" title=\"\" srcset=\"https:\/\/fmp-components.com\/wp-content\/uploads\/2024\/12\/application-of-Welded-Tee-Type-Cylinder.webp 760w, https:\/\/fmp-components.com\/wp-content\/uploads\/2024\/12\/application-of-Welded-Tee-Type-Cylinder-480x543.webp 480w\" sizes=\"(min-width: 0px) and (max-width: 480px) 480px, (min-width: 481px) 760px, 100vw\" \/><\/p>\n<h3>Anwendungen von geschwei\u00dften T-Zylindern<\/h3>\n<p>Es gibt viele Anwendungen f\u00fcr geschwei\u00dfte T-Zylinder in verschiedenen Branchen, darunter:<\/p>\n<ul>\n<li><b>Herstellung:<\/b> Geschwei\u00dfte T-Zylinder werden in der Fertigung zum Betreiben von Maschinen, zum Bewegen schwerer Lasten und zum Formen von Metallteilen verwendet.<\/li>\n<li><b>Landwirtschaft:<\/b> Geschwei\u00dfte T-Zylinder werden in der Landwirtschaft zum Betreiben von Hydrauliksystemen an Traktoren, Erntemaschinen und anderen landwirtschaftlichen Ger\u00e4ten verwendet.<\/li>\n<li><b>Konstruktion:<\/b> Geschwei\u00dfte T-Zylinder werden im Bauwesen zum Betreiben von Maschinen wie Kr\u00e4nen, Baggern und L\u00f6ffelbaggern verwendet.<\/li>\n<li><b>Bergbau:<\/b> Geschwei\u00dfte T-Zylinder werden im Bergbau zum Betreiben von Hydrauliksystemen an schweren Ger\u00e4ten wie Bulldozern, Ladern und Gesteinsbohrern verwendet.<\/li>\n<li><b>Transport:<\/b> Geschwei\u00dfte T-Zylinder werden im Transportwesen zum Betreiben von Hydrauliksystemen in Lastkraftwagen, Bussen und anderen Fahrzeugen verwendet.<\/li>\n<\/ul>\n<p>Zusammenfassend l\u00e4sst sich sagen, dass geschwei\u00dfte T-Zylinder eine wichtige Komponente in vielen industriellen Anwendungen sind. Sie sind kompakt, effizient, langlebig und kosteng\u00fcnstig und eignen sich daher ideal f\u00fcr ein breites Anwendungsspektrum. Ob Sie Maschinen in einer Produktionsanlage, landwirtschaftliche Ger\u00e4te auf einem Bauernhof oder schweres Ger\u00e4t in einem Bergwerk bedienen \u2013 geschwei\u00dfte T-Zylinder helfen Ihnen, Ihre Arbeit effizient und effektiv zu erledigen.<\/p>\n<h3>\u00dcber FMP<\/h3>\n<p>FMP ist ein f\u00fchrender Hersteller hochwertiger Hydraulikzylinder mit \u00fcber 30 Jahren Branchenerfahrung. Unser Produktionsstandort befindet sich in Italien und umfasst mehr als 100 Anlagen, darunter automatische Schutzgasschwei\u00dfanlagen, Tieflochbohrmaschinen, CNC-Drehmaschinen, Rundschleifmaschinen, automatische Reinigungs- und Montageanlagen, automatische Pr\u00fcfst\u00e4nde f\u00fcr Hydraulikzylinder und automatische Lackieranlagen.<\/p>\n<p>Wir bieten verschiedene Arten von Hydraulikzylindern an, darunter Hydraulikzylinder mit Ohrringbefestigung, bidirektionale automatische Teleskop-Hydraulikzylinder und mehr. Alle unsere Produkte werden einer strengen Bearbeitung und Pr\u00fcfung unterzogen, um unseren Kunden h\u00f6chste Qualit\u00e4t zu garantieren.<\/p>\n<h4>Unsere Leistungen und Vorteile<\/h4>\n<ol>\n<li><strong>Design-Service:<\/strong> Unser Designteam verf\u00fcgt \u00fcber umfangreiche Erfahrung in der Entwicklung und Konstruktion von Universalwellen. Wir unterst\u00fctzen Sie gerne bei der Entwicklung neuer Produkte oder bei der Optimierung Ihrer bestehenden Produkte.<\/li>\n<li><strong>Produktservice:<\/strong> Unser Produktionsprozess umfasst die Auswahl der Rohmaterialien, das Zuschneiden, die Vorbearbeitung, die Pr\u00fcfung, die Reinigung, die Montage, die Verpackung und den Transport, um sicherzustellen, dass unsere Produkte h\u00f6chsten Qualit\u00e4tsstandards entsprechen.<\/li>\n<li><strong>Beispielprozess:<\/strong> Wir k\u00f6nnen Muster nach Ihren Vorgaben entwickeln und diese fortlaufend an Ihre Bed\u00fcrfnisse anpassen. So erhalten Sie genau das Produkt, das Sie f\u00fcr Ihre spezifische Anwendung ben\u00f6tigen.<\/li>\n<li><strong>Forschung und Entwicklung:<\/strong> Unser Team analysiert kontinuierlich den Markt, um neue Modelle zu entwickeln, die den sich wandelnden Bed\u00fcrfnissen gerecht werden. So stellen wir sicher, dass wir der Branche stets einen Schritt voraus sind und unseren Kunden die neuesten und besten Produkte anbieten k\u00f6nnen.<\/li>\n<li><strong>Anpassung:<\/strong> Wir nehmen Sonderanfertigungen entgegen und fertigen Hydraulikzylinder exakt nach Ihren Vorgaben. Dank unserer umfangreichen Ausstattung und unseres professionellen Teams k\u00f6nnen wir jedem Kunden eine ma\u00dfgeschneiderte L\u00f6sung anbieten.<\/li>\n<\/ol>\n<p>Mit FMP entscheiden Sie sich f\u00fcr hochwertige Hydraulikzylinder, die mit gr\u00f6\u00dfter Sorgfalt entwickelt und gefertigt werden. Kontaktieren Sie uns, um mehr dar\u00fcber zu erfahren, wie wir Sie bei Ihren Anforderungen an Hydraulikzylinder unterst\u00fctzen k\u00f6nnen.<\/p>\n<p><img decoding=\"async\" src=\"https:\/\/fmp-components.com\/wp-content\/uploads\/2024\/12\/fmp-factory-4.webp\" alt=\"FMP-Fabrik\" width=\"800\" title=\"\"><br \/>\nAutor: CX<\/p>","protected":false},"excerpt":{"rendered":"<p>The 10021 Hot Sale Customized Hydraulic Cylinder is specifically designed for agricultural applications, providing tailored solutions to meet the diverse needs of farmers. This hydraulic cylinder combines robust construction with customizable features, ensuring optimal performance in various farming tasks. Key Features: Customized Design: Tailored to meet specific requirements, facilitating compatibility with a wide range of [&hellip;]<\/p>","protected":false},"featured_media":1132,"comment_status":"closed","ping_status":"closed","template":"","meta":{"_et_pb_use_builder":"","_et_pb_old_content":"","_et_gb_content_width":""},"product_brand":[],"product_cat":[31],"product_tag":[34,35],"class_list":{"0":"post-941","1":"product","2":"type-product","3":"status-publish","4":"has-post-thumbnail","6":"product_cat-welded-tee-type-cylinder","7":"product_tag-hydraulic-cylinder","8":"product_tag-welded-tee-type-cylinder","10":"first","11":"instock","12":"product-type-simple"},"_links":{"self":[{"href":"https:\/\/fmp-components.com\/de\/wp-json\/wp\/v2\/product\/941","targetHints":{"allow":["GET"]}}],"collection":[{"href":"https:\/\/fmp-components.com\/de\/wp-json\/wp\/v2\/product"}],"about":[{"href":"https:\/\/fmp-components.com\/de\/wp-json\/wp\/v2\/types\/product"}],"replies":[{"embeddable":true,"href":"https:\/\/fmp-components.com\/de\/wp-json\/wp\/v2\/comments?post=941"}],"wp:featuredmedia":[{"embeddable":true,"href":"https:\/\/fmp-components.com\/de\/wp-json\/wp\/v2\/media\/1132"}],"wp:attachment":[{"href":"https:\/\/fmp-components.com\/de\/wp-json\/wp\/v2\/media?parent=941"}],"wp:term":[{"taxonomy":"product_brand","embeddable":true,"href":"https:\/\/fmp-components.com\/de\/wp-json\/wp\/v2\/product_brand?post=941"},{"taxonomy":"product_cat","embeddable":true,"href":"https:\/\/fmp-components.com\/de\/wp-json\/wp\/v2\/product_cat?post=941"},{"taxonomy":"product_tag","embeddable":true,"href":"https:\/\/fmp-components.com\/de\/wp-json\/wp\/v2\/product_tag?post=941"}],"curies":[{"name":"wp","href":"https:\/\/api.w.org\/{rel}","templated":true}]}}